{"id":8449,"date":"2025-11-27T15:52:42","date_gmt":"2025-11-27T13:52:42","guid":{"rendered":"https:\/\/kuurojenliitto.fi\/yhdistyshuone\/?page_id=8449"},"modified":"2025-11-27T15:55:46","modified_gmt":"2025-11-27T13:55:46","slug":"forbundsmotet-2026","status":"publish","type":"page","link":"https:\/\/kuurojenliitto.fi\/yhdistyshuone\/sv\/forbundsmotet-2026\/","title":{"rendered":"F\u00f6rbundsm\u00f6tet 2026"},"content":{"rendered":"\n\n<section id=\"column-block_3f560f69a0638f9d3a91f658d0af61b3\" class=\"section-default ingress px-4 sm:px-4 md:px-8 lg:px-12 xl:px-24\">\n    <div class=\"flex pb-4\">\n                      <div class=\"w-full text-lg\">\n                  <p>F\u00f6rhandsmeddelande om f\u00f6rbundsm\u00f6tet 2026.<\/p>\n        <\/div>\n            \n    <\/div>\n\n<\/section>\n\n\n\n<section id=\"column-block_18753370bfc52074af0d0b540769c4a6\" class=\"px-4 sm:px-4 md:px-8 lg:px-12 xl:px-24 section-default \">\n\n            <div class=\"relative py-4 gridder\">\n                        <div id=\"stickier\" class=\"b z-10 flex flex-row flex-wrap  mb-6 top-0 relative\">\n\n          <div class=\"x-tabs w-full\" x-data=\"{ activeTab: 0 }\">\n                    <div :class=\"{ 'hidden': activeTab !== 0 }\" tabindex=\"0\" role=\"tabpanel\" id=\"tab-0\" aria-labelledby=\"label-0\" class=\"bg-white\">\n                            \n    <figure class=\"relative\">\n      <img decoding=\"async\" src=\"https:\/\/kuurojenliitto.fi\/yhdistyshuone\/wp-content\/uploads\/sites\/11\/2020\/03\/KL-LOGO-SVE-DRUPAL.png\" alt=\"\">\n    <\/figure>\n                                        <\/div>\n                                <\/div>\n\n                              <\/div>\n        \n          <div class=\"content entry-content bg-white p-8 lg:pr-20 a lg:mr-12 mb-3 shadow-xl hover:shadow-2xl\">\n            <p>Finlands D\u00f6vas F\u00f6rbund rf:s styrelse har beslutat att det ordinarie f\u00f6rbundsm\u00f6tet 2026 h\u00e5lls i \u00c5bo<strong> 6.6.2026<\/strong>. Eventuella andra deltagandes\u00e4tt meddelas senare, men senast i m\u00f6teskallelsen.<\/p>\n<h3>Framst\u00e4llningar till f\u00f6rbundsm\u00f6tet<\/h3>\n<p>F\u00f6rbundets styrelse och medlemsf\u00f6reningar \u00e4r ber\u00e4ttigade att g\u00f6ra framst\u00e4llningar till f\u00f6rbundsm\u00f6tet. Medlemsf\u00f6reningarna ska skicka sina framst\u00e4llningar till f\u00f6rbundets styrelse senast <strong>31.3.2026<\/strong> som en elektronisk blankett genom f\u00f6reningsrummet eller per brev. De ska undertecknas av f\u00f6reningens officiella namntecknare.<\/p>\n<p>Skicka framst\u00e4llningarna till adressen<\/p>\n<p>Finlands D\u00f6vas F\u00f6rbund rf<br \/>\nStyrelsen<br \/>\nPB 57<br \/>\n00401 Helsingfors<\/p>\n<h3>Valet av delegater till f\u00f6rbundsm\u00f6tet<\/h3>\n<p>F\u00f6reningarna v\u00e4ljer sina delegater till f\u00f6rbundsm\u00f6tet p\u00e5 det m\u00f6te som anges i deras stadgar. Enligt f\u00f6rbundets regler har de h\u00e4r delegaterna r\u00f6str\u00e4tt p\u00e5 f\u00f6rbundsm\u00f6tet. Av medlemsf\u00f6reningarna har d\u00f6vf\u00f6reningarna en (1) r\u00f6st var och dessutom en (1) till\u00e4ggsr\u00f6st f\u00f6r varje hundratal (100) medlemmar. \u00d6vriga medlemsf\u00f6reningar har en (1) r\u00f6st var.<\/p>\n<p>Finlands D\u00f6vas F\u00f6rbund rf<br \/>\nStyrelsen 27.10.2025<\/p>\n                          <div class=\"more-content\">\n                                                                                \n                <div class=\"readmore flex flex-row flex-wrap hidden\">\n                  <div class=\"readmore-content w-full hidden\"><\/div>\n                  <div class=\"readmore-btns\">\n                    <button class=\"text-center mt-4 readless-btn flex flex-row\">\n                      <span class=\"flex w-6 h-6 bg-dark text-white py-1 mr-2 text-center font-medium rounded-full uppercase tracking-widest\"><i class=\"pl-px fa fa-minus mx-auto\"><\/i><\/span>\n                      N\u00e4yt\u00e4 v\u00e4hemm\u00e4n                    <\/button>\n                  <\/div>\n                <\/div>\n\n              <\/div>\n                      <\/div>\n\n                      <aside class=\"c\">\n                              <div class=\"flex flex-col mt-4 mb-4\">\n                                                          <div class=\"flex flex-row bg-white shadow-xl hover:shadow-2xl h-full mb-4\">\n                                              <div class=\"w-full p-4\">\n                      \n                        <h2 class=\"pb-3 leading-tight heading-sm text-lg\">F\u00f6rbundsm\u00f6tet 2026 material till delegater<\/h2>\n                        <div><article class=\"text-token-text-primary w-full focus:outline-none [--shadow-height:45px] has-data-writing-block:pointer-events-none has-data-writing-block:-mt-(--shadow-height) has-data-writing-block:pt-(--shadow-height) [&amp;:has([data-writing-block])&gt;*]:pointer-events-auto scroll-mt-[calc(var(--header-height)+min(200px,max(70px,20svh)))]\" dir=\"auto\" data-turn-id=\"request-691f1b73-da90-8332-ae1b-d9c0642ba965-2\" data-testid=\"conversation-turn-142\" data-scroll-anchor=\"true\" data-turn=\"assistant\">\n<div class=\"text-base my-auto mx-auto pb-10 [--thread-content-margin:--spacing(4)] thread-sm:[--thread-content-margin:--spacing(6)] thread-lg:[--thread-content-margin:--spacing(16)] px-(--thread-content-margin)\">\n<div class=\"[--thread-content-max-width:40rem] thread-lg:[--thread-content-max-width:48rem] mx-auto max-w-(--thread-content-max-width) flex-1 group\/turn-messages focus-visible:outline-hidden relative flex w-full min-w-0 flex-col agent-turn\">\n<div class=\"flex max-w-full flex-col grow\">\n<div class=\"min-h-8 text-message relative flex w-full flex-col items-end gap-2 text-start break-words whitespace-normal [.text-message+&amp;]:mt-1\" dir=\"auto\" data-message-author-role=\"assistant\" data-message-id=\"c10d3d5c-555a-4e21-b874-a24bcc565599\" data-message-model-slug=\"gpt-5-1\">\n<div class=\"flex w-full flex-col gap-1 empty:hidden first:pt-[1px]\">\n<div class=\"markdown prose dark:prose-invert w-full break-words light markdown-new-styling\">\n<p>Sidan \u00f6ppnas i maj 2026.<\/p>\n<\/div>\n<\/div>\n<\/div>\n<\/div>\n<div class=\"z-0 flex min-h-[46px] justify-start\"><\/div>\n<div class=\"mt-3 w-full empty:hidden\">\n<div class=\"text-center\"><\/div>\n<\/div>\n<\/div>\n<\/div>\n<\/article>\n<div class=\"pointer-events-none h-px w-px\" aria-hidden=\"true\" data-edge=\"true\"><\/div>\n<\/div>\n                                                                                              <\/div>\n                    <\/div>\n                                                          <div class=\"flex flex-row bg-white shadow-xl hover:shadow-2xl h-full mb-4\">\n                                            <figure class=\"relative w-1\/4 bg-cover flex-1 bg-center\" style=\"background-image: url('https:\/\/kuurojenliitto.fi\/yhdistyshuone\/wp-content\/uploads\/sites\/11\/2024\/08\/9M9A8922-1-1280x720-1.jpg');\">\n                                              <\/figure>\n\n                      <div class=\"w-3\/4 p-4\">\n                      \n                        <h2 class=\"pb-3 leading-tight heading-sm text-lg\">Se ocks\u00e5<\/h2>\n                        <div><\/div>\n                                                                                                                                    <a class=\"flex flex-row items-center mb-2 leading-none heading-sm mt-4\" href=\"https:\/\/kuurojenliitto.fi\/yhdistyshuone\/sv\/nominering-av-kandidater-till-finlands-dovas-forbunds-forbundsmote-2026\/\" target=\"_self\"><span class=\"w-6 h-6 bg-dark text-white px-2 py-1 mr-2 text-center font-medium rounded-full uppercase tracking-widest\">><\/span>Nominering av kandidater till Finlands D\u00f6vas F\u00f6rbunds f\u00f6rbundsm\u00f6te 2026<\/a>\n                                                                                                                              <\/div>\n                    <\/div>\n                                  <\/div>\n              \n                            <div class=\"border-l-4 border-color pl-4 mb-8\">\n\n                                  <h3 class=\"heading-lg text-2xl mb-2\">Blanketter:<\/h3>\n                \n                \n                                  <nav class=\"flex flex-col mt-4\">\n                    \n                      \n                                              <a class=\"border-t border-gray-200 text-gray-100 py-2\"\n                           href=\"https:\/\/link.webropolsurveys.com\/S\/04706C4D9C068F6C\"\n                           target=\"_blank\"><i\n                            class=\"fal fa-angle-right fa-fw\"><\/i> E-blankett: Framst\u00e4llning till f\u00f6rbundsm\u00f6tet 2026                        <\/a>\n                      \n                                      <\/nav>\n                \n                                  <nav class=\"flex flex-col\">\n                    \n                      \n                                              <a class=\"border-t border-gray-200 py-2\"\n                           href=\"https:\/\/kuurojenliitto.fi\/yhdistyshuone\/wp-content\/uploads\/sites\/11\/2025\/11\/Esitys_liittokokoukseen_2026_Sve.docx\"><i\n                            class=\"fa fa-file fa-fw\"><\/i> Blankett: Framst\u00e4llning till f\u00f6rbundsm\u00f6tet 2026                        <\/a>\n                      \n                                      <\/nav>\n                              <\/div>\n              \n              \n                                  <h3 class=\"heading-lg text-2xl mb-4\">Mer information:<\/h3>\n                \n                                    <div class=\"flex flex-row-reverse flex-wrap bg-white shadow-xl hover:shadow-2xl p-4 mb-3\">\n\n    <div class=\"w-1\/4 text-right\">\n    <figure class=\"entry-image overflow-hidden\">\n      <img loading=\"lazy\" decoding=\"async\" width=\"800\" height=\"800\" src=\"https:\/\/kuurojenliitto.fi\/yhdistyshuone\/wp-content\/uploads\/sites\/11\/2020\/03\/2022_08-Elina-Pokki-1-e1662114385403-800x800.jpg\" class=\"w-full object-fit\" alt=\"\" srcset=\"https:\/\/kuurojenliitto.fi\/yhdistyshuone\/wp-content\/uploads\/sites\/11\/2020\/03\/2022_08-Elina-Pokki-1-e1662114385403-800x800.jpg 800w, https:\/\/kuurojenliitto.fi\/yhdistyshuone\/wp-content\/uploads\/sites\/11\/2020\/03\/2022_08-Elina-Pokki-1-e1662114385403-768x769.jpg 768w, https:\/\/kuurojenliitto.fi\/yhdistyshuone\/wp-content\/uploads\/sites\/11\/2020\/03\/2022_08-Elina-Pokki-1-e1662114385403.jpg 1080w\" sizes=\"auto, (max-width: 800px) 100vw, 800px\" \/>    <\/figure><!-- .entry-header -->\n  <\/div>\n  <div class=\"entry-content w-3\/4 pr-4\">\n    <h3 class=\"mb-0 text-lg\">\n      <a href=\"https:\/\/kuurojenliitto.fi\/yhdistyshuone\/sv\/person\/elina-pokki\/\">Elina Pokki<\/a>\n    <\/h3>\n    <div class=\"mb-4 mt-0\">\n              <span class=\"text-gray-900 text-sm\">\n                          Verksamhetsledarens assistent                      <\/span>\n                <\/div>\n    <div class=\"flex flex-col text-gray-600 mt-1 text-sm items-start\">\n              <div class=\"flex flex-row-reverse\">\n          <div class=\"ml-2 text-xs\">\n                                                  <span class=\"sr-only\">Henkil\u00f6 ei ota vastaan puheluja<\/span>\n              <i class=\"sr-hide fas fa-fw fa-phone-slash mr-1\"><\/i>\n                                      <span class=\"sr-only\">Henkil\u00f6 ottaa vastaan tekstiviestej\u00e4<\/span>\n              <i class=\"sr-hide fas fa-fw fa-sms mr-1\"><\/i>\n                                      <span class=\"sr-only\">Henkil\u00f6 ottaa vastaan WhatsApp-viestej\u00e4, videoviestej\u00e4 ja videopuheluja<\/span>\n              <i class=\"sr-hide fab fa-fw fa-whatsapp mr-1\"><\/i>\n                                  <\/div>\n          <div><span class=\"sr-only\">Puhelinnumero: <\/span><a href=\"tel:+358 40 738 5089\"> +358 40 738 5089<\/a><\/div>\n        <\/div>\n\n                    <div><span class=\"sr-only\"><\/span><a\n            href=\"mailto:elina.pokki@kuurojenliitto.fi\">elina.pokki@kuurojenliitto.fi<\/a><\/div>\n                <\/div>\n\n      <\/div><!-- .entry-content -->\n        <div class=\"w-full mt-2 text-xs\">\n      <span class=\"sr-only\">Henkil\u00f6n vastuualue<\/span>\n              <a href=\"https:\/\/kuurojenliitto.fi\/yhdistyshuone\/sv\/ansvarsomr%C3%A5de\/styrelsens-sekreterare\/\">\n          <span class=\"bg-light py-px px-1 text-dark inline-block mr-1 mb-1\">\n            Styrelsens sekreterare          <\/span>\n        <\/a>\n          <\/div>\n  \n<\/div>\n                              \n            <\/aside>\n          \n\n      <\/div>\n    \n  \n<\/section>\n\n\n\n\n<section id=\"column-block_dfecf0a329f8ebb94df37c31f40210f6\" class=\"section-moss pt-8 pb-4  px-4 sm:px-4 lg:px-12 xl:px-24 bg-moss-700 text-white title\">\n\n  \n    <div class=\"md:flex md:flex-row items-center\">\n\n      <div class=\"w-full md:w-2\/3\">\n        <h1 class=\"leading-tight text-white  text-2xl sm:text-3xl lg:text-4xl\">Nyheter fr\u00e5n f\u00f6rbundsm\u00f6tet<\/h1>\n      <\/div>\n\n      <div class=\"w-full md:w-1\/3 md:text-right\">\n                  <a class=\"btn mt-4 md:mt-0 bg-white text-dark inline-block\" href=\"https:\/\/kuurojenliitto.fi\/yhdistyshuone\/sv\/aktuellt\/\" target=\"_self\">Alla nyheter<\/a>\n              <\/div>\n\n    <\/div>\n\n  \n\n<\/section>\n\n\n\n<section id=\"column-block_5dac57a189e9f78692d9aba860efc3a3\"\n         class=\"section-moss pt-0 pb-8 px-4 sm:px-4 md:px-8 lg:px-12 xl:px-24 bg-moss-700 cards\">\n    \n        <div class=\"flex flex-wrap flex-row -mx-4\">\n\n            \n                                                            \n<article class=\"w-full md:w-1\/3 p-4 relative\">\n  <div class=\"bg-white shadow-xl hover:shadow-2xl h-full \">\n    <figure class=\"relative imageratio\">\n                <img decoding=\"async\" src=\"https:\/\/kuurojenliitto.fi\/yhdistyshuone\/wp-content\/uploads\/sites\/11\/2025\/12\/Kevainen-Aurajoki_NETTIKOKO-1280x720.jpg\" class=\"w-full\">\n            <span class=\"bg-dark py-1 px-2 ml-2 absolute bottom-0 text-sm text-white\">\n      \tF\u00f6rbundsm\u00f6tet |       \t15.12.2025<\/span>\n    <\/figure>\n    <h2 class=\"py-3 px-4 leading-tight heading-sm text-lg\">\n      <a href=\"https:\/\/kuurojenliitto.fi\/yhdistyshuone\/sv\/aktuellt\/liittokokous-2026-jarjestetaan-6-6-turussa\/\">F\u00f6rbundsm\u00f6tet 2026 h\u00e5lls den 6 juni i \u00c5bo<\/a>\n      <div class=\"hidden play-button absolute z-10 pointer-events-none\"><i class=\"text-5xl text-white far fa-play-circle\"><\/i><\/div>\n    <\/h2>\n  <\/div>\n<\/article>\n                                            \n<article class=\"w-full md:w-1\/3 p-4 relative\">\n  <div class=\"bg-white shadow-xl hover:shadow-2xl h-full \">\n    <figure class=\"relative imageratio\">\n                <img decoding=\"async\" src=\"https:\/\/img.youtube.com\/vi\/-F_1HvgXccE\/mqdefault.jpg\" class=\"w-full\">\n            <span class=\"bg-dark py-1 px-2 ml-2 absolute bottom-0 text-sm text-white\">\n      \tF\u00f6rbundsm\u00f6tet |       \t23.5.2025<\/span>\n    <\/figure>\n    <h2 class=\"py-3 px-4 leading-tight heading-sm text-lg\">\n      <a href=\"https:\/\/kuurojenliitto.fi\/yhdistyshuone\/sv\/aktuellt\/tervetuloa-liittokokoukseen-ja-kehittamispaiville\/\">V\u00e4lkomna till f\u00f6rbundsm\u00f6tet och utvecklingsdagen!<\/a>\n      <div class=\"hidden play-button absolute z-10 pointer-events-none\"><i class=\"text-5xl text-white far fa-play-circle\"><\/i><\/div>\n    <\/h2>\n  <\/div>\n<\/article>\n                                            \n<article class=\"w-full md:w-1\/3 p-4 relative\">\n  <div class=\"bg-white shadow-xl hover:shadow-2xl h-full \">\n    <figure class=\"relative imageratio\">\n                <img decoding=\"async\" src=\"https:\/\/img.youtube.com\/vi\/ti1CToJfef0\/mqdefault.jpg\" class=\"w-full\">\n            <span class=\"bg-dark py-1 px-2 ml-2 absolute bottom-0 text-sm text-white\">\n      \tF\u00f6rbundsm\u00f6tet |       \t16.5.2025<\/span>\n    <\/figure>\n    <h2 class=\"py-3 px-4 leading-tight heading-sm text-lg\">\n      <a href=\"https:\/\/kuurojenliitto.fi\/yhdistyshuone\/sv\/aktuellt\/kuurojen-liiton-puheenjohtajapaneelin-tallenne\/\">Finlands D\u00f6vas F\u00f6rbunds ordf\u00f6randepanel \u2013 inspelning<\/a>\n      <div class=\"hidden play-button absolute z-10 pointer-events-none\"><i class=\"text-5xl text-white far fa-play-circle\"><\/i><\/div>\n    <\/h2>\n  <\/div>\n<\/article>\n                                    \n            \n        <\/div>\n\n    \n<\/section>\n","protected":false},"excerpt":{"rendered":"<p>Vid Finlands D\u00f6vas F\u00f6rbunds f\u00f6rbundsm\u00f6te i juni 2025 v\u00e4ljs en ny styrelseordf\u00f6rande f\u00f6r de kommande tre f\u00f6rbundsm\u00f6tesperioderna. Styrelseordf\u00f6rande Jaana Aaltonen st\u00e5r i tur att avg\u00e5 \u00e5r 2025. De som kandiderar till posten som ny ordf\u00f6rande&#8230;<\/p>\n","protected":false},"author":6,"featured_media":2992,"parent":0,"menu_order":0,"comment_status":"closed","ping_status":"closed","template":"","meta":{"footnotes":""},"class_list":["post-8449","page","type-page","status-publish","has-post-thumbnail","hentry","px-4 sm:px-4 md:px-8 lg:px-12 xl:px-24"],"acf":[],"yoast_head":"<!-- This site is optimized with the Yoast SEO plugin v27.3 - https:\/\/yoast.com\/product\/yoast-seo-wordpress\/ -->\n<title>F\u00f6rbundsm\u00f6tet 2026 - Yhdistyshuone<\/title>\n<meta name=\"robots\" content=\"index, follow, max-snippet:-1, max-image-preview:large, max-video-preview:-1\" \/>\n<link rel=\"canonical\" href=\"https:\/\/kuurojenliitto.fi\/yhdistyshuone\/sv\/forbundsmotet-2026\/\" \/>\n<meta property=\"og:locale\" content=\"fi_FI\" \/>\n<meta property=\"og:type\" content=\"article\" \/>\n<meta property=\"og:title\" content=\"F\u00f6rbundsm\u00f6tet 2026 - Yhdistyshuone\" \/>\n<meta property=\"og:description\" content=\"Vid Finlands D\u00f6vas F\u00f6rbunds f\u00f6rbundsm\u00f6te i juni 2025 v\u00e4ljs en ny styrelseordf\u00f6rande f\u00f6r de kommande tre f\u00f6rbundsm\u00f6tesperioderna. Styrelseordf\u00f6rande Jaana Aaltonen st\u00e5r i tur att avg\u00e5 \u00e5r 2025. De som kandiderar till posten som ny ordf\u00f6rande...\" \/>\n<meta property=\"og:url\" content=\"https:\/\/kuurojenliitto.fi\/yhdistyshuone\/sv\/forbundsmotet-2026\/\" \/>\n<meta property=\"og:site_name\" content=\"Yhdistyshuone\" \/>\n<meta property=\"article:modified_time\" content=\"2025-11-27T13:55:46+00:00\" \/>\n<meta property=\"og:image\" content=\"https:\/\/kuurojenliitto.fi\/yhdistyshuone\/wp-content\/uploads\/sites\/11\/2021\/03\/IMG_5589-Edit-rajattu-scaled.jpg\" \/>\n\t<meta property=\"og:image:width\" content=\"2560\" \/>\n\t<meta property=\"og:image:height\" content=\"1542\" \/>\n\t<meta property=\"og:image:type\" content=\"image\/jpeg\" \/>\n<meta name=\"twitter:card\" content=\"summary_large_image\" \/>\n<meta name=\"twitter:label1\" content=\"Arvioitu lukuaika\" \/>\n\t<meta name=\"twitter:data1\" content=\"1 minuutti\" \/>\n<script type=\"application\/ld+json\" class=\"yoast-schema-graph\">{\"@context\":\"https:\\\/\\\/schema.org\",\"@graph\":[{\"@type\":\"WebPage\",\"@id\":\"https:\\\/\\\/kuurojenliitto.fi\\\/yhdistyshuone\\\/sv\\\/forbundsmotet-2026\\\/\",\"url\":\"https:\\\/\\\/kuurojenliitto.fi\\\/yhdistyshuone\\\/sv\\\/forbundsmotet-2026\\\/\",\"name\":\"F\u00f6rbundsm\u00f6tet 2026 - Yhdistyshuone\",\"isPartOf\":{\"@id\":\"https:\\\/\\\/kuurojenliitto.fi\\\/yhdistyshuone\\\/#website\"},\"primaryImageOfPage\":{\"@id\":\"https:\\\/\\\/kuurojenliitto.fi\\\/yhdistyshuone\\\/sv\\\/forbundsmotet-2026\\\/#primaryimage\"},\"image\":{\"@id\":\"https:\\\/\\\/kuurojenliitto.fi\\\/yhdistyshuone\\\/sv\\\/forbundsmotet-2026\\\/#primaryimage\"},\"thumbnailUrl\":\"https:\\\/\\\/kuurojenliitto.fi\\\/yhdistyshuone\\\/wp-content\\\/uploads\\\/sites\\\/11\\\/2021\\\/03\\\/IMG_5589-Edit-rajattu-scaled.jpg\",\"datePublished\":\"2025-11-27T13:52:42+00:00\",\"dateModified\":\"2025-11-27T13:55:46+00:00\",\"breadcrumb\":{\"@id\":\"https:\\\/\\\/kuurojenliitto.fi\\\/yhdistyshuone\\\/sv\\\/forbundsmotet-2026\\\/#breadcrumb\"},\"inLanguage\":\"fi\",\"potentialAction\":[{\"@type\":\"ReadAction\",\"target\":[\"https:\\\/\\\/kuurojenliitto.fi\\\/yhdistyshuone\\\/sv\\\/forbundsmotet-2026\\\/\"]}]},{\"@type\":\"ImageObject\",\"inLanguage\":\"fi\",\"@id\":\"https:\\\/\\\/kuurojenliitto.fi\\\/yhdistyshuone\\\/sv\\\/forbundsmotet-2026\\\/#primaryimage\",\"url\":\"https:\\\/\\\/kuurojenliitto.fi\\\/yhdistyshuone\\\/wp-content\\\/uploads\\\/sites\\\/11\\\/2021\\\/03\\\/IMG_5589-Edit-rajattu-scaled.jpg\",\"contentUrl\":\"https:\\\/\\\/kuurojenliitto.fi\\\/yhdistyshuone\\\/wp-content\\\/uploads\\\/sites\\\/11\\\/2021\\\/03\\\/IMG_5589-Edit-rajattu-scaled.jpg\",\"width\":2560,\"height\":1542},{\"@type\":\"BreadcrumbList\",\"@id\":\"https:\\\/\\\/kuurojenliitto.fi\\\/yhdistyshuone\\\/sv\\\/forbundsmotet-2026\\\/#breadcrumb\",\"itemListElement\":[{\"@type\":\"ListItem\",\"position\":1,\"name\":\"Ing\u00e5ngssida\",\"item\":\"https:\\\/\\\/kuurojenliitto.fi\\\/yhdistyshuone\\\/\"},{\"@type\":\"ListItem\",\"position\":2,\"name\":\"F\u00f6rbundsm\u00f6tet 2026\"}]},{\"@type\":\"WebSite\",\"@id\":\"https:\\\/\\\/kuurojenliitto.fi\\\/yhdistyshuone\\\/#website\",\"url\":\"https:\\\/\\\/kuurojenliitto.fi\\\/yhdistyshuone\\\/\",\"name\":\"Yhdistyshuone\",\"description\":\"Uusi Kuurojen Liitto-sivustot -sivusto\",\"potentialAction\":[{\"@type\":\"SearchAction\",\"target\":{\"@type\":\"EntryPoint\",\"urlTemplate\":\"https:\\\/\\\/kuurojenliitto.fi\\\/yhdistyshuone\\\/?s={search_term_string}\"},\"query-input\":{\"@type\":\"PropertyValueSpecification\",\"valueRequired\":true,\"valueName\":\"search_term_string\"}}],\"inLanguage\":\"fi\"}]}<\/script>\n<!-- \/ Yoast SEO plugin. -->","yoast_head_json":{"title":"F\u00f6rbundsm\u00f6tet 2026 - Yhdistyshuone","robots":{"index":"index","follow":"follow","max-snippet":"max-snippet:-1","max-image-preview":"max-image-preview:large","max-video-preview":"max-video-preview:-1"},"canonical":"https:\/\/kuurojenliitto.fi\/yhdistyshuone\/sv\/forbundsmotet-2026\/","og_locale":"fi_FI","og_type":"article","og_title":"F\u00f6rbundsm\u00f6tet 2026 - Yhdistyshuone","og_description":"Vid Finlands D\u00f6vas F\u00f6rbunds f\u00f6rbundsm\u00f6te i juni 2025 v\u00e4ljs en ny styrelseordf\u00f6rande f\u00f6r de kommande tre f\u00f6rbundsm\u00f6tesperioderna. Styrelseordf\u00f6rande Jaana Aaltonen st\u00e5r i tur att avg\u00e5 \u00e5r 2025. De som kandiderar till posten som ny ordf\u00f6rande...","og_url":"https:\/\/kuurojenliitto.fi\/yhdistyshuone\/sv\/forbundsmotet-2026\/","og_site_name":"Yhdistyshuone","article_modified_time":"2025-11-27T13:55:46+00:00","og_image":[{"width":2560,"height":1542,"url":"https:\/\/kuurojenliitto.fi\/yhdistyshuone\/wp-content\/uploads\/sites\/11\/2021\/03\/IMG_5589-Edit-rajattu-scaled.jpg","type":"image\/jpeg"}],"twitter_card":"summary_large_image","twitter_misc":{"Arvioitu lukuaika":"1 minuutti"},"schema":{"@context":"https:\/\/schema.org","@graph":[{"@type":"WebPage","@id":"https:\/\/kuurojenliitto.fi\/yhdistyshuone\/sv\/forbundsmotet-2026\/","url":"https:\/\/kuurojenliitto.fi\/yhdistyshuone\/sv\/forbundsmotet-2026\/","name":"F\u00f6rbundsm\u00f6tet 2026 - Yhdistyshuone","isPartOf":{"@id":"https:\/\/kuurojenliitto.fi\/yhdistyshuone\/#website"},"primaryImageOfPage":{"@id":"https:\/\/kuurojenliitto.fi\/yhdistyshuone\/sv\/forbundsmotet-2026\/#primaryimage"},"image":{"@id":"https:\/\/kuurojenliitto.fi\/yhdistyshuone\/sv\/forbundsmotet-2026\/#primaryimage"},"thumbnailUrl":"https:\/\/kuurojenliitto.fi\/yhdistyshuone\/wp-content\/uploads\/sites\/11\/2021\/03\/IMG_5589-Edit-rajattu-scaled.jpg","datePublished":"2025-11-27T13:52:42+00:00","dateModified":"2025-11-27T13:55:46+00:00","breadcrumb":{"@id":"https:\/\/kuurojenliitto.fi\/yhdistyshuone\/sv\/forbundsmotet-2026\/#breadcrumb"},"inLanguage":"fi","potentialAction":[{"@type":"ReadAction","target":["https:\/\/kuurojenliitto.fi\/yhdistyshuone\/sv\/forbundsmotet-2026\/"]}]},{"@type":"ImageObject","inLanguage":"fi","@id":"https:\/\/kuurojenliitto.fi\/yhdistyshuone\/sv\/forbundsmotet-2026\/#primaryimage","url":"https:\/\/kuurojenliitto.fi\/yhdistyshuone\/wp-content\/uploads\/sites\/11\/2021\/03\/IMG_5589-Edit-rajattu-scaled.jpg","contentUrl":"https:\/\/kuurojenliitto.fi\/yhdistyshuone\/wp-content\/uploads\/sites\/11\/2021\/03\/IMG_5589-Edit-rajattu-scaled.jpg","width":2560,"height":1542},{"@type":"BreadcrumbList","@id":"https:\/\/kuurojenliitto.fi\/yhdistyshuone\/sv\/forbundsmotet-2026\/#breadcrumb","itemListElement":[{"@type":"ListItem","position":1,"name":"Ing\u00e5ngssida","item":"https:\/\/kuurojenliitto.fi\/yhdistyshuone\/"},{"@type":"ListItem","position":2,"name":"F\u00f6rbundsm\u00f6tet 2026"}]},{"@type":"WebSite","@id":"https:\/\/kuurojenliitto.fi\/yhdistyshuone\/#website","url":"https:\/\/kuurojenliitto.fi\/yhdistyshuone\/","name":"Yhdistyshuone","description":"Uusi Kuurojen Liitto-sivustot -sivusto","potentialAction":[{"@type":"SearchAction","target":{"@type":"EntryPoint","urlTemplate":"https:\/\/kuurojenliitto.fi\/yhdistyshuone\/?s={search_term_string}"},"query-input":{"@type":"PropertyValueSpecification","valueRequired":true,"valueName":"search_term_string"}}],"inLanguage":"fi"}]}},"lang":"sv","translations":{"sv":8449,"fi":8421},"pll_sync_post":[],"_links":{"self":[{"href":"https:\/\/kuurojenliitto.fi\/yhdistyshuone\/wp-json\/wp\/v2\/pages\/8449","targetHints":{"allow":["GET"]}}],"collection":[{"href":"https:\/\/kuurojenliitto.fi\/yhdistyshuone\/wp-json\/wp\/v2\/pages"}],"about":[{"href":"https:\/\/kuurojenliitto.fi\/yhdistyshuone\/wp-json\/wp\/v2\/types\/page"}],"author":[{"embeddable":true,"href":"https:\/\/kuurojenliitto.fi\/yhdistyshuone\/wp-json\/wp\/v2\/users\/6"}],"replies":[{"embeddable":true,"href":"https:\/\/kuurojenliitto.fi\/yhdistyshuone\/wp-json\/wp\/v2\/comments?post=8449"}],"version-history":[{"count":22,"href":"https:\/\/kuurojenliitto.fi\/yhdistyshuone\/wp-json\/wp\/v2\/pages\/8449\/revisions"}],"predecessor-version":[{"id":8484,"href":"https:\/\/kuurojenliitto.fi\/yhdistyshuone\/wp-json\/wp\/v2\/pages\/8449\/revisions\/8484"}],"wp:featuredmedia":[{"embeddable":true,"href":"https:\/\/kuurojenliitto.fi\/yhdistyshuone\/wp-json\/wp\/v2\/media\/2992"}],"wp:attachment":[{"href":"https:\/\/kuurojenliitto.fi\/yhdistyshuone\/wp-json\/wp\/v2\/media?parent=8449"}],"curies":[{"name":"wp","href":"https:\/\/api.w.org\/{rel}","templated":true}]}}