{"id":8362,"date":"2025-11-27T13:26:24","date_gmt":"2025-11-27T11:26:24","guid":{"rendered":"https:\/\/kuurojenliitto.fi\/yhdistyshuone\/?page_id=8362"},"modified":"2025-11-27T13:26:28","modified_gmt":"2025-11-27T11:26:28","slug":"nominering-av-kandidater-till-finlands-dovas-forbunds-forbundsmote-2026","status":"publish","type":"page","link":"https:\/\/kuurojenliitto.fi\/yhdistyshuone\/sv\/nominering-av-kandidater-till-finlands-dovas-forbunds-forbundsmote-2026\/","title":{"rendered":"Nominering av kandidater till Finlands D\u00f6vas F\u00f6rbunds f\u00f6rbundsm\u00f6te 2026"},"content":{"rendered":"\n<p><\/p>\n\n\n\n\n<section id=\"column-block_84049561c2be342324acf8a0cd1698af\" class=\"section-default ingress px-4 sm:px-4 md:px-8 lg:px-12 xl:px-24\">\n    <div class=\"flex pb-4\">\n            \n    <\/div>\n\n<\/section>\n\n\n\n<section id=\"column-block_60dc8c73554a6ae0b6066f24a3cb634c\" class=\"px-4 sm:px-4 md:px-8 lg:px-12 xl:px-24 section-default \">\n\n            <div class=\"relative py-4 gridder\">\n                        <div id=\"stickier\" class=\"b z-10 flex flex-row flex-wrap  mb-6 top-0 relative\">\n\n          <div class=\"x-tabs w-full\" x-data=\"{ activeTab: 0 }\">\n                    <div :class=\"{ 'hidden': activeTab !== 0 }\" tabindex=\"0\" role=\"tabpanel\" id=\"tab-0\" aria-labelledby=\"label-0\" class=\"bg-white\">\n                            \n    <figure class=\"relative\">\n      <img decoding=\"async\" src=\"https:\/\/kuurojenliitto.fi\/yhdistyshuone\/wp-content\/uploads\/sites\/11\/2020\/03\/KL-LOGO-SVE-DRUPAL.png\" alt=\"\">\n    <\/figure>\n                                        <\/div>\n                                <\/div>\n\n                              <\/div>\n        \n          <div class=\"content entry-content bg-white p-8 lg:pr-20 a lg:mr-12 mb-3 shadow-xl hover:shadow-2xl\">\n            <p>Finlands D\u00f6vas F\u00f6rbund\u00a0rf:s\u00a0medlemsf\u00f6reningar kan f\u00f6resl\u00e5 kandidater till ordf\u00f6rande (och styrelsemedlemmar) till valet, som g\u00f6rs p\u00e5\u00a0f\u00f6rbundsm\u00f6tet sommaren 2026.<\/p>\n<p>Vid n\u00e4sta f\u00f6rbundsm\u00f6te 2026 till\u00e4mpas de nya stadgarna som antogs av f\u00f6rbundsm\u00f6tet 2024. Enligt dem best\u00e5r styrelsen av en ordf\u00f6rande och sex (6) styrelsemedlemmar. Enligt de nya stadgarna (\u00a7 19) v\u00e4ljs till styrelsen \u00e5r 2026 tv\u00e5 ledam\u00f6ter f\u00f6r en period p\u00e5 tre (3) \u00e5r och en f\u00f6r en period p\u00e5 tv\u00e5 (2) \u00e5r f\u00f6r att ers\u00e4tta de som \u00e4r i tur att avg\u00e5.<\/p>\n<p>I tur att avg\u00e5 2026\u00a0\u00e4r <strong>Mari Virtanen<\/strong>, <strong>Olli Katainen<\/strong> och <strong>Ronja Tammisara<\/strong>.<\/p>\n<p>F\u00f6rslagen ska skickas senast <strong>31.3.2026<\/strong> antingen per brev eller som e-post fr\u00e5n f\u00f6reningens egen eller ordf\u00f6randes eller sekreterares e-postadress till:<\/p>\n<p><span data-contrast=\"auto\">Finlands D\u00f6vas F\u00f6rbund\u00a0rf<\/span><span data-ccp-props=\"{&quot;134245417&quot;:true}\"><br \/>\n<\/span><span data-contrast=\"auto\">Valutskottet<\/span><span data-ccp-props=\"{&quot;134245417&quot;:true}\"><br \/>\n<\/span><span data-contrast=\"auto\">PB 57<\/span><span data-ccp-props=\"{&quot;134245417&quot;:true}\"><br \/>\n<\/span><span data-contrast=\"auto\">00401 Helsingfors<\/span><span data-ccp-props=\"{&quot;134245417&quot;:true}\">\u00a0<\/span><\/p>\n<p><span data-contrast=\"auto\">eller e-post: <a href=\"mailto:vaalivaliokunta@kuurojenliitto.fi\">vaalivaliokunta@kuurojenliitto.fi<\/a><\/span><span data-ccp-props=\"{&quot;134245417&quot;:true}\">\u00a0<\/span><\/p>\n<p><span data-ccp-props=\"{&quot;134245417&quot;:true}\">\u00a0<\/span><span data-contrast=\"auto\">I f\u00f6rslaget ska f\u00f6ljande uppgifter om\u00a0kandidaten framg\u00e5:<\/span><span data-ccp-props=\"{&quot;134245417&quot;:true}\">\u00a0<\/span><\/p>\n<ul>\n<li>namn och \u00e5lder<\/li>\n<li>utbildning och yrke<\/li>\n<li>hemort samt vilken d\u00f6vf\u00f6rening kandidaten \u00e4r medlem i<\/li>\n<li>en kort motivering som st\u00f6d f\u00f6r nomineringen.<\/li>\n<\/ul>\n<p><span data-contrast=\"auto\">Kandidaten b\u00f6r vara medlem i en av Finlands D\u00f6vas F\u00f6rbund rf:s\u00a0medlemsf\u00f6reningar. En f\u00f6rening kan \u00e4ven f\u00f6resl\u00e5 en annan\u00a0f\u00f6renings medlem. F\u00f6reningen m\u00e5ste f\u00e5 personens samtycke till att bli uppst\u00e4lld som kandidat.<\/span><span data-ccp-props=\"{&quot;134245417&quot;:true}\">\u00a0<\/span><\/p>\n<p><span class=\"TextRun SCXW2791741 BCX8\" lang=\"SV-FI\" xml:lang=\"SV-FI\" data-contrast=\"auto\"><span class=\"NormalTextRun SCXW2791741 BCX8\" data-ccp-parastyle=\"Standard\" data-ccp-parastyle-defn=\"{&quot;ObjectId&quot;:&quot;3dc782ce-c662-564e-853e-e04bf18a4572|1&quot;,&quot;ClassId&quot;:1073872969,&quot;Properties&quot;:[469775450,&quot;Standard&quot;,201340122,&quot;2&quot;,134233614,&quot;true&quot;,469778129,&quot;Standard&quot;,335572020,&quot;1&quot;,134245417,&quot;true&quot;,469777841,&quot;Liberation Serif&quot;,469777842,&quot;Lucida Sans&quot;,469777843,&quot;NSimSun&quot;,469777844,&quot;Liberation Serif&quot;,469769226,&quot;Liberation Serif,Lucida Sans,NSimSun&quot;,268442635,&quot;24&quot;]}\">F\u00f6rslagen behandlas p\u00e5 valutskottets m\u00f6te efter utsatt datum.<\/span><\/span><span class=\"TextRun SCXW2791741 BCX8\" lang=\"SV-FI\" xml:lang=\"SV-FI\" data-contrast=\"auto\"><span class=\"NormalTextRun SCXW2791741 BCX8\" data-ccp-parastyle=\"Standard\">\u00a0<\/span><\/span><span class=\"TextRun SCXW2791741 BCX8\" lang=\"SV-FI\" xml:lang=\"SV-FI\" data-contrast=\"auto\"><span class=\"NormalTextRun SCXW2791741 BCX8\" data-ccp-parastyle=\"Standard\">Om det i f\u00f6reningarnas f\u00f6rslag inte ing\u00e5r tillr\u00e4ckligt med kandidater f\u00f6r att uppfylla j\u00e4mlik representation i styrelsen kan valutskottet ocks\u00e5 sj\u00e4lv p\u00e5 annat s\u00e4tt s\u00f6ka upp l\u00e4mpliga kandidater. I detta syfte kan f\u00f6reningarnas representanter eller enskilda personer framf\u00f6ra f\u00f6rslag till utskottet\u00a0<\/span><span class=\"NormalTextRun SCXW2791741 BCX8\" data-ccp-parastyle=\"Standard\">t.ex.<\/span><span class=\"NormalTextRun SCXW2791741 BCX8\" data-ccp-parastyle=\"Standard\">\u00a0under f\u00f6reningsdagarna, d\u00e4r m\u00f6jlighet att samtala privat med valutskottet erbjuds.<\/span><\/span><span class=\"EOP SCXW2791741 BCX8\" data-ccp-props=\"{&quot;134245417&quot;:true}\">\u00a0<\/span><\/p>\n                          <div class=\"more-content\">\n                                                                                \n                <div class=\"readmore flex flex-row flex-wrap hidden\">\n                  <div class=\"readmore-content w-full hidden\"><\/div>\n                  <div class=\"readmore-btns\">\n                    <button class=\"text-center mt-4 readless-btn flex flex-row\">\n                      <span class=\"flex w-6 h-6 bg-dark text-white py-1 mr-2 text-center font-medium rounded-full uppercase tracking-widest\"><i class=\"pl-px fa fa-minus mx-auto\"><\/i><\/span>\n                      N\u00e4yt\u00e4 v\u00e4hemm\u00e4n                    <\/button>\n                  <\/div>\n                <\/div>\n\n              <\/div>\n                      <\/div>\n\n                      <aside class=\"c\">\n                              <div class=\"flex flex-col mt-4 mb-4\">\n                                                          <div class=\"flex flex-row bg-white shadow-xl hover:shadow-2xl h-full mb-4\">\n                                            <figure class=\"relative w-1\/4 bg-cover flex-1 bg-center\" style=\"background-image: url('https:\/\/kuurojenliitto.fi\/yhdistyshuone\/wp-content\/uploads\/sites\/11\/2025\/06\/web-5323-1280x720.jpg');\">\n                                              <\/figure>\n\n                      <div class=\"w-3\/4 p-4\">\n                      \n                        <h2 class=\"pb-3 leading-tight heading-sm text-lg\">Finlands D\u00f6vas F\u00f6rbunds styrelsen<\/h2>\n                        <div><\/div>\n                                                  <a class=\"flex flex-row items-center mb-2 leading-none heading-sm mt-6\" href=\"https:\/\/kuurojenliitto.fi\/sv\/styrelsen\/\" target=\"_self\"><span class=\"w-6 h-6 bg-dark text-white px-2 py-1 mr-2 text-center font-medium rounded-full uppercase tracking-widest\">><\/span>Styrelsen 2025-2026<\/a>\n                                                                                              <\/div>\n                    <\/div>\n                                  <\/div>\n              \n                            <div class=\"border-l-4 border-color pl-4 mb-8\">\n\n                                  <h3 class=\"heading-lg text-2xl mb-2\">Blanketter:<\/h3>\n                \n                \n                                  <nav class=\"flex flex-col mt-4\">\n                    \n                      \n                                              <a class=\"border-t border-gray-200 text-gray-100 py-2\"\n                           href=\"https:\/\/link.webropolsurveys.com\/S\/2D4D057DEB251FCC\"\n                           target=\"_self\"><i\n                            class=\"fal fa-angle-right fa-fw\"><\/i> E-blankett: Nominering av styrelsekandidater 2026                        <\/a>\n                      \n                    \n                      \n                                              <a class=\"border-t border-gray-200 text-gray-100 py-2\"\n                           href=\"https:\/\/link.webropolsurveys.com\/S\/CB996AAF92F4BD2A\"\n                           target=\"_blank\"><i\n                            class=\"fal fa-angle-right fa-fw\"><\/i> E-blankett: Samtycke till att verka som medlem av styrelsen                        <\/a>\n                      \n                    \n                      \n                                              <a class=\"border-t border-gray-200 text-gray-100 py-2\"\n                           href=\"https:\/\/link.webropolsurveys.com\/S\/9D2B4E62C21DD360\"\n                           target=\"_blank\"><i\n                            class=\"fal fa-angle-right fa-fw\"><\/i> E-blankett: Fr\u00e5ga till kandidaterna                        <\/a>\n                      \n                                      <\/nav>\n                \n                                  <nav class=\"flex flex-col\">\n                    \n                      \n                                              <a class=\"border-t border-gray-200 py-2\"\n                           href=\"https:\/\/kuurojenliitto.fi\/yhdistyshuone\/wp-content\/uploads\/sites\/11\/2025\/11\/ehdotushallituksenjaseneksi2026_sve.docx\"><i\n                            class=\"fa fa-file fa-fw\"><\/i> Blankett: Nominering av styrelsekandidater 2026                        <\/a>\n                      \n                    \n                      \n                                              <a class=\"border-t border-gray-200 py-2\"\n                           href=\"https:\/\/kuurojenliitto.fi\/yhdistyshuone\/wp-content\/uploads\/sites\/11\/2025\/11\/suostumushallituksenjaseneksi_sve-2.doc\"><i\n                            class=\"fa fa-file fa-fw\"><\/i> Blankett: Samtycke till att verka som medlem av styrelsen                        <\/a>\n                      \n                    \n                      \n                                              <a class=\"border-t border-gray-200 py-2\"\n                           href=\"https:\/\/kuurojenliitto.fi\/yhdistyshuone\/wp-content\/uploads\/sites\/11\/2025\/11\/kysymysehdokkaille_Sve.docx\"><i\n                            class=\"fa fa-file fa-fw\"><\/i> Blankett: Fr\u00e5ga till kandidaterna                        <\/a>\n                      \n                                      <\/nav>\n                              <\/div>\n              \n              \n            <\/aside>\n          \n\n      <\/div>\n    \n  \n<\/section>\n\n\n\n\n<section id=\"column-block_e4d07f3553410cdba80bf8c7f8f4c22f\" class=\"section-blue pt-4 pb-4  px-4 sm:px-4 lg:px-12 xl:px-24 bg-blue-700 text-white title\">\n\n  \n    <h3 class=\"leading-tight text-white  text-xl sm:text-xl lg:text-2xl\">Beh\u00f6righetsvillkor f\u00f6r ordf\u00f6rande, styrelsemedlemmar och suppleanter  <\/h3>\n\n  \n\n<\/section>\n\n\n\n\n<section id=\"column-block_3e6ddcd84e74855947c001ffb586647d\" class=\"section-blue pt-0 pb-8  px-4 sm:px-4 lg:px-12 xl:px-24 bg-blue-700 text-gray-900 woo\">\n\n    <div class=\"items-center bg-white shadow-xl hover:shadow-2xl flex flex-col md:flex-row\">\n      <div class=\"w-full md:w-1\/3 lg:w-1\/4\">\n        <figure class=\"imagerati\">\n          <img decoding=\"async\" src=\"https:\/\/kuurojenliitto.fi\/yhdistyshuone\/wp-content\/uploads\/sites\/11\/2022\/06\/web-3858.jpg\" class=\"object-cover\">\n        <\/figure>\n      <\/div>\n\n      <div class=\"w-full md:w-1\/3 lg:w-1\/2 p-4 md:px-6 md:py-4 content text-gray-900\">\n        <ul>\n<li style=\"list-style-type: none\">\n<ul>\n<li>Ordf\u00f6rande ska ha fyllt 18\u00a0\u00e5r\u00a0 (F\u00f6reningslagen 35\u00a0\u00a7 )<\/li>\n<li>Styrelsemedlem ska ha fyllt 15 \u00e5r (F\u00f6reningslagen 35 \u00a7)<\/li>\n<li>Styrelsemedlem f\u00e5r inte vara f\u00f6rsatt i konkurs (F\u00f6reningslagen 35 \u00a7)<\/li>\n<li>Ordf\u00f6rande ska vara bosatt i Finland (F\u00f6reningslagen 35 \u00a7)<\/li>\n<li>Minst h\u00e4lften av styrelsens medlemmar ska vara bosatta i Finland (F\u00f6reningslagen 35 \u00a7)<\/li>\n<li>F\u00f6reningen m\u00e5ste be om samtycke av den person man vill st\u00e4lla upp som kandidat<\/li>\n<li>Valutskottet kan ocks\u00e5 p\u00e5 eget initiativ leta upp l\u00e4mpliga kandidater<\/li>\n<\/ul>\n<\/li>\n<\/ul>\n      <\/div>\n\n      <div class=\"w-full md:w-1\/3 lg:w-1\/4 pb-4 md:pb-0 px-4 md:px-8\">\n                                          <\/div>\n    <\/div>\n\n<\/section>\n\n\n\n<p><\/p>\n\n\n\n\n<section id=\"column-block_ec2c813f7b140ef01ab9e66fd9096e3d\" class=\"section-moss pt-4 pb-0  px-4 sm:px-4 lg:px-12 xl:px-24 bg-moss-700 text-white title\">\n\n  \n    <div class=\"md:flex md:flex-row items-center\">\n\n      <div class=\"w-full md:w-2\/3\">\n        <h1 class=\"leading-tight text-white  text-2xl sm:text-3xl lg:text-4xl\">Nyheter fr\u00e5n f\u00f6rbundsm\u00f6tet<\/h1>\n      <\/div>\n\n      <div class=\"w-full md:w-1\/3 md:text-right\">\n                  <a class=\"btn mt-4 md:mt-0 bg-white text-dark inline-block\" href=\"https:\/\/kuurojenliitto.fi\/yhdistyshuone\/sv\/aktuellt\/\" target=\"_blank\">Alla nyheter<\/a>\n              <\/div>\n\n    <\/div>\n\n  \n\n<\/section>\n\n\n\n<section id=\"column-block_e41787612e98a0f42c58a7617c0f5381\"\n         class=\"section-moss pt-0 pb-4 px-4 sm:px-4 md:px-8 lg:px-12 xl:px-24 bg-moss-700 cards\">\n    \n        <div class=\"flex flex-wrap flex-row -mx-4\">\n\n            \n                                                            \n<article class=\"w-full md:w-1\/3 p-4 relative\">\n  <div class=\"bg-white shadow-xl hover:shadow-2xl h-full \">\n    <figure class=\"relative imageratio\">\n                <img decoding=\"async\" src=\"https:\/\/kuurojenliitto.fi\/yhdistyshuone\/wp-content\/uploads\/sites\/11\/2025\/12\/Kevainen-Aurajoki_NETTIKOKO-1280x720.jpg\" class=\"w-full\">\n            <span class=\"bg-dark py-1 px-2 ml-2 absolute bottom-0 text-sm text-white\">\n      \tF\u00f6rbundsm\u00f6tet |       \t15.12.2025<\/span>\n    <\/figure>\n    <h2 class=\"py-3 px-4 leading-tight heading-sm text-lg\">\n      <a href=\"https:\/\/kuurojenliitto.fi\/yhdistyshuone\/sv\/aktuellt\/liittokokous-2026-jarjestetaan-6-6-turussa\/\">F\u00f6rbundsm\u00f6tet 2026 h\u00e5lls den 6 juni i \u00c5bo<\/a>\n      <div class=\"hidden play-button absolute z-10 pointer-events-none\"><i class=\"text-5xl text-white far fa-play-circle\"><\/i><\/div>\n    <\/h2>\n  <\/div>\n<\/article>\n                                            \n<article class=\"w-full md:w-1\/3 p-4 relative\">\n  <div class=\"bg-white shadow-xl hover:shadow-2xl h-full \">\n    <figure class=\"relative imageratio\">\n                <img decoding=\"async\" src=\"https:\/\/img.youtube.com\/vi\/-F_1HvgXccE\/mqdefault.jpg\" class=\"w-full\">\n            <span class=\"bg-dark py-1 px-2 ml-2 absolute bottom-0 text-sm text-white\">\n      \tF\u00f6rbundsm\u00f6tet |       \t23.5.2025<\/span>\n    <\/figure>\n    <h2 class=\"py-3 px-4 leading-tight heading-sm text-lg\">\n      <a href=\"https:\/\/kuurojenliitto.fi\/yhdistyshuone\/sv\/aktuellt\/tervetuloa-liittokokoukseen-ja-kehittamispaiville\/\">V\u00e4lkomna till f\u00f6rbundsm\u00f6tet och utvecklingsdagen!<\/a>\n      <div class=\"hidden play-button absolute z-10 pointer-events-none\"><i class=\"text-5xl text-white far fa-play-circle\"><\/i><\/div>\n    <\/h2>\n  <\/div>\n<\/article>\n                                            \n<article class=\"w-full md:w-1\/3 p-4 relative\">\n  <div class=\"bg-white shadow-xl hover:shadow-2xl h-full \">\n    <figure class=\"relative imageratio\">\n                <img decoding=\"async\" src=\"https:\/\/img.youtube.com\/vi\/ti1CToJfef0\/mqdefault.jpg\" class=\"w-full\">\n            <span class=\"bg-dark py-1 px-2 ml-2 absolute bottom-0 text-sm text-white\">\n      \tF\u00f6rbundsm\u00f6tet |       \t16.5.2025<\/span>\n    <\/figure>\n    <h2 class=\"py-3 px-4 leading-tight heading-sm text-lg\">\n      <a href=\"https:\/\/kuurojenliitto.fi\/yhdistyshuone\/sv\/aktuellt\/kuurojen-liiton-puheenjohtajapaneelin-tallenne\/\">Finlands D\u00f6vas F\u00f6rbunds ordf\u00f6randepanel \u2013 inspelning<\/a>\n      <div class=\"hidden play-button absolute z-10 pointer-events-none\"><i class=\"text-5xl text-white far fa-play-circle\"><\/i><\/div>\n    <\/h2>\n  <\/div>\n<\/article>\n                                    \n            \n        <\/div>\n\n    \n<\/section>\n","protected":false},"excerpt":{"rendered":"<p>Vid Finlands D\u00f6vas F\u00f6rbunds f\u00f6rbundsm\u00f6te i juni 2025 v\u00e4ljs en ny styrelseordf\u00f6rande f\u00f6r de kommande tre f\u00f6rbundsm\u00f6tesperioderna. Styrelseordf\u00f6rande Jaana Aaltonen st\u00e5r i tur att avg\u00e5 \u00e5r 2025. De som kandiderar till posten som ny ordf\u00f6rande&#8230;<\/p>\n","protected":false},"author":6,"featured_media":0,"parent":0,"menu_order":0,"comment_status":"closed","ping_status":"closed","template":"","meta":{"footnotes":""},"class_list":["post-8362","page","type-page","status-publish","hentry","px-4 sm:px-4 md:px-8 lg:px-12 xl:px-24"],"acf":[],"yoast_head":"<!-- This site is optimized with the Yoast SEO plugin v27.3 - https:\/\/yoast.com\/product\/yoast-seo-wordpress\/ -->\n<title>Nominering av kandidater till Finlands D\u00f6vas F\u00f6rbunds f\u00f6rbundsm\u00f6te 2026 - Yhdistyshuone<\/title>\n<meta name=\"robots\" content=\"index, follow, max-snippet:-1, max-image-preview:large, max-video-preview:-1\" \/>\n<link rel=\"canonical\" href=\"https:\/\/kuurojenliitto.fi\/yhdistyshuone\/sv\/nominering-av-kandidater-till-finlands-dovas-forbunds-forbundsmote-2026\/\" \/>\n<meta property=\"og:locale\" content=\"fi_FI\" \/>\n<meta property=\"og:type\" content=\"article\" \/>\n<meta property=\"og:title\" content=\"Nominering av kandidater till Finlands D\u00f6vas F\u00f6rbunds f\u00f6rbundsm\u00f6te 2026 - Yhdistyshuone\" \/>\n<meta property=\"og:description\" content=\"Vid Finlands D\u00f6vas F\u00f6rbunds f\u00f6rbundsm\u00f6te i juni 2025 v\u00e4ljs en ny styrelseordf\u00f6rande f\u00f6r de kommande tre f\u00f6rbundsm\u00f6tesperioderna. Styrelseordf\u00f6rande Jaana Aaltonen st\u00e5r i tur att avg\u00e5 \u00e5r 2025. De som kandiderar till posten som ny ordf\u00f6rande...\" \/>\n<meta property=\"og:url\" content=\"https:\/\/kuurojenliitto.fi\/yhdistyshuone\/sv\/nominering-av-kandidater-till-finlands-dovas-forbunds-forbundsmote-2026\/\" \/>\n<meta property=\"og:site_name\" content=\"Yhdistyshuone\" \/>\n<meta property=\"article:modified_time\" content=\"2025-11-27T11:26:28+00:00\" \/>\n<meta name=\"twitter:card\" content=\"summary_large_image\" \/>\n<script type=\"application\/ld+json\" class=\"yoast-schema-graph\">{\"@context\":\"https:\\\/\\\/schema.org\",\"@graph\":[{\"@type\":\"WebPage\",\"@id\":\"https:\\\/\\\/kuurojenliitto.fi\\\/yhdistyshuone\\\/sv\\\/nominering-av-kandidater-till-finlands-dovas-forbunds-forbundsmote-2026\\\/\",\"url\":\"https:\\\/\\\/kuurojenliitto.fi\\\/yhdistyshuone\\\/sv\\\/nominering-av-kandidater-till-finlands-dovas-forbunds-forbundsmote-2026\\\/\",\"name\":\"Nominering av kandidater till Finlands D\u00f6vas F\u00f6rbunds f\u00f6rbundsm\u00f6te 2026 - Yhdistyshuone\",\"isPartOf\":{\"@id\":\"https:\\\/\\\/kuurojenliitto.fi\\\/yhdistyshuone\\\/#website\"},\"datePublished\":\"2025-11-27T11:26:24+00:00\",\"dateModified\":\"2025-11-27T11:26:28+00:00\",\"breadcrumb\":{\"@id\":\"https:\\\/\\\/kuurojenliitto.fi\\\/yhdistyshuone\\\/sv\\\/nominering-av-kandidater-till-finlands-dovas-forbunds-forbundsmote-2026\\\/#breadcrumb\"},\"inLanguage\":\"fi\",\"potentialAction\":[{\"@type\":\"ReadAction\",\"target\":[\"https:\\\/\\\/kuurojenliitto.fi\\\/yhdistyshuone\\\/sv\\\/nominering-av-kandidater-till-finlands-dovas-forbunds-forbundsmote-2026\\\/\"]}]},{\"@type\":\"BreadcrumbList\",\"@id\":\"https:\\\/\\\/kuurojenliitto.fi\\\/yhdistyshuone\\\/sv\\\/nominering-av-kandidater-till-finlands-dovas-forbunds-forbundsmote-2026\\\/#breadcrumb\",\"itemListElement\":[{\"@type\":\"ListItem\",\"position\":1,\"name\":\"Ing\u00e5ngssida\",\"item\":\"https:\\\/\\\/kuurojenliitto.fi\\\/yhdistyshuone\\\/\"},{\"@type\":\"ListItem\",\"position\":2,\"name\":\"Nominering av kandidater till Finlands D\u00f6vas F\u00f6rbunds f\u00f6rbundsm\u00f6te 2026\"}]},{\"@type\":\"WebSite\",\"@id\":\"https:\\\/\\\/kuurojenliitto.fi\\\/yhdistyshuone\\\/#website\",\"url\":\"https:\\\/\\\/kuurojenliitto.fi\\\/yhdistyshuone\\\/\",\"name\":\"Yhdistyshuone\",\"description\":\"Uusi Kuurojen Liitto-sivustot -sivusto\",\"potentialAction\":[{\"@type\":\"SearchAction\",\"target\":{\"@type\":\"EntryPoint\",\"urlTemplate\":\"https:\\\/\\\/kuurojenliitto.fi\\\/yhdistyshuone\\\/?s={search_term_string}\"},\"query-input\":{\"@type\":\"PropertyValueSpecification\",\"valueRequired\":true,\"valueName\":\"search_term_string\"}}],\"inLanguage\":\"fi\"}]}<\/script>\n<!-- \/ Yoast SEO plugin. -->","yoast_head_json":{"title":"Nominering av kandidater till Finlands D\u00f6vas F\u00f6rbunds f\u00f6rbundsm\u00f6te 2026 - Yhdistyshuone","robots":{"index":"index","follow":"follow","max-snippet":"max-snippet:-1","max-image-preview":"max-image-preview:large","max-video-preview":"max-video-preview:-1"},"canonical":"https:\/\/kuurojenliitto.fi\/yhdistyshuone\/sv\/nominering-av-kandidater-till-finlands-dovas-forbunds-forbundsmote-2026\/","og_locale":"fi_FI","og_type":"article","og_title":"Nominering av kandidater till Finlands D\u00f6vas F\u00f6rbunds f\u00f6rbundsm\u00f6te 2026 - Yhdistyshuone","og_description":"Vid Finlands D\u00f6vas F\u00f6rbunds f\u00f6rbundsm\u00f6te i juni 2025 v\u00e4ljs en ny styrelseordf\u00f6rande f\u00f6r de kommande tre f\u00f6rbundsm\u00f6tesperioderna. Styrelseordf\u00f6rande Jaana Aaltonen st\u00e5r i tur att avg\u00e5 \u00e5r 2025. De som kandiderar till posten som ny ordf\u00f6rande...","og_url":"https:\/\/kuurojenliitto.fi\/yhdistyshuone\/sv\/nominering-av-kandidater-till-finlands-dovas-forbunds-forbundsmote-2026\/","og_site_name":"Yhdistyshuone","article_modified_time":"2025-11-27T11:26:28+00:00","twitter_card":"summary_large_image","schema":{"@context":"https:\/\/schema.org","@graph":[{"@type":"WebPage","@id":"https:\/\/kuurojenliitto.fi\/yhdistyshuone\/sv\/nominering-av-kandidater-till-finlands-dovas-forbunds-forbundsmote-2026\/","url":"https:\/\/kuurojenliitto.fi\/yhdistyshuone\/sv\/nominering-av-kandidater-till-finlands-dovas-forbunds-forbundsmote-2026\/","name":"Nominering av kandidater till Finlands D\u00f6vas F\u00f6rbunds f\u00f6rbundsm\u00f6te 2026 - Yhdistyshuone","isPartOf":{"@id":"https:\/\/kuurojenliitto.fi\/yhdistyshuone\/#website"},"datePublished":"2025-11-27T11:26:24+00:00","dateModified":"2025-11-27T11:26:28+00:00","breadcrumb":{"@id":"https:\/\/kuurojenliitto.fi\/yhdistyshuone\/sv\/nominering-av-kandidater-till-finlands-dovas-forbunds-forbundsmote-2026\/#breadcrumb"},"inLanguage":"fi","potentialAction":[{"@type":"ReadAction","target":["https:\/\/kuurojenliitto.fi\/yhdistyshuone\/sv\/nominering-av-kandidater-till-finlands-dovas-forbunds-forbundsmote-2026\/"]}]},{"@type":"BreadcrumbList","@id":"https:\/\/kuurojenliitto.fi\/yhdistyshuone\/sv\/nominering-av-kandidater-till-finlands-dovas-forbunds-forbundsmote-2026\/#breadcrumb","itemListElement":[{"@type":"ListItem","position":1,"name":"Ing\u00e5ngssida","item":"https:\/\/kuurojenliitto.fi\/yhdistyshuone\/"},{"@type":"ListItem","position":2,"name":"Nominering av kandidater till Finlands D\u00f6vas F\u00f6rbunds f\u00f6rbundsm\u00f6te 2026"}]},{"@type":"WebSite","@id":"https:\/\/kuurojenliitto.fi\/yhdistyshuone\/#website","url":"https:\/\/kuurojenliitto.fi\/yhdistyshuone\/","name":"Yhdistyshuone","description":"Uusi Kuurojen Liitto-sivustot -sivusto","potentialAction":[{"@type":"SearchAction","target":{"@type":"EntryPoint","urlTemplate":"https:\/\/kuurojenliitto.fi\/yhdistyshuone\/?s={search_term_string}"},"query-input":{"@type":"PropertyValueSpecification","valueRequired":true,"valueName":"search_term_string"}}],"inLanguage":"fi"}]}},"lang":"sv","translations":{"sv":8362,"fi":8175},"pll_sync_post":[],"_links":{"self":[{"href":"https:\/\/kuurojenliitto.fi\/yhdistyshuone\/wp-json\/wp\/v2\/pages\/8362","targetHints":{"allow":["GET"]}}],"collection":[{"href":"https:\/\/kuurojenliitto.fi\/yhdistyshuone\/wp-json\/wp\/v2\/pages"}],"about":[{"href":"https:\/\/kuurojenliitto.fi\/yhdistyshuone\/wp-json\/wp\/v2\/types\/page"}],"author":[{"embeddable":true,"href":"https:\/\/kuurojenliitto.fi\/yhdistyshuone\/wp-json\/wp\/v2\/users\/6"}],"replies":[{"embeddable":true,"href":"https:\/\/kuurojenliitto.fi\/yhdistyshuone\/wp-json\/wp\/v2\/comments?post=8362"}],"version-history":[{"count":50,"href":"https:\/\/kuurojenliitto.fi\/yhdistyshuone\/wp-json\/wp\/v2\/pages\/8362\/revisions"}],"predecessor-version":[{"id":8420,"href":"https:\/\/kuurojenliitto.fi\/yhdistyshuone\/wp-json\/wp\/v2\/pages\/8362\/revisions\/8420"}],"wp:attachment":[{"href":"https:\/\/kuurojenliitto.fi\/yhdistyshuone\/wp-json\/wp\/v2\/media?parent=8362"}],"curies":[{"name":"wp","href":"https:\/\/api.w.org\/{rel}","templated":true}]}}