{"id":835,"date":"2020-02-19T15:45:40","date_gmt":"2020-02-19T13:45:40","guid":{"rendered":"https:\/\/kuurojenliitto.fi\/yhdistyshuone\/?page_id=835"},"modified":"2025-06-13T09:44:41","modified_gmt":"2025-06-13T06:44:41","slug":"styrelsen-och-forbundets-stadgar","status":"publish","type":"page","link":"https:\/\/kuurojenliitto.fi\/yhdistyshuone\/sv\/styrelsen-och-forbundets-stadgar\/","title":{"rendered":"Styrelsen och f\u00f6rbundets stadgar"},"content":{"rendered":"\n\n<section id=\"column-block_6e743c53603463ad9c108c6b38774fb9\" class=\"section-default ingress px-4 sm:px-4 md:px-8 lg:px-12 xl:px-24\">\n    <div class=\"flex pb-4\">\n                      <div class=\"w-full text-lg\">\n                  <p>F\u00f6rbundets angel\u00e4genheter sk\u00f6ts av styrelsen, vars uppgifter \u00e4r definierade i f\u00f6rbundets stadgar. <\/p>\n        <\/div>\n            \n    <\/div>\n\n<\/section>\n\n\n\n<section id=\"column-block_c7c05539c590cb2f154a4915a3ba8fac\" class=\"px-4 sm:px-4 md:px-8 lg:px-12 xl:px-24 section-default \">\n\n            <div class=\"relative py-4 gridder\">\n                        <div id=\"stickier\" class=\"b z-10 flex flex-row flex-wrap  mb-6 top-0 relative\">\n\n          <div class=\"x-tabs w-full\" x-data=\"{ activeTab: 0 }\">\n                    <div :class=\"{ 'hidden': activeTab !== 0 }\" tabindex=\"0\" role=\"tabpanel\" id=\"tab-0\" aria-labelledby=\"label-0\" class=\"bg-white\">\n                            \n    <figure class=\"relative\">\n      <img decoding=\"async\" src=\"https:\/\/kuurojenliitto.fi\/yhdistyshuone\/wp-content\/uploads\/sites\/11\/2025\/06\/web-5323-1280x720.jpg\" alt=\"\">\n    <\/figure>\n                      <div class=\"flex flex-row w-full flex-wrap p-2 bg-light text-dark text-md\">\n                    <span>Styrelsen 2025-26. H\u00e5kan Westerholm, Ronja Tammisara, Milla Pitk\u00e4nen, ordf\u00f6rande Salla Fagerstr\u00f6m, Heidi Joffel, Olli Katainen och Mari Virtanen.<\/span>                  <\/div>\n                                                      <\/div>\n                                <\/div>\n\n                              <\/div>\n        \n          <div class=\"content entry-content bg-white p-8 lg:pr-20 a lg:mr-12 mb-3 shadow-xl hover:shadow-2xl\">\n            <h2>Finlands D\u00f6vas F\u00f6rbunds styrelse<\/h2>\n<p>F\u00f6rbundets angel\u00e4genheter sk\u00f6ts av styrelsen, vars uppgifter \u00e4r definierade i f\u00f6rbundets stadgar. Styrelsen ansvarar inf\u00f6r f\u00f6rbundsm\u00f6tet i egenskap av verkst\u00e4llande beslutsorgan f\u00f6r d\u00f6vf\u00f6rbundets hela verksamhet och administration. \u00c5 andra sidan ska styrelsen uppmuntra f\u00f6rbundsledningen och personalen att fatta sj\u00e4lvst\u00e4ndiga beslut och i att vid utstr\u00e4ckning utnyttja sina befogenheter.<\/p>\n<p>\u00c4renden som ska behandlas p\u00e5 styrelsens m\u00f6te m\u00e5ste skickas till styrelsens sekreterare <strong>Elina Pokki<\/strong> senast tv\u00e5 veckor f\u00f6re m\u00f6tet, per e-post eller som brev.<\/p>\n<div class=\"field field-name-body field-type-text-with-summary field-label-hidden\">\n<p><strong><a href=\"https:\/\/kuurojenliitto.fi\/sv\/styrelsen\/\" target=\"_blank\" rel=\"noopener\">Styrelsens medlemmar 2025-2026<\/a><\/strong><\/p>\n<\/div>\n<p>&nbsp;<\/p>\n                      <\/div>\n\n                      <aside class=\"c\">\n              \n                            <div class=\"border-l-4 border-color pl-4 mb-8\">\n\n                                  <h3 class=\"heading-lg text-2xl mb-2\">Stadgar<\/h3>\n                \n                \n                \n                                  <nav class=\"flex flex-col\">\n                    \n                      \n                                              <a class=\"border-t border-gray-200 py-2\"\n                           href=\"https:\/\/kuurojenliitto.fi\/yhdistyshuone\/wp-content\/uploads\/sites\/11\/2021\/04\/Kuurojen-Liiton-saannot-2020-sve.pdf\"><i\n                            class=\"fa fa-file fa-fw\"><\/i> Finlands D\u00f6vas F\u00f6rbund rf:s  stadgar                        <\/a>\n                      \n                                      <\/nav>\n                              <\/div>\n              \n              \n                                  <h3 class=\"heading-lg text-2xl mb-4\">Styrelsens sekreterare<\/h3>\n                \n                                    <div class=\"flex flex-row-reverse flex-wrap bg-white shadow-xl hover:shadow-2xl p-4 mb-3\">\n\n    <div class=\"w-1\/4 text-right\">\n    <figure class=\"entry-image overflow-hidden\">\n      <img loading=\"lazy\" decoding=\"async\" width=\"800\" height=\"800\" src=\"https:\/\/kuurojenliitto.fi\/yhdistyshuone\/wp-content\/uploads\/sites\/11\/2020\/03\/2022_08-Elina-Pokki-1-e1662114385403-800x800.jpg\" class=\"w-full object-fit\" alt=\"\" srcset=\"https:\/\/kuurojenliitto.fi\/yhdistyshuone\/wp-content\/uploads\/sites\/11\/2020\/03\/2022_08-Elina-Pokki-1-e1662114385403-800x800.jpg 800w, https:\/\/kuurojenliitto.fi\/yhdistyshuone\/wp-content\/uploads\/sites\/11\/2020\/03\/2022_08-Elina-Pokki-1-e1662114385403-768x769.jpg 768w, https:\/\/kuurojenliitto.fi\/yhdistyshuone\/wp-content\/uploads\/sites\/11\/2020\/03\/2022_08-Elina-Pokki-1-e1662114385403.jpg 1080w\" sizes=\"auto, (max-width: 800px) 100vw, 800px\" \/>    <\/figure><!-- .entry-header -->\n  <\/div>\n  <div class=\"entry-content w-3\/4 pr-4\">\n    <h3 class=\"mb-0 text-lg\">\n      <a href=\"https:\/\/kuurojenliitto.fi\/yhdistyshuone\/sv\/person\/elina-pokki\/\">Elina Pokki<\/a>\n    <\/h3>\n    <div class=\"mb-4 mt-0\">\n              <span class=\"text-gray-900 text-sm\">\n                          Verksamhetsledarens assistent                      <\/span>\n                <\/div>\n    <div class=\"flex flex-col text-gray-600 mt-1 text-sm items-start\">\n              <div class=\"flex flex-row-reverse\">\n          <div class=\"ml-2 text-xs\">\n                                                  <span class=\"sr-only\">Henkil\u00f6 ei ota vastaan puheluja<\/span>\n              <i class=\"sr-hide fas fa-fw fa-phone-slash mr-1\"><\/i>\n                                      <span class=\"sr-only\">Henkil\u00f6 ottaa vastaan tekstiviestej\u00e4<\/span>\n              <i class=\"sr-hide fas fa-fw fa-sms mr-1\"><\/i>\n                                      <span class=\"sr-only\">Henkil\u00f6 ottaa vastaan WhatsApp-viestej\u00e4, videoviestej\u00e4 ja videopuheluja<\/span>\n              <i class=\"sr-hide fab fa-fw fa-whatsapp mr-1\"><\/i>\n                                  <\/div>\n          <div><span class=\"sr-only\">Puhelinnumero: <\/span><a href=\"tel:+358 40 738 5089\"> +358 40 738 5089<\/a><\/div>\n        <\/div>\n\n                    <div><span class=\"sr-only\"><\/span><a\n            href=\"mailto:elina.pokki@kuurojenliitto.fi\">elina.pokki@kuurojenliitto.fi<\/a><\/div>\n                <\/div>\n\n      <\/div><!-- .entry-content -->\n        <div class=\"w-full mt-2 text-xs\">\n      <span class=\"sr-only\">Henkil\u00f6n vastuualue<\/span>\n              <a href=\"https:\/\/kuurojenliitto.fi\/yhdistyshuone\/sv\/ansvarsomr%C3%A5de\/styrelsens-sekreterare\/\">\n          <span class=\"bg-light py-px px-1 text-dark inline-block mr-1 mb-1\">\n            Styrelsens sekreterare          <\/span>\n        <\/a>\n          <\/div>\n  \n<\/div>\n                              \n            <\/aside>\n          \n\n      <\/div>\n    \n  \n<\/section>\n","protected":false},"excerpt":{"rendered":"<p>F\u00f6rbundets angel\u00e4genheter sk\u00f6ts av styrelsen, vars uppgifter \u00e4r definierade i f\u00f6rbundets stadgar. Styrelsen 2025-26. H\u00e5kan Westerholm, Ronja Tammisara, Milla Pitk\u00e4nen, ordf\u00f6rande Salla Fagerstr\u00f6m, Heidi Joffel, Olli Katainen och Mari Virtanen. Finlands D\u00f6vas F\u00f6rbunds styrelse F\u00f6rbundets&#8230;<\/p>\n","protected":false},"author":6,"featured_media":8096,"parent":0,"menu_order":0,"comment_status":"closed","ping_status":"closed","template":"","meta":{"footnotes":""},"class_list":["post-835","page","type-page","status-publish","has-post-thumbnail","hentry","px-4 sm:px-4 md:px-8 lg:px-12 xl:px-24"],"acf":[],"yoast_head":"<!-- This site is optimized with the Yoast SEO plugin v27.3 - https:\/\/yoast.com\/product\/yoast-seo-wordpress\/ -->\n<title>Styrelsen och f\u00f6rbundets stadgar - Yhdistyshuone<\/title>\n<meta name=\"robots\" content=\"index, follow, max-snippet:-1, max-image-preview:large, max-video-preview:-1\" \/>\n<link rel=\"canonical\" href=\"https:\/\/kuurojenliitto.fi\/yhdistyshuone\/sv\/styrelsen-och-forbundets-stadgar\/\" \/>\n<meta property=\"og:locale\" content=\"fi_FI\" \/>\n<meta property=\"og:type\" content=\"article\" \/>\n<meta property=\"og:title\" content=\"Styrelsen och f\u00f6rbundets stadgar - Yhdistyshuone\" \/>\n<meta property=\"og:description\" content=\"F\u00f6rbundets angel\u00e4genheter sk\u00f6ts av styrelsen, vars uppgifter \u00e4r definierade i f\u00f6rbundets stadgar. Styrelsen 2025-26. H\u00e5kan Westerholm, Ronja Tammisara, Milla Pitk\u00e4nen, ordf\u00f6rande Salla Fagerstr\u00f6m, Heidi Joffel, Olli Katainen och Mari Virtanen. Finlands D\u00f6vas F\u00f6rbunds styrelse F\u00f6rbundets...\" \/>\n<meta property=\"og:url\" content=\"https:\/\/kuurojenliitto.fi\/yhdistyshuone\/sv\/styrelsen-och-forbundets-stadgar\/\" \/>\n<meta property=\"og:site_name\" content=\"Yhdistyshuone\" \/>\n<meta property=\"article:modified_time\" content=\"2025-06-13T06:44:41+00:00\" \/>\n<meta property=\"og:image\" content=\"https:\/\/kuurojenliitto.fi\/yhdistyshuone\/wp-content\/uploads\/sites\/11\/2025\/06\/web-5323.jpg\" \/>\n\t<meta property=\"og:image:width\" content=\"2048\" \/>\n\t<meta property=\"og:image:height\" content=\"1152\" \/>\n\t<meta property=\"og:image:type\" content=\"image\/jpeg\" \/>\n<meta name=\"twitter:card\" content=\"summary_large_image\" \/>\n<meta name=\"twitter:label1\" content=\"Arvioitu lukuaika\" \/>\n\t<meta name=\"twitter:data1\" content=\"1 minuutti\" \/>\n<script type=\"application\/ld+json\" class=\"yoast-schema-graph\">{\"@context\":\"https:\\\/\\\/schema.org\",\"@graph\":[{\"@type\":\"WebPage\",\"@id\":\"https:\\\/\\\/kuurojenliitto.fi\\\/yhdistyshuone\\\/sv\\\/styrelsen-och-forbundets-stadgar\\\/\",\"url\":\"https:\\\/\\\/kuurojenliitto.fi\\\/yhdistyshuone\\\/sv\\\/styrelsen-och-forbundets-stadgar\\\/\",\"name\":\"Styrelsen och f\u00f6rbundets stadgar - Yhdistyshuone\",\"isPartOf\":{\"@id\":\"https:\\\/\\\/kuurojenliitto.fi\\\/yhdistyshuone\\\/#website\"},\"primaryImageOfPage\":{\"@id\":\"https:\\\/\\\/kuurojenliitto.fi\\\/yhdistyshuone\\\/sv\\\/styrelsen-och-forbundets-stadgar\\\/#primaryimage\"},\"image\":{\"@id\":\"https:\\\/\\\/kuurojenliitto.fi\\\/yhdistyshuone\\\/sv\\\/styrelsen-och-forbundets-stadgar\\\/#primaryimage\"},\"thumbnailUrl\":\"https:\\\/\\\/kuurojenliitto.fi\\\/yhdistyshuone\\\/wp-content\\\/uploads\\\/sites\\\/11\\\/2025\\\/06\\\/web-5323.jpg\",\"datePublished\":\"2020-02-19T13:45:40+00:00\",\"dateModified\":\"2025-06-13T06:44:41+00:00\",\"breadcrumb\":{\"@id\":\"https:\\\/\\\/kuurojenliitto.fi\\\/yhdistyshuone\\\/sv\\\/styrelsen-och-forbundets-stadgar\\\/#breadcrumb\"},\"inLanguage\":\"fi\",\"potentialAction\":[{\"@type\":\"ReadAction\",\"target\":[\"https:\\\/\\\/kuurojenliitto.fi\\\/yhdistyshuone\\\/sv\\\/styrelsen-och-forbundets-stadgar\\\/\"]}]},{\"@type\":\"ImageObject\",\"inLanguage\":\"fi\",\"@id\":\"https:\\\/\\\/kuurojenliitto.fi\\\/yhdistyshuone\\\/sv\\\/styrelsen-och-forbundets-stadgar\\\/#primaryimage\",\"url\":\"https:\\\/\\\/kuurojenliitto.fi\\\/yhdistyshuone\\\/wp-content\\\/uploads\\\/sites\\\/11\\\/2025\\\/06\\\/web-5323.jpg\",\"contentUrl\":\"https:\\\/\\\/kuurojenliitto.fi\\\/yhdistyshuone\\\/wp-content\\\/uploads\\\/sites\\\/11\\\/2025\\\/06\\\/web-5323.jpg\",\"width\":2048,\"height\":1152,\"caption\":\"Styrelsen 2025-26. H\u00e5kan Westerholm, Ronja Tammisara, Milla Pitk\u00e4nen, ordf\u00f6rande Salla Fagerstr\u00f6m, Heidi Joffel, Olli Katainen och Mari Virtanen.\"},{\"@type\":\"BreadcrumbList\",\"@id\":\"https:\\\/\\\/kuurojenliitto.fi\\\/yhdistyshuone\\\/sv\\\/styrelsen-och-forbundets-stadgar\\\/#breadcrumb\",\"itemListElement\":[{\"@type\":\"ListItem\",\"position\":1,\"name\":\"Ing\u00e5ngssida\",\"item\":\"https:\\\/\\\/kuurojenliitto.fi\\\/yhdistyshuone\\\/\"},{\"@type\":\"ListItem\",\"position\":2,\"name\":\"Styrelsen och f\u00f6rbundets stadgar\"}]},{\"@type\":\"WebSite\",\"@id\":\"https:\\\/\\\/kuurojenliitto.fi\\\/yhdistyshuone\\\/#website\",\"url\":\"https:\\\/\\\/kuurojenliitto.fi\\\/yhdistyshuone\\\/\",\"name\":\"Yhdistyshuone\",\"description\":\"Uusi Kuurojen Liitto-sivustot -sivusto\",\"potentialAction\":[{\"@type\":\"SearchAction\",\"target\":{\"@type\":\"EntryPoint\",\"urlTemplate\":\"https:\\\/\\\/kuurojenliitto.fi\\\/yhdistyshuone\\\/?s={search_term_string}\"},\"query-input\":{\"@type\":\"PropertyValueSpecification\",\"valueRequired\":true,\"valueName\":\"search_term_string\"}}],\"inLanguage\":\"fi\"}]}<\/script>\n<!-- \/ Yoast SEO plugin. -->","yoast_head_json":{"title":"Styrelsen och f\u00f6rbundets stadgar - Yhdistyshuone","robots":{"index":"index","follow":"follow","max-snippet":"max-snippet:-1","max-image-preview":"max-image-preview:large","max-video-preview":"max-video-preview:-1"},"canonical":"https:\/\/kuurojenliitto.fi\/yhdistyshuone\/sv\/styrelsen-och-forbundets-stadgar\/","og_locale":"fi_FI","og_type":"article","og_title":"Styrelsen och f\u00f6rbundets stadgar - Yhdistyshuone","og_description":"F\u00f6rbundets angel\u00e4genheter sk\u00f6ts av styrelsen, vars uppgifter \u00e4r definierade i f\u00f6rbundets stadgar. Styrelsen 2025-26. H\u00e5kan Westerholm, Ronja Tammisara, Milla Pitk\u00e4nen, ordf\u00f6rande Salla Fagerstr\u00f6m, Heidi Joffel, Olli Katainen och Mari Virtanen. Finlands D\u00f6vas F\u00f6rbunds styrelse F\u00f6rbundets...","og_url":"https:\/\/kuurojenliitto.fi\/yhdistyshuone\/sv\/styrelsen-och-forbundets-stadgar\/","og_site_name":"Yhdistyshuone","article_modified_time":"2025-06-13T06:44:41+00:00","og_image":[{"width":2048,"height":1152,"url":"https:\/\/kuurojenliitto.fi\/yhdistyshuone\/wp-content\/uploads\/sites\/11\/2025\/06\/web-5323.jpg","type":"image\/jpeg"}],"twitter_card":"summary_large_image","twitter_misc":{"Arvioitu lukuaika":"1 minuutti"},"schema":{"@context":"https:\/\/schema.org","@graph":[{"@type":"WebPage","@id":"https:\/\/kuurojenliitto.fi\/yhdistyshuone\/sv\/styrelsen-och-forbundets-stadgar\/","url":"https:\/\/kuurojenliitto.fi\/yhdistyshuone\/sv\/styrelsen-och-forbundets-stadgar\/","name":"Styrelsen och f\u00f6rbundets stadgar - Yhdistyshuone","isPartOf":{"@id":"https:\/\/kuurojenliitto.fi\/yhdistyshuone\/#website"},"primaryImageOfPage":{"@id":"https:\/\/kuurojenliitto.fi\/yhdistyshuone\/sv\/styrelsen-och-forbundets-stadgar\/#primaryimage"},"image":{"@id":"https:\/\/kuurojenliitto.fi\/yhdistyshuone\/sv\/styrelsen-och-forbundets-stadgar\/#primaryimage"},"thumbnailUrl":"https:\/\/kuurojenliitto.fi\/yhdistyshuone\/wp-content\/uploads\/sites\/11\/2025\/06\/web-5323.jpg","datePublished":"2020-02-19T13:45:40+00:00","dateModified":"2025-06-13T06:44:41+00:00","breadcrumb":{"@id":"https:\/\/kuurojenliitto.fi\/yhdistyshuone\/sv\/styrelsen-och-forbundets-stadgar\/#breadcrumb"},"inLanguage":"fi","potentialAction":[{"@type":"ReadAction","target":["https:\/\/kuurojenliitto.fi\/yhdistyshuone\/sv\/styrelsen-och-forbundets-stadgar\/"]}]},{"@type":"ImageObject","inLanguage":"fi","@id":"https:\/\/kuurojenliitto.fi\/yhdistyshuone\/sv\/styrelsen-och-forbundets-stadgar\/#primaryimage","url":"https:\/\/kuurojenliitto.fi\/yhdistyshuone\/wp-content\/uploads\/sites\/11\/2025\/06\/web-5323.jpg","contentUrl":"https:\/\/kuurojenliitto.fi\/yhdistyshuone\/wp-content\/uploads\/sites\/11\/2025\/06\/web-5323.jpg","width":2048,"height":1152,"caption":"Styrelsen 2025-26. H\u00e5kan Westerholm, Ronja Tammisara, Milla Pitk\u00e4nen, ordf\u00f6rande Salla Fagerstr\u00f6m, Heidi Joffel, Olli Katainen och Mari Virtanen."},{"@type":"BreadcrumbList","@id":"https:\/\/kuurojenliitto.fi\/yhdistyshuone\/sv\/styrelsen-och-forbundets-stadgar\/#breadcrumb","itemListElement":[{"@type":"ListItem","position":1,"name":"Ing\u00e5ngssida","item":"https:\/\/kuurojenliitto.fi\/yhdistyshuone\/"},{"@type":"ListItem","position":2,"name":"Styrelsen och f\u00f6rbundets stadgar"}]},{"@type":"WebSite","@id":"https:\/\/kuurojenliitto.fi\/yhdistyshuone\/#website","url":"https:\/\/kuurojenliitto.fi\/yhdistyshuone\/","name":"Yhdistyshuone","description":"Uusi Kuurojen Liitto-sivustot -sivusto","potentialAction":[{"@type":"SearchAction","target":{"@type":"EntryPoint","urlTemplate":"https:\/\/kuurojenliitto.fi\/yhdistyshuone\/?s={search_term_string}"},"query-input":{"@type":"PropertyValueSpecification","valueRequired":true,"valueName":"search_term_string"}}],"inLanguage":"fi"}]}},"lang":"sv","translations":{"sv":835,"fi":343},"pll_sync_post":[],"_links":{"self":[{"href":"https:\/\/kuurojenliitto.fi\/yhdistyshuone\/wp-json\/wp\/v2\/pages\/835","targetHints":{"allow":["GET"]}}],"collection":[{"href":"https:\/\/kuurojenliitto.fi\/yhdistyshuone\/wp-json\/wp\/v2\/pages"}],"about":[{"href":"https:\/\/kuurojenliitto.fi\/yhdistyshuone\/wp-json\/wp\/v2\/types\/page"}],"author":[{"embeddable":true,"href":"https:\/\/kuurojenliitto.fi\/yhdistyshuone\/wp-json\/wp\/v2\/users\/6"}],"replies":[{"embeddable":true,"href":"https:\/\/kuurojenliitto.fi\/yhdistyshuone\/wp-json\/wp\/v2\/comments?post=835"}],"version-history":[{"count":28,"href":"https:\/\/kuurojenliitto.fi\/yhdistyshuone\/wp-json\/wp\/v2\/pages\/835\/revisions"}],"predecessor-version":[{"id":8106,"href":"https:\/\/kuurojenliitto.fi\/yhdistyshuone\/wp-json\/wp\/v2\/pages\/835\/revisions\/8106"}],"wp:featuredmedia":[{"embeddable":true,"href":"https:\/\/kuurojenliitto.fi\/yhdistyshuone\/wp-json\/wp\/v2\/media\/8096"}],"wp:attachment":[{"href":"https:\/\/kuurojenliitto.fi\/yhdistyshuone\/wp-json\/wp\/v2\/media?parent=835"}],"curies":[{"name":"wp","href":"https:\/\/api.w.org\/{rel}","templated":true}]}}