{"id":8248,"date":"2025-11-20T10:52:23","date_gmt":"2025-11-20T08:52:23","guid":{"rendered":"https:\/\/kuurojenliitto.fi\/yhdistyshuone\/?page_id=8248"},"modified":"2026-01-20T13:59:59","modified_gmt":"2026-01-20T11:59:59","slug":"foreningsdagarna-2026","status":"publish","type":"page","link":"https:\/\/kuurojenliitto.fi\/yhdistyshuone\/sv\/foreningsdagarna-2026\/","title":{"rendered":"F\u00f6reningsdagarna 2026"},"content":{"rendered":"\n\n<section id=\"column-block_7c00e989f1a5568fb129f2419ce4d3c5\" class=\"section-default ingress px-4 sm:px-4 md:px-8 lg:px-12 xl:px-24\">\n    <div class=\"flex pb-4\">\n            \n    <\/div>\n\n<\/section>\n\n\n\n<section id=\"column-block_bad575b905885649ea570fc025b82fe5\" class=\"px-4 sm:px-4 md:px-8 lg:px-12 xl:px-24 section-default \">\n\n            <div class=\"relative py-4 gridder\">\n                        <div id=\"stickier\" class=\"b z-10 flex flex-row flex-wrap  mb-6 top-0 relative\">\n\n          <div class=\"x-tabs w-full\" x-data=\"{ activeTab: 0 }\">\n                    <div :class=\"{ 'hidden': activeTab !== 0 }\" tabindex=\"0\" role=\"tabpanel\" id=\"tab-0\" aria-labelledby=\"label-0\" class=\"bg-white\">\n                                        <button onclick=\"getSticky()\" class=\"bg-moss-500 hover:text-white text-dark w-16 h-16 hidden md:block md:absolute top-0 right-0 z-10\"><i class=\"fas fa-thumbtack fa-lg\"><\/i><br><span id=\"stickytext\">Kiinnit\u00e4<\/span><\/button>\n                                <div class=\"embed-container w-full\">\n    <iframe loading=\"lazy\" title=\"J\u00e4rjest\u00f6p\u00e4iv\u00e4t 2026\" width=\"640\" height=\"360\" src=\"https:\/\/www.youtube.com\/embed\/1d61nnviujA?feature=oembed\" frameborder=\"0\" allow=\"accelerometer; autoplay; clipboard-write; encrypted-media; gyroscope; picture-in-picture; web-share\" referrerpolicy=\"strict-origin-when-cross-origin\" allowfullscreen><\/iframe>  <\/div>\n  <div class=\"w-full p-2 bg-light text-md\">\n        <div class=\"flex flex-row flex-wrap text-sm text-gray-800\">\n              <div class=\"w-full md:w-1\/3\">\n          <i class=\"far fa-clock mr-1 text-gray-500\"><\/i> Kesto: 2:54<\/div>\n      \n      <div class=\"w-full md:w-2\/3\">\n        <i class=\"fal fa-closed-captioning mr-1 text-gray-500\"><\/i>\n        Ei tekstityst\u00e4                  <div class=\"w-full\"><i class=\"fal fa-sign-language mr-1 text-gray-500\"><\/i>\n            Kieli:\n                                                          <span>Suomalainen viittomakieli<\/span>\n                          \n          <\/div>\n              <\/div>\n    <\/div>\n  <\/div>\n                                                <\/div>\n                                <\/div>\n\n                              <\/div>\n        \n          <div class=\"content entry-content bg-white p-8 lg:pr-20 a lg:mr-12 mb-3 shadow-xl hover:shadow-2xl\">\n            <div class=\"field field-name-body field-type-text-with-summary field-label-hidden\">\n<p>F\u00f6reningsdagarna har tv\u00e5 huvudteman:<\/p>\n<ul>\n<li>Artificiell intelligens (och de m\u00f6jligheter som tekniken i den n\u00e4ra framtiden kommer att erbjuda inom f\u00f6reningsverksamheten)<\/li>\n<li>Finlands D\u00f6vas F\u00f6rbunds nya strategi 2026\u20132030<\/li>\n<\/ul>\n<p>F\u00f6reningsdagarna ordnas 30\u201331.1.2026 i Ljusa huset (Ilkkav\u00e4gen 4, Helsingfors). Det \u00e4r m\u00f6jligt att delta i de b\u00e5da dagarna p\u00e5 distans p\u00e5 Zoom.<\/p>\n<h3>Program<\/h3>\n<p><strong>Fredag 30.1<\/strong><\/p>\n<p>18.00 Gemensam \u00f6ppning, presentationsrunda och kaffeservering<br \/>\n18.20\u201318.30 <strong>F\u00f6reningsdagarna \u00f6ppnas<\/strong> \u2013 <em>Salla Fagerstr\u00f6m<\/em><br \/>\n18.30\u201320.00 <strong>Artificiell intelligens och framtidens m\u00f6jligheter inom f\u00f6reningsverksamheten<\/strong><br \/>\nVi diskuterar hur artificiell intelligens kan st\u00f6dja f\u00f6reningarnas arbete, kommunikation och tillg\u00e4nglighet.<br \/>\nVi studerar ocks\u00e5 olika aspekter hos artificiell intelligens och de m\u00f6jligheter som artificiell intelligens erbjuder den teckenspr\u00e5kiga gemenskapen.<\/p>\n<p><strong>L\u00f6rdag 31.1<\/strong><\/p>\n<p>9.00\u201310.15 <strong>Presentation av sannings- och f\u00f6rsoningsprocessens sekretariat<br \/>\n<\/strong>Sekretariatets verksamhet, m\u00e5l och m\u00f6jligheter till samarbete med f\u00f6reningarna presenteras.<\/p>\n<p>10.15\u201310.45 Paus<\/p>\n<p>10.45\u201311.45 <strong>Finlands D\u00f6vas F\u00f6rbunds nya strategi 2026\u20132030: kurs mot framtiden<br \/>\n<\/strong>\u00d6versikt \u00f6ver beredningen av den nya strategin och dess centrala m\u00e5l.<br \/>\nMarkku Jokinen presenterar strategin f\u00f6r \u00e5ren 2026\u20132030, som f\u00f6rbundsm\u00f6tet godk\u00e4nt.<\/p>\n<p>11.45\u201312.30 Lunch<\/p>\n<p>12.30\u201313.30 <strong>Arbete i arbetsgrupper: F\u00f6reningarnas roll n\u00e4r den nya strategin genomf\u00f6rs<br \/>\n<\/strong>Verkst\u00e4derna diskuterar hur medlemsf\u00f6reningarna kan delta i det praktiska genomf\u00f6randet av strategin och hur f\u00f6rbundets riktlinjer kan st\u00f6dja den lokala verksamheten.<\/p>\n<p>13.30\u201313.45 Paus<\/p>\n<p>13.45\u201314.45 <strong>Mot allt starkare samarbete och gemenskap<\/strong><strong><br \/>\n<\/strong>Gemensam diskussion om hur f\u00f6reningarnas samarbete och gemenskap kan st\u00e4rkas med hj\u00e4lp av strategin.<\/p>\n<p>14.45\u201315.30 <strong>Genomg\u00e5ng av verkst\u00e4dernas resultat och sammandrag<br \/>\n<\/strong>Varje grupp presenterar sina viktigaste st\u00e5ndpunkter och sina f\u00f6rslag f\u00f6r utveckling av strategin.<\/p>\n<p>15.30\u201316.00 Avslutningsord och kaffeservering \u2013 <em>Salla Fagerstr\u00f6m <\/em><\/p>\n<h3>Anm\u00e4lan<\/h3>\n<p>Tv\u00e5 representanter per medlemsf\u00f6rening kan delta i f\u00f6reningsdagarna.<br \/>\nAnm\u00e4lan ska g\u00f6ras med den elektroniska blanketten. Personerna ska anm\u00e4la sig som deltagare p\u00e5 plats eller p\u00e5 distans.<br \/>\nTill dem som deltar p\u00e5 distans skickas en Zoom-l\u00e4nk en halv timme innan evenemanget b\u00f6rjar.<br \/>\n<strong>Sista anm\u00e4lningsdagen \u00e4r 15.1.2026.<\/strong><\/p>\n<p><em>(En uppdaterad l\u00e4nk f\u00f6r anm\u00e4lan l\u00e4ggs till senare.)<\/em><\/p>\n<p>De som deltar p\u00e5 distans ska kontrollera att de laddat den senaste versionen av Zoom (5.12.8 eller senare) p\u00e5 sin dator.<br \/>\nSt\u00f6d f\u00f6r deltagande p\u00e5 distans: <strong>Iina Uhlenius<\/strong>, iina.uhlenius@kuurojenliitto.fi<\/p>\n<h3>Reseers\u00e4ttning<\/h3>\n<p>Finlands D\u00f6vas F\u00f6rbund betalar rese- och m\u00e5ltidskostnaderna f\u00f6r en deltagare (\u00f6vernattning ing\u00e5r ej).<br \/>\nDen andra representanten f\u00e5r delta p\u00e5 egen bekostnad.<\/p>\n<p>V\u00e4lkomstkaffet p\u00e5 fredag och kaffet vid avslutningen p\u00e5 l\u00f6rdag ing\u00e5r i programmet.<br \/>\nEn blankett f\u00f6r reser\u00e4kningen skickas efter f\u00f6reningsdagarna, och ers\u00e4ttningarna betalas p\u00e5 de konton som f\u00f6reningarna meddelar under v\u00e5rens g\u00e5ng.<\/p>\n<h3>Inkvartering<\/h3>\n<p>Deltagarna bokar och betalar sin inkvartering sj\u00e4lva, till exempel p\u00e5 <strong>Hotelli Haaga<\/strong>.<\/p>\n<p><strong>Varmt v\u00e4lkomna till F\u00f6reningsdagarna 2026!<\/strong><\/p>\n<p>Tillsammans mot en smartare och mer inkluderande framtid. \ud83e\udd1d<\/p>\n<\/div>\n                      <\/div>\n\n                      <aside class=\"c\">\n                              <div class=\"flex flex-col mt-4 mb-4\">\n                                                          <div class=\"flex flex-row bg-white shadow-xl hover:shadow-2xl h-full mb-4\">\n                                              <div class=\"w-full p-4\">\n                      \n                        <h2 class=\"pb-3 leading-tight heading-sm text-lg\">Direkts\u00e4ndning<\/h2>\n                        <div><p>F\u00f6reningsdagarna direkts\u00e4nds ocks\u00e5 p\u00e5 webben fredagen den 30.1 kl. 18.20 och l\u00f6rdagen den 31.1 fr\u00e5n kl. 9.00: <a href=\"http:\/\/www.kuurojenliitto.fi\/\">www.kuurojenliitto.fi<\/a><\/p>\n<div>\n<p>Direkts\u00e4ndningen tolkas till finska.<\/p>\n<p>F\u00f6reningsdagarnas hashtag (#) \u00e4r: #KLjarjestopaivat2026<\/p>\n<\/div>\n<\/div>\n                                                                                              <\/div>\n                    <\/div>\n                                  <\/div>\n              \n                            <div class=\"border-l-4 border-color pl-4 mb-8\">\n\n                                  <h3 class=\"heading-lg text-2xl mb-2\">Anm\u00e4lan till f\u00f6reningsdagarna:<\/h3>\n                \n                                  <p><a href=\"https:\/\/link.webropol.com\/ep\/jarjestopaivat2026\" target=\"_blank\" rel=\"noopener\">https:\/\/link.webropol.com\/ep\/jarjestopaivat2026<\/a><\/p>\n<p><strong>F\u00f6reningsrummet p\u00e5 sociala medier:<\/strong><\/p>\n                \n                                  <nav class=\"flex flex-col mt-4\">\n                    \n                      \n                                              <a class=\"border-t border-gray-200 text-gray-100 py-2\"\n                           href=\"https:\/\/www.facebook.com\/KLyhdistyshuone\"\n                           target=\"_blank\"><i\n                            class=\"fal fa-angle-right fa-fw\"><\/i> Yhdistyshuone Facebookissa                        <\/a>\n                      \n                                      <\/nav>\n                \n                              <\/div>\n              \n              \n                                  <h3 class=\"heading-lg text-2xl mb-4\">Mer information:<\/h3>\n                \n                                    <div class=\"flex flex-row-reverse flex-wrap bg-white shadow-xl hover:shadow-2xl p-4 mb-3\">\n\n    <div class=\"w-1\/4 text-right\">\n    <figure class=\"entry-image overflow-hidden\">\n      <img loading=\"lazy\" decoding=\"async\" width=\"800\" height=\"800\" src=\"https:\/\/kuurojenliitto.fi\/yhdistyshuone\/wp-content\/uploads\/sites\/11\/2020\/03\/2022_08-Elina-Pokki-1-e1662114385403-800x800.jpg\" class=\"w-full object-fit\" alt=\"\" srcset=\"https:\/\/kuurojenliitto.fi\/yhdistyshuone\/wp-content\/uploads\/sites\/11\/2020\/03\/2022_08-Elina-Pokki-1-e1662114385403-800x800.jpg 800w, https:\/\/kuurojenliitto.fi\/yhdistyshuone\/wp-content\/uploads\/sites\/11\/2020\/03\/2022_08-Elina-Pokki-1-e1662114385403-768x769.jpg 768w, https:\/\/kuurojenliitto.fi\/yhdistyshuone\/wp-content\/uploads\/sites\/11\/2020\/03\/2022_08-Elina-Pokki-1-e1662114385403.jpg 1080w\" sizes=\"auto, (max-width: 800px) 100vw, 800px\" \/>    <\/figure><!-- .entry-header -->\n  <\/div>\n  <div class=\"entry-content w-3\/4 pr-4\">\n    <h3 class=\"mb-0 text-lg\">\n      <a href=\"https:\/\/kuurojenliitto.fi\/yhdistyshuone\/sv\/person\/elina-pokki\/\">Elina Pokki<\/a>\n    <\/h3>\n    <div class=\"mb-4 mt-0\">\n              <span class=\"text-gray-900 text-sm\">\n                          Verksamhetsledarens assistent                      <\/span>\n                <\/div>\n    <div class=\"flex flex-col text-gray-600 mt-1 text-sm items-start\">\n              <div class=\"flex flex-row-reverse\">\n          <div class=\"ml-2 text-xs\">\n                                                  <span class=\"sr-only\">Henkil\u00f6 ei ota vastaan puheluja<\/span>\n              <i class=\"sr-hide fas fa-fw fa-phone-slash mr-1\"><\/i>\n                                      <span class=\"sr-only\">Henkil\u00f6 ottaa vastaan tekstiviestej\u00e4<\/span>\n              <i class=\"sr-hide fas fa-fw fa-sms mr-1\"><\/i>\n                                      <span class=\"sr-only\">Henkil\u00f6 ottaa vastaan WhatsApp-viestej\u00e4, videoviestej\u00e4 ja videopuheluja<\/span>\n              <i class=\"sr-hide fab fa-fw fa-whatsapp mr-1\"><\/i>\n                                  <\/div>\n          <div><span class=\"sr-only\">Puhelinnumero: <\/span><a href=\"tel:+358 40 738 5089\"> +358 40 738 5089<\/a><\/div>\n        <\/div>\n\n                    <div><span class=\"sr-only\"><\/span><a\n            href=\"mailto:elina.pokki@kuurojenliitto.fi\">elina.pokki@kuurojenliitto.fi<\/a><\/div>\n                <\/div>\n\n      <\/div><!-- .entry-content -->\n        <div class=\"w-full mt-2 text-xs\">\n      <span class=\"sr-only\">Henkil\u00f6n vastuualue<\/span>\n              <a href=\"https:\/\/kuurojenliitto.fi\/yhdistyshuone\/sv\/ansvarsomr%C3%A5de\/styrelsens-sekreterare\/\">\n          <span class=\"bg-light py-px px-1 text-dark inline-block mr-1 mb-1\">\n            Styrelsens sekreterare          <\/span>\n        <\/a>\n          <\/div>\n  \n<\/div>\n                                    <div class=\"flex flex-row-reverse flex-wrap bg-white shadow-xl hover:shadow-2xl p-4 mb-3\">\n\n    <div class=\"w-1\/4 text-right\">\n    <figure class=\"entry-image overflow-hidden\">\n      <img loading=\"lazy\" decoding=\"async\" width=\"800\" height=\"800\" src=\"https:\/\/kuurojenliitto.fi\/yhdistyshuone\/wp-content\/uploads\/sites\/11\/2020\/03\/2022_08-Iina-Uhlenius-web-e1665660326691-800x800.jpg\" class=\"w-full object-fit\" alt=\"&quot;&quot;\" srcset=\"https:\/\/kuurojenliitto.fi\/yhdistyshuone\/wp-content\/uploads\/sites\/11\/2020\/03\/2022_08-Iina-Uhlenius-web-e1665660326691-800x800.jpg 800w, https:\/\/kuurojenliitto.fi\/yhdistyshuone\/wp-content\/uploads\/sites\/11\/2020\/03\/2022_08-Iina-Uhlenius-web-e1665660326691-768x769.jpg 768w, https:\/\/kuurojenliitto.fi\/yhdistyshuone\/wp-content\/uploads\/sites\/11\/2020\/03\/2022_08-Iina-Uhlenius-web-e1665660326691.jpg 1345w\" sizes=\"auto, (max-width: 800px) 100vw, 800px\" \/>    <\/figure><!-- .entry-header -->\n  <\/div>\n  <div class=\"entry-content w-3\/4 pr-4\">\n    <h3 class=\"mb-0 text-lg\">\n      <a href=\"https:\/\/kuurojenliitto.fi\/yhdistyshuone\/sv\/person\/iina-uhlenius\/\">Iina Uhlenius<\/a>\n    <\/h3>\n    <div class=\"mb-4 mt-0\">\n              <span class=\"text-gray-900 text-sm\">\n                          Organisationssamordnare                      <\/span>\n                <\/div>\n    <div class=\"flex flex-col text-gray-600 mt-1 text-sm items-start\">\n              <div class=\"flex flex-row-reverse\">\n          <div class=\"ml-2 text-xs\">\n                                                  <span class=\"sr-only\">Henkil\u00f6 ei ota vastaan puheluja<\/span>\n              <i class=\"sr-hide fas fa-fw fa-phone-slash mr-1\"><\/i>\n                                      <span class=\"sr-only\">Henkil\u00f6 ottaa vastaan tekstiviestej\u00e4<\/span>\n              <i class=\"sr-hide fas fa-fw fa-sms mr-1\"><\/i>\n                                      <span class=\"sr-only\">Henkil\u00f6 ottaa vastaan WhatsApp-viestej\u00e4, videoviestej\u00e4 ja videopuheluja<\/span>\n              <i class=\"sr-hide fab fa-fw fa-whatsapp mr-1\"><\/i>\n                                  <\/div>\n          <div><span class=\"sr-only\">Puhelinnumero: <\/span><a href=\"tel:+358 44 752 5256\"> +358 44 752 5256<\/a><\/div>\n        <\/div>\n\n                    <div><span class=\"sr-only\"><\/span><a\n            href=\"mailto:iina.uhlenius@kuurojenliitto.fi\">iina.uhlenius@kuurojenliitto.fi<\/a><\/div>\n                <\/div>\n\n      <\/div><!-- .entry-content -->\n        <div class=\"w-full mt-2 text-xs\">\n      <span class=\"sr-only\">Henkil\u00f6n vastuualue<\/span>\n              <a href=\"https:\/\/kuurojenliitto.fi\/yhdistyshuone\/sv\/ansvarsomr%C3%A5de\/foreningsprogrammet\/\">\n          <span class=\"bg-light py-px px-1 text-dark inline-block mr-1 mb-1\">\n            F\u00f6reningsprogrammet          <\/span>\n        <\/a>\n          <\/div>\n  \n<\/div>\n                              \n            <\/aside>\n          \n\n      <\/div>\n    \n  \n<\/section>\n","protected":false},"excerpt":{"rendered":"<p>Kiinnit\u00e4 Kesto: 2:54 Ei tekstityst\u00e4 Kieli: Suomalainen viittomakieli F\u00f6reningsdagarna har tv\u00e5 huvudteman: Artificiell intelligens (och de m\u00f6jligheter som tekniken i den n\u00e4ra framtiden kommer att erbjuda inom f\u00f6reningsverksamheten) Finlands D\u00f6vas F\u00f6rbunds nya strategi 2026\u20132030 F\u00f6reningsdagarna&#8230;<\/p>\n","protected":false},"author":6,"featured_media":7418,"parent":0,"menu_order":0,"comment_status":"closed","ping_status":"closed","template":"","meta":{"footnotes":""},"class_list":["post-8248","page","type-page","status-publish","has-post-thumbnail","hentry","px-4 sm:px-4 md:px-8 lg:px-12 xl:px-24"],"acf":[],"yoast_head":"<!-- This site is optimized with the Yoast SEO plugin v27.3 - https:\/\/yoast.com\/product\/yoast-seo-wordpress\/ -->\n<title>F\u00f6reningsdagarna 2026 - Yhdistyshuone<\/title>\n<meta name=\"robots\" content=\"index, follow, max-snippet:-1, max-image-preview:large, max-video-preview:-1\" \/>\n<link rel=\"canonical\" href=\"https:\/\/kuurojenliitto.fi\/yhdistyshuone\/sv\/foreningsdagarna-2026\/\" \/>\n<meta property=\"og:locale\" content=\"fi_FI\" \/>\n<meta property=\"og:type\" content=\"article\" \/>\n<meta property=\"og:title\" content=\"F\u00f6reningsdagarna 2026 - Yhdistyshuone\" \/>\n<meta property=\"og:description\" content=\"Kiinnit\u00e4 Kesto: 2:54 Ei tekstityst\u00e4 Kieli: Suomalainen viittomakieli F\u00f6reningsdagarna har tv\u00e5 huvudteman: Artificiell intelligens (och de m\u00f6jligheter som tekniken i den n\u00e4ra framtiden kommer att erbjuda inom f\u00f6reningsverksamheten) Finlands D\u00f6vas F\u00f6rbunds nya strategi 2026\u20132030 F\u00f6reningsdagarna...\" \/>\n<meta property=\"og:url\" content=\"https:\/\/kuurojenliitto.fi\/yhdistyshuone\/sv\/foreningsdagarna-2026\/\" \/>\n<meta property=\"og:site_name\" content=\"Yhdistyshuone\" \/>\n<meta property=\"article:modified_time\" content=\"2026-01-20T11:59:59+00:00\" \/>\n<meta property=\"og:image\" content=\"https:\/\/kuurojenliitto.fi\/yhdistyshuone\/wp-content\/uploads\/sites\/11\/2024\/11\/IMG_5589-Edit.jpg\" \/>\n\t<meta property=\"og:image:width\" content=\"2048\" \/>\n\t<meta property=\"og:image:height\" content=\"1365\" \/>\n\t<meta property=\"og:image:type\" content=\"image\/jpeg\" \/>\n<meta name=\"twitter:card\" content=\"summary_large_image\" \/>\n<meta name=\"twitter:label1\" content=\"Arvioitu lukuaika\" \/>\n\t<meta name=\"twitter:data1\" content=\"1 minuutti\" \/>\n<script type=\"application\/ld+json\" class=\"yoast-schema-graph\">{\"@context\":\"https:\\\/\\\/schema.org\",\"@graph\":[{\"@type\":\"WebPage\",\"@id\":\"https:\\\/\\\/kuurojenliitto.fi\\\/yhdistyshuone\\\/sv\\\/foreningsdagarna-2026\\\/\",\"url\":\"https:\\\/\\\/kuurojenliitto.fi\\\/yhdistyshuone\\\/sv\\\/foreningsdagarna-2026\\\/\",\"name\":\"F\u00f6reningsdagarna 2026 - Yhdistyshuone\",\"isPartOf\":{\"@id\":\"https:\\\/\\\/kuurojenliitto.fi\\\/yhdistyshuone\\\/#website\"},\"primaryImageOfPage\":{\"@id\":\"https:\\\/\\\/kuurojenliitto.fi\\\/yhdistyshuone\\\/sv\\\/foreningsdagarna-2026\\\/#primaryimage\"},\"image\":{\"@id\":\"https:\\\/\\\/kuurojenliitto.fi\\\/yhdistyshuone\\\/sv\\\/foreningsdagarna-2026\\\/#primaryimage\"},\"thumbnailUrl\":\"https:\\\/\\\/kuurojenliitto.fi\\\/yhdistyshuone\\\/wp-content\\\/uploads\\\/sites\\\/11\\\/2024\\\/11\\\/IMG_5589-Edit.jpg\",\"datePublished\":\"2025-11-20T08:52:23+00:00\",\"dateModified\":\"2026-01-20T11:59:59+00:00\",\"breadcrumb\":{\"@id\":\"https:\\\/\\\/kuurojenliitto.fi\\\/yhdistyshuone\\\/sv\\\/foreningsdagarna-2026\\\/#breadcrumb\"},\"inLanguage\":\"fi\",\"potentialAction\":[{\"@type\":\"ReadAction\",\"target\":[\"https:\\\/\\\/kuurojenliitto.fi\\\/yhdistyshuone\\\/sv\\\/foreningsdagarna-2026\\\/\"]}]},{\"@type\":\"ImageObject\",\"inLanguage\":\"fi\",\"@id\":\"https:\\\/\\\/kuurojenliitto.fi\\\/yhdistyshuone\\\/sv\\\/foreningsdagarna-2026\\\/#primaryimage\",\"url\":\"https:\\\/\\\/kuurojenliitto.fi\\\/yhdistyshuone\\\/wp-content\\\/uploads\\\/sites\\\/11\\\/2024\\\/11\\\/IMG_5589-Edit.jpg\",\"contentUrl\":\"https:\\\/\\\/kuurojenliitto.fi\\\/yhdistyshuone\\\/wp-content\\\/uploads\\\/sites\\\/11\\\/2024\\\/11\\\/IMG_5589-Edit.jpg\",\"width\":2048,\"height\":1365},{\"@type\":\"BreadcrumbList\",\"@id\":\"https:\\\/\\\/kuurojenliitto.fi\\\/yhdistyshuone\\\/sv\\\/foreningsdagarna-2026\\\/#breadcrumb\",\"itemListElement\":[{\"@type\":\"ListItem\",\"position\":1,\"name\":\"Ing\u00e5ngssida\",\"item\":\"https:\\\/\\\/kuurojenliitto.fi\\\/yhdistyshuone\\\/\"},{\"@type\":\"ListItem\",\"position\":2,\"name\":\"F\u00f6reningsdagarna 2026\"}]},{\"@type\":\"WebSite\",\"@id\":\"https:\\\/\\\/kuurojenliitto.fi\\\/yhdistyshuone\\\/#website\",\"url\":\"https:\\\/\\\/kuurojenliitto.fi\\\/yhdistyshuone\\\/\",\"name\":\"Yhdistyshuone\",\"description\":\"Uusi Kuurojen Liitto-sivustot -sivusto\",\"potentialAction\":[{\"@type\":\"SearchAction\",\"target\":{\"@type\":\"EntryPoint\",\"urlTemplate\":\"https:\\\/\\\/kuurojenliitto.fi\\\/yhdistyshuone\\\/?s={search_term_string}\"},\"query-input\":{\"@type\":\"PropertyValueSpecification\",\"valueRequired\":true,\"valueName\":\"search_term_string\"}}],\"inLanguage\":\"fi\"}]}<\/script>\n<!-- \/ Yoast SEO plugin. -->","yoast_head_json":{"title":"F\u00f6reningsdagarna 2026 - Yhdistyshuone","robots":{"index":"index","follow":"follow","max-snippet":"max-snippet:-1","max-image-preview":"max-image-preview:large","max-video-preview":"max-video-preview:-1"},"canonical":"https:\/\/kuurojenliitto.fi\/yhdistyshuone\/sv\/foreningsdagarna-2026\/","og_locale":"fi_FI","og_type":"article","og_title":"F\u00f6reningsdagarna 2026 - Yhdistyshuone","og_description":"Kiinnit\u00e4 Kesto: 2:54 Ei tekstityst\u00e4 Kieli: Suomalainen viittomakieli F\u00f6reningsdagarna har tv\u00e5 huvudteman: Artificiell intelligens (och de m\u00f6jligheter som tekniken i den n\u00e4ra framtiden kommer att erbjuda inom f\u00f6reningsverksamheten) Finlands D\u00f6vas F\u00f6rbunds nya strategi 2026\u20132030 F\u00f6reningsdagarna...","og_url":"https:\/\/kuurojenliitto.fi\/yhdistyshuone\/sv\/foreningsdagarna-2026\/","og_site_name":"Yhdistyshuone","article_modified_time":"2026-01-20T11:59:59+00:00","og_image":[{"width":2048,"height":1365,"url":"https:\/\/kuurojenliitto.fi\/yhdistyshuone\/wp-content\/uploads\/sites\/11\/2024\/11\/IMG_5589-Edit.jpg","type":"image\/jpeg"}],"twitter_card":"summary_large_image","twitter_misc":{"Arvioitu lukuaika":"1 minuutti"},"schema":{"@context":"https:\/\/schema.org","@graph":[{"@type":"WebPage","@id":"https:\/\/kuurojenliitto.fi\/yhdistyshuone\/sv\/foreningsdagarna-2026\/","url":"https:\/\/kuurojenliitto.fi\/yhdistyshuone\/sv\/foreningsdagarna-2026\/","name":"F\u00f6reningsdagarna 2026 - Yhdistyshuone","isPartOf":{"@id":"https:\/\/kuurojenliitto.fi\/yhdistyshuone\/#website"},"primaryImageOfPage":{"@id":"https:\/\/kuurojenliitto.fi\/yhdistyshuone\/sv\/foreningsdagarna-2026\/#primaryimage"},"image":{"@id":"https:\/\/kuurojenliitto.fi\/yhdistyshuone\/sv\/foreningsdagarna-2026\/#primaryimage"},"thumbnailUrl":"https:\/\/kuurojenliitto.fi\/yhdistyshuone\/wp-content\/uploads\/sites\/11\/2024\/11\/IMG_5589-Edit.jpg","datePublished":"2025-11-20T08:52:23+00:00","dateModified":"2026-01-20T11:59:59+00:00","breadcrumb":{"@id":"https:\/\/kuurojenliitto.fi\/yhdistyshuone\/sv\/foreningsdagarna-2026\/#breadcrumb"},"inLanguage":"fi","potentialAction":[{"@type":"ReadAction","target":["https:\/\/kuurojenliitto.fi\/yhdistyshuone\/sv\/foreningsdagarna-2026\/"]}]},{"@type":"ImageObject","inLanguage":"fi","@id":"https:\/\/kuurojenliitto.fi\/yhdistyshuone\/sv\/foreningsdagarna-2026\/#primaryimage","url":"https:\/\/kuurojenliitto.fi\/yhdistyshuone\/wp-content\/uploads\/sites\/11\/2024\/11\/IMG_5589-Edit.jpg","contentUrl":"https:\/\/kuurojenliitto.fi\/yhdistyshuone\/wp-content\/uploads\/sites\/11\/2024\/11\/IMG_5589-Edit.jpg","width":2048,"height":1365},{"@type":"BreadcrumbList","@id":"https:\/\/kuurojenliitto.fi\/yhdistyshuone\/sv\/foreningsdagarna-2026\/#breadcrumb","itemListElement":[{"@type":"ListItem","position":1,"name":"Ing\u00e5ngssida","item":"https:\/\/kuurojenliitto.fi\/yhdistyshuone\/"},{"@type":"ListItem","position":2,"name":"F\u00f6reningsdagarna 2026"}]},{"@type":"WebSite","@id":"https:\/\/kuurojenliitto.fi\/yhdistyshuone\/#website","url":"https:\/\/kuurojenliitto.fi\/yhdistyshuone\/","name":"Yhdistyshuone","description":"Uusi Kuurojen Liitto-sivustot -sivusto","potentialAction":[{"@type":"SearchAction","target":{"@type":"EntryPoint","urlTemplate":"https:\/\/kuurojenliitto.fi\/yhdistyshuone\/?s={search_term_string}"},"query-input":{"@type":"PropertyValueSpecification","valueRequired":true,"valueName":"search_term_string"}}],"inLanguage":"fi"}]}},"lang":"sv","translations":{"sv":8248,"fi":8232},"pll_sync_post":[],"_links":{"self":[{"href":"https:\/\/kuurojenliitto.fi\/yhdistyshuone\/wp-json\/wp\/v2\/pages\/8248","targetHints":{"allow":["GET"]}}],"collection":[{"href":"https:\/\/kuurojenliitto.fi\/yhdistyshuone\/wp-json\/wp\/v2\/pages"}],"about":[{"href":"https:\/\/kuurojenliitto.fi\/yhdistyshuone\/wp-json\/wp\/v2\/types\/page"}],"author":[{"embeddable":true,"href":"https:\/\/kuurojenliitto.fi\/yhdistyshuone\/wp-json\/wp\/v2\/users\/6"}],"replies":[{"embeddable":true,"href":"https:\/\/kuurojenliitto.fi\/yhdistyshuone\/wp-json\/wp\/v2\/comments?post=8248"}],"version-history":[{"count":25,"href":"https:\/\/kuurojenliitto.fi\/yhdistyshuone\/wp-json\/wp\/v2\/pages\/8248\/revisions"}],"predecessor-version":[{"id":8655,"href":"https:\/\/kuurojenliitto.fi\/yhdistyshuone\/wp-json\/wp\/v2\/pages\/8248\/revisions\/8655"}],"wp:featuredmedia":[{"embeddable":true,"href":"https:\/\/kuurojenliitto.fi\/yhdistyshuone\/wp-json\/wp\/v2\/media\/7418"}],"wp:attachment":[{"href":"https:\/\/kuurojenliitto.fi\/yhdistyshuone\/wp-json\/wp\/v2\/media?parent=8248"}],"curies":[{"name":"wp","href":"https:\/\/api.w.org\/{rel}","templated":true}]}}