{"id":8232,"date":"2025-11-20T10:53:19","date_gmt":"2025-11-20T08:53:19","guid":{"rendered":"https:\/\/kuurojenliitto.fi\/yhdistyshuone\/?page_id=8232"},"modified":"2026-01-23T21:29:51","modified_gmt":"2026-01-23T19:29:51","slug":"jarjestopaivat-2026","status":"publish","type":"page","link":"https:\/\/kuurojenliitto.fi\/yhdistyshuone\/jarjestopaivat-2026\/","title":{"rendered":"J\u00e4rjest\u00f6p\u00e4iv\u00e4t 2026"},"content":{"rendered":"\n\n<section id=\"column-block_e6beb5c41835460a10652ab7d6763a8b\" class=\"section-default ingress px-4 sm:px-4 md:px-8 lg:px-12 xl:px-24\">\n    <div class=\"flex pb-4\">\n                      <div class=\"w-full text-lg\">\n                  <p>J\u00e4rjest\u00f6p\u00e4iv\u00e4t toteutetaan hybriditapahtumana: voitte osallistua paikan p\u00e4\u00e4ll\u00e4 Helsingiss\u00e4 tai et\u00e4n\u00e4 Zoomin verkkoalustalla.   <\/p>\n        <\/div>\n            \n    <\/div>\n\n<\/section>\n\n\n\n<section id=\"column-block_e51c9a9d4fb898fe2726ccc2a8e26434\" class=\"px-4 sm:px-4 md:px-8 lg:px-12 xl:px-24 section-default \">\n\n            <div class=\"relative py-4 gridder\">\n                        <div id=\"stickier\" class=\"b z-10 flex flex-row flex-wrap  mb-6 top-0 relative\">\n\n          <div class=\"x-tabs w-full\" x-data=\"{ activeTab: 0 }\">\n                    <div :class=\"{ 'hidden': activeTab !== 0 }\" tabindex=\"0\" role=\"tabpanel\" id=\"tab-0\" aria-labelledby=\"label-0\" class=\"bg-white\">\n                                        <button onclick=\"getSticky()\" class=\"bg-moss-500 hover:text-white text-dark w-16 h-16 hidden md:block md:absolute top-0 right-0 z-10\"><i class=\"fas fa-thumbtack fa-lg\"><\/i><br><span id=\"stickytext\">Kiinnit\u00e4<\/span><\/button>\n                                <div class=\"embed-container w-full\">\n    <iframe loading=\"lazy\" title=\"J\u00e4rjest\u00f6p\u00e4iv\u00e4t 2026\" width=\"640\" height=\"360\" src=\"https:\/\/www.youtube.com\/embed\/1d61nnviujA?feature=oembed\" frameborder=\"0\" allow=\"accelerometer; autoplay; clipboard-write; encrypted-media; gyroscope; picture-in-picture; web-share\" referrerpolicy=\"strict-origin-when-cross-origin\" allowfullscreen><\/iframe>  <\/div>\n  <div class=\"w-full p-2 bg-light text-md\">\n        <div class=\"flex flex-row flex-wrap text-sm text-gray-800\">\n              <div class=\"w-full md:w-1\/3\">\n          <i class=\"far fa-clock mr-1 text-gray-500\"><\/i> Kesto: 2:54<\/div>\n      \n      <div class=\"w-full md:w-2\/3\">\n        <i class=\"fal fa-closed-captioning mr-1 text-gray-500\"><\/i>\n        Ei tekstityst\u00e4                  <div class=\"w-full\"><i class=\"fal fa-sign-language mr-1 text-gray-500\"><\/i>\n            Kieli:\n                                                          <span>Suomalainen viittomakieli<\/span>\n                          \n          <\/div>\n              <\/div>\n    <\/div>\n  <\/div>\n                                                <\/div>\n                                <\/div>\n\n                              <\/div>\n        \n          <div class=\"content entry-content bg-white p-8 lg:pr-20 a lg:mr-12 mb-3 shadow-xl hover:shadow-2xl\">\n            <div class=\"field field-name-body field-type-text-with-summary field-label-hidden\">\n<p><strong>J\u00e4rjest\u00f6p\u00e4ivill\u00e4 on kaksi p\u00e4\u00e4teemaa:<\/strong><\/p>\n<ul>\n<li>Teko\u00e4ly (ja l\u00e4hitulevaisuuden teknologian tarjoamat mahdollisuudet j\u00e4rjest\u00f6toiminnassa)<\/li>\n<li>Kuurojen Liiton uusi strategia 2026\u20132030<\/li>\n<\/ul>\n<p>J\u00e4rjest\u00f6p\u00e4iv\u00e4t pidet\u00e4\u00e4n <strong>30.-31.1.2026 <\/strong>Valkeassa talossa (Ilkantie 4, Helsinki). Molemmat p\u00e4iv\u00e4t pidet\u00e4\u00e4n my\u00f6s Zoomin kautta et\u00e4n\u00e4.<\/p>\n<h3>Ohjelma<\/h3>\n<h4>Perjantai 30.1.<\/h4>\n<p><strong>18.00 <\/strong>Yhteinen avaus, esittelykierros ja kahvittelu<\/p>\n<p><strong>18.20\u201318.30<\/strong>\u00a0<strong>J\u00e4rjest\u00f6p\u00e4ivien avaus<\/strong> \u2013 Salla Fagerstr\u00f6m<br \/>\n<strong><br \/>\n18.30\u201320.00\u00a0<\/strong> <strong>Teko\u00e4ly ja tulevaisuuden mahdollisuudet j\u00e4rjest\u00f6toiminnassa<\/strong>.<br \/>\nT\u00e4ss\u00e4 osiossa pohditaan, miten teko\u00e4ly voi tukea j\u00e4rjest\u00f6jen ty\u00f6t\u00e4, viestint\u00e4\u00e4 ja saavutettavuutta. Tarkastellaan my\u00f6s teko\u00e4lyn n\u00e4k\u00f6kulmia ja sen tarjoamia mahdollisuuksia viittomakielisen yhteis\u00f6n hyv\u00e4ksi.<\/p>\n<h4>Lauantai 31.1.<\/h4>\n<p><strong>9.00\u201310.15<\/strong> <strong>Totuus- ja sovintoprosessin sihteerist\u00f6n esittely<br \/>\n<\/strong>Esittelyss\u00e4 kerrotaan sihteerist\u00f6n toiminnasta, tavoitteista ja yhteisty\u00f6mahdollisuuksista j\u00e4rjest\u00f6jen kanssa.<\/p>\n<p><strong>10.15\u201310.45<\/strong> Tauko<\/p>\n<p><strong>10.45-11.45<\/strong> <strong>Kuurojen Liiton uusi strategia 2026\u20132030: suunta kohti tulevaisuutta<\/strong><br \/>\nKatsaus uuden strategian valmisteluun ja sen keskeisiin tavoitteisiin.<br \/>\nMarkku Jokinen esittelee liittokokouksen hyv\u00e4ksym\u00e4\u00e4 strategiaa vuosille 2026-2030.<\/p>\n<p><strong>11.45\u201312.30<\/strong> Lounas<\/p>\n<p><strong>12.30-13.30 Ty\u00f6ryhm\u00e4osio: J\u00e4rjest\u00f6jen rooli uuden strategian toteuttamisessa<\/strong><br \/>\n<span data-olk-copy-source=\"MessageBody\">Ty\u00f6pajoissa keskustellaan siit\u00e4, miten j\u00e4senyhdistykset voivat osallistua strategian k\u00e4yt\u00e4nn\u00f6n\u00a0<\/span>toteutukseen\u00a0(toimenpide-ehdotukset)\u00a0ja miten\u00a0yhteis\u00f6llisyytt\u00e4 koskevat teemat voivat toteutua paikallisella ja alueellisella tasolla.<b>\u00a0<\/b><\/p>\n<p><strong>13.30\u201313.45<\/strong> Tauko<\/p>\n<p><strong>13.45-14.45<\/strong> <strong>Yhteisty\u00f6n ja yhteis\u00f6llisyyden vahvistaminen <\/strong><br \/>\nYhteinen keskustelu siit\u00e4, miten j\u00e4rjest\u00f6jen v\u00e4list\u00e4 yhteisty\u00f6t\u00e4 ja yhteis\u00f6llisyytt\u00e4 voidaan vahvistaa strategian avulla.<\/p>\n<p><strong>14.45\u201315.30<\/strong> <strong>Ty\u00f6pajojen purku ja yhteenveto<\/strong><br \/>\nJokainen ryhm\u00e4 esittelee t\u00e4rkeimm\u00e4t n\u00e4kemyksens\u00e4 ja ehdotuksensa strategian kehitt\u00e4miseksi.<\/p>\n<p><strong>15.30-16.00<\/strong> P\u00e4\u00e4t\u00f6ssanat ja kahvittelu \u2013 Salla Fagerstr\u00f6m<\/p>\n<h3>Ilmoittautuminen<\/h3>\n<p>J\u00e4rjest\u00f6p\u00e4iville voi osallistua kaksi edustajaa \/ j\u00e4senyhdistys. S\u00e4hk\u00f6isen ilmoittautumislomakkeen kautta ilmoittaudutte joko l\u00e4sn\u00e4 tai et\u00e4n\u00e4 olevaksi. Et\u00e4osallistujille l\u00e4hetet\u00e4\u00e4n Zoom-linkki puoli tuntia ennen tapahtuman alkua.\u00a0\u00a0Viimeinen ilmoittautumisp\u00e4iv\u00e4 on <strong>15.1.2026<\/strong><\/p>\n<p><strong>Ilmoittautumislinkki: <\/strong><a href=\"https:\/\/link.webropol.com\/ep\/jarjestopaivat2026\" target=\"_blank\" rel=\"noopener\">https:\/\/link.webropol.com\/ep\/jarjestopaivat2026<\/a><\/p>\n<p>Et\u00e4osallistujien on hyv\u00e4 varmistaa, ett\u00e4 Zoomin uusin versio (5.12.8 tai uudempi) on ladattu.<br \/>\nTuki et\u00e4osallistumiseen: <strong>Iina Uhlenius<\/strong>, <a href=\"mailto:iina.uhlenius@kuurojenliitto.fi\">iina.uhlenius@kuurojenliitto.fi<\/a><\/p>\n<h3>Matkakorvaus<\/h3>\n<p>Kuurojen Liitto maksaa yhden osallistujan matka- ja ruokailukulut kustakin j\u00e4senyhdistyksest\u00e4 (ei sis\u00e4ll\u00e4 y\u00f6pymist\u00e4). Toinen edustaja voi osallistua omalla kustannuksellaan.<\/p>\n<p>Perjantain tulokahvit ja lauantain p\u00e4\u00e4t\u00f6skahvit sis\u00e4ltyv\u00e4t ohjelmaan.<br \/>\nMatkalaskulomake l\u00e4hetet\u00e4\u00e4n j\u00e4rjest\u00f6p\u00e4ivien j\u00e4lkeen, ja korvaukset maksetaan yhdistysten ilmoittamille tileille kev\u00e4\u00e4n aikana.<\/p>\n<h3>Majoitus<\/h3>\n<p>Jokainen varaa ja maksaa oman majoituksensa esimerkiksi Hotelli\u00a0Haagasta.<\/p>\n<p><strong>L\u00e4mpim\u00e4sti tervetuloa j\u00e4rjest\u00f6p\u00e4iville! <\/strong><\/p>\n<p>Yhdess\u00e4 kohti \u00e4lykk\u00e4\u00e4mp\u00e4\u00e4 ja osallistavampaa tulevaisuutta. \ud83e\udd1d<\/p>\n<\/div>\n                      <\/div>\n\n                      <aside class=\"c\">\n                              <div class=\"flex flex-col mt-4 mb-4\">\n                                                          <div class=\"flex flex-row bg-white shadow-xl hover:shadow-2xl h-full mb-4\">\n                                              <div class=\"w-full p-4\">\n                      \n                        <h2 class=\"pb-3 leading-tight heading-sm text-lg\">Suora l\u00e4hetys<\/h2>\n                        <div><p>Kaikille avoin suora l\u00e4hetys perjantaina 30.1. klo 18.20 ja lauantaina 31.1. klo 9.00 alkaen osoitteessa: <a href=\"http:\/\/www.kuurojenliitto.fi\">www.kuurojenliitto.fi<\/a><\/p>\n<p>L\u00e4hetyksess\u00e4 on tulkkaus suomen kielelle.<\/p>\n<p>Tapahtuman hashtag (#) on: #KLjarjestopaivat2026<\/p>\n<\/div>\n                                                                                              <\/div>\n                    <\/div>\n                                  <\/div>\n              \n                            <div class=\"border-l-4 border-color pl-4 mb-8\">\n\n                                  <h3 class=\"heading-lg text-2xl mb-2\">Ilmoittautuminen j\u00e4rjest\u00f6p\u00e4iville:<\/h3>\n                \n                                  <p><a href=\"https:\/\/link.webropol.com\/ep\/jarjestopaivat2026\" target=\"_blank\" rel=\"noopener\">https:\/\/link.webropol.com\/ep\/jarjestopaivat2026<\/a><\/p>\n<p><strong>Yhdistyshuone somessa:<\/strong><\/p>\n                \n                                  <nav class=\"flex flex-col mt-4\">\n                    \n                      \n                                              <a class=\"border-t border-gray-200 text-gray-100 py-2\"\n                           href=\"https:\/\/www.facebook.com\/KLyhdistyshuone\"\n                           target=\"_blank\"><i\n                            class=\"fal fa-angle-right fa-fw\"><\/i> Yhdistyshuone Facebookissa                        <\/a>\n                      \n                                      <\/nav>\n                \n                              <\/div>\n              \n              \n                                  <h3 class=\"heading-lg text-2xl mb-4\">Lis\u00e4tietoja<\/h3>\n                \n                                    <div class=\"flex flex-row-reverse flex-wrap bg-white shadow-xl hover:shadow-2xl p-4 mb-3\">\n\n    <div class=\"w-1\/4 text-right\">\n    <figure class=\"entry-image overflow-hidden\">\n      <img loading=\"lazy\" decoding=\"async\" width=\"800\" height=\"800\" src=\"https:\/\/kuurojenliitto.fi\/yhdistyshuone\/wp-content\/uploads\/sites\/11\/2020\/03\/2022_08-Elina-Pokki-1-e1662114385403-800x800.jpg\" class=\"w-full object-fit\" alt=\"&quot;&quot;\" srcset=\"https:\/\/kuurojenliitto.fi\/yhdistyshuone\/wp-content\/uploads\/sites\/11\/2020\/03\/2022_08-Elina-Pokki-1-e1662114385403-800x800.jpg 800w, https:\/\/kuurojenliitto.fi\/yhdistyshuone\/wp-content\/uploads\/sites\/11\/2020\/03\/2022_08-Elina-Pokki-1-e1662114385403-768x769.jpg 768w, https:\/\/kuurojenliitto.fi\/yhdistyshuone\/wp-content\/uploads\/sites\/11\/2020\/03\/2022_08-Elina-Pokki-1-e1662114385403.jpg 1080w\" sizes=\"auto, (max-width: 800px) 100vw, 800px\" \/>    <\/figure><!-- .entry-header -->\n  <\/div>\n  <div class=\"entry-content w-3\/4 pr-4\">\n    <h3 class=\"mb-0 text-lg\">\n      <a href=\"https:\/\/kuurojenliitto.fi\/yhdistyshuone\/henkilo\/elina-pokki\/\">Elina Pokki<\/a>\n    <\/h3>\n    <div class=\"mb-4 mt-0\">\n              <span class=\"text-gray-900 text-sm\">\n                          Toiminnanjohtajan assistentti                      <\/span>\n                <\/div>\n    <div class=\"flex flex-col text-gray-600 mt-1 text-sm items-start\">\n              <div class=\"flex flex-row-reverse\">\n          <div class=\"ml-2 text-xs\">\n                                                  <span class=\"sr-only\">Henkil\u00f6 ei ota vastaan puheluja<\/span>\n              <i class=\"sr-hide fas fa-fw fa-phone-slash mr-1\"><\/i>\n                                      <span class=\"sr-only\">Henkil\u00f6 ottaa vastaan tekstiviestej\u00e4<\/span>\n              <i class=\"sr-hide fas fa-fw fa-sms mr-1\"><\/i>\n                                      <span class=\"sr-only\">Henkil\u00f6 ottaa vastaan WhatsApp-viestej\u00e4, videoviestej\u00e4 ja videopuheluja<\/span>\n              <i class=\"sr-hide fab fa-fw fa-whatsapp mr-1\"><\/i>\n                                  <\/div>\n          <div><span class=\"sr-only\">Puhelinnumero: <\/span><a href=\"tel:+358 40 738 5089\"> +358 40 738 5089<\/a><\/div>\n        <\/div>\n\n                    <div><span class=\"sr-only\"><\/span><a\n            href=\"mailto:elina.pokki@kuurojenliitto.fi\">elina.pokki@kuurojenliitto.fi<\/a><\/div>\n                <\/div>\n\n      <\/div><!-- .entry-content -->\n        <div class=\"w-full mt-2 text-xs\">\n      <span class=\"sr-only\">Henkil\u00f6n vastuualue<\/span>\n              <a href=\"https:\/\/kuurojenliitto.fi\/yhdistyshuone\/vastuualue\/hallituksen-sihteeri\/\">\n          <span class=\"bg-light py-px px-1 text-dark inline-block mr-1 mb-1\">\n            Hallituksen sihteeri          <\/span>\n        <\/a>\n          <\/div>\n  \n<\/div>\n                                    <div class=\"flex flex-row-reverse flex-wrap bg-white shadow-xl hover:shadow-2xl p-4 mb-3\">\n\n    <div class=\"w-1\/4 text-right\">\n    <figure class=\"entry-image overflow-hidden\">\n      <img loading=\"lazy\" decoding=\"async\" width=\"800\" height=\"800\" src=\"https:\/\/kuurojenliitto.fi\/yhdistyshuone\/wp-content\/uploads\/sites\/11\/2020\/03\/2022_08-Iina-Uhlenius-web-e1665660326691-800x800.jpg\" class=\"w-full object-fit\" alt=\"&quot;&quot;\" srcset=\"https:\/\/kuurojenliitto.fi\/yhdistyshuone\/wp-content\/uploads\/sites\/11\/2020\/03\/2022_08-Iina-Uhlenius-web-e1665660326691-800x800.jpg 800w, https:\/\/kuurojenliitto.fi\/yhdistyshuone\/wp-content\/uploads\/sites\/11\/2020\/03\/2022_08-Iina-Uhlenius-web-e1665660326691-768x769.jpg 768w, https:\/\/kuurojenliitto.fi\/yhdistyshuone\/wp-content\/uploads\/sites\/11\/2020\/03\/2022_08-Iina-Uhlenius-web-e1665660326691.jpg 1345w\" sizes=\"auto, (max-width: 800px) 100vw, 800px\" \/>    <\/figure><!-- .entry-header -->\n  <\/div>\n  <div class=\"entry-content w-3\/4 pr-4\">\n    <h3 class=\"mb-0 text-lg\">\n      <a href=\"https:\/\/kuurojenliitto.fi\/yhdistyshuone\/henkilo\/iina-uhlenius\/\">Iina Uhlenius<\/a>\n    <\/h3>\n    <div class=\"mb-4 mt-0\">\n              <span class=\"text-gray-900 text-sm\">\n                          J\u00e4rjest\u00f6suunnittelija                      <\/span>\n                <\/div>\n    <div class=\"flex flex-col text-gray-600 mt-1 text-sm items-start\">\n              <div class=\"flex flex-row-reverse\">\n          <div class=\"ml-2 text-xs\">\n                                                  <span class=\"sr-only\">Henkil\u00f6 ei ota vastaan puheluja<\/span>\n              <i class=\"sr-hide fas fa-fw fa-phone-slash mr-1\"><\/i>\n                                      <span class=\"sr-only\">Henkil\u00f6 ottaa vastaan tekstiviestej\u00e4<\/span>\n              <i class=\"sr-hide fas fa-fw fa-sms mr-1\"><\/i>\n                                      <span class=\"sr-only\">Henkil\u00f6 ottaa vastaan WhatsApp-viestej\u00e4, videoviestej\u00e4 ja videopuheluja<\/span>\n              <i class=\"sr-hide fab fa-fw fa-whatsapp mr-1\"><\/i>\n                                  <\/div>\n          <div><span class=\"sr-only\">Puhelinnumero: <\/span><a href=\"tel:+358 44 752 5256 \"> +358 44 752 5256 <\/a><\/div>\n        <\/div>\n\n                    <div><span class=\"sr-only\"><\/span><a\n            href=\"mailto:iina.uhlenius@kuurojenliitto.fi\">iina.uhlenius@kuurojenliitto.fi<\/a><\/div>\n                <\/div>\n\n      <\/div><!-- .entry-content -->\n        <div class=\"w-full mt-2 text-xs\">\n      <span class=\"sr-only\">Henkil\u00f6n vastuualue<\/span>\n              <a href=\"https:\/\/kuurojenliitto.fi\/yhdistyshuone\/vastuualue\/yhdistysohjelma\/\">\n          <span class=\"bg-light py-px px-1 text-dark inline-block mr-1 mb-1\">\n            Yhdistysohjelma          <\/span>\n        <\/a>\n          <\/div>\n  \n<\/div>\n                              \n            <\/aside>\n          \n\n      <\/div>\n    \n  \n<\/section>\n","protected":false},"excerpt":{"rendered":"<p>J\u00e4rjest\u00f6p\u00e4iv\u00e4t toteutetaan hybriditapahtumana: voitte osallistua paikan p\u00e4\u00e4ll\u00e4 Helsingiss\u00e4 tai et\u00e4n\u00e4 Zoomin verkkoalustalla. Kiinnit\u00e4 Kesto: 2:54 Ei tekstityst\u00e4 Kieli: Suomalainen viittomakieli J\u00e4rjest\u00f6p\u00e4ivill\u00e4 on kaksi p\u00e4\u00e4teemaa: Teko\u00e4ly (ja l\u00e4hitulevaisuuden teknologian tarjoamat mahdollisuudet j\u00e4rjest\u00f6toiminnassa) Kuurojen Liiton uusi strategia&#8230;<\/p>\n","protected":false},"author":6,"featured_media":7417,"parent":0,"menu_order":0,"comment_status":"closed","ping_status":"closed","template":"","meta":{"footnotes":""},"class_list":["post-8232","page","type-page","status-publish","has-post-thumbnail","hentry","px-4 sm:px-4 md:px-8 lg:px-12 xl:px-24"],"acf":[],"yoast_head":"<!-- This site is optimized with the Yoast SEO plugin v27.3 - https:\/\/yoast.com\/product\/yoast-seo-wordpress\/ -->\n<title>J\u00e4rjest\u00f6p\u00e4iv\u00e4t 2026 - Yhdistyshuone<\/title>\n<meta name=\"robots\" content=\"index, follow, max-snippet:-1, max-image-preview:large, max-video-preview:-1\" \/>\n<link rel=\"canonical\" href=\"https:\/\/kuurojenliitto.fi\/yhdistyshuone\/jarjestopaivat-2026\/\" \/>\n<meta property=\"og:locale\" content=\"fi_FI\" \/>\n<meta property=\"og:type\" content=\"article\" \/>\n<meta property=\"og:title\" content=\"J\u00e4rjest\u00f6p\u00e4iv\u00e4t 2026 - Yhdistyshuone\" \/>\n<meta property=\"og:description\" content=\"J\u00e4rjest\u00f6p\u00e4iv\u00e4t toteutetaan hybriditapahtumana: voitte osallistua paikan p\u00e4\u00e4ll\u00e4 Helsingiss\u00e4 tai et\u00e4n\u00e4 Zoomin verkkoalustalla. Kiinnit\u00e4 Kesto: 2:54 Ei tekstityst\u00e4 Kieli: Suomalainen viittomakieli J\u00e4rjest\u00f6p\u00e4ivill\u00e4 on kaksi p\u00e4\u00e4teemaa: Teko\u00e4ly (ja l\u00e4hitulevaisuuden teknologian tarjoamat mahdollisuudet j\u00e4rjest\u00f6toiminnassa) Kuurojen Liiton uusi strategia...\" \/>\n<meta property=\"og:url\" content=\"https:\/\/kuurojenliitto.fi\/yhdistyshuone\/jarjestopaivat-2026\/\" \/>\n<meta property=\"og:site_name\" content=\"Yhdistyshuone\" \/>\n<meta property=\"article:modified_time\" content=\"2026-01-23T19:29:51+00:00\" \/>\n<meta property=\"og:image\" content=\"https:\/\/kuurojenliitto.fi\/yhdistyshuone\/wp-content\/uploads\/sites\/11\/2024\/11\/IMG_5589-Edit.jpg\" \/>\n\t<meta property=\"og:image:width\" content=\"2048\" \/>\n\t<meta property=\"og:image:height\" content=\"1365\" \/>\n\t<meta property=\"og:image:type\" content=\"image\/jpeg\" \/>\n<meta name=\"twitter:card\" content=\"summary_large_image\" \/>\n<meta name=\"twitter:label1\" content=\"Arvioitu lukuaika\" \/>\n\t<meta name=\"twitter:data1\" content=\"1 minuutti\" \/>\n<script type=\"application\/ld+json\" class=\"yoast-schema-graph\">{\"@context\":\"https:\\\/\\\/schema.org\",\"@graph\":[{\"@type\":\"WebPage\",\"@id\":\"https:\\\/\\\/kuurojenliitto.fi\\\/yhdistyshuone\\\/jarjestopaivat-2026\\\/\",\"url\":\"https:\\\/\\\/kuurojenliitto.fi\\\/yhdistyshuone\\\/jarjestopaivat-2026\\\/\",\"name\":\"J\u00e4rjest\u00f6p\u00e4iv\u00e4t 2026 - Yhdistyshuone\",\"isPartOf\":{\"@id\":\"https:\\\/\\\/kuurojenliitto.fi\\\/yhdistyshuone\\\/#website\"},\"primaryImageOfPage\":{\"@id\":\"https:\\\/\\\/kuurojenliitto.fi\\\/yhdistyshuone\\\/jarjestopaivat-2026\\\/#primaryimage\"},\"image\":{\"@id\":\"https:\\\/\\\/kuurojenliitto.fi\\\/yhdistyshuone\\\/jarjestopaivat-2026\\\/#primaryimage\"},\"thumbnailUrl\":\"https:\\\/\\\/kuurojenliitto.fi\\\/yhdistyshuone\\\/wp-content\\\/uploads\\\/sites\\\/11\\\/2024\\\/11\\\/IMG_5589-Edit.jpg\",\"datePublished\":\"2025-11-20T08:53:19+00:00\",\"dateModified\":\"2026-01-23T19:29:51+00:00\",\"breadcrumb\":{\"@id\":\"https:\\\/\\\/kuurojenliitto.fi\\\/yhdistyshuone\\\/jarjestopaivat-2026\\\/#breadcrumb\"},\"inLanguage\":\"fi\",\"potentialAction\":[{\"@type\":\"ReadAction\",\"target\":[\"https:\\\/\\\/kuurojenliitto.fi\\\/yhdistyshuone\\\/jarjestopaivat-2026\\\/\"]}]},{\"@type\":\"ImageObject\",\"inLanguage\":\"fi\",\"@id\":\"https:\\\/\\\/kuurojenliitto.fi\\\/yhdistyshuone\\\/jarjestopaivat-2026\\\/#primaryimage\",\"url\":\"https:\\\/\\\/kuurojenliitto.fi\\\/yhdistyshuone\\\/wp-content\\\/uploads\\\/sites\\\/11\\\/2024\\\/11\\\/IMG_5589-Edit.jpg\",\"contentUrl\":\"https:\\\/\\\/kuurojenliitto.fi\\\/yhdistyshuone\\\/wp-content\\\/uploads\\\/sites\\\/11\\\/2024\\\/11\\\/IMG_5589-Edit.jpg\",\"width\":2048,\"height\":1365},{\"@type\":\"BreadcrumbList\",\"@id\":\"https:\\\/\\\/kuurojenliitto.fi\\\/yhdistyshuone\\\/jarjestopaivat-2026\\\/#breadcrumb\",\"itemListElement\":[{\"@type\":\"ListItem\",\"position\":1,\"name\":\"Ing\u00e5ngssida\",\"item\":\"https:\\\/\\\/kuurojenliitto.fi\\\/yhdistyshuone\\\/\"},{\"@type\":\"ListItem\",\"position\":2,\"name\":\"J\u00e4rjest\u00f6p\u00e4iv\u00e4t 2026\"}]},{\"@type\":\"WebSite\",\"@id\":\"https:\\\/\\\/kuurojenliitto.fi\\\/yhdistyshuone\\\/#website\",\"url\":\"https:\\\/\\\/kuurojenliitto.fi\\\/yhdistyshuone\\\/\",\"name\":\"Yhdistyshuone\",\"description\":\"Uusi Kuurojen Liitto-sivustot -sivusto\",\"potentialAction\":[{\"@type\":\"SearchAction\",\"target\":{\"@type\":\"EntryPoint\",\"urlTemplate\":\"https:\\\/\\\/kuurojenliitto.fi\\\/yhdistyshuone\\\/?s={search_term_string}\"},\"query-input\":{\"@type\":\"PropertyValueSpecification\",\"valueRequired\":true,\"valueName\":\"search_term_string\"}}],\"inLanguage\":\"fi\"}]}<\/script>\n<!-- \/ Yoast SEO plugin. -->","yoast_head_json":{"title":"J\u00e4rjest\u00f6p\u00e4iv\u00e4t 2026 - Yhdistyshuone","robots":{"index":"index","follow":"follow","max-snippet":"max-snippet:-1","max-image-preview":"max-image-preview:large","max-video-preview":"max-video-preview:-1"},"canonical":"https:\/\/kuurojenliitto.fi\/yhdistyshuone\/jarjestopaivat-2026\/","og_locale":"fi_FI","og_type":"article","og_title":"J\u00e4rjest\u00f6p\u00e4iv\u00e4t 2026 - Yhdistyshuone","og_description":"J\u00e4rjest\u00f6p\u00e4iv\u00e4t toteutetaan hybriditapahtumana: voitte osallistua paikan p\u00e4\u00e4ll\u00e4 Helsingiss\u00e4 tai et\u00e4n\u00e4 Zoomin verkkoalustalla. Kiinnit\u00e4 Kesto: 2:54 Ei tekstityst\u00e4 Kieli: Suomalainen viittomakieli J\u00e4rjest\u00f6p\u00e4ivill\u00e4 on kaksi p\u00e4\u00e4teemaa: Teko\u00e4ly (ja l\u00e4hitulevaisuuden teknologian tarjoamat mahdollisuudet j\u00e4rjest\u00f6toiminnassa) Kuurojen Liiton uusi strategia...","og_url":"https:\/\/kuurojenliitto.fi\/yhdistyshuone\/jarjestopaivat-2026\/","og_site_name":"Yhdistyshuone","article_modified_time":"2026-01-23T19:29:51+00:00","og_image":[{"width":2048,"height":1365,"url":"https:\/\/kuurojenliitto.fi\/yhdistyshuone\/wp-content\/uploads\/sites\/11\/2024\/11\/IMG_5589-Edit.jpg","type":"image\/jpeg"}],"twitter_card":"summary_large_image","twitter_misc":{"Arvioitu lukuaika":"1 minuutti"},"schema":{"@context":"https:\/\/schema.org","@graph":[{"@type":"WebPage","@id":"https:\/\/kuurojenliitto.fi\/yhdistyshuone\/jarjestopaivat-2026\/","url":"https:\/\/kuurojenliitto.fi\/yhdistyshuone\/jarjestopaivat-2026\/","name":"J\u00e4rjest\u00f6p\u00e4iv\u00e4t 2026 - Yhdistyshuone","isPartOf":{"@id":"https:\/\/kuurojenliitto.fi\/yhdistyshuone\/#website"},"primaryImageOfPage":{"@id":"https:\/\/kuurojenliitto.fi\/yhdistyshuone\/jarjestopaivat-2026\/#primaryimage"},"image":{"@id":"https:\/\/kuurojenliitto.fi\/yhdistyshuone\/jarjestopaivat-2026\/#primaryimage"},"thumbnailUrl":"https:\/\/kuurojenliitto.fi\/yhdistyshuone\/wp-content\/uploads\/sites\/11\/2024\/11\/IMG_5589-Edit.jpg","datePublished":"2025-11-20T08:53:19+00:00","dateModified":"2026-01-23T19:29:51+00:00","breadcrumb":{"@id":"https:\/\/kuurojenliitto.fi\/yhdistyshuone\/jarjestopaivat-2026\/#breadcrumb"},"inLanguage":"fi","potentialAction":[{"@type":"ReadAction","target":["https:\/\/kuurojenliitto.fi\/yhdistyshuone\/jarjestopaivat-2026\/"]}]},{"@type":"ImageObject","inLanguage":"fi","@id":"https:\/\/kuurojenliitto.fi\/yhdistyshuone\/jarjestopaivat-2026\/#primaryimage","url":"https:\/\/kuurojenliitto.fi\/yhdistyshuone\/wp-content\/uploads\/sites\/11\/2024\/11\/IMG_5589-Edit.jpg","contentUrl":"https:\/\/kuurojenliitto.fi\/yhdistyshuone\/wp-content\/uploads\/sites\/11\/2024\/11\/IMG_5589-Edit.jpg","width":2048,"height":1365},{"@type":"BreadcrumbList","@id":"https:\/\/kuurojenliitto.fi\/yhdistyshuone\/jarjestopaivat-2026\/#breadcrumb","itemListElement":[{"@type":"ListItem","position":1,"name":"Ing\u00e5ngssida","item":"https:\/\/kuurojenliitto.fi\/yhdistyshuone\/"},{"@type":"ListItem","position":2,"name":"J\u00e4rjest\u00f6p\u00e4iv\u00e4t 2026"}]},{"@type":"WebSite","@id":"https:\/\/kuurojenliitto.fi\/yhdistyshuone\/#website","url":"https:\/\/kuurojenliitto.fi\/yhdistyshuone\/","name":"Yhdistyshuone","description":"Uusi Kuurojen Liitto-sivustot -sivusto","potentialAction":[{"@type":"SearchAction","target":{"@type":"EntryPoint","urlTemplate":"https:\/\/kuurojenliitto.fi\/yhdistyshuone\/?s={search_term_string}"},"query-input":{"@type":"PropertyValueSpecification","valueRequired":true,"valueName":"search_term_string"}}],"inLanguage":"fi"}]}},"lang":"fi","translations":{"fi":8232,"sv":8248},"pll_sync_post":[],"_links":{"self":[{"href":"https:\/\/kuurojenliitto.fi\/yhdistyshuone\/wp-json\/wp\/v2\/pages\/8232","targetHints":{"allow":["GET"]}}],"collection":[{"href":"https:\/\/kuurojenliitto.fi\/yhdistyshuone\/wp-json\/wp\/v2\/pages"}],"about":[{"href":"https:\/\/kuurojenliitto.fi\/yhdistyshuone\/wp-json\/wp\/v2\/types\/page"}],"author":[{"embeddable":true,"href":"https:\/\/kuurojenliitto.fi\/yhdistyshuone\/wp-json\/wp\/v2\/users\/6"}],"replies":[{"embeddable":true,"href":"https:\/\/kuurojenliitto.fi\/yhdistyshuone\/wp-json\/wp\/v2\/comments?post=8232"}],"version-history":[{"count":27,"href":"https:\/\/kuurojenliitto.fi\/yhdistyshuone\/wp-json\/wp\/v2\/pages\/8232\/revisions"}],"predecessor-version":[{"id":8661,"href":"https:\/\/kuurojenliitto.fi\/yhdistyshuone\/wp-json\/wp\/v2\/pages\/8232\/revisions\/8661"}],"wp:featuredmedia":[{"embeddable":true,"href":"https:\/\/kuurojenliitto.fi\/yhdistyshuone\/wp-json\/wp\/v2\/media\/7417"}],"wp:attachment":[{"href":"https:\/\/kuurojenliitto.fi\/yhdistyshuone\/wp-json\/wp\/v2\/media?parent=8232"}],"curies":[{"name":"wp","href":"https:\/\/api.w.org\/{rel}","templated":true}]}}