{"id":8175,"date":"2025-11-27T12:27:32","date_gmt":"2025-11-27T10:27:32","guid":{"rendered":"https:\/\/kuurojenliitto.fi\/yhdistyshuone\/?page_id=8175"},"modified":"2026-02-17T09:24:57","modified_gmt":"2026-02-17T07:24:57","slug":"ehdokasasettelu-kuurojen-liitto-ryn-liittokokouksessa-2026","status":"publish","type":"page","link":"https:\/\/kuurojenliitto.fi\/yhdistyshuone\/ehdokasasettelu-kuurojen-liitto-ryn-liittokokouksessa-2026\/","title":{"rendered":"Ehdokasasettelu Kuurojen Liitto ry:n liittokokouksessa 2026"},"content":{"rendered":"\n\n<section id=\"column-block_0834d76f57d67959d97d51d1fd0340be\" class=\"section-default ingress px-4 sm:px-4 md:px-8 lg:px-12 xl:px-24\">\n    <div class=\"flex pb-4\">\n            \n    <\/div>\n\n<\/section>\n\n\n\n<section id=\"column-block_2be0692f2e92a83466cf8b5b54afc59f\" class=\"px-4 sm:px-4 md:px-8 lg:px-12 xl:px-24 section-default \">\n\n            <div class=\"relative py-4 gridder\">\n                        <div id=\"stickier\" class=\"b z-10 flex flex-row flex-wrap  mb-6 top-0 relative\">\n\n          <div class=\"x-tabs w-full\" x-data=\"{ activeTab: 0 }\">\n                    <div :class=\"{ 'hidden': activeTab !== 0 }\" tabindex=\"0\" role=\"tabpanel\" id=\"tab-0\" aria-labelledby=\"label-0\" class=\"bg-white\">\n                                        <button onclick=\"getSticky()\" class=\"bg-moss-500 hover:text-white text-dark w-16 h-16 hidden md:block md:absolute top-0 right-0 z-10\"><i class=\"fas fa-thumbtack fa-lg\"><\/i><br><span id=\"stickytext\">Kiinnit\u00e4<\/span><\/button>\n                                <div class=\"embed-container w-full\">\n    <iframe loading=\"lazy\" title=\"Vaalivaliokunta tiedottaa: Ehdokasasettelu liittokokouksessa 2026\" width=\"640\" height=\"360\" src=\"https:\/\/www.youtube.com\/embed\/1cHU_gnYFrM?feature=oembed\" frameborder=\"0\" allow=\"accelerometer; autoplay; clipboard-write; encrypted-media; gyroscope; picture-in-picture; web-share\" referrerpolicy=\"strict-origin-when-cross-origin\" allowfullscreen><\/iframe>  <\/div>\n  <div class=\"w-full p-2 bg-light text-md\">\n        <div class=\"flex flex-row flex-wrap text-sm text-gray-800\">\n              <div class=\"w-full md:w-1\/3\">\n          <i class=\"far fa-clock mr-1 text-gray-500\"><\/i> Kesto: 02:44<\/div>\n      \n      <div class=\"w-full md:w-2\/3\">\n        <i class=\"fal fa-closed-captioning mr-1 text-gray-500\"><\/i>\n        Ei tekstityst\u00e4                  <div class=\"w-full\"><i class=\"fal fa-sign-language mr-1 text-gray-500\"><\/i>\n            Kieli:\n                                                          <span>Suomalainen viittomakieli<\/span>\n                          \n          <\/div>\n              <\/div>\n    <\/div>\n  <\/div>\n                                                <\/div>\n                                <\/div>\n\n                              <\/div>\n        \n          <div class=\"content entry-content bg-white p-8 lg:pr-20 a lg:mr-12 mb-3 shadow-xl hover:shadow-2xl\">\n            <p>Kuurojen Liitto ry:n j\u00e4senyhdistykset voivat tehd\u00e4 ehdotuksia liiton hallituksen j\u00e4seniksi, jotka valitaan liittokokouksessa kes\u00e4ll\u00e4 2026.<\/p>\n<p>Seuraavassa liittokokouksessa 2026 noudatetaan liittokokouksen 2024 hyv\u00e4ksymi\u00e4 uusia s\u00e4\u00e4nt\u00f6j\u00e4, joiden mukaan liiton hallitukseen kuuluu puheenjohtaja ja kuusi (6) hallituksen j\u00e4sent\u00e4. S\u00e4\u00e4nt\u00f6jen (\u00a719) mukaan vuonna 2026 valitaan hallitukseen kaksi j\u00e4sent\u00e4 kolmen (3) vuoden ja yksi j\u00e4sen kahden (2) vuoden toimikaudelle erovuoroisten tilalle.<\/p>\n<p>Erovuorossa vuonna 2026 ovat <strong>Mari Virtanen<\/strong>, <strong>Olli Katainen<\/strong> ja <strong>Ronja Tammisara<\/strong>.<\/p>\n<p>Ehdotukset tulee l\u00e4hett\u00e4\u00e4 <strong>31.3.2026<\/strong> menness\u00e4 joko s\u00e4hk\u00f6isen\u00e4 lomakkeena (linkki ohessa), kirjeitse tai s\u00e4hk\u00f6postitse (yhdistyksen omalla, puheenjohtajan tai sihteerin s\u00e4hk\u00f6postilla):<\/p>\n<p>Kuurojen Liitto ry<br \/>\nVaalivaliokunta<br \/>\nPL 57<br \/>\n00401 Helsinki<\/p>\n<p>tai s\u00e4hk\u00f6postilla: <a href=\"mailto:vaalivaliokunta@kuurojenliitto.fi\">vaalivaliokunta@kuurojenliitto.fi<\/a><\/p>\n<p>Ehdotuksen tulee sis\u00e4lt\u00e4\u00e4 ehdokkaan<\/p>\n<p>\u2022 nimi ja ik\u00e4<br \/>\n\u2022 koulutus ja ammatti<br \/>\n\u2022 asuinpaikka ja mink\u00e4 yhdistyksen j\u00e4sen<br \/>\n\u2022 lyhyt perustelu ehdotuksen tueksi.<\/p>\n<p>Ehdokkaan on oltava Kuurojen Liitto ry:n j\u00e4senyhdistyksen j\u00e4sen. Yhdistys voi ehdottaa my\u00f6s muuta kuin oman yhdistyksen j\u00e4sent\u00e4. Yhdistyksen pit\u00e4\u00e4 pyyt\u00e4\u00e4 ehdotettavan henkil\u00f6n suostumus ehdolle asettamiseksi.<\/p>\n<p>Ehdotukset k\u00e4sitell\u00e4\u00e4n m\u00e4\u00e4r\u00e4ajan p\u00e4\u00e4ttymisen j\u00e4lkeen pidett\u00e4v\u00e4ss\u00e4 vaalivaliokunnan kokouksessa. Jos yhdistysten ehdottamista henkil\u00f6ist\u00e4 ei l\u00f6ydy riitt\u00e4v\u00e4sti sellaisia henkil\u00f6it\u00e4, joiden ehdokkuus takaa ehdot hallituksen tasapuolisesta kokoonpanosta, valiokunta voi etsi\u00e4 sopivia ehdokkaita oma-aloitteisesti my\u00f6s muilla tavoin. T\u00e4t\u00e4 tarkoitusta varten yhdistysten edustajat tai yksitt\u00e4iset henkil\u00f6t voivat esitt\u00e4\u00e4 ehdokkaita valiokunnalle esimerkiksi j\u00e4rjest\u00f6p\u00e4ivill\u00e4, jossa on mahdollisuus keskustella valiokunnan kanssa yksityisesti.<\/p>\n                          <div class=\"more-content\">\n                                                                                \n                <div class=\"readmore flex flex-row flex-wrap hidden\">\n                  <div class=\"readmore-content w-full hidden\"><\/div>\n                  <div class=\"readmore-btns\">\n                    <button class=\"text-center mt-4 readless-btn flex flex-row\">\n                      <span class=\"flex w-6 h-6 bg-dark text-white py-1 mr-2 text-center font-medium rounded-full uppercase tracking-widest\"><i class=\"pl-px fa fa-minus mx-auto\"><\/i><\/span>\n                      N\u00e4yt\u00e4 v\u00e4hemm\u00e4n                    <\/button>\n                  <\/div>\n                <\/div>\n\n              <\/div>\n                      <\/div>\n\n                      <aside class=\"c\">\n                              <div class=\"flex flex-col mt-4 mb-4\">\n                                                          <div class=\"flex flex-row bg-white shadow-xl hover:shadow-2xl h-full mb-4\">\n                                            <figure class=\"relative w-1\/4 bg-cover flex-1 bg-center\" style=\"background-image: url('https:\/\/kuurojenliitto.fi\/yhdistyshuone\/wp-content\/uploads\/sites\/11\/2025\/06\/web-5323-1280x720.jpg');\">\n                                              <\/figure>\n\n                      <div class=\"w-3\/4 p-4\">\n                      \n                        <h2 class=\"pb-3 leading-tight heading-sm text-lg\">Kuurojen Liiton hallitus <\/h2>\n                        <div><\/div>\n                                                  <a class=\"flex flex-row items-center mb-2 leading-none heading-sm mt-6\" href=\"https:\/\/kuurojenliitto.fi\/hallitus\/\" target=\"_self\"><span class=\"w-6 h-6 bg-dark text-white px-2 py-1 mr-2 text-center font-medium rounded-full uppercase tracking-widest\">><\/span>Hallitus 2025-2026<\/a>\n                                                                                              <\/div>\n                    <\/div>\n                                                          <div class=\"flex flex-row bg-white shadow-xl hover:shadow-2xl h-full mb-4\">\n                                            <figure class=\"relative w-1\/4 bg-cover flex-1 bg-center\" style=\"background-image: url('https:\/\/kuurojenliitto.fi\/yhdistyshuone\/wp-content\/uploads\/sites\/11\/2025\/10\/web-5045-1280x720.jpg');\">\n                                              <\/figure>\n\n                      <div class=\"w-3\/4 p-4\">\n                      \n                        <h2 class=\"pb-3 leading-tight heading-sm text-lg\">Liittokokous <\/h2>\n                        <div><\/div>\n                                                  <a class=\"flex flex-row items-center mb-2 leading-none heading-sm mt-6\" href=\"https:\/\/kuurojenliitto.fi\/yhdistyshuone\/liittokokous-2026\/\" target=\"_self\"><span class=\"w-6 h-6 bg-dark text-white px-2 py-1 mr-2 text-center font-medium rounded-full uppercase tracking-widest\">><\/span>Liittokokous 2026<\/a>\n                                                                                              <\/div>\n                    <\/div>\n                                  <\/div>\n              \n                            <div class=\"border-l-4 border-color pl-4 mb-8\">\n\n                                  <h3 class=\"heading-lg text-2xl mb-2\">Lomakkeet:<\/h3>\n                \n                \n                                  <nav class=\"flex flex-col mt-4\">\n                    \n                      \n                                              <a class=\"border-t border-gray-200 text-gray-100 py-2\"\n                           href=\"https:\/\/link.webropolsurveys.com\/S\/2D4D057DEB251FCC\"\n                           target=\"_self\"><i\n                            class=\"fal fa-angle-right fa-fw\"><\/i> S\u00e4hk\u00f6inen lomake: Ehdotus hallituksen j\u00e4seneksi 2026                        <\/a>\n                      \n                    \n                      \n                                              <a class=\"border-t border-gray-200 text-gray-100 py-2\"\n                           href=\"https:\/\/link.webropolsurveys.com\/S\/CB996AAF92F4BD2A\"\n                           target=\"_blank\"><i\n                            class=\"fal fa-angle-right fa-fw\"><\/i> S\u00e4hk\u00f6inen lomake: Ehdokkaan suostumus hallituksen j\u00e4seneksi                        <\/a>\n                      \n                    \n                      \n                                              <a class=\"border-t border-gray-200 text-gray-100 py-2\"\n                           href=\"https:\/\/link.webropolsurveys.com\/S\/9D2B4E62C21DD360\"\n                           target=\"_blank\"><i\n                            class=\"fal fa-angle-right fa-fw\"><\/i> S\u00e4hk\u00f6inen lomake: Kysymys ehdokkaille                        <\/a>\n                      \n                                      <\/nav>\n                \n                                  <nav class=\"flex flex-col\">\n                    \n                      \n                                              <a class=\"border-t border-gray-200 py-2\"\n                           href=\"https:\/\/kuurojenliitto.fi\/yhdistyshuone\/wp-content\/uploads\/sites\/11\/2025\/11\/Lomake_ehdotus-hallituksen-jaseneksi-2026-1.docx\"><i\n                            class=\"fa fa-file fa-fw\"><\/i> Lomake: Ehdotus hallituksen j\u00e4seneksi 2026                        <\/a>\n                      \n                    \n                      \n                                              <a class=\"border-t border-gray-200 py-2\"\n                           href=\"https:\/\/kuurojenliitto.fi\/yhdistyshuone\/wp-content\/uploads\/sites\/11\/2025\/11\/Lomake_ehdokkaan-suostumus-hallituksen-jaseneksi-1.docx\"><i\n                            class=\"fa fa-file fa-fw\"><\/i> Lomake: Ehdokkaan suostumus hallituksen j\u00e4seneksi                        <\/a>\n                      \n                    \n                      \n                                              <a class=\"border-t border-gray-200 py-2\"\n                           href=\"https:\/\/kuurojenliitto.fi\/yhdistyshuone\/wp-content\/uploads\/sites\/11\/2025\/11\/Kysymys_ehdokkaille2026.docx\"><i\n                            class=\"fa fa-file fa-fw\"><\/i> Lomake: Kysymys ehdokkaille                        <\/a>\n                      \n                                      <\/nav>\n                              <\/div>\n              \n              \n            <\/aside>\n          \n\n      <\/div>\n    \n  \n<\/section>\n\n\n\n\n<section id=\"column-block_4610c9340af755e7cbb78ccad9d5d6dc\" class=\"section-blue pt-8 pb-0  px-4 sm:px-4 lg:px-12 xl:px-24 bg-blue-700 text-white title\">\n\n  \n    <h3 class=\"leading-tight text-white  text-xl sm:text-xl lg:text-2xl\">Puheenjohtajan, hallituksen j\u00e4senten ja varaj\u00e4senten kelpoisuusehtoja<\/h3>\n\n  \n\n<\/section>\n\n\n\n\n<section id=\"column-block_e0e379632bea1503d5734dfe180f7fa2\" class=\"section-blue pt-4 pb-8  px-4 sm:px-4 lg:px-12 xl:px-24 bg-blue-700 text-gray-900 woo\">\n\n    <div class=\"items-center bg-white shadow-xl hover:shadow-2xl flex flex-col md:flex-row\">\n      <div class=\"w-full md:w-1\/3 lg:w-1\/4\">\n        <figure class=\"imagerati\">\n          <img decoding=\"async\" src=\"https:\/\/kuurojenliitto.fi\/yhdistyshuone\/wp-content\/uploads\/sites\/11\/2022\/06\/web-3858.jpg\" class=\"object-cover\">\n        <\/figure>\n      <\/div>\n\n      <div class=\"w-full md:w-1\/3 lg:w-1\/2 p-4 md:px-6 md:py-4 content text-gray-900\">\n        <ul>\n<li style=\"list-style-type: none\">\n<ul>\n<li>Puheenjohtajan on oltava 18 vuotta t\u00e4ytt\u00e4nyt (YhdL \u00a735)<\/li>\n<li>Hallituksen j\u00e4senen on oltava 15 vuotta t\u00e4ytt\u00e4nyt (YhdL \u00a735)<\/li>\n<li>Hallituksen j\u00e4sen ei saa olla konkurssissa (YhdL \u00a735)<\/li>\n<li>Puheenjohtajan asuinpaikan on oltava Suomessa (YhdL \u00a735)<\/li>\n<li>V\u00e4hint\u00e4\u00e4n puolella hallituksen j\u00e4senist\u00e4 on oltava kotipaikka Suomessa (YhdL \u00a735)<\/li>\n<li>Yhdistyksen t\u00e4ytyy pyyt\u00e4\u00e4 ehdotettavan henkil\u00f6n suostumus ehdolle asettamiselle<\/li>\n<li>Vaalivaliokunta voi etsi\u00e4 my\u00f6s oma-aloitteisesti sopivia ehdokkaita<\/li>\n<\/ul>\n<\/li>\n<\/ul>\n      <\/div>\n\n      <div class=\"w-full md:w-1\/3 lg:w-1\/4 pb-4 md:pb-0 px-4 md:px-8\">\n                                          <\/div>\n    <\/div>\n\n<\/section>\n\n\n\n<p><\/p>\n\n\n\n\n<section id=\"column-block_b2972e46507b3ea1f4c9996e8f1db41b\" class=\"section-moss pt-8 pb-0  px-4 sm:px-4 lg:px-12 xl:px-24 bg-moss-700 text-white title\">\n\n  \n    <div class=\"md:flex md:flex-row items-center\">\n\n      <div class=\"w-full md:w-2\/3\">\n        <h1 class=\"leading-tight text-white  text-2xl sm:text-3xl lg:text-4xl\">Liittokokousuutisia<\/h1>\n      <\/div>\n\n      <div class=\"w-full md:w-1\/3 md:text-right\">\n                  <a class=\"btn mt-4 md:mt-0 bg-white text-dark inline-block\" href=\"https:\/\/kuurojenliitto.fi\/yhdistyshuone\/ajankohtaista\/\" target=\"_blank\">Kaikki uutiset<\/a>\n              <\/div>\n\n    <\/div>\n\n  \n\n<\/section>\n\n\n\n<section id=\"column-block_878958a4cd9dbd291f025edcea49d9a9\"\n         class=\"section-moss pt-4 pb-8 px-4 sm:px-4 md:px-8 lg:px-12 xl:px-24 bg-moss-700 cards\">\n    \n        <div class=\"flex flex-wrap flex-row -mx-4\">\n\n            \n                                                            \n<article class=\"w-full md:w-1\/3 p-4 relative\">\n  <div class=\"bg-white shadow-xl hover:shadow-2xl h-full \">\n    <figure class=\"relative imageratio\">\n                <img decoding=\"async\" src=\"https:\/\/kuurojenliitto.fi\/yhdistyshuone\/wp-content\/uploads\/sites\/11\/2025\/12\/Kevainen-Aurajoki_NETTIKOKO-1280x720.jpg\" class=\"w-full\">\n            <span class=\"bg-dark py-1 px-2 ml-2 absolute bottom-0 text-sm text-white\">\n      \tLiittokokous |       \t15.12.2025<\/span>\n    <\/figure>\n    <h2 class=\"py-3 px-4 leading-tight heading-sm text-lg\">\n      <a href=\"https:\/\/kuurojenliitto.fi\/yhdistyshuone\/ajankohtaista\/liittokokous-2026-jarjestetaan-6-6-turussa\/\">Liittokokous 2026 j\u00e4rjestet\u00e4\u00e4n 6.6. Turussa<\/a>\n      <div class=\"hidden play-button absolute z-10 pointer-events-none\"><i class=\"text-5xl text-white far fa-play-circle\"><\/i><\/div>\n    <\/h2>\n  <\/div>\n<\/article>\n                                            \n<article class=\"w-full md:w-1\/3 p-4 relative\">\n  <div class=\"bg-white shadow-xl hover:shadow-2xl h-full \">\n    <figure class=\"relative imageratio\">\n                <img decoding=\"async\" src=\"https:\/\/img.youtube.com\/vi\/-F_1HvgXccE\/mqdefault.jpg\" class=\"w-full\">\n            <span class=\"bg-dark py-1 px-2 ml-2 absolute bottom-0 text-sm text-white\">\n      \tLiittokokous |       \t23.5.2025<\/span>\n    <\/figure>\n    <h2 class=\"py-3 px-4 leading-tight heading-sm text-lg\">\n      <a href=\"https:\/\/kuurojenliitto.fi\/yhdistyshuone\/ajankohtaista\/tervetuloa-liittokokoukseen-ja-kehittamispaiville\/\">Tervetuloa liittokokoukseen ja kehitt\u00e4misp\u00e4iville!<\/a>\n      <div class=\"hidden play-button absolute z-10 pointer-events-none\"><i class=\"text-5xl text-white far fa-play-circle\"><\/i><\/div>\n    <\/h2>\n  <\/div>\n<\/article>\n                                            \n<article class=\"w-full md:w-1\/3 p-4 relative\">\n  <div class=\"bg-white shadow-xl hover:shadow-2xl h-full \">\n    <figure class=\"relative imageratio\">\n                <img decoding=\"async\" src=\"https:\/\/img.youtube.com\/vi\/ti1CToJfef0\/mqdefault.jpg\" class=\"w-full\">\n            <span class=\"bg-dark py-1 px-2 ml-2 absolute bottom-0 text-sm text-white\">\n      \tLiittokokous |       \t14.5.2025<\/span>\n    <\/figure>\n    <h2 class=\"py-3 px-4 leading-tight heading-sm text-lg\">\n      <a href=\"https:\/\/kuurojenliitto.fi\/yhdistyshuone\/ajankohtaista\/kuurojen-liiton-puheenjohtajapaneelin-tallenne\/\">Kuurojen Liiton puheenjohtajapaneelin tallenne<\/a>\n      <div class=\"hidden play-button absolute z-10 pointer-events-none\"><i class=\"text-5xl text-white far fa-play-circle\"><\/i><\/div>\n    <\/h2>\n  <\/div>\n<\/article>\n                                    \n            \n        <\/div>\n\n    \n<\/section>\n","protected":false},"excerpt":{"rendered":"<p>Kuurojen Liiton liittokokouksessa kes\u00e4kuussa 2025 valitaan uusi hallituksen puheenjohtaja seuraavaksi kolmeksi liittokokouskaudeksi. Hallituksen puheenjohtaja\u00a0Jaana Aaltonen\u00a0on erovuorossa vuonna 2025. Ehdolla uudeksi puheenjohtajaksi ovat Jaana Aaltonen ja\u00a0Salla Fagerstr\u00f6m. Kuurojen Liitto j\u00e4rjesti puheenjohtajapaneelin Zoomissa 14.5., ja ehdokkaita haastatteli&#8230;<\/p>\n","protected":false},"author":6,"featured_media":0,"parent":0,"menu_order":0,"comment_status":"closed","ping_status":"closed","template":"","meta":{"footnotes":""},"class_list":["post-8175","page","type-page","status-publish","hentry","px-4 sm:px-4 md:px-8 lg:px-12 xl:px-24"],"acf":[],"yoast_head":"<!-- This site is optimized with the Yoast SEO plugin v27.3 - https:\/\/yoast.com\/product\/yoast-seo-wordpress\/ -->\n<title>Ehdokasasettelu Kuurojen Liitto ry:n liittokokouksessa 2026 - Yhdistyshuone<\/title>\n<meta name=\"robots\" content=\"index, follow, max-snippet:-1, max-image-preview:large, max-video-preview:-1\" \/>\n<link rel=\"canonical\" href=\"https:\/\/kuurojenliitto.fi\/yhdistyshuone\/ehdokasasettelu-kuurojen-liitto-ryn-liittokokouksessa-2026\/\" \/>\n<meta property=\"og:locale\" content=\"fi_FI\" \/>\n<meta property=\"og:type\" content=\"article\" \/>\n<meta property=\"og:title\" content=\"Ehdokasasettelu Kuurojen Liitto ry:n liittokokouksessa 2026 - Yhdistyshuone\" \/>\n<meta property=\"og:description\" content=\"Kuurojen Liiton liittokokouksessa kes\u00e4kuussa 2025 valitaan uusi hallituksen puheenjohtaja seuraavaksi kolmeksi liittokokouskaudeksi. Hallituksen puheenjohtaja\u00a0Jaana Aaltonen\u00a0on erovuorossa vuonna 2025. Ehdolla uudeksi puheenjohtajaksi ovat Jaana Aaltonen ja\u00a0Salla Fagerstr\u00f6m. Kuurojen Liitto j\u00e4rjesti puheenjohtajapaneelin Zoomissa 14.5., ja ehdokkaita haastatteli...\" \/>\n<meta property=\"og:url\" content=\"https:\/\/kuurojenliitto.fi\/yhdistyshuone\/ehdokasasettelu-kuurojen-liitto-ryn-liittokokouksessa-2026\/\" \/>\n<meta property=\"og:site_name\" content=\"Yhdistyshuone\" \/>\n<meta property=\"article:modified_time\" content=\"2026-02-17T07:24:57+00:00\" \/>\n<meta name=\"twitter:card\" content=\"summary_large_image\" \/>\n<script type=\"application\/ld+json\" class=\"yoast-schema-graph\">{\"@context\":\"https:\\\/\\\/schema.org\",\"@graph\":[{\"@type\":\"WebPage\",\"@id\":\"https:\\\/\\\/kuurojenliitto.fi\\\/yhdistyshuone\\\/ehdokasasettelu-kuurojen-liitto-ryn-liittokokouksessa-2026\\\/\",\"url\":\"https:\\\/\\\/kuurojenliitto.fi\\\/yhdistyshuone\\\/ehdokasasettelu-kuurojen-liitto-ryn-liittokokouksessa-2026\\\/\",\"name\":\"Ehdokasasettelu Kuurojen Liitto ry:n liittokokouksessa 2026 - Yhdistyshuone\",\"isPartOf\":{\"@id\":\"https:\\\/\\\/kuurojenliitto.fi\\\/yhdistyshuone\\\/#website\"},\"datePublished\":\"2025-11-27T10:27:32+00:00\",\"dateModified\":\"2026-02-17T07:24:57+00:00\",\"breadcrumb\":{\"@id\":\"https:\\\/\\\/kuurojenliitto.fi\\\/yhdistyshuone\\\/ehdokasasettelu-kuurojen-liitto-ryn-liittokokouksessa-2026\\\/#breadcrumb\"},\"inLanguage\":\"fi\",\"potentialAction\":[{\"@type\":\"ReadAction\",\"target\":[\"https:\\\/\\\/kuurojenliitto.fi\\\/yhdistyshuone\\\/ehdokasasettelu-kuurojen-liitto-ryn-liittokokouksessa-2026\\\/\"]}]},{\"@type\":\"BreadcrumbList\",\"@id\":\"https:\\\/\\\/kuurojenliitto.fi\\\/yhdistyshuone\\\/ehdokasasettelu-kuurojen-liitto-ryn-liittokokouksessa-2026\\\/#breadcrumb\",\"itemListElement\":[{\"@type\":\"ListItem\",\"position\":1,\"name\":\"Ing\u00e5ngssida\",\"item\":\"https:\\\/\\\/kuurojenliitto.fi\\\/yhdistyshuone\\\/\"},{\"@type\":\"ListItem\",\"position\":2,\"name\":\"Ehdokasasettelu Kuurojen Liitto ry:n liittokokouksessa 2026\"}]},{\"@type\":\"WebSite\",\"@id\":\"https:\\\/\\\/kuurojenliitto.fi\\\/yhdistyshuone\\\/#website\",\"url\":\"https:\\\/\\\/kuurojenliitto.fi\\\/yhdistyshuone\\\/\",\"name\":\"Yhdistyshuone\",\"description\":\"Uusi Kuurojen Liitto-sivustot -sivusto\",\"potentialAction\":[{\"@type\":\"SearchAction\",\"target\":{\"@type\":\"EntryPoint\",\"urlTemplate\":\"https:\\\/\\\/kuurojenliitto.fi\\\/yhdistyshuone\\\/?s={search_term_string}\"},\"query-input\":{\"@type\":\"PropertyValueSpecification\",\"valueRequired\":true,\"valueName\":\"search_term_string\"}}],\"inLanguage\":\"fi\"}]}<\/script>\n<!-- \/ Yoast SEO plugin. -->","yoast_head_json":{"title":"Ehdokasasettelu Kuurojen Liitto ry:n liittokokouksessa 2026 - Yhdistyshuone","robots":{"index":"index","follow":"follow","max-snippet":"max-snippet:-1","max-image-preview":"max-image-preview:large","max-video-preview":"max-video-preview:-1"},"canonical":"https:\/\/kuurojenliitto.fi\/yhdistyshuone\/ehdokasasettelu-kuurojen-liitto-ryn-liittokokouksessa-2026\/","og_locale":"fi_FI","og_type":"article","og_title":"Ehdokasasettelu Kuurojen Liitto ry:n liittokokouksessa 2026 - Yhdistyshuone","og_description":"Kuurojen Liiton liittokokouksessa kes\u00e4kuussa 2025 valitaan uusi hallituksen puheenjohtaja seuraavaksi kolmeksi liittokokouskaudeksi. Hallituksen puheenjohtaja\u00a0Jaana Aaltonen\u00a0on erovuorossa vuonna 2025. Ehdolla uudeksi puheenjohtajaksi ovat Jaana Aaltonen ja\u00a0Salla Fagerstr\u00f6m. Kuurojen Liitto j\u00e4rjesti puheenjohtajapaneelin Zoomissa 14.5., ja ehdokkaita haastatteli...","og_url":"https:\/\/kuurojenliitto.fi\/yhdistyshuone\/ehdokasasettelu-kuurojen-liitto-ryn-liittokokouksessa-2026\/","og_site_name":"Yhdistyshuone","article_modified_time":"2026-02-17T07:24:57+00:00","twitter_card":"summary_large_image","schema":{"@context":"https:\/\/schema.org","@graph":[{"@type":"WebPage","@id":"https:\/\/kuurojenliitto.fi\/yhdistyshuone\/ehdokasasettelu-kuurojen-liitto-ryn-liittokokouksessa-2026\/","url":"https:\/\/kuurojenliitto.fi\/yhdistyshuone\/ehdokasasettelu-kuurojen-liitto-ryn-liittokokouksessa-2026\/","name":"Ehdokasasettelu Kuurojen Liitto ry:n liittokokouksessa 2026 - Yhdistyshuone","isPartOf":{"@id":"https:\/\/kuurojenliitto.fi\/yhdistyshuone\/#website"},"datePublished":"2025-11-27T10:27:32+00:00","dateModified":"2026-02-17T07:24:57+00:00","breadcrumb":{"@id":"https:\/\/kuurojenliitto.fi\/yhdistyshuone\/ehdokasasettelu-kuurojen-liitto-ryn-liittokokouksessa-2026\/#breadcrumb"},"inLanguage":"fi","potentialAction":[{"@type":"ReadAction","target":["https:\/\/kuurojenliitto.fi\/yhdistyshuone\/ehdokasasettelu-kuurojen-liitto-ryn-liittokokouksessa-2026\/"]}]},{"@type":"BreadcrumbList","@id":"https:\/\/kuurojenliitto.fi\/yhdistyshuone\/ehdokasasettelu-kuurojen-liitto-ryn-liittokokouksessa-2026\/#breadcrumb","itemListElement":[{"@type":"ListItem","position":1,"name":"Ing\u00e5ngssida","item":"https:\/\/kuurojenliitto.fi\/yhdistyshuone\/"},{"@type":"ListItem","position":2,"name":"Ehdokasasettelu Kuurojen Liitto ry:n liittokokouksessa 2026"}]},{"@type":"WebSite","@id":"https:\/\/kuurojenliitto.fi\/yhdistyshuone\/#website","url":"https:\/\/kuurojenliitto.fi\/yhdistyshuone\/","name":"Yhdistyshuone","description":"Uusi Kuurojen Liitto-sivustot -sivusto","potentialAction":[{"@type":"SearchAction","target":{"@type":"EntryPoint","urlTemplate":"https:\/\/kuurojenliitto.fi\/yhdistyshuone\/?s={search_term_string}"},"query-input":{"@type":"PropertyValueSpecification","valueRequired":true,"valueName":"search_term_string"}}],"inLanguage":"fi"}]}},"lang":"fi","translations":{"fi":8175,"sv":8362},"pll_sync_post":[],"_links":{"self":[{"href":"https:\/\/kuurojenliitto.fi\/yhdistyshuone\/wp-json\/wp\/v2\/pages\/8175","targetHints":{"allow":["GET"]}}],"collection":[{"href":"https:\/\/kuurojenliitto.fi\/yhdistyshuone\/wp-json\/wp\/v2\/pages"}],"about":[{"href":"https:\/\/kuurojenliitto.fi\/yhdistyshuone\/wp-json\/wp\/v2\/types\/page"}],"author":[{"embeddable":true,"href":"https:\/\/kuurojenliitto.fi\/yhdistyshuone\/wp-json\/wp\/v2\/users\/6"}],"replies":[{"embeddable":true,"href":"https:\/\/kuurojenliitto.fi\/yhdistyshuone\/wp-json\/wp\/v2\/comments?post=8175"}],"version-history":[{"count":61,"href":"https:\/\/kuurojenliitto.fi\/yhdistyshuone\/wp-json\/wp\/v2\/pages\/8175\/revisions"}],"predecessor-version":[{"id":8674,"href":"https:\/\/kuurojenliitto.fi\/yhdistyshuone\/wp-json\/wp\/v2\/pages\/8175\/revisions\/8674"}],"wp:attachment":[{"href":"https:\/\/kuurojenliitto.fi\/yhdistyshuone\/wp-json\/wp\/v2\/media?parent=8175"}],"curies":[{"name":"wp","href":"https:\/\/api.w.org\/{rel}","templated":true}]}}