{"id":7977,"date":"2025-05-08T09:49:58","date_gmt":"2025-05-08T06:49:58","guid":{"rendered":"https:\/\/kuurojenliitto.fi\/yhdistyshuone\/?page_id=7977"},"modified":"2025-05-08T09:49:59","modified_gmt":"2025-05-08T06:49:59","slug":"tillsammans-mot-rattvisa-val","status":"publish","type":"page","link":"https:\/\/kuurojenliitto.fi\/yhdistyshuone\/sv\/tillsammans-mot-rattvisa-val\/","title":{"rendered":"Tillsammans mot r\u00e4ttvisa val"},"content":{"rendered":"\n\n<section id=\"column-block_31e90c2d97c7af5210a62c274c8be2ad\" class=\"section-default ingress px-4 sm:px-4 md:px-8 lg:px-12 xl:px-24\">\n    <div class=\"flex pb-4\">\n            \n    <\/div>\n\n<\/section>\n\n\n\n<section id=\"column-block_7ac2d28f55daeec7dbbc100d354bce32\" class=\"px-4 sm:px-4 md:px-8 lg:px-12 xl:px-24 section-default \">\n\n            <div class=\"relative py-4 gridder\">\n                        <div id=\"stickier\" class=\"b z-10 flex flex-row flex-wrap  mb-6 top-0 relative\">\n\n          <div class=\"x-tabs w-full\" x-data=\"{ activeTab: 0 }\">\n                    <div :class=\"{ 'hidden': activeTab !== 0 }\" tabindex=\"0\" role=\"tabpanel\" id=\"tab-0\" aria-labelledby=\"label-0\" class=\"bg-white\">\n                                        <button onclick=\"getSticky()\" class=\"bg-moss-500 hover:text-white text-dark w-16 h-16 hidden md:block md:absolute top-0 right-0 z-10\"><i class=\"fas fa-thumbtack fa-lg\"><\/i><br><span id=\"stickytext\">Kiinnit\u00e4<\/span><\/button>\n                                <div class=\"embed-container w-full\">\n    <iframe loading=\"lazy\" title=\"Tillsammans mot r\u00e4ttvisa val\" width=\"640\" height=\"360\" src=\"https:\/\/www.youtube.com\/embed\/d8jDafKb8-c?feature=oembed\" frameborder=\"0\" allow=\"accelerometer; autoplay; clipboard-write; encrypted-media; gyroscope; picture-in-picture; web-share\" referrerpolicy=\"strict-origin-when-cross-origin\" allowfullscreen><\/iframe>  <\/div>\n  <div class=\"w-full p-2 bg-light text-md\">\n        <div class=\"flex flex-row flex-wrap text-sm text-gray-800\">\n              <div class=\"w-full md:w-1\/3\">\n          <i class=\"far fa-clock mr-1 text-gray-500\"><\/i> Kesto: 00:47<\/div>\n      \n      <div class=\"w-full md:w-2\/3\">\n        <i class=\"fal fa-closed-captioning mr-1 text-gray-500\"><\/i>\n        Ei tekstityst\u00e4                  <div class=\"w-full\"><i class=\"fal fa-sign-language mr-1 text-gray-500\"><\/i>\n            Kieli:\n                                                          <span>Suomenruotsalainen viittomakieli<\/span>\n                          \n          <\/div>\n              <\/div>\n    <\/div>\n  <\/div>\n                                                <\/div>\n                                <\/div>\n\n                              <\/div>\n        \n          <div class=\"content entry-content bg-white p-8 lg:pr-20 a lg:mr-12 mb-3 shadow-xl hover:shadow-2xl\">\n            <p>Finlands D\u00f6vas F\u00f6rbunds ordf\u00f6randeval n\u00e4rmar sig. De \u00e4r en viktig del av v\u00e5r gemenskaps demokratiska verksamhet. Vi vill att valet ska genomf\u00f6ras r\u00e4ttvist och p\u00e5 ett s\u00e4tt som inger f\u00f6rtroende. D\u00e4rf\u00f6r \u00e4r det bra att vi har gemensamma spelregler inf\u00f6r valet.<\/p>\n<h2>\ud83d\udc99Tillsammans f\u00f6r r\u00e4ttvisa val<\/h2>\n<p>Denna anvisning hj\u00e4lper oss alla att agera r\u00e4ttvist och konstruktivt. Tack f\u00f6r att du \u00e4r med och bygger f\u00f6rtroende och gemenskap.<\/p>\n<p>Tillsammans \u00e4r vi mer \u2013 p\u00e5 teckenspr\u00e5k.<\/p>\n<p>Du kan ladda ner PDF-versionen av anvisningen <strong><a href=\"https:\/\/kuurojenliitto.fi\/yhdistyshuone\/wp-content\/uploads\/sites\/11\/2025\/05\/Reilut-vaalit_Rattvisa-val-2025.pdf\" target=\"_blank\" rel=\"noopener\">h\u00e4r<\/a><\/strong>.<\/p>\n                      <\/div>\n\n          \n\n      <\/div>\n    \n  \n<\/section>\n\n\n\n\n<section id=\"column-block_ccef619b5083fcae31b5dda3665d55c3\" class=\"section-default pt-0 pb-0 px-4 sm:px-4 md:px-8 lg:px-12 xl:px-24 bg-gray-100 big-card\">\n\n  \n  <div class=\"flex-row -mx-4\">\n\n    <article class=\"p-4 relative w-full\">\n      <div class=\"bg-white shadow-xl hover:shadow-2xl flex flex-col md:flex-row\">\n        <div class=\"big-card-image md:w-1\/2 flex\">\n                                                                              <article class=\"w-full p-4 relative youtube-iframe\">\n                        <div class=\"bg-white\">\n                            <figure class=\"relative w-full responsive-iframe\">\n                              <iframe loading=\"lazy\" title=\"Anvisningar f\u00f6r ordf\u00f6randekandidater\" width=\"640\" height=\"360\" src=\"https:\/\/www.youtube.com\/embed\/egAb4QNtwlc?feature=oembed\" frameborder=\"0\" allow=\"accelerometer; autoplay; clipboard-write; encrypted-media; gyroscope; picture-in-picture; web-share\" referrerpolicy=\"strict-origin-when-cross-origin\" allowfullscreen><\/iframe>                            <\/figure>\n                                                        <div class=\"flex flex-row flex-wrap px-4\">\n                                                              <div class=\"w-1\/2 md:w-1\/4\">\n                                  <i class=\"far fa-clock mr-1 text-gray-500\" aria-hidden=\"true\"><\/i>\n                                  <span class=\"sr-only\">Kesto: <\/span>01:40                                <\/div>\n                                                                                                                      <\/div>\n                            \n                                \n                        <\/div>\n                    <\/article>\n                                            <\/div>\n        <div class=\"md:w-1\/2 px-8 py-4\">\n                      <h3 class=\"mt-4 text-2xl leading-tight heading-lg\">Anvisningar f\u00f6r ordf\u00f6randekandidater<\/h3>\n                    \n                      <p>Som kandidat \u00e4r du med i ett viktigt uppdrag. Vi vill s\u00e4kerst\u00e4lla att alla kandidater har en r\u00e4ttvis och j\u00e4mlik m\u00f6jlighet att presentera sina tankar.<\/p>\n<ul>\n<li>P\u00e5 f\u00f6rbundets webbplats och i presentationsvideorna ges alla kandidater lika mycket utrymme f\u00f6re f\u00f6rbundsm\u00f6tet.<\/li>\n<li>Vid f\u00f6rbundsm\u00f6tet intervjuar valutskottet kandidaterna. P\u00e5 detta s\u00e4tt s\u00e4kerst\u00e4lls att alla f\u00e5r samma m\u00f6jlighet att framf\u00f6ra sina \u00e5sikter.<\/li>\n<li>F\u00f6re f\u00f6rbundsm\u00f6tet ansvarar kandidaterna sj\u00e4lva f\u00f6r sin kampanj \u2013 f\u00f6rbundet st\u00f6der inte enskilda kandidaters kampanjer.<\/li>\n<li>Kampanjering f\u00e5r inte ske vid f\u00f6rbundets evenemang, om inte samma m\u00f6jlighet ges till alla kandidater.<\/li>\n<li>Medlemsf\u00f6reningar kan bjuda in kandidater f\u00f6r att presentera sig eller delta i diskussioner. Detta \u00e4r en del av en \u00f6ppen och demokratisk dialog. Dessa tillf\u00e4llen ordnas av f\u00f6reningarna och kandidaterna sj\u00e4lva, inte av f\u00f6rbundet.<\/li>\n<li>Kandidater uppmuntras att kampanja p\u00e5 ett konstruktivt och respektfullt s\u00e4tt gentemot gemenskapen. En r\u00e4ttvis och \u00f6ppen diskussion bygger f\u00f6rtroende hos oss alla.<\/li>\n<\/ul>\n<p>Tack f\u00f6r att du st\u00e4ller upp som kandidat \u2013 du \u00e4r en viktig del av denna demokratiska process.<\/p>\n                            <\/div>\n      <\/div>\n    <\/article>\n  <\/div>\n\n  \n<\/section>\n\n\n\n\n<section id=\"column-block_51a770e30edb0e33a3106794a79318e9\" class=\"section-default pt-0 pb-0 px-4 sm:px-4 md:px-8 lg:px-12 xl:px-24 bg-gray-100 big-card\">\n\n  \n  <div class=\"flex-row -mx-4\">\n\n    <article class=\"p-4 relative w-full\">\n      <div class=\"bg-white shadow-xl hover:shadow-2xl flex flex-col md:flex-row-reverse\">\n        <div class=\"big-card-image md:w-1\/2 flex\">\n                                                                              <article class=\"w-full p-4 relative youtube-iframe\">\n                        <div class=\"bg-white\">\n                            <figure class=\"relative w-full responsive-iframe\">\n                              <iframe loading=\"lazy\" title=\"Anvisningar f\u00f6r valutskottet\" width=\"640\" height=\"360\" src=\"https:\/\/www.youtube.com\/embed\/pkEc5taGQ2k?feature=oembed\" frameborder=\"0\" allow=\"accelerometer; autoplay; clipboard-write; encrypted-media; gyroscope; picture-in-picture; web-share\" referrerpolicy=\"strict-origin-when-cross-origin\" allowfullscreen><\/iframe>                            <\/figure>\n                                                        <div class=\"flex flex-row flex-wrap px-4\">\n                                                              <div class=\"w-1\/2 md:w-1\/4\">\n                                  <i class=\"far fa-clock mr-1 text-gray-500\" aria-hidden=\"true\"><\/i>\n                                  <span class=\"sr-only\">Kesto: <\/span>00:54                                <\/div>\n                                                                                                                      <\/div>\n                            \n                                \n                        <\/div>\n                    <\/article>\n                                            <\/div>\n        <div class=\"md:w-1\/2 px-8 py-4\">\n                      <h3 class=\"mt-4 text-2xl leading-tight heading-lg\">Anvisningar f\u00f6r valutskottet<\/h3>\n                    \n                      <p>Valutskottet g\u00f6r ett viktigt arbete med att f\u00f6rbereda valet. Valutskottet \u00e4r ett sj\u00e4lvst\u00e4ndigt och oberoende organ som utses av f\u00f6rbundsm\u00f6tet och vars uppgift \u00e4r att f\u00f6rbereda personvalen f\u00f6r f\u00f6rbundsm\u00f6tet. Det \u00e4r viktigt att valutskottets medlemmar f\u00f6rblir neutrala och opartiska under hela processen.<\/p>\n<ul>\n<li>Valutskottet tar inte st\u00e4llning till kandidaterna. \u00c4ven gillamarkeringar och delningar i sociala medier kan uppfattas som st\u00e4llningstaganden \u2013 d\u00e4rf\u00f6r b\u00f6r dessa undvikas.<\/li>\n<li>Valutskottet kan ge kandidater anvisningar, men p\u00e5 ett neutralt s\u00e4tt. Alla m\u00e5ste ha samma m\u00f6jlighet att presentera sig.<\/li>\n<\/ul>\n                            <\/div>\n      <\/div>\n    <\/article>\n  <\/div>\n\n  \n<\/section>\n\n\n\n\n<section id=\"column-block_1509c5c28fdcf793176e9bb112493ddc\" class=\"section-default pt-0 pb-0 px-4 sm:px-4 md:px-8 lg:px-12 xl:px-24 bg-gray-100 big-card\">\n\n  \n  <div class=\"flex-row -mx-4\">\n\n    <article class=\"p-4 relative w-full\">\n      <div class=\"bg-white shadow-xl hover:shadow-2xl flex flex-col md:flex-row\">\n        <div class=\"big-card-image md:w-1\/2 flex\">\n                                                                              <article class=\"w-full p-4 relative youtube-iframe\">\n                        <div class=\"bg-white\">\n                            <figure class=\"relative w-full responsive-iframe\">\n                              <iframe loading=\"lazy\" title=\"Anvisningar f\u00f6r anst\u00e4llda\" width=\"640\" height=\"360\" src=\"https:\/\/www.youtube.com\/embed\/GJTdz3mIarc?feature=oembed\" frameborder=\"0\" allow=\"accelerometer; autoplay; clipboard-write; encrypted-media; gyroscope; picture-in-picture; web-share\" referrerpolicy=\"strict-origin-when-cross-origin\" allowfullscreen><\/iframe>                            <\/figure>\n                                                        <div class=\"flex flex-row flex-wrap px-4\">\n                                                              <div class=\"w-1\/2 md:w-1\/4\">\n                                  <i class=\"far fa-clock mr-1 text-gray-500\" aria-hidden=\"true\"><\/i>\n                                  <span class=\"sr-only\">Kesto: <\/span>00:47                                <\/div>\n                                                                                                                      <\/div>\n                            \n                                \n                        <\/div>\n                    <\/article>\n                                            <\/div>\n        <div class=\"md:w-1\/2 px-8 py-4\">\n                      <h3 class=\"mt-4 text-2xl leading-tight heading-lg\">Anvisningar f\u00f6r f\u00f6rbundets anst\u00e4llda<\/h3>\n                    \n                      <p>F\u00f6r Finlands D\u00f6vas F\u00f6rbunds anst\u00e4llda \u00e4r det viktigt att bevara opartiskheten under valperioden.<\/p>\n<ul>\n<li>Under arbetstid och i arbetsrollen f\u00e5r man inte kampanja, rekommendera kandidater eller ta st\u00e4llning.<\/li>\n<li>Samma princip g\u00e4ller i sociala medier \u2013 \u00e4ven gillamarkeringar och delningar kan uppfattas som st\u00e4llningstaganden.<\/li>\n<li>Om en anst\u00e4lld \u00e4r medlem i en f\u00f6rening kan hen delta normalt i f\u00f6reningens beslut, s\u00e5som val av ordf\u00f6rande. Detta \u00e4r en medlemsr\u00e4ttighet, s\u00e5 l\u00e4nge det inte \u00e4r kopplat till arbetet eller arbetsgivarens kommunikation.<\/li>\n<\/ul>\n                            <\/div>\n      <\/div>\n    <\/article>\n  <\/div>\n\n  \n<\/section>\n","protected":false},"excerpt":{"rendered":"<p>Kiinnit\u00e4 Kesto: 00:47 Ei tekstityst\u00e4 Kieli: Suomenruotsalainen viittomakieli Finlands D\u00f6vas F\u00f6rbunds ordf\u00f6randeval n\u00e4rmar sig. De \u00e4r en viktig del av v\u00e5r gemenskaps demokratiska verksamhet. Vi vill att valet ska genomf\u00f6ras r\u00e4ttvist och p\u00e5 ett s\u00e4tt&#8230;<\/p>\n","protected":false},"author":6,"featured_media":0,"parent":0,"menu_order":0,"comment_status":"closed","ping_status":"closed","template":"","meta":{"footnotes":""},"class_list":["post-7977","page","type-page","status-publish","hentry","px-4 sm:px-4 md:px-8 lg:px-12 xl:px-24"],"acf":[],"yoast_head":"<!-- This site is optimized with the Yoast SEO plugin v27.3 - https:\/\/yoast.com\/product\/yoast-seo-wordpress\/ -->\n<title>Tillsammans mot r\u00e4ttvisa val - Yhdistyshuone<\/title>\n<meta name=\"robots\" content=\"index, follow, max-snippet:-1, max-image-preview:large, max-video-preview:-1\" \/>\n<link rel=\"canonical\" href=\"https:\/\/kuurojenliitto.fi\/yhdistyshuone\/sv\/tillsammans-mot-rattvisa-val\/\" \/>\n<meta property=\"og:locale\" content=\"fi_FI\" \/>\n<meta property=\"og:type\" content=\"article\" \/>\n<meta property=\"og:title\" content=\"Tillsammans mot r\u00e4ttvisa val - Yhdistyshuone\" \/>\n<meta property=\"og:description\" content=\"Kiinnit\u00e4 Kesto: 00:47 Ei tekstityst\u00e4 Kieli: Suomenruotsalainen viittomakieli Finlands D\u00f6vas F\u00f6rbunds ordf\u00f6randeval n\u00e4rmar sig. De \u00e4r en viktig del av v\u00e5r gemenskaps demokratiska verksamhet. Vi vill att valet ska genomf\u00f6ras r\u00e4ttvist och p\u00e5 ett s\u00e4tt...\" \/>\n<meta property=\"og:url\" content=\"https:\/\/kuurojenliitto.fi\/yhdistyshuone\/sv\/tillsammans-mot-rattvisa-val\/\" \/>\n<meta property=\"og:site_name\" content=\"Yhdistyshuone\" \/>\n<meta property=\"article:modified_time\" content=\"2025-05-08T06:49:59+00:00\" \/>\n<meta name=\"twitter:card\" content=\"summary_large_image\" \/>\n<script type=\"application\/ld+json\" class=\"yoast-schema-graph\">{\"@context\":\"https:\\\/\\\/schema.org\",\"@graph\":[{\"@type\":\"WebPage\",\"@id\":\"https:\\\/\\\/kuurojenliitto.fi\\\/yhdistyshuone\\\/sv\\\/tillsammans-mot-rattvisa-val\\\/\",\"url\":\"https:\\\/\\\/kuurojenliitto.fi\\\/yhdistyshuone\\\/sv\\\/tillsammans-mot-rattvisa-val\\\/\",\"name\":\"Tillsammans mot r\u00e4ttvisa val - Yhdistyshuone\",\"isPartOf\":{\"@id\":\"https:\\\/\\\/kuurojenliitto.fi\\\/yhdistyshuone\\\/#website\"},\"datePublished\":\"2025-05-08T06:49:58+00:00\",\"dateModified\":\"2025-05-08T06:49:59+00:00\",\"breadcrumb\":{\"@id\":\"https:\\\/\\\/kuurojenliitto.fi\\\/yhdistyshuone\\\/sv\\\/tillsammans-mot-rattvisa-val\\\/#breadcrumb\"},\"inLanguage\":\"fi\",\"potentialAction\":[{\"@type\":\"ReadAction\",\"target\":[\"https:\\\/\\\/kuurojenliitto.fi\\\/yhdistyshuone\\\/sv\\\/tillsammans-mot-rattvisa-val\\\/\"]}]},{\"@type\":\"BreadcrumbList\",\"@id\":\"https:\\\/\\\/kuurojenliitto.fi\\\/yhdistyshuone\\\/sv\\\/tillsammans-mot-rattvisa-val\\\/#breadcrumb\",\"itemListElement\":[{\"@type\":\"ListItem\",\"position\":1,\"name\":\"Ing\u00e5ngssida\",\"item\":\"https:\\\/\\\/kuurojenliitto.fi\\\/yhdistyshuone\\\/\"},{\"@type\":\"ListItem\",\"position\":2,\"name\":\"Tillsammans mot r\u00e4ttvisa val\"}]},{\"@type\":\"WebSite\",\"@id\":\"https:\\\/\\\/kuurojenliitto.fi\\\/yhdistyshuone\\\/#website\",\"url\":\"https:\\\/\\\/kuurojenliitto.fi\\\/yhdistyshuone\\\/\",\"name\":\"Yhdistyshuone\",\"description\":\"Uusi Kuurojen Liitto-sivustot -sivusto\",\"potentialAction\":[{\"@type\":\"SearchAction\",\"target\":{\"@type\":\"EntryPoint\",\"urlTemplate\":\"https:\\\/\\\/kuurojenliitto.fi\\\/yhdistyshuone\\\/?s={search_term_string}\"},\"query-input\":{\"@type\":\"PropertyValueSpecification\",\"valueRequired\":true,\"valueName\":\"search_term_string\"}}],\"inLanguage\":\"fi\"}]}<\/script>\n<!-- \/ Yoast SEO plugin. -->","yoast_head_json":{"title":"Tillsammans mot r\u00e4ttvisa val - Yhdistyshuone","robots":{"index":"index","follow":"follow","max-snippet":"max-snippet:-1","max-image-preview":"max-image-preview:large","max-video-preview":"max-video-preview:-1"},"canonical":"https:\/\/kuurojenliitto.fi\/yhdistyshuone\/sv\/tillsammans-mot-rattvisa-val\/","og_locale":"fi_FI","og_type":"article","og_title":"Tillsammans mot r\u00e4ttvisa val - Yhdistyshuone","og_description":"Kiinnit\u00e4 Kesto: 00:47 Ei tekstityst\u00e4 Kieli: Suomenruotsalainen viittomakieli Finlands D\u00f6vas F\u00f6rbunds ordf\u00f6randeval n\u00e4rmar sig. De \u00e4r en viktig del av v\u00e5r gemenskaps demokratiska verksamhet. Vi vill att valet ska genomf\u00f6ras r\u00e4ttvist och p\u00e5 ett s\u00e4tt...","og_url":"https:\/\/kuurojenliitto.fi\/yhdistyshuone\/sv\/tillsammans-mot-rattvisa-val\/","og_site_name":"Yhdistyshuone","article_modified_time":"2025-05-08T06:49:59+00:00","twitter_card":"summary_large_image","schema":{"@context":"https:\/\/schema.org","@graph":[{"@type":"WebPage","@id":"https:\/\/kuurojenliitto.fi\/yhdistyshuone\/sv\/tillsammans-mot-rattvisa-val\/","url":"https:\/\/kuurojenliitto.fi\/yhdistyshuone\/sv\/tillsammans-mot-rattvisa-val\/","name":"Tillsammans mot r\u00e4ttvisa val - Yhdistyshuone","isPartOf":{"@id":"https:\/\/kuurojenliitto.fi\/yhdistyshuone\/#website"},"datePublished":"2025-05-08T06:49:58+00:00","dateModified":"2025-05-08T06:49:59+00:00","breadcrumb":{"@id":"https:\/\/kuurojenliitto.fi\/yhdistyshuone\/sv\/tillsammans-mot-rattvisa-val\/#breadcrumb"},"inLanguage":"fi","potentialAction":[{"@type":"ReadAction","target":["https:\/\/kuurojenliitto.fi\/yhdistyshuone\/sv\/tillsammans-mot-rattvisa-val\/"]}]},{"@type":"BreadcrumbList","@id":"https:\/\/kuurojenliitto.fi\/yhdistyshuone\/sv\/tillsammans-mot-rattvisa-val\/#breadcrumb","itemListElement":[{"@type":"ListItem","position":1,"name":"Ing\u00e5ngssida","item":"https:\/\/kuurojenliitto.fi\/yhdistyshuone\/"},{"@type":"ListItem","position":2,"name":"Tillsammans mot r\u00e4ttvisa val"}]},{"@type":"WebSite","@id":"https:\/\/kuurojenliitto.fi\/yhdistyshuone\/#website","url":"https:\/\/kuurojenliitto.fi\/yhdistyshuone\/","name":"Yhdistyshuone","description":"Uusi Kuurojen Liitto-sivustot -sivusto","potentialAction":[{"@type":"SearchAction","target":{"@type":"EntryPoint","urlTemplate":"https:\/\/kuurojenliitto.fi\/yhdistyshuone\/?s={search_term_string}"},"query-input":{"@type":"PropertyValueSpecification","valueRequired":true,"valueName":"search_term_string"}}],"inLanguage":"fi"}]}},"lang":"sv","translations":{"sv":7977,"fi":7957},"pll_sync_post":[],"_links":{"self":[{"href":"https:\/\/kuurojenliitto.fi\/yhdistyshuone\/wp-json\/wp\/v2\/pages\/7977","targetHints":{"allow":["GET"]}}],"collection":[{"href":"https:\/\/kuurojenliitto.fi\/yhdistyshuone\/wp-json\/wp\/v2\/pages"}],"about":[{"href":"https:\/\/kuurojenliitto.fi\/yhdistyshuone\/wp-json\/wp\/v2\/types\/page"}],"author":[{"embeddable":true,"href":"https:\/\/kuurojenliitto.fi\/yhdistyshuone\/wp-json\/wp\/v2\/users\/6"}],"replies":[{"embeddable":true,"href":"https:\/\/kuurojenliitto.fi\/yhdistyshuone\/wp-json\/wp\/v2\/comments?post=7977"}],"version-history":[{"count":11,"href":"https:\/\/kuurojenliitto.fi\/yhdistyshuone\/wp-json\/wp\/v2\/pages\/7977\/revisions"}],"predecessor-version":[{"id":7989,"href":"https:\/\/kuurojenliitto.fi\/yhdistyshuone\/wp-json\/wp\/v2\/pages\/7977\/revisions\/7989"}],"wp:attachment":[{"href":"https:\/\/kuurojenliitto.fi\/yhdistyshuone\/wp-json\/wp\/v2\/media?parent=7977"}],"curies":[{"name":"wp","href":"https:\/\/api.w.org\/{rel}","templated":true}]}}