{"id":7827,"date":"2025-04-28T15:15:07","date_gmt":"2025-04-28T12:15:07","guid":{"rendered":"https:\/\/kuurojenliitto.fi\/yhdistyshuone\/?page_id=7827"},"modified":"2025-05-23T11:14:15","modified_gmt":"2025-05-23T08:14:15","slug":"liittokokous-2025","status":"publish","type":"page","link":"https:\/\/kuurojenliitto.fi\/yhdistyshuone\/liittokokous-2025\/","title":{"rendered":"Liittokokous 2025"},"content":{"rendered":"\n\n<section id=\"column-block_e694ca3b8ec39c90dca1b37a8e89db00\" class=\"section-default ingress px-4 sm:px-4 md:px-8 lg:px-12 xl:px-24\">\n    <div class=\"flex pb-4\">\n            \n    <\/div>\n\n<\/section>\n\n\n\n<section id=\"column-block_9ec3e7e4502c962152125fefc103b698\" class=\"px-4 sm:px-4 md:px-8 lg:px-12 xl:px-24 section-default \">\n\n            <div class=\"relative py-4 gridder\">\n                        <div id=\"stickier\" class=\"b z-10 flex flex-row flex-wrap  mb-6 top-0 relative\">\n\n          <div class=\"x-tabs w-full\" x-data=\"{ activeTab: 0 }\">\n                    <div :class=\"{ 'hidden': activeTab !== 0 }\" tabindex=\"0\" role=\"tabpanel\" id=\"tab-0\" aria-labelledby=\"label-0\" class=\"bg-white\">\n                                        <button onclick=\"getSticky()\" class=\"bg-moss-500 hover:text-white text-dark w-16 h-16 hidden md:block md:absolute top-0 right-0 z-10\"><i class=\"fas fa-thumbtack fa-lg\"><\/i><br><span id=\"stickytext\">Kiinnit\u00e4<\/span><\/button>\n                                <div class=\"embed-container w-full\">\n    <iframe loading=\"lazy\" title=\"Tervetuloa liittokokoukseen ja kehitta\u0308mispa\u0308iville 2025!\" width=\"640\" height=\"360\" src=\"https:\/\/www.youtube.com\/embed\/-F_1HvgXccE?feature=oembed\" frameborder=\"0\" allow=\"accelerometer; autoplay; clipboard-write; encrypted-media; gyroscope; picture-in-picture; web-share\" referrerpolicy=\"strict-origin-when-cross-origin\" allowfullscreen><\/iframe>  <\/div>\n  <div class=\"w-full p-2 bg-light text-md\">\n        <div class=\"flex flex-row flex-wrap text-sm text-gray-800\">\n              <div class=\"w-full md:w-1\/3\">\n          <i class=\"far fa-clock mr-1 text-gray-500\"><\/i> Kesto: 03:58<\/div>\n      \n      <div class=\"w-full md:w-2\/3\">\n        <i class=\"fal fa-closed-captioning mr-1 text-gray-500\"><\/i>\n        Ei tekstityst\u00e4                  <div class=\"w-full\"><i class=\"fal fa-sign-language mr-1 text-gray-500\"><\/i>\n            Kieli:\n                                                          <span>Suomalainen viittomakieli<\/span>\n                          \n          <\/div>\n              <\/div>\n    <\/div>\n  <\/div>\n                                                <\/div>\n                                <\/div>\n\n                              <\/div>\n        \n          <div class=\"content entry-content bg-white p-8 lg:pr-20 a lg:mr-12 mb-3 shadow-xl hover:shadow-2xl\">\n            <p>Kuurojen Liiton hallitus kutsuu j\u00e4senyhdistyksens\u00e4 liiton s\u00e4\u00e4nt\u00f6m\u00e4\u00e4r\u00e4iseen varsinaiseen liittokokoukseen, joka pidet\u00e4\u00e4n 7.6.2025 Valkeassa talossa. Liittokokous alkaa lauantaina 7.6. kello 10.00 ja p\u00e4\u00e4ttyy viimeist\u00e4\u00e4n kello 18.00.<\/p>\n<p>Kokouksessa k\u00e4sitell\u00e4\u00e4n liiton s\u00e4\u00e4nt\u00f6jen varsinaiselle liittokokoukselle m\u00e4\u00e4r\u00e4\u00e4m\u00e4t ja hallituksen valmistelemat asiat, ja asetetaan vaalivaliokunta valmistelemaan vuoden 2026 varsinaisen liittokokouksen henkil\u00f6valintoja.<\/p>\n<p>Lis\u00e4tietoja kokouksesta: <a href=\"https:\/\/kuurojenliitto.fi\/yhdistyshuone\/wp-content\/uploads\/sites\/11\/2025\/05\/Liittokokouksen-esityslista-2025.pdf\" target=\"_blank\" rel=\"noopener\">Liittokokouksen esityslista<\/a><\/p>\n<h3>Liittokokousedustajien valinta<\/h3>\n<p>Yhdistykset valitsevat edustajansa liittokokoukseen s\u00e4\u00e4nt\u00f6jens\u00e4 m\u00e4\u00e4r\u00e4\u00e4m\u00e4ss\u00e4 kokouksessa. Liiton s\u00e4\u00e4nt\u00f6jen mukaan \u00e4\u00e4nioikeus liittokokouksessa on j\u00e4senyhdistysten valitsemilla edustajilla. J\u00e4senyhdistyksist\u00e4 on kuurojen yhdistyksill\u00e4 k\u00e4ytett\u00e4viss\u00e4\u00e4n yksi (1) \u00e4\u00e4ni kullakin yhdistyksell\u00e4 sek\u00e4 yksi (1) lis\u00e4-\u00e4\u00e4ni jokaista sataa j\u00e4sent\u00e4 kohti. Muilla j\u00e4senyhdistyksill\u00e4 on k\u00e4ytett\u00e4viss\u00e4\u00e4n yksi (1) \u00e4\u00e4ni kullakin.<\/p>\n<h3>Suora verkkol\u00e4hetys<\/h3>\n<p>Liittokokousta voi seurata my\u00f6s suorassa verkkol\u00e4hetyksess\u00e4 osoitteessa kuurojenliitto.fi tai Kuurojen Liiton YouTube-kanavalla.<\/p>\n<h3>J\u00e4senyhdistysten kehitt\u00e4misp\u00e4iv\u00e4<\/h3>\n<p>Viime vuonna liittokokouksen yhteydess\u00e4 j\u00e4rjestettiin j\u00e4senyhdistysten kehitt\u00e4misp\u00e4iv\u00e4 ja sit\u00e4 toivottiin uudelleen toteutettavaksi jatkossakin, joten nyt j\u00e4rjestet\u00e4\u00e4n taas liittokokouksen yhteydess\u00e4 j\u00e4senyhdistysten kehitt\u00e4misp\u00e4iv\u00e4\u00a0<strong>su 8.6.2025<\/strong>!<\/p>\n<p>Kehitt\u00e4misp\u00e4iv\u00e4\u00e4n osallistuville tarjotaan\u00a0<strong>tarvittaessa<\/strong>\u00a0majoitusta la-su ja my\u00f6s kevyt lounas ja kahvit sunnuntaina. Majoituspaikkoja\u00a0on rajoitetusti. Kehitt\u00e4misp\u00e4iv\u00e4lle on tervetulleita liittokokouksen edustajien lis\u00e4ksi muutkin aiheista kiinnostuneet!<\/p>\n<h4>Ohjelma klo 9.15-14.00<\/h4>\n<p><strong>Yhdistysohjelman katsaus<br \/>\n<\/strong><em>Millainen Yhdistysohjelma on ollut? Mik\u00e4 on toteutunut ja ent\u00e4 mik\u00e4 on muuttunut?<\/em><\/p>\n<p><strong>Millainen j\u00e4senyhdistysten verkosto on 10 vuoden p\u00e4\u00e4st\u00e4?<br \/>\n<\/strong><em>Millaisia yhdistyskent\u00e4n muutokset ovat? Miten yhteiskunnalliset muutokset vaikuttavat yhdistyksiin? Miten yhdistykset voivat saada elinvoimaisuutta?<\/em><\/p>\n<p>V\u00e4liss\u00e4 on lounas ja kahvitauot.\u00a0Ilmoittautuminen viimeist\u00e4\u00e4n\u00a0<strong>30.5.\u00a0<\/strong>ilmoittautumislinkin kautta.<\/p>\n<p>Syd\u00e4mellisesti tervetuloa!<\/p>\n<p>Sunnuntain ohjelmaan ja majoitukseen liittyviss\u00e4 kysymyksiss\u00e4 yhteydenotto: J\u00e4rjest\u00f6suunnittelija Iina Uhlenius,\u00a0<a href=\"mailto:iina.uhlenius@kuurojenliitto.fi\">iina.uhlenius@kuurojenliitto.fi<\/a>, 044 752 5256<\/p>\n                          <div class=\"more-content\">\n                                                                                \n                <div class=\"readmore flex flex-row flex-wrap hidden\">\n                  <div class=\"readmore-content w-full hidden\"><\/div>\n                  <div class=\"readmore-btns\">\n                    <button class=\"text-center mt-4 readless-btn flex flex-row\">\n                      <span class=\"flex w-6 h-6 bg-dark text-white py-1 mr-2 text-center font-medium rounded-full uppercase tracking-widest\"><i class=\"pl-px fa fa-minus mx-auto\"><\/i><\/span>\n                      N\u00e4yt\u00e4 v\u00e4hemm\u00e4n                    <\/button>\n                  <\/div>\n                <\/div>\n\n              <\/div>\n                      <\/div>\n\n                      <aside class=\"c\">\n                              <div class=\"flex flex-col mt-4 mb-4\">\n                                                          <div class=\"flex flex-row bg-white shadow-xl hover:shadow-2xl h-full mb-4\">\n                                              <div class=\"w-full p-4\">\n                      \n                        <h2 class=\"pb-3 leading-tight heading-sm text-lg\">Liittokokous 2025 materiaalit edustajille<\/h2>\n                        <div><p>Sivu on salasanasuojattu. Salasanan l\u00f6yd\u00e4t yhdistyksille postitetusta liittokokousmateriaalipaketista.<\/p>\n<\/div>\n                                                  <a class=\"flex flex-row items-center mb-2 leading-none heading-sm mt-6\" href=\"https:\/\/kuurojenliitto.fi\/yhdistyshuone\/liittokokous-2025-materiaalit\/\" target=\"_self\"><span class=\"w-6 h-6 bg-dark text-white px-2 py-1 mr-2 text-center font-medium rounded-full uppercase tracking-widest\">><\/span>Liittokokous 2025 materiaalit<\/a>\n                                                                                              <\/div>\n                    <\/div>\n                                                          <div class=\"flex flex-row bg-white shadow-xl hover:shadow-2xl h-full mb-4\">\n                                            <figure class=\"relative w-1\/4 bg-cover flex-1 bg-center\" style=\"background-image: url('https:\/\/kuurojenliitto.fi\/yhdistyshuone\/wp-content\/uploads\/sites\/11\/2024\/08\/9M9A8922-1-1280x720-1.jpg');\">\n                                              <\/figure>\n\n                      <div class=\"w-3\/4 p-4\">\n                      \n                        <h2 class=\"pb-3 leading-tight heading-sm text-lg\">Katso my\u00f6s<\/h2>\n                        <div><\/div>\n                                                                                                                                    <a class=\"flex flex-row items-center mb-2 leading-none heading-sm mt-4\" href=\"https:\/\/kuurojenliitto.fi\/yhdistyshuone\/ehdokasasettelu-kuurojen-liitto-ryn-liittokokouksessa-2025\/\" target=\"_self\"><span class=\"w-6 h-6 bg-dark text-white px-2 py-1 mr-2 text-center font-medium rounded-full uppercase tracking-widest\">><\/span>Ehdokasasettelu Kuurojen Liitto ry:n liittokokouksessa 2025<\/a>\n                                                                                                                <a class=\"flex flex-row items-center mb-2 leading-none heading-sm mt-4\" href=\"https:\/\/kuurojenliitto.fi\/yhdistyshuone\/yhdessa-kohti-reiluja-vaaleja\/\" target=\"_self\"><span class=\"w-6 h-6 bg-dark text-white px-2 py-1 mr-2 text-center font-medium rounded-full uppercase tracking-widest\">><\/span>Yhdess\u00e4 kohti reiluja vaaleja<\/a>\n                                                                                                                              <\/div>\n                    <\/div>\n                                  <\/div>\n              \n                            <div class=\"border-l-4 border-color pl-4 mb-8\">\n\n                                  <h3 class=\"heading-lg text-2xl mb-2\">Ilmoittaudu liittokokoukseen ja\/tai kehitt\u00e4misp\u00e4iv\u00e4\u00e4n:<\/h3>\n                \n                                  <p><strong><a href=\"https:\/\/www.lyyti.in\/KLliittokokous2025\">https:\/\/www.lyyti.in\/KLliittokokous2025\u00a0<\/a><\/strong><\/p>\n<p>Viimeinen ilmoittautumisp\u00e4iv\u00e4 on 30.5.2025<\/p>\n                \n                \n                              <\/div>\n              \n              \n                                  <h3 class=\"heading-lg text-2xl mb-4\">Lis\u00e4tiedot<\/h3>\n                \n                                    <div class=\"flex flex-row-reverse flex-wrap bg-white shadow-xl hover:shadow-2xl p-4 mb-3\">\n\n    <div class=\"w-1\/4 text-right\">\n    <figure class=\"entry-image overflow-hidden\">\n      <img loading=\"lazy\" decoding=\"async\" width=\"800\" height=\"800\" src=\"https:\/\/kuurojenliitto.fi\/yhdistyshuone\/wp-content\/uploads\/sites\/11\/2020\/03\/2022_08-Elina-Pokki-1-e1662114385403-800x800.jpg\" class=\"w-full object-fit\" alt=\"&quot;&quot;\" srcset=\"https:\/\/kuurojenliitto.fi\/yhdistyshuone\/wp-content\/uploads\/sites\/11\/2020\/03\/2022_08-Elina-Pokki-1-e1662114385403-800x800.jpg 800w, https:\/\/kuurojenliitto.fi\/yhdistyshuone\/wp-content\/uploads\/sites\/11\/2020\/03\/2022_08-Elina-Pokki-1-e1662114385403-768x769.jpg 768w, https:\/\/kuurojenliitto.fi\/yhdistyshuone\/wp-content\/uploads\/sites\/11\/2020\/03\/2022_08-Elina-Pokki-1-e1662114385403.jpg 1080w\" sizes=\"auto, (max-width: 800px) 100vw, 800px\" \/>    <\/figure><!-- .entry-header -->\n  <\/div>\n  <div class=\"entry-content w-3\/4 pr-4\">\n    <h3 class=\"mb-0 text-lg\">\n      <a href=\"https:\/\/kuurojenliitto.fi\/yhdistyshuone\/henkilo\/elina-pokki\/\">Elina Pokki<\/a>\n    <\/h3>\n    <div class=\"mb-4 mt-0\">\n              <span class=\"text-gray-900 text-sm\">\n                          Toiminnanjohtajan assistentti                      <\/span>\n                <\/div>\n    <div class=\"flex flex-col text-gray-600 mt-1 text-sm items-start\">\n              <div class=\"flex flex-row-reverse\">\n          <div class=\"ml-2 text-xs\">\n                                                  <span class=\"sr-only\">Henkil\u00f6 ei ota vastaan puheluja<\/span>\n              <i class=\"sr-hide fas fa-fw fa-phone-slash mr-1\"><\/i>\n                                      <span class=\"sr-only\">Henkil\u00f6 ottaa vastaan tekstiviestej\u00e4<\/span>\n              <i class=\"sr-hide fas fa-fw fa-sms mr-1\"><\/i>\n                                      <span class=\"sr-only\">Henkil\u00f6 ottaa vastaan WhatsApp-viestej\u00e4, videoviestej\u00e4 ja videopuheluja<\/span>\n              <i class=\"sr-hide fab fa-fw fa-whatsapp mr-1\"><\/i>\n                                  <\/div>\n          <div><span class=\"sr-only\">Puhelinnumero: <\/span><a href=\"tel:+358 40 738 5089\"> +358 40 738 5089<\/a><\/div>\n        <\/div>\n\n                    <div><span class=\"sr-only\"><\/span><a\n            href=\"mailto:elina.pokki@kuurojenliitto.fi\">elina.pokki@kuurojenliitto.fi<\/a><\/div>\n                <\/div>\n\n      <\/div><!-- .entry-content -->\n        <div class=\"w-full mt-2 text-xs\">\n      <span class=\"sr-only\">Henkil\u00f6n vastuualue<\/span>\n              <a href=\"https:\/\/kuurojenliitto.fi\/yhdistyshuone\/vastuualue\/hallituksen-sihteeri\/\">\n          <span class=\"bg-light py-px px-1 text-dark inline-block mr-1 mb-1\">\n            Hallituksen sihteeri          <\/span>\n        <\/a>\n          <\/div>\n  \n<\/div>\n                              \n            <\/aside>\n          \n\n      <\/div>\n    \n  \n<\/section>\n\n\n\n\n<section id=\"column-block_8c5fd9e56edb78f04a962c49f5e80410\" class=\"section-moss pt-8 pb-4  px-4 sm:px-4 lg:px-12 xl:px-24 bg-moss-700 text-white title\">\n\n  \n    <div class=\"md:flex md:flex-row items-center\">\n\n      <div class=\"w-full md:w-2\/3\">\n        <h1 class=\"leading-tight text-white  text-2xl sm:text-3xl lg:text-4xl\">Liittokokousuutisia<\/h1>\n      <\/div>\n\n      <div class=\"w-full md:w-1\/3 md:text-right\">\n                  <a class=\"btn mt-4 md:mt-0 bg-white text-dark inline-block\" href=\"https:\/\/kuurojenliitto.fi\/yhdistyshuone\/ajankohtaista\/\" target=\"_self\">Kaikki uutiset<\/a>\n              <\/div>\n\n    <\/div>\n\n  \n\n<\/section>\n\n\n\n<section id=\"column-block_f79400adc7deb7361e5b3a7cf3db4c29\"\n         class=\"section-moss pt-0 pb-8 px-4 sm:px-4 md:px-8 lg:px-12 xl:px-24 bg-moss-700 cards\">\n    \n        <div class=\"flex flex-wrap flex-row -mx-4\">\n\n            \n                                                            \n<article class=\"w-full md:w-1\/3 p-4 relative\">\n  <div class=\"bg-white shadow-xl hover:shadow-2xl h-full \">\n    <figure class=\"relative imageratio\">\n                <img decoding=\"async\" src=\"https:\/\/kuurojenliitto.fi\/yhdistyshuone\/wp-content\/uploads\/sites\/11\/2025\/12\/Kevainen-Aurajoki_NETTIKOKO-1280x720.jpg\" class=\"w-full\">\n            <span class=\"bg-dark py-1 px-2 ml-2 absolute bottom-0 text-sm text-white\">\n      \tLiittokokous |       \t15.12.2025<\/span>\n    <\/figure>\n    <h2 class=\"py-3 px-4 leading-tight heading-sm text-lg\">\n      <a href=\"https:\/\/kuurojenliitto.fi\/yhdistyshuone\/ajankohtaista\/liittokokous-2026-jarjestetaan-6-6-turussa\/\">Liittokokous 2026 j\u00e4rjestet\u00e4\u00e4n 6.6. Turussa<\/a>\n      <div class=\"hidden play-button absolute z-10 pointer-events-none\"><i class=\"text-5xl text-white far fa-play-circle\"><\/i><\/div>\n    <\/h2>\n  <\/div>\n<\/article>\n                                            \n<article class=\"w-full md:w-1\/3 p-4 relative\">\n  <div class=\"bg-white shadow-xl hover:shadow-2xl h-full \">\n    <figure class=\"relative imageratio\">\n                <img decoding=\"async\" src=\"https:\/\/img.youtube.com\/vi\/-F_1HvgXccE\/mqdefault.jpg\" class=\"w-full\">\n            <span class=\"bg-dark py-1 px-2 ml-2 absolute bottom-0 text-sm text-white\">\n      \tLiittokokous |       \t23.5.2025<\/span>\n    <\/figure>\n    <h2 class=\"py-3 px-4 leading-tight heading-sm text-lg\">\n      <a href=\"https:\/\/kuurojenliitto.fi\/yhdistyshuone\/ajankohtaista\/tervetuloa-liittokokoukseen-ja-kehittamispaiville\/\">Tervetuloa liittokokoukseen ja kehitt\u00e4misp\u00e4iville!<\/a>\n      <div class=\"hidden play-button absolute z-10 pointer-events-none\"><i class=\"text-5xl text-white far fa-play-circle\"><\/i><\/div>\n    <\/h2>\n  <\/div>\n<\/article>\n                                            \n<article class=\"w-full md:w-1\/3 p-4 relative\">\n  <div class=\"bg-white shadow-xl hover:shadow-2xl h-full \">\n    <figure class=\"relative imageratio\">\n                <img decoding=\"async\" src=\"https:\/\/img.youtube.com\/vi\/ti1CToJfef0\/mqdefault.jpg\" class=\"w-full\">\n            <span class=\"bg-dark py-1 px-2 ml-2 absolute bottom-0 text-sm text-white\">\n      \tLiittokokous |       \t14.5.2025<\/span>\n    <\/figure>\n    <h2 class=\"py-3 px-4 leading-tight heading-sm text-lg\">\n      <a href=\"https:\/\/kuurojenliitto.fi\/yhdistyshuone\/ajankohtaista\/kuurojen-liiton-puheenjohtajapaneelin-tallenne\/\">Kuurojen Liiton puheenjohtajapaneelin tallenne<\/a>\n      <div class=\"hidden play-button absolute z-10 pointer-events-none\"><i class=\"text-5xl text-white far fa-play-circle\"><\/i><\/div>\n    <\/h2>\n  <\/div>\n<\/article>\n                                    \n            \n        <\/div>\n\n    \n<\/section>\n","protected":false},"excerpt":{"rendered":"<p>Kuurojen Liiton liittokokouksessa kes\u00e4kuussa 2025 valitaan uusi hallituksen puheenjohtaja seuraavaksi kolmeksi liittokokouskaudeksi. Hallituksen puheenjohtaja\u00a0Jaana Aaltonen\u00a0on erovuorossa vuonna 2025. Ehdolla uudeksi puheenjohtajaksi ovat Jaana Aaltonen ja\u00a0Salla Fagerstr\u00f6m. Kuurojen Liitto j\u00e4rjesti puheenjohtajapaneelin Zoomissa 14.5., ja ehdokkaita haastatteli&#8230;<\/p>\n","protected":false},"author":6,"featured_media":2991,"parent":0,"menu_order":0,"comment_status":"closed","ping_status":"closed","template":"","meta":{"footnotes":""},"class_list":["post-7827","page","type-page","status-publish","has-post-thumbnail","hentry","px-4 sm:px-4 md:px-8 lg:px-12 xl:px-24"],"acf":[],"yoast_head":"<!-- This site is optimized with the Yoast SEO plugin v27.3 - https:\/\/yoast.com\/product\/yoast-seo-wordpress\/ -->\n<title>Liittokokous 2025 - Yhdistyshuone<\/title>\n<meta name=\"robots\" content=\"index, follow, max-snippet:-1, max-image-preview:large, max-video-preview:-1\" \/>\n<link rel=\"canonical\" href=\"https:\/\/kuurojenliitto.fi\/yhdistyshuone\/liittokokous-2025\/\" \/>\n<meta property=\"og:locale\" content=\"fi_FI\" \/>\n<meta property=\"og:type\" content=\"article\" \/>\n<meta property=\"og:title\" content=\"Liittokokous 2025 - Yhdistyshuone\" \/>\n<meta property=\"og:description\" content=\"Kuurojen Liiton liittokokouksessa kes\u00e4kuussa 2025 valitaan uusi hallituksen puheenjohtaja seuraavaksi kolmeksi liittokokouskaudeksi. Hallituksen puheenjohtaja\u00a0Jaana Aaltonen\u00a0on erovuorossa vuonna 2025. Ehdolla uudeksi puheenjohtajaksi ovat Jaana Aaltonen ja\u00a0Salla Fagerstr\u00f6m. Kuurojen Liitto j\u00e4rjesti puheenjohtajapaneelin Zoomissa 14.5., ja ehdokkaita haastatteli...\" \/>\n<meta property=\"og:url\" content=\"https:\/\/kuurojenliitto.fi\/yhdistyshuone\/liittokokous-2025\/\" \/>\n<meta property=\"og:site_name\" content=\"Yhdistyshuone\" \/>\n<meta property=\"article:modified_time\" content=\"2025-05-23T08:14:15+00:00\" \/>\n<meta property=\"og:image\" content=\"https:\/\/kuurojenliitto.fi\/yhdistyshuone\/wp-content\/uploads\/sites\/11\/2021\/03\/IMG_5589-Edit-rajattu-scaled.jpg\" \/>\n\t<meta property=\"og:image:width\" content=\"2560\" \/>\n\t<meta property=\"og:image:height\" content=\"1542\" \/>\n\t<meta property=\"og:image:type\" content=\"image\/jpeg\" \/>\n<meta name=\"twitter:card\" content=\"summary_large_image\" \/>\n<meta name=\"twitter:label1\" content=\"Arvioitu lukuaika\" \/>\n\t<meta name=\"twitter:data1\" content=\"1 minuutti\" \/>\n<script type=\"application\/ld+json\" class=\"yoast-schema-graph\">{\"@context\":\"https:\\\/\\\/schema.org\",\"@graph\":[{\"@type\":\"WebPage\",\"@id\":\"https:\\\/\\\/kuurojenliitto.fi\\\/yhdistyshuone\\\/liittokokous-2025\\\/\",\"url\":\"https:\\\/\\\/kuurojenliitto.fi\\\/yhdistyshuone\\\/liittokokous-2025\\\/\",\"name\":\"Liittokokous 2025 - Yhdistyshuone\",\"isPartOf\":{\"@id\":\"https:\\\/\\\/kuurojenliitto.fi\\\/yhdistyshuone\\\/#website\"},\"primaryImageOfPage\":{\"@id\":\"https:\\\/\\\/kuurojenliitto.fi\\\/yhdistyshuone\\\/liittokokous-2025\\\/#primaryimage\"},\"image\":{\"@id\":\"https:\\\/\\\/kuurojenliitto.fi\\\/yhdistyshuone\\\/liittokokous-2025\\\/#primaryimage\"},\"thumbnailUrl\":\"https:\\\/\\\/kuurojenliitto.fi\\\/yhdistyshuone\\\/wp-content\\\/uploads\\\/sites\\\/11\\\/2021\\\/03\\\/IMG_5589-Edit-rajattu-scaled.jpg\",\"datePublished\":\"2025-04-28T12:15:07+00:00\",\"dateModified\":\"2025-05-23T08:14:15+00:00\",\"breadcrumb\":{\"@id\":\"https:\\\/\\\/kuurojenliitto.fi\\\/yhdistyshuone\\\/liittokokous-2025\\\/#breadcrumb\"},\"inLanguage\":\"fi\",\"potentialAction\":[{\"@type\":\"ReadAction\",\"target\":[\"https:\\\/\\\/kuurojenliitto.fi\\\/yhdistyshuone\\\/liittokokous-2025\\\/\"]}]},{\"@type\":\"ImageObject\",\"inLanguage\":\"fi\",\"@id\":\"https:\\\/\\\/kuurojenliitto.fi\\\/yhdistyshuone\\\/liittokokous-2025\\\/#primaryimage\",\"url\":\"https:\\\/\\\/kuurojenliitto.fi\\\/yhdistyshuone\\\/wp-content\\\/uploads\\\/sites\\\/11\\\/2021\\\/03\\\/IMG_5589-Edit-rajattu-scaled.jpg\",\"contentUrl\":\"https:\\\/\\\/kuurojenliitto.fi\\\/yhdistyshuone\\\/wp-content\\\/uploads\\\/sites\\\/11\\\/2021\\\/03\\\/IMG_5589-Edit-rajattu-scaled.jpg\",\"width\":2560,\"height\":1542},{\"@type\":\"BreadcrumbList\",\"@id\":\"https:\\\/\\\/kuurojenliitto.fi\\\/yhdistyshuone\\\/liittokokous-2025\\\/#breadcrumb\",\"itemListElement\":[{\"@type\":\"ListItem\",\"position\":1,\"name\":\"Ing\u00e5ngssida\",\"item\":\"https:\\\/\\\/kuurojenliitto.fi\\\/yhdistyshuone\\\/\"},{\"@type\":\"ListItem\",\"position\":2,\"name\":\"Liittokokous 2025\"}]},{\"@type\":\"WebSite\",\"@id\":\"https:\\\/\\\/kuurojenliitto.fi\\\/yhdistyshuone\\\/#website\",\"url\":\"https:\\\/\\\/kuurojenliitto.fi\\\/yhdistyshuone\\\/\",\"name\":\"Yhdistyshuone\",\"description\":\"Uusi Kuurojen Liitto-sivustot -sivusto\",\"potentialAction\":[{\"@type\":\"SearchAction\",\"target\":{\"@type\":\"EntryPoint\",\"urlTemplate\":\"https:\\\/\\\/kuurojenliitto.fi\\\/yhdistyshuone\\\/?s={search_term_string}\"},\"query-input\":{\"@type\":\"PropertyValueSpecification\",\"valueRequired\":true,\"valueName\":\"search_term_string\"}}],\"inLanguage\":\"fi\"}]}<\/script>\n<!-- \/ Yoast SEO plugin. -->","yoast_head_json":{"title":"Liittokokous 2025 - Yhdistyshuone","robots":{"index":"index","follow":"follow","max-snippet":"max-snippet:-1","max-image-preview":"max-image-preview:large","max-video-preview":"max-video-preview:-1"},"canonical":"https:\/\/kuurojenliitto.fi\/yhdistyshuone\/liittokokous-2025\/","og_locale":"fi_FI","og_type":"article","og_title":"Liittokokous 2025 - Yhdistyshuone","og_description":"Kuurojen Liiton liittokokouksessa kes\u00e4kuussa 2025 valitaan uusi hallituksen puheenjohtaja seuraavaksi kolmeksi liittokokouskaudeksi. Hallituksen puheenjohtaja\u00a0Jaana Aaltonen\u00a0on erovuorossa vuonna 2025. Ehdolla uudeksi puheenjohtajaksi ovat Jaana Aaltonen ja\u00a0Salla Fagerstr\u00f6m. Kuurojen Liitto j\u00e4rjesti puheenjohtajapaneelin Zoomissa 14.5., ja ehdokkaita haastatteli...","og_url":"https:\/\/kuurojenliitto.fi\/yhdistyshuone\/liittokokous-2025\/","og_site_name":"Yhdistyshuone","article_modified_time":"2025-05-23T08:14:15+00:00","og_image":[{"width":2560,"height":1542,"url":"https:\/\/kuurojenliitto.fi\/yhdistyshuone\/wp-content\/uploads\/sites\/11\/2021\/03\/IMG_5589-Edit-rajattu-scaled.jpg","type":"image\/jpeg"}],"twitter_card":"summary_large_image","twitter_misc":{"Arvioitu lukuaika":"1 minuutti"},"schema":{"@context":"https:\/\/schema.org","@graph":[{"@type":"WebPage","@id":"https:\/\/kuurojenliitto.fi\/yhdistyshuone\/liittokokous-2025\/","url":"https:\/\/kuurojenliitto.fi\/yhdistyshuone\/liittokokous-2025\/","name":"Liittokokous 2025 - Yhdistyshuone","isPartOf":{"@id":"https:\/\/kuurojenliitto.fi\/yhdistyshuone\/#website"},"primaryImageOfPage":{"@id":"https:\/\/kuurojenliitto.fi\/yhdistyshuone\/liittokokous-2025\/#primaryimage"},"image":{"@id":"https:\/\/kuurojenliitto.fi\/yhdistyshuone\/liittokokous-2025\/#primaryimage"},"thumbnailUrl":"https:\/\/kuurojenliitto.fi\/yhdistyshuone\/wp-content\/uploads\/sites\/11\/2021\/03\/IMG_5589-Edit-rajattu-scaled.jpg","datePublished":"2025-04-28T12:15:07+00:00","dateModified":"2025-05-23T08:14:15+00:00","breadcrumb":{"@id":"https:\/\/kuurojenliitto.fi\/yhdistyshuone\/liittokokous-2025\/#breadcrumb"},"inLanguage":"fi","potentialAction":[{"@type":"ReadAction","target":["https:\/\/kuurojenliitto.fi\/yhdistyshuone\/liittokokous-2025\/"]}]},{"@type":"ImageObject","inLanguage":"fi","@id":"https:\/\/kuurojenliitto.fi\/yhdistyshuone\/liittokokous-2025\/#primaryimage","url":"https:\/\/kuurojenliitto.fi\/yhdistyshuone\/wp-content\/uploads\/sites\/11\/2021\/03\/IMG_5589-Edit-rajattu-scaled.jpg","contentUrl":"https:\/\/kuurojenliitto.fi\/yhdistyshuone\/wp-content\/uploads\/sites\/11\/2021\/03\/IMG_5589-Edit-rajattu-scaled.jpg","width":2560,"height":1542},{"@type":"BreadcrumbList","@id":"https:\/\/kuurojenliitto.fi\/yhdistyshuone\/liittokokous-2025\/#breadcrumb","itemListElement":[{"@type":"ListItem","position":1,"name":"Ing\u00e5ngssida","item":"https:\/\/kuurojenliitto.fi\/yhdistyshuone\/"},{"@type":"ListItem","position":2,"name":"Liittokokous 2025"}]},{"@type":"WebSite","@id":"https:\/\/kuurojenliitto.fi\/yhdistyshuone\/#website","url":"https:\/\/kuurojenliitto.fi\/yhdistyshuone\/","name":"Yhdistyshuone","description":"Uusi Kuurojen Liitto-sivustot -sivusto","potentialAction":[{"@type":"SearchAction","target":{"@type":"EntryPoint","urlTemplate":"https:\/\/kuurojenliitto.fi\/yhdistyshuone\/?s={search_term_string}"},"query-input":{"@type":"PropertyValueSpecification","valueRequired":true,"valueName":"search_term_string"}}],"inLanguage":"fi"}]}},"lang":"fi","translations":{"fi":7827,"sv":7830},"pll_sync_post":[],"_links":{"self":[{"href":"https:\/\/kuurojenliitto.fi\/yhdistyshuone\/wp-json\/wp\/v2\/pages\/7827","targetHints":{"allow":["GET"]}}],"collection":[{"href":"https:\/\/kuurojenliitto.fi\/yhdistyshuone\/wp-json\/wp\/v2\/pages"}],"about":[{"href":"https:\/\/kuurojenliitto.fi\/yhdistyshuone\/wp-json\/wp\/v2\/types\/page"}],"author":[{"embeddable":true,"href":"https:\/\/kuurojenliitto.fi\/yhdistyshuone\/wp-json\/wp\/v2\/users\/6"}],"replies":[{"embeddable":true,"href":"https:\/\/kuurojenliitto.fi\/yhdistyshuone\/wp-json\/wp\/v2\/comments?post=7827"}],"version-history":[{"count":14,"href":"https:\/\/kuurojenliitto.fi\/yhdistyshuone\/wp-json\/wp\/v2\/pages\/7827\/revisions"}],"predecessor-version":[{"id":8061,"href":"https:\/\/kuurojenliitto.fi\/yhdistyshuone\/wp-json\/wp\/v2\/pages\/7827\/revisions\/8061"}],"wp:featuredmedia":[{"embeddable":true,"href":"https:\/\/kuurojenliitto.fi\/yhdistyshuone\/wp-json\/wp\/v2\/media\/2991"}],"wp:attachment":[{"href":"https:\/\/kuurojenliitto.fi\/yhdistyshuone\/wp-json\/wp\/v2\/media?parent=7827"}],"curies":[{"name":"wp","href":"https:\/\/api.w.org\/{rel}","templated":true}]}}