{"id":757,"date":"2020-02-19T11:22:16","date_gmt":"2020-02-19T09:22:16","guid":{"rendered":"https:\/\/kuurojenliitto.fi\/yhdistyshuone\/?page_id=757"},"modified":"2024-03-11T12:33:59","modified_gmt":"2024-03-11T10:33:59","slug":"foreningsfortjansttecken","status":"publish","type":"page","link":"https:\/\/kuurojenliitto.fi\/yhdistyshuone\/sv\/foreningsfortjansttecken\/","title":{"rendered":"F\u00f6reningsf\u00f6rtj\u00e4nsttecken"},"content":{"rendered":"\n<section id=\"column-block_6b90e5c113c0a98ab2744f4b3b8f9663\" class=\"px-4 sm:px-4 md:px-8 lg:px-12 xl:px-24 section-default \">\n\n            <div class=\"relative py-4 gridder\">\n                        <div id=\"stickier\" class=\"b z-10 flex flex-row flex-wrap  mb-6 top-0 relative\">\n\n          <div class=\"x-tabs w-full\" x-data=\"{ activeTab: 0 }\">\n                    <div :class=\"{ 'hidden': activeTab !== 0 }\" tabindex=\"0\" role=\"tabpanel\" id=\"tab-0\" aria-labelledby=\"label-0\" class=\"bg-white\">\n                                        <button onclick=\"getSticky()\" class=\"bg-moss-500 hover:text-white text-dark w-16 h-16 hidden md:block md:absolute top-0 right-0 z-10\"><i class=\"fas fa-thumbtack fa-lg\"><\/i><br><span id=\"stickytext\">Kiinnit\u00e4<\/span><\/button>\n                                <div class=\"embed-container w-full\">\n    <iframe loading=\"lazy\" title=\"Yhdistystoimintamerkit\" width=\"640\" height=\"360\" src=\"https:\/\/www.youtube.com\/embed\/KkNxtedWjIA?feature=oembed\" frameborder=\"0\" allow=\"accelerometer; autoplay; clipboard-write; encrypted-media; gyroscope; picture-in-picture; web-share\" referrerpolicy=\"strict-origin-when-cross-origin\" allowfullscreen><\/iframe>  <\/div>\n  <div class=\"w-full p-2 bg-light text-md\">\n        <div class=\"flex flex-row flex-wrap text-sm text-gray-800\">\n              <div class=\"w-full md:w-1\/3\">\n          <i class=\"far fa-clock mr-1 text-gray-500\"><\/i> Kesto: 01:59<\/div>\n      \n      <div class=\"w-full md:w-2\/3\">\n        <i class=\"fal fa-closed-captioning mr-1 text-gray-500\"><\/i>\n        Ei tekstityst\u00e4                  <div class=\"w-full\"><i class=\"fal fa-sign-language mr-1 text-gray-500\"><\/i>\n            Kieli:\n                                                          <span>Suomalainen viittomakieli<\/span>\n                          \n          <\/div>\n              <\/div>\n    <\/div>\n  <\/div>\n                                                <\/div>\n                                <\/div>\n\n                              <\/div>\n        \n          <div class=\"content entry-content bg-white p-8 lg:pr-20 a lg:mr-12 mb-3 shadow-xl hover:shadow-2xl\">\n            <h2>Finlands D\u00f6vas F\u00f6rbunds f\u00f6reningsf\u00f6rtj\u00e4nsttecken<\/h2>\n<p>F\u00f6reningens f\u00f6rtj\u00e4nsttecken \u00e4r avsett f\u00f6r medlemmar som utm\u00e4rkt sig inom Finlands D\u00f6vas F\u00f6rbunds medlemsf\u00f6reningars verksamhet.<\/p>\n<p>F\u00f6rtj\u00e4nsttecknet finns i tre val\u00f6rer:<\/p>\n<ul>\n<li>brons<\/li>\n<li>silver<\/li>\n<li>guld<\/li>\n<\/ul>\n<h2>F\u00f6resl\u00e5 mottagare av f\u00f6rtj\u00e4nsttecken<\/h2>\n<p>Finlands D\u00f6vas F\u00f6rbunds f\u00f6reningsf\u00f6rtj\u00e4nsttecken kan beviljas av f\u00f6rbundsstyrelsen p\u00e5 f\u00f6reningens ans\u00f6kan. F\u00f6rtj\u00e4nsttecken i silver eller guld kan beviljas utan att ett f\u00f6rtj\u00e4nsttecken i brons eller silver har beviljats tidigare. En numrerad f\u00f6rteckning f\u00f6rs \u00f6ver beviljade f\u00f6rtj\u00e4nsttecken.<\/p>\n<p>F\u00f6reningen kan f\u00f6rsl\u00e5 ett f\u00f6reningsf\u00f6rtj\u00e4nsttecken i silver eller guld f\u00f6r en person som f\u00f6rtj\u00e4nstfullt p\u00e5 annat s\u00e4tt har st\u00f6tt f\u00f6reningen och regionens d\u00f6va.<\/p>\n<p>Om en person under samma \u00e5r verkar i flera olika uppgifter, r\u00e4knas f\u00f6r detta endast ett \u00e5r.<\/p>\n                      <\/div>\n\n                      <aside class=\"c\">\n              \n                            <div class=\"border-l-4 border-color pl-4 mb-8\">\n\n                                  <h3 class=\"heading-lg text-2xl mb-2\">G\u00e5 till blankett:<\/h3>\n                \n                \n                \n                                  <nav class=\"flex flex-col\">\n                    \n                      \n                                              <a class=\"border-t border-gray-200 py-2\"\n                           href=\"https:\/\/kuurojenliitto.fi\/yhdistyshuone\/wp-content\/uploads\/sites\/11\/2020\/02\/foreningsfortjansttecken_blankett_och_regler.pdf\"><i\n                            class=\"fa fa-file fa-fw\"><\/i> F\u00f6reningsf\u00f6rtj\u00e4nsttecken blankett                        <\/a>\n                      \n                                      <\/nav>\n                              <\/div>\n              \n              \n            <\/aside>\n          \n\n      <\/div>\n    \n  \n<\/section>\n\n\n\n<section id=\"column-block_8d8f65cab7c03e85c0d4ac35453734cc\"\n         class=\"section-default pt-8 pb-8 px-4 sm:px-4 md:px-8 lg:px-12 xl:px-24 bg-moss-700 cards\">\n    \n                    <div class=\"flex flex-wrap md:flex-row -mx-4\">\n                \n                    <div class=\"w-full md:w-1\/3 p-4 relative\">\n                        <div class=\"bg-white shadow-xl hover:shadow-2xl h-full flex flex-col\">\n                            \n                                <figure class=\"relative imageratio \">\n                                    <img decoding=\"async\" src=\"https:\/\/kuurojenliitto.fi\/yhdistyshuone\/wp-content\/uploads\/sites\/11\/2020\/02\/pronssinen-merkki-1280x720.jpg\" alt=\"Kuva mitalista kukkien ymp\u00e4r\u00f6im\u00e4n\u00e4\">\n                                <\/figure>\n                              \n                                                                                    <div class=\"py-3 px-4\">\n                                \n                                                                    <h3 class=\"py-3 leading-tight  text-xl \">F\u00f6rtj\u00e4nsttecken i brons<\/h3>\n                                                                            <hr class=\"border-b-4 border-color w-24 mb-5 mr-auto\"\/>                                                                <div class=\"content\">\n                                                                    <p>F\u00f6rtj\u00e4nsttecken i brons beviljas f\u00f6r<\/p>\n<ul>\n<li>verksamhet i f\u00f6reningens styrelse och klubbarnas styrelse eller f\u00f6r sk\u00f6tsel av ansvarsfulla uppgifter (v\u00e4rdinna, ordningsman m.m.) i sammanlagt 10 \u00e5r.<\/li>\n<\/ul>\n                                                                <\/div>\n                            <\/div>\n                                                                                <\/div>\n                    <\/div>\n\n                \n                    <div class=\"w-full md:w-1\/3 p-4 relative\">\n                        <div class=\"bg-white shadow-xl hover:shadow-2xl h-full flex flex-col\">\n                            \n                                <figure class=\"relative imageratio \">\n                                    <img decoding=\"async\" src=\"https:\/\/kuurojenliitto.fi\/yhdistyshuone\/wp-content\/uploads\/sites\/11\/2020\/02\/hopeinen-merkki-1280x720.jpg\" alt=\"Kuva mitalista kukkien ymp\u00e4r\u00f6im\u00e4n\u00e4\">\n                                <\/figure>\n                              \n                                                                                    <div class=\"py-3 px-4\">\n                                \n                                                                    <h3 class=\"py-3 leading-tight  text-xl \">F\u00f6rtj\u00e4nsttecken i silver <\/h3>\n                                                                            <hr class=\"border-b-4 border-color w-24 mb-5 mr-auto\"\/>                                                                <div class=\"content\">\n                                                                    <p>F\u00f6rtj\u00e4nsttecken i silver beviljas f\u00f6r<\/p>\n<ul>\n<li>verksamhet i f\u00f6reningens styrelse och klubbarnas styrelse eller f\u00f6r sk\u00f6tsel av ansvarsfulla uppgifter (v\u00e4rdinna, ordningsman m.m.) i sammanlagt 15 \u00e5r<\/li>\n<\/ul>\n                                                                <\/div>\n                            <\/div>\n                                                                                <\/div>\n                    <\/div>\n\n                \n                    <div class=\"w-full md:w-1\/3 p-4 relative\">\n                        <div class=\"bg-white shadow-xl hover:shadow-2xl h-full flex flex-col\">\n                            \n                                <figure class=\"relative imageratio \">\n                                    <img decoding=\"async\" src=\"https:\/\/kuurojenliitto.fi\/yhdistyshuone\/wp-content\/uploads\/sites\/11\/2020\/02\/kultainen-merkki-1280x720.jpg\" alt=\"Kuva mitalista kukkien ymp\u00e4r\u00f6im\u00e4n\u00e4\">\n                                <\/figure>\n                              \n                                                                                    <div class=\"py-3 px-4\">\n                                \n                                                                    <h3 class=\"py-3 leading-tight  text-xl \">F\u00f6rtj\u00e4nsttecken i guld<\/h3>\n                                                                            <hr class=\"border-b-4 border-color w-24 mb-5 mr-auto\"\/>                                                                <div class=\"content\">\n                                                                    <p>F\u00f6rtj\u00e4nsttecken i guld beviljas f\u00f6r<\/p>\n<ul>\n<li>f\u00f6rtj\u00e4nstfull verksamhet i ansvarsfyllda uppgifter inom f\u00f6reningen i 20 \u00e5r (styrelse, v\u00e4rdinna, ordningsman m.m.)<\/li>\n<\/ul>\n                                                                <\/div>\n                            <\/div>\n                                                                                <\/div>\n                    <\/div>\n\n                \n            <\/div>\n        \n    \n<\/section>\n\n\n\n\n<section id=\"column-block_952d0b8ea37fb552cbf97c4ca62ffac8\" class=\"section-default pt-8 pb-8 px-4 sm:px-4 md:px-8 lg:px-12 xl:px-24 bg-gray-100 big-card\">\n\n  \n  <div class=\"flex-row -mx-4\">\n\n    <article class=\"p-4 relative w-full\">\n      <div class=\"bg-white shadow-xl hover:shadow-2xl flex flex-col md:flex-row\">\n        <div class=\"big-card-image md:w-1\/2 flex\">\n              <img decoding=\"async\" src=\"https:\/\/kuurojenliitto.fi\/yhdistyshuone\/wp-content\/uploads\/sites\/11\/2020\/02\/hopeinen-mitali-1280x720.jpg\" class=\"object-cover\">\n        <\/div>\n        <div class=\"md:w-1\/2 px-8 py-4\">\n                      <h3 class=\"mt-4 text-2xl leading-tight heading-lg\">Se ocks\u00e5 <\/h3>\n                    \n                    \n                          <nav class=\"flex flex-col mt-4\">\n              \n                                \n              \n                \n                                    <a class=\"flex flex-row items-center mb-2 leading-none heading-sm mt-6\" href=\"https:\/\/kuurojenliitto.fi\/yhdistyshuone\/sv\/fortjanstmedalj\/\" target=\"_self\"><span class=\"w-8 h-8 bg-dark text-white p-2 mr-2 text-center font-medium rounded-full uppercase\"><i class=\"far fa-angle-right\"><\/i><\/span>F\u00f6rtj\u00e4nstmedalj<\/a>\n                                                \n                            <\/nav>\n                              <\/div>\n      <\/div>\n    <\/article>\n  <\/div>\n\n  \n<\/section>\n","protected":false},"excerpt":{"rendered":"<p>Kiinnit\u00e4 Kesto: 01:59 Ei tekstityst\u00e4 Kieli: Suomalainen viittomakieli Finlands D\u00f6vas F\u00f6rbunds f\u00f6reningsf\u00f6rtj\u00e4nsttecken F\u00f6reningens f\u00f6rtj\u00e4nsttecken \u00e4r avsett f\u00f6r medlemmar som utm\u00e4rkt sig inom Finlands D\u00f6vas F\u00f6rbunds medlemsf\u00f6reningars verksamhet. F\u00f6rtj\u00e4nsttecknet finns i tre val\u00f6rer: brons silver guld&#8230;<\/p>\n","protected":false},"author":6,"featured_media":0,"parent":0,"menu_order":0,"comment_status":"closed","ping_status":"closed","template":"","meta":{"footnotes":""},"class_list":["post-757","page","type-page","status-publish","hentry","px-4 sm:px-4 md:px-8 lg:px-12 xl:px-24"],"acf":[],"yoast_head":"<!-- This site is optimized with the Yoast SEO plugin v27.3 - https:\/\/yoast.com\/product\/yoast-seo-wordpress\/ -->\n<title>F\u00f6reningsf\u00f6rtj\u00e4nsttecken - Yhdistyshuone<\/title>\n<meta name=\"robots\" content=\"index, follow, max-snippet:-1, max-image-preview:large, max-video-preview:-1\" \/>\n<link rel=\"canonical\" href=\"https:\/\/kuurojenliitto.fi\/yhdistyshuone\/sv\/foreningsfortjansttecken\/\" \/>\n<meta property=\"og:locale\" content=\"fi_FI\" \/>\n<meta property=\"og:type\" content=\"article\" \/>\n<meta property=\"og:title\" content=\"F\u00f6reningsf\u00f6rtj\u00e4nsttecken - Yhdistyshuone\" \/>\n<meta property=\"og:description\" content=\"Kiinnit\u00e4 Kesto: 01:59 Ei tekstityst\u00e4 Kieli: Suomalainen viittomakieli Finlands D\u00f6vas F\u00f6rbunds f\u00f6reningsf\u00f6rtj\u00e4nsttecken F\u00f6reningens f\u00f6rtj\u00e4nsttecken \u00e4r avsett f\u00f6r medlemmar som utm\u00e4rkt sig inom Finlands D\u00f6vas F\u00f6rbunds medlemsf\u00f6reningars verksamhet. F\u00f6rtj\u00e4nsttecknet finns i tre val\u00f6rer: brons silver guld...\" \/>\n<meta property=\"og:url\" content=\"https:\/\/kuurojenliitto.fi\/yhdistyshuone\/sv\/foreningsfortjansttecken\/\" \/>\n<meta property=\"og:site_name\" content=\"Yhdistyshuone\" \/>\n<meta property=\"article:modified_time\" content=\"2024-03-11T10:33:59+00:00\" \/>\n<meta name=\"twitter:card\" content=\"summary_large_image\" \/>\n<script type=\"application\/ld+json\" class=\"yoast-schema-graph\">{\"@context\":\"https:\\\/\\\/schema.org\",\"@graph\":[{\"@type\":\"WebPage\",\"@id\":\"https:\\\/\\\/kuurojenliitto.fi\\\/yhdistyshuone\\\/sv\\\/foreningsfortjansttecken\\\/\",\"url\":\"https:\\\/\\\/kuurojenliitto.fi\\\/yhdistyshuone\\\/sv\\\/foreningsfortjansttecken\\\/\",\"name\":\"F\u00f6reningsf\u00f6rtj\u00e4nsttecken - Yhdistyshuone\",\"isPartOf\":{\"@id\":\"https:\\\/\\\/kuurojenliitto.fi\\\/yhdistyshuone\\\/#website\"},\"datePublished\":\"2020-02-19T09:22:16+00:00\",\"dateModified\":\"2024-03-11T10:33:59+00:00\",\"breadcrumb\":{\"@id\":\"https:\\\/\\\/kuurojenliitto.fi\\\/yhdistyshuone\\\/sv\\\/foreningsfortjansttecken\\\/#breadcrumb\"},\"inLanguage\":\"fi\",\"potentialAction\":[{\"@type\":\"ReadAction\",\"target\":[\"https:\\\/\\\/kuurojenliitto.fi\\\/yhdistyshuone\\\/sv\\\/foreningsfortjansttecken\\\/\"]}]},{\"@type\":\"BreadcrumbList\",\"@id\":\"https:\\\/\\\/kuurojenliitto.fi\\\/yhdistyshuone\\\/sv\\\/foreningsfortjansttecken\\\/#breadcrumb\",\"itemListElement\":[{\"@type\":\"ListItem\",\"position\":1,\"name\":\"Ing\u00e5ngssida\",\"item\":\"https:\\\/\\\/kuurojenliitto.fi\\\/yhdistyshuone\\\/\"},{\"@type\":\"ListItem\",\"position\":2,\"name\":\"F\u00f6reningsf\u00f6rtj\u00e4nsttecken\"}]},{\"@type\":\"WebSite\",\"@id\":\"https:\\\/\\\/kuurojenliitto.fi\\\/yhdistyshuone\\\/#website\",\"url\":\"https:\\\/\\\/kuurojenliitto.fi\\\/yhdistyshuone\\\/\",\"name\":\"Yhdistyshuone\",\"description\":\"Uusi Kuurojen Liitto-sivustot -sivusto\",\"potentialAction\":[{\"@type\":\"SearchAction\",\"target\":{\"@type\":\"EntryPoint\",\"urlTemplate\":\"https:\\\/\\\/kuurojenliitto.fi\\\/yhdistyshuone\\\/?s={search_term_string}\"},\"query-input\":{\"@type\":\"PropertyValueSpecification\",\"valueRequired\":true,\"valueName\":\"search_term_string\"}}],\"inLanguage\":\"fi\"}]}<\/script>\n<!-- \/ Yoast SEO plugin. -->","yoast_head_json":{"title":"F\u00f6reningsf\u00f6rtj\u00e4nsttecken - Yhdistyshuone","robots":{"index":"index","follow":"follow","max-snippet":"max-snippet:-1","max-image-preview":"max-image-preview:large","max-video-preview":"max-video-preview:-1"},"canonical":"https:\/\/kuurojenliitto.fi\/yhdistyshuone\/sv\/foreningsfortjansttecken\/","og_locale":"fi_FI","og_type":"article","og_title":"F\u00f6reningsf\u00f6rtj\u00e4nsttecken - Yhdistyshuone","og_description":"Kiinnit\u00e4 Kesto: 01:59 Ei tekstityst\u00e4 Kieli: Suomalainen viittomakieli Finlands D\u00f6vas F\u00f6rbunds f\u00f6reningsf\u00f6rtj\u00e4nsttecken F\u00f6reningens f\u00f6rtj\u00e4nsttecken \u00e4r avsett f\u00f6r medlemmar som utm\u00e4rkt sig inom Finlands D\u00f6vas F\u00f6rbunds medlemsf\u00f6reningars verksamhet. F\u00f6rtj\u00e4nsttecknet finns i tre val\u00f6rer: brons silver guld...","og_url":"https:\/\/kuurojenliitto.fi\/yhdistyshuone\/sv\/foreningsfortjansttecken\/","og_site_name":"Yhdistyshuone","article_modified_time":"2024-03-11T10:33:59+00:00","twitter_card":"summary_large_image","schema":{"@context":"https:\/\/schema.org","@graph":[{"@type":"WebPage","@id":"https:\/\/kuurojenliitto.fi\/yhdistyshuone\/sv\/foreningsfortjansttecken\/","url":"https:\/\/kuurojenliitto.fi\/yhdistyshuone\/sv\/foreningsfortjansttecken\/","name":"F\u00f6reningsf\u00f6rtj\u00e4nsttecken - Yhdistyshuone","isPartOf":{"@id":"https:\/\/kuurojenliitto.fi\/yhdistyshuone\/#website"},"datePublished":"2020-02-19T09:22:16+00:00","dateModified":"2024-03-11T10:33:59+00:00","breadcrumb":{"@id":"https:\/\/kuurojenliitto.fi\/yhdistyshuone\/sv\/foreningsfortjansttecken\/#breadcrumb"},"inLanguage":"fi","potentialAction":[{"@type":"ReadAction","target":["https:\/\/kuurojenliitto.fi\/yhdistyshuone\/sv\/foreningsfortjansttecken\/"]}]},{"@type":"BreadcrumbList","@id":"https:\/\/kuurojenliitto.fi\/yhdistyshuone\/sv\/foreningsfortjansttecken\/#breadcrumb","itemListElement":[{"@type":"ListItem","position":1,"name":"Ing\u00e5ngssida","item":"https:\/\/kuurojenliitto.fi\/yhdistyshuone\/"},{"@type":"ListItem","position":2,"name":"F\u00f6reningsf\u00f6rtj\u00e4nsttecken"}]},{"@type":"WebSite","@id":"https:\/\/kuurojenliitto.fi\/yhdistyshuone\/#website","url":"https:\/\/kuurojenliitto.fi\/yhdistyshuone\/","name":"Yhdistyshuone","description":"Uusi Kuurojen Liitto-sivustot -sivusto","potentialAction":[{"@type":"SearchAction","target":{"@type":"EntryPoint","urlTemplate":"https:\/\/kuurojenliitto.fi\/yhdistyshuone\/?s={search_term_string}"},"query-input":{"@type":"PropertyValueSpecification","valueRequired":true,"valueName":"search_term_string"}}],"inLanguage":"fi"}]}},"lang":"sv","translations":{"sv":757,"fi":369},"pll_sync_post":[],"_links":{"self":[{"href":"https:\/\/kuurojenliitto.fi\/yhdistyshuone\/wp-json\/wp\/v2\/pages\/757","targetHints":{"allow":["GET"]}}],"collection":[{"href":"https:\/\/kuurojenliitto.fi\/yhdistyshuone\/wp-json\/wp\/v2\/pages"}],"about":[{"href":"https:\/\/kuurojenliitto.fi\/yhdistyshuone\/wp-json\/wp\/v2\/types\/page"}],"author":[{"embeddable":true,"href":"https:\/\/kuurojenliitto.fi\/yhdistyshuone\/wp-json\/wp\/v2\/users\/6"}],"replies":[{"embeddable":true,"href":"https:\/\/kuurojenliitto.fi\/yhdistyshuone\/wp-json\/wp\/v2\/comments?post=757"}],"version-history":[{"count":16,"href":"https:\/\/kuurojenliitto.fi\/yhdistyshuone\/wp-json\/wp\/v2\/pages\/757\/revisions"}],"predecessor-version":[{"id":6897,"href":"https:\/\/kuurojenliitto.fi\/yhdistyshuone\/wp-json\/wp\/v2\/pages\/757\/revisions\/6897"}],"wp:attachment":[{"href":"https:\/\/kuurojenliitto.fi\/yhdistyshuone\/wp-json\/wp\/v2\/media?parent=757"}],"curies":[{"name":"wp","href":"https:\/\/api.w.org\/{rel}","templated":true}]}}