{"id":7384,"date":"2024-11-13T16:02:49","date_gmt":"2024-11-13T14:02:49","guid":{"rendered":"https:\/\/kuurojenliitto.fi\/yhdistyshuone\/?page_id=7384"},"modified":"2025-01-24T09:02:17","modified_gmt":"2025-01-24T07:02:17","slug":"jarjestopaivat-2025","status":"publish","type":"page","link":"https:\/\/kuurojenliitto.fi\/yhdistyshuone\/jarjestopaivat-2025\/","title":{"rendered":"J\u00e4rjest\u00f6p\u00e4iv\u00e4t 2025"},"content":{"rendered":"\n\n<section id=\"column-block_f5e4cf9e7f1ff81a41a1587aad8305ec\" class=\"section-default ingress px-4 sm:px-4 md:px-8 lg:px-12 xl:px-24\">\n    <div class=\"flex pb-4\">\n                      <div class=\"w-full text-lg\">\n                  <p>J\u00e4rjest\u00f6p\u00e4iv\u00e4t toteutetaan hybriditapahtumana: voitte osallistua paikan p\u00e4\u00e4ll\u00e4 Helsingiss\u00e4 tai et\u00e4n\u00e4 Zoomin verkkoalustalla.   <\/p>\n        <\/div>\n            \n    <\/div>\n\n<\/section>\n\n\n\n<section id=\"column-block_70de2af50dfb8c5351672db6a8fbc85e\" class=\"px-4 sm:px-4 md:px-8 lg:px-12 xl:px-24 section-default \">\n\n            <div class=\"relative py-4 gridder\">\n                        <div id=\"stickier\" class=\"b z-10 flex flex-row flex-wrap  mb-6 top-0 relative\">\n\n          <div class=\"x-tabs w-full\" x-data=\"{ activeTab: 0 }\">\n                    <div :class=\"{ 'hidden': activeTab !== 0 }\" tabindex=\"0\" role=\"tabpanel\" id=\"tab-0\" aria-labelledby=\"label-0\" class=\"bg-white\">\n                                        <button onclick=\"getSticky()\" class=\"bg-moss-500 hover:text-white text-dark w-16 h-16 hidden md:block md:absolute top-0 right-0 z-10\"><i class=\"fas fa-thumbtack fa-lg\"><\/i><br><span id=\"stickytext\">Kiinnit\u00e4<\/span><\/button>\n                                <div class=\"embed-container w-full\">\n    <iframe loading=\"lazy\" title=\"J\u00e4rjest\u00f6p\u00e4iv\u00e4t 2025\" width=\"640\" height=\"360\" src=\"https:\/\/www.youtube.com\/embed\/R72Rm_1HgLE?feature=oembed\" frameborder=\"0\" allow=\"accelerometer; autoplay; clipboard-write; encrypted-media; gyroscope; picture-in-picture; web-share\" referrerpolicy=\"strict-origin-when-cross-origin\" allowfullscreen><\/iframe>  <\/div>\n  <div class=\"w-full p-2 bg-light text-md\">\n        <div class=\"flex flex-row flex-wrap text-sm text-gray-800\">\n              <div class=\"w-full md:w-1\/3\">\n          <i class=\"far fa-clock mr-1 text-gray-500\"><\/i> Kesto: 05:30<\/div>\n      \n      <div class=\"w-full md:w-2\/3\">\n        <i class=\"fal fa-closed-captioning mr-1 text-gray-500\"><\/i>\n        Ei tekstityst\u00e4                  <div class=\"w-full\"><i class=\"fal fa-sign-language mr-1 text-gray-500\"><\/i>\n            Kieli:\n                                                          <span>Suomalainen viittomakieli<\/span>\n                          \n          <\/div>\n              <\/div>\n    <\/div>\n  <\/div>\n                                                <\/div>\n                                <\/div>\n\n                              <\/div>\n        \n          <div class=\"content entry-content bg-white p-8 lg:pr-20 a lg:mr-12 mb-3 shadow-xl hover:shadow-2xl\">\n            <div class=\"field field-name-body field-type-text-with-summary field-label-hidden\">\n<p><strong>J\u00e4rjest\u00f6p\u00e4ivill\u00e4 on kolme p\u00e4\u00e4teemaa:<\/strong><\/p>\n<ul>\n<li>J\u00e4senyhdistysten tulevaisuus ja toiminnan vahvistaminen<\/li>\n<li>Kuurojen Liiton 120-vuotisjuhlavuoden ohjelma ja tavoitteet<\/li>\n<li>Strategiakiertueen 2026\u20132030 ensimm\u00e4inen kooste<\/li>\n<\/ul>\n<p>J\u00e4rjest\u00f6p\u00e4iv\u00e4t alkavat perjantaina <strong>24.1. klo 18.00<\/strong> Helsingin Kuurojen Yhdistys ry:n tiloissa (Kuutio, Kauppakaarre 1, Helsinki) ja jatkuvat lauantaina <strong>25.1.<\/strong> Valkeassa talossa (Ilkantie 4, Helsinki). Molemmat p\u00e4iv\u00e4t pidet\u00e4\u00e4n my\u00f6s Zoomissa.<\/p>\n<h3>Ohjelma<\/h3>\n<h4>Perjantai 24.1.<\/h4>\n<p><strong>18.00 <\/strong>Yhteinen avaus, esittelykierros ja kahvittelu<strong><br \/>\n18.30\u201320.00\u00a0<\/strong> <strong>J\u00e4senyhdistysten tulevaisuus ja toiminnan vahvistaminen<\/strong><br \/>\nTavoitteena on keskustella, kuinka voimme vahvistaa yhdistysten toimintaa ja tukea niiden kest\u00e4v\u00e4\u00e4 tulevaisuutta.<br \/>\nAiheina esimerkiksi uusien j\u00e4senten houkutteleminen, viestinn\u00e4n kehitt\u00e4minen ja yhteisty\u00f6mahdollisuudet paikallisesti.<\/p>\n<h4>Lauantai 25.1.<\/h4>\n<p><strong>9.00\u20139.15<\/strong> <strong>J\u00e4rjest\u00f6p\u00e4ivien avaus<\/strong> \u2013 Jaana Aaltonen<br \/>\n<strong>9.15\u201310.15 Kuurojen Liiton 120-vuotisjuhlavuoden ohjelma ja tavoitteet<\/strong><br \/>\nKatsaus juhlavuoden tapahtumiin, tavoitteisiin ja viestinn\u00e4llisiin painopisteisiin sek\u00e4 yhteisty\u00f6h\u00f6n j\u00e4senyhdistysten kanssa ohjelman toteuttamisessa.<br \/>\n<strong>10.15\u201310.45<\/strong> <strong>Strategiakiertueen ensimm\u00e4inen kooste vuosille 2026\u20132030<\/strong><br \/>\nKoonti strategiakiertueella esiin nousseista teemoista ja alustavista tavoitteista. Markku Jokinen esittelee lokakuusta 2024 alkaneen kiertueen keskeiset havainnot ja luonnosvaiheessa olevat strategiset painopisteet, joihin j\u00e4senyhdistykset voivat vaikuttaa ennen liittokokouksen p\u00e4\u00e4t\u00f6ksi\u00e4.<br \/>\n<strong>10.45\u201311.00 <\/strong>Tauko<br \/>\n<strong>11.00\u201312.00<\/strong> <strong>Johdanto ty\u00f6ryhm\u00e4ty\u00f6skentelyyn<\/strong>: Yhdistysten n\u00e4kemykset strategialuonnoksista<br \/>\nJohdanto-osiossa esitell\u00e4\u00e4n, kuinka ty\u00f6ryhmiss\u00e4 keskityt\u00e4\u00e4n luonnosvaiheessa olevan strategian arviointiin. Tarkoituksena on antaa yhdistysten edustajille mahdollisuus esitt\u00e4\u00e4 toiveita, ideoita ja parannusehdotuksia ennen strategian lopullista hyv\u00e4ksynt\u00e4\u00e4.<br \/>\n<strong>12.00\u201312.45<\/strong> Lounas<br \/>\n<strong>12.45\u201314.00 Ty\u00f6pajaryhm\u00e4t:<\/strong> N\u00e4kemykset ja ehdotukset strategialuonnokseen<br \/>\nTy\u00f6pajaryhmiss\u00e4 k\u00e4sitell\u00e4\u00e4n strategialuonnosta ja sen vaikutuksia koko viittomakieliseen yhteis\u00f6\u00f6n. Ryhm\u00e4t keskustelevat ja antavat palautetta siit\u00e4, miten strategian tavoitteet ja painopisteet voisivat tukea ja edist\u00e4\u00e4 sek\u00e4 j\u00e4senyhdistysten toimintaa ett\u00e4 koko yhteis\u00f6n hyvinvointia. Ty\u00f6pajoissa k\u00e4sitell\u00e4\u00e4n muun muassa:<br \/>\n&#8211; Kuinka strategia voi vastata koko viittomakielisen yhteis\u00f6n tarpeisiin?<br \/>\n&#8211; Millaisia resursseja ja yhteisty\u00f6muotoja tarvitaan yhteis\u00f6n vahvistamiseen?<br \/>\n&#8211; Miten viittomakielisten oikeudet ja saavutettavuus voidaan paremmin huomioida strategian kautta?<br \/>\n<strong>14.00\u201314.15 <\/strong>Tauko<br \/>\n<strong>14.15\u201315.00 <\/strong><strong>Ty\u00f6pajojen purku<\/strong><br \/>\nJokainen ty\u00f6pajaryhm\u00e4 esittelee ehdotuksensa ja kehitysideansa strategialuonnokseen liittyen. Keskustellaan yhdess\u00e4, kuinka strategialuonnoksen tavoitteet voivat tukea koko yhteis\u00f6n kehityst\u00e4 ja edist\u00e4\u00e4 viittomakielisten oikeuksia Suomessa.<br \/>\n<strong>15.00\u201315.30 <\/strong><strong>P\u00e4\u00e4t\u00f6ssanat ja yhteenveto<\/strong> \u2013 Jaana Aaltonen<br \/>\nP\u00e4\u00e4t\u00f6skahvit<\/p>\n<h3>Ilmoittautuminen<\/h3>\n<p>J\u00e4rjest\u00f6p\u00e4iville voi osallistua kaksi edustajaa \/ j\u00e4senyhdistys. S\u00e4hk\u00f6isen ilmoittautumislomakkeen kautta ilmoittaudutte joko l\u00e4sn\u00e4 tai et\u00e4n\u00e4 olevaksi. Et\u00e4osallistujille l\u00e4hetet\u00e4\u00e4n linkki puoli tuntia ennen tapahtuman alkua.\u00a0\u00a0Viimeinen ilmoittautumisp\u00e4iv\u00e4 on <strong>15.1.2025<\/strong><\/p>\n<p><strong>Ilmoittautumislinkki<\/strong>: <a href=\"https:\/\/www.lyyti.in\/KLjarjestopaivat2025\">https:\/\/www.lyyti.in\/KLjarjestopaivat2025<\/a><\/p>\n<p>Et\u00e4osallistujien tulee huolehtia, ett\u00e4 koneelle on ladattu Zoomin uusi versio (versio 5.12.8 tai uudempi). T\u00e4m\u00e4 edesauttaa moderaattorin ty\u00f6t\u00e4. Lataaminen on ilmaista.<br \/>\nKokoukseen voi osallistua my\u00f6s osallistumislinkin kautta ilman ohjelman latausta, mutta lataus parantaa yhteyksien toimivuutta.<\/p>\n<p>Zoomin latauksen ohjevideo viittomakielell\u00e4:\u00a0<a href=\"https:\/\/www.youtube.com\/watch?v=trmdDH8gDkw\" target=\"_blank\" rel=\"noopener\">https:\/\/www.youtube.com\/watch?v=trmdDH8gDkw<\/a><\/p>\n<p>Voitte ladata Zoomin t\u00e4st\u00e4 linkist\u00e4: <a href=\"https:\/\/zoom.us\/download\" target=\"_blank\" rel=\"noopener\">https:\/\/zoom.us\/download<\/a><\/p>\n<p>Mik\u00e4li tarvitsette tukea et\u00e4yhteydess\u00e4, ole hyviss\u00e4 ajoin yhteydess\u00e4 j\u00e4rjest\u00f6suunnittelija <strong>Iina Uhleniukseen:<\/strong> <a href=\"mailto:iina.uhlenius@kuurojenliitto.fi\">iina.uhlenius@kuurojenliitto.fi<\/a><\/p>\n<h3>Matkakorvaus<\/h3>\n<p>J\u00e4rjest\u00f6p\u00e4iville voi osallistua yksi edustaja jokaisesta j\u00e4senyhdistyksest\u00e4, jonka <strong>matka- ja ruokailukulut <\/strong>Kuurojen Liitto maksaa (ei sis\u00e4ll\u00e4 y\u00f6pymist\u00e4). Lis\u00e4ksi yhdistykset voivat halutessaan l\u00e4hett\u00e4\u00e4 toisen edustajan <strong>omalla kustannuksellaan. <\/strong><\/p>\n<p>Kuurojen Liitto tarjoaa perjantain tulokahvit ja lauantain p\u00e4\u00e4t\u00f6skahvit kaikille ilmoittautujille.<\/p>\n<p>Linkki s\u00e4hk\u00f6iseen matkalaskulomakkeeseen l\u00e4hetet\u00e4\u00e4n j\u00e4rjest\u00f6p\u00e4ivien j\u00e4lkeen. Matkakorvaus maksetaan j\u00e4lkik\u00e4teen yhdistyksen edustajan ilmoittamalle pankkitilille huhtikuun aikana. Korvaus maksetaan yleisten kulkuneuvojen taksan mukaisesti. Matkalaskuun liittyv\u00e4t tiedot tulee l\u00e4hett\u00e4\u00e4<strong> Elina Pokille<\/strong> (elina.pokki.kuurojenliitto.fi) <strong>31.3.2025<\/strong> menness\u00e4<strong><em>,<\/em><\/strong> HUOM! jonka j\u00e4lkeen l\u00e4hetettyj\u00e4 ei huomioida.<\/p>\n<h3>Majoitus<\/h3>\n<p>Jokainen varaa ja maksaa oman majoituksensa esimerkiksi Hotelli\u00a0Haagasta.<\/p>\n<p><strong>L\u00e4mpim\u00e4sti tervetuloa j\u00e4rjest\u00f6p\u00e4iville! <\/strong><\/p>\n<p>&nbsp;<\/p>\n<\/div>\n                      <\/div>\n\n                      <aside class=\"c\">\n                              <div class=\"flex flex-col mt-4 mb-4\">\n                                                          <div class=\"flex flex-row bg-white shadow-xl hover:shadow-2xl h-full mb-4\">\n                                              <div class=\"w-full p-4\">\n                      \n                        <h2 class=\"pb-3 leading-tight heading-sm text-lg\">Suora l\u00e4hetys<\/h2>\n                        <div><p>Kaikille avoin suora l\u00e4hetys lauantaina 25.1. noin klo 9-12 ja klo 14.10-15.30. L\u00e4hetys osoitteessa: <a href=\"http:\/\/www.kuurojenliitto.fi\">www.kuurojenliitto.fi<\/a><\/p>\n<p>L\u00e4hetyksess\u00e4 on tulkkaus suomen kielelle.<\/p>\n<p>Tapahtuman hashtag (#) on: #KLjarjestopaivat2025<\/p>\n<\/div>\n                                                                                              <\/div>\n                    <\/div>\n                                  <\/div>\n              \n                            <div class=\"border-l-4 border-color pl-4 mb-8\">\n\n                                  <h3 class=\"heading-lg text-2xl mb-2\">Ilmoittautuminen j\u00e4rjest\u00f6p\u00e4iville:<\/h3>\n                \n                                  <p><a href=\"https:\/\/www.lyyti.in\/KLjarjestopaivat2025\">https:\/\/www.lyyti.in\/KLjarjestopaivat2025<\/a><\/p>\n<p><strong>Yhdistyshuone somessa:<\/strong><\/p>\n                \n                                  <nav class=\"flex flex-col mt-4\">\n                    \n                      \n                                              <a class=\"border-t border-gray-200 text-gray-100 py-2\"\n                           href=\"https:\/\/www.facebook.com\/KLyhdistyshuone\"\n                           target=\"_blank\"><i\n                            class=\"fal fa-angle-right fa-fw\"><\/i> Yhdistyshuone Facebookissa                        <\/a>\n                      \n                                      <\/nav>\n                \n                              <\/div>\n              \n              \n                                  <h3 class=\"heading-lg text-2xl mb-4\">Lis\u00e4tietoja<\/h3>\n                \n                                    <div class=\"flex flex-row-reverse flex-wrap bg-white shadow-xl hover:shadow-2xl p-4 mb-3\">\n\n    <div class=\"w-1\/4 text-right\">\n    <figure class=\"entry-image overflow-hidden\">\n      <img loading=\"lazy\" decoding=\"async\" width=\"800\" height=\"800\" src=\"https:\/\/kuurojenliitto.fi\/yhdistyshuone\/wp-content\/uploads\/sites\/11\/2020\/03\/2022_08-Elina-Pokki-1-e1662114385403-800x800.jpg\" class=\"w-full object-fit\" alt=\"&quot;&quot;\" srcset=\"https:\/\/kuurojenliitto.fi\/yhdistyshuone\/wp-content\/uploads\/sites\/11\/2020\/03\/2022_08-Elina-Pokki-1-e1662114385403-800x800.jpg 800w, https:\/\/kuurojenliitto.fi\/yhdistyshuone\/wp-content\/uploads\/sites\/11\/2020\/03\/2022_08-Elina-Pokki-1-e1662114385403-768x769.jpg 768w, https:\/\/kuurojenliitto.fi\/yhdistyshuone\/wp-content\/uploads\/sites\/11\/2020\/03\/2022_08-Elina-Pokki-1-e1662114385403.jpg 1080w\" sizes=\"auto, (max-width: 800px) 100vw, 800px\" \/>    <\/figure><!-- .entry-header -->\n  <\/div>\n  <div class=\"entry-content w-3\/4 pr-4\">\n    <h3 class=\"mb-0 text-lg\">\n      <a href=\"https:\/\/kuurojenliitto.fi\/yhdistyshuone\/henkilo\/elina-pokki\/\">Elina Pokki<\/a>\n    <\/h3>\n    <div class=\"mb-4 mt-0\">\n              <span class=\"text-gray-900 text-sm\">\n                          Toiminnanjohtajan assistentti                      <\/span>\n                <\/div>\n    <div class=\"flex flex-col text-gray-600 mt-1 text-sm items-start\">\n              <div class=\"flex flex-row-reverse\">\n          <div class=\"ml-2 text-xs\">\n                                                  <span class=\"sr-only\">Henkil\u00f6 ei ota vastaan puheluja<\/span>\n              <i class=\"sr-hide fas fa-fw fa-phone-slash mr-1\"><\/i>\n                                      <span class=\"sr-only\">Henkil\u00f6 ottaa vastaan tekstiviestej\u00e4<\/span>\n              <i class=\"sr-hide fas fa-fw fa-sms mr-1\"><\/i>\n                                      <span class=\"sr-only\">Henkil\u00f6 ottaa vastaan WhatsApp-viestej\u00e4, videoviestej\u00e4 ja videopuheluja<\/span>\n              <i class=\"sr-hide fab fa-fw fa-whatsapp mr-1\"><\/i>\n                                  <\/div>\n          <div><span class=\"sr-only\">Puhelinnumero: <\/span><a href=\"tel:+358 40 738 5089\"> +358 40 738 5089<\/a><\/div>\n        <\/div>\n\n                    <div><span class=\"sr-only\"><\/span><a\n            href=\"mailto:elina.pokki@kuurojenliitto.fi\">elina.pokki@kuurojenliitto.fi<\/a><\/div>\n                <\/div>\n\n      <\/div><!-- .entry-content -->\n        <div class=\"w-full mt-2 text-xs\">\n      <span class=\"sr-only\">Henkil\u00f6n vastuualue<\/span>\n              <a href=\"https:\/\/kuurojenliitto.fi\/yhdistyshuone\/vastuualue\/hallituksen-sihteeri\/\">\n          <span class=\"bg-light py-px px-1 text-dark inline-block mr-1 mb-1\">\n            Hallituksen sihteeri          <\/span>\n        <\/a>\n          <\/div>\n  \n<\/div>\n                              \n            <\/aside>\n          \n\n      <\/div>\n    \n  \n<\/section>\n","protected":false},"excerpt":{"rendered":"<p>J\u00e4rjest\u00f6p\u00e4iv\u00e4t toteutetaan hybriditapahtumana: voitte osallistua paikan p\u00e4\u00e4ll\u00e4 Helsingiss\u00e4 tai et\u00e4n\u00e4 Zoomin verkkoalustalla. Kiinnit\u00e4 Kesto: 05:30 Ei tekstityst\u00e4 Kieli: Suomalainen viittomakieli J\u00e4rjest\u00f6p\u00e4ivill\u00e4 on kolme p\u00e4\u00e4teemaa: J\u00e4senyhdistysten tulevaisuus ja toiminnan vahvistaminen Kuurojen Liiton 120-vuotisjuhlavuoden ohjelma ja tavoitteet&#8230;<\/p>\n","protected":false},"author":6,"featured_media":7426,"parent":0,"menu_order":0,"comment_status":"closed","ping_status":"closed","template":"","meta":{"footnotes":""},"class_list":["post-7384","page","type-page","status-publish","has-post-thumbnail","hentry","px-4 sm:px-4 md:px-8 lg:px-12 xl:px-24"],"acf":[],"yoast_head":"<!-- This site is optimized with the Yoast SEO plugin v27.3 - https:\/\/yoast.com\/product\/yoast-seo-wordpress\/ -->\n<title>J\u00e4rjest\u00f6p\u00e4iv\u00e4t 2025 - Yhdistyshuone<\/title>\n<meta name=\"robots\" content=\"index, follow, max-snippet:-1, max-image-preview:large, max-video-preview:-1\" \/>\n<link rel=\"canonical\" href=\"https:\/\/kuurojenliitto.fi\/yhdistyshuone\/jarjestopaivat-2025\/\" \/>\n<meta property=\"og:locale\" content=\"fi_FI\" \/>\n<meta property=\"og:type\" content=\"article\" \/>\n<meta property=\"og:title\" content=\"J\u00e4rjest\u00f6p\u00e4iv\u00e4t 2025 - Yhdistyshuone\" \/>\n<meta property=\"og:description\" content=\"J\u00e4rjest\u00f6p\u00e4iv\u00e4t toteutetaan hybriditapahtumana: voitte osallistua paikan p\u00e4\u00e4ll\u00e4 Helsingiss\u00e4 tai et\u00e4n\u00e4 Zoomin verkkoalustalla. Kiinnit\u00e4 Kesto: 05:30 Ei tekstityst\u00e4 Kieli: Suomalainen viittomakieli J\u00e4rjest\u00f6p\u00e4ivill\u00e4 on kolme p\u00e4\u00e4teemaa: J\u00e4senyhdistysten tulevaisuus ja toiminnan vahvistaminen Kuurojen Liiton 120-vuotisjuhlavuoden ohjelma ja tavoitteet...\" \/>\n<meta property=\"og:url\" content=\"https:\/\/kuurojenliitto.fi\/yhdistyshuone\/jarjestopaivat-2025\/\" \/>\n<meta property=\"og:site_name\" content=\"Yhdistyshuone\" \/>\n<meta property=\"article:modified_time\" content=\"2025-01-24T07:02:17+00:00\" \/>\n<meta property=\"og:image\" content=\"https:\/\/kuurojenliitto.fi\/yhdistyshuone\/wp-content\/uploads\/sites\/11\/2024\/11\/Jarj-paivat-thumb.png\" \/>\n\t<meta property=\"og:image:width\" content=\"1101\" \/>\n\t<meta property=\"og:image:height\" content=\"584\" \/>\n\t<meta property=\"og:image:type\" content=\"image\/png\" \/>\n<meta name=\"twitter:card\" content=\"summary_large_image\" \/>\n<meta name=\"twitter:label1\" content=\"Arvioitu lukuaika\" \/>\n\t<meta name=\"twitter:data1\" content=\"1 minuutti\" \/>\n<script type=\"application\/ld+json\" class=\"yoast-schema-graph\">{\"@context\":\"https:\\\/\\\/schema.org\",\"@graph\":[{\"@type\":\"WebPage\",\"@id\":\"https:\\\/\\\/kuurojenliitto.fi\\\/yhdistyshuone\\\/jarjestopaivat-2025\\\/\",\"url\":\"https:\\\/\\\/kuurojenliitto.fi\\\/yhdistyshuone\\\/jarjestopaivat-2025\\\/\",\"name\":\"J\u00e4rjest\u00f6p\u00e4iv\u00e4t 2025 - Yhdistyshuone\",\"isPartOf\":{\"@id\":\"https:\\\/\\\/kuurojenliitto.fi\\\/yhdistyshuone\\\/#website\"},\"primaryImageOfPage\":{\"@id\":\"https:\\\/\\\/kuurojenliitto.fi\\\/yhdistyshuone\\\/jarjestopaivat-2025\\\/#primaryimage\"},\"image\":{\"@id\":\"https:\\\/\\\/kuurojenliitto.fi\\\/yhdistyshuone\\\/jarjestopaivat-2025\\\/#primaryimage\"},\"thumbnailUrl\":\"https:\\\/\\\/kuurojenliitto.fi\\\/yhdistyshuone\\\/wp-content\\\/uploads\\\/sites\\\/11\\\/2024\\\/11\\\/Jarj-paivat-thumb.png\",\"datePublished\":\"2024-11-13T14:02:49+00:00\",\"dateModified\":\"2025-01-24T07:02:17+00:00\",\"breadcrumb\":{\"@id\":\"https:\\\/\\\/kuurojenliitto.fi\\\/yhdistyshuone\\\/jarjestopaivat-2025\\\/#breadcrumb\"},\"inLanguage\":\"fi\",\"potentialAction\":[{\"@type\":\"ReadAction\",\"target\":[\"https:\\\/\\\/kuurojenliitto.fi\\\/yhdistyshuone\\\/jarjestopaivat-2025\\\/\"]}]},{\"@type\":\"ImageObject\",\"inLanguage\":\"fi\",\"@id\":\"https:\\\/\\\/kuurojenliitto.fi\\\/yhdistyshuone\\\/jarjestopaivat-2025\\\/#primaryimage\",\"url\":\"https:\\\/\\\/kuurojenliitto.fi\\\/yhdistyshuone\\\/wp-content\\\/uploads\\\/sites\\\/11\\\/2024\\\/11\\\/Jarj-paivat-thumb.png\",\"contentUrl\":\"https:\\\/\\\/kuurojenliitto.fi\\\/yhdistyshuone\\\/wp-content\\\/uploads\\\/sites\\\/11\\\/2024\\\/11\\\/Jarj-paivat-thumb.png\",\"width\":1101,\"height\":584},{\"@type\":\"BreadcrumbList\",\"@id\":\"https:\\\/\\\/kuurojenliitto.fi\\\/yhdistyshuone\\\/jarjestopaivat-2025\\\/#breadcrumb\",\"itemListElement\":[{\"@type\":\"ListItem\",\"position\":1,\"name\":\"Ing\u00e5ngssida\",\"item\":\"https:\\\/\\\/kuurojenliitto.fi\\\/yhdistyshuone\\\/\"},{\"@type\":\"ListItem\",\"position\":2,\"name\":\"J\u00e4rjest\u00f6p\u00e4iv\u00e4t 2025\"}]},{\"@type\":\"WebSite\",\"@id\":\"https:\\\/\\\/kuurojenliitto.fi\\\/yhdistyshuone\\\/#website\",\"url\":\"https:\\\/\\\/kuurojenliitto.fi\\\/yhdistyshuone\\\/\",\"name\":\"Yhdistyshuone\",\"description\":\"Uusi Kuurojen Liitto-sivustot -sivusto\",\"potentialAction\":[{\"@type\":\"SearchAction\",\"target\":{\"@type\":\"EntryPoint\",\"urlTemplate\":\"https:\\\/\\\/kuurojenliitto.fi\\\/yhdistyshuone\\\/?s={search_term_string}\"},\"query-input\":{\"@type\":\"PropertyValueSpecification\",\"valueRequired\":true,\"valueName\":\"search_term_string\"}}],\"inLanguage\":\"fi\"}]}<\/script>\n<!-- \/ Yoast SEO plugin. -->","yoast_head_json":{"title":"J\u00e4rjest\u00f6p\u00e4iv\u00e4t 2025 - Yhdistyshuone","robots":{"index":"index","follow":"follow","max-snippet":"max-snippet:-1","max-image-preview":"max-image-preview:large","max-video-preview":"max-video-preview:-1"},"canonical":"https:\/\/kuurojenliitto.fi\/yhdistyshuone\/jarjestopaivat-2025\/","og_locale":"fi_FI","og_type":"article","og_title":"J\u00e4rjest\u00f6p\u00e4iv\u00e4t 2025 - Yhdistyshuone","og_description":"J\u00e4rjest\u00f6p\u00e4iv\u00e4t toteutetaan hybriditapahtumana: voitte osallistua paikan p\u00e4\u00e4ll\u00e4 Helsingiss\u00e4 tai et\u00e4n\u00e4 Zoomin verkkoalustalla. Kiinnit\u00e4 Kesto: 05:30 Ei tekstityst\u00e4 Kieli: Suomalainen viittomakieli J\u00e4rjest\u00f6p\u00e4ivill\u00e4 on kolme p\u00e4\u00e4teemaa: J\u00e4senyhdistysten tulevaisuus ja toiminnan vahvistaminen Kuurojen Liiton 120-vuotisjuhlavuoden ohjelma ja tavoitteet...","og_url":"https:\/\/kuurojenliitto.fi\/yhdistyshuone\/jarjestopaivat-2025\/","og_site_name":"Yhdistyshuone","article_modified_time":"2025-01-24T07:02:17+00:00","og_image":[{"width":1101,"height":584,"url":"https:\/\/kuurojenliitto.fi\/yhdistyshuone\/wp-content\/uploads\/sites\/11\/2024\/11\/Jarj-paivat-thumb.png","type":"image\/png"}],"twitter_card":"summary_large_image","twitter_misc":{"Arvioitu lukuaika":"1 minuutti"},"schema":{"@context":"https:\/\/schema.org","@graph":[{"@type":"WebPage","@id":"https:\/\/kuurojenliitto.fi\/yhdistyshuone\/jarjestopaivat-2025\/","url":"https:\/\/kuurojenliitto.fi\/yhdistyshuone\/jarjestopaivat-2025\/","name":"J\u00e4rjest\u00f6p\u00e4iv\u00e4t 2025 - Yhdistyshuone","isPartOf":{"@id":"https:\/\/kuurojenliitto.fi\/yhdistyshuone\/#website"},"primaryImageOfPage":{"@id":"https:\/\/kuurojenliitto.fi\/yhdistyshuone\/jarjestopaivat-2025\/#primaryimage"},"image":{"@id":"https:\/\/kuurojenliitto.fi\/yhdistyshuone\/jarjestopaivat-2025\/#primaryimage"},"thumbnailUrl":"https:\/\/kuurojenliitto.fi\/yhdistyshuone\/wp-content\/uploads\/sites\/11\/2024\/11\/Jarj-paivat-thumb.png","datePublished":"2024-11-13T14:02:49+00:00","dateModified":"2025-01-24T07:02:17+00:00","breadcrumb":{"@id":"https:\/\/kuurojenliitto.fi\/yhdistyshuone\/jarjestopaivat-2025\/#breadcrumb"},"inLanguage":"fi","potentialAction":[{"@type":"ReadAction","target":["https:\/\/kuurojenliitto.fi\/yhdistyshuone\/jarjestopaivat-2025\/"]}]},{"@type":"ImageObject","inLanguage":"fi","@id":"https:\/\/kuurojenliitto.fi\/yhdistyshuone\/jarjestopaivat-2025\/#primaryimage","url":"https:\/\/kuurojenliitto.fi\/yhdistyshuone\/wp-content\/uploads\/sites\/11\/2024\/11\/Jarj-paivat-thumb.png","contentUrl":"https:\/\/kuurojenliitto.fi\/yhdistyshuone\/wp-content\/uploads\/sites\/11\/2024\/11\/Jarj-paivat-thumb.png","width":1101,"height":584},{"@type":"BreadcrumbList","@id":"https:\/\/kuurojenliitto.fi\/yhdistyshuone\/jarjestopaivat-2025\/#breadcrumb","itemListElement":[{"@type":"ListItem","position":1,"name":"Ing\u00e5ngssida","item":"https:\/\/kuurojenliitto.fi\/yhdistyshuone\/"},{"@type":"ListItem","position":2,"name":"J\u00e4rjest\u00f6p\u00e4iv\u00e4t 2025"}]},{"@type":"WebSite","@id":"https:\/\/kuurojenliitto.fi\/yhdistyshuone\/#website","url":"https:\/\/kuurojenliitto.fi\/yhdistyshuone\/","name":"Yhdistyshuone","description":"Uusi Kuurojen Liitto-sivustot -sivusto","potentialAction":[{"@type":"SearchAction","target":{"@type":"EntryPoint","urlTemplate":"https:\/\/kuurojenliitto.fi\/yhdistyshuone\/?s={search_term_string}"},"query-input":{"@type":"PropertyValueSpecification","valueRequired":true,"valueName":"search_term_string"}}],"inLanguage":"fi"}]}},"lang":"fi","translations":{"fi":7384,"sv":7406},"pll_sync_post":[],"_links":{"self":[{"href":"https:\/\/kuurojenliitto.fi\/yhdistyshuone\/wp-json\/wp\/v2\/pages\/7384","targetHints":{"allow":["GET"]}}],"collection":[{"href":"https:\/\/kuurojenliitto.fi\/yhdistyshuone\/wp-json\/wp\/v2\/pages"}],"about":[{"href":"https:\/\/kuurojenliitto.fi\/yhdistyshuone\/wp-json\/wp\/v2\/types\/page"}],"author":[{"embeddable":true,"href":"https:\/\/kuurojenliitto.fi\/yhdistyshuone\/wp-json\/wp\/v2\/users\/6"}],"replies":[{"embeddable":true,"href":"https:\/\/kuurojenliitto.fi\/yhdistyshuone\/wp-json\/wp\/v2\/comments?post=7384"}],"version-history":[{"count":23,"href":"https:\/\/kuurojenliitto.fi\/yhdistyshuone\/wp-json\/wp\/v2\/pages\/7384\/revisions"}],"predecessor-version":[{"id":7591,"href":"https:\/\/kuurojenliitto.fi\/yhdistyshuone\/wp-json\/wp\/v2\/pages\/7384\/revisions\/7591"}],"wp:featuredmedia":[{"embeddable":true,"href":"https:\/\/kuurojenliitto.fi\/yhdistyshuone\/wp-json\/wp\/v2\/media\/7426"}],"wp:attachment":[{"href":"https:\/\/kuurojenliitto.fi\/yhdistyshuone\/wp-json\/wp\/v2\/media?parent=7384"}],"curies":[{"name":"wp","href":"https:\/\/api.w.org\/{rel}","templated":true}]}}