{"id":6076,"date":"2023-11-08T16:18:34","date_gmt":"2023-11-08T14:18:34","guid":{"rendered":"https:\/\/kuurojenliitto.fi\/yhdistyshuone\/?page_id=6076"},"modified":"2024-01-29T10:51:38","modified_gmt":"2024-01-29T08:51:38","slug":"foreningsdagar-2024","status":"publish","type":"page","link":"https:\/\/kuurojenliitto.fi\/yhdistyshuone\/sv\/foreningsdagar-2024\/","title":{"rendered":"Inst\u00e4llt: F\u00f6reningsdagar 2024"},"content":{"rendered":"\n\n<section id=\"column-block_20a1f599f443540b70bd7f44592b26b5\" class=\"section-default ingress px-4 sm:px-4 md:px-8 lg:px-12 xl:px-24\">\n    <div class=\"flex pb-4\">\n                      <div class=\"w-full text-lg\">\n                  <p>OBS! F\u00f6reningsdagarna 2024 har st\u00e4llts in p\u00e5 grund av den strejk som har utlysts f\u00f6r perioden 1\u20132.2. Vi kommer att vara i kontakt med alla som redan har anm\u00e4lt sig till evenemanget.<\/p>\n<p>Den planerade utvecklingsdagen f\u00f6r medlemsf\u00f6reningarna, som var t\u00e4nkt att \u00e4ga rum den 4.2 i samband med F\u00f6reningsdagarna, kommer att flyttas till en annan tidpunkt. Denna utvecklingsdag kommer att genomf\u00f6ras i samband med en annan h\u00e4ndelse, och mer information kommer att meddelas senare.<\/p>\n<p>**<br \/>\nF\u00f6reningsdagarna arrangeras 2.-3.2.2024 som ett hybridevenemang: ni kan delta i m\u00f6tet i Helsingfors eller p\u00e5 distans p\u00e5 webbplattformen Zoom.<\/p>\n        <\/div>\n            \n    <\/div>\n\n<\/section>\n\n\n\n<section id=\"column-block_e206d9a9ca95655a8299ec771693e915\" class=\"px-4 sm:px-4 md:px-8 lg:px-12 xl:px-24 section-default \">\n\n            <div class=\"relative py-4 gridder\">\n                        <div id=\"stickier\" class=\"b z-10 flex flex-row flex-wrap  mb-6 top-0 relative\">\n\n          <div class=\"x-tabs w-full\" x-data=\"{ activeTab: 0 }\">\n                    <div :class=\"{ 'hidden': activeTab !== 0 }\" tabindex=\"0\" role=\"tabpanel\" id=\"tab-0\" aria-labelledby=\"label-0\" class=\"bg-white\">\n                                        <button onclick=\"getSticky()\" class=\"bg-moss-500 hover:text-white text-dark w-16 h-16 hidden md:block md:absolute top-0 right-0 z-10\"><i class=\"fas fa-thumbtack fa-lg\"><\/i><br><span id=\"stickytext\">Kiinnit\u00e4<\/span><\/button>\n                                <div class=\"embed-container w-full\">\n    <iframe loading=\"lazy\" title=\"J\u00e4rjest\u00f6p\u00e4iv\u00e4t 2024\" width=\"640\" height=\"360\" src=\"https:\/\/www.youtube.com\/embed\/SxVDSOhepsw?feature=oembed\" frameborder=\"0\" allow=\"accelerometer; autoplay; clipboard-write; encrypted-media; gyroscope; picture-in-picture; web-share\" referrerpolicy=\"strict-origin-when-cross-origin\" allowfullscreen><\/iframe>  <\/div>\n  <div class=\"w-full p-2 bg-light text-md\">\n        <div class=\"flex flex-row flex-wrap text-sm text-gray-800\">\n              <div class=\"w-full md:w-1\/3\">\n          <i class=\"far fa-clock mr-1 text-gray-500\"><\/i> Kesto: 02:17<\/div>\n      \n      <div class=\"w-full md:w-2\/3\">\n        <i class=\"fal fa-closed-captioning mr-1 text-gray-500\"><\/i>\n        Ei tekstityst\u00e4                  <div class=\"w-full\"><i class=\"fal fa-sign-language mr-1 text-gray-500\"><\/i>\n            Kieli:\n                                                          <span>Suomalainen viittomakieli<\/span>\n                          \n          <\/div>\n              <\/div>\n    <\/div>\n  <\/div>\n                                                <\/div>\n                                <\/div>\n\n                              <\/div>\n        \n          <div class=\"content entry-content bg-white p-8 lg:pr-20 a lg:mr-12 mb-3 shadow-xl hover:shadow-2xl\">\n            <div class=\"field field-name-body field-type-text-with-summary field-label-hidden\">\n<p>F\u00f6reningsdagarna har tre aktuella teman:<\/p>\n<ul>\n<li>Principerna f\u00f6r tryggare rum och till\u00e4mpningen av dem<\/li>\n<li>Vad betyder fattigdom? Hur kan en f\u00f6rening st\u00f6dja sina medlemmar?<\/li>\n<li>Samarbetet mellan f\u00f6rbundet och medlemsf\u00f6reningarna<\/li>\n<\/ul>\n<p>F\u00f6reningsdagarna b\u00f6rjar p\u00e5 fredag den 2.2 kl. 18.00 i Helsingfors D\u00f6vas F\u00f6rening rf:s lokal (Kuutio, K\u00f6pkroken 1, Helsingfors) och forts\u00e4tter p\u00e5 l\u00f6rdagen den 3.2 i Ljusa huset (Ilkkav\u00e4gen 4, Helsingfors). B\u00e5da dagarna s\u00e4nds ocks\u00e5 p\u00e5 Zoom.<\/p>\n<h3>Program<\/h3>\n<p><strong>Fredag 2.2<br \/>\n<\/strong>18.00 Gemensam inledning, presentationsrunda och kaffe<br \/>\n18.30\u201320.00 Principerna f\u00f6r tryggare rum och till\u00e4mpningen av dem \/ <em>f\u00f6reningshandledning<\/em><\/p>\n<p><strong>L\u00f6rdag 3.2<\/strong><br \/>\n9.00\u20139.15 F\u00f6reningsdagarna \u00f6ppnas \/ <em>Jaana Aaltonen<\/em><br \/>\n9.15\u20139.45 Vad \u00e4r fattigdom?\u202f \/ <em>verksamhetsledare Markku Jokinen<\/em>\u202finleder<br \/>\n9.45\u201310.30\u202f\u202f\u202f Fattigdomsforskning \/ \u202fs<em>akkunnig\u00a0<\/em><br \/>\npaus 15 min.<br \/>\n10.45\u201311.45\u202f\u202f\u202f\u202f Vad kan en medlemsf\u00f6rening g\u00f6ra?\u00a0 \/ <em>regionarbetare Juha Oksanen\u00a0<\/em><br \/>\nWorkshopgrupper<br \/>\n11.45\u201312.30 Lunch<br \/>\n12.30\u201313.15 Genomg\u00e5ng med workshopgrupperna<br \/>\n13.15\u201313.30 F\u00f6rbundets infoinslag<br \/>\n13.30\u201314.00 Samarbetet mellan f\u00f6rbundet och medlemsf\u00f6reningarna \/ <em>Finlands D\u00f6vas F\u00f6rbunds styrelse\u00a0<\/em><br \/>\npaus 15 min.<br \/>\n14.15\u201314.50 Workshopgrupperna<br \/>\n14.50 Genomg\u00e5ng<br \/>\n15.30 Sammandrag, avslutning och avskedskaffe<\/p>\n<h3>Anm\u00e4lan<\/h3>\n<p>Tv\u00e5 representanter \/ medlemsf\u00f6rening kan delta i f\u00f6reningsdagarna. Via anm\u00e4lningsformul\u00e4ret anm\u00e4ler ni er som deltagare antingen n\u00e4rvarande eller p\u00e5 distans. De som deltar p\u00e5 distans f\u00e5r sig l\u00e4nken tills\u00e4nd en halv timme innan f\u00f6reningsdagarna b\u00f6rjar. Sista anm\u00e4lningsdagen \u00e4r 21.1.2024.<\/p>\n<p>Anm\u00e4lningsl\u00e4nken: <strong><span style=\"color: #3366ff\"><a style=\"color: #3366ff\" href=\"https:\/\/www.lyyti.in\/KLjarjestopaivat2024\">https:\/\/www.lyyti.in\/KLjarjestopaivat2024<\/a><\/span><\/strong><\/p>\n<p>Distansdeltagarna ska ha laddat ner en ny version av Zoom (version 5.12.8 eller nyare) p\u00e5 sin dator. Det h\u00e4r underl\u00e4ttar moderatorns arbete. Versionerna kan laddas ner gratis.\u202f\u202f\u202fMan kan ocks\u00e5 delta i m\u00f6tet via deltagarl\u00e4nken utan att ladda ner Zoom, men laddandet g\u00f6r att f\u00f6rbindelserna fungerar b\u00e4ttre.<\/p>\n<p>Instruktionsvideo om hur man laddar ner Zoom (p\u00e5 finskt teckenspr\u00e5k med finsk text):\u202f\u202f<a href=\"https:\/\/www.youtube.com\/watch?v=trmdDH8gDkw\">https:\/\/www.youtube.com\/watch?v=trmdDH8gDkw<\/a><\/p>\n<p>Zoom kan laddas ner h\u00e4r: <a href=\"https:\/\/zoom.us\/download\">https:\/\/zoom.us\/download<\/a><\/p>\n<p>D\u00f6vf\u00f6rbundets regionarbetare ger distansdeltagarna st\u00f6d f\u00f6re och under f\u00f6reningsdagarna.\u00a0Under f\u00f6reningsdagarna kan ni kontakta regionarbetaren:\u202f\u202f<strong>Asta Tikkanen<\/strong>, 050 548 8165<\/p>\n<h3>Medlemsf\u00f6reningarnas utvecklingsdag<\/h3>\n<p>I samband med f\u00f6reningsdagarna ordnas medlemsf\u00f6reningarnas utvecklingsdag p\u00e5 s\u00f6ndagen den <strong>4.2.2024.<\/strong> Under den g\u00e5r vi vidare med temat Samarbetet mellan Finlands D\u00f6vas F\u00f6rbund och medlemsf\u00f6reningarna och koncentrerar oss p\u00e5 \u00f6vningar i konstruktiv diskussion.<\/p>\n<p>Det l\u00f6nar sig allts\u00e5 att ocks\u00e5 delta i utvecklingsdagen p\u00e5 samma g\u00e5ng. Vi str\u00e4var efter att alla ska f\u00e5 inspiration och nya tankar med sig hem om frivilligverksamhet!<\/p>\n<p>Deltagarna p\u00e5 hotell l\u00f6r\u2013s\u00f6n och dessutom mellanm\u00e5lskaffe p\u00e5 s\u00f6ndagen. Anm\u00e4lan g\u00f6rs p\u00e5 samma blankett som f\u00f6r f\u00f6reningsdagarna.<\/p>\n<p><strong>Program<\/strong><\/p>\n<p>Kl. 9.00\u201313.30<br \/>\n9.00\u201311.00 \u00d6vningar i konstruktiv diskussion<br \/>\n11.00\u201311.30 Mellanm\u00e5l och kaffepaus<br \/>\n11.30\u201313.30 Samarbetet mellan Finlands D\u00f6vas F\u00f6rbund och medlemsf\u00f6reningarna, temat forts\u00e4tter<br \/>\n13.30 Dagen avslutas<\/p>\n<h3>Reseers\u00e4ttning<\/h3>\n<p>D\u00f6vf\u00f6rbundet betalar <strong>rese- och matkostnaderna<\/strong> (inte \u00f6vernattning) f\u00f6r en representant fr\u00e5n varje medlemsf\u00f6rening som deltar i f\u00f6reningsdagarna. D\u00e4rut\u00f6ver kan f\u00f6reningarna om de vill skicka en andra representant <strong>p\u00e5 egen bekostnad.\u00a0<\/strong><\/p>\n<p>Finlands D\u00f6vas F\u00f6rbund bjuder alla anm\u00e4lda p\u00e5 v\u00e4lkomstkaffe p\u00e5 fredagen och avskedskaffe p\u00e5 l\u00f6rdagen.<\/p>\n<p>Reseers\u00e4ttningen betalas i efterskott under april till det bankkonto som f\u00f6reningens representant har uppgett. Ers\u00e4ttningen betalas enligt taxa f\u00f6r allm\u00e4nna f\u00e4rdmedel. Informationen som h\u00f6r till reser\u00e4kningen ska skickas till <strong>Elina Pokki<\/strong> (<a href=\"mailto:elina.pokki@kuurojenliitto.fi\">elina.pokki@kuurojenliitto.fi<\/a>) <strong><em>senast den 31.3.2024.<\/em><\/strong> OBS! R\u00e4kningar som s\u00e4nts senare beaktas inte.<\/p>\n<h3>Hotell<\/h3>\n<p>Var och en bokar och betalar sitt rum till exempel p\u00e5 Hotelli Haaga. Deltagarna i utvecklingsdagen bjuds p\u00e5 rum l\u00f6r\u2013s\u00f6n p\u00e5 Hotelli Haaga. Anm\u00e4l er till rummen <strong><em>senast<\/em><\/strong> <strong><em>11.1.2024 <\/em><\/strong>via anm\u00e4lningsformul\u00e4ret.<\/p>\n<p><strong>Varmt v\u00e4lkomna p\u00e5 f\u00f6reningsdagarna!\u00a0<\/strong><\/p>\n<\/div>\n                      <\/div>\n\n                      <aside class=\"c\">\n                              <div class=\"flex flex-col mt-4 mb-4\">\n                                                          <div class=\"flex flex-row bg-white shadow-xl hover:shadow-2xl h-full mb-4\">\n                                              <div class=\"w-full p-4\">\n                      \n                        <h2 class=\"pb-3 leading-tight heading-sm text-lg\">Direkts\u00e4ndning<\/h2>\n                        <div><p>Direkts\u00e4ndning \u00f6ppen f\u00f6r alla l\u00f6r 3.2: <a href=\"http:\/\/www.kuurojenliitto.fi\/\">www.kuurojenliitto.fi<\/a><\/p>\n<p>Direkts\u00e4ndningen tolkas till finska.<\/p>\n<p>F\u00f6reningsdagarnas hashtag (#) \u00e4r: #KLjarjestopaivat2024<\/p>\n<\/div>\n                                                                                              <\/div>\n                    <\/div>\n                                  <\/div>\n              \n                            <div class=\"border-l-4 border-color pl-4 mb-8\">\n\n                                  <h3 class=\"heading-lg text-2xl mb-2\"> Anm\u00e4lan till f\u00f6reningsdagarna och utvecklingsdag:<\/h3>\n                \n                                  <p><a href=\"https:\/\/www.lyyti.in\/KLjarjestopaivat2024\">https:\/\/www.lyyti.in\/KLjarjestopaivat2024<\/a><\/p>\n<p>&nbsp;<\/p>\n<p><strong>F\u00f6reningsrummet p\u00e5 sociala medier:<\/strong><\/p>\n                \n                                  <nav class=\"flex flex-col mt-4\">\n                    \n                      \n                                              <a class=\"border-t border-gray-200 text-gray-100 py-2\"\n                           href=\"https:\/\/www.facebook.com\/KLyhdistyshuone\"\n                           target=\"_blank\"><i\n                            class=\"fal fa-angle-right fa-fw\"><\/i> F\u00f6reningsrummet i Facebook (p\u00e5 finska)                        <\/a>\n                      \n                                      <\/nav>\n                \n                              <\/div>\n              \n              \n                                  <h3 class=\"heading-lg text-2xl mb-4\">Mer information:<\/h3>\n                \n                                    <div class=\"flex flex-row-reverse flex-wrap bg-white shadow-xl hover:shadow-2xl p-4 mb-3\">\n\n    <div class=\"w-1\/4 text-right\">\n    <figure class=\"entry-image overflow-hidden\">\n      <img loading=\"lazy\" decoding=\"async\" width=\"800\" height=\"800\" src=\"https:\/\/kuurojenliitto.fi\/yhdistyshuone\/wp-content\/uploads\/sites\/11\/2020\/03\/2022_08-Elina-Pokki-1-e1662114385403-800x800.jpg\" class=\"w-full object-fit\" alt=\"\" srcset=\"https:\/\/kuurojenliitto.fi\/yhdistyshuone\/wp-content\/uploads\/sites\/11\/2020\/03\/2022_08-Elina-Pokki-1-e1662114385403-800x800.jpg 800w, https:\/\/kuurojenliitto.fi\/yhdistyshuone\/wp-content\/uploads\/sites\/11\/2020\/03\/2022_08-Elina-Pokki-1-e1662114385403-768x769.jpg 768w, https:\/\/kuurojenliitto.fi\/yhdistyshuone\/wp-content\/uploads\/sites\/11\/2020\/03\/2022_08-Elina-Pokki-1-e1662114385403.jpg 1080w\" sizes=\"auto, (max-width: 800px) 100vw, 800px\" \/>    <\/figure><!-- .entry-header -->\n  <\/div>\n  <div class=\"entry-content w-3\/4 pr-4\">\n    <h3 class=\"mb-0 text-lg\">\n      <a href=\"https:\/\/kuurojenliitto.fi\/yhdistyshuone\/sv\/person\/elina-pokki\/\">Elina Pokki<\/a>\n    <\/h3>\n    <div class=\"mb-4 mt-0\">\n              <span class=\"text-gray-900 text-sm\">\n                          Verksamhetsledarens assistent                      <\/span>\n                <\/div>\n    <div class=\"flex flex-col text-gray-600 mt-1 text-sm items-start\">\n              <div class=\"flex flex-row-reverse\">\n          <div class=\"ml-2 text-xs\">\n                                                  <span class=\"sr-only\">Henkil\u00f6 ei ota vastaan puheluja<\/span>\n              <i class=\"sr-hide fas fa-fw fa-phone-slash mr-1\"><\/i>\n                                      <span class=\"sr-only\">Henkil\u00f6 ottaa vastaan tekstiviestej\u00e4<\/span>\n              <i class=\"sr-hide fas fa-fw fa-sms mr-1\"><\/i>\n                                      <span class=\"sr-only\">Henkil\u00f6 ottaa vastaan WhatsApp-viestej\u00e4, videoviestej\u00e4 ja videopuheluja<\/span>\n              <i class=\"sr-hide fab fa-fw fa-whatsapp mr-1\"><\/i>\n                                  <\/div>\n          <div><span class=\"sr-only\">Puhelinnumero: <\/span><a href=\"tel:+358 40 738 5089\"> +358 40 738 5089<\/a><\/div>\n        <\/div>\n\n                    <div><span class=\"sr-only\"><\/span><a\n            href=\"mailto:elina.pokki@kuurojenliitto.fi\">elina.pokki@kuurojenliitto.fi<\/a><\/div>\n                <\/div>\n\n      <\/div><!-- .entry-content -->\n        <div class=\"w-full mt-2 text-xs\">\n      <span class=\"sr-only\">Henkil\u00f6n vastuualue<\/span>\n              <a href=\"https:\/\/kuurojenliitto.fi\/yhdistyshuone\/sv\/ansvarsomr%C3%A5de\/styrelsens-sekreterare\/\">\n          <span class=\"bg-light py-px px-1 text-dark inline-block mr-1 mb-1\">\n            Styrelsens sekreterare          <\/span>\n        <\/a>\n          <\/div>\n  \n<\/div>\n                              \n            <\/aside>\n          \n\n      <\/div>\n    \n  \n<\/section>\n","protected":false},"excerpt":{"rendered":"<p>OBS! F\u00f6reningsdagarna 2024 har st\u00e4llts in p\u00e5 grund av den strejk som har utlysts f\u00f6r perioden 1\u20132.2. Vi kommer att vara i kontakt med alla som redan har anm\u00e4lt sig till evenemanget. Den planerade utvecklingsdagen&#8230;<\/p>\n","protected":false},"author":6,"featured_media":0,"parent":0,"menu_order":0,"comment_status":"closed","ping_status":"closed","template":"","meta":{"footnotes":""},"class_list":["post-6076","page","type-page","status-publish","hentry","px-4 sm:px-4 md:px-8 lg:px-12 xl:px-24"],"acf":[],"yoast_head":"<!-- This site is optimized with the Yoast SEO plugin v27.3 - https:\/\/yoast.com\/product\/yoast-seo-wordpress\/ -->\n<title>Inst\u00e4llt: F\u00f6reningsdagar 2024 - Yhdistyshuone<\/title>\n<meta name=\"robots\" content=\"index, follow, max-snippet:-1, max-image-preview:large, max-video-preview:-1\" \/>\n<link rel=\"canonical\" href=\"https:\/\/kuurojenliitto.fi\/yhdistyshuone\/sv\/foreningsdagar-2024\/\" \/>\n<meta property=\"og:locale\" content=\"fi_FI\" \/>\n<meta property=\"og:type\" content=\"article\" \/>\n<meta property=\"og:title\" content=\"Inst\u00e4llt: F\u00f6reningsdagar 2024 - Yhdistyshuone\" \/>\n<meta property=\"og:description\" content=\"OBS! F\u00f6reningsdagarna 2024 har st\u00e4llts in p\u00e5 grund av den strejk som har utlysts f\u00f6r perioden 1\u20132.2. Vi kommer att vara i kontakt med alla som redan har anm\u00e4lt sig till evenemanget. Den planerade utvecklingsdagen...\" \/>\n<meta property=\"og:url\" content=\"https:\/\/kuurojenliitto.fi\/yhdistyshuone\/sv\/foreningsdagar-2024\/\" \/>\n<meta property=\"og:site_name\" content=\"Yhdistyshuone\" \/>\n<meta property=\"article:modified_time\" content=\"2024-01-29T08:51:38+00:00\" \/>\n<meta name=\"twitter:card\" content=\"summary_large_image\" \/>\n<script type=\"application\/ld+json\" class=\"yoast-schema-graph\">{\"@context\":\"https:\\\/\\\/schema.org\",\"@graph\":[{\"@type\":\"WebPage\",\"@id\":\"https:\\\/\\\/kuurojenliitto.fi\\\/yhdistyshuone\\\/sv\\\/foreningsdagar-2024\\\/\",\"url\":\"https:\\\/\\\/kuurojenliitto.fi\\\/yhdistyshuone\\\/sv\\\/foreningsdagar-2024\\\/\",\"name\":\"Inst\u00e4llt: F\u00f6reningsdagar 2024 - Yhdistyshuone\",\"isPartOf\":{\"@id\":\"https:\\\/\\\/kuurojenliitto.fi\\\/yhdistyshuone\\\/#website\"},\"datePublished\":\"2023-11-08T14:18:34+00:00\",\"dateModified\":\"2024-01-29T08:51:38+00:00\",\"breadcrumb\":{\"@id\":\"https:\\\/\\\/kuurojenliitto.fi\\\/yhdistyshuone\\\/sv\\\/foreningsdagar-2024\\\/#breadcrumb\"},\"inLanguage\":\"fi\",\"potentialAction\":[{\"@type\":\"ReadAction\",\"target\":[\"https:\\\/\\\/kuurojenliitto.fi\\\/yhdistyshuone\\\/sv\\\/foreningsdagar-2024\\\/\"]}]},{\"@type\":\"BreadcrumbList\",\"@id\":\"https:\\\/\\\/kuurojenliitto.fi\\\/yhdistyshuone\\\/sv\\\/foreningsdagar-2024\\\/#breadcrumb\",\"itemListElement\":[{\"@type\":\"ListItem\",\"position\":1,\"name\":\"Ing\u00e5ngssida\",\"item\":\"https:\\\/\\\/kuurojenliitto.fi\\\/yhdistyshuone\\\/\"},{\"@type\":\"ListItem\",\"position\":2,\"name\":\"Inst\u00e4llt: F\u00f6reningsdagar 2024\"}]},{\"@type\":\"WebSite\",\"@id\":\"https:\\\/\\\/kuurojenliitto.fi\\\/yhdistyshuone\\\/#website\",\"url\":\"https:\\\/\\\/kuurojenliitto.fi\\\/yhdistyshuone\\\/\",\"name\":\"Yhdistyshuone\",\"description\":\"Uusi Kuurojen Liitto-sivustot -sivusto\",\"potentialAction\":[{\"@type\":\"SearchAction\",\"target\":{\"@type\":\"EntryPoint\",\"urlTemplate\":\"https:\\\/\\\/kuurojenliitto.fi\\\/yhdistyshuone\\\/?s={search_term_string}\"},\"query-input\":{\"@type\":\"PropertyValueSpecification\",\"valueRequired\":true,\"valueName\":\"search_term_string\"}}],\"inLanguage\":\"fi\"}]}<\/script>\n<!-- \/ Yoast SEO plugin. -->","yoast_head_json":{"title":"Inst\u00e4llt: F\u00f6reningsdagar 2024 - Yhdistyshuone","robots":{"index":"index","follow":"follow","max-snippet":"max-snippet:-1","max-image-preview":"max-image-preview:large","max-video-preview":"max-video-preview:-1"},"canonical":"https:\/\/kuurojenliitto.fi\/yhdistyshuone\/sv\/foreningsdagar-2024\/","og_locale":"fi_FI","og_type":"article","og_title":"Inst\u00e4llt: F\u00f6reningsdagar 2024 - Yhdistyshuone","og_description":"OBS! F\u00f6reningsdagarna 2024 har st\u00e4llts in p\u00e5 grund av den strejk som har utlysts f\u00f6r perioden 1\u20132.2. Vi kommer att vara i kontakt med alla som redan har anm\u00e4lt sig till evenemanget. Den planerade utvecklingsdagen...","og_url":"https:\/\/kuurojenliitto.fi\/yhdistyshuone\/sv\/foreningsdagar-2024\/","og_site_name":"Yhdistyshuone","article_modified_time":"2024-01-29T08:51:38+00:00","twitter_card":"summary_large_image","schema":{"@context":"https:\/\/schema.org","@graph":[{"@type":"WebPage","@id":"https:\/\/kuurojenliitto.fi\/yhdistyshuone\/sv\/foreningsdagar-2024\/","url":"https:\/\/kuurojenliitto.fi\/yhdistyshuone\/sv\/foreningsdagar-2024\/","name":"Inst\u00e4llt: F\u00f6reningsdagar 2024 - Yhdistyshuone","isPartOf":{"@id":"https:\/\/kuurojenliitto.fi\/yhdistyshuone\/#website"},"datePublished":"2023-11-08T14:18:34+00:00","dateModified":"2024-01-29T08:51:38+00:00","breadcrumb":{"@id":"https:\/\/kuurojenliitto.fi\/yhdistyshuone\/sv\/foreningsdagar-2024\/#breadcrumb"},"inLanguage":"fi","potentialAction":[{"@type":"ReadAction","target":["https:\/\/kuurojenliitto.fi\/yhdistyshuone\/sv\/foreningsdagar-2024\/"]}]},{"@type":"BreadcrumbList","@id":"https:\/\/kuurojenliitto.fi\/yhdistyshuone\/sv\/foreningsdagar-2024\/#breadcrumb","itemListElement":[{"@type":"ListItem","position":1,"name":"Ing\u00e5ngssida","item":"https:\/\/kuurojenliitto.fi\/yhdistyshuone\/"},{"@type":"ListItem","position":2,"name":"Inst\u00e4llt: F\u00f6reningsdagar 2024"}]},{"@type":"WebSite","@id":"https:\/\/kuurojenliitto.fi\/yhdistyshuone\/#website","url":"https:\/\/kuurojenliitto.fi\/yhdistyshuone\/","name":"Yhdistyshuone","description":"Uusi Kuurojen Liitto-sivustot -sivusto","potentialAction":[{"@type":"SearchAction","target":{"@type":"EntryPoint","urlTemplate":"https:\/\/kuurojenliitto.fi\/yhdistyshuone\/?s={search_term_string}"},"query-input":{"@type":"PropertyValueSpecification","valueRequired":true,"valueName":"search_term_string"}}],"inLanguage":"fi"}]}},"lang":"sv","translations":{"sv":6076,"fi":6070},"pll_sync_post":[],"_links":{"self":[{"href":"https:\/\/kuurojenliitto.fi\/yhdistyshuone\/wp-json\/wp\/v2\/pages\/6076","targetHints":{"allow":["GET"]}}],"collection":[{"href":"https:\/\/kuurojenliitto.fi\/yhdistyshuone\/wp-json\/wp\/v2\/pages"}],"about":[{"href":"https:\/\/kuurojenliitto.fi\/yhdistyshuone\/wp-json\/wp\/v2\/types\/page"}],"author":[{"embeddable":true,"href":"https:\/\/kuurojenliitto.fi\/yhdistyshuone\/wp-json\/wp\/v2\/users\/6"}],"replies":[{"embeddable":true,"href":"https:\/\/kuurojenliitto.fi\/yhdistyshuone\/wp-json\/wp\/v2\/comments?post=6076"}],"version-history":[{"count":36,"href":"https:\/\/kuurojenliitto.fi\/yhdistyshuone\/wp-json\/wp\/v2\/pages\/6076\/revisions"}],"predecessor-version":[{"id":6826,"href":"https:\/\/kuurojenliitto.fi\/yhdistyshuone\/wp-json\/wp\/v2\/pages\/6076\/revisions\/6826"}],"wp:attachment":[{"href":"https:\/\/kuurojenliitto.fi\/yhdistyshuone\/wp-json\/wp\/v2\/media?parent=6076"}],"curies":[{"name":"wp","href":"https:\/\/api.w.org\/{rel}","templated":true}]}}