{"id":4977,"date":"2022-11-25T16:59:34","date_gmt":"2022-11-25T14:59:34","guid":{"rendered":"https:\/\/kuurojenliitto.fi\/yhdistyshuone\/?page_id=4977"},"modified":"2023-05-24T17:30:14","modified_gmt":"2023-05-24T14:30:14","slug":"forbundsmotet-2023","status":"publish","type":"page","link":"https:\/\/kuurojenliitto.fi\/yhdistyshuone\/sv\/forbundsmotet-2023\/","title":{"rendered":"F\u00f6rbundsm\u00f6tet 2023"},"content":{"rendered":"\n\n<section id=\"column-block_ec66f82d902dcfc068d8b78a7cdeec8e\" class=\"section-default ingress px-4 sm:px-4 md:px-8 lg:px-12 xl:px-24\">\n    <div class=\"flex pb-4\">\n                      <div class=\"w-full text-lg\">\n                  <p>Finlands D\u00f6vas F\u00f6rbund rf:s styrelse har beslutat att det ordinarie f\u00f6rbundsm\u00f6tet 2023 h\u00e5lls i Jakobstad 10.6.2023<\/p>\n        <\/div>\n            \n    <\/div>\n\n<\/section>\n\n\n\n<section id=\"column-block_a513326cd952086dbb2a71a83740f409\" class=\"px-4 sm:px-4 md:px-8 lg:px-12 xl:px-24 section-default \">\n\n            <div class=\"relative py-4 gridder\">\n                        <div id=\"stickier\" class=\"b z-10 flex flex-row flex-wrap  mb-6 top-0 relative\">\n\n          <div class=\"x-tabs w-full\" x-data=\"{ activeTab: 0 }\">\n                    <div :class=\"{ 'hidden': activeTab !== 0 }\" tabindex=\"0\" role=\"tabpanel\" id=\"tab-0\" aria-labelledby=\"label-0\" class=\"bg-white\">\n                                        <button onclick=\"getSticky()\" class=\"bg-moss-500 hover:text-white text-dark w-16 h-16 hidden md:block md:absolute top-0 right-0 z-10\"><i class=\"fas fa-thumbtack fa-lg\"><\/i><br><span id=\"stickytext\">Kiinnit\u00e4<\/span><\/button>\n                                <div class=\"embed-container w-full\">\n    <iframe loading=\"lazy\" title=\"Liittokokouskutsu 2023\" width=\"640\" height=\"360\" src=\"https:\/\/www.youtube.com\/embed\/5D7CF0N7Jho?feature=oembed\" frameborder=\"0\" allow=\"accelerometer; autoplay; clipboard-write; encrypted-media; gyroscope; picture-in-picture; web-share\" referrerpolicy=\"strict-origin-when-cross-origin\" allowfullscreen><\/iframe>  <\/div>\n  <div class=\"w-full p-2 bg-light text-md\">\n        <div class=\"flex flex-row flex-wrap text-sm text-gray-800\">\n              <div class=\"w-full md:w-1\/3\">\n          <i class=\"far fa-clock mr-1 text-gray-500\"><\/i> Kesto: 01:58<\/div>\n      \n      <div class=\"w-full md:w-2\/3\">\n        <i class=\"fal fa-closed-captioning mr-1 text-gray-500\"><\/i>\n        Ei tekstityst\u00e4                  <div class=\"w-full\"><i class=\"fal fa-sign-language mr-1 text-gray-500\"><\/i>\n            Kieli:\n                                                          <span>Suomalainen viittomakieli<\/span>\n                          \n          <\/div>\n              <\/div>\n    <\/div>\n  <\/div>\n                                                <\/div>\n                                <\/div>\n\n                              <\/div>\n        \n          <div class=\"content entry-content bg-white p-8 lg:pr-20 a lg:mr-12 mb-3 shadow-xl hover:shadow-2xl\">\n            <h2>M\u00f6teskallelse<\/h2>\n<p>Finlands D\u00f6vas F\u00f6rbund rf:s styrelse kallar medlemsf\u00f6reningarna till stadgeenligt ordinarie f\u00f6rbundsm\u00f6te som h\u00e5lls 10.6.2023 p\u00e5 Optima, Tr\u00e4dg\u00e5rdsgatan 30, 68600 Jakobstad. F\u00f6rbundsm\u00f6tet inleds l\u00f6rdagen den 10 juni klockan 10.00 och avslutas senast klockan 18.00.<\/p>\n<p>M\u00f6tet behandlar \u00e4renden, som enligt f\u00f6rbundets stadgar \u00e5ligger ordinarie f\u00f6rbundsm\u00f6tet och som beretts av styrelsen, samt tills\u00e4tter ett valutskott f\u00f6r att bereda personvalen till det ordinarie f\u00f6rbundsm\u00f6tet 2024.<\/p>\n<p>R\u00f6str\u00e4tt p\u00e5 f\u00f6rbundsm\u00f6tet har de delegater som valts av medlemsf\u00f6reningarna. Av medlemsf\u00f6reningarna har d\u00f6vf\u00f6reningarna en (1) r\u00f6st var och dessutom en (1) till\u00e4ggsr\u00f6st f\u00f6r varje hundratal (100) medlemmar. \u00d6vriga medlemsf\u00f6reningar har en (1) r\u00f6st var.<\/p>\n<p>Medlemsf\u00f6reningens delegat ska f\u00f6rete sin fullmakt f\u00f6r granskning p\u00e5 m\u00f6tesplatsen vid angiven tid. Granskningen av fullmakter sker p\u00e5 m\u00f6tesplatsen l\u00f6rdagen den 10 juni klockan 9.00\u201310.00.<\/p>\n                          <div class=\"more-content\">\n                                                                                \n                <div class=\"readmore flex flex-row flex-wrap hidden\">\n                  <div class=\"readmore-content w-full hidden\"><\/div>\n                  <div class=\"readmore-btns\">\n                    <button class=\"text-center mt-4 readless-btn flex flex-row\">\n                      <span class=\"flex w-6 h-6 bg-dark text-white py-1 mr-2 text-center font-medium rounded-full uppercase tracking-widest\"><i class=\"pl-px fa fa-minus mx-auto\"><\/i><\/span>\n                      N\u00e4yt\u00e4 v\u00e4hemm\u00e4n                    <\/button>\n                  <\/div>\n                <\/div>\n\n              <\/div>\n                      <\/div>\n\n                      <aside class=\"c\">\n              \n                            <div class=\"border-l-4 border-color pl-4 mb-8\">\n\n                                  <h3 class=\"heading-lg text-2xl mb-2\">Material<\/h3>\n                \n                \n                                  <nav class=\"flex flex-col mt-4\">\n                    \n                      \n                                              <a class=\"border-t border-gray-200 text-gray-100 py-2\"\n                           href=\"https:\/\/kuurojenliitto.fi\/yhdistyshuone\/sv\/forbundsmotet-2023-material-for-representanter\/\"\n                           target=\"_self\"><i\n                            class=\"fal fa-angle-right fa-fw\"><\/i> F\u00f6rbundsm\u00f6tet 2023 material f\u00f6r representanter (l\u00f6senordsskyddad sida, l\u00f6senordet har skickats med post i f\u00f6rbundsm\u00f6tesmaterialet)                        <\/a>\n                      \n                                      <\/nav>\n                \n                              <\/div>\n              \n              \n            <\/aside>\n          \n\n      <\/div>\n    \n  \n<\/section>\n\n\n\n\n<section id=\"column-block_b81b2a8c2b43a72058cb32fc916e26a2\" class=\"section-default pt-0 pb-8 px-4 sm:px-4 md:px-8 lg:px-12 xl:px-24 bg-gray-100 big-card\">\n\n  \n  <div class=\"flex-row -mx-4\">\n\n    <article class=\"p-4 relative w-full\">\n      <div class=\"bg-white shadow-xl hover:shadow-2xl flex flex-col md:flex-row\">\n        <div class=\"big-card-image md:w-1\/2 flex\">\n                                                                              <article class=\"w-full p-4 relative youtube-iframe\">\n                        <div class=\"bg-white\">\n                            <figure class=\"relative w-full responsive-iframe\">\n                              <iframe loading=\"lazy\" title=\"Jakobstads Nejdens D\u00f6va rf 100-\u00e5r! Pietarsaaren Seudun Kuurot ry 100 vuotta!\" width=\"640\" height=\"360\" src=\"https:\/\/www.youtube.com\/embed\/v_FPjBL8OR8?feature=oembed\" frameborder=\"0\" allow=\"accelerometer; autoplay; clipboard-write; encrypted-media; gyroscope; picture-in-picture; web-share\" referrerpolicy=\"strict-origin-when-cross-origin\" allowfullscreen><\/iframe>                            <\/figure>\n                                                        <div class=\"flex flex-row flex-wrap px-4\">\n                                                              <div class=\"w-1\/2 md:w-1\/4\">\n                                  <i class=\"far fa-clock mr-1 text-gray-500\" aria-hidden=\"true\"><\/i>\n                                  <span class=\"sr-only\">Kesto: <\/span>02:46                                <\/div>\n                                                                                                                      <\/div>\n                            \n                                                                  <nav class=\"flex flex-col mt-4 px-4\">\n                                  \n                                    \n                                                                            <a class=\"flex flex-row items-center mb-2 leading-none heading-sm mt-6\" href=\"https:\/\/www.rosenlund.fi\/\" target=\"_blank\"><span class=\"w-8 h-8 bg-dark text-white p-2 mr-2 text-center font-medium rounded-full uppercase\"><i class=\"far fa-angle-right\"><\/i><\/span> Kolla in Rosenlunds pr\u00e4stg\u00e5rds hemsida<\/a>\n                                                                                                            \n                                                                    <\/nav>\n                                \n                        <\/div>\n                    <\/article>\n                                            <\/div>\n        <div class=\"md:w-1\/2 px-8 py-4\">\n                      <h3 class=\"mt-4 text-2xl leading-tight heading-lg\">I \u00e5r fyller Jakobstads Nejdens D\u00f6va rf 100-\u00e5r!<\/h3>\n                    <hr class=\"border-b-4 border-color w-24 my-5 mr-auto\"\/>\n                      <p>Vi hoppas ni vill fira tillsammans med oss. Fredag kv\u00e4ll 9 juni tr\u00e4ffas vi vid Rosenlunds pr\u00e4stg\u00e5rd i Jakobstad. <strong>Robin H\u00e4nninen<\/strong> och <strong>Elin Westerlund<\/strong> \u00e4r festv\u00e4rdar.<\/p>\n<p>Programmet ser ut s\u00e5 h\u00e4r:<\/p>\n<p>Vi tr\u00e4ffas vid Rosenlunds pr\u00e4stg\u00e5rd kl. 18.00. Det finns m\u00f6jlighet att g\u00e5 runt och se omkring p\u00e5 det vackra omr\u00e5det och inne i pr\u00e4stg\u00e5rden. Sj\u00e4lva programmet b\u00f6rjar kl. 18.30, och om v\u00e4dret till\u00e5ter \u00e4r vi utomhus. Efter v\u00e4lkomsth\u00e4lsningen ger jag och Elin en kort presentation av hur d\u00f6vundervisningen i Jakobstad b\u00f6rjade och d\u00f6vf\u00f6reningens historia och Solsand. F\u00f6reningen bjuder p\u00e5 kaffe och t\u00e5rta.<\/p>\n<p>Efter kaffet blir det utf\u00e4rd till Solsand, som \u00e4r f\u00f6reningens sommarst\u00e4lle, och en mycket viktig plats f\u00f6r f\u00f6reningens verksamhet. F\u00f6r de som beh\u00f6ver transport kommer det att ordnas gratis skjuts.<\/p>\n<p>Vid Solsand f\u00e5r vi njuta av grillad korv, kaffe och tilltugg som f\u00f6reningen bjuder p\u00e5 samt umg\u00e5s i trevlig milj\u00f6. Vid tiotiden p\u00e5 kv\u00e4llen avslutas festen och taxi\/buss \u00e5ker tillbaka till stan.<\/p>\n<p>Det finns tv\u00e5 olika s\u00e4tt att anm\u00e4la sig p\u00e5:<\/p>\n<ul>\n<li>Du som deltar i f\u00f6rbundetsm\u00f6tet: anv\u00e4nd det elektroniska formul\u00e4ret som du anm\u00e4ler dig till f\u00f6rbundsm\u00f6tet. Kom ig\u00e5ng att kruxa f\u00f6r m\u00e5ltider och transporter. Sista anm\u00e4lningsdagen \u00e4r 31.5.2023.<\/li>\n<li>Du som deltar bara p\u00e5 fredagens fest: skicka e-post till\u00a0 jnsdova@gmail.com eller sms till 050 5173740. Anm\u00e4lan till oss senast 4.6.<\/li>\n<\/ul>\n<p>I b\u00e5da anm\u00e4lan beh\u00f6ver du meddela om eventuella allergier.<\/p>\n<p>P\u00e5 l\u00f6rdag \u00e4r Solsand \u00f6ppet men inget program har ordnats, det f\u00e5r d\u00f6va sj\u00e4lv ordna om det finns intresse f\u00f6r s\u00e5dant. P\u00e5 l\u00f6rdag \u00e4r det m\u00f6jligt att bes\u00f6ka gravg\u00e5rden om n\u00e5gon vill se gravarna d\u00e4r tex Bjong och Arla Hell\u00f6re och d\u00f6vskolans l\u00e4rare \u00e4r begravda.<\/p>\n<p>Hj\u00e4rtligt v\u00e4lkomna till Jakobstad!<\/p>\n                            <\/div>\n      <\/div>\n    <\/article>\n  <\/div>\n\n  \n<\/section>\n\n\n\n\n<section id=\"column-block_4a0f548fb215aa994be4d8887f7c7393\" class=\"section-default pt-8 pb-8  px-4 sm:px-4 lg:px-12 xl:px-24 bg-gray-100 text-gray-900 title\">\n\n  \n    <div class=\"md:flex md:flex-row items-center\">\n\n      <div class=\"w-full md:w-2\/3\">\n        <h1 class=\"leading-tight heading-sm  text-2xl sm:text-3xl lg:text-4xl\">Nyheter om f\u00f6rbundsm\u00f6tet<\/h1>\n      <\/div>\n\n      <div class=\"w-full md:w-1\/3 md:text-right\">\n                  <a class=\"btn mt-4 md:mt-0 btn-dark  inline-block\" href=\"https:\/\/kuurojenliitto.fi\/yhdistyshuone\/ajankohtaista\/\" target=\"_self\">Alla nyheter<\/a>\n              <\/div>\n\n    <\/div>\n\n  \n\n<\/section>\n\n\n\n<section id=\"column-block_f158c322685ad4f67cd9ca52d6a4e477\"\n         class=\"section-default pt-4 pb-8 px-4 sm:px-4 md:px-8 lg:px-12 xl:px-24 bg-gray-100 cards\">\n    \n        <div class=\"flex flex-wrap flex-row -mx-4\">\n\n            \n                                                            \n<article class=\"w-full md:w-1\/3 p-4 relative\">\n  <div class=\"bg-white shadow-xl hover:shadow-2xl h-full \">\n    <figure class=\"relative imageratio\">\n                <img decoding=\"async\" src=\"https:\/\/kuurojenliitto.fi\/yhdistyshuone\/wp-content\/uploads\/sites\/11\/2025\/12\/Kevainen-Aurajoki_NETTIKOKO-1280x720.jpg\" class=\"w-full\">\n            <span class=\"bg-dark py-1 px-2 ml-2 absolute bottom-0 text-sm text-white\">\n      \tLiittokokous |       \t15.12.2025<\/span>\n    <\/figure>\n    <h2 class=\"py-3 px-4 leading-tight heading-sm text-lg\">\n      <a href=\"https:\/\/kuurojenliitto.fi\/yhdistyshuone\/ajankohtaista\/liittokokous-2026-jarjestetaan-6-6-turussa\/\">Liittokokous 2026 j\u00e4rjestet\u00e4\u00e4n 6.6. Turussa<\/a>\n      <div class=\"hidden play-button absolute z-10 pointer-events-none\"><i class=\"text-5xl text-white far fa-play-circle\"><\/i><\/div>\n    <\/h2>\n  <\/div>\n<\/article>\n                                            \n<article class=\"w-full md:w-1\/3 p-4 relative\">\n  <div class=\"bg-white shadow-xl hover:shadow-2xl h-full \">\n    <figure class=\"relative imageratio\">\n                <img decoding=\"async\" src=\"https:\/\/img.youtube.com\/vi\/-F_1HvgXccE\/mqdefault.jpg\" class=\"w-full\">\n            <span class=\"bg-dark py-1 px-2 ml-2 absolute bottom-0 text-sm text-white\">\n      \tLiittokokous |       \t23.5.2025<\/span>\n    <\/figure>\n    <h2 class=\"py-3 px-4 leading-tight heading-sm text-lg\">\n      <a href=\"https:\/\/kuurojenliitto.fi\/yhdistyshuone\/ajankohtaista\/tervetuloa-liittokokoukseen-ja-kehittamispaiville\/\">Tervetuloa liittokokoukseen ja kehitt\u00e4misp\u00e4iville!<\/a>\n      <div class=\"hidden play-button absolute z-10 pointer-events-none\"><i class=\"text-5xl text-white far fa-play-circle\"><\/i><\/div>\n    <\/h2>\n  <\/div>\n<\/article>\n                                            \n<article class=\"w-full md:w-1\/3 p-4 relative\">\n  <div class=\"bg-white shadow-xl hover:shadow-2xl h-full \">\n    <figure class=\"relative imageratio\">\n                <img decoding=\"async\" src=\"https:\/\/img.youtube.com\/vi\/ti1CToJfef0\/mqdefault.jpg\" class=\"w-full\">\n            <span class=\"bg-dark py-1 px-2 ml-2 absolute bottom-0 text-sm text-white\">\n      \tLiittokokous |       \t14.5.2025<\/span>\n    <\/figure>\n    <h2 class=\"py-3 px-4 leading-tight heading-sm text-lg\">\n      <a href=\"https:\/\/kuurojenliitto.fi\/yhdistyshuone\/ajankohtaista\/kuurojen-liiton-puheenjohtajapaneelin-tallenne\/\">Kuurojen Liiton puheenjohtajapaneelin tallenne<\/a>\n      <div class=\"hidden play-button absolute z-10 pointer-events-none\"><i class=\"text-5xl text-white far fa-play-circle\"><\/i><\/div>\n    <\/h2>\n  <\/div>\n<\/article>\n                                    \n            \n        <\/div>\n\n    \n<\/section>\n","protected":false},"excerpt":{"rendered":"<p>Kuurojen Liiton liittokokouksessa kes\u00e4kuussa 2025 valitaan uusi hallituksen puheenjohtaja seuraavaksi kolmeksi liittokokouskaudeksi. Hallituksen puheenjohtaja\u00a0Jaana Aaltonen\u00a0on erovuorossa vuonna 2025. Ehdolla uudeksi puheenjohtajaksi ovat Jaana Aaltonen ja\u00a0Salla Fagerstr\u00f6m. Kuurojen Liitto j\u00e4rjesti puheenjohtajapaneelin Zoomissa 14.5., ja ehdokkaita haastatteli&#8230;<\/p>\n","protected":false},"author":6,"featured_media":5830,"parent":0,"menu_order":0,"comment_status":"closed","ping_status":"closed","template":"","meta":{"footnotes":""},"class_list":["post-4977","page","type-page","status-publish","has-post-thumbnail","hentry","px-4 sm:px-4 md:px-8 lg:px-12 xl:px-24"],"acf":[],"yoast_head":"<!-- This site is optimized with the Yoast SEO plugin v27.1 - https:\/\/yoast.com\/product\/yoast-seo-wordpress\/ -->\n<title>F\u00f6rbundsm\u00f6tet 2023 - Yhdistyshuone<\/title>\n<meta name=\"robots\" content=\"index, follow, max-snippet:-1, max-image-preview:large, max-video-preview:-1\" \/>\n<link rel=\"canonical\" href=\"https:\/\/kuurojenliitto.fi\/yhdistyshuone\/sv\/forbundsmotet-2023\/\" \/>\n<meta property=\"og:locale\" content=\"fi_FI\" \/>\n<meta property=\"og:type\" content=\"article\" \/>\n<meta property=\"og:title\" content=\"F\u00f6rbundsm\u00f6tet 2023 - Yhdistyshuone\" \/>\n<meta property=\"og:description\" content=\"Kuurojen Liiton liittokokouksessa kes\u00e4kuussa 2025 valitaan uusi hallituksen puheenjohtaja seuraavaksi kolmeksi liittokokouskaudeksi. Hallituksen puheenjohtaja\u00a0Jaana Aaltonen\u00a0on erovuorossa vuonna 2025. Ehdolla uudeksi puheenjohtajaksi ovat Jaana Aaltonen ja\u00a0Salla Fagerstr\u00f6m. Kuurojen Liitto j\u00e4rjesti puheenjohtajapaneelin Zoomissa 14.5., ja ehdokkaita haastatteli...\" \/>\n<meta property=\"og:url\" content=\"https:\/\/kuurojenliitto.fi\/yhdistyshuone\/sv\/forbundsmotet-2023\/\" \/>\n<meta property=\"og:site_name\" content=\"Yhdistyshuone\" \/>\n<meta property=\"article:modified_time\" content=\"2023-05-24T14:30:14+00:00\" \/>\n<meta property=\"og:image\" content=\"https:\/\/kuurojenliitto.fi\/yhdistyshuone\/wp-content\/uploads\/sites\/11\/2023\/05\/mqdefault-6.jpg\" \/>\n\t<meta property=\"og:image:width\" content=\"320\" \/>\n\t<meta property=\"og:image:height\" content=\"180\" \/>\n\t<meta property=\"og:image:type\" content=\"image\/jpeg\" \/>\n<meta name=\"twitter:card\" content=\"summary_large_image\" \/>\n<script type=\"application\/ld+json\" class=\"yoast-schema-graph\">{\"@context\":\"https:\/\/schema.org\",\"@graph\":[{\"@type\":\"WebPage\",\"@id\":\"https:\/\/kuurojenliitto.fi\/yhdistyshuone\/sv\/forbundsmotet-2023\/\",\"url\":\"https:\/\/kuurojenliitto.fi\/yhdistyshuone\/sv\/forbundsmotet-2023\/\",\"name\":\"F\u00f6rbundsm\u00f6tet 2023 - Yhdistyshuone\",\"isPartOf\":{\"@id\":\"https:\/\/kuurojenliitto.fi\/yhdistyshuone\/#website\"},\"primaryImageOfPage\":{\"@id\":\"https:\/\/kuurojenliitto.fi\/yhdistyshuone\/sv\/forbundsmotet-2023\/#primaryimage\"},\"image\":{\"@id\":\"https:\/\/kuurojenliitto.fi\/yhdistyshuone\/sv\/forbundsmotet-2023\/#primaryimage\"},\"thumbnailUrl\":\"https:\/\/kuurojenliitto.fi\/yhdistyshuone\/wp-content\/uploads\/sites\/11\/2023\/05\/mqdefault-6.jpg\",\"datePublished\":\"2022-11-25T14:59:34+00:00\",\"dateModified\":\"2023-05-24T14:30:14+00:00\",\"breadcrumb\":{\"@id\":\"https:\/\/kuurojenliitto.fi\/yhdistyshuone\/sv\/forbundsmotet-2023\/#breadcrumb\"},\"inLanguage\":\"fi\",\"potentialAction\":[{\"@type\":\"ReadAction\",\"target\":[\"https:\/\/kuurojenliitto.fi\/yhdistyshuone\/sv\/forbundsmotet-2023\/\"]}]},{\"@type\":\"ImageObject\",\"inLanguage\":\"fi\",\"@id\":\"https:\/\/kuurojenliitto.fi\/yhdistyshuone\/sv\/forbundsmotet-2023\/#primaryimage\",\"url\":\"https:\/\/kuurojenliitto.fi\/yhdistyshuone\/wp-content\/uploads\/sites\/11\/2023\/05\/mqdefault-6.jpg\",\"contentUrl\":\"https:\/\/kuurojenliitto.fi\/yhdistyshuone\/wp-content\/uploads\/sites\/11\/2023\/05\/mqdefault-6.jpg\",\"width\":320,\"height\":180},{\"@type\":\"BreadcrumbList\",\"@id\":\"https:\/\/kuurojenliitto.fi\/yhdistyshuone\/sv\/forbundsmotet-2023\/#breadcrumb\",\"itemListElement\":[{\"@type\":\"ListItem\",\"position\":1,\"name\":\"Ing\u00e5ngssida\",\"item\":\"https:\/\/kuurojenliitto.fi\/yhdistyshuone\/\"},{\"@type\":\"ListItem\",\"position\":2,\"name\":\"F\u00f6rbundsm\u00f6tet 2023\"}]},{\"@type\":\"WebSite\",\"@id\":\"https:\/\/kuurojenliitto.fi\/yhdistyshuone\/#website\",\"url\":\"https:\/\/kuurojenliitto.fi\/yhdistyshuone\/\",\"name\":\"Yhdistyshuone\",\"description\":\"Uusi Kuurojen Liitto-sivustot -sivusto\",\"potentialAction\":[{\"@type\":\"SearchAction\",\"target\":{\"@type\":\"EntryPoint\",\"urlTemplate\":\"https:\/\/kuurojenliitto.fi\/yhdistyshuone\/?s={search_term_string}\"},\"query-input\":{\"@type\":\"PropertyValueSpecification\",\"valueRequired\":true,\"valueName\":\"search_term_string\"}}],\"inLanguage\":\"fi\"}]}<\/script>\n<!-- \/ Yoast SEO plugin. -->","yoast_head_json":{"title":"F\u00f6rbundsm\u00f6tet 2023 - Yhdistyshuone","robots":{"index":"index","follow":"follow","max-snippet":"max-snippet:-1","max-image-preview":"max-image-preview:large","max-video-preview":"max-video-preview:-1"},"canonical":"https:\/\/kuurojenliitto.fi\/yhdistyshuone\/sv\/forbundsmotet-2023\/","og_locale":"fi_FI","og_type":"article","og_title":"F\u00f6rbundsm\u00f6tet 2023 - Yhdistyshuone","og_description":"Kuurojen Liiton liittokokouksessa kes\u00e4kuussa 2025 valitaan uusi hallituksen puheenjohtaja seuraavaksi kolmeksi liittokokouskaudeksi. Hallituksen puheenjohtaja\u00a0Jaana Aaltonen\u00a0on erovuorossa vuonna 2025. Ehdolla uudeksi puheenjohtajaksi ovat Jaana Aaltonen ja\u00a0Salla Fagerstr\u00f6m. Kuurojen Liitto j\u00e4rjesti puheenjohtajapaneelin Zoomissa 14.5., ja ehdokkaita haastatteli...","og_url":"https:\/\/kuurojenliitto.fi\/yhdistyshuone\/sv\/forbundsmotet-2023\/","og_site_name":"Yhdistyshuone","article_modified_time":"2023-05-24T14:30:14+00:00","og_image":[{"width":320,"height":180,"url":"https:\/\/kuurojenliitto.fi\/yhdistyshuone\/wp-content\/uploads\/sites\/11\/2023\/05\/mqdefault-6.jpg","type":"image\/jpeg"}],"twitter_card":"summary_large_image","schema":{"@context":"https:\/\/schema.org","@graph":[{"@type":"WebPage","@id":"https:\/\/kuurojenliitto.fi\/yhdistyshuone\/sv\/forbundsmotet-2023\/","url":"https:\/\/kuurojenliitto.fi\/yhdistyshuone\/sv\/forbundsmotet-2023\/","name":"F\u00f6rbundsm\u00f6tet 2023 - Yhdistyshuone","isPartOf":{"@id":"https:\/\/kuurojenliitto.fi\/yhdistyshuone\/#website"},"primaryImageOfPage":{"@id":"https:\/\/kuurojenliitto.fi\/yhdistyshuone\/sv\/forbundsmotet-2023\/#primaryimage"},"image":{"@id":"https:\/\/kuurojenliitto.fi\/yhdistyshuone\/sv\/forbundsmotet-2023\/#primaryimage"},"thumbnailUrl":"https:\/\/kuurojenliitto.fi\/yhdistyshuone\/wp-content\/uploads\/sites\/11\/2023\/05\/mqdefault-6.jpg","datePublished":"2022-11-25T14:59:34+00:00","dateModified":"2023-05-24T14:30:14+00:00","breadcrumb":{"@id":"https:\/\/kuurojenliitto.fi\/yhdistyshuone\/sv\/forbundsmotet-2023\/#breadcrumb"},"inLanguage":"fi","potentialAction":[{"@type":"ReadAction","target":["https:\/\/kuurojenliitto.fi\/yhdistyshuone\/sv\/forbundsmotet-2023\/"]}]},{"@type":"ImageObject","inLanguage":"fi","@id":"https:\/\/kuurojenliitto.fi\/yhdistyshuone\/sv\/forbundsmotet-2023\/#primaryimage","url":"https:\/\/kuurojenliitto.fi\/yhdistyshuone\/wp-content\/uploads\/sites\/11\/2023\/05\/mqdefault-6.jpg","contentUrl":"https:\/\/kuurojenliitto.fi\/yhdistyshuone\/wp-content\/uploads\/sites\/11\/2023\/05\/mqdefault-6.jpg","width":320,"height":180},{"@type":"BreadcrumbList","@id":"https:\/\/kuurojenliitto.fi\/yhdistyshuone\/sv\/forbundsmotet-2023\/#breadcrumb","itemListElement":[{"@type":"ListItem","position":1,"name":"Ing\u00e5ngssida","item":"https:\/\/kuurojenliitto.fi\/yhdistyshuone\/"},{"@type":"ListItem","position":2,"name":"F\u00f6rbundsm\u00f6tet 2023"}]},{"@type":"WebSite","@id":"https:\/\/kuurojenliitto.fi\/yhdistyshuone\/#website","url":"https:\/\/kuurojenliitto.fi\/yhdistyshuone\/","name":"Yhdistyshuone","description":"Uusi Kuurojen Liitto-sivustot -sivusto","potentialAction":[{"@type":"SearchAction","target":{"@type":"EntryPoint","urlTemplate":"https:\/\/kuurojenliitto.fi\/yhdistyshuone\/?s={search_term_string}"},"query-input":{"@type":"PropertyValueSpecification","valueRequired":true,"valueName":"search_term_string"}}],"inLanguage":"fi"}]}},"lang":"sv","translations":{"sv":4977,"fi":4931},"pll_sync_post":[],"_links":{"self":[{"href":"https:\/\/kuurojenliitto.fi\/yhdistyshuone\/wp-json\/wp\/v2\/pages\/4977","targetHints":{"allow":["GET"]}}],"collection":[{"href":"https:\/\/kuurojenliitto.fi\/yhdistyshuone\/wp-json\/wp\/v2\/pages"}],"about":[{"href":"https:\/\/kuurojenliitto.fi\/yhdistyshuone\/wp-json\/wp\/v2\/types\/page"}],"author":[{"embeddable":true,"href":"https:\/\/kuurojenliitto.fi\/yhdistyshuone\/wp-json\/wp\/v2\/users\/6"}],"replies":[{"embeddable":true,"href":"https:\/\/kuurojenliitto.fi\/yhdistyshuone\/wp-json\/wp\/v2\/comments?post=4977"}],"version-history":[{"count":29,"href":"https:\/\/kuurojenliitto.fi\/yhdistyshuone\/wp-json\/wp\/v2\/pages\/4977\/revisions"}],"predecessor-version":[{"id":7112,"href":"https:\/\/kuurojenliitto.fi\/yhdistyshuone\/wp-json\/wp\/v2\/pages\/4977\/revisions\/7112"}],"wp:featuredmedia":[{"embeddable":true,"href":"https:\/\/kuurojenliitto.fi\/yhdistyshuone\/wp-json\/wp\/v2\/media\/5830"}],"wp:attachment":[{"href":"https:\/\/kuurojenliitto.fi\/yhdistyshuone\/wp-json\/wp\/v2\/media?parent=4977"}],"curies":[{"name":"wp","href":"https:\/\/api.w.org\/{rel}","templated":true}]}}