{"id":450,"date":"2020-02-04T15:38:27","date_gmt":"2020-02-04T13:38:27","guid":{"rendered":"https:\/\/kuurojenliitto.fi\/yhdistyshuone\/?page_id=450"},"modified":"2024-03-08T14:02:13","modified_gmt":"2024-03-08T12:02:13","slug":"ansiomitalit","status":"publish","type":"page","link":"https:\/\/kuurojenliitto.fi\/yhdistyshuone\/ansiomitalit\/","title":{"rendered":"Ansiomitalit"},"content":{"rendered":"\n<section id=\"column-block_a99896cc2df91364a4e4afc2a2ba1b4a\" class=\"px-4 sm:px-4 md:px-8 lg:px-12 xl:px-24 section-default \">\n\n            <div class=\"relative py-4 gridder\">\n                        <div id=\"stickier\" class=\"b z-10 flex flex-row flex-wrap  mb-6 top-0 relative\">\n\n          <div class=\"x-tabs w-full\" x-data=\"{ activeTab: 0 }\">\n                    <div :class=\"{ 'hidden': activeTab !== 0 }\" tabindex=\"0\" role=\"tabpanel\" id=\"tab-0\" aria-labelledby=\"label-0\" class=\"bg-white\">\n                                        <button onclick=\"getSticky()\" class=\"bg-moss-500 hover:text-white text-dark w-16 h-16 hidden md:block md:absolute top-0 right-0 z-10\"><i class=\"fas fa-thumbtack fa-lg\"><\/i><br><span id=\"stickytext\">Kiinnit\u00e4<\/span><\/button>\n                                <div class=\"embed-container w-full\">\n    <iframe loading=\"lazy\" title=\"Ansiomitalit\" width=\"640\" height=\"360\" src=\"https:\/\/www.youtube.com\/embed\/I8mtw93CmCM?feature=oembed\" frameborder=\"0\" allow=\"accelerometer; autoplay; clipboard-write; encrypted-media; gyroscope; picture-in-picture; web-share\" referrerpolicy=\"strict-origin-when-cross-origin\" allowfullscreen><\/iframe>  <\/div>\n  <div class=\"w-full p-2 bg-light text-md\">\n        <div class=\"flex flex-row flex-wrap text-sm text-gray-800\">\n              <div class=\"w-full md:w-1\/3\">\n          <i class=\"far fa-clock mr-1 text-gray-500\"><\/i> Kesto: 01:44<\/div>\n      \n      <div class=\"w-full md:w-2\/3\">\n        <i class=\"fal fa-closed-captioning mr-1 text-gray-500\"><\/i>\n        Ei tekstityst\u00e4                  <div class=\"w-full\"><i class=\"fal fa-sign-language mr-1 text-gray-500\"><\/i>\n            Kieli:\n                                                          <span>Suomalainen viittomakieli<\/span>\n                          \n          <\/div>\n              <\/div>\n    <\/div>\n  <\/div>\n                                                <\/div>\n                                <\/div>\n\n                              <\/div>\n        \n          <div class=\"content entry-content bg-white p-8 lg:pr-20 a lg:mr-12 mb-3 shadow-xl hover:shadow-2xl\">\n            <h2 class=\"article-title\">Kuurojen Liiton ansiomitalit<\/h2>\n<p>Kuurojen Liitto ry:n ansiomitalia on kolme eri arvoa:<\/p>\n<ul>\n<li>pronssinen ansiomitali<\/li>\n<li>hopeinen ansiomitali<\/li>\n<li>kultainen ansiomitali<\/li>\n<\/ul>\n<h2>Esit\u00e4 ansiomitalia<\/h2>\n<p>Ansiomitalit my\u00f6nnet\u00e4\u00e4n liiton hallituksen tai j\u00e4senyhdistyksen esityksest\u00e4 ja niiden my\u00f6nt\u00e4misest\u00e4 p\u00e4\u00e4tt\u00e4\u00e4 Kuurojen Liitto ry:n hallitus. My\u00f6nnetyist\u00e4 ansiomitaleista pidet\u00e4\u00e4n numeroitua luetteloa.<\/p>\n<p>Ulkomaalaiselle voidaan my\u00f6nt\u00e4\u00e4 hopeinen ansiomitali tai kultainen ansiomitali eritt\u00e4in ansiokkaasta toiminnasta kuurojen hyv\u00e4ksi.<\/p>\n                      <\/div>\n\n                      <aside class=\"c\">\n              \n                            <div class=\"border-l-4 border-color pl-4 mb-8\">\n\n                                  <h3 class=\"heading-lg text-2xl mb-2\">Lomakkeeseen:<\/h3>\n                \n                \n                                  <nav class=\"flex flex-col mt-4\">\n                    \n                      \n                                              <a class=\"border-t border-gray-200 text-gray-100 py-2\"\n                           href=\"https:\/\/kuurojenliitto.fi\/yhdistyshuone\/hae-yhdistystoimintamerkkia-tai-ansiomitalia\/\"\n                           target=\"_self\"><i\n                            class=\"fal fa-angle-right fa-fw\"><\/i> Esit\u00e4 ansiomitalia                        <\/a>\n                      \n                                      <\/nav>\n                \n                              <\/div>\n              \n              \n            <\/aside>\n          \n\n      <\/div>\n    \n  \n<\/section>\n\n\n\n<section id=\"column-block_a9cde5951fcc07b66808c7a73ecbb020\"\n         class=\"section-default pt-8 pb-8 px-4 sm:px-4 md:px-8 lg:px-12 xl:px-24 bg-moss-700 cards\">\n    \n                    <div class=\"flex flex-wrap md:flex-row -mx-4\">\n                \n                    <div class=\"w-full md:w-1\/3 p-4 relative\">\n                        <div class=\"bg-white shadow-xl hover:shadow-2xl h-full flex flex-col\">\n                            \n                                <figure class=\"relative imageratio \">\n                                    <img decoding=\"async\" src=\"https:\/\/kuurojenliitto.fi\/yhdistyshuone\/wp-content\/uploads\/sites\/11\/2020\/02\/pronssinen-mitali-1280x720.jpg\" alt=\"Kuva mitalista ruusujen ymp\u00e4r\u00f6im\u00e4n\u00e4\">\n                                <\/figure>\n                              \n                                                                                    <div class=\"py-3 px-4\">\n                                \n                                                                    <h3 class=\"py-3 leading-tight  text-xl \">Pronssinen ansiomitali<\/h3>\n                                                                            <hr class=\"border-b-4 border-color w-24 mb-5 mr-auto\"\/>                                                                <div class=\"content\">\n                                                                    <p>Pronssinen ansiomitali my\u00f6nnet\u00e4\u00e4n<\/p>\n<ul>\n<li>toimimisesta yhdistyksen johtokunnassa v\u00e4hint\u00e4\u00e4n 20 vuoden ajan, joista 8 vuoden tulee olla vastuullisessa teht\u00e4v\u00e4ss\u00e4 (puheenjohtajana, sihteerin\u00e4 tai rahastonhoitajana),<\/li>\n<li>henkil\u00f6lle, joka ansiokkaasti ja uhrautuvasti on muulla tavoin toiminut vastaavan ajan yhdistyksen piiriss\u00e4 tai on muulla tavoin ansioitunut kuurojen hyv\u00e4ksi toimimisesta tai toimimisesta Kuurojen Liiton hallituksessa 9 vuoden ajan.<\/li>\n<\/ul>\n                                                                <\/div>\n                            <\/div>\n                                                                                <\/div>\n                    <\/div>\n\n                \n                    <div class=\"w-full md:w-1\/3 p-4 relative\">\n                        <div class=\"bg-white shadow-xl hover:shadow-2xl h-full flex flex-col\">\n                            \n                                <figure class=\"relative imageratio \">\n                                    <img decoding=\"async\" src=\"https:\/\/kuurojenliitto.fi\/yhdistyshuone\/wp-content\/uploads\/sites\/11\/2020\/02\/hopeinen-mitali-1280x720.jpg\" alt=\"Kuva mitalista ruusujen ymp\u00e4r\u00f6im\u00e4n\u00e4\">\n                                <\/figure>\n                              \n                                                                                    <div class=\"py-3 px-4\">\n                                \n                                                                    <h3 class=\"py-3 leading-tight  text-xl \">Hopeinen ansiomitali<\/h3>\n                                                                            <hr class=\"border-b-4 border-color w-24 mb-5 mr-auto\"\/>                                                                <div class=\"content\">\n                                                                    <p>Hopeinen ansiomitali my\u00f6nnet\u00e4\u00e4n henkil\u00f6lle, jolle on my\u00f6nnetty pronssinen ansiomitali, toimimisesta Suomen kuurojen hyv\u00e4ksi eritt\u00e4in ansiokkaasti yhdistysten ja liiton piiriss\u00e4.<\/p>\n                                                                <\/div>\n                            <\/div>\n                                                                                <\/div>\n                    <\/div>\n\n                \n                    <div class=\"w-full md:w-1\/3 p-4 relative\">\n                        <div class=\"bg-white shadow-xl hover:shadow-2xl h-full flex flex-col\">\n                            \n                                <figure class=\"relative imageratio \">\n                                    <img decoding=\"async\" src=\"https:\/\/kuurojenliitto.fi\/yhdistyshuone\/wp-content\/uploads\/sites\/11\/2020\/02\/kultainen-mitali-1280x720.jpg\" alt=\"Kuva mitalista ruusujen ymp\u00e4r\u00f6im\u00e4n\u00e4\">\n                                <\/figure>\n                              \n                                                                                    <div class=\"py-3 px-4\">\n                                \n                                                                    <h3 class=\"py-3 leading-tight  text-xl \">Kultainen ansiomitali<\/h3>\n                                                                            <hr class=\"border-b-4 border-color w-24 mb-5 mr-auto\"\/>                                                                <div class=\"content\">\n                                                                    <p>Kultainen ansiomitali my\u00f6nnet\u00e4\u00e4n tunnustukseksi erityisen ansiokkaasta toiminnasta Kuurojen Liiton ja Suomen kuurojen hyv\u00e4ksi.<\/p>\n                                                                <\/div>\n                            <\/div>\n                                                                                <\/div>\n                    <\/div>\n\n                \n            <\/div>\n        \n    \n<\/section>\n\n\n\n\n<section id=\"column-block_847a6c692dfedeb341032fd8c02f3922\" class=\"section-default pt-8 pb-8 px-4 sm:px-4 md:px-8 lg:px-12 xl:px-24 bg-gray-100 big-card\">\n\n  \n  <div class=\"flex-row -mx-4\">\n\n    <article class=\"p-4 relative w-full\">\n      <div class=\"bg-white shadow-xl hover:shadow-2xl flex flex-col md:flex-row\">\n        <div class=\"big-card-image md:w-1\/2 flex\">\n              <img decoding=\"async\" src=\"https:\/\/kuurojenliitto.fi\/yhdistyshuone\/wp-content\/uploads\/sites\/11\/2020\/02\/hopeinen-merkki-1280x720.jpg\" class=\"object-cover\">\n        <\/div>\n        <div class=\"md:w-1\/2 px-8 py-4\">\n                      <h3 class=\"mt-4 text-2xl leading-tight heading-lg\">Katso my\u00f6s yhdistystoimintamerkit<\/h3>\n                    \n                    \n                          <nav class=\"flex flex-col mt-4\">\n              \n                \n                                    <a class=\"flex flex-row items-center mb-2 leading-none heading-sm mt-6\" href=\"https:\/\/kuurojenliitto.fi\/yhdistyshuone\/yhdistystoimintamerkit\/\" target=\"_self\"><span class=\"w-8 h-8 bg-dark text-white p-2 mr-2 text-center font-medium rounded-full uppercase\"><i class=\"far fa-angle-right\"><\/i><\/span>Yhdistystoimintamerkit<\/a>\n                                                \n                            <\/nav>\n                              <\/div>\n      <\/div>\n    <\/article>\n  <\/div>\n\n  \n<\/section>\n","protected":false},"excerpt":{"rendered":"<p>Kiinnit\u00e4 Kesto: 01:44 Ei tekstityst\u00e4 Kieli: Suomalainen viittomakieli Kuurojen Liiton ansiomitalit Kuurojen Liitto ry:n ansiomitalia on kolme eri arvoa: pronssinen ansiomitali hopeinen ansiomitali kultainen ansiomitali Esit\u00e4 ansiomitalia Ansiomitalit my\u00f6nnet\u00e4\u00e4n liiton hallituksen tai j\u00e4senyhdistyksen esityksest\u00e4 ja&#8230;<\/p>\n","protected":false},"author":7,"featured_media":0,"parent":0,"menu_order":0,"comment_status":"closed","ping_status":"closed","template":"","meta":{"footnotes":""},"class_list":["post-450","page","type-page","status-publish","hentry","px-4 sm:px-4 md:px-8 lg:px-12 xl:px-24"],"acf":[],"yoast_head":"<!-- This site is optimized with the Yoast SEO plugin v27.3 - https:\/\/yoast.com\/product\/yoast-seo-wordpress\/ -->\n<title>Ansiomitalit - Yhdistyshuone<\/title>\n<meta name=\"robots\" content=\"index, follow, max-snippet:-1, max-image-preview:large, max-video-preview:-1\" \/>\n<link rel=\"canonical\" href=\"https:\/\/kuurojenliitto.fi\/yhdistyshuone\/ansiomitalit\/\" \/>\n<meta property=\"og:locale\" content=\"fi_FI\" \/>\n<meta property=\"og:type\" content=\"article\" \/>\n<meta property=\"og:title\" content=\"Ansiomitalit - Yhdistyshuone\" \/>\n<meta property=\"og:description\" content=\"Kiinnit\u00e4 Kesto: 01:44 Ei tekstityst\u00e4 Kieli: Suomalainen viittomakieli Kuurojen Liiton ansiomitalit Kuurojen Liitto ry:n ansiomitalia on kolme eri arvoa: pronssinen ansiomitali hopeinen ansiomitali kultainen ansiomitali Esit\u00e4 ansiomitalia Ansiomitalit my\u00f6nnet\u00e4\u00e4n liiton hallituksen tai j\u00e4senyhdistyksen esityksest\u00e4 ja...\" \/>\n<meta property=\"og:url\" content=\"https:\/\/kuurojenliitto.fi\/yhdistyshuone\/ansiomitalit\/\" \/>\n<meta property=\"og:site_name\" content=\"Yhdistyshuone\" \/>\n<meta property=\"article:modified_time\" content=\"2024-03-08T12:02:13+00:00\" \/>\n<meta name=\"twitter:card\" content=\"summary_large_image\" \/>\n<script type=\"application\/ld+json\" class=\"yoast-schema-graph\">{\"@context\":\"https:\\\/\\\/schema.org\",\"@graph\":[{\"@type\":\"WebPage\",\"@id\":\"https:\\\/\\\/kuurojenliitto.fi\\\/yhdistyshuone\\\/ansiomitalit\\\/\",\"url\":\"https:\\\/\\\/kuurojenliitto.fi\\\/yhdistyshuone\\\/ansiomitalit\\\/\",\"name\":\"Ansiomitalit - Yhdistyshuone\",\"isPartOf\":{\"@id\":\"https:\\\/\\\/kuurojenliitto.fi\\\/yhdistyshuone\\\/#website\"},\"datePublished\":\"2020-02-04T13:38:27+00:00\",\"dateModified\":\"2024-03-08T12:02:13+00:00\",\"breadcrumb\":{\"@id\":\"https:\\\/\\\/kuurojenliitto.fi\\\/yhdistyshuone\\\/ansiomitalit\\\/#breadcrumb\"},\"inLanguage\":\"fi\",\"potentialAction\":[{\"@type\":\"ReadAction\",\"target\":[\"https:\\\/\\\/kuurojenliitto.fi\\\/yhdistyshuone\\\/ansiomitalit\\\/\"]}]},{\"@type\":\"BreadcrumbList\",\"@id\":\"https:\\\/\\\/kuurojenliitto.fi\\\/yhdistyshuone\\\/ansiomitalit\\\/#breadcrumb\",\"itemListElement\":[{\"@type\":\"ListItem\",\"position\":1,\"name\":\"Ing\u00e5ngssida\",\"item\":\"https:\\\/\\\/kuurojenliitto.fi\\\/yhdistyshuone\\\/\"},{\"@type\":\"ListItem\",\"position\":2,\"name\":\"Ansiomitalit\"}]},{\"@type\":\"WebSite\",\"@id\":\"https:\\\/\\\/kuurojenliitto.fi\\\/yhdistyshuone\\\/#website\",\"url\":\"https:\\\/\\\/kuurojenliitto.fi\\\/yhdistyshuone\\\/\",\"name\":\"Yhdistyshuone\",\"description\":\"Uusi Kuurojen Liitto-sivustot -sivusto\",\"potentialAction\":[{\"@type\":\"SearchAction\",\"target\":{\"@type\":\"EntryPoint\",\"urlTemplate\":\"https:\\\/\\\/kuurojenliitto.fi\\\/yhdistyshuone\\\/?s={search_term_string}\"},\"query-input\":{\"@type\":\"PropertyValueSpecification\",\"valueRequired\":true,\"valueName\":\"search_term_string\"}}],\"inLanguage\":\"fi\"}]}<\/script>\n<!-- \/ Yoast SEO plugin. -->","yoast_head_json":{"title":"Ansiomitalit - Yhdistyshuone","robots":{"index":"index","follow":"follow","max-snippet":"max-snippet:-1","max-image-preview":"max-image-preview:large","max-video-preview":"max-video-preview:-1"},"canonical":"https:\/\/kuurojenliitto.fi\/yhdistyshuone\/ansiomitalit\/","og_locale":"fi_FI","og_type":"article","og_title":"Ansiomitalit - Yhdistyshuone","og_description":"Kiinnit\u00e4 Kesto: 01:44 Ei tekstityst\u00e4 Kieli: Suomalainen viittomakieli Kuurojen Liiton ansiomitalit Kuurojen Liitto ry:n ansiomitalia on kolme eri arvoa: pronssinen ansiomitali hopeinen ansiomitali kultainen ansiomitali Esit\u00e4 ansiomitalia Ansiomitalit my\u00f6nnet\u00e4\u00e4n liiton hallituksen tai j\u00e4senyhdistyksen esityksest\u00e4 ja...","og_url":"https:\/\/kuurojenliitto.fi\/yhdistyshuone\/ansiomitalit\/","og_site_name":"Yhdistyshuone","article_modified_time":"2024-03-08T12:02:13+00:00","twitter_card":"summary_large_image","schema":{"@context":"https:\/\/schema.org","@graph":[{"@type":"WebPage","@id":"https:\/\/kuurojenliitto.fi\/yhdistyshuone\/ansiomitalit\/","url":"https:\/\/kuurojenliitto.fi\/yhdistyshuone\/ansiomitalit\/","name":"Ansiomitalit - Yhdistyshuone","isPartOf":{"@id":"https:\/\/kuurojenliitto.fi\/yhdistyshuone\/#website"},"datePublished":"2020-02-04T13:38:27+00:00","dateModified":"2024-03-08T12:02:13+00:00","breadcrumb":{"@id":"https:\/\/kuurojenliitto.fi\/yhdistyshuone\/ansiomitalit\/#breadcrumb"},"inLanguage":"fi","potentialAction":[{"@type":"ReadAction","target":["https:\/\/kuurojenliitto.fi\/yhdistyshuone\/ansiomitalit\/"]}]},{"@type":"BreadcrumbList","@id":"https:\/\/kuurojenliitto.fi\/yhdistyshuone\/ansiomitalit\/#breadcrumb","itemListElement":[{"@type":"ListItem","position":1,"name":"Ing\u00e5ngssida","item":"https:\/\/kuurojenliitto.fi\/yhdistyshuone\/"},{"@type":"ListItem","position":2,"name":"Ansiomitalit"}]},{"@type":"WebSite","@id":"https:\/\/kuurojenliitto.fi\/yhdistyshuone\/#website","url":"https:\/\/kuurojenliitto.fi\/yhdistyshuone\/","name":"Yhdistyshuone","description":"Uusi Kuurojen Liitto-sivustot -sivusto","potentialAction":[{"@type":"SearchAction","target":{"@type":"EntryPoint","urlTemplate":"https:\/\/kuurojenliitto.fi\/yhdistyshuone\/?s={search_term_string}"},"query-input":{"@type":"PropertyValueSpecification","valueRequired":true,"valueName":"search_term_string"}}],"inLanguage":"fi"}]}},"lang":"fi","translations":{"fi":450,"sv":741},"pll_sync_post":[],"_links":{"self":[{"href":"https:\/\/kuurojenliitto.fi\/yhdistyshuone\/wp-json\/wp\/v2\/pages\/450","targetHints":{"allow":["GET"]}}],"collection":[{"href":"https:\/\/kuurojenliitto.fi\/yhdistyshuone\/wp-json\/wp\/v2\/pages"}],"about":[{"href":"https:\/\/kuurojenliitto.fi\/yhdistyshuone\/wp-json\/wp\/v2\/types\/page"}],"author":[{"embeddable":true,"href":"https:\/\/kuurojenliitto.fi\/yhdistyshuone\/wp-json\/wp\/v2\/users\/7"}],"replies":[{"embeddable":true,"href":"https:\/\/kuurojenliitto.fi\/yhdistyshuone\/wp-json\/wp\/v2\/comments?post=450"}],"version-history":[{"count":26,"href":"https:\/\/kuurojenliitto.fi\/yhdistyshuone\/wp-json\/wp\/v2\/pages\/450\/revisions"}],"predecessor-version":[{"id":6886,"href":"https:\/\/kuurojenliitto.fi\/yhdistyshuone\/wp-json\/wp\/v2\/pages\/450\/revisions\/6886"}],"wp:attachment":[{"href":"https:\/\/kuurojenliitto.fi\/yhdistyshuone\/wp-json\/wp\/v2\/media?parent=450"}],"curies":[{"name":"wp","href":"https:\/\/api.w.org\/{rel}","templated":true}]}}