{"id":44,"date":"2020-02-17T11:32:41","date_gmt":"2020-02-17T09:32:41","guid":{"rendered":"https:\/\/yhdistyshuone.kuurojenliitto.fi\/?page_id=44"},"modified":"2024-10-15T10:24:54","modified_gmt":"2024-10-15T07:24:54","slug":"vaalivaliokunta","status":"publish","type":"page","link":"https:\/\/kuurojenliitto.fi\/yhdistyshuone\/vaalivaliokunta\/","title":{"rendered":"Vaalivaliokunta"},"content":{"rendered":"\n\n<section id=\"column-block_097b8ecdf54f0e9021f2915da0d69df1\" class=\"section-default ingress px-4 sm:px-4 md:px-8 lg:px-12 xl:px-24\">\n    <div class=\"flex pb-4\">\n                      <div class=\"w-full text-lg\">\n                  <p>Vaalivaliokunta valmistelee ja tekee Kuurojen Liitto ry:n liittokokoukselle esityksen henkil\u00f6valinnoista.<\/p>\n        <\/div>\n            \n    <\/div>\n\n<\/section>\n\n\n\n<section id=\"column-block_0c08bc3f31ed2cf9856fff0892992283\" class=\"px-4 sm:px-4 md:px-8 lg:px-12 xl:px-24 section-default \">\n\n            <div class=\"relative py-4 gridder\">\n                        <div id=\"stickier\" class=\"b z-10 flex flex-row flex-wrap  mb-6 top-0 relative\">\n\n          <div class=\"x-tabs w-full\" x-data=\"{ activeTab: 0 }\">\n                    <div :class=\"{ 'hidden': activeTab !== 0 }\" tabindex=\"0\" role=\"tabpanel\" id=\"tab-0\" aria-labelledby=\"label-0\" class=\"bg-white\">\n                                        <button onclick=\"getSticky()\" class=\"bg-moss-500 hover:text-white text-dark w-16 h-16 hidden md:block md:absolute top-0 right-0 z-10\"><i class=\"fas fa-thumbtack fa-lg\"><\/i><br><span id=\"stickytext\">Kiinnit\u00e4<\/span><\/button>\n                                <div class=\"embed-container w-full\">\n    <iframe loading=\"lazy\" title=\"Vaalivaliokunnan teht\u00e4v\u00e4t ja ehdokasasettelu\" width=\"640\" height=\"360\" src=\"https:\/\/www.youtube.com\/embed\/vLHtJVdxoQU?feature=oembed\" frameborder=\"0\" allow=\"accelerometer; autoplay; clipboard-write; encrypted-media; gyroscope; picture-in-picture; web-share\" referrerpolicy=\"strict-origin-when-cross-origin\" allowfullscreen><\/iframe>  <\/div>\n  <div class=\"w-full p-2 bg-light text-md\">\n        <div class=\"flex flex-row flex-wrap text-sm text-gray-800\">\n              <div class=\"w-full md:w-1\/3\">\n          <i class=\"far fa-clock mr-1 text-gray-500\"><\/i> Kesto: 04:44<\/div>\n      \n      <div class=\"w-full md:w-2\/3\">\n        <i class=\"fal fa-closed-captioning mr-1 text-gray-500\"><\/i>\n        Ei tekstityst\u00e4                  <div class=\"w-full\"><i class=\"fal fa-sign-language mr-1 text-gray-500\"><\/i>\n            Kieli:\n                                                          <span>Suomalainen viittomakieli, <\/span>\n                                              <span>Suomenruotsalainen viittomakieli<\/span>\n                          \n          <\/div>\n              <\/div>\n    <\/div>\n  <\/div>\n                                                <\/div>\n                                <\/div>\n\n                              <\/div>\n        \n          <div class=\"content entry-content bg-white p-8 lg:pr-20 a lg:mr-12 mb-3 shadow-xl hover:shadow-2xl\">\n            <p>Toimintaohje (ks. oheinen liite) on hyv\u00e4ksytty Kuurojen Liitto ry:n liittokokouksessa 19.9.2020. Se korvaa aikaisemman, 13.6.2010 hyv\u00e4ksytyn toimintaohjeen.<\/p>\n<p>Toimintaohjetta voidaan muuttaa liittokokouksen p\u00e4\u00e4t\u00f6ksell\u00e4, jos asiasta on ilmoitettu kokouskutsussa.<\/p>\n<h2>Vaalivaliokunta 2024-2025<\/h2>\n<p>Vaalivaliokuntaan valittiin liittokokouksessa uudelleen\u00a0<strong>Julia Sm\u00e5roos<\/strong>,\u00a0<strong>Annastiina Hellsten<\/strong>\u00a0ja\u00a0<strong>Merja Lepp\u00e4nen<\/strong>. Jatkavat j\u00e4senet ovat <strong>Brita Peura<\/strong>,\u00a0<strong>Piia Pyhtinen<\/strong>\u00a0ja\u00a0<strong>Hanna Tuomaala<\/strong>.<\/p>\n                      <\/div>\n\n                      <aside class=\"c\">\n                              <div class=\"flex flex-col mt-4 mb-4\">\n                                                          <div class=\"flex flex-row bg-white shadow-xl hover:shadow-2xl h-full mb-4\">\n                                            <figure class=\"relative w-1\/4 bg-cover flex-1 bg-center\" style=\"background-image: url('https:\/\/kuurojenliitto.fi\/yhdistyshuone\/wp-content\/uploads\/sites\/11\/2023\/11\/web-9763-768x512-1.jpg');\">\n                                              <\/figure>\n\n                      <div class=\"w-3\/4 p-4\">\n                      \n                        <h2 class=\"pb-3 leading-tight heading-sm text-lg\"><\/h2>\n                        <div><\/div>\n                                                  <a class=\"flex flex-row items-center mb-2 leading-none heading-sm mt-6\" href=\"https:\/\/kuurojenliitto.fi\/yhdistyshuone\/ehdokasasettelu-kuurojen-liitto-ryn-liittokokouksessa-2024\/\" target=\"_self\"><span class=\"w-6 h-6 bg-dark text-white px-2 py-1 mr-2 text-center font-medium rounded-full uppercase tracking-widest\">><\/span>Ehdokasasettelu Kuurojen Liitto ry:n liittokokouksessa 2024<\/a>\n                                                                                              <\/div>\n                    <\/div>\n                                  <\/div>\n              \n                            <div class=\"border-l-4 border-color pl-4 mb-8\">\n\n                                  <h3 class=\"heading-lg text-2xl mb-2\">Toimintaohje<\/h3>\n                \n                \n                \n                                  <nav class=\"flex flex-col\">\n                    \n                      \n                                              <a class=\"border-t border-gray-200 py-2\"\n                           href=\"https:\/\/kuurojenliitto.fi\/yhdistyshuone\/wp-content\/uploads\/sites\/11\/2024\/09\/Vaalivaliokunnan-toimintaohje-2024_FINAL.pdf\"><i\n                            class=\"fa fa-file fa-fw\"><\/i> Vaalivaliokunnan toimintaohje                        <\/a>\n                      \n                                      <\/nav>\n                              <\/div>\n              \n              \n            <\/aside>\n          \n\n      <\/div>\n    \n  \n<\/section>\n\n\n\n\n<section id=\"column-block_4281285249cbf4e9d6c7bb49a836d452\" class=\"section-default pt-8 pb-0  px-4 sm:px-4 lg:px-12 xl:px-24 bg-moss-700 text-white title\">\n\n  \n    <h1 class=\"leading-tight text-white  text-2xl sm:text-3xl lg:text-4xl\">Tutustu my\u00f6s n\u00e4ihin sivuihin<\/h1>\n\n  \n\n<\/section>\n\n\n\n<section id=\"column-block_c12449af4c4894d535d525ddb9aa40ac\"\n         class=\"section-default pt-0 pb-0 px-4 sm:px-4 md:px-8 lg:px-12 xl:px-24 bg-moss-700 cards\">\n    \n                    <div class=\"flex flex-wrap md:flex-row -mx-4\">\n                \n                    <div class=\"w-full md:w-1\/2 p-4 relative\">\n                        <div class=\"bg-white shadow-xl hover:shadow-2xl h-full flex flex-col\">\n                            \n                                <figure class=\"relative imageratio \">\n                                    <img decoding=\"async\" src=\"https:\/\/kuurojenliitto.fi\/yhdistyshuone\/wp-content\/uploads\/sites\/11\/2023\/11\/web-9758-1280x720.jpg\" alt=\"\">\n                                <\/figure>\n                              \n                                                                                    <div class=\"py-3 px-4\">\n                                \n                                                                    <h3 class=\"py-3 leading-tight  text-xl \">Liittokokous<\/h3>\n                                                                                                    <div class=\"content\">\n                                                                <\/div>\n                            <\/div>\n                                                                                                                                                        <div class=\"py-3 px-4 mt-auto\">\n                                \n                                                                    \n                                        \n                                                                                        <a class=\"btn btn-dark inline-block mb-3\"\n                                               href=\"https:\/\/kuurojenliitto.fi\/yhdistyshuone\/liittokokous-2024\/\"\n                                               target=\"_self\">Liittokokous 2024<\/a>\n                                                                                                                        \n                                                                                                <\/div>\n                                                    <\/div>\n                    <\/div>\n\n                \n                    <div class=\"w-full md:w-1\/2 p-4 relative\">\n                        <div class=\"bg-white shadow-xl hover:shadow-2xl h-full flex flex-col\">\n                            \n                                <figure class=\"relative imageratio \">\n                                    <img decoding=\"async\" src=\"https:\/\/kuurojenliitto.fi\/yhdistyshuone\/wp-content\/uploads\/sites\/11\/2023\/11\/web-9763-768x512-1.jpg\" alt=\"Kuurojen Liiton hallitus riviss\u00e4.\">\n                                <\/figure>\n                              \n                                                                                                                                                                                    <div class=\"py-3 px-4 mt-auto\">\n                                \n                                                                    \n                                        \n                                                                                        <a class=\"btn btn-dark inline-block mb-3\"\n                                               href=\"https:\/\/kuurojenliitto.fi\/yhdistyshuone\/ehdokasasettelu-kuurojen-liitto-ryn-liittokokouksessa-2024\/\"\n                                               target=\"_self\">Ehdokasasettelu Kuurojen Liitto ry:n liittokokouksessa 2024<\/a>\n                                                                                                                        \n                                                                                                <\/div>\n                                                    <\/div>\n                    <\/div>\n\n                \n            <\/div>\n        \n    \n<\/section>\n\n\n\n\n<section id=\"column-block_05de4f20ab376f054764bce9dcdcedb0\" class=\"section-default pt-8 pb-0  px-4 sm:px-4 lg:px-12 xl:px-24 bg-gray-100 text-gray-900 title\">\n\n  \n    <div class=\"md:flex md:flex-row items-center\">\n\n      <div class=\"w-full md:w-2\/3\">\n        <h1 class=\"leading-tight heading-sm  text-2xl sm:text-3xl lg:text-4xl\">Liittokokousuutisia<\/h1>\n      <\/div>\n\n      <div class=\"w-full md:w-1\/3 md:text-right\">\n                  <a class=\"btn mt-4 md:mt-0 btn-dark  inline-block\" href=\"https:\/\/kuurojenliitto.fi\/yhdistyshuone\/ajankohtaista\/\" target=\"_blank\">Kaikki uutiset<\/a>\n              <\/div>\n\n    <\/div>\n\n  \n\n<\/section>\n\n\n\n<section id=\"column-block_d2724d0cf4fb3124b40baed216800668\"\n         class=\"section-default pt-4 pb-8 px-4 sm:px-4 md:px-8 lg:px-12 xl:px-24 bg-gray-100 cards\">\n    \n        <div class=\"flex flex-wrap flex-row -mx-4\">\n\n            \n                                                            \n<article class=\"w-full md:w-1\/3 p-4 relative\">\n  <div class=\"bg-white shadow-xl hover:shadow-2xl h-full \">\n    <figure class=\"relative imageratio\">\n                <img decoding=\"async\" src=\"https:\/\/kuurojenliitto.fi\/yhdistyshuone\/wp-content\/uploads\/sites\/11\/2025\/12\/Kevainen-Aurajoki_NETTIKOKO-1280x720.jpg\" class=\"w-full\">\n            <span class=\"bg-dark py-1 px-2 ml-2 absolute bottom-0 text-sm text-white\">\n      \tLiittokokous |       \t15.12.2025<\/span>\n    <\/figure>\n    <h2 class=\"py-3 px-4 leading-tight heading-sm text-lg\">\n      <a href=\"https:\/\/kuurojenliitto.fi\/yhdistyshuone\/ajankohtaista\/liittokokous-2026-jarjestetaan-6-6-turussa\/\">Liittokokous 2026 j\u00e4rjestet\u00e4\u00e4n 6.6. Turussa<\/a>\n      <div class=\"hidden play-button absolute z-10 pointer-events-none\"><i class=\"text-5xl text-white far fa-play-circle\"><\/i><\/div>\n    <\/h2>\n  <\/div>\n<\/article>\n                                            \n<article class=\"w-full md:w-1\/3 p-4 relative\">\n  <div class=\"bg-white shadow-xl hover:shadow-2xl h-full \">\n    <figure class=\"relative imageratio\">\n                <img decoding=\"async\" src=\"https:\/\/img.youtube.com\/vi\/-F_1HvgXccE\/mqdefault.jpg\" class=\"w-full\">\n            <span class=\"bg-dark py-1 px-2 ml-2 absolute bottom-0 text-sm text-white\">\n      \tLiittokokous |       \t23.5.2025<\/span>\n    <\/figure>\n    <h2 class=\"py-3 px-4 leading-tight heading-sm text-lg\">\n      <a href=\"https:\/\/kuurojenliitto.fi\/yhdistyshuone\/ajankohtaista\/tervetuloa-liittokokoukseen-ja-kehittamispaiville\/\">Tervetuloa liittokokoukseen ja kehitt\u00e4misp\u00e4iville!<\/a>\n      <div class=\"hidden play-button absolute z-10 pointer-events-none\"><i class=\"text-5xl text-white far fa-play-circle\"><\/i><\/div>\n    <\/h2>\n  <\/div>\n<\/article>\n                                            \n<article class=\"w-full md:w-1\/3 p-4 relative\">\n  <div class=\"bg-white shadow-xl hover:shadow-2xl h-full \">\n    <figure class=\"relative imageratio\">\n                <img decoding=\"async\" src=\"https:\/\/img.youtube.com\/vi\/ti1CToJfef0\/mqdefault.jpg\" class=\"w-full\">\n            <span class=\"bg-dark py-1 px-2 ml-2 absolute bottom-0 text-sm text-white\">\n      \tLiittokokous |       \t14.5.2025<\/span>\n    <\/figure>\n    <h2 class=\"py-3 px-4 leading-tight heading-sm text-lg\">\n      <a href=\"https:\/\/kuurojenliitto.fi\/yhdistyshuone\/ajankohtaista\/kuurojen-liiton-puheenjohtajapaneelin-tallenne\/\">Kuurojen Liiton puheenjohtajapaneelin tallenne<\/a>\n      <div class=\"hidden play-button absolute z-10 pointer-events-none\"><i class=\"text-5xl text-white far fa-play-circle\"><\/i><\/div>\n    <\/h2>\n  <\/div>\n<\/article>\n                                    \n            \n        <\/div>\n\n    \n<\/section>\n","protected":false},"excerpt":{"rendered":"<p>Kuurojen Liiton liittokokouksessa kes\u00e4kuussa 2025 valitaan uusi hallituksen puheenjohtaja seuraavaksi kolmeksi liittokokouskaudeksi. Hallituksen puheenjohtaja\u00a0Jaana Aaltonen\u00a0on erovuorossa vuonna 2025. Ehdolla uudeksi puheenjohtajaksi ovat Jaana Aaltonen ja\u00a0Salla Fagerstr\u00f6m. Kuurojen Liitto j\u00e4rjesti puheenjohtajapaneelin Zoomissa 14.5., ja ehdokkaita haastatteli&#8230;<\/p>\n","protected":false},"author":6,"featured_media":0,"parent":0,"menu_order":0,"comment_status":"closed","ping_status":"closed","template":"","meta":{"footnotes":""},"class_list":["post-44","page","type-page","status-publish","hentry","px-4 sm:px-4 md:px-8 lg:px-12 xl:px-24"],"acf":[],"yoast_head":"<!-- This site is optimized with the Yoast SEO plugin v27.3 - https:\/\/yoast.com\/product\/yoast-seo-wordpress\/ -->\n<title>Vaalivaliokunta - Yhdistyshuone<\/title>\n<meta name=\"robots\" content=\"index, follow, max-snippet:-1, max-image-preview:large, max-video-preview:-1\" \/>\n<link rel=\"canonical\" href=\"https:\/\/kuurojenliitto.fi\/yhdistyshuone\/vaalivaliokunta\/\" \/>\n<meta property=\"og:locale\" content=\"fi_FI\" \/>\n<meta property=\"og:type\" content=\"article\" \/>\n<meta property=\"og:title\" content=\"Vaalivaliokunta - Yhdistyshuone\" \/>\n<meta property=\"og:description\" content=\"Kuurojen Liiton liittokokouksessa kes\u00e4kuussa 2025 valitaan uusi hallituksen puheenjohtaja seuraavaksi kolmeksi liittokokouskaudeksi. Hallituksen puheenjohtaja\u00a0Jaana Aaltonen\u00a0on erovuorossa vuonna 2025. Ehdolla uudeksi puheenjohtajaksi ovat Jaana Aaltonen ja\u00a0Salla Fagerstr\u00f6m. Kuurojen Liitto j\u00e4rjesti puheenjohtajapaneelin Zoomissa 14.5., ja ehdokkaita haastatteli...\" \/>\n<meta property=\"og:url\" content=\"https:\/\/kuurojenliitto.fi\/yhdistyshuone\/vaalivaliokunta\/\" \/>\n<meta property=\"og:site_name\" content=\"Yhdistyshuone\" \/>\n<meta property=\"article:modified_time\" content=\"2024-10-15T07:24:54+00:00\" \/>\n<meta name=\"twitter:card\" content=\"summary_large_image\" \/>\n<script type=\"application\/ld+json\" class=\"yoast-schema-graph\">{\"@context\":\"https:\\\/\\\/schema.org\",\"@graph\":[{\"@type\":\"WebPage\",\"@id\":\"https:\\\/\\\/kuurojenliitto.fi\\\/yhdistyshuone\\\/vaalivaliokunta\\\/\",\"url\":\"https:\\\/\\\/kuurojenliitto.fi\\\/yhdistyshuone\\\/vaalivaliokunta\\\/\",\"name\":\"Vaalivaliokunta - Yhdistyshuone\",\"isPartOf\":{\"@id\":\"https:\\\/\\\/kuurojenliitto.fi\\\/yhdistyshuone\\\/#website\"},\"datePublished\":\"2020-02-17T09:32:41+00:00\",\"dateModified\":\"2024-10-15T07:24:54+00:00\",\"breadcrumb\":{\"@id\":\"https:\\\/\\\/kuurojenliitto.fi\\\/yhdistyshuone\\\/vaalivaliokunta\\\/#breadcrumb\"},\"inLanguage\":\"fi\",\"potentialAction\":[{\"@type\":\"ReadAction\",\"target\":[\"https:\\\/\\\/kuurojenliitto.fi\\\/yhdistyshuone\\\/vaalivaliokunta\\\/\"]}]},{\"@type\":\"BreadcrumbList\",\"@id\":\"https:\\\/\\\/kuurojenliitto.fi\\\/yhdistyshuone\\\/vaalivaliokunta\\\/#breadcrumb\",\"itemListElement\":[{\"@type\":\"ListItem\",\"position\":1,\"name\":\"Ing\u00e5ngssida\",\"item\":\"https:\\\/\\\/kuurojenliitto.fi\\\/yhdistyshuone\\\/\"},{\"@type\":\"ListItem\",\"position\":2,\"name\":\"Vaalivaliokunta\"}]},{\"@type\":\"WebSite\",\"@id\":\"https:\\\/\\\/kuurojenliitto.fi\\\/yhdistyshuone\\\/#website\",\"url\":\"https:\\\/\\\/kuurojenliitto.fi\\\/yhdistyshuone\\\/\",\"name\":\"Yhdistyshuone\",\"description\":\"Uusi Kuurojen Liitto-sivustot -sivusto\",\"potentialAction\":[{\"@type\":\"SearchAction\",\"target\":{\"@type\":\"EntryPoint\",\"urlTemplate\":\"https:\\\/\\\/kuurojenliitto.fi\\\/yhdistyshuone\\\/?s={search_term_string}\"},\"query-input\":{\"@type\":\"PropertyValueSpecification\",\"valueRequired\":true,\"valueName\":\"search_term_string\"}}],\"inLanguage\":\"fi\"}]}<\/script>\n<!-- \/ Yoast SEO plugin. -->","yoast_head_json":{"title":"Vaalivaliokunta - Yhdistyshuone","robots":{"index":"index","follow":"follow","max-snippet":"max-snippet:-1","max-image-preview":"max-image-preview:large","max-video-preview":"max-video-preview:-1"},"canonical":"https:\/\/kuurojenliitto.fi\/yhdistyshuone\/vaalivaliokunta\/","og_locale":"fi_FI","og_type":"article","og_title":"Vaalivaliokunta - Yhdistyshuone","og_description":"Kuurojen Liiton liittokokouksessa kes\u00e4kuussa 2025 valitaan uusi hallituksen puheenjohtaja seuraavaksi kolmeksi liittokokouskaudeksi. Hallituksen puheenjohtaja\u00a0Jaana Aaltonen\u00a0on erovuorossa vuonna 2025. Ehdolla uudeksi puheenjohtajaksi ovat Jaana Aaltonen ja\u00a0Salla Fagerstr\u00f6m. Kuurojen Liitto j\u00e4rjesti puheenjohtajapaneelin Zoomissa 14.5., ja ehdokkaita haastatteli...","og_url":"https:\/\/kuurojenliitto.fi\/yhdistyshuone\/vaalivaliokunta\/","og_site_name":"Yhdistyshuone","article_modified_time":"2024-10-15T07:24:54+00:00","twitter_card":"summary_large_image","schema":{"@context":"https:\/\/schema.org","@graph":[{"@type":"WebPage","@id":"https:\/\/kuurojenliitto.fi\/yhdistyshuone\/vaalivaliokunta\/","url":"https:\/\/kuurojenliitto.fi\/yhdistyshuone\/vaalivaliokunta\/","name":"Vaalivaliokunta - Yhdistyshuone","isPartOf":{"@id":"https:\/\/kuurojenliitto.fi\/yhdistyshuone\/#website"},"datePublished":"2020-02-17T09:32:41+00:00","dateModified":"2024-10-15T07:24:54+00:00","breadcrumb":{"@id":"https:\/\/kuurojenliitto.fi\/yhdistyshuone\/vaalivaliokunta\/#breadcrumb"},"inLanguage":"fi","potentialAction":[{"@type":"ReadAction","target":["https:\/\/kuurojenliitto.fi\/yhdistyshuone\/vaalivaliokunta\/"]}]},{"@type":"BreadcrumbList","@id":"https:\/\/kuurojenliitto.fi\/yhdistyshuone\/vaalivaliokunta\/#breadcrumb","itemListElement":[{"@type":"ListItem","position":1,"name":"Ing\u00e5ngssida","item":"https:\/\/kuurojenliitto.fi\/yhdistyshuone\/"},{"@type":"ListItem","position":2,"name":"Vaalivaliokunta"}]},{"@type":"WebSite","@id":"https:\/\/kuurojenliitto.fi\/yhdistyshuone\/#website","url":"https:\/\/kuurojenliitto.fi\/yhdistyshuone\/","name":"Yhdistyshuone","description":"Uusi Kuurojen Liitto-sivustot -sivusto","potentialAction":[{"@type":"SearchAction","target":{"@type":"EntryPoint","urlTemplate":"https:\/\/kuurojenliitto.fi\/yhdistyshuone\/?s={search_term_string}"},"query-input":{"@type":"PropertyValueSpecification","valueRequired":true,"valueName":"search_term_string"}}],"inLanguage":"fi"}]}},"lang":"fi","translations":{"fi":44,"sv":6511},"pll_sync_post":[],"_links":{"self":[{"href":"https:\/\/kuurojenliitto.fi\/yhdistyshuone\/wp-json\/wp\/v2\/pages\/44","targetHints":{"allow":["GET"]}}],"collection":[{"href":"https:\/\/kuurojenliitto.fi\/yhdistyshuone\/wp-json\/wp\/v2\/pages"}],"about":[{"href":"https:\/\/kuurojenliitto.fi\/yhdistyshuone\/wp-json\/wp\/v2\/types\/page"}],"author":[{"embeddable":true,"href":"https:\/\/kuurojenliitto.fi\/yhdistyshuone\/wp-json\/wp\/v2\/users\/6"}],"replies":[{"embeddable":true,"href":"https:\/\/kuurojenliitto.fi\/yhdistyshuone\/wp-json\/wp\/v2\/comments?post=44"}],"version-history":[{"count":63,"href":"https:\/\/kuurojenliitto.fi\/yhdistyshuone\/wp-json\/wp\/v2\/pages\/44\/revisions"}],"predecessor-version":[{"id":7259,"href":"https:\/\/kuurojenliitto.fi\/yhdistyshuone\/wp-json\/wp\/v2\/pages\/44\/revisions\/7259"}],"wp:attachment":[{"href":"https:\/\/kuurojenliitto.fi\/yhdistyshuone\/wp-json\/wp\/v2\/media?parent=44"}],"curies":[{"name":"wp","href":"https:\/\/api.w.org\/{rel}","templated":true}]}}