{"id":4212,"date":"2022-01-13T08:09:17","date_gmt":"2022-01-13T06:09:17","guid":{"rendered":"https:\/\/kuurojenliitto.fi\/yhdistyshuone\/?page_id=4212"},"modified":"2022-12-02T16:49:43","modified_gmt":"2022-12-02T14:49:43","slug":"foreningsdagarna-2023","status":"publish","type":"page","link":"https:\/\/kuurojenliitto.fi\/yhdistyshuone\/sv\/foreningsdagarna-2023\/","title":{"rendered":"F\u00f6reningsdagarna 2023"},"content":{"rendered":"\n\n<section id=\"column-block_68dab7c6ad4f5316ee90243133bf2b91\" class=\"section-default ingress px-4 sm:px-4 md:px-8 lg:px-12 xl:px-24\">\n    <div class=\"flex pb-4\">\n                      <div class=\"w-full text-lg\">\n                  <p>F\u00f6reningsdagarna arrangeras 3.-4.2.2023 som ett hybridevenemang: ni kan delta i m\u00f6tet i Tammerfors eller p\u00e5 distans p\u00e5 webbplattformen Zoom.  <\/p>\n        <\/div>\n            \n    <\/div>\n\n<\/section>\n\n\n\n<section id=\"column-block_96e6cbb746fbaaf6c4a7840f6a535e25\" class=\"px-4 sm:px-4 md:px-8 lg:px-12 xl:px-24 section-default \">\n\n            <div class=\"relative py-4 gridder\">\n                        <div id=\"stickier\" class=\"b z-10 flex flex-row flex-wrap  mb-6 top-0 relative\">\n\n          <div class=\"x-tabs w-full\" x-data=\"{ activeTab: 0 }\">\n                    <div :class=\"{ 'hidden': activeTab !== 0 }\" tabindex=\"0\" role=\"tabpanel\" id=\"tab-0\" aria-labelledby=\"label-0\" class=\"bg-white\">\n                            \n    <figure class=\"relative\">\n      <img decoding=\"async\" src=\"https:\/\/kuurojenliitto.fi\/yhdistyshuone\/wp-content\/uploads\/sites\/11\/2020\/03\/KL-LOGO-SVE-DRUPAL.png\" alt=\"\">\n    <\/figure>\n                                        <\/div>\n                                <\/div>\n\n                              <\/div>\n        \n          <div class=\"content entry-content bg-white p-8 lg:pr-20 a lg:mr-12 mb-3 shadow-xl hover:shadow-2xl\">\n            <div class=\"field field-name-body field-type-text-with-summary field-label-hidden\">\n<p>F\u00f6reningsdagarna har tre aktuella teman: arbetet f\u00f6r att revitalisera de inhemska teckenspr\u00e5ken, p\u00e5verkansarbetet inf\u00f6r riksdagsvalet och likabehandling i f\u00f6reningsverksamheten.<\/p>\n<p>F\u00f6reningsdagarna inleds p\u00e5 fredagen kl. 18 i Tammerfors Viittomakieliset rf:s lokal (Satamakatu 13, Tammefors) och forts\u00e4tter p\u00e5 l\u00f6rdagen i Ty\u00f6v\u00e4en Opisto Sampola (Sammonkatu 2, Tammefors). B\u00e5da dagarna f\u00f6rmedlas ocks\u00e5 p\u00e5 Zoom.<\/p>\n<h2>Program<\/h2>\n<p><strong>Fredag 3.2 kl. 18.00\u201320.00\u202f\u00a0<\/strong><\/p>\n<p>18.00 Gemensam \u00f6ppning, presentationsrunda och kaffe<br \/>\n18.30-20.00 F\u00f6reningarna ber\u00e4ttar vad som h\u00e4nt under corona\u00e5ren<\/p>\n<p><strong>L\u00f6rdag 4.2 kl. 9.00\u201316.00\u202f\u00a0<\/strong><\/p>\n<p>9.00\u20139.15 F\u00f6reningsdagarna \u00f6ppnas \/ <em>Jaana Aaltonen<\/em><br \/>\n9.15\u201311.30 Revitaliseringen av de inhemska teckenspr\u00e5ken \u2013 vad kan vi g\u00f6ra? \/\u00a0<em>Finlands D\u00f6vas F\u00f6rbunds arbetsgrupp f\u00f6r <\/em><em>revitalisering<\/em><em> av teckenspr\u00e5ken<\/em><br \/>\n11.30\u201312.30 Lunch<br \/>\n12.30\u201313.30 Riksdagsvalet n\u00e4rmar sig \u2013 Finlands D\u00f6vas F\u00f6rbunds valteser och p\u00e5verkansarbetet\u202f \/\u00a0<em>Styrelsen och Laura Pajunen\u202f<\/em><\/p>\n<p>15 min paus<\/p>\n<p>13.45\u201315.30 Likabehandling i f\u00f6reningsverksamheten \u2013 hur tar vi andra i beaktande och hur lockar vi med fler frivilliga? Och vad \u00e4r ett tryggt rum? \/\u00a0<em>Studiecentralen Sivis<\/em>\u202f,\u00a0<em>Iina Uhlenius och Asta Tikkanen<br \/>\n<\/em>15.30\u201315.45 Presentation av Finlands D\u00f6vas F\u00f6rbunds nya koncept: frivilligverksamheten \/\u00a0<em>Iina Uhlenius, Asta Tikkanen <\/em><em>och<\/em><em> Helena Torboli<\/em><br \/>\n15.45\u201316.15 Avslutning och kaffe<\/p>\n<h2>Deltagare<\/h2>\n<p>Tv\u00e5 representanter per medlemsf\u00f6rening kan delta i f\u00f6reningsdagarna. P\u00e5 den elektroniska anm\u00e4lningsblanketten meddelar ni om ni \u00e4r deltar fysiskt eller p\u00e5 distans. De som deltar p\u00e5 distans f\u00e5r en l\u00e4nk till evenemanget per e-post en halv timme innan det b\u00f6rjar. Sista anm\u00e4lningsdagen \u00e4r 22.1.2023.<\/p>\n<p><strong>Anm\u00e4lningsl\u00e4nk<\/strong>: <a href=\"https:\/\/www.lyyti.in\/KLjarjestopaivat2023\">https:\/\/www.lyyti.in\/KLjarjestopaivat2023\u00a0<\/a><\/p>\n<p>De som deltar p\u00e5 distans ska se till att de har laddat ner den nya versionen av Zoom (version 5.12.8 eller nyare). Det h\u00e4r underl\u00e4ttar moderatorns arbete. Det \u00e4r gratis att ladda ner programmet.<\/p>\n<p>Man kan ocks\u00e5 delta i m\u00f6tet via deltagarl\u00e4nken utan att ladda ner Zoom, men f\u00f6rbindelserna fungerar b\u00e4ttre om man har programmet p\u00e5 sin enhet. Teckenspr\u00e5kig l\u00e4nk till hur man laddar ner Zoom:\u00a0<a href=\"https:\/\/www.youtube.com\/watch?v=trmdDH8gDkw\">https:\/\/www.youtube.com\/watch?v=trmdDH8gDkw<\/a><\/p>\n<p>Zoom kan laddas ner h\u00e4r: <a href=\"https:\/\/zoom.us\/download\">https:\/\/zoom.us\/download<\/a><\/p>\n<p>Finlands D\u00f6vas F\u00f6rbunds regionarbetare verkar som st\u00f6dperson f\u00f6r dem som deltar p\u00e5 distans b\u00e5de f\u00f6re och under f\u00f6reningsdagarna.<\/p>\n<p>Under f\u00f6reningsdagarna \u00e4r kontakten till regionarbetare: <strong>Asta Tikkanen<\/strong> 050 548 8165<\/p>\n<h2>Anm\u00e4lning<\/h2>\n<p>Fr\u00e5n varje f\u00f6rening kan <strong>en <\/strong>(1) representant delta F\u00f6reningsdagarna. Finlands D\u00f6vas F\u00f6rbund betalar denna representants <strong>rese- och m\u00e5ltidskostnader<\/strong> (inkluderar ej \u00f6vernattning). Den f\u00f6rening som s\u00e5 \u00f6nskar kan <strong>p\u00e5 egen bekostnad <\/strong>skicka ytterligare en representant.<\/p>\n<p>F\u00f6rbundet bjuder alla som har anm\u00e4lt sig p\u00e5 ankomstkaffe p\u00e5 fredagen och anslutningskaffe p\u00e5 l\u00f6rdagen.<\/p>\n<p>Reseers\u00e4ttning betalas i april till det bankkonto som representanten har uppgett. Ers\u00e4ttning betalas enligt kollektivtrafikens tariffer. Uppgifterna f\u00f6r reseers\u00e4ttningen ska ges till Elina Pokki (<a href=\"mailto:elina.pokki@kuurojenliitto.fi\">elina.pokki@kuurojenliitto.fi<\/a>) <strong><u>f\u00f6re 31.3.2023.<\/u><\/strong> OBS! Uppgifter som skickas efter detta datum beaktas inte.<\/p>\n<h2>Boende<\/h2>\n<p>F\u00f6r f\u00f6reningarnas representanter har ett antal rum reserverats p\u00e5 hotell Tampere Scandic City <a href=\"https:\/\/www.scandichotels.fi\/hotellit\/suomi\/tampere\/scandic-tampere-city\">Scandic Tampere City | Tampereen rautatieasema | Scandic Hotels<\/a><\/p>\n<p>Var och sk\u00f6ter bokning och betalning sj\u00e4lv direkt med hotellet. Rummen m\u00e5ste bokas f\u00f6re 20.1.2023, \u00a0eller senare, beroende p\u00e5 bokningssituationen p\u00e5 hotellet. N\u00e4r man betalar p\u00e5 plats kostar enkelrum 125 \u20ac \/ natt och dubbelrum 145 \u20ac\/ natt. Frukost ing\u00e5r i priset. Rumskategori \u00e4r Standard.<\/p>\n<p>Bokning: Varje och en bokar sj\u00e4lv sitt rum p\u00e5 adressen: <a href=\"http:\/\/www.scandichotels.fi\/?bookingcode=XXX\">http:\/\/www.scandichotels.fi\/?bookingcode=XXX<\/a><\/p>\n<p>Med bokningskoden BKUU030223 kan du ocks\u00e5 boka rum per e-post (se adress nedan) eller telefon.<\/p>\n<p><strong>Hotellets kontaktinformation:<\/strong><\/p>\n<p>Scandic Tampere City<br \/>\nH\u00e4meenkatu 1<br \/>\n33100 TAMMERFORS<br \/>\nTelefonnummer: +358 3 2446 111<br \/>\nE-post: <a href=\"mailto:tamperecity@scandichotels.com\">tamperecity@scandichotels.com<\/a><\/p>\n<p>OBS! Betalning: Var och en bokar och betalar sj\u00e4lv sitt rum.<\/p>\n<p><strong>Hj\u00e4rtligt v\u00e4lkommen till f\u00f6reningsdagarna! <\/strong><\/p>\n<\/div>\n                      <\/div>\n\n                      <aside class=\"c\">\n                              <div class=\"flex flex-col mt-4 mb-4\">\n                                                          <div class=\"flex flex-row bg-white shadow-xl hover:shadow-2xl h-full mb-4\">\n                                              <div class=\"w-full p-4\">\n                      \n                        <h2 class=\"pb-3 leading-tight heading-sm text-lg\">Direkts\u00e4ndning<\/h2>\n                        <div><p>Direkts\u00e4ndning \u00f6ppen f\u00f6r alla l\u00f6r 4.2. fr\u00e5n kl. 9.00: <a href=\"http:\/\/www.kuurojenliitto.fi\">www.kuurojenliitto.fi<\/a><\/p>\n<p>Direkts\u00e4ndningen tolkas till finska.<\/p>\n<p>F\u00f6reningsdagarnas hashtag (#) \u00e4r: #KLjarjestopaivat2023<\/p>\n<\/div>\n                                                                                              <\/div>\n                    <\/div>\n                                  <\/div>\n              \n                            <div class=\"border-l-4 border-color pl-4 mb-8\">\n\n                                  <h3 class=\"heading-lg text-2xl mb-2\">L\u00e4nkar<\/h3>\n                \n                \n                                  <nav class=\"flex flex-col mt-4\">\n                    \n                      \n                                              <a class=\"border-t border-gray-200 text-gray-100 py-2\"\n                           href=\"https:\/\/www.facebook.com\/KLyhdistyshuone\"\n                           target=\"_blank\"><i\n                            class=\"fal fa-angle-right fa-fw\"><\/i> F\u00f6reningsrummet i Facebook (p\u00e5 finska)                        <\/a>\n                      \n                    \n                      \n                                              <a class=\"border-t border-gray-200 text-gray-100 py-2\"\n                           href=\"https:\/\/kuurojenliitto.fi\/sv\/strategiska-mal-2021-2025\/\"\n                           target=\"_blank\"><i\n                            class=\"fal fa-angle-right fa-fw\"><\/i> Finlands D\u00f6vas F\u00f6rbunds strategiska m\u00e5l 2021-2025                        <\/a>\n                      \n                                      <\/nav>\n                \n                              <\/div>\n              \n              \n                                  <h3 class=\"heading-lg text-2xl mb-4\">Ytterligare information<\/h3>\n                \n                                    <div class=\"flex flex-row-reverse flex-wrap bg-white shadow-xl hover:shadow-2xl p-4 mb-3\">\n\n    <div class=\"w-1\/4 text-right\">\n    <figure class=\"entry-image overflow-hidden\">\n      <img loading=\"lazy\" decoding=\"async\" width=\"800\" height=\"800\" src=\"https:\/\/kuurojenliitto.fi\/yhdistyshuone\/wp-content\/uploads\/sites\/11\/2020\/03\/2022_08-Elina-Pokki-1-e1662114385403-800x800.jpg\" class=\"w-full object-fit\" alt=\"\" srcset=\"https:\/\/kuurojenliitto.fi\/yhdistyshuone\/wp-content\/uploads\/sites\/11\/2020\/03\/2022_08-Elina-Pokki-1-e1662114385403-800x800.jpg 800w, https:\/\/kuurojenliitto.fi\/yhdistyshuone\/wp-content\/uploads\/sites\/11\/2020\/03\/2022_08-Elina-Pokki-1-e1662114385403-768x769.jpg 768w, https:\/\/kuurojenliitto.fi\/yhdistyshuone\/wp-content\/uploads\/sites\/11\/2020\/03\/2022_08-Elina-Pokki-1-e1662114385403.jpg 1080w\" sizes=\"auto, (max-width: 800px) 100vw, 800px\" \/>    <\/figure><!-- .entry-header -->\n  <\/div>\n  <div class=\"entry-content w-3\/4 pr-4\">\n    <h3 class=\"mb-0 text-lg\">\n      <a href=\"https:\/\/kuurojenliitto.fi\/yhdistyshuone\/sv\/person\/elina-pokki\/\">Elina Pokki<\/a>\n    <\/h3>\n    <div class=\"mb-4 mt-0\">\n              <span class=\"text-gray-900 text-sm\">\n                          Verksamhetsledarens assistent                      <\/span>\n                <\/div>\n    <div class=\"flex flex-col text-gray-600 mt-1 text-sm items-start\">\n              <div class=\"flex flex-row-reverse\">\n          <div class=\"ml-2 text-xs\">\n                                                  <span class=\"sr-only\">Henkil\u00f6 ei ota vastaan puheluja<\/span>\n              <i class=\"sr-hide fas fa-fw fa-phone-slash mr-1\"><\/i>\n                                      <span class=\"sr-only\">Henkil\u00f6 ottaa vastaan tekstiviestej\u00e4<\/span>\n              <i class=\"sr-hide fas fa-fw fa-sms mr-1\"><\/i>\n                                      <span class=\"sr-only\">Henkil\u00f6 ottaa vastaan WhatsApp-viestej\u00e4, videoviestej\u00e4 ja videopuheluja<\/span>\n              <i class=\"sr-hide fab fa-fw fa-whatsapp mr-1\"><\/i>\n                                  <\/div>\n          <div><span class=\"sr-only\">Puhelinnumero: <\/span><a href=\"tel:+358 40 738 5089\"> +358 40 738 5089<\/a><\/div>\n        <\/div>\n\n                    <div><span class=\"sr-only\"><\/span><a\n            href=\"mailto:elina.pokki@kuurojenliitto.fi\">elina.pokki@kuurojenliitto.fi<\/a><\/div>\n                <\/div>\n\n      <\/div><!-- .entry-content -->\n        <div class=\"w-full mt-2 text-xs\">\n      <span class=\"sr-only\">Henkil\u00f6n vastuualue<\/span>\n              <a href=\"https:\/\/kuurojenliitto.fi\/yhdistyshuone\/sv\/ansvarsomr%C3%A5de\/styrelsens-sekreterare\/\">\n          <span class=\"bg-light py-px px-1 text-dark inline-block mr-1 mb-1\">\n            Styrelsens sekreterare          <\/span>\n        <\/a>\n          <\/div>\n  \n<\/div>\n                              \n            <\/aside>\n          \n\n      <\/div>\n    \n  \n<\/section>\n","protected":false},"excerpt":{"rendered":"<p>F\u00f6reningsdagarna arrangeras 3.-4.2.2023 som ett hybridevenemang: ni kan delta i m\u00f6tet i Tammerfors eller p\u00e5 distans p\u00e5 webbplattformen Zoom. F\u00f6reningsdagarna har tre aktuella teman: arbetet f\u00f6r att revitalisera de inhemska teckenspr\u00e5ken, p\u00e5verkansarbetet inf\u00f6r riksdagsvalet och&#8230;<\/p>\n","protected":false},"author":6,"featured_media":1269,"parent":0,"menu_order":0,"comment_status":"closed","ping_status":"closed","template":"","meta":{"footnotes":""},"class_list":["post-4212","page","type-page","status-publish","has-post-thumbnail","hentry","px-4 sm:px-4 md:px-8 lg:px-12 xl:px-24"],"acf":[],"yoast_head":"<!-- This site is optimized with the Yoast SEO plugin v27.3 - https:\/\/yoast.com\/product\/yoast-seo-wordpress\/ -->\n<title>F\u00f6reningsdagarna 2023 - Yhdistyshuone<\/title>\n<meta name=\"robots\" content=\"index, follow, max-snippet:-1, max-image-preview:large, max-video-preview:-1\" \/>\n<link rel=\"canonical\" href=\"https:\/\/kuurojenliitto.fi\/yhdistyshuone\/sv\/foreningsdagarna-2023\/\" \/>\n<meta property=\"og:locale\" content=\"fi_FI\" \/>\n<meta property=\"og:type\" content=\"article\" \/>\n<meta property=\"og:title\" content=\"F\u00f6reningsdagarna 2023 - Yhdistyshuone\" \/>\n<meta property=\"og:description\" content=\"F\u00f6reningsdagarna arrangeras 3.-4.2.2023 som ett hybridevenemang: ni kan delta i m\u00f6tet i Tammerfors eller p\u00e5 distans p\u00e5 webbplattformen Zoom. F\u00f6reningsdagarna har tre aktuella teman: arbetet f\u00f6r att revitalisera de inhemska teckenspr\u00e5ken, p\u00e5verkansarbetet inf\u00f6r riksdagsvalet och...\" \/>\n<meta property=\"og:url\" content=\"https:\/\/kuurojenliitto.fi\/yhdistyshuone\/sv\/foreningsdagarna-2023\/\" \/>\n<meta property=\"og:site_name\" content=\"Yhdistyshuone\" \/>\n<meta property=\"article:modified_time\" content=\"2022-12-02T14:49:43+00:00\" \/>\n<meta property=\"og:image\" content=\"https:\/\/kuurojenliitto.fi\/yhdistyshuone\/wp-content\/uploads\/sites\/11\/2020\/03\/KL-LOGO-SVE-DRUPAL.png\" \/>\n\t<meta property=\"og:image:width\" content=\"786\" \/>\n\t<meta property=\"og:image:height\" content=\"470\" \/>\n\t<meta property=\"og:image:type\" content=\"image\/png\" \/>\n<meta name=\"twitter:card\" content=\"summary_large_image\" \/>\n<script type=\"application\/ld+json\" class=\"yoast-schema-graph\">{\"@context\":\"https:\\\/\\\/schema.org\",\"@graph\":[{\"@type\":\"WebPage\",\"@id\":\"https:\\\/\\\/kuurojenliitto.fi\\\/yhdistyshuone\\\/sv\\\/foreningsdagarna-2023\\\/\",\"url\":\"https:\\\/\\\/kuurojenliitto.fi\\\/yhdistyshuone\\\/sv\\\/foreningsdagarna-2023\\\/\",\"name\":\"F\u00f6reningsdagarna 2023 - Yhdistyshuone\",\"isPartOf\":{\"@id\":\"https:\\\/\\\/kuurojenliitto.fi\\\/yhdistyshuone\\\/#website\"},\"primaryImageOfPage\":{\"@id\":\"https:\\\/\\\/kuurojenliitto.fi\\\/yhdistyshuone\\\/sv\\\/foreningsdagarna-2023\\\/#primaryimage\"},\"image\":{\"@id\":\"https:\\\/\\\/kuurojenliitto.fi\\\/yhdistyshuone\\\/sv\\\/foreningsdagarna-2023\\\/#primaryimage\"},\"thumbnailUrl\":\"https:\\\/\\\/kuurojenliitto.fi\\\/yhdistyshuone\\\/wp-content\\\/uploads\\\/sites\\\/11\\\/2020\\\/03\\\/KL-LOGO-SVE-DRUPAL.png\",\"datePublished\":\"2022-01-13T06:09:17+00:00\",\"dateModified\":\"2022-12-02T14:49:43+00:00\",\"breadcrumb\":{\"@id\":\"https:\\\/\\\/kuurojenliitto.fi\\\/yhdistyshuone\\\/sv\\\/foreningsdagarna-2023\\\/#breadcrumb\"},\"inLanguage\":\"fi\",\"potentialAction\":[{\"@type\":\"ReadAction\",\"target\":[\"https:\\\/\\\/kuurojenliitto.fi\\\/yhdistyshuone\\\/sv\\\/foreningsdagarna-2023\\\/\"]}]},{\"@type\":\"ImageObject\",\"inLanguage\":\"fi\",\"@id\":\"https:\\\/\\\/kuurojenliitto.fi\\\/yhdistyshuone\\\/sv\\\/foreningsdagarna-2023\\\/#primaryimage\",\"url\":\"https:\\\/\\\/kuurojenliitto.fi\\\/yhdistyshuone\\\/wp-content\\\/uploads\\\/sites\\\/11\\\/2020\\\/03\\\/KL-LOGO-SVE-DRUPAL.png\",\"contentUrl\":\"https:\\\/\\\/kuurojenliitto.fi\\\/yhdistyshuone\\\/wp-content\\\/uploads\\\/sites\\\/11\\\/2020\\\/03\\\/KL-LOGO-SVE-DRUPAL.png\",\"width\":786,\"height\":470},{\"@type\":\"BreadcrumbList\",\"@id\":\"https:\\\/\\\/kuurojenliitto.fi\\\/yhdistyshuone\\\/sv\\\/foreningsdagarna-2023\\\/#breadcrumb\",\"itemListElement\":[{\"@type\":\"ListItem\",\"position\":1,\"name\":\"Ing\u00e5ngssida\",\"item\":\"https:\\\/\\\/kuurojenliitto.fi\\\/yhdistyshuone\\\/\"},{\"@type\":\"ListItem\",\"position\":2,\"name\":\"F\u00f6reningsdagarna 2023\"}]},{\"@type\":\"WebSite\",\"@id\":\"https:\\\/\\\/kuurojenliitto.fi\\\/yhdistyshuone\\\/#website\",\"url\":\"https:\\\/\\\/kuurojenliitto.fi\\\/yhdistyshuone\\\/\",\"name\":\"Yhdistyshuone\",\"description\":\"Uusi Kuurojen Liitto-sivustot -sivusto\",\"potentialAction\":[{\"@type\":\"SearchAction\",\"target\":{\"@type\":\"EntryPoint\",\"urlTemplate\":\"https:\\\/\\\/kuurojenliitto.fi\\\/yhdistyshuone\\\/?s={search_term_string}\"},\"query-input\":{\"@type\":\"PropertyValueSpecification\",\"valueRequired\":true,\"valueName\":\"search_term_string\"}}],\"inLanguage\":\"fi\"}]}<\/script>\n<!-- \/ Yoast SEO plugin. -->","yoast_head_json":{"title":"F\u00f6reningsdagarna 2023 - Yhdistyshuone","robots":{"index":"index","follow":"follow","max-snippet":"max-snippet:-1","max-image-preview":"max-image-preview:large","max-video-preview":"max-video-preview:-1"},"canonical":"https:\/\/kuurojenliitto.fi\/yhdistyshuone\/sv\/foreningsdagarna-2023\/","og_locale":"fi_FI","og_type":"article","og_title":"F\u00f6reningsdagarna 2023 - Yhdistyshuone","og_description":"F\u00f6reningsdagarna arrangeras 3.-4.2.2023 som ett hybridevenemang: ni kan delta i m\u00f6tet i Tammerfors eller p\u00e5 distans p\u00e5 webbplattformen Zoom. F\u00f6reningsdagarna har tre aktuella teman: arbetet f\u00f6r att revitalisera de inhemska teckenspr\u00e5ken, p\u00e5verkansarbetet inf\u00f6r riksdagsvalet och...","og_url":"https:\/\/kuurojenliitto.fi\/yhdistyshuone\/sv\/foreningsdagarna-2023\/","og_site_name":"Yhdistyshuone","article_modified_time":"2022-12-02T14:49:43+00:00","og_image":[{"width":786,"height":470,"url":"https:\/\/kuurojenliitto.fi\/yhdistyshuone\/wp-content\/uploads\/sites\/11\/2020\/03\/KL-LOGO-SVE-DRUPAL.png","type":"image\/png"}],"twitter_card":"summary_large_image","schema":{"@context":"https:\/\/schema.org","@graph":[{"@type":"WebPage","@id":"https:\/\/kuurojenliitto.fi\/yhdistyshuone\/sv\/foreningsdagarna-2023\/","url":"https:\/\/kuurojenliitto.fi\/yhdistyshuone\/sv\/foreningsdagarna-2023\/","name":"F\u00f6reningsdagarna 2023 - Yhdistyshuone","isPartOf":{"@id":"https:\/\/kuurojenliitto.fi\/yhdistyshuone\/#website"},"primaryImageOfPage":{"@id":"https:\/\/kuurojenliitto.fi\/yhdistyshuone\/sv\/foreningsdagarna-2023\/#primaryimage"},"image":{"@id":"https:\/\/kuurojenliitto.fi\/yhdistyshuone\/sv\/foreningsdagarna-2023\/#primaryimage"},"thumbnailUrl":"https:\/\/kuurojenliitto.fi\/yhdistyshuone\/wp-content\/uploads\/sites\/11\/2020\/03\/KL-LOGO-SVE-DRUPAL.png","datePublished":"2022-01-13T06:09:17+00:00","dateModified":"2022-12-02T14:49:43+00:00","breadcrumb":{"@id":"https:\/\/kuurojenliitto.fi\/yhdistyshuone\/sv\/foreningsdagarna-2023\/#breadcrumb"},"inLanguage":"fi","potentialAction":[{"@type":"ReadAction","target":["https:\/\/kuurojenliitto.fi\/yhdistyshuone\/sv\/foreningsdagarna-2023\/"]}]},{"@type":"ImageObject","inLanguage":"fi","@id":"https:\/\/kuurojenliitto.fi\/yhdistyshuone\/sv\/foreningsdagarna-2023\/#primaryimage","url":"https:\/\/kuurojenliitto.fi\/yhdistyshuone\/wp-content\/uploads\/sites\/11\/2020\/03\/KL-LOGO-SVE-DRUPAL.png","contentUrl":"https:\/\/kuurojenliitto.fi\/yhdistyshuone\/wp-content\/uploads\/sites\/11\/2020\/03\/KL-LOGO-SVE-DRUPAL.png","width":786,"height":470},{"@type":"BreadcrumbList","@id":"https:\/\/kuurojenliitto.fi\/yhdistyshuone\/sv\/foreningsdagarna-2023\/#breadcrumb","itemListElement":[{"@type":"ListItem","position":1,"name":"Ing\u00e5ngssida","item":"https:\/\/kuurojenliitto.fi\/yhdistyshuone\/"},{"@type":"ListItem","position":2,"name":"F\u00f6reningsdagarna 2023"}]},{"@type":"WebSite","@id":"https:\/\/kuurojenliitto.fi\/yhdistyshuone\/#website","url":"https:\/\/kuurojenliitto.fi\/yhdistyshuone\/","name":"Yhdistyshuone","description":"Uusi Kuurojen Liitto-sivustot -sivusto","potentialAction":[{"@type":"SearchAction","target":{"@type":"EntryPoint","urlTemplate":"https:\/\/kuurojenliitto.fi\/yhdistyshuone\/?s={search_term_string}"},"query-input":{"@type":"PropertyValueSpecification","valueRequired":true,"valueName":"search_term_string"}}],"inLanguage":"fi"}]}},"lang":"sv","translations":{"sv":4212,"fi":4139},"pll_sync_post":[],"_links":{"self":[{"href":"https:\/\/kuurojenliitto.fi\/yhdistyshuone\/wp-json\/wp\/v2\/pages\/4212","targetHints":{"allow":["GET"]}}],"collection":[{"href":"https:\/\/kuurojenliitto.fi\/yhdistyshuone\/wp-json\/wp\/v2\/pages"}],"about":[{"href":"https:\/\/kuurojenliitto.fi\/yhdistyshuone\/wp-json\/wp\/v2\/types\/page"}],"author":[{"embeddable":true,"href":"https:\/\/kuurojenliitto.fi\/yhdistyshuone\/wp-json\/wp\/v2\/users\/6"}],"replies":[{"embeddable":true,"href":"https:\/\/kuurojenliitto.fi\/yhdistyshuone\/wp-json\/wp\/v2\/comments?post=4212"}],"version-history":[{"count":45,"href":"https:\/\/kuurojenliitto.fi\/yhdistyshuone\/wp-json\/wp\/v2\/pages\/4212\/revisions"}],"predecessor-version":[{"id":5331,"href":"https:\/\/kuurojenliitto.fi\/yhdistyshuone\/wp-json\/wp\/v2\/pages\/4212\/revisions\/5331"}],"wp:featuredmedia":[{"embeddable":true,"href":"https:\/\/kuurojenliitto.fi\/yhdistyshuone\/wp-json\/wp\/v2\/media\/1269"}],"wp:attachment":[{"href":"https:\/\/kuurojenliitto.fi\/yhdistyshuone\/wp-json\/wp\/v2\/media?parent=4212"}],"curies":[{"name":"wp","href":"https:\/\/api.w.org\/{rel}","templated":true}]}}