{"id":4139,"date":"2021-12-16T15:56:50","date_gmt":"2021-12-16T13:56:50","guid":{"rendered":"https:\/\/kuurojenliitto.fi\/yhdistyshuone\/?page_id=4139"},"modified":"2023-01-31T17:46:06","modified_gmt":"2023-01-31T15:46:06","slug":"jarjestopaivat-2023","status":"publish","type":"page","link":"https:\/\/kuurojenliitto.fi\/yhdistyshuone\/jarjestopaivat-2023\/","title":{"rendered":"J\u00e4rjest\u00f6p\u00e4iv\u00e4t 2023"},"content":{"rendered":"\n\n<section id=\"column-block_9a4b92378b37d836992bb42afbe416c4\" class=\"section-default ingress px-4 sm:px-4 md:px-8 lg:px-12 xl:px-24\">\n    <div class=\"flex pb-4\">\n                      <div class=\"w-full text-lg\">\n                  <p>J\u00e4rjest\u00f6p\u00e4iv\u00e4t toteutetaan 3.-4. helmikuuta 2023 hybriditapahtumana: voitte osallistua paikan p\u00e4\u00e4ll\u00e4 Tampereella tai et\u00e4n\u00e4 Zoomin verkkoalustalla.  <\/p>\n        <\/div>\n            \n    <\/div>\n\n<\/section>\n\n\n\n<section id=\"column-block_0969a1524143e22c2fda94612cda6e46\" class=\"px-4 sm:px-4 md:px-8 lg:px-12 xl:px-24 section-default \">\n\n            <div class=\"relative py-4 gridder\">\n                        <div id=\"stickier\" class=\"b z-10 flex flex-row flex-wrap  mb-6 top-0 relative\">\n\n          <div class=\"x-tabs w-full\" x-data=\"{ activeTab: 0 }\">\n                    <div :class=\"{ 'hidden': activeTab !== 0 }\" tabindex=\"0\" role=\"tabpanel\" id=\"tab-0\" aria-labelledby=\"label-0\" class=\"bg-white\">\n                                        <button onclick=\"getSticky()\" class=\"bg-moss-500 hover:text-white text-dark w-16 h-16 hidden md:block md:absolute top-0 right-0 z-10\"><i class=\"fas fa-thumbtack fa-lg\"><\/i><br><span id=\"stickytext\">Kiinnit\u00e4<\/span><\/button>\n                                <div class=\"embed-container w-full\">\n    <iframe loading=\"lazy\" title=\"J\u00e4rjest\u00f6p\u00e4iv\u00e4t 2023\" width=\"640\" height=\"360\" src=\"https:\/\/www.youtube.com\/embed\/-PRRlMEVnrs?feature=oembed\" frameborder=\"0\" allow=\"accelerometer; autoplay; clipboard-write; encrypted-media; gyroscope; picture-in-picture; web-share\" referrerpolicy=\"strict-origin-when-cross-origin\" allowfullscreen><\/iframe>  <\/div>\n  <div class=\"w-full p-2 bg-light text-md\">\n        <div class=\"flex flex-row flex-wrap text-sm text-gray-800\">\n              <div class=\"w-full md:w-1\/3\">\n          <i class=\"far fa-clock mr-1 text-gray-500\"><\/i> Kesto: 01:48<\/div>\n      \n      <div class=\"w-full md:w-2\/3\">\n        <i class=\"fal fa-closed-captioning mr-1 text-gray-500\"><\/i>\n        Tekstitys:                                         <span>Suomi<\/span>\n                      \n                          <div class=\"w-full\"><i class=\"fal fa-sign-language mr-1 text-gray-500\"><\/i>\n            Kieli:\n                                                          <span>Suomalainen viittomakieli<\/span>\n                          \n          <\/div>\n              <\/div>\n    <\/div>\n  <\/div>\n                                                <\/div>\n                                <\/div>\n\n                              <\/div>\n        \n          <div class=\"content entry-content bg-white p-8 lg:pr-20 a lg:mr-12 mb-3 shadow-xl hover:shadow-2xl\">\n            <div class=\"field field-name-body field-type-text-with-summary field-label-hidden\">\n<p>J\u00e4rjest\u00f6p\u00e4ivill\u00e4 on kolme ajankohtaista teemaa: kotimaisten viittomakielten elvytysty\u00f6, eduskuntavaalivaikuttaminen ja yhdenvertaisuus j\u00e4rjest\u00f6toiminnassa.<\/p>\n<p>J\u00e4rjest\u00f6p\u00e4iv\u00e4t alkavat perjantaina 3.2. klo 18.00 Tampereen Viittomakieliset ry:n tiloissa (Satamakatu 13, Tampere) ja jatkuvat lauantaina 4.2. Ty\u00f6v\u00e4en Opisto Sampolassa (Sammonkatu 2, Tampere). Molemmat p\u00e4iv\u00e4t pidet\u00e4\u00e4n my\u00f6s Zoomissa.<\/p>\n<h2>Ohjelma<\/h2>\n<p><strong>Perjantai 3.2. klo 18.00-20.00\u202f\u00a0<\/strong><\/p>\n<p>18.00 Yhteinen avaus, esittelykierros ja kahvittelu<br \/>\n18.30-20.00 Kuulumisten vaihto yhdistysten v\u00e4lill\u00e4 koronavuosien j\u00e4lkeen<\/p>\n<p><strong>Lauantai 4.2. klo 9.00-16.00\u202f\u00a0<\/strong><\/p>\n<p>9.00-9.15 J\u00e4rjest\u00f6p\u00e4ivien avaus \/ <em>Jaana Aaltonen<\/em><br \/>\n9.15-11.30 Kotimaisten viittomakielten elvytysty\u00f6 \u2013 mit\u00e4 voimme tehd\u00e4? \/\u202f <em>Kuurojen Liiton viittomakielten elvytysty\u00f6ryhm\u00e4<\/em><br \/>\n11.30-12.30 Lounas<br \/>\n12.30-13.30 Eduskuntavaalit tulossa- Kuurojen Liiton vaaliteesit ja vaikuttaminen\u202f \/\u00a0<em>Hallitus ja Laura Pajunen\u202f<\/em><\/p>\n<p>15min tauko<\/p>\n<p>13.45-15.30. Yhdenvertaisuus j\u00e4rjest\u00f6toiminnassa \u2013 miten huomioimme muut ja saamme lis\u00e4\u00e4 vapaaehtoisia toimintaan? Ent\u00e4 mik\u00e4 on turvallinen tila? \/\u00a0<em>Opintokeskus <\/em><em>Sivis<\/em>\u202f,\u00a0<em>Iina Uhlenius ja Asta Tikkanen<\/em><br \/>\n15.30-15.45. Kuurojen Liiton uuden konseptin esittely: vapaaehtoistoiminta \/\u00a0<em>Iina Uhlenius, Asta Tikkanen ja Helena Torboli<\/em><br \/>\n15.45-16.15 J\u00e4rjest\u00f6p\u00e4ivien p\u00e4\u00e4t\u00f6s ja kahvit<\/p>\n<h2>Ilmoittautuminen<\/h2>\n<p>J\u00e4rjest\u00f6p\u00e4iville voi osallistua kaksi edustajaa \/ j\u00e4senyhdistys. S\u00e4hk\u00f6isen ilmoittautumislomakkeen kautta ilmoittaudutte l\u00e4sn\u00e4olevaksi tai et\u00e4n\u00e4 olevaksi. Et\u00e4osallistujille l\u00e4hetet\u00e4\u00e4n linkki puoli tuntia ennen tapahtuman alkua.\u202f\u202fViimeinen ilmoittautumisp\u00e4iv\u00e4 on <strong>22.1.2023<\/strong>.<\/p>\n<p><strong>Ilmoittautumislinkki:<\/strong> <a href=\"https:\/\/www.lyyti.in\/KLjarjestopaivat2023\">https:\/\/www.lyyti.in\/KLjarjestopaivat2023\u00a0<\/a><\/p>\n<p>Et\u00e4osallistujien tulee huolehtia, ett\u00e4 koneelle on ladattu Zoomin uusi versio (versio 5.12.8 tai uudempi). T\u00e4m\u00e4 edesauttaa moderaattorin ty\u00f6t\u00e4. Lataaminen on ilmaista.<\/p>\n<p>Kokoukseen voi osallistua my\u00f6s osallistumislinkin kautta ilman ohjelman latausta, mutta lataus parantaa yhteyksien toimivuutta.\u202f\u00a0Zoomin latauksen ohjevideo viittomakielell\u00e4:\u202f\u00a0<a href=\"https:\/\/www.youtube.com\/watch?v=trmdDH8gDkw\">https:\/\/www.youtube.com\/watch?v=trmdDH8gDkw<\/a><\/p>\n<p>Voitte ladata Zoomin t\u00e4st\u00e4 linkist\u00e4: <a href=\"https:\/\/zoom.us\/download\">https:\/\/zoom.us\/download<\/a><\/p>\n<p>Kuurojen Liiton aluety\u00f6ntekij\u00e4 on et\u00e4osallistujien tukena ennen J\u00e4rjest\u00f6p\u00e4ivi\u00e4 sek\u00e4 p\u00e4ivien aikana.<\/p>\n<p>J\u00e4rjest\u00f6p\u00e4ivien aikana voitte olla yhteydess\u00e4 aluety\u00f6ntekij\u00e4\u00e4n:\u202f\u00a0<strong>Asta Tikkanen, <\/strong>050 548 8165<\/p>\n<h2>Matkakorvaus<\/h2>\n<p>J\u00e4rjest\u00f6p\u00e4iville voi osallistua yksi edustaja jokaisesta j\u00e4senyhdistyksest\u00e4, jonka matka- ja ruokailukulut Kuurojen Liitto maksaa (ei sis\u00e4ll\u00e4 y\u00f6pymist\u00e4). Lis\u00e4ksi yhdistykset voivat halutessaan l\u00e4hett\u00e4\u00e4 toisen edustajan omalla kustannuksellaan.<\/p>\n<p>Kuurojen Liitto tarjoaa perjantain tulokahvit ja lauantain p\u00e4\u00e4t\u00f6skahvit kaikille ilmoittautujille.<\/p>\n<p>Matkakorvaus maksetaan j\u00e4lkik\u00e4teen yhdistyksen edustajan ilmoittamalle pankkitilille huhtikuun aikana. Korvaus maksetaan yleisten kulkuneuvojen taksan mukaisesti. Matkalaskuun liittyv\u00e4t tiedot tulee l\u00e4hett\u00e4\u00e4 <strong>Elina Pokille<\/strong> (elina.pokki.kuurojenliitto.fi) <strong>31.3.2023<\/strong> menness\u00e4<strong>,<\/strong>\u00a0HUOM! jonka j\u00e4lkeen l\u00e4hetettyj\u00e4 ei huomioida.<\/p>\n<h2>Majoitus<\/h2>\n<p>Majoituskiinti\u00f6 on varattu yhdistysten edustajille hotelli Scandic Tampere City.\u00a0Jokainen hoitaa varauksensa ja maksunsa suoraan hotellin kanssa. Varaukset on teht\u00e4v\u00e4 <strong>20.1.2023<\/strong> menness\u00e4.<\/p>\n<p>Huoneen hinta on paikan p\u00e4\u00e4ll\u00e4 maksaessa 1hh 125 \u20ac\/ y\u00f6 sis. aamupalan ja 145 \u20ac \/ y\u00f6 sis. aamupalan. Huonetyyppi on Standard.<\/p>\n<p>Varaukset tehd\u00e4\u00e4n osoitteessa: <a href=\"http:\/\/www.scandichotels.fi\/?bookingcode=XXX\">http:\/\/www.scandichotels.fi\/?bookingcode=XXX<\/a><\/p>\n<p>Varaukset voi tehd\u00e4 varaustunnuksella BKUU030223 my\u00f6s puhelimitse tai s\u00e4hk\u00f6postitse hotellin yhteystietoja k\u00e4ytt\u00e4en.<\/p>\n<p><strong>Hotellin yhteystiedot:<\/strong><\/p>\n<p>Scandic Hotelli Oy<br \/>\nH\u00e4meenkatu 1<br \/>\n33100 Tampere<br \/>\nPuhelinnumero: +358 3 2446 111<br \/>\nS\u00e4hk\u00f6posti: tamperecity@scandichotels.com<\/p>\n<p>HUOM! Maksutapa: Jokainen varaa ja maksaa oman majoituksensa<\/p>\n<p><strong>L\u00e4mpim\u00e4sti tervetuloa j\u00e4rjest\u00f6p\u00e4iville! <\/strong><\/p>\n<\/div>\n                      <\/div>\n\n                      <aside class=\"c\">\n                              <div class=\"flex flex-col mt-4 mb-4\">\n                                                          <div class=\"flex flex-row bg-white shadow-xl hover:shadow-2xl h-full mb-4\">\n                                              <div class=\"w-full p-4\">\n                      \n                        <h2 class=\"pb-3 leading-tight heading-sm text-lg\">Suora l\u00e4hetys<\/h2>\n                        <div><p>Kaikille avoin suora l\u00e4hetys lauantaina 4.2. klo 9 alkaen. L\u00e4hetys osoitteessa: <a href=\"http:\/\/www.kuurojenliitto.fi\">www.kuurojenliitto.fi<\/a><\/p>\n<p>L\u00e4hetyksess\u00e4 on tulkkaus suomen kielelle.<\/p>\n<p>Tapahtuman hashtag (#) on: #KLjarjestopaivat2023<\/p>\n<\/div>\n                                                                                              <\/div>\n                    <\/div>\n                                  <\/div>\n              \n                            <div class=\"border-l-4 border-color pl-4 mb-8\">\n\n                                  <h3 class=\"heading-lg text-2xl mb-2\">Linkkej\u00e4<\/h3>\n                \n                \n                                  <nav class=\"flex flex-col mt-4\">\n                    \n                      \n                                              <a class=\"border-t border-gray-200 text-gray-100 py-2\"\n                           href=\"https:\/\/www.facebook.com\/KLyhdistyshuone\"\n                           target=\"_blank\"><i\n                            class=\"fal fa-angle-right fa-fw\"><\/i> Yhdistyshuone Facebookissa                        <\/a>\n                      \n                    \n                      \n                                              <a class=\"border-t border-gray-200 text-gray-100 py-2\"\n                           href=\"https:\/\/kuurojenliitto.fi\/strategiset-tavoitteet-2021-2025\/\"\n                           target=\"_blank\"><i\n                            class=\"fal fa-angle-right fa-fw\"><\/i> Kuurojen Liiton strategiset tavoitteet 2021-2025                        <\/a>\n                      \n                                      <\/nav>\n                \n                              <\/div>\n              \n              \n                                  <h3 class=\"heading-lg text-2xl mb-4\">Lis\u00e4tietoja<\/h3>\n                \n                                    <div class=\"flex flex-row-reverse flex-wrap bg-white shadow-xl hover:shadow-2xl p-4 mb-3\">\n\n    <div class=\"w-1\/4 text-right\">\n    <figure class=\"entry-image overflow-hidden\">\n      <img loading=\"lazy\" decoding=\"async\" width=\"800\" height=\"800\" src=\"https:\/\/kuurojenliitto.fi\/yhdistyshuone\/wp-content\/uploads\/sites\/11\/2020\/03\/2022_08-Elina-Pokki-1-e1662114385403-800x800.jpg\" class=\"w-full object-fit\" alt=\"&quot;&quot;\" srcset=\"https:\/\/kuurojenliitto.fi\/yhdistyshuone\/wp-content\/uploads\/sites\/11\/2020\/03\/2022_08-Elina-Pokki-1-e1662114385403-800x800.jpg 800w, https:\/\/kuurojenliitto.fi\/yhdistyshuone\/wp-content\/uploads\/sites\/11\/2020\/03\/2022_08-Elina-Pokki-1-e1662114385403-768x769.jpg 768w, https:\/\/kuurojenliitto.fi\/yhdistyshuone\/wp-content\/uploads\/sites\/11\/2020\/03\/2022_08-Elina-Pokki-1-e1662114385403.jpg 1080w\" sizes=\"auto, (max-width: 800px) 100vw, 800px\" \/>    <\/figure><!-- .entry-header -->\n  <\/div>\n  <div class=\"entry-content w-3\/4 pr-4\">\n    <h3 class=\"mb-0 text-lg\">\n      <a href=\"https:\/\/kuurojenliitto.fi\/yhdistyshuone\/henkilo\/elina-pokki\/\">Elina Pokki<\/a>\n    <\/h3>\n    <div class=\"mb-4 mt-0\">\n              <span class=\"text-gray-900 text-sm\">\n                          Toiminnanjohtajan assistentti                      <\/span>\n                <\/div>\n    <div class=\"flex flex-col text-gray-600 mt-1 text-sm items-start\">\n              <div class=\"flex flex-row-reverse\">\n          <div class=\"ml-2 text-xs\">\n                                                  <span class=\"sr-only\">Henkil\u00f6 ei ota vastaan puheluja<\/span>\n              <i class=\"sr-hide fas fa-fw fa-phone-slash mr-1\"><\/i>\n                                      <span class=\"sr-only\">Henkil\u00f6 ottaa vastaan tekstiviestej\u00e4<\/span>\n              <i class=\"sr-hide fas fa-fw fa-sms mr-1\"><\/i>\n                                      <span class=\"sr-only\">Henkil\u00f6 ottaa vastaan WhatsApp-viestej\u00e4, videoviestej\u00e4 ja videopuheluja<\/span>\n              <i class=\"sr-hide fab fa-fw fa-whatsapp mr-1\"><\/i>\n                                  <\/div>\n          <div><span class=\"sr-only\">Puhelinnumero: <\/span><a href=\"tel:+358 40 738 5089\"> +358 40 738 5089<\/a><\/div>\n        <\/div>\n\n                    <div><span class=\"sr-only\"><\/span><a\n            href=\"mailto:elina.pokki@kuurojenliitto.fi\">elina.pokki@kuurojenliitto.fi<\/a><\/div>\n                <\/div>\n\n      <\/div><!-- .entry-content -->\n        <div class=\"w-full mt-2 text-xs\">\n      <span class=\"sr-only\">Henkil\u00f6n vastuualue<\/span>\n              <a href=\"https:\/\/kuurojenliitto.fi\/yhdistyshuone\/vastuualue\/hallituksen-sihteeri\/\">\n          <span class=\"bg-light py-px px-1 text-dark inline-block mr-1 mb-1\">\n            Hallituksen sihteeri          <\/span>\n        <\/a>\n          <\/div>\n  \n<\/div>\n                              \n            <\/aside>\n          \n\n      <\/div>\n    \n  \n<\/section>\n","protected":false},"excerpt":{"rendered":"<p>J\u00e4rjest\u00f6p\u00e4iv\u00e4t toteutetaan 3.-4. helmikuuta 2023 hybriditapahtumana: voitte osallistua paikan p\u00e4\u00e4ll\u00e4 Tampereella tai et\u00e4n\u00e4 Zoomin verkkoalustalla. Kiinnit\u00e4 Kesto: 01:48 Tekstitys: Suomi Kieli: Suomalainen viittomakieli J\u00e4rjest\u00f6p\u00e4ivill\u00e4 on kolme ajankohtaista teemaa: kotimaisten viittomakielten elvytysty\u00f6, eduskuntavaalivaikuttaminen ja yhdenvertaisuus j\u00e4rjest\u00f6toiminnassa&#8230;.<\/p>\n","protected":false},"author":6,"featured_media":5101,"parent":0,"menu_order":0,"comment_status":"closed","ping_status":"closed","template":"","meta":{"footnotes":""},"class_list":["post-4139","page","type-page","status-publish","has-post-thumbnail","hentry","px-4 sm:px-4 md:px-8 lg:px-12 xl:px-24"],"acf":[],"yoast_head":"<!-- This site is optimized with the Yoast SEO plugin v27.3 - https:\/\/yoast.com\/product\/yoast-seo-wordpress\/ -->\n<title>J\u00e4rjest\u00f6p\u00e4iv\u00e4t 2023 - Yhdistyshuone<\/title>\n<meta name=\"robots\" content=\"index, follow, max-snippet:-1, max-image-preview:large, max-video-preview:-1\" \/>\n<link rel=\"canonical\" href=\"https:\/\/kuurojenliitto.fi\/yhdistyshuone\/jarjestopaivat-2023\/\" \/>\n<meta property=\"og:locale\" content=\"fi_FI\" \/>\n<meta property=\"og:type\" content=\"article\" \/>\n<meta property=\"og:title\" content=\"J\u00e4rjest\u00f6p\u00e4iv\u00e4t 2023 - Yhdistyshuone\" \/>\n<meta property=\"og:description\" content=\"J\u00e4rjest\u00f6p\u00e4iv\u00e4t toteutetaan 3.-4. helmikuuta 2023 hybriditapahtumana: voitte osallistua paikan p\u00e4\u00e4ll\u00e4 Tampereella tai et\u00e4n\u00e4 Zoomin verkkoalustalla. Kiinnit\u00e4 Kesto: 01:48 Tekstitys: Suomi Kieli: Suomalainen viittomakieli J\u00e4rjest\u00f6p\u00e4ivill\u00e4 on kolme ajankohtaista teemaa: kotimaisten viittomakielten elvytysty\u00f6, eduskuntavaalivaikuttaminen ja yhdenvertaisuus j\u00e4rjest\u00f6toiminnassa....\" \/>\n<meta property=\"og:url\" content=\"https:\/\/kuurojenliitto.fi\/yhdistyshuone\/jarjestopaivat-2023\/\" \/>\n<meta property=\"og:site_name\" content=\"Yhdistyshuone\" \/>\n<meta property=\"article:modified_time\" content=\"2023-01-31T15:46:06+00:00\" \/>\n<meta property=\"og:image\" content=\"https:\/\/kuurojenliitto.fi\/yhdistyshuone\/wp-content\/uploads\/sites\/11\/2022\/12\/jarjestopaivat22.jpg\" \/>\n\t<meta property=\"og:image:width\" content=\"1080\" \/>\n\t<meta property=\"og:image:height\" content=\"608\" \/>\n\t<meta property=\"og:image:type\" content=\"image\/jpeg\" \/>\n<meta name=\"twitter:card\" content=\"summary_large_image\" \/>\n<script type=\"application\/ld+json\" class=\"yoast-schema-graph\">{\"@context\":\"https:\\\/\\\/schema.org\",\"@graph\":[{\"@type\":\"WebPage\",\"@id\":\"https:\\\/\\\/kuurojenliitto.fi\\\/yhdistyshuone\\\/jarjestopaivat-2023\\\/\",\"url\":\"https:\\\/\\\/kuurojenliitto.fi\\\/yhdistyshuone\\\/jarjestopaivat-2023\\\/\",\"name\":\"J\u00e4rjest\u00f6p\u00e4iv\u00e4t 2023 - Yhdistyshuone\",\"isPartOf\":{\"@id\":\"https:\\\/\\\/kuurojenliitto.fi\\\/yhdistyshuone\\\/#website\"},\"primaryImageOfPage\":{\"@id\":\"https:\\\/\\\/kuurojenliitto.fi\\\/yhdistyshuone\\\/jarjestopaivat-2023\\\/#primaryimage\"},\"image\":{\"@id\":\"https:\\\/\\\/kuurojenliitto.fi\\\/yhdistyshuone\\\/jarjestopaivat-2023\\\/#primaryimage\"},\"thumbnailUrl\":\"https:\\\/\\\/kuurojenliitto.fi\\\/yhdistyshuone\\\/wp-content\\\/uploads\\\/sites\\\/11\\\/2022\\\/12\\\/jarjestopaivat22.jpg\",\"datePublished\":\"2021-12-16T13:56:50+00:00\",\"dateModified\":\"2023-01-31T15:46:06+00:00\",\"breadcrumb\":{\"@id\":\"https:\\\/\\\/kuurojenliitto.fi\\\/yhdistyshuone\\\/jarjestopaivat-2023\\\/#breadcrumb\"},\"inLanguage\":\"fi\",\"potentialAction\":[{\"@type\":\"ReadAction\",\"target\":[\"https:\\\/\\\/kuurojenliitto.fi\\\/yhdistyshuone\\\/jarjestopaivat-2023\\\/\"]}]},{\"@type\":\"ImageObject\",\"inLanguage\":\"fi\",\"@id\":\"https:\\\/\\\/kuurojenliitto.fi\\\/yhdistyshuone\\\/jarjestopaivat-2023\\\/#primaryimage\",\"url\":\"https:\\\/\\\/kuurojenliitto.fi\\\/yhdistyshuone\\\/wp-content\\\/uploads\\\/sites\\\/11\\\/2022\\\/12\\\/jarjestopaivat22.jpg\",\"contentUrl\":\"https:\\\/\\\/kuurojenliitto.fi\\\/yhdistyshuone\\\/wp-content\\\/uploads\\\/sites\\\/11\\\/2022\\\/12\\\/jarjestopaivat22.jpg\",\"width\":1080,\"height\":608,\"caption\":\"\\\"\\\"\"},{\"@type\":\"BreadcrumbList\",\"@id\":\"https:\\\/\\\/kuurojenliitto.fi\\\/yhdistyshuone\\\/jarjestopaivat-2023\\\/#breadcrumb\",\"itemListElement\":[{\"@type\":\"ListItem\",\"position\":1,\"name\":\"Ing\u00e5ngssida\",\"item\":\"https:\\\/\\\/kuurojenliitto.fi\\\/yhdistyshuone\\\/\"},{\"@type\":\"ListItem\",\"position\":2,\"name\":\"J\u00e4rjest\u00f6p\u00e4iv\u00e4t 2023\"}]},{\"@type\":\"WebSite\",\"@id\":\"https:\\\/\\\/kuurojenliitto.fi\\\/yhdistyshuone\\\/#website\",\"url\":\"https:\\\/\\\/kuurojenliitto.fi\\\/yhdistyshuone\\\/\",\"name\":\"Yhdistyshuone\",\"description\":\"Uusi Kuurojen Liitto-sivustot -sivusto\",\"potentialAction\":[{\"@type\":\"SearchAction\",\"target\":{\"@type\":\"EntryPoint\",\"urlTemplate\":\"https:\\\/\\\/kuurojenliitto.fi\\\/yhdistyshuone\\\/?s={search_term_string}\"},\"query-input\":{\"@type\":\"PropertyValueSpecification\",\"valueRequired\":true,\"valueName\":\"search_term_string\"}}],\"inLanguage\":\"fi\"}]}<\/script>\n<!-- \/ Yoast SEO plugin. -->","yoast_head_json":{"title":"J\u00e4rjest\u00f6p\u00e4iv\u00e4t 2023 - Yhdistyshuone","robots":{"index":"index","follow":"follow","max-snippet":"max-snippet:-1","max-image-preview":"max-image-preview:large","max-video-preview":"max-video-preview:-1"},"canonical":"https:\/\/kuurojenliitto.fi\/yhdistyshuone\/jarjestopaivat-2023\/","og_locale":"fi_FI","og_type":"article","og_title":"J\u00e4rjest\u00f6p\u00e4iv\u00e4t 2023 - Yhdistyshuone","og_description":"J\u00e4rjest\u00f6p\u00e4iv\u00e4t toteutetaan 3.-4. helmikuuta 2023 hybriditapahtumana: voitte osallistua paikan p\u00e4\u00e4ll\u00e4 Tampereella tai et\u00e4n\u00e4 Zoomin verkkoalustalla. Kiinnit\u00e4 Kesto: 01:48 Tekstitys: Suomi Kieli: Suomalainen viittomakieli J\u00e4rjest\u00f6p\u00e4ivill\u00e4 on kolme ajankohtaista teemaa: kotimaisten viittomakielten elvytysty\u00f6, eduskuntavaalivaikuttaminen ja yhdenvertaisuus j\u00e4rjest\u00f6toiminnassa....","og_url":"https:\/\/kuurojenliitto.fi\/yhdistyshuone\/jarjestopaivat-2023\/","og_site_name":"Yhdistyshuone","article_modified_time":"2023-01-31T15:46:06+00:00","og_image":[{"width":1080,"height":608,"url":"https:\/\/kuurojenliitto.fi\/yhdistyshuone\/wp-content\/uploads\/sites\/11\/2022\/12\/jarjestopaivat22.jpg","type":"image\/jpeg"}],"twitter_card":"summary_large_image","schema":{"@context":"https:\/\/schema.org","@graph":[{"@type":"WebPage","@id":"https:\/\/kuurojenliitto.fi\/yhdistyshuone\/jarjestopaivat-2023\/","url":"https:\/\/kuurojenliitto.fi\/yhdistyshuone\/jarjestopaivat-2023\/","name":"J\u00e4rjest\u00f6p\u00e4iv\u00e4t 2023 - Yhdistyshuone","isPartOf":{"@id":"https:\/\/kuurojenliitto.fi\/yhdistyshuone\/#website"},"primaryImageOfPage":{"@id":"https:\/\/kuurojenliitto.fi\/yhdistyshuone\/jarjestopaivat-2023\/#primaryimage"},"image":{"@id":"https:\/\/kuurojenliitto.fi\/yhdistyshuone\/jarjestopaivat-2023\/#primaryimage"},"thumbnailUrl":"https:\/\/kuurojenliitto.fi\/yhdistyshuone\/wp-content\/uploads\/sites\/11\/2022\/12\/jarjestopaivat22.jpg","datePublished":"2021-12-16T13:56:50+00:00","dateModified":"2023-01-31T15:46:06+00:00","breadcrumb":{"@id":"https:\/\/kuurojenliitto.fi\/yhdistyshuone\/jarjestopaivat-2023\/#breadcrumb"},"inLanguage":"fi","potentialAction":[{"@type":"ReadAction","target":["https:\/\/kuurojenliitto.fi\/yhdistyshuone\/jarjestopaivat-2023\/"]}]},{"@type":"ImageObject","inLanguage":"fi","@id":"https:\/\/kuurojenliitto.fi\/yhdistyshuone\/jarjestopaivat-2023\/#primaryimage","url":"https:\/\/kuurojenliitto.fi\/yhdistyshuone\/wp-content\/uploads\/sites\/11\/2022\/12\/jarjestopaivat22.jpg","contentUrl":"https:\/\/kuurojenliitto.fi\/yhdistyshuone\/wp-content\/uploads\/sites\/11\/2022\/12\/jarjestopaivat22.jpg","width":1080,"height":608,"caption":"\"\""},{"@type":"BreadcrumbList","@id":"https:\/\/kuurojenliitto.fi\/yhdistyshuone\/jarjestopaivat-2023\/#breadcrumb","itemListElement":[{"@type":"ListItem","position":1,"name":"Ing\u00e5ngssida","item":"https:\/\/kuurojenliitto.fi\/yhdistyshuone\/"},{"@type":"ListItem","position":2,"name":"J\u00e4rjest\u00f6p\u00e4iv\u00e4t 2023"}]},{"@type":"WebSite","@id":"https:\/\/kuurojenliitto.fi\/yhdistyshuone\/#website","url":"https:\/\/kuurojenliitto.fi\/yhdistyshuone\/","name":"Yhdistyshuone","description":"Uusi Kuurojen Liitto-sivustot -sivusto","potentialAction":[{"@type":"SearchAction","target":{"@type":"EntryPoint","urlTemplate":"https:\/\/kuurojenliitto.fi\/yhdistyshuone\/?s={search_term_string}"},"query-input":{"@type":"PropertyValueSpecification","valueRequired":true,"valueName":"search_term_string"}}],"inLanguage":"fi"}]}},"lang":"fi","translations":{"fi":4139,"sv":4212},"pll_sync_post":[],"_links":{"self":[{"href":"https:\/\/kuurojenliitto.fi\/yhdistyshuone\/wp-json\/wp\/v2\/pages\/4139","targetHints":{"allow":["GET"]}}],"collection":[{"href":"https:\/\/kuurojenliitto.fi\/yhdistyshuone\/wp-json\/wp\/v2\/pages"}],"about":[{"href":"https:\/\/kuurojenliitto.fi\/yhdistyshuone\/wp-json\/wp\/v2\/types\/page"}],"author":[{"embeddable":true,"href":"https:\/\/kuurojenliitto.fi\/yhdistyshuone\/wp-json\/wp\/v2\/users\/6"}],"replies":[{"embeddable":true,"href":"https:\/\/kuurojenliitto.fi\/yhdistyshuone\/wp-json\/wp\/v2\/comments?post=4139"}],"version-history":[{"count":86,"href":"https:\/\/kuurojenliitto.fi\/yhdistyshuone\/wp-json\/wp\/v2\/pages\/4139\/revisions"}],"predecessor-version":[{"id":5141,"href":"https:\/\/kuurojenliitto.fi\/yhdistyshuone\/wp-json\/wp\/v2\/pages\/4139\/revisions\/5141"}],"wp:featuredmedia":[{"embeddable":true,"href":"https:\/\/kuurojenliitto.fi\/yhdistyshuone\/wp-json\/wp\/v2\/media\/5101"}],"wp:attachment":[{"href":"https:\/\/kuurojenliitto.fi\/yhdistyshuone\/wp-json\/wp\/v2\/media?parent=4139"}],"curies":[{"name":"wp","href":"https:\/\/api.w.org\/{rel}","templated":true}]}}