{"id":4052,"date":"2021-11-25T10:12:40","date_gmt":"2021-11-25T08:12:40","guid":{"rendered":"https:\/\/kuurojenliitto.fi\/yhdistyshuone\/?page_id=4052"},"modified":"2022-05-19T11:01:17","modified_gmt":"2022-05-19T08:01:17","slug":"forbundsmotet-2022","status":"publish","type":"page","link":"https:\/\/kuurojenliitto.fi\/yhdistyshuone\/sv\/forbundsmotet-2022\/","title":{"rendered":"F\u00f6rbundsm\u00f6tet 2022"},"content":{"rendered":"\n\n<section id=\"column-block_619f3d13290c2\" class=\"section-default ingress px-4 sm:px-4 md:px-8 lg:px-12 xl:px-24\">\n    <div class=\"flex pb-4\">\n                      <div class=\"w-full text-lg\">\n                  <p>M\u00d6TESKALLELSE <\/p>\n        <\/div>\n            \n    <\/div>\n\n<\/section>\n\n\n\n<section id=\"column-block_619f3d4f290c3\" class=\"px-4 sm:px-4 md:px-8 lg:px-12 xl:px-24 section-default \">\n\n            <div class=\"relative py-4 gridder\">\n                        <div id=\"stickier\" class=\"b z-10 flex flex-row flex-wrap  mb-6 top-0 relative\">\n\n          <div class=\"x-tabs w-full\" x-data=\"{ activeTab: 0 }\">\n                    <div :class=\"{ 'hidden': activeTab !== 0 }\" tabindex=\"0\" role=\"tabpanel\" id=\"tab-0\" aria-labelledby=\"label-0\" class=\"bg-white\">\n                                        <button onclick=\"getSticky()\" class=\"bg-moss-500 hover:text-white text-dark w-16 h-16 hidden md:block md:absolute top-0 right-0 z-10\"><i class=\"fas fa-thumbtack fa-lg\"><\/i><br><span id=\"stickytext\">Kiinnit\u00e4<\/span><\/button>\n                                <div class=\"responsive-iframe w-full\">\n    <iframe class=\"qbrick-iframe\"\n            src=\"https:\/\/video.qbrick.com\/play2\/embed\/player?accountId=128853&amp;mediaId=322cc853-8ec9-4276-8763-e671926f8eb7&amp;configId=default&amp;pageStyling=adaptive&amp;autoplay=false&amp;repeat=false&amp;sharing=false&amp;language=\"\n            allowfullscreen=\"\" frameborder=\"0\" border=\"0\"><\/iframe>\n  <\/div>\n  <div class=\"w-full p-2 bg-light text-md\">\n        <div class=\"flex flex-row flex-wrap text-sm text-gray-800\">\n              <div class=\"w-full md:w-1\/3\">\n          <i class=\"far fa-clock mr-1 text-gray-500\"><\/i> Videon kesto: 01:40<\/div>\n      \n      <div class=\"w-full md:w-2\/3\">\n        <i class=\"fal fa-closed-captioning mr-1 text-gray-500\"><\/i>\n        Ei tekstityst\u00e4      <\/div>\n      \n        <div class=\"w-full\"><i class=\"fal fa-sign-language mr-1 text-gray-500\"><\/i>\n          Kieli:\n                                                  <span>Suomalainen viittomakieli<\/span>\n                              <\/div>\n          <\/div>\n  <\/div>\n                                                <\/div>\n                                <\/div>\n\n                              <\/div>\n        \n          <div class=\"content entry-content bg-white p-8 lg:pr-20 a lg:mr-12 mb-3 shadow-xl hover:shadow-2xl\">\n            <p>Finlands D\u00f6vas F\u00f6rbund rf:s styrelse kallar medlemsf\u00f6reningarna till stadgeenligt ordinarie f\u00f6rbundsm\u00f6te som h\u00e5lls <strong>11.6.2022<\/strong> i Ljusa huset, Ilkkav\u00e4gen 4, 00400 Helsingfors. F\u00f6rbundsm\u00f6tet inleds l\u00f6rdagen den 11 juni klockan 10.00 och avslutas klockan 18.00.<\/p>\n<p>M\u00f6tet behandlar \u00e4renden, som enligt f\u00f6rbundets stadgar \u00e5ligger ordinarie f\u00f6rbundsm\u00f6tet och som beretts av styrelsen, samt tills\u00e4tter ett valutskott f\u00f6r att bereda personvalen till det ordinarie f\u00f6rbundsm\u00f6tet 2023.<\/p>\n<p>R\u00f6str\u00e4tt p\u00e5 f\u00f6rbundsm\u00f6tet har de delegater som valts av medlemsf\u00f6reningarna. Av medlemsf\u00f6reningarna har d\u00f6vf\u00f6reningarna en (1) r\u00f6st var och dessutom en (1) till\u00e4ggsr\u00f6st f\u00f6r varje hundratal (100) medlemmar. \u00d6vriga medlemsf\u00f6reningar har en (1) r\u00f6st var.<\/p>\n<p>Medlemsf\u00f6reningens delegat ska f\u00f6rete sin fullmakt f\u00f6r granskning p\u00e5 m\u00f6tesplatsen vid angiven tid. Granskningen av fullmakter sker p\u00e5 m\u00f6tesplatsen l\u00f6rdagen den 11 juni klockan 9.00\u201310.00.<\/p>\n<h2>Direkts\u00e4ndning<\/h2>\n<p>Fr\u00e5n f\u00f6rbundsm\u00f6tet g\u00f6rs en direkts\u00e4ndning som kan ses p\u00e5 adressen: <strong><a href=\"https:\/\/kuurojenliitto.fi\/\">www.kuurojenliitto.fi<\/a><\/strong><\/p>\n<p><img loading=\"lazy\" decoding=\"async\" class=\"alignnone size-medium wp-image-4520\" src=\"https:\/\/kuurojenliitto.fi\/yhdistyshuone\/wp-content\/uploads\/sites\/11\/2022\/05\/liittokokous-2022-1280x720-1-1280x720.jpg\" alt=\"\" width=\"300\" height=\"169\" srcset=\"https:\/\/kuurojenliitto.fi\/yhdistyshuone\/wp-content\/uploads\/sites\/11\/2022\/05\/liittokokous-2022-1280x720-1.jpg 1280w, https:\/\/kuurojenliitto.fi\/yhdistyshuone\/wp-content\/uploads\/sites\/11\/2022\/05\/liittokokous-2022-1280x720-1-768x432.jpg 768w\" sizes=\"auto, (max-width: 300px) 100vw, 300px\" \/><\/p>\n                      <\/div>\n\n                      <aside class=\"c\">\n              \n                            <div class=\"border-l-4 border-color pl-4 mb-8\">\n\n                                  <h3 class=\"heading-lg text-2xl mb-2\">Material f\u00f6r representanter (l\u00f6senordsskyddad):<\/h3>\n                \n                \n                                  <nav class=\"flex flex-col mt-4\">\n                    \n                      \n                                              <a class=\"border-t border-gray-200 text-gray-100 py-2\"\n                           href=\"https:\/\/kuurojenliitto.fi\/yhdistyshuone\/sv\/forbundsmotet-2022-material-for-representanter\/\"\n                           target=\"_self\"><i\n                            class=\"fal fa-angle-right fa-fw\"><\/i> F\u00f6rbundsm\u00f6tet 2022 material f\u00f6r representanter                        <\/a>\n                      \n                                      <\/nav>\n                \n                              <\/div>\n              \n              \n                \n                                    <div class=\"flex flex-row-reverse flex-wrap bg-white shadow-xl hover:shadow-2xl p-4 mb-3\">\n\n    <div class=\"w-1\/4 text-right\">\n    <figure class=\"entry-image overflow-hidden\">\n      <img loading=\"lazy\" decoding=\"async\" width=\"800\" height=\"800\" src=\"https:\/\/kuurojenliitto.fi\/yhdistyshuone\/wp-content\/uploads\/sites\/11\/2020\/03\/2022_08-Elina-Pokki-1-e1662114385403-800x800.jpg\" class=\"w-full object-fit\" alt=\"\" srcset=\"https:\/\/kuurojenliitto.fi\/yhdistyshuone\/wp-content\/uploads\/sites\/11\/2020\/03\/2022_08-Elina-Pokki-1-e1662114385403-800x800.jpg 800w, https:\/\/kuurojenliitto.fi\/yhdistyshuone\/wp-content\/uploads\/sites\/11\/2020\/03\/2022_08-Elina-Pokki-1-e1662114385403-768x769.jpg 768w, https:\/\/kuurojenliitto.fi\/yhdistyshuone\/wp-content\/uploads\/sites\/11\/2020\/03\/2022_08-Elina-Pokki-1-e1662114385403.jpg 1080w\" sizes=\"auto, (max-width: 800px) 100vw, 800px\" \/>    <\/figure><!-- .entry-header -->\n  <\/div>\n  <div class=\"entry-content w-3\/4 pr-4\">\n    <h3 class=\"mb-0 text-lg\">\n      <a href=\"https:\/\/kuurojenliitto.fi\/yhdistyshuone\/sv\/person\/elina-pokki\/\">Elina Pokki<\/a>\n    <\/h3>\n    <div class=\"mb-4 mt-0\">\n              <span class=\"text-gray-900 text-sm\">\n                          Verksamhetsledarens assistent                      <\/span>\n                <\/div>\n    <div class=\"flex flex-col text-gray-600 mt-1 text-sm items-start\">\n              <div class=\"flex flex-row-reverse\">\n          <div class=\"ml-2 text-xs\">\n                                                  <span class=\"sr-only\">Henkil\u00f6 ei ota vastaan puheluja<\/span>\n              <i class=\"sr-hide fas fa-fw fa-phone-slash mr-1\"><\/i>\n                                      <span class=\"sr-only\">Henkil\u00f6 ottaa vastaan tekstiviestej\u00e4<\/span>\n              <i class=\"sr-hide fas fa-fw fa-sms mr-1\"><\/i>\n                                      <span class=\"sr-only\">Henkil\u00f6 ottaa vastaan WhatsApp-viestej\u00e4, videoviestej\u00e4 ja videopuheluja<\/span>\n              <i class=\"sr-hide fab fa-fw fa-whatsapp mr-1\"><\/i>\n                                  <\/div>\n          <div><span class=\"sr-only\">Puhelinnumero: <\/span><a href=\"tel:+358 40 738 5089\"> +358 40 738 5089<\/a><\/div>\n        <\/div>\n\n                    <div><span class=\"sr-only\"><\/span><a\n            href=\"mailto:elina.pokki@kuurojenliitto.fi\">elina.pokki@kuurojenliitto.fi<\/a><\/div>\n                <\/div>\n\n      <\/div><!-- .entry-content -->\n        <div class=\"w-full mt-2 text-xs\">\n      <span class=\"sr-only\">Henkil\u00f6n vastuualue<\/span>\n              <a href=\"https:\/\/kuurojenliitto.fi\/yhdistyshuone\/sv\/ansvarsomr%C3%A5de\/styrelsens-sekreterare\/\">\n          <span class=\"bg-light py-px px-1 text-dark inline-block mr-1 mb-1\">\n            Styrelsens sekreterare          <\/span>\n        <\/a>\n          <\/div>\n  \n<\/div>\n                              \n            <\/aside>\n          \n\n      <\/div>\n    \n  \n<\/section>\n\n\n\n<p><\/p>\n\n\n\n\n<section id=\"column-block_619f4d1600840\" class=\"section-default pt-8 pb-0  px-4 sm:px-4 lg:px-12 xl:px-24 bg-gray-100 text-gray-900 title\">\n\n  \n    <div class=\"md:flex md:flex-row items-center\">\n\n      <div class=\"w-full md:w-2\/3\">\n        <h1 class=\"leading-tight heading-sm  text-2xl sm:text-3xl lg:text-4xl\">Nyheter fr\u00e5n f\u00f6rbundsm\u00f6tet<\/h1>\n      <\/div>\n\n      <div class=\"w-full md:w-1\/3 md:text-right\">\n                  <a class=\"btn mt-4 md:mt-0 btn-dark  inline-block\" href=\"https:\/\/kuurojenliitto.fi\/yhdistyshuone\/sv\/aktuellt\/\" target=\"_self\">Alla nyheter<\/a>\n              <\/div>\n\n    <\/div>\n\n  \n\n<\/section>\n\n\n\n<section id=\"column-block_619f4d4300841\"\n         class=\"section-default pt-4 pb-8 px-4 sm:px-4 md:px-8 lg:px-12 xl:px-24 bg-gray-100 cards\">\n    \n        <div class=\"flex flex-wrap flex-row -mx-4\">\n\n            \n                                                            \n<article class=\"w-full md:w-1\/3 p-4 relative\">\n  <div class=\"bg-white shadow-xl hover:shadow-2xl h-full \">\n    <figure class=\"relative imageratio\">\n                <img decoding=\"async\" src=\"https:\/\/kuurojenliitto.fi\/yhdistyshuone\/wp-content\/uploads\/sites\/11\/2025\/12\/Kevainen-Aurajoki_NETTIKOKO-1280x720.jpg\" class=\"w-full\">\n            <span class=\"bg-dark py-1 px-2 ml-2 absolute bottom-0 text-sm text-white\">\n      \tF\u00f6rbundsm\u00f6tet |       \t15.12.2025<\/span>\n    <\/figure>\n    <h2 class=\"py-3 px-4 leading-tight heading-sm text-lg\">\n      <a href=\"https:\/\/kuurojenliitto.fi\/yhdistyshuone\/sv\/aktuellt\/liittokokous-2026-jarjestetaan-6-6-turussa\/\">F\u00f6rbundsm\u00f6tet 2026 h\u00e5lls den 6 juni i \u00c5bo<\/a>\n      <div class=\"hidden play-button absolute z-10 pointer-events-none\"><i class=\"text-5xl text-white far fa-play-circle\"><\/i><\/div>\n    <\/h2>\n  <\/div>\n<\/article>\n                                            \n<article class=\"w-full md:w-1\/3 p-4 relative\">\n  <div class=\"bg-white shadow-xl hover:shadow-2xl h-full \">\n    <figure class=\"relative imageratio\">\n                <img decoding=\"async\" src=\"https:\/\/img.youtube.com\/vi\/-F_1HvgXccE\/mqdefault.jpg\" class=\"w-full\">\n            <span class=\"bg-dark py-1 px-2 ml-2 absolute bottom-0 text-sm text-white\">\n      \tF\u00f6rbundsm\u00f6tet |       \t23.5.2025<\/span>\n    <\/figure>\n    <h2 class=\"py-3 px-4 leading-tight heading-sm text-lg\">\n      <a href=\"https:\/\/kuurojenliitto.fi\/yhdistyshuone\/sv\/aktuellt\/tervetuloa-liittokokoukseen-ja-kehittamispaiville\/\">V\u00e4lkomna till f\u00f6rbundsm\u00f6tet och utvecklingsdagen!<\/a>\n      <div class=\"hidden play-button absolute z-10 pointer-events-none\"><i class=\"text-5xl text-white far fa-play-circle\"><\/i><\/div>\n    <\/h2>\n  <\/div>\n<\/article>\n                                            \n<article class=\"w-full md:w-1\/3 p-4 relative\">\n  <div class=\"bg-white shadow-xl hover:shadow-2xl h-full \">\n    <figure class=\"relative imageratio\">\n                <img decoding=\"async\" src=\"https:\/\/img.youtube.com\/vi\/ti1CToJfef0\/mqdefault.jpg\" class=\"w-full\">\n            <span class=\"bg-dark py-1 px-2 ml-2 absolute bottom-0 text-sm text-white\">\n      \tF\u00f6rbundsm\u00f6tet |       \t16.5.2025<\/span>\n    <\/figure>\n    <h2 class=\"py-3 px-4 leading-tight heading-sm text-lg\">\n      <a href=\"https:\/\/kuurojenliitto.fi\/yhdistyshuone\/sv\/aktuellt\/kuurojen-liiton-puheenjohtajapaneelin-tallenne\/\">Finlands D\u00f6vas F\u00f6rbunds ordf\u00f6randepanel \u2013 inspelning<\/a>\n      <div class=\"hidden play-button absolute z-10 pointer-events-none\"><i class=\"text-5xl text-white far fa-play-circle\"><\/i><\/div>\n    <\/h2>\n  <\/div>\n<\/article>\n                                    \n            \n        <\/div>\n\n    \n<\/section>\n","protected":false},"excerpt":{"rendered":"<p>Vid Finlands D\u00f6vas F\u00f6rbunds f\u00f6rbundsm\u00f6te i juni 2025 v\u00e4ljs en ny styrelseordf\u00f6rande f\u00f6r de kommande tre f\u00f6rbundsm\u00f6tesperioderna. Styrelseordf\u00f6rande Jaana Aaltonen st\u00e5r i tur att avg\u00e5 \u00e5r 2025. De som kandiderar till posten som ny ordf\u00f6rande&#8230;<\/p>\n","protected":false},"author":6,"featured_media":2111,"parent":0,"menu_order":0,"comment_status":"closed","ping_status":"closed","template":"","meta":{"footnotes":""},"class_list":["post-4052","page","type-page","status-publish","has-post-thumbnail","hentry","px-4 sm:px-4 md:px-8 lg:px-12 xl:px-24"],"acf":[],"yoast_head":"<!-- This site is optimized with the Yoast SEO plugin v27.1 - https:\/\/yoast.com\/product\/yoast-seo-wordpress\/ -->\n<title>F\u00f6rbundsm\u00f6tet 2022 - Yhdistyshuone<\/title>\n<meta name=\"robots\" content=\"index, follow, max-snippet:-1, max-image-preview:large, max-video-preview:-1\" \/>\n<link rel=\"canonical\" href=\"https:\/\/kuurojenliitto.fi\/yhdistyshuone\/sv\/forbundsmotet-2022\/\" \/>\n<meta property=\"og:locale\" content=\"fi_FI\" \/>\n<meta property=\"og:type\" content=\"article\" \/>\n<meta property=\"og:title\" content=\"F\u00f6rbundsm\u00f6tet 2022 - Yhdistyshuone\" \/>\n<meta property=\"og:description\" content=\"Vid Finlands D\u00f6vas F\u00f6rbunds f\u00f6rbundsm\u00f6te i juni 2025 v\u00e4ljs en ny styrelseordf\u00f6rande f\u00f6r de kommande tre f\u00f6rbundsm\u00f6tesperioderna. Styrelseordf\u00f6rande Jaana Aaltonen st\u00e5r i tur att avg\u00e5 \u00e5r 2025. De som kandiderar till posten som ny ordf\u00f6rande...\" \/>\n<meta property=\"og:url\" content=\"https:\/\/kuurojenliitto.fi\/yhdistyshuone\/sv\/forbundsmotet-2022\/\" \/>\n<meta property=\"og:site_name\" content=\"Yhdistyshuone\" \/>\n<meta property=\"article:modified_time\" content=\"2022-05-19T08:01:17+00:00\" \/>\n<meta property=\"og:image\" content=\"https:\/\/kuurojenliitto.fi\/yhdistyshuone\/wp-content\/uploads\/sites\/11\/2020\/09\/9M9A0584.jpg\" \/>\n\t<meta property=\"og:image:width\" content=\"1620\" \/>\n\t<meta property=\"og:image:height\" content=\"1080\" \/>\n\t<meta property=\"og:image:type\" content=\"image\/jpeg\" \/>\n<meta name=\"twitter:card\" content=\"summary_large_image\" \/>\n<script type=\"application\/ld+json\" class=\"yoast-schema-graph\">{\"@context\":\"https:\/\/schema.org\",\"@graph\":[{\"@type\":\"WebPage\",\"@id\":\"https:\/\/kuurojenliitto.fi\/yhdistyshuone\/sv\/forbundsmotet-2022\/\",\"url\":\"https:\/\/kuurojenliitto.fi\/yhdistyshuone\/sv\/forbundsmotet-2022\/\",\"name\":\"F\u00f6rbundsm\u00f6tet 2022 - Yhdistyshuone\",\"isPartOf\":{\"@id\":\"https:\/\/kuurojenliitto.fi\/yhdistyshuone\/#website\"},\"primaryImageOfPage\":{\"@id\":\"https:\/\/kuurojenliitto.fi\/yhdistyshuone\/sv\/forbundsmotet-2022\/#primaryimage\"},\"image\":{\"@id\":\"https:\/\/kuurojenliitto.fi\/yhdistyshuone\/sv\/forbundsmotet-2022\/#primaryimage\"},\"thumbnailUrl\":\"https:\/\/kuurojenliitto.fi\/yhdistyshuone\/wp-content\/uploads\/sites\/11\/2020\/09\/9M9A0584.jpg\",\"datePublished\":\"2021-11-25T08:12:40+00:00\",\"dateModified\":\"2022-05-19T08:01:17+00:00\",\"breadcrumb\":{\"@id\":\"https:\/\/kuurojenliitto.fi\/yhdistyshuone\/sv\/forbundsmotet-2022\/#breadcrumb\"},\"inLanguage\":\"fi\",\"potentialAction\":[{\"@type\":\"ReadAction\",\"target\":[\"https:\/\/kuurojenliitto.fi\/yhdistyshuone\/sv\/forbundsmotet-2022\/\"]}]},{\"@type\":\"ImageObject\",\"inLanguage\":\"fi\",\"@id\":\"https:\/\/kuurojenliitto.fi\/yhdistyshuone\/sv\/forbundsmotet-2022\/#primaryimage\",\"url\":\"https:\/\/kuurojenliitto.fi\/yhdistyshuone\/wp-content\/uploads\/sites\/11\/2020\/09\/9M9A0584.jpg\",\"contentUrl\":\"https:\/\/kuurojenliitto.fi\/yhdistyshuone\/wp-content\/uploads\/sites\/11\/2020\/09\/9M9A0584.jpg\",\"width\":1620,\"height\":1080},{\"@type\":\"BreadcrumbList\",\"@id\":\"https:\/\/kuurojenliitto.fi\/yhdistyshuone\/sv\/forbundsmotet-2022\/#breadcrumb\",\"itemListElement\":[{\"@type\":\"ListItem\",\"position\":1,\"name\":\"Ing\u00e5ngssida\",\"item\":\"https:\/\/kuurojenliitto.fi\/yhdistyshuone\/\"},{\"@type\":\"ListItem\",\"position\":2,\"name\":\"F\u00f6rbundsm\u00f6tet 2022\"}]},{\"@type\":\"WebSite\",\"@id\":\"https:\/\/kuurojenliitto.fi\/yhdistyshuone\/#website\",\"url\":\"https:\/\/kuurojenliitto.fi\/yhdistyshuone\/\",\"name\":\"Yhdistyshuone\",\"description\":\"Uusi Kuurojen Liitto-sivustot -sivusto\",\"potentialAction\":[{\"@type\":\"SearchAction\",\"target\":{\"@type\":\"EntryPoint\",\"urlTemplate\":\"https:\/\/kuurojenliitto.fi\/yhdistyshuone\/?s={search_term_string}\"},\"query-input\":{\"@type\":\"PropertyValueSpecification\",\"valueRequired\":true,\"valueName\":\"search_term_string\"}}],\"inLanguage\":\"fi\"}]}<\/script>\n<!-- \/ Yoast SEO plugin. -->","yoast_head_json":{"title":"F\u00f6rbundsm\u00f6tet 2022 - Yhdistyshuone","robots":{"index":"index","follow":"follow","max-snippet":"max-snippet:-1","max-image-preview":"max-image-preview:large","max-video-preview":"max-video-preview:-1"},"canonical":"https:\/\/kuurojenliitto.fi\/yhdistyshuone\/sv\/forbundsmotet-2022\/","og_locale":"fi_FI","og_type":"article","og_title":"F\u00f6rbundsm\u00f6tet 2022 - Yhdistyshuone","og_description":"Vid Finlands D\u00f6vas F\u00f6rbunds f\u00f6rbundsm\u00f6te i juni 2025 v\u00e4ljs en ny styrelseordf\u00f6rande f\u00f6r de kommande tre f\u00f6rbundsm\u00f6tesperioderna. Styrelseordf\u00f6rande Jaana Aaltonen st\u00e5r i tur att avg\u00e5 \u00e5r 2025. De som kandiderar till posten som ny ordf\u00f6rande...","og_url":"https:\/\/kuurojenliitto.fi\/yhdistyshuone\/sv\/forbundsmotet-2022\/","og_site_name":"Yhdistyshuone","article_modified_time":"2022-05-19T08:01:17+00:00","og_image":[{"width":1620,"height":1080,"url":"https:\/\/kuurojenliitto.fi\/yhdistyshuone\/wp-content\/uploads\/sites\/11\/2020\/09\/9M9A0584.jpg","type":"image\/jpeg"}],"twitter_card":"summary_large_image","schema":{"@context":"https:\/\/schema.org","@graph":[{"@type":"WebPage","@id":"https:\/\/kuurojenliitto.fi\/yhdistyshuone\/sv\/forbundsmotet-2022\/","url":"https:\/\/kuurojenliitto.fi\/yhdistyshuone\/sv\/forbundsmotet-2022\/","name":"F\u00f6rbundsm\u00f6tet 2022 - Yhdistyshuone","isPartOf":{"@id":"https:\/\/kuurojenliitto.fi\/yhdistyshuone\/#website"},"primaryImageOfPage":{"@id":"https:\/\/kuurojenliitto.fi\/yhdistyshuone\/sv\/forbundsmotet-2022\/#primaryimage"},"image":{"@id":"https:\/\/kuurojenliitto.fi\/yhdistyshuone\/sv\/forbundsmotet-2022\/#primaryimage"},"thumbnailUrl":"https:\/\/kuurojenliitto.fi\/yhdistyshuone\/wp-content\/uploads\/sites\/11\/2020\/09\/9M9A0584.jpg","datePublished":"2021-11-25T08:12:40+00:00","dateModified":"2022-05-19T08:01:17+00:00","breadcrumb":{"@id":"https:\/\/kuurojenliitto.fi\/yhdistyshuone\/sv\/forbundsmotet-2022\/#breadcrumb"},"inLanguage":"fi","potentialAction":[{"@type":"ReadAction","target":["https:\/\/kuurojenliitto.fi\/yhdistyshuone\/sv\/forbundsmotet-2022\/"]}]},{"@type":"ImageObject","inLanguage":"fi","@id":"https:\/\/kuurojenliitto.fi\/yhdistyshuone\/sv\/forbundsmotet-2022\/#primaryimage","url":"https:\/\/kuurojenliitto.fi\/yhdistyshuone\/wp-content\/uploads\/sites\/11\/2020\/09\/9M9A0584.jpg","contentUrl":"https:\/\/kuurojenliitto.fi\/yhdistyshuone\/wp-content\/uploads\/sites\/11\/2020\/09\/9M9A0584.jpg","width":1620,"height":1080},{"@type":"BreadcrumbList","@id":"https:\/\/kuurojenliitto.fi\/yhdistyshuone\/sv\/forbundsmotet-2022\/#breadcrumb","itemListElement":[{"@type":"ListItem","position":1,"name":"Ing\u00e5ngssida","item":"https:\/\/kuurojenliitto.fi\/yhdistyshuone\/"},{"@type":"ListItem","position":2,"name":"F\u00f6rbundsm\u00f6tet 2022"}]},{"@type":"WebSite","@id":"https:\/\/kuurojenliitto.fi\/yhdistyshuone\/#website","url":"https:\/\/kuurojenliitto.fi\/yhdistyshuone\/","name":"Yhdistyshuone","description":"Uusi Kuurojen Liitto-sivustot -sivusto","potentialAction":[{"@type":"SearchAction","target":{"@type":"EntryPoint","urlTemplate":"https:\/\/kuurojenliitto.fi\/yhdistyshuone\/?s={search_term_string}"},"query-input":{"@type":"PropertyValueSpecification","valueRequired":true,"valueName":"search_term_string"}}],"inLanguage":"fi"}]}},"lang":"sv","translations":{"sv":4052,"fi":4028},"pll_sync_post":[],"_links":{"self":[{"href":"https:\/\/kuurojenliitto.fi\/yhdistyshuone\/wp-json\/wp\/v2\/pages\/4052","targetHints":{"allow":["GET"]}}],"collection":[{"href":"https:\/\/kuurojenliitto.fi\/yhdistyshuone\/wp-json\/wp\/v2\/pages"}],"about":[{"href":"https:\/\/kuurojenliitto.fi\/yhdistyshuone\/wp-json\/wp\/v2\/types\/page"}],"author":[{"embeddable":true,"href":"https:\/\/kuurojenliitto.fi\/yhdistyshuone\/wp-json\/wp\/v2\/users\/6"}],"replies":[{"embeddable":true,"href":"https:\/\/kuurojenliitto.fi\/yhdistyshuone\/wp-json\/wp\/v2\/comments?post=4052"}],"version-history":[{"count":36,"href":"https:\/\/kuurojenliitto.fi\/yhdistyshuone\/wp-json\/wp\/v2\/pages\/4052\/revisions"}],"predecessor-version":[{"id":4635,"href":"https:\/\/kuurojenliitto.fi\/yhdistyshuone\/wp-json\/wp\/v2\/pages\/4052\/revisions\/4635"}],"wp:featuredmedia":[{"embeddable":true,"href":"https:\/\/kuurojenliitto.fi\/yhdistyshuone\/wp-json\/wp\/v2\/media\/2111"}],"wp:attachment":[{"href":"https:\/\/kuurojenliitto.fi\/yhdistyshuone\/wp-json\/wp\/v2\/media?parent=4052"}],"curies":[{"name":"wp","href":"https:\/\/api.w.org\/{rel}","templated":true}]}}