{"id":3509,"date":"2021-10-04T17:46:33","date_gmt":"2021-10-04T14:46:33","guid":{"rendered":"https:\/\/kuurojenliitto.fi\/yhdistyshuone\/?page_id=3509"},"modified":"2021-10-05T10:21:09","modified_gmt":"2021-10-05T07:21:09","slug":"extraordinarie-forbundsmote-2021","status":"publish","type":"page","link":"https:\/\/kuurojenliitto.fi\/yhdistyshuone\/sv\/extraordinarie-forbundsmote-2021\/","title":{"rendered":"Extraordinarie f\u00f6rbundsm\u00f6te 2021"},"content":{"rendered":"\n\n<section id=\"column-block_6156e4d79ed89\" class=\"section-default ingress px-4 sm:px-4 md:px-8 lg:px-12 xl:px-24\">\n    <div class=\"flex pb-4\">\n                      <div class=\"w-full text-lg\">\n                  <p>FINLANDS D\u00d6VAS F\u00d6RBUNDS EXTRAORDINARIE F\u00d6RBUNDSM\u00d6TE 6.11.2021 i Helsingfors.<br \/>\nM\u00d6TESKALLELSE<\/p>\n        <\/div>\n            \n    <\/div>\n\n<\/section>\n\n\n\n<section id=\"column-block_6156ed1c0a8e3\" class=\"px-4 sm:px-4 md:px-8 lg:px-12 xl:px-24 section-default \">\n\n            <div class=\"relative py-4 gridder\">\n                        <div id=\"stickier\" class=\"b z-10 flex flex-row flex-wrap  mb-6 top-0 relative\">\n\n          <div class=\"x-tabs w-full\" x-data=\"{ activeTab: 0 }\">\n                    <div :class=\"{ 'hidden': activeTab !== 0 }\" tabindex=\"0\" role=\"tabpanel\" id=\"tab-0\" aria-labelledby=\"label-0\" class=\"bg-white\">\n                                        <button onclick=\"getSticky()\" class=\"bg-moss-500 hover:text-white text-dark w-16 h-16 hidden md:block md:absolute top-0 right-0 z-10\"><i class=\"fas fa-thumbtack fa-lg\"><\/i><br><span id=\"stickytext\">Kiinnit\u00e4<\/span><\/button>\n                                <div class=\"responsive-iframe w-full\">\n    <iframe class=\"qbrick-iframe\"\n            src=\"https:\/\/video.qbrick.com\/play2\/embed\/player?accountId=128853&amp;mediaId=105fc35c-00090027-cb92bbdb&amp;configId=default&amp;pageStyling=adaptive&amp;autoplay=false&amp;repeat=false&amp;sharing=false&amp;language=\"\n            allowfullscreen=\"\" frameborder=\"0\" border=\"0\"><\/iframe>\n  <\/div>\n  <div class=\"w-full p-2 bg-light text-md\">\n        <div class=\"flex flex-row flex-wrap text-sm text-gray-800\">\n              <div class=\"w-full md:w-1\/3\">\n          <i class=\"far fa-clock mr-1 text-gray-500\"><\/i> Videon kesto: 01:05<\/div>\n      \n      <div class=\"w-full md:w-2\/3\">\n        <i class=\"fal fa-closed-captioning mr-1 text-gray-500\"><\/i>\n        Ei tekstityst\u00e4      <\/div>\n      \n        <div class=\"w-full\"><i class=\"fal fa-sign-language mr-1 text-gray-500\"><\/i>\n          Kieli:\n                                                  <span>Suomalainen viittomakieli<\/span>\n                              <\/div>\n          <\/div>\n  <\/div>\n                                                <\/div>\n                                <\/div>\n\n                              <\/div>\n        \n          <div class=\"content entry-content bg-white p-8 lg:pr-20 a lg:mr-12 mb-3 shadow-xl hover:shadow-2xl\">\n            <p>Finlands D\u00f6vas F\u00f6rbund rf:s styrelse kallar sina medlemsf\u00f6reningar till extraordinarie f\u00f6rbundsm\u00f6te, som ordnas 6.11.2021 i Ljusa huset, Ilkkav\u00e4gen 4, 00400 Helsingfors. F\u00f6rbundsm\u00f6tet inleds l\u00f6rdagen den 6 november klockan 12.00 och avslutas klockan 16.00.<\/p>\n<p>\u00c4rendet som avg\u00f6rs p\u00e5 Finlands D\u00f6vas F\u00f6rbund rf:s extraordinarie m\u00f6te \u00e4r f\u00f6rs\u00e4ljningen av aktierna i Fastighets Ab Ljusa huset och \u00f6verf\u00f6ringen av arrander\u00e4tten till tomten till den nya \u00e4garen.<\/p>\n<p>R\u00f6str\u00e4tt p\u00e5 f\u00f6rbundsm\u00f6tet har de delegater som valts av medlemsf\u00f6reningarna. Av medlemsf\u00f6reningarna har d\u00f6vf\u00f6reningarna en (1) r\u00f6st var och dessutom en (1) till\u00e4ggsr\u00f6st f\u00f6r varje hundratal (100) medlemmar. \u00d6vriga medlemsf\u00f6reningar har en (1) r\u00f6st var.<\/p>\n<p>Medlemsf\u00f6reningens delegat ska f\u00f6rete sin fullmakt f\u00f6r granskning p\u00e5 m\u00f6tesplatsen vid angiven tid. Granskningen av fullmakter sker p\u00e5 m\u00f6tesplatsen l\u00f6rdagen den 6 november klockan 11:00-12:00.<\/p>\n<p>Helsingfors 25.9.2021<\/p>\n<p>FINLANDS D\u00d6VAS F\u00d6RBUND RF<\/p>\n<p>Styrelsen<\/p>\n<hr \/>\n<h2>Anm\u00e4lning<\/h2>\n<p>Anm\u00e4lning till extraordinarie f\u00f6rbundsm\u00f6tet endast via l\u00e4nken nedan:<\/p>\n<p><a href=\"https:\/\/www.lyyti.in\/Ylimaarainen_liittokokous_2021_7960\/se\" target=\"_blank\" rel=\"noopener\">https:\/\/www.lyyti.in\/Ylimaarainen_liittokokous_2021_7960\/se<\/a><\/p>\n                      <\/div>\n\n                      <aside class=\"c\">\n              \n                            <div class=\"border-l-4 border-color pl-4 mb-8\">\n\n                \n                \n                                  <nav class=\"flex flex-col mt-4\">\n                    \n                      \n                                              <a class=\"border-t border-gray-200 text-gray-100 py-2\"\n                           href=\"https:\/\/kuurojenliitto.fi\/yhdistyshuone\/sv\/ylimaarainen-liittokokous-2021-materiaalit-edustajille-sve\/\"\n                           target=\"_self\"><i\n                            class=\"fal fa-angle-right fa-fw\"><\/i> Extraordinarie f\u00f6rbundsm\u00f6tet 2021 material f\u00f6r representanter (kr\u00e4ver l\u00f6senord, som skickas till delegaterna per post) SIDAN \u00c4R UNDER KONSTRUKTION                        <\/a>\n                      \n                                      <\/nav>\n                \n                              <\/div>\n              \n              \n                \n                                    <div class=\"flex flex-row-reverse flex-wrap bg-white shadow-xl hover:shadow-2xl p-4 mb-3\">\n\n    <div class=\"w-1\/4 text-right\">\n    <figure class=\"entry-image overflow-hidden\">\n      <img loading=\"lazy\" decoding=\"async\" width=\"800\" height=\"800\" src=\"https:\/\/kuurojenliitto.fi\/yhdistyshuone\/wp-content\/uploads\/sites\/11\/2020\/03\/2022_08-Elina-Pokki-1-e1662114385403-800x800.jpg\" class=\"w-full object-fit\" alt=\"\" srcset=\"https:\/\/kuurojenliitto.fi\/yhdistyshuone\/wp-content\/uploads\/sites\/11\/2020\/03\/2022_08-Elina-Pokki-1-e1662114385403-800x800.jpg 800w, https:\/\/kuurojenliitto.fi\/yhdistyshuone\/wp-content\/uploads\/sites\/11\/2020\/03\/2022_08-Elina-Pokki-1-e1662114385403-768x769.jpg 768w, https:\/\/kuurojenliitto.fi\/yhdistyshuone\/wp-content\/uploads\/sites\/11\/2020\/03\/2022_08-Elina-Pokki-1-e1662114385403.jpg 1080w\" sizes=\"auto, (max-width: 800px) 100vw, 800px\" \/>    <\/figure><!-- .entry-header -->\n  <\/div>\n  <div class=\"entry-content w-3\/4 pr-4\">\n    <h3 class=\"mb-0 text-lg\">\n      <a href=\"https:\/\/kuurojenliitto.fi\/yhdistyshuone\/sv\/person\/elina-pokki\/\">Elina Pokki<\/a>\n    <\/h3>\n    <div class=\"mb-4 mt-0\">\n              <span class=\"text-gray-900 text-sm\">\n                          Verksamhetsledarens assistent                      <\/span>\n                <\/div>\n    <div class=\"flex flex-col text-gray-600 mt-1 text-sm items-start\">\n              <div class=\"flex flex-row-reverse\">\n          <div class=\"ml-2 text-xs\">\n                                                  <span class=\"sr-only\">Henkil\u00f6 ei ota vastaan puheluja<\/span>\n              <i class=\"sr-hide fas fa-fw fa-phone-slash mr-1\"><\/i>\n                                      <span class=\"sr-only\">Henkil\u00f6 ottaa vastaan tekstiviestej\u00e4<\/span>\n              <i class=\"sr-hide fas fa-fw fa-sms mr-1\"><\/i>\n                                      <span class=\"sr-only\">Henkil\u00f6 ottaa vastaan WhatsApp-viestej\u00e4, videoviestej\u00e4 ja videopuheluja<\/span>\n              <i class=\"sr-hide fab fa-fw fa-whatsapp mr-1\"><\/i>\n                                  <\/div>\n          <div><span class=\"sr-only\">Puhelinnumero: <\/span><a href=\"tel:+358 40 738 5089\"> +358 40 738 5089<\/a><\/div>\n        <\/div>\n\n                    <div><span class=\"sr-only\"><\/span><a\n            href=\"mailto:elina.pokki@kuurojenliitto.fi\">elina.pokki@kuurojenliitto.fi<\/a><\/div>\n                <\/div>\n\n      <\/div><!-- .entry-content -->\n        <div class=\"w-full mt-2 text-xs\">\n      <span class=\"sr-only\">Henkil\u00f6n vastuualue<\/span>\n              <a href=\"https:\/\/kuurojenliitto.fi\/yhdistyshuone\/sv\/ansvarsomr%C3%A5de\/styrelsens-sekreterare\/\">\n          <span class=\"bg-light py-px px-1 text-dark inline-block mr-1 mb-1\">\n            Styrelsens sekreterare          <\/span>\n        <\/a>\n          <\/div>\n  \n<\/div>\n                              \n            <\/aside>\n          \n\n      <\/div>\n    \n  \n<\/section>\n","protected":false},"excerpt":{"rendered":"<p>FINLANDS D\u00d6VAS F\u00d6RBUNDS EXTRAORDINARIE F\u00d6RBUNDSM\u00d6TE 6.11.2021 i Helsingfors. M\u00d6TESKALLELSE Kiinnit\u00e4 Videon kesto: 01:05 Ei tekstityst\u00e4 Kieli: Suomalainen viittomakieli Finlands D\u00f6vas F\u00f6rbund rf:s styrelse kallar sina medlemsf\u00f6reningar till extraordinarie f\u00f6rbundsm\u00f6te, som ordnas 6.11.2021 i Ljusa huset,&#8230;<\/p>\n","protected":false},"author":6,"featured_media":3676,"parent":0,"menu_order":0,"comment_status":"closed","ping_status":"closed","template":"","meta":{"footnotes":""},"class_list":["post-3509","page","type-page","status-publish","has-post-thumbnail","hentry","px-4 sm:px-4 md:px-8 lg:px-12 xl:px-24"],"acf":[],"yoast_head":"<!-- This site is optimized with the Yoast SEO plugin v27.3 - https:\/\/yoast.com\/product\/yoast-seo-wordpress\/ -->\n<title>Extraordinarie f\u00f6rbundsm\u00f6te 2021 - Yhdistyshuone<\/title>\n<meta name=\"robots\" content=\"index, follow, max-snippet:-1, max-image-preview:large, max-video-preview:-1\" \/>\n<link rel=\"canonical\" href=\"https:\/\/kuurojenliitto.fi\/yhdistyshuone\/sv\/extraordinarie-forbundsmote-2021\/\" \/>\n<meta property=\"og:locale\" content=\"fi_FI\" \/>\n<meta property=\"og:type\" content=\"article\" \/>\n<meta property=\"og:title\" content=\"Extraordinarie f\u00f6rbundsm\u00f6te 2021 - Yhdistyshuone\" \/>\n<meta property=\"og:description\" content=\"FINLANDS D\u00d6VAS F\u00d6RBUNDS EXTRAORDINARIE F\u00d6RBUNDSM\u00d6TE 6.11.2021 i Helsingfors. M\u00d6TESKALLELSE Kiinnit\u00e4 Videon kesto: 01:05 Ei tekstityst\u00e4 Kieli: Suomalainen viittomakieli Finlands D\u00f6vas F\u00f6rbund rf:s styrelse kallar sina medlemsf\u00f6reningar till extraordinarie f\u00f6rbundsm\u00f6te, som ordnas 6.11.2021 i Ljusa huset,...\" \/>\n<meta property=\"og:url\" content=\"https:\/\/kuurojenliitto.fi\/yhdistyshuone\/sv\/extraordinarie-forbundsmote-2021\/\" \/>\n<meta property=\"og:site_name\" content=\"Yhdistyshuone\" \/>\n<meta property=\"article:modified_time\" content=\"2021-10-05T07:21:09+00:00\" \/>\n<meta property=\"og:image\" content=\"https:\/\/kuurojenliitto.fi\/yhdistyshuone\/wp-content\/uploads\/sites\/11\/2021\/10\/Nimeton-1.jpg\" \/>\n\t<meta property=\"og:image:width\" content=\"2356\" \/>\n\t<meta property=\"og:image:height\" content=\"1308\" \/>\n\t<meta property=\"og:image:type\" content=\"image\/jpeg\" \/>\n<meta name=\"twitter:card\" content=\"summary_large_image\" \/>\n<script type=\"application\/ld+json\" class=\"yoast-schema-graph\">{\"@context\":\"https:\\\/\\\/schema.org\",\"@graph\":[{\"@type\":\"WebPage\",\"@id\":\"https:\\\/\\\/kuurojenliitto.fi\\\/yhdistyshuone\\\/sv\\\/extraordinarie-forbundsmote-2021\\\/\",\"url\":\"https:\\\/\\\/kuurojenliitto.fi\\\/yhdistyshuone\\\/sv\\\/extraordinarie-forbundsmote-2021\\\/\",\"name\":\"Extraordinarie f\u00f6rbundsm\u00f6te 2021 - Yhdistyshuone\",\"isPartOf\":{\"@id\":\"https:\\\/\\\/kuurojenliitto.fi\\\/yhdistyshuone\\\/#website\"},\"primaryImageOfPage\":{\"@id\":\"https:\\\/\\\/kuurojenliitto.fi\\\/yhdistyshuone\\\/sv\\\/extraordinarie-forbundsmote-2021\\\/#primaryimage\"},\"image\":{\"@id\":\"https:\\\/\\\/kuurojenliitto.fi\\\/yhdistyshuone\\\/sv\\\/extraordinarie-forbundsmote-2021\\\/#primaryimage\"},\"thumbnailUrl\":\"https:\\\/\\\/kuurojenliitto.fi\\\/yhdistyshuone\\\/wp-content\\\/uploads\\\/sites\\\/11\\\/2021\\\/10\\\/Nimeton-1.jpg\",\"datePublished\":\"2021-10-04T14:46:33+00:00\",\"dateModified\":\"2021-10-05T07:21:09+00:00\",\"breadcrumb\":{\"@id\":\"https:\\\/\\\/kuurojenliitto.fi\\\/yhdistyshuone\\\/sv\\\/extraordinarie-forbundsmote-2021\\\/#breadcrumb\"},\"inLanguage\":\"fi\",\"potentialAction\":[{\"@type\":\"ReadAction\",\"target\":[\"https:\\\/\\\/kuurojenliitto.fi\\\/yhdistyshuone\\\/sv\\\/extraordinarie-forbundsmote-2021\\\/\"]}]},{\"@type\":\"ImageObject\",\"inLanguage\":\"fi\",\"@id\":\"https:\\\/\\\/kuurojenliitto.fi\\\/yhdistyshuone\\\/sv\\\/extraordinarie-forbundsmote-2021\\\/#primaryimage\",\"url\":\"https:\\\/\\\/kuurojenliitto.fi\\\/yhdistyshuone\\\/wp-content\\\/uploads\\\/sites\\\/11\\\/2021\\\/10\\\/Nimeton-1.jpg\",\"contentUrl\":\"https:\\\/\\\/kuurojenliitto.fi\\\/yhdistyshuone\\\/wp-content\\\/uploads\\\/sites\\\/11\\\/2021\\\/10\\\/Nimeton-1.jpg\",\"width\":2356,\"height\":1308},{\"@type\":\"BreadcrumbList\",\"@id\":\"https:\\\/\\\/kuurojenliitto.fi\\\/yhdistyshuone\\\/sv\\\/extraordinarie-forbundsmote-2021\\\/#breadcrumb\",\"itemListElement\":[{\"@type\":\"ListItem\",\"position\":1,\"name\":\"Ing\u00e5ngssida\",\"item\":\"https:\\\/\\\/kuurojenliitto.fi\\\/yhdistyshuone\\\/\"},{\"@type\":\"ListItem\",\"position\":2,\"name\":\"Extraordinarie f\u00f6rbundsm\u00f6te 2021\"}]},{\"@type\":\"WebSite\",\"@id\":\"https:\\\/\\\/kuurojenliitto.fi\\\/yhdistyshuone\\\/#website\",\"url\":\"https:\\\/\\\/kuurojenliitto.fi\\\/yhdistyshuone\\\/\",\"name\":\"Yhdistyshuone\",\"description\":\"Uusi Kuurojen Liitto-sivustot -sivusto\",\"potentialAction\":[{\"@type\":\"SearchAction\",\"target\":{\"@type\":\"EntryPoint\",\"urlTemplate\":\"https:\\\/\\\/kuurojenliitto.fi\\\/yhdistyshuone\\\/?s={search_term_string}\"},\"query-input\":{\"@type\":\"PropertyValueSpecification\",\"valueRequired\":true,\"valueName\":\"search_term_string\"}}],\"inLanguage\":\"fi\"}]}<\/script>\n<!-- \/ Yoast SEO plugin. -->","yoast_head_json":{"title":"Extraordinarie f\u00f6rbundsm\u00f6te 2021 - Yhdistyshuone","robots":{"index":"index","follow":"follow","max-snippet":"max-snippet:-1","max-image-preview":"max-image-preview:large","max-video-preview":"max-video-preview:-1"},"canonical":"https:\/\/kuurojenliitto.fi\/yhdistyshuone\/sv\/extraordinarie-forbundsmote-2021\/","og_locale":"fi_FI","og_type":"article","og_title":"Extraordinarie f\u00f6rbundsm\u00f6te 2021 - Yhdistyshuone","og_description":"FINLANDS D\u00d6VAS F\u00d6RBUNDS EXTRAORDINARIE F\u00d6RBUNDSM\u00d6TE 6.11.2021 i Helsingfors. M\u00d6TESKALLELSE Kiinnit\u00e4 Videon kesto: 01:05 Ei tekstityst\u00e4 Kieli: Suomalainen viittomakieli Finlands D\u00f6vas F\u00f6rbund rf:s styrelse kallar sina medlemsf\u00f6reningar till extraordinarie f\u00f6rbundsm\u00f6te, som ordnas 6.11.2021 i Ljusa huset,...","og_url":"https:\/\/kuurojenliitto.fi\/yhdistyshuone\/sv\/extraordinarie-forbundsmote-2021\/","og_site_name":"Yhdistyshuone","article_modified_time":"2021-10-05T07:21:09+00:00","og_image":[{"width":2356,"height":1308,"url":"https:\/\/kuurojenliitto.fi\/yhdistyshuone\/wp-content\/uploads\/sites\/11\/2021\/10\/Nimeton-1.jpg","type":"image\/jpeg"}],"twitter_card":"summary_large_image","schema":{"@context":"https:\/\/schema.org","@graph":[{"@type":"WebPage","@id":"https:\/\/kuurojenliitto.fi\/yhdistyshuone\/sv\/extraordinarie-forbundsmote-2021\/","url":"https:\/\/kuurojenliitto.fi\/yhdistyshuone\/sv\/extraordinarie-forbundsmote-2021\/","name":"Extraordinarie f\u00f6rbundsm\u00f6te 2021 - Yhdistyshuone","isPartOf":{"@id":"https:\/\/kuurojenliitto.fi\/yhdistyshuone\/#website"},"primaryImageOfPage":{"@id":"https:\/\/kuurojenliitto.fi\/yhdistyshuone\/sv\/extraordinarie-forbundsmote-2021\/#primaryimage"},"image":{"@id":"https:\/\/kuurojenliitto.fi\/yhdistyshuone\/sv\/extraordinarie-forbundsmote-2021\/#primaryimage"},"thumbnailUrl":"https:\/\/kuurojenliitto.fi\/yhdistyshuone\/wp-content\/uploads\/sites\/11\/2021\/10\/Nimeton-1.jpg","datePublished":"2021-10-04T14:46:33+00:00","dateModified":"2021-10-05T07:21:09+00:00","breadcrumb":{"@id":"https:\/\/kuurojenliitto.fi\/yhdistyshuone\/sv\/extraordinarie-forbundsmote-2021\/#breadcrumb"},"inLanguage":"fi","potentialAction":[{"@type":"ReadAction","target":["https:\/\/kuurojenliitto.fi\/yhdistyshuone\/sv\/extraordinarie-forbundsmote-2021\/"]}]},{"@type":"ImageObject","inLanguage":"fi","@id":"https:\/\/kuurojenliitto.fi\/yhdistyshuone\/sv\/extraordinarie-forbundsmote-2021\/#primaryimage","url":"https:\/\/kuurojenliitto.fi\/yhdistyshuone\/wp-content\/uploads\/sites\/11\/2021\/10\/Nimeton-1.jpg","contentUrl":"https:\/\/kuurojenliitto.fi\/yhdistyshuone\/wp-content\/uploads\/sites\/11\/2021\/10\/Nimeton-1.jpg","width":2356,"height":1308},{"@type":"BreadcrumbList","@id":"https:\/\/kuurojenliitto.fi\/yhdistyshuone\/sv\/extraordinarie-forbundsmote-2021\/#breadcrumb","itemListElement":[{"@type":"ListItem","position":1,"name":"Ing\u00e5ngssida","item":"https:\/\/kuurojenliitto.fi\/yhdistyshuone\/"},{"@type":"ListItem","position":2,"name":"Extraordinarie f\u00f6rbundsm\u00f6te 2021"}]},{"@type":"WebSite","@id":"https:\/\/kuurojenliitto.fi\/yhdistyshuone\/#website","url":"https:\/\/kuurojenliitto.fi\/yhdistyshuone\/","name":"Yhdistyshuone","description":"Uusi Kuurojen Liitto-sivustot -sivusto","potentialAction":[{"@type":"SearchAction","target":{"@type":"EntryPoint","urlTemplate":"https:\/\/kuurojenliitto.fi\/yhdistyshuone\/?s={search_term_string}"},"query-input":{"@type":"PropertyValueSpecification","valueRequired":true,"valueName":"search_term_string"}}],"inLanguage":"fi"}]}},"lang":"sv","translations":{"sv":3509,"fi":3507},"pll_sync_post":[],"_links":{"self":[{"href":"https:\/\/kuurojenliitto.fi\/yhdistyshuone\/wp-json\/wp\/v2\/pages\/3509","targetHints":{"allow":["GET"]}}],"collection":[{"href":"https:\/\/kuurojenliitto.fi\/yhdistyshuone\/wp-json\/wp\/v2\/pages"}],"about":[{"href":"https:\/\/kuurojenliitto.fi\/yhdistyshuone\/wp-json\/wp\/v2\/types\/page"}],"author":[{"embeddable":true,"href":"https:\/\/kuurojenliitto.fi\/yhdistyshuone\/wp-json\/wp\/v2\/users\/6"}],"replies":[{"embeddable":true,"href":"https:\/\/kuurojenliitto.fi\/yhdistyshuone\/wp-json\/wp\/v2\/comments?post=3509"}],"version-history":[{"count":26,"href":"https:\/\/kuurojenliitto.fi\/yhdistyshuone\/wp-json\/wp\/v2\/pages\/3509\/revisions"}],"predecessor-version":[{"id":3641,"href":"https:\/\/kuurojenliitto.fi\/yhdistyshuone\/wp-json\/wp\/v2\/pages\/3509\/revisions\/3641"}],"wp:featuredmedia":[{"embeddable":true,"href":"https:\/\/kuurojenliitto.fi\/yhdistyshuone\/wp-json\/wp\/v2\/media\/3676"}],"wp:attachment":[{"href":"https:\/\/kuurojenliitto.fi\/yhdistyshuone\/wp-json\/wp\/v2\/media?parent=3509"}],"curies":[{"name":"wp","href":"https:\/\/api.w.org\/{rel}","templated":true}]}}