{"id":3507,"date":"2021-10-04T17:23:10","date_gmt":"2021-10-04T14:23:10","guid":{"rendered":"https:\/\/kuurojenliitto.fi\/yhdistyshuone\/?page_id=3507"},"modified":"2021-10-27T13:56:46","modified_gmt":"2021-10-27T10:56:46","slug":"ylimaarainen-liittokokous-2021","status":"publish","type":"page","link":"https:\/\/kuurojenliitto.fi\/yhdistyshuone\/ylimaarainen-liittokokous-2021\/","title":{"rendered":"Ylim\u00e4\u00e4r\u00e4inen liittokokous 2021"},"content":{"rendered":"\n\n<section id=\"column-block_6156e4d79ed89\" class=\"section-default ingress px-4 sm:px-4 md:px-8 lg:px-12 xl:px-24\">\n    <div class=\"flex pb-4\">\n                      <div class=\"w-full text-lg\">\n                  <p>Kuurojen Liitto ry:n ylim\u00e4\u00e4r\u00e4inen liittokokous 6.11.2021 Helsingiss\u00e4.<\/p>\n        <\/div>\n            \n    <\/div>\n\n<\/section>\n\n\n\n<section id=\"column-block_6156ecdcbff72\" class=\"px-4 sm:px-4 md:px-8 lg:px-12 xl:px-24 section-default \">\n\n            <div class=\"relative py-4 gridder\">\n                        <div id=\"stickier\" class=\"b z-10 flex flex-row flex-wrap  mb-6 top-0 relative\">\n\n          <div class=\"x-tabs w-full\" x-data=\"{ activeTab: 0 }\">\n                    <div :class=\"{ 'hidden': activeTab !== 0 }\" tabindex=\"0\" role=\"tabpanel\" id=\"tab-0\" aria-labelledby=\"label-0\" class=\"bg-white\">\n                                        <button onclick=\"getSticky()\" class=\"bg-moss-500 hover:text-white text-dark w-16 h-16 hidden md:block md:absolute top-0 right-0 z-10\"><i class=\"fas fa-thumbtack fa-lg\"><\/i><br><span id=\"stickytext\">Kiinnit\u00e4<\/span><\/button>\n                                <div class=\"responsive-iframe w-full\">\n    <iframe class=\"qbrick-iframe\"\n            src=\"https:\/\/video.qbrick.com\/play2\/embed\/player?accountId=128853&amp;mediaId=105fc35c-00090027-cb92bbdb&amp;configId=default&amp;pageStyling=adaptive&amp;autoplay=false&amp;repeat=false&amp;sharing=false&amp;language=\"\n            allowfullscreen=\"\" frameborder=\"0\" border=\"0\"><\/iframe>\n  <\/div>\n  <div class=\"w-full p-2 bg-light text-md\">\n        <div class=\"flex flex-row flex-wrap text-sm text-gray-800\">\n              <div class=\"w-full md:w-1\/3\">\n          <i class=\"far fa-clock mr-1 text-gray-500\"><\/i> Videon kesto: 01:05<\/div>\n      \n      <div class=\"w-full md:w-2\/3\">\n        <i class=\"fal fa-closed-captioning mr-1 text-gray-500\"><\/i>\n        Ei tekstityst\u00e4      <\/div>\n      \n        <div class=\"w-full\"><i class=\"fal fa-sign-language mr-1 text-gray-500\"><\/i>\n          Kieli:\n                                                  <span>Suomalainen viittomakieli<\/span>\n                              <\/div>\n          <\/div>\n  <\/div>\n                                                <\/div>\n                                <\/div>\n\n                              <\/div>\n        \n          <div class=\"content entry-content bg-white p-8 lg:pr-20 a lg:mr-12 mb-3 shadow-xl hover:shadow-2xl\">\n            <p>Kuurojen Liitto ry:n hallitus kutsuu j\u00e4senyhdistyksens\u00e4 liiton ylim\u00e4\u00e4r\u00e4iseen liittokokoukseen, joka pidet\u00e4\u00e4n <strong>6.11.2021<\/strong> Valkeassa talossa, Ilkantie 4, 00400 Helsinki. Liittokokous alkaa lauantaina 6.11. kello 12.00 ja p\u00e4\u00e4ttyy kello 16.00.<\/p>\n<p>Kuurojen Liitto ry:n ylim\u00e4\u00e4r\u00e4isess\u00e4 kokouksessa p\u00e4\u00e4tet\u00e4\u00e4n liiton omistamien Kiinteist\u00f6 Oy Valkea talon osakkeiden myymisest\u00e4 ja tontin vuokraoikeuden siirt\u00e4misest\u00e4 uudelle omistajalle.<\/p>\n<p>Liittokokouksessa on \u00e4\u00e4nioikeus j\u00e4senyhdistysten valitsemilla edustajilla. J\u00e4senyhdistyksist\u00e4 kuurojenyhdistyksill\u00e4 on k\u00e4ytett\u00e4viss\u00e4\u00e4n yksi (1) \u00e4\u00e4ni kullakin sek\u00e4 yksi (1) lis\u00e4-\u00e4\u00e4ni jokaista sataa (100) j\u00e4sent\u00e4 kohti. Muilla j\u00e4senyhdistyksill\u00e4 on k\u00e4ytett\u00e4viss\u00e4\u00e4n yksi (1) \u00e4\u00e4ni kullakin.<\/p>\n<p>J\u00e4senyhdistyksen edustajan on tuotava kokouspaikalle valtakirjansa tarkastettavaksi ilmoitettuna aikana. Valtakirjojen tarkastus tapahtuu kokouspaikalla lauantaina 6.11. kello 11.00-12.00.<\/p>\n<p>Helsingiss\u00e4 25.9.2021<br \/>\nKuurojen Liitto\/hallitus<\/p>\n<hr \/>\n<h2>Ilmoittautuminen<\/h2>\n<p>Ilmoittautuminen ylim\u00e4\u00e4r\u00e4iseen liittokokoukseen tapahtuu 27.10. menness\u00e4 ainoastaan oheisen linkin kautta:<br \/>\n<strong><a href=\"https:\/\/www.lyyti.in\/KL_Ylimaarainen_liittokokous_2021\" target=\"_blank\" rel=\"noopener\">https:\/\/www.lyyti.in\/KL_Ylimaarainen_liittokokous_2021<\/a><\/strong><\/p>\n                      <\/div>\n\n                      <aside class=\"c\">\n              \n                            <div class=\"border-l-4 border-color pl-4 mb-8\">\n\n                                  <h3 class=\"heading-lg text-2xl mb-2\">Materiaalit liittokokousedustajille:<\/h3>\n                \n                \n                                  <nav class=\"flex flex-col mt-4\">\n                    \n                      \n                                              <a class=\"border-t border-gray-200 text-gray-100 py-2\"\n                           href=\"https:\/\/kuurojenliitto.fi\/yhdistyshuone\/ylimaarainen-liittokokous-2021-materiaalit-edustajille\/\"\n                           target=\"_blank\"><i\n                            class=\"fal fa-angle-right fa-fw\"><\/i> Ylim\u00e4\u00e4r\u00e4inen liittokokous 2021: MATERIAALIT EDUSTAJILLE (salasanasuojattu)                        <\/a>\n                      \n                                      <\/nav>\n                \n                              <\/div>\n              \n              \n                \n                                    <div class=\"flex flex-row-reverse flex-wrap bg-white shadow-xl hover:shadow-2xl p-4 mb-3\">\n\n    <div class=\"w-1\/4 text-right\">\n    <figure class=\"entry-image overflow-hidden\">\n      <img loading=\"lazy\" decoding=\"async\" width=\"800\" height=\"800\" src=\"https:\/\/kuurojenliitto.fi\/yhdistyshuone\/wp-content\/uploads\/sites\/11\/2020\/03\/2022_08-Elina-Pokki-1-e1662114385403-800x800.jpg\" class=\"w-full object-fit\" alt=\"&quot;&quot;\" srcset=\"https:\/\/kuurojenliitto.fi\/yhdistyshuone\/wp-content\/uploads\/sites\/11\/2020\/03\/2022_08-Elina-Pokki-1-e1662114385403-800x800.jpg 800w, https:\/\/kuurojenliitto.fi\/yhdistyshuone\/wp-content\/uploads\/sites\/11\/2020\/03\/2022_08-Elina-Pokki-1-e1662114385403-768x769.jpg 768w, https:\/\/kuurojenliitto.fi\/yhdistyshuone\/wp-content\/uploads\/sites\/11\/2020\/03\/2022_08-Elina-Pokki-1-e1662114385403.jpg 1080w\" sizes=\"auto, (max-width: 800px) 100vw, 800px\" \/>    <\/figure><!-- .entry-header -->\n  <\/div>\n  <div class=\"entry-content w-3\/4 pr-4\">\n    <h3 class=\"mb-0 text-lg\">\n      <a href=\"https:\/\/kuurojenliitto.fi\/yhdistyshuone\/henkilo\/elina-pokki\/\">Elina Pokki<\/a>\n    <\/h3>\n    <div class=\"mb-4 mt-0\">\n              <span class=\"text-gray-900 text-sm\">\n                          Toiminnanjohtajan assistentti                      <\/span>\n                <\/div>\n    <div class=\"flex flex-col text-gray-600 mt-1 text-sm items-start\">\n              <div class=\"flex flex-row-reverse\">\n          <div class=\"ml-2 text-xs\">\n                                                  <span class=\"sr-only\">Henkil\u00f6 ei ota vastaan puheluja<\/span>\n              <i class=\"sr-hide fas fa-fw fa-phone-slash mr-1\"><\/i>\n                                      <span class=\"sr-only\">Henkil\u00f6 ottaa vastaan tekstiviestej\u00e4<\/span>\n              <i class=\"sr-hide fas fa-fw fa-sms mr-1\"><\/i>\n                                      <span class=\"sr-only\">Henkil\u00f6 ottaa vastaan WhatsApp-viestej\u00e4, videoviestej\u00e4 ja videopuheluja<\/span>\n              <i class=\"sr-hide fab fa-fw fa-whatsapp mr-1\"><\/i>\n                                  <\/div>\n          <div><span class=\"sr-only\">Puhelinnumero: <\/span><a href=\"tel:+358 40 738 5089\"> +358 40 738 5089<\/a><\/div>\n        <\/div>\n\n                    <div><span class=\"sr-only\"><\/span><a\n            href=\"mailto:elina.pokki@kuurojenliitto.fi\">elina.pokki@kuurojenliitto.fi<\/a><\/div>\n                <\/div>\n\n      <\/div><!-- .entry-content -->\n        <div class=\"w-full mt-2 text-xs\">\n      <span class=\"sr-only\">Henkil\u00f6n vastuualue<\/span>\n              <a href=\"https:\/\/kuurojenliitto.fi\/yhdistyshuone\/vastuualue\/hallituksen-sihteeri\/\">\n          <span class=\"bg-light py-px px-1 text-dark inline-block mr-1 mb-1\">\n            Hallituksen sihteeri          <\/span>\n        <\/a>\n          <\/div>\n  \n<\/div>\n                              \n            <\/aside>\n          \n\n      <\/div>\n    \n  \n<\/section>\n\n\n\n<p><\/p>\n","protected":false},"excerpt":{"rendered":"<p>Kuurojen Liitto ry:n ylim\u00e4\u00e4r\u00e4inen liittokokous 6.11.2021 Helsingiss\u00e4. Kiinnit\u00e4 Videon kesto: 01:05 Ei tekstityst\u00e4 Kieli: Suomalainen viittomakieli Kuurojen Liitto ry:n hallitus kutsuu j\u00e4senyhdistyksens\u00e4 liiton ylim\u00e4\u00e4r\u00e4iseen liittokokoukseen, joka pidet\u00e4\u00e4n 6.11.2021 Valkeassa talossa, Ilkantie 4, 00400 Helsinki. Liittokokous&#8230;<\/p>\n","protected":false},"author":6,"featured_media":3675,"parent":0,"menu_order":0,"comment_status":"closed","ping_status":"closed","template":"","meta":{"footnotes":""},"class_list":["post-3507","page","type-page","status-publish","has-post-thumbnail","hentry","px-4 sm:px-4 md:px-8 lg:px-12 xl:px-24"],"acf":[],"yoast_head":"<!-- This site is optimized with the Yoast SEO plugin v27.3 - https:\/\/yoast.com\/product\/yoast-seo-wordpress\/ -->\n<title>Ylim\u00e4\u00e4r\u00e4inen liittokokous 2021 - Yhdistyshuone<\/title>\n<meta name=\"robots\" content=\"index, follow, max-snippet:-1, max-image-preview:large, max-video-preview:-1\" \/>\n<link rel=\"canonical\" href=\"https:\/\/kuurojenliitto.fi\/yhdistyshuone\/ylimaarainen-liittokokous-2021\/\" \/>\n<meta property=\"og:locale\" content=\"fi_FI\" \/>\n<meta property=\"og:type\" content=\"article\" \/>\n<meta property=\"og:title\" content=\"Ylim\u00e4\u00e4r\u00e4inen liittokokous 2021 - Yhdistyshuone\" \/>\n<meta property=\"og:description\" content=\"Kuurojen Liitto ry:n ylim\u00e4\u00e4r\u00e4inen liittokokous 6.11.2021 Helsingiss\u00e4. Kiinnit\u00e4 Videon kesto: 01:05 Ei tekstityst\u00e4 Kieli: Suomalainen viittomakieli Kuurojen Liitto ry:n hallitus kutsuu j\u00e4senyhdistyksens\u00e4 liiton ylim\u00e4\u00e4r\u00e4iseen liittokokoukseen, joka pidet\u00e4\u00e4n 6.11.2021 Valkeassa talossa, Ilkantie 4, 00400 Helsinki. Liittokokous...\" \/>\n<meta property=\"og:url\" content=\"https:\/\/kuurojenliitto.fi\/yhdistyshuone\/ylimaarainen-liittokokous-2021\/\" \/>\n<meta property=\"og:site_name\" content=\"Yhdistyshuone\" \/>\n<meta property=\"article:modified_time\" content=\"2021-10-27T10:56:46+00:00\" \/>\n<meta property=\"og:image\" content=\"https:\/\/kuurojenliitto.fi\/yhdistyshuone\/wp-content\/uploads\/sites\/11\/2021\/10\/Nimeton-1.jpg\" \/>\n\t<meta property=\"og:image:width\" content=\"2356\" \/>\n\t<meta property=\"og:image:height\" content=\"1308\" \/>\n\t<meta property=\"og:image:type\" content=\"image\/jpeg\" \/>\n<meta name=\"twitter:card\" content=\"summary_large_image\" \/>\n<script type=\"application\/ld+json\" class=\"yoast-schema-graph\">{\"@context\":\"https:\\\/\\\/schema.org\",\"@graph\":[{\"@type\":\"WebPage\",\"@id\":\"https:\\\/\\\/kuurojenliitto.fi\\\/yhdistyshuone\\\/ylimaarainen-liittokokous-2021\\\/\",\"url\":\"https:\\\/\\\/kuurojenliitto.fi\\\/yhdistyshuone\\\/ylimaarainen-liittokokous-2021\\\/\",\"name\":\"Ylim\u00e4\u00e4r\u00e4inen liittokokous 2021 - Yhdistyshuone\",\"isPartOf\":{\"@id\":\"https:\\\/\\\/kuurojenliitto.fi\\\/yhdistyshuone\\\/#website\"},\"primaryImageOfPage\":{\"@id\":\"https:\\\/\\\/kuurojenliitto.fi\\\/yhdistyshuone\\\/ylimaarainen-liittokokous-2021\\\/#primaryimage\"},\"image\":{\"@id\":\"https:\\\/\\\/kuurojenliitto.fi\\\/yhdistyshuone\\\/ylimaarainen-liittokokous-2021\\\/#primaryimage\"},\"thumbnailUrl\":\"https:\\\/\\\/kuurojenliitto.fi\\\/yhdistyshuone\\\/wp-content\\\/uploads\\\/sites\\\/11\\\/2021\\\/10\\\/Nimeton-1.jpg\",\"datePublished\":\"2021-10-04T14:23:10+00:00\",\"dateModified\":\"2021-10-27T10:56:46+00:00\",\"breadcrumb\":{\"@id\":\"https:\\\/\\\/kuurojenliitto.fi\\\/yhdistyshuone\\\/ylimaarainen-liittokokous-2021\\\/#breadcrumb\"},\"inLanguage\":\"fi\",\"potentialAction\":[{\"@type\":\"ReadAction\",\"target\":[\"https:\\\/\\\/kuurojenliitto.fi\\\/yhdistyshuone\\\/ylimaarainen-liittokokous-2021\\\/\"]}]},{\"@type\":\"ImageObject\",\"inLanguage\":\"fi\",\"@id\":\"https:\\\/\\\/kuurojenliitto.fi\\\/yhdistyshuone\\\/ylimaarainen-liittokokous-2021\\\/#primaryimage\",\"url\":\"https:\\\/\\\/kuurojenliitto.fi\\\/yhdistyshuone\\\/wp-content\\\/uploads\\\/sites\\\/11\\\/2021\\\/10\\\/Nimeton-1.jpg\",\"contentUrl\":\"https:\\\/\\\/kuurojenliitto.fi\\\/yhdistyshuone\\\/wp-content\\\/uploads\\\/sites\\\/11\\\/2021\\\/10\\\/Nimeton-1.jpg\",\"width\":2356,\"height\":1308},{\"@type\":\"BreadcrumbList\",\"@id\":\"https:\\\/\\\/kuurojenliitto.fi\\\/yhdistyshuone\\\/ylimaarainen-liittokokous-2021\\\/#breadcrumb\",\"itemListElement\":[{\"@type\":\"ListItem\",\"position\":1,\"name\":\"Ing\u00e5ngssida\",\"item\":\"https:\\\/\\\/kuurojenliitto.fi\\\/yhdistyshuone\\\/\"},{\"@type\":\"ListItem\",\"position\":2,\"name\":\"Ylim\u00e4\u00e4r\u00e4inen liittokokous 2021\"}]},{\"@type\":\"WebSite\",\"@id\":\"https:\\\/\\\/kuurojenliitto.fi\\\/yhdistyshuone\\\/#website\",\"url\":\"https:\\\/\\\/kuurojenliitto.fi\\\/yhdistyshuone\\\/\",\"name\":\"Yhdistyshuone\",\"description\":\"Uusi Kuurojen Liitto-sivustot -sivusto\",\"potentialAction\":[{\"@type\":\"SearchAction\",\"target\":{\"@type\":\"EntryPoint\",\"urlTemplate\":\"https:\\\/\\\/kuurojenliitto.fi\\\/yhdistyshuone\\\/?s={search_term_string}\"},\"query-input\":{\"@type\":\"PropertyValueSpecification\",\"valueRequired\":true,\"valueName\":\"search_term_string\"}}],\"inLanguage\":\"fi\"}]}<\/script>\n<!-- \/ Yoast SEO plugin. -->","yoast_head_json":{"title":"Ylim\u00e4\u00e4r\u00e4inen liittokokous 2021 - Yhdistyshuone","robots":{"index":"index","follow":"follow","max-snippet":"max-snippet:-1","max-image-preview":"max-image-preview:large","max-video-preview":"max-video-preview:-1"},"canonical":"https:\/\/kuurojenliitto.fi\/yhdistyshuone\/ylimaarainen-liittokokous-2021\/","og_locale":"fi_FI","og_type":"article","og_title":"Ylim\u00e4\u00e4r\u00e4inen liittokokous 2021 - Yhdistyshuone","og_description":"Kuurojen Liitto ry:n ylim\u00e4\u00e4r\u00e4inen liittokokous 6.11.2021 Helsingiss\u00e4. Kiinnit\u00e4 Videon kesto: 01:05 Ei tekstityst\u00e4 Kieli: Suomalainen viittomakieli Kuurojen Liitto ry:n hallitus kutsuu j\u00e4senyhdistyksens\u00e4 liiton ylim\u00e4\u00e4r\u00e4iseen liittokokoukseen, joka pidet\u00e4\u00e4n 6.11.2021 Valkeassa talossa, Ilkantie 4, 00400 Helsinki. Liittokokous...","og_url":"https:\/\/kuurojenliitto.fi\/yhdistyshuone\/ylimaarainen-liittokokous-2021\/","og_site_name":"Yhdistyshuone","article_modified_time":"2021-10-27T10:56:46+00:00","og_image":[{"width":2356,"height":1308,"url":"https:\/\/kuurojenliitto.fi\/yhdistyshuone\/wp-content\/uploads\/sites\/11\/2021\/10\/Nimeton-1.jpg","type":"image\/jpeg"}],"twitter_card":"summary_large_image","schema":{"@context":"https:\/\/schema.org","@graph":[{"@type":"WebPage","@id":"https:\/\/kuurojenliitto.fi\/yhdistyshuone\/ylimaarainen-liittokokous-2021\/","url":"https:\/\/kuurojenliitto.fi\/yhdistyshuone\/ylimaarainen-liittokokous-2021\/","name":"Ylim\u00e4\u00e4r\u00e4inen liittokokous 2021 - Yhdistyshuone","isPartOf":{"@id":"https:\/\/kuurojenliitto.fi\/yhdistyshuone\/#website"},"primaryImageOfPage":{"@id":"https:\/\/kuurojenliitto.fi\/yhdistyshuone\/ylimaarainen-liittokokous-2021\/#primaryimage"},"image":{"@id":"https:\/\/kuurojenliitto.fi\/yhdistyshuone\/ylimaarainen-liittokokous-2021\/#primaryimage"},"thumbnailUrl":"https:\/\/kuurojenliitto.fi\/yhdistyshuone\/wp-content\/uploads\/sites\/11\/2021\/10\/Nimeton-1.jpg","datePublished":"2021-10-04T14:23:10+00:00","dateModified":"2021-10-27T10:56:46+00:00","breadcrumb":{"@id":"https:\/\/kuurojenliitto.fi\/yhdistyshuone\/ylimaarainen-liittokokous-2021\/#breadcrumb"},"inLanguage":"fi","potentialAction":[{"@type":"ReadAction","target":["https:\/\/kuurojenliitto.fi\/yhdistyshuone\/ylimaarainen-liittokokous-2021\/"]}]},{"@type":"ImageObject","inLanguage":"fi","@id":"https:\/\/kuurojenliitto.fi\/yhdistyshuone\/ylimaarainen-liittokokous-2021\/#primaryimage","url":"https:\/\/kuurojenliitto.fi\/yhdistyshuone\/wp-content\/uploads\/sites\/11\/2021\/10\/Nimeton-1.jpg","contentUrl":"https:\/\/kuurojenliitto.fi\/yhdistyshuone\/wp-content\/uploads\/sites\/11\/2021\/10\/Nimeton-1.jpg","width":2356,"height":1308},{"@type":"BreadcrumbList","@id":"https:\/\/kuurojenliitto.fi\/yhdistyshuone\/ylimaarainen-liittokokous-2021\/#breadcrumb","itemListElement":[{"@type":"ListItem","position":1,"name":"Ing\u00e5ngssida","item":"https:\/\/kuurojenliitto.fi\/yhdistyshuone\/"},{"@type":"ListItem","position":2,"name":"Ylim\u00e4\u00e4r\u00e4inen liittokokous 2021"}]},{"@type":"WebSite","@id":"https:\/\/kuurojenliitto.fi\/yhdistyshuone\/#website","url":"https:\/\/kuurojenliitto.fi\/yhdistyshuone\/","name":"Yhdistyshuone","description":"Uusi Kuurojen Liitto-sivustot -sivusto","potentialAction":[{"@type":"SearchAction","target":{"@type":"EntryPoint","urlTemplate":"https:\/\/kuurojenliitto.fi\/yhdistyshuone\/?s={search_term_string}"},"query-input":{"@type":"PropertyValueSpecification","valueRequired":true,"valueName":"search_term_string"}}],"inLanguage":"fi"}]}},"lang":"fi","translations":{"fi":3507,"sv":3509},"pll_sync_post":[],"_links":{"self":[{"href":"https:\/\/kuurojenliitto.fi\/yhdistyshuone\/wp-json\/wp\/v2\/pages\/3507","targetHints":{"allow":["GET"]}}],"collection":[{"href":"https:\/\/kuurojenliitto.fi\/yhdistyshuone\/wp-json\/wp\/v2\/pages"}],"about":[{"href":"https:\/\/kuurojenliitto.fi\/yhdistyshuone\/wp-json\/wp\/v2\/types\/page"}],"author":[{"embeddable":true,"href":"https:\/\/kuurojenliitto.fi\/yhdistyshuone\/wp-json\/wp\/v2\/users\/6"}],"replies":[{"embeddable":true,"href":"https:\/\/kuurojenliitto.fi\/yhdistyshuone\/wp-json\/wp\/v2\/comments?post=3507"}],"version-history":[{"count":27,"href":"https:\/\/kuurojenliitto.fi\/yhdistyshuone\/wp-json\/wp\/v2\/pages\/3507\/revisions"}],"predecessor-version":[{"id":3866,"href":"https:\/\/kuurojenliitto.fi\/yhdistyshuone\/wp-json\/wp\/v2\/pages\/3507\/revisions\/3866"}],"wp:featuredmedia":[{"embeddable":true,"href":"https:\/\/kuurojenliitto.fi\/yhdistyshuone\/wp-json\/wp\/v2\/media\/3675"}],"wp:attachment":[{"href":"https:\/\/kuurojenliitto.fi\/yhdistyshuone\/wp-json\/wp\/v2\/media?parent=3507"}],"curies":[{"name":"wp","href":"https:\/\/api.w.org\/{rel}","templated":true}]}}