{"id":3502,"date":"2021-10-01T15:05:33","date_gmt":"2021-10-01T12:05:33","guid":{"rendered":"https:\/\/kuurojenliitto.fi\/yhdistyshuone\/?page_id=3502"},"modified":"2021-10-14T15:31:56","modified_gmt":"2021-10-14T12:31:56","slug":"ylimaarainen-liittokokous-2021-materiaalit-edustajille","status":"publish","type":"page","link":"https:\/\/kuurojenliitto.fi\/yhdistyshuone\/ylimaarainen-liittokokous-2021-materiaalit-edustajille\/","title":{"rendered":"Ylim\u00e4\u00e4r\u00e4inen liittokokous 2021 materiaalit edustajille"},"content":{"rendered":"","protected":true},"excerpt":{"rendered":"","protected":true},"author":6,"featured_media":0,"parent":0,"menu_order":0,"comment_status":"closed","ping_status":"closed","template":"","meta":{"footnotes":""},"class_list":["post-3502","page","type-page","status-publish","post-password-required","hentry","px-4 sm:px-4 md:px-8 lg:px-12 xl:px-24"],"acf":[],"yoast_head":"<!-- This site is optimized with the Yoast SEO plugin v27.3 - https:\/\/yoast.com\/product\/yoast-seo-wordpress\/ -->\n<title>Ylim\u00e4\u00e4r\u00e4inen liittokokous 2021 materiaalit edustajille - Yhdistyshuone<\/title>\n<meta name=\"robots\" content=\"index, follow, max-snippet:-1, max-image-preview:large, max-video-preview:-1\" \/>\n<link rel=\"canonical\" href=\"https:\/\/kuurojenliitto.fi\/yhdistyshuone\/ylimaarainen-liittokokous-2021-materiaalit-edustajille\/\" \/>\n<meta property=\"og:locale\" content=\"fi_FI\" \/>\n<meta property=\"og:type\" content=\"article\" \/>\n<meta property=\"og:title\" content=\"Ylim\u00e4\u00e4r\u00e4inen liittokokous 2021 materiaalit edustajille - Yhdistyshuone\" \/>\n<meta property=\"og:description\" content=\"Otetta ei n\u00e4ytet\u00e4, koska artikkeli on suojattu.\" \/>\n<meta property=\"og:url\" content=\"https:\/\/kuurojenliitto.fi\/yhdistyshuone\/ylimaarainen-liittokokous-2021-materiaalit-edustajille\/\" \/>\n<meta property=\"og:site_name\" content=\"Yhdistyshuone\" \/>\n<meta property=\"article:modified_time\" content=\"2021-10-14T12:31:56+00:00\" \/>\n<meta name=\"twitter:card\" content=\"summary_large_image\" \/>\n<script type=\"application\/ld+json\" class=\"yoast-schema-graph\">{\"@context\":\"https:\\\/\\\/schema.org\",\"@graph\":[{\"@type\":\"WebPage\",\"@id\":\"https:\\\/\\\/kuurojenliitto.fi\\\/yhdistyshuone\\\/ylimaarainen-liittokokous-2021-materiaalit-edustajille\\\/\",\"url\":\"https:\\\/\\\/kuurojenliitto.fi\\\/yhdistyshuone\\\/ylimaarainen-liittokokous-2021-materiaalit-edustajille\\\/\",\"name\":\"Ylim\u00e4\u00e4r\u00e4inen liittokokous 2021 materiaalit edustajille - Yhdistyshuone\",\"isPartOf\":{\"@id\":\"https:\\\/\\\/kuurojenliitto.fi\\\/yhdistyshuone\\\/#website\"},\"datePublished\":\"2021-10-01T12:05:33+00:00\",\"dateModified\":\"2021-10-14T12:31:56+00:00\",\"breadcrumb\":{\"@id\":\"https:\\\/\\\/kuurojenliitto.fi\\\/yhdistyshuone\\\/ylimaarainen-liittokokous-2021-materiaalit-edustajille\\\/#breadcrumb\"},\"inLanguage\":\"fi\"},{\"@type\":\"WebSite\",\"@id\":\"https:\\\/\\\/kuurojenliitto.fi\\\/yhdistyshuone\\\/#website\",\"url\":\"https:\\\/\\\/kuurojenliitto.fi\\\/yhdistyshuone\\\/\",\"name\":\"Yhdistyshuone\",\"description\":\"Uusi Kuurojen Liitto-sivustot -sivusto\",\"potentialAction\":[{\"@type\":\"SearchAction\",\"target\":{\"@type\":\"EntryPoint\",\"urlTemplate\":\"https:\\\/\\\/kuurojenliitto.fi\\\/yhdistyshuone\\\/?s={search_term_string}\"},\"query-input\":{\"@type\":\"PropertyValueSpecification\",\"valueRequired\":true,\"valueName\":\"search_term_string\"}}],\"inLanguage\":\"fi\"}]}<\/script>\n<!-- \/ Yoast SEO plugin. -->","yoast_head_json":{"title":"Ylim\u00e4\u00e4r\u00e4inen liittokokous 2021 materiaalit edustajille - Yhdistyshuone","robots":{"index":"index","follow":"follow","max-snippet":"max-snippet:-1","max-image-preview":"max-image-preview:large","max-video-preview":"max-video-preview:-1"},"canonical":"https:\/\/kuurojenliitto.fi\/yhdistyshuone\/ylimaarainen-liittokokous-2021-materiaalit-edustajille\/","og_locale":"fi_FI","og_type":"article","og_title":"Ylim\u00e4\u00e4r\u00e4inen liittokokous 2021 materiaalit edustajille - Yhdistyshuone","og_description":"Otetta ei n\u00e4ytet\u00e4, koska artikkeli on suojattu.","og_url":"https:\/\/kuurojenliitto.fi\/yhdistyshuone\/ylimaarainen-liittokokous-2021-materiaalit-edustajille\/","og_site_name":"Yhdistyshuone","article_modified_time":"2021-10-14T12:31:56+00:00","twitter_card":"summary_large_image","schema":{"@context":"https:\/\/schema.org","@graph":[{"@type":"WebPage","@id":"https:\/\/kuurojenliitto.fi\/yhdistyshuone\/ylimaarainen-liittokokous-2021-materiaalit-edustajille\/","url":"https:\/\/kuurojenliitto.fi\/yhdistyshuone\/ylimaarainen-liittokokous-2021-materiaalit-edustajille\/","name":"Ylim\u00e4\u00e4r\u00e4inen liittokokous 2021 materiaalit edustajille - Yhdistyshuone","isPartOf":{"@id":"https:\/\/kuurojenliitto.fi\/yhdistyshuone\/#website"},"datePublished":"2021-10-01T12:05:33+00:00","dateModified":"2021-10-14T12:31:56+00:00","breadcrumb":{"@id":"https:\/\/kuurojenliitto.fi\/yhdistyshuone\/ylimaarainen-liittokokous-2021-materiaalit-edustajille\/#breadcrumb"},"inLanguage":"fi"},{"@type":"WebSite","@id":"https:\/\/kuurojenliitto.fi\/yhdistyshuone\/#website","url":"https:\/\/kuurojenliitto.fi\/yhdistyshuone\/","name":"Yhdistyshuone","description":"Uusi Kuurojen Liitto-sivustot -sivusto","potentialAction":[{"@type":"SearchAction","target":{"@type":"EntryPoint","urlTemplate":"https:\/\/kuurojenliitto.fi\/yhdistyshuone\/?s={search_term_string}"},"query-input":{"@type":"PropertyValueSpecification","valueRequired":true,"valueName":"search_term_string"}}],"inLanguage":"fi"}]}},"lang":"fi","translations":{"fi":3502,"sv":3505},"pll_sync_post":[],"_links":{"self":[{"href":"https:\/\/kuurojenliitto.fi\/yhdistyshuone\/wp-json\/wp\/v2\/pages\/3502","targetHints":{"allow":["GET"]}}],"collection":[{"href":"https:\/\/kuurojenliitto.fi\/yhdistyshuone\/wp-json\/wp\/v2\/pages"}],"about":[{"href":"https:\/\/kuurojenliitto.fi\/yhdistyshuone\/wp-json\/wp\/v2\/types\/page"}],"author":[{"embeddable":true,"href":"https:\/\/kuurojenliitto.fi\/yhdistyshuone\/wp-json\/wp\/v2\/users\/6"}],"replies":[{"embeddable":true,"href":"https:\/\/kuurojenliitto.fi\/yhdistyshuone\/wp-json\/wp\/v2\/comments?post=3502"}],"version-history":[{"count":41,"href":"https:\/\/kuurojenliitto.fi\/yhdistyshuone\/wp-json\/wp\/v2\/pages\/3502\/revisions"}],"predecessor-version":[{"id":3768,"href":"https:\/\/kuurojenliitto.fi\/yhdistyshuone\/wp-json\/wp\/v2\/pages\/3502\/revisions\/3768"}],"wp:attachment":[{"href":"https:\/\/kuurojenliitto.fi\/yhdistyshuone\/wp-json\/wp\/v2\/media?parent=3502"}],"curies":[{"name":"wp","href":"https:\/\/api.w.org\/{rel}","templated":true}]}}