{"id":343,"date":"2020-02-19T13:57:21","date_gmt":"2020-02-19T11:57:21","guid":{"rendered":"https:\/\/kuurojenliitto.fi\/yhdistyshuone\/?page_id=343"},"modified":"2025-06-13T09:40:30","modified_gmt":"2025-06-13T06:40:30","slug":"kuurojen-liiton-hallitus-ja-saannot","status":"publish","type":"page","link":"https:\/\/kuurojenliitto.fi\/yhdistyshuone\/kuurojen-liiton-hallitus-ja-saannot\/","title":{"rendered":"Kuurojen Liiton hallitus ja s\u00e4\u00e4nn\u00f6t"},"content":{"rendered":"\n\n<section id=\"column-block_a3a8c1fb71aafe72881673582dd1dde6\" class=\"section-default ingress px-4 sm:px-4 md:px-8 lg:px-12 xl:px-24\">\n    <div class=\"flex pb-4\">\n                      <div class=\"w-full text-lg\">\n                  <p>Kuurojen Liiton s\u00e4\u00e4nn\u00f6t m\u00e4\u00e4rittelev\u00e4t hallituksen teht\u00e4v\u00e4t. Liittokokous antaa hallitukselle p\u00e4\u00e4t\u00e4nt\u00e4vallan. Hallitus puolestaan tukee johtoryhm\u00e4n j\u00e4seni\u00e4 itsen\u00e4isess\u00e4 p\u00e4\u00e4t\u00f6ksenteossa.<\/p>\n        <\/div>\n            \n    <\/div>\n\n<\/section>\n\n\n\n<section id=\"column-block_d5a796bc3dc2ffdc6ee65ad90a6300a2\" class=\"px-4 sm:px-4 md:px-8 lg:px-12 xl:px-24 section-default \">\n\n            <div class=\"relative py-4 gridder\">\n                        <div id=\"stickier\" class=\"b z-10 flex flex-row flex-wrap  mb-6 top-0 relative\">\n\n          <div class=\"x-tabs w-full\" x-data=\"{ activeTab: 0 }\">\n                    <div :class=\"{ 'hidden': activeTab !== 0 }\" tabindex=\"0\" role=\"tabpanel\" id=\"tab-0\" aria-labelledby=\"label-0\" class=\"bg-white\">\n                            \n    <figure class=\"relative\">\n      <img decoding=\"async\" src=\"https:\/\/kuurojenliitto.fi\/yhdistyshuone\/wp-content\/uploads\/sites\/11\/2025\/06\/web-5323-1280x720.jpg\" alt=\"\">\n    <\/figure>\n                      <div class=\"flex flex-row w-full flex-wrap p-2 bg-light text-dark text-md\">\n                    <span>Kuurojen Liiton hallitus 2025-26. Vasemmalta oikealle: H\u00e5kan Westerholm, Ronja Tammisara, Milla Pitk\u00e4nen, puheenjohtaja Salla Fagerstr\u00f6m, Heidi Joffel, Olli Katainen ja Mari Virtanen.<\/span>                  <\/div>\n                                                      <\/div>\n                                <\/div>\n\n                              <\/div>\n        \n          <div class=\"content entry-content bg-white p-8 lg:pr-20 a lg:mr-12 mb-3 shadow-xl hover:shadow-2xl\">\n            <h2>Kuurojen Liiton hallitus<\/h2>\n<p>Liiton asioita hoitaa hallitus. Hallituksen teht\u00e4v\u00e4t on m\u00e4\u00e4ritelty liiton s\u00e4\u00e4nn\u00f6iss\u00e4.<\/p>\n<p>Hallitus on liiton s\u00e4\u00e4nt\u00f6m\u00e4\u00e4r\u00e4isen\u00e4 toimeenpanevana p\u00e4\u00e4t\u00f6ksentekoelimen\u00e4 vastuussa liittokokoukselle Kuurojen Liiton toiminnasta ja hallinnosta kokonaisuudessaan. Toisaalta hallituksen tulee tukea johtoa ja toimihenkil\u00f6it\u00e4 itsen\u00e4iseen p\u00e4\u00e4t\u00f6ksentekoon ja valtuuksiensa laajamittaiseen k\u00e4ytt\u00f6\u00f6n.<\/p>\n<p>Hallituksen kokoukseen tarkoitetut asiat tulee toimittaa hallituksen sihteerille <strong>Elina Pokille<\/strong> viimeist\u00e4\u00e4n kahta viikkoa ennen kokousta s\u00e4hk\u00f6postilla tai kirjeitse.<\/p>\n<p><strong><a href=\"https:\/\/kuurojenliitto.fi\/hallitus\/\">Hallituksen j\u00e4senet 2025-2026: Yhteystiedot<\/a><\/strong><\/p>\n<p>&nbsp;<\/p>\n                      <\/div>\n\n                      <aside class=\"c\">\n              \n                            <div class=\"border-l-4 border-color pl-4 mb-8\">\n\n                                  <h3 class=\"heading-lg text-2xl mb-2\">S\u00e4\u00e4nn\u00f6t<\/h3>\n                \n                \n                                  <nav class=\"flex flex-col mt-4\">\n                    \n                      \n                      \n                                      <\/nav>\n                \n                                  <nav class=\"flex flex-col\">\n                    \n                      \n                                              <a class=\"border-t border-gray-200 py-2\"\n                           href=\"https:\/\/kuurojenliitto.fi\/yhdistyshuone\/wp-content\/uploads\/sites\/11\/2024\/08\/Kuurojen-Liiton-saannot-2024_FINAL_PRH-hyvaksynyt.pdf\"><i\n                            class=\"fa fa-file fa-fw\"><\/i> Kuurojen Liiton s\u00e4\u00e4nn\u00f6t 2024                        <\/a>\n                      \n                                      <\/nav>\n                              <\/div>\n              \n              \n                                  <h3 class=\"heading-lg text-2xl mb-4\">Hallituksen sihteeri<\/h3>\n                \n                                    <div class=\"flex flex-row-reverse flex-wrap bg-white shadow-xl hover:shadow-2xl p-4 mb-3\">\n\n    <div class=\"w-1\/4 text-right\">\n    <figure class=\"entry-image overflow-hidden\">\n      <img loading=\"lazy\" decoding=\"async\" width=\"800\" height=\"800\" src=\"https:\/\/kuurojenliitto.fi\/yhdistyshuone\/wp-content\/uploads\/sites\/11\/2020\/03\/2022_08-Elina-Pokki-1-e1662114385403-800x800.jpg\" class=\"w-full object-fit\" alt=\"&quot;&quot;\" srcset=\"https:\/\/kuurojenliitto.fi\/yhdistyshuone\/wp-content\/uploads\/sites\/11\/2020\/03\/2022_08-Elina-Pokki-1-e1662114385403-800x800.jpg 800w, https:\/\/kuurojenliitto.fi\/yhdistyshuone\/wp-content\/uploads\/sites\/11\/2020\/03\/2022_08-Elina-Pokki-1-e1662114385403-768x769.jpg 768w, https:\/\/kuurojenliitto.fi\/yhdistyshuone\/wp-content\/uploads\/sites\/11\/2020\/03\/2022_08-Elina-Pokki-1-e1662114385403.jpg 1080w\" sizes=\"auto, (max-width: 800px) 100vw, 800px\" \/>    <\/figure><!-- .entry-header -->\n  <\/div>\n  <div class=\"entry-content w-3\/4 pr-4\">\n    <h3 class=\"mb-0 text-lg\">\n      <a href=\"https:\/\/kuurojenliitto.fi\/yhdistyshuone\/henkilo\/elina-pokki\/\">Elina Pokki<\/a>\n    <\/h3>\n    <div class=\"mb-4 mt-0\">\n              <span class=\"text-gray-900 text-sm\">\n                          Toiminnanjohtajan assistentti                      <\/span>\n                <\/div>\n    <div class=\"flex flex-col text-gray-600 mt-1 text-sm items-start\">\n              <div class=\"flex flex-row-reverse\">\n          <div class=\"ml-2 text-xs\">\n                                                  <span class=\"sr-only\">Henkil\u00f6 ei ota vastaan puheluja<\/span>\n              <i class=\"sr-hide fas fa-fw fa-phone-slash mr-1\"><\/i>\n                                      <span class=\"sr-only\">Henkil\u00f6 ottaa vastaan tekstiviestej\u00e4<\/span>\n              <i class=\"sr-hide fas fa-fw fa-sms mr-1\"><\/i>\n                                      <span class=\"sr-only\">Henkil\u00f6 ottaa vastaan WhatsApp-viestej\u00e4, videoviestej\u00e4 ja videopuheluja<\/span>\n              <i class=\"sr-hide fab fa-fw fa-whatsapp mr-1\"><\/i>\n                                  <\/div>\n          <div><span class=\"sr-only\">Puhelinnumero: <\/span><a href=\"tel:+358 40 738 5089\"> +358 40 738 5089<\/a><\/div>\n        <\/div>\n\n                    <div><span class=\"sr-only\"><\/span><a\n            href=\"mailto:elina.pokki@kuurojenliitto.fi\">elina.pokki@kuurojenliitto.fi<\/a><\/div>\n                <\/div>\n\n      <\/div><!-- .entry-content -->\n        <div class=\"w-full mt-2 text-xs\">\n      <span class=\"sr-only\">Henkil\u00f6n vastuualue<\/span>\n              <a href=\"https:\/\/kuurojenliitto.fi\/yhdistyshuone\/vastuualue\/hallituksen-sihteeri\/\">\n          <span class=\"bg-light py-px px-1 text-dark inline-block mr-1 mb-1\">\n            Hallituksen sihteeri          <\/span>\n        <\/a>\n          <\/div>\n  \n<\/div>\n                              \n            <\/aside>\n          \n\n      <\/div>\n    \n  \n<\/section>\n","protected":false},"excerpt":{"rendered":"<p>Kuurojen Liiton s\u00e4\u00e4nn\u00f6t m\u00e4\u00e4rittelev\u00e4t hallituksen teht\u00e4v\u00e4t. Liittokokous antaa hallitukselle p\u00e4\u00e4t\u00e4nt\u00e4vallan. Hallitus puolestaan tukee johtoryhm\u00e4n j\u00e4seni\u00e4 itsen\u00e4isess\u00e4 p\u00e4\u00e4t\u00f6ksenteossa. Kuurojen Liiton hallitus 2025-26. Vasemmalta oikealle: H\u00e5kan Westerholm, Ronja Tammisara, Milla Pitk\u00e4nen, puheenjohtaja Salla Fagerstr\u00f6m, Heidi Joffel, Olli&#8230;<\/p>\n","protected":false},"author":6,"featured_media":8095,"parent":0,"menu_order":0,"comment_status":"closed","ping_status":"closed","template":"","meta":{"footnotes":""},"class_list":["post-343","page","type-page","status-publish","has-post-thumbnail","hentry","px-4 sm:px-4 md:px-8 lg:px-12 xl:px-24"],"acf":[],"yoast_head":"<!-- This site is optimized with the Yoast SEO plugin v27.3 - https:\/\/yoast.com\/product\/yoast-seo-wordpress\/ -->\n<title>Kuurojen Liiton hallitus ja s\u00e4\u00e4nn\u00f6t - Yhdistyshuone<\/title>\n<meta name=\"robots\" content=\"index, follow, max-snippet:-1, max-image-preview:large, max-video-preview:-1\" \/>\n<link rel=\"canonical\" href=\"https:\/\/kuurojenliitto.fi\/yhdistyshuone\/kuurojen-liiton-hallitus-ja-saannot\/\" \/>\n<meta property=\"og:locale\" content=\"fi_FI\" \/>\n<meta property=\"og:type\" content=\"article\" \/>\n<meta property=\"og:title\" content=\"Kuurojen Liiton hallitus ja s\u00e4\u00e4nn\u00f6t - Yhdistyshuone\" \/>\n<meta property=\"og:description\" content=\"Kuurojen Liiton s\u00e4\u00e4nn\u00f6t m\u00e4\u00e4rittelev\u00e4t hallituksen teht\u00e4v\u00e4t. Liittokokous antaa hallitukselle p\u00e4\u00e4t\u00e4nt\u00e4vallan. Hallitus puolestaan tukee johtoryhm\u00e4n j\u00e4seni\u00e4 itsen\u00e4isess\u00e4 p\u00e4\u00e4t\u00f6ksenteossa. Kuurojen Liiton hallitus 2025-26. Vasemmalta oikealle: H\u00e5kan Westerholm, Ronja Tammisara, Milla Pitk\u00e4nen, puheenjohtaja Salla Fagerstr\u00f6m, Heidi Joffel, Olli...\" \/>\n<meta property=\"og:url\" content=\"https:\/\/kuurojenliitto.fi\/yhdistyshuone\/kuurojen-liiton-hallitus-ja-saannot\/\" \/>\n<meta property=\"og:site_name\" content=\"Yhdistyshuone\" \/>\n<meta property=\"article:modified_time\" content=\"2025-06-13T06:40:30+00:00\" \/>\n<meta property=\"og:image\" content=\"https:\/\/kuurojenliitto.fi\/yhdistyshuone\/wp-content\/uploads\/sites\/11\/2025\/06\/web-5323.jpg\" \/>\n\t<meta property=\"og:image:width\" content=\"2048\" \/>\n\t<meta property=\"og:image:height\" content=\"1152\" \/>\n\t<meta property=\"og:image:type\" content=\"image\/jpeg\" \/>\n<meta name=\"twitter:card\" content=\"summary_large_image\" \/>\n<meta name=\"twitter:label1\" content=\"Arvioitu lukuaika\" \/>\n\t<meta name=\"twitter:data1\" content=\"1 minuutti\" \/>\n<script type=\"application\/ld+json\" class=\"yoast-schema-graph\">{\"@context\":\"https:\\\/\\\/schema.org\",\"@graph\":[{\"@type\":\"WebPage\",\"@id\":\"https:\\\/\\\/kuurojenliitto.fi\\\/yhdistyshuone\\\/kuurojen-liiton-hallitus-ja-saannot\\\/\",\"url\":\"https:\\\/\\\/kuurojenliitto.fi\\\/yhdistyshuone\\\/kuurojen-liiton-hallitus-ja-saannot\\\/\",\"name\":\"Kuurojen Liiton hallitus ja s\u00e4\u00e4nn\u00f6t - Yhdistyshuone\",\"isPartOf\":{\"@id\":\"https:\\\/\\\/kuurojenliitto.fi\\\/yhdistyshuone\\\/#website\"},\"primaryImageOfPage\":{\"@id\":\"https:\\\/\\\/kuurojenliitto.fi\\\/yhdistyshuone\\\/kuurojen-liiton-hallitus-ja-saannot\\\/#primaryimage\"},\"image\":{\"@id\":\"https:\\\/\\\/kuurojenliitto.fi\\\/yhdistyshuone\\\/kuurojen-liiton-hallitus-ja-saannot\\\/#primaryimage\"},\"thumbnailUrl\":\"https:\\\/\\\/kuurojenliitto.fi\\\/yhdistyshuone\\\/wp-content\\\/uploads\\\/sites\\\/11\\\/2025\\\/06\\\/web-5323.jpg\",\"datePublished\":\"2020-02-19T11:57:21+00:00\",\"dateModified\":\"2025-06-13T06:40:30+00:00\",\"breadcrumb\":{\"@id\":\"https:\\\/\\\/kuurojenliitto.fi\\\/yhdistyshuone\\\/kuurojen-liiton-hallitus-ja-saannot\\\/#breadcrumb\"},\"inLanguage\":\"fi\",\"potentialAction\":[{\"@type\":\"ReadAction\",\"target\":[\"https:\\\/\\\/kuurojenliitto.fi\\\/yhdistyshuone\\\/kuurojen-liiton-hallitus-ja-saannot\\\/\"]}]},{\"@type\":\"ImageObject\",\"inLanguage\":\"fi\",\"@id\":\"https:\\\/\\\/kuurojenliitto.fi\\\/yhdistyshuone\\\/kuurojen-liiton-hallitus-ja-saannot\\\/#primaryimage\",\"url\":\"https:\\\/\\\/kuurojenliitto.fi\\\/yhdistyshuone\\\/wp-content\\\/uploads\\\/sites\\\/11\\\/2025\\\/06\\\/web-5323.jpg\",\"contentUrl\":\"https:\\\/\\\/kuurojenliitto.fi\\\/yhdistyshuone\\\/wp-content\\\/uploads\\\/sites\\\/11\\\/2025\\\/06\\\/web-5323.jpg\",\"width\":2048,\"height\":1152,\"caption\":\"Kuurojen Liiton hallitus 2025-26. Vasemmalta oikealle: H\u00e5kan Westerholm, Ronja Tammisara, Milla Pitk\u00e4nen, puheenjohtaja Salla Fagerstr\u00f6m, Heidi Joffel, Olli Katainen ja Mari Virtanen.\"},{\"@type\":\"BreadcrumbList\",\"@id\":\"https:\\\/\\\/kuurojenliitto.fi\\\/yhdistyshuone\\\/kuurojen-liiton-hallitus-ja-saannot\\\/#breadcrumb\",\"itemListElement\":[{\"@type\":\"ListItem\",\"position\":1,\"name\":\"Ing\u00e5ngssida\",\"item\":\"https:\\\/\\\/kuurojenliitto.fi\\\/yhdistyshuone\\\/\"},{\"@type\":\"ListItem\",\"position\":2,\"name\":\"Kuurojen Liiton hallitus ja s\u00e4\u00e4nn\u00f6t\"}]},{\"@type\":\"WebSite\",\"@id\":\"https:\\\/\\\/kuurojenliitto.fi\\\/yhdistyshuone\\\/#website\",\"url\":\"https:\\\/\\\/kuurojenliitto.fi\\\/yhdistyshuone\\\/\",\"name\":\"Yhdistyshuone\",\"description\":\"Uusi Kuurojen Liitto-sivustot -sivusto\",\"potentialAction\":[{\"@type\":\"SearchAction\",\"target\":{\"@type\":\"EntryPoint\",\"urlTemplate\":\"https:\\\/\\\/kuurojenliitto.fi\\\/yhdistyshuone\\\/?s={search_term_string}\"},\"query-input\":{\"@type\":\"PropertyValueSpecification\",\"valueRequired\":true,\"valueName\":\"search_term_string\"}}],\"inLanguage\":\"fi\"}]}<\/script>\n<!-- \/ Yoast SEO plugin. -->","yoast_head_json":{"title":"Kuurojen Liiton hallitus ja s\u00e4\u00e4nn\u00f6t - Yhdistyshuone","robots":{"index":"index","follow":"follow","max-snippet":"max-snippet:-1","max-image-preview":"max-image-preview:large","max-video-preview":"max-video-preview:-1"},"canonical":"https:\/\/kuurojenliitto.fi\/yhdistyshuone\/kuurojen-liiton-hallitus-ja-saannot\/","og_locale":"fi_FI","og_type":"article","og_title":"Kuurojen Liiton hallitus ja s\u00e4\u00e4nn\u00f6t - Yhdistyshuone","og_description":"Kuurojen Liiton s\u00e4\u00e4nn\u00f6t m\u00e4\u00e4rittelev\u00e4t hallituksen teht\u00e4v\u00e4t. Liittokokous antaa hallitukselle p\u00e4\u00e4t\u00e4nt\u00e4vallan. Hallitus puolestaan tukee johtoryhm\u00e4n j\u00e4seni\u00e4 itsen\u00e4isess\u00e4 p\u00e4\u00e4t\u00f6ksenteossa. Kuurojen Liiton hallitus 2025-26. Vasemmalta oikealle: H\u00e5kan Westerholm, Ronja Tammisara, Milla Pitk\u00e4nen, puheenjohtaja Salla Fagerstr\u00f6m, Heidi Joffel, Olli...","og_url":"https:\/\/kuurojenliitto.fi\/yhdistyshuone\/kuurojen-liiton-hallitus-ja-saannot\/","og_site_name":"Yhdistyshuone","article_modified_time":"2025-06-13T06:40:30+00:00","og_image":[{"width":2048,"height":1152,"url":"https:\/\/kuurojenliitto.fi\/yhdistyshuone\/wp-content\/uploads\/sites\/11\/2025\/06\/web-5323.jpg","type":"image\/jpeg"}],"twitter_card":"summary_large_image","twitter_misc":{"Arvioitu lukuaika":"1 minuutti"},"schema":{"@context":"https:\/\/schema.org","@graph":[{"@type":"WebPage","@id":"https:\/\/kuurojenliitto.fi\/yhdistyshuone\/kuurojen-liiton-hallitus-ja-saannot\/","url":"https:\/\/kuurojenliitto.fi\/yhdistyshuone\/kuurojen-liiton-hallitus-ja-saannot\/","name":"Kuurojen Liiton hallitus ja s\u00e4\u00e4nn\u00f6t - Yhdistyshuone","isPartOf":{"@id":"https:\/\/kuurojenliitto.fi\/yhdistyshuone\/#website"},"primaryImageOfPage":{"@id":"https:\/\/kuurojenliitto.fi\/yhdistyshuone\/kuurojen-liiton-hallitus-ja-saannot\/#primaryimage"},"image":{"@id":"https:\/\/kuurojenliitto.fi\/yhdistyshuone\/kuurojen-liiton-hallitus-ja-saannot\/#primaryimage"},"thumbnailUrl":"https:\/\/kuurojenliitto.fi\/yhdistyshuone\/wp-content\/uploads\/sites\/11\/2025\/06\/web-5323.jpg","datePublished":"2020-02-19T11:57:21+00:00","dateModified":"2025-06-13T06:40:30+00:00","breadcrumb":{"@id":"https:\/\/kuurojenliitto.fi\/yhdistyshuone\/kuurojen-liiton-hallitus-ja-saannot\/#breadcrumb"},"inLanguage":"fi","potentialAction":[{"@type":"ReadAction","target":["https:\/\/kuurojenliitto.fi\/yhdistyshuone\/kuurojen-liiton-hallitus-ja-saannot\/"]}]},{"@type":"ImageObject","inLanguage":"fi","@id":"https:\/\/kuurojenliitto.fi\/yhdistyshuone\/kuurojen-liiton-hallitus-ja-saannot\/#primaryimage","url":"https:\/\/kuurojenliitto.fi\/yhdistyshuone\/wp-content\/uploads\/sites\/11\/2025\/06\/web-5323.jpg","contentUrl":"https:\/\/kuurojenliitto.fi\/yhdistyshuone\/wp-content\/uploads\/sites\/11\/2025\/06\/web-5323.jpg","width":2048,"height":1152,"caption":"Kuurojen Liiton hallitus 2025-26. Vasemmalta oikealle: H\u00e5kan Westerholm, Ronja Tammisara, Milla Pitk\u00e4nen, puheenjohtaja Salla Fagerstr\u00f6m, Heidi Joffel, Olli Katainen ja Mari Virtanen."},{"@type":"BreadcrumbList","@id":"https:\/\/kuurojenliitto.fi\/yhdistyshuone\/kuurojen-liiton-hallitus-ja-saannot\/#breadcrumb","itemListElement":[{"@type":"ListItem","position":1,"name":"Ing\u00e5ngssida","item":"https:\/\/kuurojenliitto.fi\/yhdistyshuone\/"},{"@type":"ListItem","position":2,"name":"Kuurojen Liiton hallitus ja s\u00e4\u00e4nn\u00f6t"}]},{"@type":"WebSite","@id":"https:\/\/kuurojenliitto.fi\/yhdistyshuone\/#website","url":"https:\/\/kuurojenliitto.fi\/yhdistyshuone\/","name":"Yhdistyshuone","description":"Uusi Kuurojen Liitto-sivustot -sivusto","potentialAction":[{"@type":"SearchAction","target":{"@type":"EntryPoint","urlTemplate":"https:\/\/kuurojenliitto.fi\/yhdistyshuone\/?s={search_term_string}"},"query-input":{"@type":"PropertyValueSpecification","valueRequired":true,"valueName":"search_term_string"}}],"inLanguage":"fi"}]}},"lang":"fi","translations":{"fi":343,"sv":835},"pll_sync_post":[],"_links":{"self":[{"href":"https:\/\/kuurojenliitto.fi\/yhdistyshuone\/wp-json\/wp\/v2\/pages\/343","targetHints":{"allow":["GET"]}}],"collection":[{"href":"https:\/\/kuurojenliitto.fi\/yhdistyshuone\/wp-json\/wp\/v2\/pages"}],"about":[{"href":"https:\/\/kuurojenliitto.fi\/yhdistyshuone\/wp-json\/wp\/v2\/types\/page"}],"author":[{"embeddable":true,"href":"https:\/\/kuurojenliitto.fi\/yhdistyshuone\/wp-json\/wp\/v2\/users\/6"}],"replies":[{"embeddable":true,"href":"https:\/\/kuurojenliitto.fi\/yhdistyshuone\/wp-json\/wp\/v2\/comments?post=343"}],"version-history":[{"count":51,"href":"https:\/\/kuurojenliitto.fi\/yhdistyshuone\/wp-json\/wp\/v2\/pages\/343\/revisions"}],"predecessor-version":[{"id":8101,"href":"https:\/\/kuurojenliitto.fi\/yhdistyshuone\/wp-json\/wp\/v2\/pages\/343\/revisions\/8101"}],"wp:featuredmedia":[{"embeddable":true,"href":"https:\/\/kuurojenliitto.fi\/yhdistyshuone\/wp-json\/wp\/v2\/media\/8095"}],"wp:attachment":[{"href":"https:\/\/kuurojenliitto.fi\/yhdistyshuone\/wp-json\/wp\/v2\/media?parent=343"}],"curies":[{"name":"wp","href":"https:\/\/api.w.org\/{rel}","templated":true}]}}