{"id":333,"date":"2020-02-17T09:38:33","date_gmt":"2020-02-17T07:38:33","guid":{"rendered":"https:\/\/kuurojenliitto.fi\/yhdistyshuone\/?page_id=333"},"modified":"2024-10-15T10:28:50","modified_gmt":"2024-10-15T07:28:50","slug":"yhdistysohjelma","status":"publish","type":"page","link":"https:\/\/kuurojenliitto.fi\/yhdistyshuone\/yhdistysohjelma\/","title":{"rendered":"Yhdistysohjelma"},"content":{"rendered":"\n\n<section id=\"column-block_9ccc8637cf51bbe3f7c44e240c4141e4\" class=\"section-default ingress px-4 sm:px-4 md:px-8 lg:px-12 xl:px-24\">\n    <div class=\"flex pb-4\">\n                      <div class=\"w-full text-lg\">\n                  <p>Haluaako yhdistyksenne uudistua? Haluatteko selkiytt\u00e4\u00e4 yhdistyksenne toimintaa ja varautua tulevaisuuden muutoksiin? Haluaako yhdistyksenne lis\u00e4\u00e4 iloa ja positiivista energiaa? Jos vastasit kyll\u00e4 n\u00e4ihin kysymyksiin, Yhdistysohjelma on teit\u00e4 varten!<\/p>\n        <\/div>\n            \n    <\/div>\n\n<\/section>\n\n\n\n<section id=\"column-block_c38fd409d1893dc9964e5c8aeb034c91\" class=\"px-4 sm:px-4 md:px-8 lg:px-12 xl:px-24 section-default \">\n\n            <div class=\"relative py-4 gridder\">\n                        <div id=\"stickier\" class=\"b z-10 flex flex-row flex-wrap  mb-6 top-0 relative\">\n\n          <div class=\"x-tabs w-full\" x-data=\"{ activeTab: 0 }\">\n                    <div :class=\"{ 'hidden': activeTab !== 0 }\" tabindex=\"0\" role=\"tabpanel\" id=\"tab-0\" aria-labelledby=\"label-0\" class=\"bg-white\">\n                                        <button onclick=\"getSticky()\" class=\"bg-moss-500 hover:text-white text-dark w-16 h-16 hidden md:block md:absolute top-0 right-0 z-10\"><i class=\"fas fa-thumbtack fa-lg\"><\/i><br><span id=\"stickytext\">Kiinnit\u00e4<\/span><\/button>\n                                <div class=\"embed-container w-full\">\n    <iframe loading=\"lazy\" title=\"Yhdistusohjelma: T\u00e4\u00e4ll\u00e4 meid\u00e4n on hyv\u00e4 olla\" width=\"640\" height=\"360\" src=\"https:\/\/www.youtube.com\/embed\/dhal3-8lL4M?feature=oembed\" frameborder=\"0\" allow=\"accelerometer; autoplay; clipboard-write; encrypted-media; gyroscope; picture-in-picture; web-share\" referrerpolicy=\"strict-origin-when-cross-origin\" allowfullscreen><\/iframe>  <\/div>\n  <div class=\"w-full p-2 bg-light text-md\">\n        <div class=\"flex flex-row flex-wrap text-sm text-gray-800\">\n              <div class=\"w-full md:w-1\/3\">\n          <i class=\"far fa-clock mr-1 text-gray-500\"><\/i> Kesto: 18:34<\/div>\n      \n      <div class=\"w-full md:w-2\/3\">\n        <i class=\"fal fa-closed-captioning mr-1 text-gray-500\"><\/i>\n        Ei tekstityst\u00e4                  <div class=\"w-full\"><i class=\"fal fa-sign-language mr-1 text-gray-500\"><\/i>\n            Kieli:\n                                                          <span>Suomalainen viittomakieli<\/span>\n                          \n          <\/div>\n              <\/div>\n    <\/div>\n  <\/div>\n                                                <\/div>\n                                <\/div>\n\n                              <\/div>\n        \n          <div class=\"content entry-content bg-white p-8 lg:pr-20 a lg:mr-12 mb-3 shadow-xl hover:shadow-2xl\">\n            <h2>T\u00e4\u00e4ll\u00e4 meid\u00e4n on hyv\u00e4 olla<\/h2>\n<p>Yhdistysohjelma on tarkoitettu liiton j\u00e4senyhdistysten toiminnan tueksi. Ohjelma sis\u00e4lt\u00e4\u00e4 25 toimenpide-ehdotusta.<\/p>\n<p>Ota yhteytt\u00e4 Kuurojen Liiton j\u00e4rjest\u00f6suunnittelija <strong>Iina Uhleniukseen<\/strong> ja katsotaan yhdistyksen kanssa yhdess\u00e4 miten yhdistysohjelma otetaan k\u00e4ytt\u00f6\u00f6n. J\u00e4rjest\u00f6suunnittelija etsii yhdistyksellenne sopivia eri alan ammattilaisia ja suunnittelee yhdistyksellenne sopivan kehitt\u00e4misjakson.<\/p>\n<p>Voit ladata Yhdistysohjelman (PDF), PowerPoint -esityksen ja julisteet t\u00e4lt\u00e4 sivulta.<\/p>\n                      <\/div>\n\n                      <aside class=\"c\">\n              \n                            <div class=\"border-l-4 border-color pl-4 mb-8\">\n\n                                  <h3 class=\"heading-lg text-2xl mb-2\">Lataa Yhdistysohjelman materiaalit t\u00e4st\u00e4<\/h3>\n                \n                \n                                  <nav class=\"flex flex-col mt-4\">\n                    \n                      \n                      \n                                      <\/nav>\n                \n                                  <nav class=\"flex flex-col\">\n                    \n                      \n                                              <a class=\"border-t border-gray-200 py-2\"\n                           href=\"https:\/\/kuurojenliitto.fi\/yhdistyshuone\/wp-content\/uploads\/sites\/11\/2020\/01\/a5-yhdistysohjelma_5_4_painoon.pdf\"><i\n                            class=\"fa fa-file fa-fw\"><\/i> Yhdistysohjelma: T\u00e4\u00e4ll\u00e4 meid\u00e4n on hyv\u00e4 olla (PDF)                        <\/a>\n                      \n                    \n                      \n                                              <a class=\"border-t border-gray-200 py-2\"\n                           href=\"https:\/\/kuurojenliitto.fi\/yhdistyshuone\/wp-content\/uploads\/sites\/11\/2020\/01\/esitys_suomeksi.pptx\"><i\n                            class=\"fa fa-file fa-fw\"><\/i> Esitys suomeksi (PowerPoint)                        <\/a>\n                      \n                    \n                      \n                                              <a class=\"border-t border-gray-200 py-2\"\n                           href=\"https:\/\/kuurojenliitto.fi\/yhdistyshuone\/wp-content\/uploads\/sites\/11\/2020\/01\/yhdistysohjelma-juliste-fi_0.pdf\"><i\n                            class=\"fa fa-file fa-fw\"><\/i> Yhdistysohjelman juliste (PDF)                        <\/a>\n                      \n                                      <\/nav>\n                              <\/div>\n              \n              \n            <\/aside>\n          \n\n      <\/div>\n    \n  \n<\/section>\n\n\n\n\n<section id=\"column-block_bb023c8992ea1c06b55d986f3f087f92\" class=\"section-default pt-4 pb-0  px-4 sm:px-4 lg:px-12 xl:px-24 bg-gray-100 text-gray-900 title\">\n\n  \n    <h1 class=\"leading-tight heading-sm  text-2xl sm:text-3xl lg:text-4xl\">Ota yhteytt\u00e4:<\/h1>\n\n  \n\n<\/section>\n\n\n\n<section id=\"column-block_30b2de97ded8dfed02b8f413a732f192\"\n         class=\"section-default pt-4 pb-4 px-4 sm:px-4 md:px-8 lg:px-12 xl:px-24 bg-gray-100 cards\">\n    \n        <div class=\"flex flex-wrap flex-row -mx-4\">\n\n                            \n                                    \n\t                        <div class=\"w-full md:w-1\/2 xl:w-1\/2 p-4 mb-3\">\n  <div class=\"flex flex-row-reverse flex-wrap bg-white shadow-xl hover:shadow-2xl p-4  h-full\">\n  \n    <div class=\"w-1\/4 text-right\">\n    <figure class=\"entry-image overflow-hidden\">\n      <img loading=\"lazy\" decoding=\"async\" width=\"800\" height=\"800\" src=\"https:\/\/kuurojenliitto.fi\/yhdistyshuone\/wp-content\/uploads\/sites\/11\/2020\/03\/2022_08-Iina-Uhlenius-web-e1665660326691-800x800.jpg\" class=\"w-full object-fit\" alt=\"&quot;&quot;\" srcset=\"https:\/\/kuurojenliitto.fi\/yhdistyshuone\/wp-content\/uploads\/sites\/11\/2020\/03\/2022_08-Iina-Uhlenius-web-e1665660326691-800x800.jpg 800w, https:\/\/kuurojenliitto.fi\/yhdistyshuone\/wp-content\/uploads\/sites\/11\/2020\/03\/2022_08-Iina-Uhlenius-web-e1665660326691-768x769.jpg 768w, https:\/\/kuurojenliitto.fi\/yhdistyshuone\/wp-content\/uploads\/sites\/11\/2020\/03\/2022_08-Iina-Uhlenius-web-e1665660326691.jpg 1345w\" sizes=\"auto, (max-width: 800px) 100vw, 800px\" \/>    <\/figure><!-- .entry-header -->\n  <\/div>\n  <div class=\"entry-content w-3\/4 pr-4\">\n    <h3 class=\"mb-0 text-lg\">\n      <a href=\"https:\/\/kuurojenliitto.fi\/yhdistyshuone\/henkilo\/iina-uhlenius\/\">Iina Uhlenius<\/a>\n    <\/h3>\n    <div class=\"mb-4 mt-0\">\n              <span class=\"text-gray-900 text-sm\">\n                          J\u00e4rjest\u00f6suunnittelija                      <\/span>\n                <\/div>\n    <div class=\"flex flex-col text-gray-600 mt-1 text-sm items-start\">\n              <div class=\"flex flex-row-reverse\">\n          <div class=\"ml-2 text-xs\">\n                                                  <span class=\"sr-only\">Henkil\u00f6 ei ota vastaan puheluja<\/span>\n              <i class=\"sr-hide fas fa-fw fa-phone-slash mr-1\"><\/i>\n                                      <span class=\"sr-only\">Henkil\u00f6 ottaa vastaan tekstiviestej\u00e4<\/span>\n              <i class=\"sr-hide fas fa-fw fa-sms mr-1\"><\/i>\n                                      <span class=\"sr-only\">Henkil\u00f6 ottaa vastaan WhatsApp-viestej\u00e4, videoviestej\u00e4 ja videopuheluja<\/span>\n              <i class=\"sr-hide fab fa-fw fa-whatsapp mr-1\"><\/i>\n                                  <\/div>\n          <div><span class=\"sr-only\">Puhelinnumero: <\/span><a href=\"tel:+358 44 752 5256 \"> +358 44 752 5256 <\/a><\/div>\n        <\/div>\n\n                    <div><span class=\"sr-only\"><\/span><a\n            href=\"mailto:iina.uhlenius@kuurojenliitto.fi\">iina.uhlenius@kuurojenliitto.fi<\/a><\/div>\n                <\/div>\n\n      <\/div><!-- .entry-content -->\n        <div class=\"w-full mt-2 text-xs\">\n      <span class=\"sr-only\">Henkil\u00f6n vastuualue<\/span>\n              <a href=\"https:\/\/kuurojenliitto.fi\/yhdistyshuone\/vastuualue\/yhdistysohjelma\/\">\n          <span class=\"bg-light py-px px-1 text-dark inline-block mr-1 mb-1\">\n            Yhdistysohjelma          <\/span>\n        <\/a>\n          <\/div>\n  \n  <\/div><\/div>\n  \n\t\t\t\t\t\t                \n            \n        <\/div>\n\n    \n<\/section>\n","protected":false},"excerpt":{"rendered":"<p>Haluaako yhdistyksenne uudistua? Haluatteko selkiytt\u00e4\u00e4 yhdistyksenne toimintaa ja varautua tulevaisuuden muutoksiin? Haluaako yhdistyksenne lis\u00e4\u00e4 iloa ja positiivista energiaa? Jos vastasit kyll\u00e4 n\u00e4ihin kysymyksiin, Yhdistysohjelma on teit\u00e4 varten! Kiinnit\u00e4 Kesto: 18:34 Ei tekstityst\u00e4 Kieli: Suomalainen viittomakieli&#8230;<\/p>\n","protected":false},"author":6,"featured_media":0,"parent":0,"menu_order":0,"comment_status":"closed","ping_status":"closed","template":"","meta":{"footnotes":""},"class_list":["post-333","page","type-page","status-publish","hentry","px-4 sm:px-4 md:px-8 lg:px-12 xl:px-24"],"acf":[],"yoast_head":"<!-- This site is optimized with the Yoast SEO plugin v27.3 - https:\/\/yoast.com\/product\/yoast-seo-wordpress\/ -->\n<title>Yhdistysohjelma - Yhdistyshuone<\/title>\n<meta name=\"robots\" content=\"index, follow, max-snippet:-1, max-image-preview:large, max-video-preview:-1\" \/>\n<link rel=\"canonical\" href=\"https:\/\/kuurojenliitto.fi\/yhdistyshuone\/yhdistysohjelma\/\" \/>\n<meta property=\"og:locale\" content=\"fi_FI\" \/>\n<meta property=\"og:type\" content=\"article\" \/>\n<meta property=\"og:title\" content=\"Yhdistysohjelma - Yhdistyshuone\" \/>\n<meta property=\"og:description\" content=\"Haluaako yhdistyksenne uudistua? Haluatteko selkiytt\u00e4\u00e4 yhdistyksenne toimintaa ja varautua tulevaisuuden muutoksiin? Haluaako yhdistyksenne lis\u00e4\u00e4 iloa ja positiivista energiaa? Jos vastasit kyll\u00e4 n\u00e4ihin kysymyksiin, Yhdistysohjelma on teit\u00e4 varten! Kiinnit\u00e4 Kesto: 18:34 Ei tekstityst\u00e4 Kieli: Suomalainen viittomakieli...\" \/>\n<meta property=\"og:url\" content=\"https:\/\/kuurojenliitto.fi\/yhdistyshuone\/yhdistysohjelma\/\" \/>\n<meta property=\"og:site_name\" content=\"Yhdistyshuone\" \/>\n<meta property=\"article:modified_time\" content=\"2024-10-15T07:28:50+00:00\" \/>\n<meta name=\"twitter:card\" content=\"summary_large_image\" \/>\n<script type=\"application\/ld+json\" class=\"yoast-schema-graph\">{\"@context\":\"https:\\\/\\\/schema.org\",\"@graph\":[{\"@type\":\"WebPage\",\"@id\":\"https:\\\/\\\/kuurojenliitto.fi\\\/yhdistyshuone\\\/yhdistysohjelma\\\/\",\"url\":\"https:\\\/\\\/kuurojenliitto.fi\\\/yhdistyshuone\\\/yhdistysohjelma\\\/\",\"name\":\"Yhdistysohjelma - Yhdistyshuone\",\"isPartOf\":{\"@id\":\"https:\\\/\\\/kuurojenliitto.fi\\\/yhdistyshuone\\\/#website\"},\"datePublished\":\"2020-02-17T07:38:33+00:00\",\"dateModified\":\"2024-10-15T07:28:50+00:00\",\"breadcrumb\":{\"@id\":\"https:\\\/\\\/kuurojenliitto.fi\\\/yhdistyshuone\\\/yhdistysohjelma\\\/#breadcrumb\"},\"inLanguage\":\"fi\",\"potentialAction\":[{\"@type\":\"ReadAction\",\"target\":[\"https:\\\/\\\/kuurojenliitto.fi\\\/yhdistyshuone\\\/yhdistysohjelma\\\/\"]}]},{\"@type\":\"BreadcrumbList\",\"@id\":\"https:\\\/\\\/kuurojenliitto.fi\\\/yhdistyshuone\\\/yhdistysohjelma\\\/#breadcrumb\",\"itemListElement\":[{\"@type\":\"ListItem\",\"position\":1,\"name\":\"Ing\u00e5ngssida\",\"item\":\"https:\\\/\\\/kuurojenliitto.fi\\\/yhdistyshuone\\\/\"},{\"@type\":\"ListItem\",\"position\":2,\"name\":\"Yhdistysohjelma\"}]},{\"@type\":\"WebSite\",\"@id\":\"https:\\\/\\\/kuurojenliitto.fi\\\/yhdistyshuone\\\/#website\",\"url\":\"https:\\\/\\\/kuurojenliitto.fi\\\/yhdistyshuone\\\/\",\"name\":\"Yhdistyshuone\",\"description\":\"Uusi Kuurojen Liitto-sivustot -sivusto\",\"potentialAction\":[{\"@type\":\"SearchAction\",\"target\":{\"@type\":\"EntryPoint\",\"urlTemplate\":\"https:\\\/\\\/kuurojenliitto.fi\\\/yhdistyshuone\\\/?s={search_term_string}\"},\"query-input\":{\"@type\":\"PropertyValueSpecification\",\"valueRequired\":true,\"valueName\":\"search_term_string\"}}],\"inLanguage\":\"fi\"}]}<\/script>\n<!-- \/ Yoast SEO plugin. -->","yoast_head_json":{"title":"Yhdistysohjelma - Yhdistyshuone","robots":{"index":"index","follow":"follow","max-snippet":"max-snippet:-1","max-image-preview":"max-image-preview:large","max-video-preview":"max-video-preview:-1"},"canonical":"https:\/\/kuurojenliitto.fi\/yhdistyshuone\/yhdistysohjelma\/","og_locale":"fi_FI","og_type":"article","og_title":"Yhdistysohjelma - Yhdistyshuone","og_description":"Haluaako yhdistyksenne uudistua? Haluatteko selkiytt\u00e4\u00e4 yhdistyksenne toimintaa ja varautua tulevaisuuden muutoksiin? Haluaako yhdistyksenne lis\u00e4\u00e4 iloa ja positiivista energiaa? Jos vastasit kyll\u00e4 n\u00e4ihin kysymyksiin, Yhdistysohjelma on teit\u00e4 varten! Kiinnit\u00e4 Kesto: 18:34 Ei tekstityst\u00e4 Kieli: Suomalainen viittomakieli...","og_url":"https:\/\/kuurojenliitto.fi\/yhdistyshuone\/yhdistysohjelma\/","og_site_name":"Yhdistyshuone","article_modified_time":"2024-10-15T07:28:50+00:00","twitter_card":"summary_large_image","schema":{"@context":"https:\/\/schema.org","@graph":[{"@type":"WebPage","@id":"https:\/\/kuurojenliitto.fi\/yhdistyshuone\/yhdistysohjelma\/","url":"https:\/\/kuurojenliitto.fi\/yhdistyshuone\/yhdistysohjelma\/","name":"Yhdistysohjelma - Yhdistyshuone","isPartOf":{"@id":"https:\/\/kuurojenliitto.fi\/yhdistyshuone\/#website"},"datePublished":"2020-02-17T07:38:33+00:00","dateModified":"2024-10-15T07:28:50+00:00","breadcrumb":{"@id":"https:\/\/kuurojenliitto.fi\/yhdistyshuone\/yhdistysohjelma\/#breadcrumb"},"inLanguage":"fi","potentialAction":[{"@type":"ReadAction","target":["https:\/\/kuurojenliitto.fi\/yhdistyshuone\/yhdistysohjelma\/"]}]},{"@type":"BreadcrumbList","@id":"https:\/\/kuurojenliitto.fi\/yhdistyshuone\/yhdistysohjelma\/#breadcrumb","itemListElement":[{"@type":"ListItem","position":1,"name":"Ing\u00e5ngssida","item":"https:\/\/kuurojenliitto.fi\/yhdistyshuone\/"},{"@type":"ListItem","position":2,"name":"Yhdistysohjelma"}]},{"@type":"WebSite","@id":"https:\/\/kuurojenliitto.fi\/yhdistyshuone\/#website","url":"https:\/\/kuurojenliitto.fi\/yhdistyshuone\/","name":"Yhdistyshuone","description":"Uusi Kuurojen Liitto-sivustot -sivusto","potentialAction":[{"@type":"SearchAction","target":{"@type":"EntryPoint","urlTemplate":"https:\/\/kuurojenliitto.fi\/yhdistyshuone\/?s={search_term_string}"},"query-input":{"@type":"PropertyValueSpecification","valueRequired":true,"valueName":"search_term_string"}}],"inLanguage":"fi"}]}},"lang":"fi","translations":{"fi":333,"sv":904},"pll_sync_post":[],"_links":{"self":[{"href":"https:\/\/kuurojenliitto.fi\/yhdistyshuone\/wp-json\/wp\/v2\/pages\/333","targetHints":{"allow":["GET"]}}],"collection":[{"href":"https:\/\/kuurojenliitto.fi\/yhdistyshuone\/wp-json\/wp\/v2\/pages"}],"about":[{"href":"https:\/\/kuurojenliitto.fi\/yhdistyshuone\/wp-json\/wp\/v2\/types\/page"}],"author":[{"embeddable":true,"href":"https:\/\/kuurojenliitto.fi\/yhdistyshuone\/wp-json\/wp\/v2\/users\/6"}],"replies":[{"embeddable":true,"href":"https:\/\/kuurojenliitto.fi\/yhdistyshuone\/wp-json\/wp\/v2\/comments?post=333"}],"version-history":[{"count":28,"href":"https:\/\/kuurojenliitto.fi\/yhdistyshuone\/wp-json\/wp\/v2\/pages\/333\/revisions"}],"predecessor-version":[{"id":7262,"href":"https:\/\/kuurojenliitto.fi\/yhdistyshuone\/wp-json\/wp\/v2\/pages\/333\/revisions\/7262"}],"wp:attachment":[{"href":"https:\/\/kuurojenliitto.fi\/yhdistyshuone\/wp-json\/wp\/v2\/media?parent=333"}],"curies":[{"name":"wp","href":"https:\/\/api.w.org\/{rel}","templated":true}]}}