{"id":2604,"date":"2020-12-11T10:02:40","date_gmt":"2020-12-11T08:02:40","guid":{"rendered":"https:\/\/kuurojenliitto.fi\/yhdistyshuone\/?page_id=2604"},"modified":"2021-02-05T12:09:00","modified_gmt":"2021-02-05T10:09:00","slug":"jarjestopaivat-2021","status":"publish","type":"page","link":"https:\/\/kuurojenliitto.fi\/yhdistyshuone\/jarjestopaivat-2021\/","title":{"rendered":"J\u00e4rjest\u00f6p\u00e4iv\u00e4t 2021"},"content":{"rendered":"\n\n<section id=\"column-block_5dd522b1b170f\" class=\"section-default ingress px-4 sm:px-4 md:px-8 lg:px-12 xl:px-24\">\n    <div class=\"flex pb-4\">\n                      <div class=\"w-full text-lg\">\n                  <p>J\u00e4rjest\u00f6p\u00e4iv\u00e4t j\u00e4rjestet\u00e4\u00e4n kokonaan et\u00e4tapahtumana Zoom-verkkoalustan kautta.<\/p>\n        <\/div>\n            \n    <\/div>\n\n<\/section>\n\n\n\n<section id=\"column-block_5e2ab6feba339\" class=\"px-4 sm:px-4 md:px-8 lg:px-12 xl:px-24 section-default \">\n\n            <div class=\"relative py-4 gridder\">\n                        <div id=\"stickier\" class=\"b z-10 flex flex-row flex-wrap  mb-6 top-0 relative\">\n\n          <div class=\"x-tabs w-full\" x-data=\"{ activeTab: 0 }\">\n                    <div :class=\"{ 'hidden': activeTab !== 0 }\" tabindex=\"0\" role=\"tabpanel\" id=\"tab-0\" aria-labelledby=\"label-0\" class=\"bg-white\">\n                            \n    <figure class=\"relative\">\n      <img decoding=\"async\" src=\"https:\/\/kuurojenliitto.fi\/yhdistyshuone\/wp-content\/uploads\/sites\/11\/2021\/01\/jarjestopaivat-2021-1.jpg\" alt=\"\">\n    <\/figure>\n                                        <\/div>\n                                <\/div>\n\n                              <\/div>\n        \n          <div class=\"content entry-content bg-white p-8 lg:pr-20 a lg:mr-12 mb-3 shadow-xl hover:shadow-2xl\">\n            <div class=\"field field-name-body field-type-text-with-summary field-label-hidden\">\n<p><strong>* EDIT 13.1.! Koronatilanteesta johtuen J\u00e4rjest\u00f6p\u00e4iv\u00e4t toteutetaan ainoastaan et\u00e4tapahtumana. *<\/strong><\/p>\n<p>J\u00e4senyhdistysten toiveista p\u00e4iville valittiin kaksi p\u00e4\u00e4teemaa: koronaviruksen vaikutukset yhdistystoimintaan ja liiton 2021-2025 strategisten tavoitteiden jalkauttaminen.<\/p>\n<h2>Aikataulu\u00a0\u00a0<strong>\u00a0\u00a0\u00a0\u00a0\u00a0\u00a0<\/strong><\/h2>\n<ul>\n<li>Perjantai 5.2. klo 18-20<\/li>\n<li>Lauantai 6.2. klo 10-15 (lounastauko 12-13)<\/li>\n<\/ul>\n<p>Yhdistysten on mahdollista tiedottaa omista tapahtumistaan tai muista asioista iltap\u00e4iv\u00e4ll\u00e4 yhdistysfoorumissa. Valmistauduttehan etuk\u00e4teen, jos teill\u00e4 on asioita, joita haluatte jakaa muiden kanssa. Yhdistysfoorumiin voi l\u00e4hett\u00e4\u00e4 etuk\u00e4teen my\u00f6s koostetun video (kesto max. 2 minuuttia).<\/p>\n<p>Tarkempi ohjelma ohessa.<\/p>\n<h2>Ilmoittautuminen<\/h2>\n<p>J\u00e4rjest\u00f6p\u00e4iville ilmoittaudutaan <strong>1.2. menness\u00e4 <\/strong>s\u00e4hk\u00f6isesti: <strong><a href=\"https:\/\/www.lyyti.fi\/reg\/kljarjestopaivat2021\" target=\"_blank\" rel=\"noopener\">J<\/a><a href=\"https:\/\/www.lyyti.fi\/reg\/kljarjestopaivat2021\" target=\"_blank\" rel=\"noopener\">\u00e4rjest\u00f6p\u00e4iv\u00e4t<\/a><a href=\"https:\/\/www.lyyti.fi\/reg\/kljarjestopaivat2021\" target=\"_blank\" rel=\"noopener\"> 2021<\/a> \u00a0<\/strong><\/p>\n<p><strong>Et\u00e4osallistujille:<\/strong><\/p>\n<p>J\u00e4rjest\u00f6p\u00e4iville voi osallistua kaksi edustajaa \/ j\u00e4senyhdistys.<\/p>\n<p>Et\u00e4osallistujien tulee huolehtia, ett\u00e4 koneelle on ladattu Zoomin uusi versio (versio 5.4. tai uudempi). T\u00e4m\u00e4 edesauttaa moderaattorin ty\u00f6t\u00e4. Lataaminen on ilmaista.<\/p>\n<p>Kokoukseen voi osallistua my\u00f6s osallistumislinkin kautta ilman ohjelman latausta, mutta lataus parantaa yhteyksien toimivuutta.<\/p>\n<p>Kuurojen Liiton aluety\u00f6ntekij\u00e4t ovat et\u00e4osallistujien tukena ennen j\u00e4rjest\u00f6p\u00e4ivi\u00e4 ja j\u00e4rjest\u00f6p\u00e4ivien aikana.<\/p>\n<p><strong>L\u00e4mpim\u00e4sti tervetuloa j\u00e4rjest\u00f6p\u00e4iville et\u00e4yhteyden kautta!<\/strong><\/p>\n<\/div>\n                      <\/div>\n\n                      <aside class=\"c\">\n                              <div class=\"flex flex-col mt-4 mb-4\">\n                                                          <div class=\"flex flex-row bg-white shadow-xl hover:shadow-2xl h-full mb-4\">\n                                              <div class=\"w-full p-4\">\n                      \n                        <h2 class=\"pb-3 leading-tight heading-sm text-lg\">Suora l\u00e4hetys<\/h2>\n                        <div><p>Kaikille avoin suora l\u00e4hetys <strong>pe 5.2. klo 18-19<\/strong> ja <strong>la\u00a06.2. klo 10-12 ja 13-15<\/strong> osoitteessa: <a href=\"http:\/\/www.kuurojenliitto.fi\">www.kuurojenliitto.fi<\/a><\/p>\n<p>Suorassa l\u00e4hetyksess\u00e4 tulkkaus suomen kielelle.<\/p>\n<p>Tapahtuman hashtag (#) on: #KLjarjestopaivat2021<\/p>\n<\/div>\n                                                                                              <\/div>\n                    <\/div>\n                                  <\/div>\n              \n                            <div class=\"border-l-4 border-color pl-4 mb-8\">\n\n                                  <h3 class=\"heading-lg text-2xl mb-2\">Linkkej\u00e4<\/h3>\n                \n                \n                                  <nav class=\"flex flex-col mt-4\">\n                    \n                      \n                                              <a class=\"border-t border-gray-200 text-gray-100 py-2\"\n                           href=\"https:\/\/www.lyyti.fi\/reg\/kljarjestopaivat2021\"\n                           target=\"_blank\"><i\n                            class=\"fal fa-angle-right fa-fw\"><\/i> ILMOITTAUTUMINEN                        <\/a>\n                      \n                    \n                      \n                                              <a class=\"border-t border-gray-200 text-gray-100 py-2\"\n                           href=\"https:\/\/www.facebook.com\/KLyhdistyshuone\"\n                           target=\"_blank\"><i\n                            class=\"fal fa-angle-right fa-fw\"><\/i> Yhdistyshuone Facebookissa                        <\/a>\n                      \n                    \n                      \n                                              <a class=\"border-t border-gray-200 text-gray-100 py-2\"\n                           href=\"https:\/\/kuurojenliitto.fi\/strategiset-tavoitteet-2021-2025\/\"\n                           target=\"_blank\"><i\n                            class=\"fal fa-angle-right fa-fw\"><\/i> Kuurojen Liiton strategiset tavoitteet 2021-2025                        <\/a>\n                      \n                                      <\/nav>\n                \n                                  <nav class=\"flex flex-col\">\n                    \n                      \n                                              <a class=\"border-t border-gray-200 py-2\"\n                           href=\"https:\/\/kuurojenliitto.fi\/yhdistyshuone\/wp-content\/uploads\/sites\/11\/2021\/02\/Jarjestopaivat-2021-ohjelma-1.pdf\"><i\n                            class=\"fa fa-file fa-fw\"><\/i> OHJELMA                        <\/a>\n                      \n                                      <\/nav>\n                              <\/div>\n              \n              \n                                  <h3 class=\"heading-lg text-2xl mb-4\">Lis\u00e4tietoja<\/h3>\n                \n                                    <div class=\"flex flex-row-reverse flex-wrap bg-white shadow-xl hover:shadow-2xl p-4 mb-3\">\n\n    <div class=\"w-1\/4 text-right\">\n    <figure class=\"entry-image overflow-hidden\">\n      <img loading=\"lazy\" decoding=\"async\" width=\"800\" height=\"800\" src=\"https:\/\/kuurojenliitto.fi\/yhdistyshuone\/wp-content\/uploads\/sites\/11\/2020\/03\/2022_08-Elina-Pokki-1-e1662114385403-800x800.jpg\" class=\"w-full object-fit\" alt=\"&quot;&quot;\" srcset=\"https:\/\/kuurojenliitto.fi\/yhdistyshuone\/wp-content\/uploads\/sites\/11\/2020\/03\/2022_08-Elina-Pokki-1-e1662114385403-800x800.jpg 800w, https:\/\/kuurojenliitto.fi\/yhdistyshuone\/wp-content\/uploads\/sites\/11\/2020\/03\/2022_08-Elina-Pokki-1-e1662114385403-768x769.jpg 768w, https:\/\/kuurojenliitto.fi\/yhdistyshuone\/wp-content\/uploads\/sites\/11\/2020\/03\/2022_08-Elina-Pokki-1-e1662114385403.jpg 1080w\" sizes=\"auto, (max-width: 800px) 100vw, 800px\" \/>    <\/figure><!-- .entry-header -->\n  <\/div>\n  <div class=\"entry-content w-3\/4 pr-4\">\n    <h3 class=\"mb-0 text-lg\">\n      <a href=\"https:\/\/kuurojenliitto.fi\/yhdistyshuone\/henkilo\/elina-pokki\/\">Elina Pokki<\/a>\n    <\/h3>\n    <div class=\"mb-4 mt-0\">\n              <span class=\"text-gray-900 text-sm\">\n                          Toiminnanjohtajan assistentti                      <\/span>\n                <\/div>\n    <div class=\"flex flex-col text-gray-600 mt-1 text-sm items-start\">\n              <div class=\"flex flex-row-reverse\">\n          <div class=\"ml-2 text-xs\">\n                                                  <span class=\"sr-only\">Henkil\u00f6 ei ota vastaan puheluja<\/span>\n              <i class=\"sr-hide fas fa-fw fa-phone-slash mr-1\"><\/i>\n                                      <span class=\"sr-only\">Henkil\u00f6 ottaa vastaan tekstiviestej\u00e4<\/span>\n              <i class=\"sr-hide fas fa-fw fa-sms mr-1\"><\/i>\n                                      <span class=\"sr-only\">Henkil\u00f6 ottaa vastaan WhatsApp-viestej\u00e4, videoviestej\u00e4 ja videopuheluja<\/span>\n              <i class=\"sr-hide fab fa-fw fa-whatsapp mr-1\"><\/i>\n                                  <\/div>\n          <div><span class=\"sr-only\">Puhelinnumero: <\/span><a href=\"tel:+358 40 738 5089\"> +358 40 738 5089<\/a><\/div>\n        <\/div>\n\n                    <div><span class=\"sr-only\"><\/span><a\n            href=\"mailto:elina.pokki@kuurojenliitto.fi\">elina.pokki@kuurojenliitto.fi<\/a><\/div>\n                <\/div>\n\n      <\/div><!-- .entry-content -->\n        <div class=\"w-full mt-2 text-xs\">\n      <span class=\"sr-only\">Henkil\u00f6n vastuualue<\/span>\n              <a href=\"https:\/\/kuurojenliitto.fi\/yhdistyshuone\/vastuualue\/hallituksen-sihteeri\/\">\n          <span class=\"bg-light py-px px-1 text-dark inline-block mr-1 mb-1\">\n            Hallituksen sihteeri          <\/span>\n        <\/a>\n          <\/div>\n  \n<\/div>\n                              \n            <\/aside>\n          \n\n      <\/div>\n    \n  \n<\/section>\n","protected":false},"excerpt":{"rendered":"<p>J\u00e4rjest\u00f6p\u00e4iv\u00e4t j\u00e4rjestet\u00e4\u00e4n kokonaan et\u00e4tapahtumana Zoom-verkkoalustan kautta. * EDIT 13.1.! Koronatilanteesta johtuen J\u00e4rjest\u00f6p\u00e4iv\u00e4t toteutetaan ainoastaan et\u00e4tapahtumana. * J\u00e4senyhdistysten toiveista p\u00e4iville valittiin kaksi p\u00e4\u00e4teemaa: koronaviruksen vaikutukset yhdistystoimintaan ja liiton 2021-2025 strategisten tavoitteiden jalkauttaminen. Aikataulu\u00a0\u00a0\u00a0\u00a0\u00a0\u00a0\u00a0\u00a0 Perjantai 5.2. klo&#8230;<\/p>\n","protected":false},"author":6,"featured_media":2737,"parent":0,"menu_order":0,"comment_status":"closed","ping_status":"closed","template":"","meta":{"footnotes":""},"class_list":["post-2604","page","type-page","status-publish","has-post-thumbnail","hentry","px-4 sm:px-4 md:px-8 lg:px-12 xl:px-24"],"acf":[],"yoast_head":"<!-- This site is optimized with the Yoast SEO plugin v27.3 - https:\/\/yoast.com\/product\/yoast-seo-wordpress\/ -->\n<title>J\u00e4rjest\u00f6p\u00e4iv\u00e4t 2021 - Yhdistyshuone<\/title>\n<meta name=\"robots\" content=\"index, follow, max-snippet:-1, max-image-preview:large, max-video-preview:-1\" \/>\n<link rel=\"canonical\" href=\"https:\/\/kuurojenliitto.fi\/yhdistyshuone\/jarjestopaivat-2021\/\" \/>\n<meta property=\"og:locale\" content=\"fi_FI\" \/>\n<meta property=\"og:type\" content=\"article\" \/>\n<meta property=\"og:title\" content=\"J\u00e4rjest\u00f6p\u00e4iv\u00e4t 2021 - Yhdistyshuone\" \/>\n<meta property=\"og:description\" content=\"J\u00e4rjest\u00f6p\u00e4iv\u00e4t j\u00e4rjestet\u00e4\u00e4n kokonaan et\u00e4tapahtumana Zoom-verkkoalustan kautta. * EDIT 13.1.! Koronatilanteesta johtuen J\u00e4rjest\u00f6p\u00e4iv\u00e4t toteutetaan ainoastaan et\u00e4tapahtumana. * J\u00e4senyhdistysten toiveista p\u00e4iville valittiin kaksi p\u00e4\u00e4teemaa: koronaviruksen vaikutukset yhdistystoimintaan ja liiton 2021-2025 strategisten tavoitteiden jalkauttaminen. Aikataulu\u00a0\u00a0\u00a0\u00a0\u00a0\u00a0\u00a0\u00a0 Perjantai 5.2. klo...\" \/>\n<meta property=\"og:url\" content=\"https:\/\/kuurojenliitto.fi\/yhdistyshuone\/jarjestopaivat-2021\/\" \/>\n<meta property=\"og:site_name\" content=\"Yhdistyshuone\" \/>\n<meta property=\"article:modified_time\" content=\"2021-02-05T10:09:00+00:00\" \/>\n<meta property=\"og:image\" content=\"https:\/\/kuurojenliitto.fi\/yhdistyshuone\/wp-content\/uploads\/sites\/11\/2021\/01\/jarjestopaivat-2021-1.jpg\" \/>\n\t<meta property=\"og:image:width\" content=\"1080\" \/>\n\t<meta property=\"og:image:height\" content=\"607\" \/>\n\t<meta property=\"og:image:type\" content=\"image\/jpeg\" \/>\n<meta name=\"twitter:card\" content=\"summary_large_image\" \/>\n<script type=\"application\/ld+json\" class=\"yoast-schema-graph\">{\"@context\":\"https:\\\/\\\/schema.org\",\"@graph\":[{\"@type\":\"WebPage\",\"@id\":\"https:\\\/\\\/kuurojenliitto.fi\\\/yhdistyshuone\\\/jarjestopaivat-2021\\\/\",\"url\":\"https:\\\/\\\/kuurojenliitto.fi\\\/yhdistyshuone\\\/jarjestopaivat-2021\\\/\",\"name\":\"J\u00e4rjest\u00f6p\u00e4iv\u00e4t 2021 - Yhdistyshuone\",\"isPartOf\":{\"@id\":\"https:\\\/\\\/kuurojenliitto.fi\\\/yhdistyshuone\\\/#website\"},\"primaryImageOfPage\":{\"@id\":\"https:\\\/\\\/kuurojenliitto.fi\\\/yhdistyshuone\\\/jarjestopaivat-2021\\\/#primaryimage\"},\"image\":{\"@id\":\"https:\\\/\\\/kuurojenliitto.fi\\\/yhdistyshuone\\\/jarjestopaivat-2021\\\/#primaryimage\"},\"thumbnailUrl\":\"https:\\\/\\\/kuurojenliitto.fi\\\/yhdistyshuone\\\/wp-content\\\/uploads\\\/sites\\\/11\\\/2021\\\/01\\\/jarjestopaivat-2021-1.jpg\",\"datePublished\":\"2020-12-11T08:02:40+00:00\",\"dateModified\":\"2021-02-05T10:09:00+00:00\",\"breadcrumb\":{\"@id\":\"https:\\\/\\\/kuurojenliitto.fi\\\/yhdistyshuone\\\/jarjestopaivat-2021\\\/#breadcrumb\"},\"inLanguage\":\"fi\",\"potentialAction\":[{\"@type\":\"ReadAction\",\"target\":[\"https:\\\/\\\/kuurojenliitto.fi\\\/yhdistyshuone\\\/jarjestopaivat-2021\\\/\"]}]},{\"@type\":\"ImageObject\",\"inLanguage\":\"fi\",\"@id\":\"https:\\\/\\\/kuurojenliitto.fi\\\/yhdistyshuone\\\/jarjestopaivat-2021\\\/#primaryimage\",\"url\":\"https:\\\/\\\/kuurojenliitto.fi\\\/yhdistyshuone\\\/wp-content\\\/uploads\\\/sites\\\/11\\\/2021\\\/01\\\/jarjestopaivat-2021-1.jpg\",\"contentUrl\":\"https:\\\/\\\/kuurojenliitto.fi\\\/yhdistyshuone\\\/wp-content\\\/uploads\\\/sites\\\/11\\\/2021\\\/01\\\/jarjestopaivat-2021-1.jpg\",\"width\":1080,\"height\":607},{\"@type\":\"BreadcrumbList\",\"@id\":\"https:\\\/\\\/kuurojenliitto.fi\\\/yhdistyshuone\\\/jarjestopaivat-2021\\\/#breadcrumb\",\"itemListElement\":[{\"@type\":\"ListItem\",\"position\":1,\"name\":\"Ing\u00e5ngssida\",\"item\":\"https:\\\/\\\/kuurojenliitto.fi\\\/yhdistyshuone\\\/\"},{\"@type\":\"ListItem\",\"position\":2,\"name\":\"J\u00e4rjest\u00f6p\u00e4iv\u00e4t 2021\"}]},{\"@type\":\"WebSite\",\"@id\":\"https:\\\/\\\/kuurojenliitto.fi\\\/yhdistyshuone\\\/#website\",\"url\":\"https:\\\/\\\/kuurojenliitto.fi\\\/yhdistyshuone\\\/\",\"name\":\"Yhdistyshuone\",\"description\":\"Uusi Kuurojen Liitto-sivustot -sivusto\",\"potentialAction\":[{\"@type\":\"SearchAction\",\"target\":{\"@type\":\"EntryPoint\",\"urlTemplate\":\"https:\\\/\\\/kuurojenliitto.fi\\\/yhdistyshuone\\\/?s={search_term_string}\"},\"query-input\":{\"@type\":\"PropertyValueSpecification\",\"valueRequired\":true,\"valueName\":\"search_term_string\"}}],\"inLanguage\":\"fi\"}]}<\/script>\n<!-- \/ Yoast SEO plugin. -->","yoast_head_json":{"title":"J\u00e4rjest\u00f6p\u00e4iv\u00e4t 2021 - Yhdistyshuone","robots":{"index":"index","follow":"follow","max-snippet":"max-snippet:-1","max-image-preview":"max-image-preview:large","max-video-preview":"max-video-preview:-1"},"canonical":"https:\/\/kuurojenliitto.fi\/yhdistyshuone\/jarjestopaivat-2021\/","og_locale":"fi_FI","og_type":"article","og_title":"J\u00e4rjest\u00f6p\u00e4iv\u00e4t 2021 - Yhdistyshuone","og_description":"J\u00e4rjest\u00f6p\u00e4iv\u00e4t j\u00e4rjestet\u00e4\u00e4n kokonaan et\u00e4tapahtumana Zoom-verkkoalustan kautta. * EDIT 13.1.! Koronatilanteesta johtuen J\u00e4rjest\u00f6p\u00e4iv\u00e4t toteutetaan ainoastaan et\u00e4tapahtumana. * J\u00e4senyhdistysten toiveista p\u00e4iville valittiin kaksi p\u00e4\u00e4teemaa: koronaviruksen vaikutukset yhdistystoimintaan ja liiton 2021-2025 strategisten tavoitteiden jalkauttaminen. Aikataulu\u00a0\u00a0\u00a0\u00a0\u00a0\u00a0\u00a0\u00a0 Perjantai 5.2. klo...","og_url":"https:\/\/kuurojenliitto.fi\/yhdistyshuone\/jarjestopaivat-2021\/","og_site_name":"Yhdistyshuone","article_modified_time":"2021-02-05T10:09:00+00:00","og_image":[{"width":1080,"height":607,"url":"https:\/\/kuurojenliitto.fi\/yhdistyshuone\/wp-content\/uploads\/sites\/11\/2021\/01\/jarjestopaivat-2021-1.jpg","type":"image\/jpeg"}],"twitter_card":"summary_large_image","schema":{"@context":"https:\/\/schema.org","@graph":[{"@type":"WebPage","@id":"https:\/\/kuurojenliitto.fi\/yhdistyshuone\/jarjestopaivat-2021\/","url":"https:\/\/kuurojenliitto.fi\/yhdistyshuone\/jarjestopaivat-2021\/","name":"J\u00e4rjest\u00f6p\u00e4iv\u00e4t 2021 - Yhdistyshuone","isPartOf":{"@id":"https:\/\/kuurojenliitto.fi\/yhdistyshuone\/#website"},"primaryImageOfPage":{"@id":"https:\/\/kuurojenliitto.fi\/yhdistyshuone\/jarjestopaivat-2021\/#primaryimage"},"image":{"@id":"https:\/\/kuurojenliitto.fi\/yhdistyshuone\/jarjestopaivat-2021\/#primaryimage"},"thumbnailUrl":"https:\/\/kuurojenliitto.fi\/yhdistyshuone\/wp-content\/uploads\/sites\/11\/2021\/01\/jarjestopaivat-2021-1.jpg","datePublished":"2020-12-11T08:02:40+00:00","dateModified":"2021-02-05T10:09:00+00:00","breadcrumb":{"@id":"https:\/\/kuurojenliitto.fi\/yhdistyshuone\/jarjestopaivat-2021\/#breadcrumb"},"inLanguage":"fi","potentialAction":[{"@type":"ReadAction","target":["https:\/\/kuurojenliitto.fi\/yhdistyshuone\/jarjestopaivat-2021\/"]}]},{"@type":"ImageObject","inLanguage":"fi","@id":"https:\/\/kuurojenliitto.fi\/yhdistyshuone\/jarjestopaivat-2021\/#primaryimage","url":"https:\/\/kuurojenliitto.fi\/yhdistyshuone\/wp-content\/uploads\/sites\/11\/2021\/01\/jarjestopaivat-2021-1.jpg","contentUrl":"https:\/\/kuurojenliitto.fi\/yhdistyshuone\/wp-content\/uploads\/sites\/11\/2021\/01\/jarjestopaivat-2021-1.jpg","width":1080,"height":607},{"@type":"BreadcrumbList","@id":"https:\/\/kuurojenliitto.fi\/yhdistyshuone\/jarjestopaivat-2021\/#breadcrumb","itemListElement":[{"@type":"ListItem","position":1,"name":"Ing\u00e5ngssida","item":"https:\/\/kuurojenliitto.fi\/yhdistyshuone\/"},{"@type":"ListItem","position":2,"name":"J\u00e4rjest\u00f6p\u00e4iv\u00e4t 2021"}]},{"@type":"WebSite","@id":"https:\/\/kuurojenliitto.fi\/yhdistyshuone\/#website","url":"https:\/\/kuurojenliitto.fi\/yhdistyshuone\/","name":"Yhdistyshuone","description":"Uusi Kuurojen Liitto-sivustot -sivusto","potentialAction":[{"@type":"SearchAction","target":{"@type":"EntryPoint","urlTemplate":"https:\/\/kuurojenliitto.fi\/yhdistyshuone\/?s={search_term_string}"},"query-input":{"@type":"PropertyValueSpecification","valueRequired":true,"valueName":"search_term_string"}}],"inLanguage":"fi"}]}},"lang":"fi","translations":{"fi":2604,"sv":2651},"pll_sync_post":[],"_links":{"self":[{"href":"https:\/\/kuurojenliitto.fi\/yhdistyshuone\/wp-json\/wp\/v2\/pages\/2604","targetHints":{"allow":["GET"]}}],"collection":[{"href":"https:\/\/kuurojenliitto.fi\/yhdistyshuone\/wp-json\/wp\/v2\/pages"}],"about":[{"href":"https:\/\/kuurojenliitto.fi\/yhdistyshuone\/wp-json\/wp\/v2\/types\/page"}],"author":[{"embeddable":true,"href":"https:\/\/kuurojenliitto.fi\/yhdistyshuone\/wp-json\/wp\/v2\/users\/6"}],"replies":[{"embeddable":true,"href":"https:\/\/kuurojenliitto.fi\/yhdistyshuone\/wp-json\/wp\/v2\/comments?post=2604"}],"version-history":[{"count":78,"href":"https:\/\/kuurojenliitto.fi\/yhdistyshuone\/wp-json\/wp\/v2\/pages\/2604\/revisions"}],"predecessor-version":[{"id":2823,"href":"https:\/\/kuurojenliitto.fi\/yhdistyshuone\/wp-json\/wp\/v2\/pages\/2604\/revisions\/2823"}],"wp:featuredmedia":[{"embeddable":true,"href":"https:\/\/kuurojenliitto.fi\/yhdistyshuone\/wp-json\/wp\/v2\/media\/2737"}],"wp:attachment":[{"href":"https:\/\/kuurojenliitto.fi\/yhdistyshuone\/wp-json\/wp\/v2\/media?parent=2604"}],"curies":[{"name":"wp","href":"https:\/\/api.w.org\/{rel}","templated":true}]}}