{"id":152,"date":"2020-01-13T13:22:38","date_gmt":"2020-01-13T11:22:38","guid":{"rendered":"https:\/\/kuurojenliitto.fi\/yhdistyshuone\/?page_id=152"},"modified":"2026-04-09T12:18:54","modified_gmt":"2026-04-09T09:18:54","slug":"ingangssida","status":"publish","type":"page","link":"https:\/\/kuurojenliitto.fi\/yhdistyshuone\/sv\/ingangssida\/","title":{"rendered":"Ing\u00e5ngssida"},"content":{"rendered":"\n\n<section id=\"column-block_5808c0e2f86181320d03725ebb0d60e9\" class=\"section-default pt-8 pb-0 px-4 sm:px-4 md:px-8 lg:px-12 xl:px-24 bg-gray-100 big-card\">\n\n  \n    <div class=\"flex-row -mx-4\">\n      <article class=\"p-4 relative w-full\">\n        <div class=\"bg-white shadow-xl hover:shadow-2xl flex flex-col md:flex-row-reverse\">\n          <figure class=\"big-card-image relative md:w-2\/3  flex justify-center items-center\">\n                <img decoding=\"async\" src=\"https:\/\/kuurojenliitto.fi\/yhdistyshuone\/wp-content\/uploads\/sites\/11\/2022\/10\/yhdistyshuone-iina-ja-asta-e1665659631721-1280x720.jpg\" class=\"object-cover\">\n          <\/figure>\n          <div class=\"big-card-image md:w-1\/3 p-6 relative\">\n\n                          <h3 class=\"mt-4 text-2xl leading-tight heading-lg\">V\u00e4lkommen till F\u00f6reningsrummet!<\/h3>\n                        <hr class=\"border-b-4 border-color w-24 my-5 mr-auto\"\/>\n                          <p>F\u00f6reningsrummet riktar sig till medlemsf\u00f6reningarna i Finlands D\u00f6vas F\u00f6rbund, f\u00f6reningsakt\u00f6rer samt alla som \u00e4r intresserade av f\u00f6reningsverksamhet.<\/p>\n<p>H\u00e4r hittar du nyheter, information och evenemang samt material om f\u00f6reningsverksamhet.<\/p>\n            \n            \n                        <nav class=\"flex flex-col\">\n              \n                \n                          <\/nav>\n                      <\/div>\n        <\/div>\n      <\/article>\n    <\/div>\n\n  \n<\/section>\n\n\n\n\n<section id=\"column-block_a2a99dbd46f699ccc57bb1b0cda06c77\" class=\"section-default pt-0 pb-0  px-4 sm:px-4 lg:px-12 xl:px-24 bg-gray-100 text-gray-900 woo\">\n\n    <div class=\"items-center bg-white shadow-xl hover:shadow-2xl flex flex-col md:flex-row\">\n      <div class=\"w-full md:w-1\/3 lg:w-1\/4\">\n        <figure class=\"imagerati\">\n          <img decoding=\"async\" src=\"https:\/\/kuurojenliitto.fi\/yhdistyshuone\/wp-content\/uploads\/sites\/11\/2025\/04\/NUPPU-yhdessa-2.jpg\" class=\"object-cover\">\n        <\/figure>\n      <\/div>\n\n      <div class=\"w-full md:w-1\/3 lg:w-1\/2 p-4 md:px-6 md:py-4 content text-gray-900\">\n        <h2>KNOPP \u2013 Tecknande barnklubbar<\/h2>\n<p>Finlands D\u00f6vas F\u00f6rbunds nya spr\u00e5kklubbsprojekt fokuserar p\u00e5 barn som tecknar och deras familjer. Projektet fokuserar \u00e4ven p\u00e5 barnfamiljer som anv\u00e4nder<strong>\u00a0finlandssvenskt teckenspr\u00e5k<\/strong>.<\/p>\n      <\/div>\n\n      <div class=\"w-full md:w-1\/3 lg:w-1\/4 pb-4 md:pb-0 px-4 md:px-8\">\n                                    <nav class=\"flex flex-col\">\n          \n                                                                <a class=\"bg-dark text-white btn mt-4 md:mt-0 text-center inline-block\" href=\"https:\/\/kuurojenliitto.fi\/sv\/knopp\/\" target=\"_self\">\n                  <span class=\"mx-auto\">Mer information<\/span>\n                <\/a>\n                          \n                  <\/nav>\n            <\/div>\n    <\/div>\n\n<\/section>\n\n\n\n<section id=\"column-block_ad0d668d5bc8f9232bf26b1460f5c8f7\" class=\"px-4 sm:px-4 md:px-8 lg:px-12 xl:px-24 section-default \">\n\n            <div class=\"relative py-4 gridder\">\n                        <div id=\"stickier\" class=\"b z-10 flex flex-row flex-wrap  mb-6 top-0 relative\">\n\n          <div class=\"x-tabs w-full\" x-data=\"{ activeTab: 0 }\">\n                    <div :class=\"{ 'hidden': activeTab !== 0 }\" tabindex=\"0\" role=\"tabpanel\" id=\"tab-0\" aria-labelledby=\"label-0\" class=\"bg-white\">\n                            \n    <figure class=\"relative\">\n      <img decoding=\"async\" src=\"https:\/\/kuurojenliitto.fi\/yhdistyshuone\/wp-content\/uploads\/sites\/11\/2023\/03\/IMG_3330-1280x720.jpg\" alt=\"\"\"\">\n    <\/figure>\n                                        <\/div>\n                                <\/div>\n\n                              <\/div>\n        \n          <div class=\"content entry-content bg-white p-8 lg:pr-20 a lg:mr-12 mb-3 shadow-xl hover:shadow-2xl\">\n            <h1>F\u00f6reningskv\u00e4llar p\u00e5 distans<\/h1>\n<p>F\u00f6reningskv\u00e4llarna p\u00e5 distans ordnas p\u00e5 plattformen Zoom ungef\u00e4r en g\u00e5ng i m\u00e5naden p\u00e5 v\u00e5ren och h\u00f6sten. Vi diskuterar aktuella fr\u00e5gor, bland annat olika \u00e4renden kring f\u00f6reningsverksamhet och andra nyhets\u00e4mnen.<\/p>\n<p>Alla \u00e4r v\u00e4lkomna till f\u00f6reningskv\u00e4llarna p\u00e5 distans f\u00f6r att lyssna eller diskutera, oberoende av om du \u00e4r med i f\u00f6reningsverksamhet eller inte!<\/p>\n<p>Du beh\u00f6ver inte anm\u00e4la dig p\u00e5 f\u00f6rhand till f\u00f6reningskv\u00e4llarna p\u00e5 distans. Du hittar Zoom-l\u00e4nken i listan nedan och i annonsen f\u00f6r f\u00f6reningskv\u00e4llen i fr\u00e5ga.<\/p>\n<p>V\u00e4lkommen till v\u00e5ra f\u00f6reningskv\u00e4llar p\u00e5 distans!<\/p>\n<h3>V\u00e5rens 2026 f\u00f6reningskv\u00e4llarna:<\/h3>\n<ul>\n<li class=\"x_elementToProof\" role=\"presentation\">M\u00e5n <del>30.3<\/del>.2026 kl. 18-20 <strong>Flyttad p\u00e5 grund av \u00f6verlappning, nytt datum m\u00e5n 13.4.: <\/strong><a href=\"https:\/\/us02web.zoom.us\/j\/87030063784\">https:\/\/us02web.zoom.us\/j\/87030063784<\/a><\/li>\n<li class=\"x_elementToProof\" role=\"presentation\">M\u00e5n 27.4.2026 kl. 18-20<\/li>\n<li class=\"x_elementToProof\" role=\"presentation\">M\u00e5n 1.6.2026 kl. 18-20<\/li>\n<\/ul>\n                      <\/div>\n\n                      <aside class=\"c\">\n                              <div class=\"flex flex-col mt-4 mb-4\">\n                                                          <div class=\"flex flex-row bg-white shadow-xl hover:shadow-2xl h-full mb-4\">\n                                            <figure class=\"relative w-1\/4 bg-cover flex-1 bg-center\" style=\"background-image: url('https:\/\/kuurojenliitto.fi\/yhdistyshuone\/wp-content\/uploads\/sites\/11\/2020\/02\/yhdistyksen-yhteystiedot-1280x720.jpg');\">\n                                              <\/figure>\n\n                      <div class=\"w-3\/4 p-4\">\n                      \n                        <h2 class=\"pb-3 leading-tight heading-sm text-lg\">St\u00f6d f\u00f6r f\u00f6reningsverksamhet<\/h2>\n                        <div><\/div>\n                                                  <a class=\"flex flex-row items-center mb-2 leading-none heading-sm mt-6\" href=\"https:\/\/kuurojenliitto.fi\/yhdistyshuone\/sv\/kontaktuppgifter\/\" target=\"_self\"><span class=\"w-6 h-6 bg-dark text-white px-2 py-1 mr-2 text-center font-medium rounded-full uppercase tracking-widest\">><\/span>Kontaktuppgifter<\/a>\n                                                                                              <\/div>\n                    <\/div>\n                                  <\/div>\n              \n              \n              \n            <\/aside>\n          \n\n      <\/div>\n    \n  \n<\/section>\n\n\n\n\n<section id=\"column-block_70bc53deaed0ac37256d2fdc488dbdee\" class=\"section-default pt-8 pb-0  px-4 sm:px-4 lg:px-12 xl:px-24 bg-moss-700 text-white title\">\n\n  \n    <div class=\"md:flex md:flex-row items-center\">\n\n      <div class=\"w-full md:w-2\/3\">\n        <h1 class=\"leading-tight text-white  text-2xl sm:text-3xl lg:text-4xl\">Nyheter till f\u00f6reningarna<\/h1>\n      <\/div>\n\n      <div class=\"w-full md:w-1\/3 md:text-right\">\n                  <a class=\"btn mt-4 md:mt-0 bg-white text-dark inline-block\" href=\"https:\/\/kuurojenliitto.fi\/yhdistyshuone\/sv\/aktuellt\/\" target=\"_self\">Alla nyheter<\/a>\n              <\/div>\n\n    <\/div>\n\n  \n\n<\/section>\n\n\n\n<section id=\"column-block_cc1d96915a9b18ede97ae47ee2d9abe7\"\n         class=\"section-default pt-4 pb-8 px-4 sm:px-4 md:px-8 lg:px-12 xl:px-24 bg-moss-700 cards\">\n    \n        <div class=\"flex flex-wrap flex-row -mx-4\">\n\n            \n                                                            \n<article class=\"w-full md:w-1\/3 p-4 relative\">\n  <div class=\"bg-white shadow-xl hover:shadow-2xl h-full \">\n    <figure class=\"relative imageratio\">\n                <img decoding=\"async\" src=\"https:\/\/img.youtube.com\/vi\/cw69R0WheTY\/mqdefault.jpg\" class=\"w-full\">\n            <span class=\"bg-dark py-1 px-2 ml-2 absolute bottom-0 text-sm text-white\">\n      \tF\u00f6reningsverksamhet |       \t9.4.2026<\/span>\n    <\/figure>\n    <h2 class=\"py-3 px-4 leading-tight heading-sm text-lg\">\n      <a href=\"https:\/\/kuurojenliitto.fi\/yhdistyshuone\/sv\/aktuellt\/etayhdistysilta-13-4-klo-18-20-yhdenvertaisuuden-merkitys-yhdistystoiminnassa\/\">Distansf\u00f6reningskv\u00e4ll 13.4. kl 18-20: Likabehandlings betydelse i f\u00f6reningsverksamheten<\/a>\n      <div class=\"hidden play-button absolute z-10 pointer-events-none\"><i class=\"text-5xl text-white far fa-play-circle\"><\/i><\/div>\n    <\/h2>\n  <\/div>\n<\/article>\n                                            \n<article class=\"w-full md:w-1\/3 p-4 relative\">\n  <div class=\"bg-white shadow-xl hover:shadow-2xl h-full \">\n    <figure class=\"relative imageratio\">\n                <img decoding=\"async\" src=\"https:\/\/img.youtube.com\/vi\/cw69R0WheTY\/mqdefault.jpg\" class=\"w-full\">\n            <span class=\"bg-dark py-1 px-2 ml-2 absolute bottom-0 text-sm text-white\">\n      \tYhdistystoiminta |       \t9.4.2026<\/span>\n    <\/figure>\n    <h2 class=\"py-3 px-4 leading-tight heading-sm text-lg\">\n      <a href=\"https:\/\/kuurojenliitto.fi\/yhdistyshuone\/ajankohtaista\/etayhdistysilta-13-4-klo-18-20-yhdenvertaisuuden-merkitys-yhdistystoiminnassa\/\">Et\u00e4yhdistysilta 13.4. klo 18-20: Yhdenvertaisuuden merkitys yhdistystoiminnassa<\/a>\n      <div class=\"hidden play-button absolute z-10 pointer-events-none\"><i class=\"text-5xl text-white far fa-play-circle\"><\/i><\/div>\n    <\/h2>\n  <\/div>\n<\/article>\n                                            \n<article class=\"w-full md:w-1\/3 p-4 relative\">\n  <div class=\"bg-white shadow-xl hover:shadow-2xl h-full \">\n    <figure class=\"relative imageratio\">\n                <img decoding=\"async\" src=\"https:\/\/img.youtube.com\/vi\/wkWC2xq1ldw\/mqdefault.jpg\" class=\"w-full\">\n            <span class=\"bg-dark py-1 px-2 ml-2 absolute bottom-0 text-sm text-white\">\n      \tF\u00f6reningsverksamhet |       \t20.2.2026<\/span>\n    <\/figure>\n    <h2 class=\"py-3 px-4 leading-tight heading-sm text-lg\">\n      <a href=\"https:\/\/kuurojenliitto.fi\/yhdistyshuone\/sv\/aktuellt\/etayhdistysilta-23-2-yhdenvertaisuus-ja-osallisuus-yhdistystoiminnassa\/\">Distansf\u00f6reningskv\u00e4ll 23.2.: Likabehandling och delaktighet i f\u00f6reningsverksamhet<\/a>\n      <div class=\"hidden play-button absolute z-10 pointer-events-none\"><i class=\"text-5xl text-white far fa-play-circle\"><\/i><\/div>\n    <\/h2>\n  <\/div>\n<\/article>\n                                    \n            \n        <\/div>\n\n    \n<\/section>\n","protected":false},"excerpt":{"rendered":"<p>\ud83d\udcc5\u00a0M\u00e5ndag\u00a023.2. kl. 18\u201320 \ud83d\udccd\u00a0Zoom\u00a0\u2013 delta\u00a0var\u00a0du\u00a0\u00e4n\u00a0befinner\u00a0dig\u00a0i Finland! Vad\u00a0betyder\u00a0likabehandling\u00a0och\u00a0delaktighet\u00a0egentligen\u00a0inom\u00a0f\u00f6reningsverksamhet? Hur\u00a0kan\u00a0hinder\u00a0undanr\u00f6jas,\u00a0metoder\u00a0utvecklas\u00a0och\u00a0beslutsfattande\u00a0ske\u00a0s\u00e5\u00a0att\u00a0alla\u00a0beaktas? Hur\u00a0kan\u00a0f\u00f6reningar\u00a0och\u00a0var\u00a0och\u00a0en av\u00a0oss\u00a0fr\u00e4mja\u00a0dessa\u00a0v\u00e4rden\u00a0och\u00a0delta i\u00a0deras\u00a0genomf\u00f6rande? Kom\u00a0och\u00a0diskutera\u00a0med\u00a0oss\u00a0och\u00a0dela\u00a0med\u00a0dig\u00a0av\u00a0dina\u00a0tankar!\u00a0Under\u00a0distansf\u00f6reningskv\u00e4llen\u00a0f\u00f6rdjupar\u00a0vi\u00a0oss\u00a0i\u00a0f\u00f6ljande\u00a0teman: Likabehandlingens\u00a0betydelse\u00a0inom\u00a0f\u00f6reningsverksamhet Fr\u00e4mjande\u00a0av\u00a0delaktighet\u00a0och\u00a0avl\u00e4gsnande\u00a0av\u00a0hinder Praktiska\u00a0metoder\u00a0f\u00f6r\u00a0att\u00a0alla\u00a0ska\u00a0kunna\u00a0delta\u00a0och\u00a0p\u00e5verka Alla \u00e4r v\u00e4lkomna!\u00a0 Zoom-l\u00e4nken finns p\u00e5 F\u00f6reningsrummets f\u00f6rstasida och h\u00e4r: <a href=\"https:\/\/us02web.zoom.us\/j\/84755982697\">https:\/\/us02web.zoom.us\/j\/84755982697<\/a><\/p>\n","protected":false},"author":3,"featured_media":0,"parent":0,"menu_order":0,"comment_status":"closed","ping_status":"closed","template":"","meta":{"footnotes":""},"class_list":["post-152","page","type-page","status-publish","hentry","px-4 sm:px-4 md:px-8 lg:px-12 xl:px-24"],"acf":[],"yoast_head":"<!-- This site is optimized with the Yoast SEO plugin v27.3 - https:\/\/yoast.com\/product\/yoast-seo-wordpress\/ -->\n<title>Ing\u00e5ngssida - Yhdistyshuone<\/title>\n<meta name=\"robots\" content=\"index, follow, max-snippet:-1, max-image-preview:large, max-video-preview:-1\" \/>\n<link rel=\"canonical\" href=\"https:\/\/kuurojenliitto.fi\/yhdistyshuone\/sv\/ingangssida\/\" \/>\n<meta property=\"og:locale\" content=\"fi_FI\" \/>\n<meta property=\"og:type\" content=\"article\" \/>\n<meta property=\"og:title\" content=\"Finlands D\u00f6vas F\u00f6rbund | F\u00f6reningsrummet\" \/>\n<meta property=\"og:description\" content=\"F\u00f6reningsrummet \u00e4r f\u00f6rbundets medlemsf\u00f6reningars gemensamma webbplats, som inneh\u00e5ller aktuell information, handb\u00f6cker om f\u00f6reningsverksamhet och f\u00f6reningarnas kontaktuppgifter.\" \/>\n<meta property=\"og:url\" content=\"https:\/\/kuurojenliitto.fi\/yhdistyshuone\/sv\/ingangssida\/\" \/>\n<meta property=\"og:site_name\" content=\"Yhdistyshuone\" \/>\n<meta property=\"article:modified_time\" content=\"2026-04-09T09:18:54+00:00\" \/>\n<meta property=\"og:image\" content=\"https:\/\/kuurojenliitto.fi\/yhdistyshuone\/wp-content\/uploads\/sites\/11\/2020\/06\/yhdistyshuone-verkossa.jpg\" \/>\n\t<meta property=\"og:image:width\" content=\"1618\" \/>\n\t<meta property=\"og:image:height\" content=\"1080\" \/>\n\t<meta property=\"og:image:type\" content=\"image\/jpeg\" \/>\n<meta name=\"twitter:card\" content=\"summary_large_image\" \/>\n<meta name=\"twitter:title\" content=\"Finlands D\u00f6vas F\u00f6rbund | F\u00f6reningsrummet\" \/>\n<meta name=\"twitter:description\" content=\"F\u00f6reningsrummet \u00e4r f\u00f6rbundets medlemsf\u00f6reningars gemensamma webbplats, som inneh\u00e5ller aktuell information, handb\u00f6cker om f\u00f6reningsverksamhet och f\u00f6reningarnas kontaktuppgifter.\" \/>\n<meta name=\"twitter:image\" content=\"https:\/\/kuurojenliitto.fi\/yhdistyshuone\/wp-content\/uploads\/sites\/11\/2020\/06\/yhdistyshuone-verkossa.jpg\" \/>\n<script type=\"application\/ld+json\" class=\"yoast-schema-graph\">{\"@context\":\"https:\\\/\\\/schema.org\",\"@graph\":[{\"@type\":\"WebPage\",\"@id\":\"https:\\\/\\\/kuurojenliitto.fi\\\/yhdistyshuone\\\/sv\\\/ingangssida\\\/\",\"url\":\"https:\\\/\\\/kuurojenliitto.fi\\\/yhdistyshuone\\\/sv\\\/ingangssida\\\/\",\"name\":\"Ing\u00e5ngssida - Yhdistyshuone\",\"isPartOf\":{\"@id\":\"https:\\\/\\\/kuurojenliitto.fi\\\/yhdistyshuone\\\/#website\"},\"datePublished\":\"2020-01-13T11:22:38+00:00\",\"dateModified\":\"2026-04-09T09:18:54+00:00\",\"breadcrumb\":{\"@id\":\"https:\\\/\\\/kuurojenliitto.fi\\\/yhdistyshuone\\\/sv\\\/ingangssida\\\/#breadcrumb\"},\"inLanguage\":\"fi\",\"potentialAction\":[{\"@type\":\"ReadAction\",\"target\":[\"https:\\\/\\\/kuurojenliitto.fi\\\/yhdistyshuone\\\/sv\\\/ingangssida\\\/\"]}]},{\"@type\":\"BreadcrumbList\",\"@id\":\"https:\\\/\\\/kuurojenliitto.fi\\\/yhdistyshuone\\\/sv\\\/ingangssida\\\/#breadcrumb\",\"itemListElement\":[{\"@type\":\"ListItem\",\"position\":1,\"name\":\"Ing\u00e5ngssida\",\"item\":\"https:\\\/\\\/kuurojenliitto.fi\\\/yhdistyshuone\\\/\"},{\"@type\":\"ListItem\",\"position\":2,\"name\":\"Ing\u00e5ngssida\"}]},{\"@type\":\"WebSite\",\"@id\":\"https:\\\/\\\/kuurojenliitto.fi\\\/yhdistyshuone\\\/#website\",\"url\":\"https:\\\/\\\/kuurojenliitto.fi\\\/yhdistyshuone\\\/\",\"name\":\"Yhdistyshuone\",\"description\":\"Uusi Kuurojen Liitto-sivustot -sivusto\",\"potentialAction\":[{\"@type\":\"SearchAction\",\"target\":{\"@type\":\"EntryPoint\",\"urlTemplate\":\"https:\\\/\\\/kuurojenliitto.fi\\\/yhdistyshuone\\\/?s={search_term_string}\"},\"query-input\":{\"@type\":\"PropertyValueSpecification\",\"valueRequired\":true,\"valueName\":\"search_term_string\"}}],\"inLanguage\":\"fi\"}]}<\/script>\n<!-- \/ Yoast SEO plugin. -->","yoast_head_json":{"title":"Ing\u00e5ngssida - Yhdistyshuone","robots":{"index":"index","follow":"follow","max-snippet":"max-snippet:-1","max-image-preview":"max-image-preview:large","max-video-preview":"max-video-preview:-1"},"canonical":"https:\/\/kuurojenliitto.fi\/yhdistyshuone\/sv\/ingangssida\/","og_locale":"fi_FI","og_type":"article","og_title":"Finlands D\u00f6vas F\u00f6rbund | F\u00f6reningsrummet","og_description":"F\u00f6reningsrummet \u00e4r f\u00f6rbundets medlemsf\u00f6reningars gemensamma webbplats, som inneh\u00e5ller aktuell information, handb\u00f6cker om f\u00f6reningsverksamhet och f\u00f6reningarnas kontaktuppgifter.","og_url":"https:\/\/kuurojenliitto.fi\/yhdistyshuone\/sv\/ingangssida\/","og_site_name":"Yhdistyshuone","article_modified_time":"2026-04-09T09:18:54+00:00","og_image":[{"width":1618,"height":1080,"url":"https:\/\/kuurojenliitto.fi\/yhdistyshuone\/wp-content\/uploads\/sites\/11\/2020\/06\/yhdistyshuone-verkossa.jpg","type":"image\/jpeg"}],"twitter_card":"summary_large_image","twitter_title":"Finlands D\u00f6vas F\u00f6rbund | F\u00f6reningsrummet","twitter_description":"F\u00f6reningsrummet \u00e4r f\u00f6rbundets medlemsf\u00f6reningars gemensamma webbplats, som inneh\u00e5ller aktuell information, handb\u00f6cker om f\u00f6reningsverksamhet och f\u00f6reningarnas kontaktuppgifter.","twitter_image":"https:\/\/kuurojenliitto.fi\/yhdistyshuone\/wp-content\/uploads\/sites\/11\/2020\/06\/yhdistyshuone-verkossa.jpg","schema":{"@context":"https:\/\/schema.org","@graph":[{"@type":"WebPage","@id":"https:\/\/kuurojenliitto.fi\/yhdistyshuone\/sv\/ingangssida\/","url":"https:\/\/kuurojenliitto.fi\/yhdistyshuone\/sv\/ingangssida\/","name":"Ing\u00e5ngssida - Yhdistyshuone","isPartOf":{"@id":"https:\/\/kuurojenliitto.fi\/yhdistyshuone\/#website"},"datePublished":"2020-01-13T11:22:38+00:00","dateModified":"2026-04-09T09:18:54+00:00","breadcrumb":{"@id":"https:\/\/kuurojenliitto.fi\/yhdistyshuone\/sv\/ingangssida\/#breadcrumb"},"inLanguage":"fi","potentialAction":[{"@type":"ReadAction","target":["https:\/\/kuurojenliitto.fi\/yhdistyshuone\/sv\/ingangssida\/"]}]},{"@type":"BreadcrumbList","@id":"https:\/\/kuurojenliitto.fi\/yhdistyshuone\/sv\/ingangssida\/#breadcrumb","itemListElement":[{"@type":"ListItem","position":1,"name":"Ing\u00e5ngssida","item":"https:\/\/kuurojenliitto.fi\/yhdistyshuone\/"},{"@type":"ListItem","position":2,"name":"Ing\u00e5ngssida"}]},{"@type":"WebSite","@id":"https:\/\/kuurojenliitto.fi\/yhdistyshuone\/#website","url":"https:\/\/kuurojenliitto.fi\/yhdistyshuone\/","name":"Yhdistyshuone","description":"Uusi Kuurojen Liitto-sivustot -sivusto","potentialAction":[{"@type":"SearchAction","target":{"@type":"EntryPoint","urlTemplate":"https:\/\/kuurojenliitto.fi\/yhdistyshuone\/?s={search_term_string}"},"query-input":{"@type":"PropertyValueSpecification","valueRequired":true,"valueName":"search_term_string"}}],"inLanguage":"fi"}]}},"lang":"sv","translations":{"sv":152,"fi":20},"pll_sync_post":[],"_links":{"self":[{"href":"https:\/\/kuurojenliitto.fi\/yhdistyshuone\/wp-json\/wp\/v2\/pages\/152","targetHints":{"allow":["GET"]}}],"collection":[{"href":"https:\/\/kuurojenliitto.fi\/yhdistyshuone\/wp-json\/wp\/v2\/pages"}],"about":[{"href":"https:\/\/kuurojenliitto.fi\/yhdistyshuone\/wp-json\/wp\/v2\/types\/page"}],"author":[{"embeddable":true,"href":"https:\/\/kuurojenliitto.fi\/yhdistyshuone\/wp-json\/wp\/v2\/users\/3"}],"replies":[{"embeddable":true,"href":"https:\/\/kuurojenliitto.fi\/yhdistyshuone\/wp-json\/wp\/v2\/comments?post=152"}],"version-history":[{"count":249,"href":"https:\/\/kuurojenliitto.fi\/yhdistyshuone\/wp-json\/wp\/v2\/pages\/152\/revisions"}],"predecessor-version":[{"id":8728,"href":"https:\/\/kuurojenliitto.fi\/yhdistyshuone\/wp-json\/wp\/v2\/pages\/152\/revisions\/8728"}],"wp:attachment":[{"href":"https:\/\/kuurojenliitto.fi\/yhdistyshuone\/wp-json\/wp\/v2\/media?parent=152"}],"curies":[{"name":"wp","href":"https:\/\/api.w.org\/{rel}","templated":true}]}}