{"id":1331,"date":"2020-03-24T12:56:24","date_gmt":"2020-03-24T10:56:24","guid":{"rendered":"https:\/\/kuurojenliitto.fi\/yhdistyshuone\/?page_id=1331"},"modified":"2020-03-24T12:56:24","modified_gmt":"2020-03-24T10:56:24","slug":"opas-yhdistyksille-eun-tietosuoja-asetus","status":"publish","type":"page","link":"https:\/\/kuurojenliitto.fi\/yhdistyshuone\/opas-yhdistyksille-eun-tietosuoja-asetus\/","title":{"rendered":"Opas yhdistyksille: EU:n tietosuoja-asetus"},"content":{"rendered":"\n\n<section id=\"column-block_5e79e38ae3d7a\" class=\"section-default ingress px-4 sm:px-4 md:px-8 lg:px-12 xl:px-24\">\n    <div class=\"flex pb-4\">\n                      <div class=\"w-full text-lg\">\n                  <p>EU:n tietosuoja-asetus astuu voimaan t\u00e4ysim\u00e4\u00e4r\u00e4isen\u00e4 25.5.2018.<\/p>\n        <\/div>\n            \n    <\/div>\n\n<\/section>\n\n\n\n<section id=\"column-block_5e79e41ee3d7c\" class=\"px-4 sm:px-4 md:px-8 lg:px-12 xl:px-24 section-default \">\n\n            <div class=\"relative py-4 gridder\">\n                        <div id=\"stickier\" class=\"b z-10 flex flex-row flex-wrap  mb-6 top-0 relative\">\n\n          <div class=\"x-tabs w-full\" x-data=\"{ activeTab: 0 }\">\n                    <div :class=\"{ 'hidden': activeTab !== 0 }\" tabindex=\"0\" role=\"tabpanel\" id=\"tab-0\" aria-labelledby=\"label-0\" class=\"bg-white\">\n                            \n    <figure class=\"relative\">\n      <img decoding=\"async\" src=\"https:\/\/kuurojenliitto.fi\/yhdistyshuone\/wp-content\/uploads\/sites\/11\/2020\/03\/kansiot-1280x720.jpg\" alt=\"Pino kansioita sikin sokin\">\n    <\/figure>\n                                        <\/div>\n                                <\/div>\n\n                              <\/div>\n        \n          <div class=\"content entry-content bg-white p-8 lg:pr-20 a lg:mr-12 mb-3 shadow-xl hover:shadow-2xl\">\n            <p>EU:n tietosuoja-asetusta sovelletaan kaikkeen henkil\u00f6tietojen k\u00e4sittelyyn ja asetus koskee my\u00f6s kuurojen yhdistyksi\u00e4.<\/p>\n<p>Kuurojen Liitto on ty\u00f6st\u00e4nyt yhdistykselle sopivaa tietopakettia ja mallipohjan tietosuojaselosteesta, ne ovat l\u00f6yd\u00e4t ohesta.<\/p>\n                      <\/div>\n\n                      <aside class=\"c\">\n              \n                            <div class=\"border-l-4 border-color pl-4 mb-8\">\n\n                \n                \n                \n                                  <nav class=\"flex flex-col\">\n                    \n                      \n                                              <a class=\"border-t border-gray-200 py-2\"\n                           href=\"https:\/\/kuurojenliitto.fi\/yhdistyshuone\/wp-content\/uploads\/sites\/11\/2020\/03\/euntietosuoja-asetus_tietopaketti.pdf\"><i\n                            class=\"fa fa-file fa-fw\"><\/i> EU:n tietosuoja-asetus TIETOPAKETTI                        <\/a>\n                      \n                    \n                      \n                                              <a class=\"border-t border-gray-200 py-2\"\n                           href=\"https:\/\/kuurojenliitto.fi\/yhdistyshuone\/wp-content\/uploads\/sites\/11\/2020\/03\/tietosuojaseloste_kl_mallipohja_final.docx\"><i\n                            class=\"fa fa-file fa-fw\"><\/i> Tietosuojaseloste MALLIPOHJA                        <\/a>\n                      \n                                      <\/nav>\n                              <\/div>\n              \n              \n            <\/aside>\n          \n\n      <\/div>\n    \n  \n<\/section>\n","protected":false},"excerpt":{"rendered":"<p>EU:n tietosuoja-asetus astuu voimaan t\u00e4ysim\u00e4\u00e4r\u00e4isen\u00e4 25.5.2018. EU:n tietosuoja-asetusta sovelletaan kaikkeen henkil\u00f6tietojen k\u00e4sittelyyn ja asetus koskee my\u00f6s kuurojen yhdistyksi\u00e4. Kuurojen Liitto on ty\u00f6st\u00e4nyt yhdistykselle sopivaa tietopakettia ja mallipohjan tietosuojaselosteesta, ne ovat l\u00f6yd\u00e4t ohesta. <a class=\"border-t border-gray-200...\n<\/p>\n","protected":false},"author":6,"featured_media":0,"parent":0,"menu_order":0,"comment_status":"closed","ping_status":"closed","template":"","meta":{"footnotes":""},"class_list":["post-1331","page","type-page","status-publish","hentry","px-4 sm:px-4 md:px-8 lg:px-12 xl:px-24"],"acf":[],"yoast_head":"<!-- This site is optimized with the Yoast SEO plugin v27.3 - https:\/\/yoast.com\/product\/yoast-seo-wordpress\/ -->\n<title>Opas yhdistyksille: EU:n tietosuoja-asetus - Yhdistyshuone<\/title>\n<meta name=\"robots\" content=\"index, follow, max-snippet:-1, max-image-preview:large, max-video-preview:-1\" \/>\n<link rel=\"canonical\" href=\"https:\/\/kuurojenliitto.fi\/yhdistyshuone\/opas-yhdistyksille-eun-tietosuoja-asetus\/\" \/>\n<meta property=\"og:locale\" content=\"fi_FI\" \/>\n<meta property=\"og:type\" content=\"article\" \/>\n<meta property=\"og:title\" content=\"Opas yhdistyksille: EU:n tietosuoja-asetus - Yhdistyshuone\" \/>\n<meta property=\"og:description\" content=\"EU:n tietosuoja-asetus astuu voimaan t\u00e4ysim\u00e4\u00e4r\u00e4isen\u00e4 25.5.2018. EU:n tietosuoja-asetusta sovelletaan kaikkeen henkil\u00f6tietojen k\u00e4sittelyyn ja asetus koskee my\u00f6s kuurojen yhdistyksi\u00e4. Kuurojen Liitto on ty\u00f6st\u00e4nyt yhdistykselle sopivaa tietopakettia ja mallipohjan tietosuojaselosteesta, ne ovat l\u00f6yd\u00e4t ohesta.\" \/>\n<meta property=\"og:url\" content=\"https:\/\/kuurojenliitto.fi\/yhdistyshuone\/opas-yhdistyksille-eun-tietosuoja-asetus\/\" \/>\n<meta property=\"og:site_name\" content=\"Yhdistyshuone\" \/>\n<meta name=\"twitter:card\" content=\"summary_large_image\" \/>\n<script type=\"application\/ld+json\" class=\"yoast-schema-graph\">{\"@context\":\"https:\\\/\\\/schema.org\",\"@graph\":[{\"@type\":\"WebPage\",\"@id\":\"https:\\\/\\\/kuurojenliitto.fi\\\/yhdistyshuone\\\/opas-yhdistyksille-eun-tietosuoja-asetus\\\/\",\"url\":\"https:\\\/\\\/kuurojenliitto.fi\\\/yhdistyshuone\\\/opas-yhdistyksille-eun-tietosuoja-asetus\\\/\",\"name\":\"Opas yhdistyksille: EU:n tietosuoja-asetus - Yhdistyshuone\",\"isPartOf\":{\"@id\":\"https:\\\/\\\/kuurojenliitto.fi\\\/yhdistyshuone\\\/#website\"},\"datePublished\":\"2020-03-24T10:56:24+00:00\",\"breadcrumb\":{\"@id\":\"https:\\\/\\\/kuurojenliitto.fi\\\/yhdistyshuone\\\/opas-yhdistyksille-eun-tietosuoja-asetus\\\/#breadcrumb\"},\"inLanguage\":\"fi\",\"potentialAction\":[{\"@type\":\"ReadAction\",\"target\":[\"https:\\\/\\\/kuurojenliitto.fi\\\/yhdistyshuone\\\/opas-yhdistyksille-eun-tietosuoja-asetus\\\/\"]}]},{\"@type\":\"BreadcrumbList\",\"@id\":\"https:\\\/\\\/kuurojenliitto.fi\\\/yhdistyshuone\\\/opas-yhdistyksille-eun-tietosuoja-asetus\\\/#breadcrumb\",\"itemListElement\":[{\"@type\":\"ListItem\",\"position\":1,\"name\":\"Ing\u00e5ngssida\",\"item\":\"https:\\\/\\\/kuurojenliitto.fi\\\/yhdistyshuone\\\/\"},{\"@type\":\"ListItem\",\"position\":2,\"name\":\"Opas yhdistyksille: EU:n tietosuoja-asetus\"}]},{\"@type\":\"WebSite\",\"@id\":\"https:\\\/\\\/kuurojenliitto.fi\\\/yhdistyshuone\\\/#website\",\"url\":\"https:\\\/\\\/kuurojenliitto.fi\\\/yhdistyshuone\\\/\",\"name\":\"Yhdistyshuone\",\"description\":\"Uusi Kuurojen Liitto-sivustot -sivusto\",\"potentialAction\":[{\"@type\":\"SearchAction\",\"target\":{\"@type\":\"EntryPoint\",\"urlTemplate\":\"https:\\\/\\\/kuurojenliitto.fi\\\/yhdistyshuone\\\/?s={search_term_string}\"},\"query-input\":{\"@type\":\"PropertyValueSpecification\",\"valueRequired\":true,\"valueName\":\"search_term_string\"}}],\"inLanguage\":\"fi\"}]}<\/script>\n<!-- \/ Yoast SEO plugin. -->","yoast_head_json":{"title":"Opas yhdistyksille: EU:n tietosuoja-asetus - Yhdistyshuone","robots":{"index":"index","follow":"follow","max-snippet":"max-snippet:-1","max-image-preview":"max-image-preview:large","max-video-preview":"max-video-preview:-1"},"canonical":"https:\/\/kuurojenliitto.fi\/yhdistyshuone\/opas-yhdistyksille-eun-tietosuoja-asetus\/","og_locale":"fi_FI","og_type":"article","og_title":"Opas yhdistyksille: EU:n tietosuoja-asetus - Yhdistyshuone","og_description":"EU:n tietosuoja-asetus astuu voimaan t\u00e4ysim\u00e4\u00e4r\u00e4isen\u00e4 25.5.2018. EU:n tietosuoja-asetusta sovelletaan kaikkeen henkil\u00f6tietojen k\u00e4sittelyyn ja asetus koskee my\u00f6s kuurojen yhdistyksi\u00e4. Kuurojen Liitto on ty\u00f6st\u00e4nyt yhdistykselle sopivaa tietopakettia ja mallipohjan tietosuojaselosteesta, ne ovat l\u00f6yd\u00e4t ohesta.","og_url":"https:\/\/kuurojenliitto.fi\/yhdistyshuone\/opas-yhdistyksille-eun-tietosuoja-asetus\/","og_site_name":"Yhdistyshuone","twitter_card":"summary_large_image","schema":{"@context":"https:\/\/schema.org","@graph":[{"@type":"WebPage","@id":"https:\/\/kuurojenliitto.fi\/yhdistyshuone\/opas-yhdistyksille-eun-tietosuoja-asetus\/","url":"https:\/\/kuurojenliitto.fi\/yhdistyshuone\/opas-yhdistyksille-eun-tietosuoja-asetus\/","name":"Opas yhdistyksille: EU:n tietosuoja-asetus - Yhdistyshuone","isPartOf":{"@id":"https:\/\/kuurojenliitto.fi\/yhdistyshuone\/#website"},"datePublished":"2020-03-24T10:56:24+00:00","breadcrumb":{"@id":"https:\/\/kuurojenliitto.fi\/yhdistyshuone\/opas-yhdistyksille-eun-tietosuoja-asetus\/#breadcrumb"},"inLanguage":"fi","potentialAction":[{"@type":"ReadAction","target":["https:\/\/kuurojenliitto.fi\/yhdistyshuone\/opas-yhdistyksille-eun-tietosuoja-asetus\/"]}]},{"@type":"BreadcrumbList","@id":"https:\/\/kuurojenliitto.fi\/yhdistyshuone\/opas-yhdistyksille-eun-tietosuoja-asetus\/#breadcrumb","itemListElement":[{"@type":"ListItem","position":1,"name":"Ing\u00e5ngssida","item":"https:\/\/kuurojenliitto.fi\/yhdistyshuone\/"},{"@type":"ListItem","position":2,"name":"Opas yhdistyksille: EU:n tietosuoja-asetus"}]},{"@type":"WebSite","@id":"https:\/\/kuurojenliitto.fi\/yhdistyshuone\/#website","url":"https:\/\/kuurojenliitto.fi\/yhdistyshuone\/","name":"Yhdistyshuone","description":"Uusi Kuurojen Liitto-sivustot -sivusto","potentialAction":[{"@type":"SearchAction","target":{"@type":"EntryPoint","urlTemplate":"https:\/\/kuurojenliitto.fi\/yhdistyshuone\/?s={search_term_string}"},"query-input":{"@type":"PropertyValueSpecification","valueRequired":true,"valueName":"search_term_string"}}],"inLanguage":"fi"}]}},"lang":"fi","translations":{"fi":1331},"pll_sync_post":[],"_links":{"self":[{"href":"https:\/\/kuurojenliitto.fi\/yhdistyshuone\/wp-json\/wp\/v2\/pages\/1331","targetHints":{"allow":["GET"]}}],"collection":[{"href":"https:\/\/kuurojenliitto.fi\/yhdistyshuone\/wp-json\/wp\/v2\/pages"}],"about":[{"href":"https:\/\/kuurojenliitto.fi\/yhdistyshuone\/wp-json\/wp\/v2\/types\/page"}],"author":[{"embeddable":true,"href":"https:\/\/kuurojenliitto.fi\/yhdistyshuone\/wp-json\/wp\/v2\/users\/6"}],"replies":[{"embeddable":true,"href":"https:\/\/kuurojenliitto.fi\/yhdistyshuone\/wp-json\/wp\/v2\/comments?post=1331"}],"version-history":[{"count":11,"href":"https:\/\/kuurojenliitto.fi\/yhdistyshuone\/wp-json\/wp\/v2\/pages\/1331\/revisions"}],"predecessor-version":[{"id":1348,"href":"https:\/\/kuurojenliitto.fi\/yhdistyshuone\/wp-json\/wp\/v2\/pages\/1331\/revisions\/1348"}],"wp:attachment":[{"href":"https:\/\/kuurojenliitto.fi\/yhdistyshuone\/wp-json\/wp\/v2\/media?parent=1331"}],"curies":[{"name":"wp","href":"https:\/\/api.w.org\/{rel}","templated":true}]}}