{"id":1101,"date":"2020-02-27T09:51:07","date_gmt":"2020-02-27T07:51:07","guid":{"rendered":"https:\/\/kuurojenliitto.fi\/yhdistyshuone\/?page_id=1101"},"modified":"2024-10-15T11:19:39","modified_gmt":"2024-10-15T08:19:39","slug":"kontaktuppgifter","status":"publish","type":"page","link":"https:\/\/kuurojenliitto.fi\/yhdistyshuone\/sv\/kontaktuppgifter\/","title":{"rendered":"Kontaktuppgifter"},"content":{"rendered":"\n\n<section id=\"column-block_aefb08d48098e0fc174b0bc1ca9e5c6d\" class=\"section-default ingress px-4 sm:px-4 md:px-8 lg:px-12 xl:px-24\">\n    <div class=\"flex pb-4\">\n            \n    <\/div>\n\n<\/section>\n\n\n\n\n<section id=\"column-block_10a2d03337ec206d4139da3dda2b3a00\" class=\"section-default pt-8 pb-0  px-4 sm:px-4 lg:px-12 xl:px-24 bg-moss-700 text-white title\">\n\n  \n    <div class=\"md:flex md:flex-row items-center\">\n\n      <div class=\"w-full md:w-2\/3\">\n        <h1 class=\"leading-tight text-white  text-2xl sm:text-3xl lg:text-4xl\">Av oss kan f\u00f6reningarna f\u00e5 r\u00e5d och st\u00f6d<\/h1>\n      <\/div>\n\n      <div class=\"w-full md:w-1\/3 md:text-right\">\n              <\/div>\n\n    <\/div>\n\n  \n\n<\/section>\n\n\n\n<section id=\"column-block_858d83d0551c525e587ab91422559587\"\n         class=\"section-default pt-4 pb-4 px-4 sm:px-4 md:px-8 lg:px-12 xl:px-24 bg-moss-700 cards\">\n    \n        <div class=\"flex flex-wrap flex-row -mx-4\">\n\n                            \n                                    \n\t                        <div class=\"w-full md:w-1\/2 xl:w-1\/2 p-4 mb-3\">\n  <div class=\"flex flex-row-reverse flex-wrap bg-white shadow-xl hover:shadow-2xl p-4  h-full\">\n  \n    <div class=\"w-1\/4 text-right\">\n    <figure class=\"entry-image overflow-hidden\">\n      <img loading=\"lazy\" decoding=\"async\" width=\"800\" height=\"800\" src=\"https:\/\/kuurojenliitto.fi\/yhdistyshuone\/wp-content\/uploads\/sites\/11\/2020\/03\/2022_08-Iina-Uhlenius-web-e1665660326691-800x800.jpg\" class=\"w-full object-fit\" alt=\"&quot;&quot;\" srcset=\"https:\/\/kuurojenliitto.fi\/yhdistyshuone\/wp-content\/uploads\/sites\/11\/2020\/03\/2022_08-Iina-Uhlenius-web-e1665660326691-800x800.jpg 800w, https:\/\/kuurojenliitto.fi\/yhdistyshuone\/wp-content\/uploads\/sites\/11\/2020\/03\/2022_08-Iina-Uhlenius-web-e1665660326691-768x769.jpg 768w, https:\/\/kuurojenliitto.fi\/yhdistyshuone\/wp-content\/uploads\/sites\/11\/2020\/03\/2022_08-Iina-Uhlenius-web-e1665660326691.jpg 1345w\" sizes=\"auto, (max-width: 800px) 100vw, 800px\" \/>    <\/figure><!-- .entry-header -->\n  <\/div>\n  <div class=\"entry-content w-3\/4 pr-4\">\n    <h3 class=\"mb-0 text-lg\">\n      <a href=\"https:\/\/kuurojenliitto.fi\/yhdistyshuone\/sv\/person\/iina-uhlenius\/\">Iina Uhlenius<\/a>\n    <\/h3>\n    <div class=\"mb-4 mt-0\">\n              <span class=\"text-gray-900 text-sm\">\n                          Organisationssamordnare                      <\/span>\n                <\/div>\n    <div class=\"flex flex-col text-gray-600 mt-1 text-sm items-start\">\n              <div class=\"flex flex-row-reverse\">\n          <div class=\"ml-2 text-xs\">\n                                                  <span class=\"sr-only\">Henkil\u00f6 ei ota vastaan puheluja<\/span>\n              <i class=\"sr-hide fas fa-fw fa-phone-slash mr-1\"><\/i>\n                                      <span class=\"sr-only\">Henkil\u00f6 ottaa vastaan tekstiviestej\u00e4<\/span>\n              <i class=\"sr-hide fas fa-fw fa-sms mr-1\"><\/i>\n                                      <span class=\"sr-only\">Henkil\u00f6 ottaa vastaan WhatsApp-viestej\u00e4, videoviestej\u00e4 ja videopuheluja<\/span>\n              <i class=\"sr-hide fab fa-fw fa-whatsapp mr-1\"><\/i>\n                                  <\/div>\n          <div><span class=\"sr-only\">Puhelinnumero: <\/span><a href=\"tel:+358 44 752 5256\"> +358 44 752 5256<\/a><\/div>\n        <\/div>\n\n                    <div><span class=\"sr-only\"><\/span><a\n            href=\"mailto:iina.uhlenius@kuurojenliitto.fi\">iina.uhlenius@kuurojenliitto.fi<\/a><\/div>\n                <\/div>\n\n      <\/div><!-- .entry-content -->\n        <div class=\"w-full mt-2 text-xs\">\n      <span class=\"sr-only\">Henkil\u00f6n vastuualue<\/span>\n              <a href=\"https:\/\/kuurojenliitto.fi\/yhdistyshuone\/sv\/ansvarsomr%C3%A5de\/foreningsprogrammet\/\">\n          <span class=\"bg-light py-px px-1 text-dark inline-block mr-1 mb-1\">\n            F\u00f6reningsprogrammet          <\/span>\n        <\/a>\n          <\/div>\n  \n  <\/div><\/div>\n  \n\t\t\t\t\t\t                \n            \n        <\/div>\n\n    \n<\/section>\n\n\n\n<section id=\"column-block_3ffbe0454ef473588a842273a0fd9edb\"\n         class=\"section-default pt-8 pb-0 px-4 sm:px-4 md:px-8 lg:px-12 xl:px-24 bg-gray-100 cards\">\n    \n                    <div class=\"flex flex-wrap md:flex-row -mx-4\">\n                \n                    <div class=\"w-full md:w-1\/2 p-4 relative\">\n                        <div class=\"bg-white shadow-xl hover:shadow-2xl h-full flex flex-col\">\n                            \n                                <figure class=\"relative imageratio \">\n                                    <img decoding=\"async\" src=\"https:\/\/kuurojenliitto.fi\/yhdistyshuone\/wp-content\/uploads\/sites\/11\/2020\/02\/ota-yhteytta-scaled-e1582796397538.jpg\" alt=\"\">\n                                <\/figure>\n                              \n                                                                                    <div class=\"py-3 px-4\">\n                                \n                                                                    <h3 class=\"py-3 leading-tight  text-xl \">Mer kontaktuppgifter<\/h3>\n                                                                            <hr class=\"border-b-4 border-color w-24 mb-5 mr-auto\"\/>                                                                <div class=\"content\">\n                                                                <\/div>\n                            <\/div>\n                                                                                                                                                        <div class=\"pb-3 px-4\">\n                                \n                                                                    \n                                        \n                                                                                      <a class=\"flex flex-row items-center leading-none heading-sm my-3\" href=\"https:\/\/kuurojenliitto.fi\/sv\/kontaktuppgifter\/\"><span class=\"w-8 h-8 bg-dark text-white p-2 mr-2 text-center font-medium rounded-full uppercase\"><i class=\"far fa-angle-right\"><\/i><\/span>Alla Finlands D\u00f6vas F\u00f6rbunds kontaktuppgifter<\/a>\n                                                                                                                      \n                                    \n                                        \n                                                                                      <a class=\"flex flex-row items-center leading-none heading-sm my-3\" href=\"https:\/\/kuurojenliitto.fi\/sv\/styrelsen\/\"><span class=\"w-8 h-8 bg-dark text-white p-2 mr-2 text-center font-medium rounded-full uppercase\"><i class=\"far fa-angle-right\"><\/i><\/span>Finlands D\u00f6vas F\u00f6rbunds styrelse<\/a>\n                                                                                                                      \n                                                                                                <\/div>\n                                                    <\/div>\n                    <\/div>\n\n                \n                    <div class=\"w-full md:w-1\/2 p-4 relative\">\n                        <div class=\"bg-white shadow-xl hover:shadow-2xl h-full flex flex-col\">\n                            \n                                <figure class=\"relative imageratio \">\n                                    <img decoding=\"async\" src=\"https:\/\/kuurojenliitto.fi\/yhdistyshuone\/wp-content\/uploads\/sites\/11\/2020\/02\/yhdistyksen-yhteystiedot-1280x720.jpg\" alt=\"\">\n                                <\/figure>\n                              \n                                                                                    <div class=\"py-3 px-4\">\n                                \n                                                                    <h3 class=\"py-3 leading-tight  text-xl \">\u00c4ndring av f\u00f6reningens kontaktuppgifter<\/h3>\n                                                                            <hr class=\"border-b-4 border-color w-24 mb-5 mr-auto\"\/>                                                                <div class=\"content\">\n                                                                    <p>Har din f\u00f6rening f\u00e5tt ny ordf\u00f6rande? Har ni bytt sekreterare eller kass\u00f6r? Kanske medlemsantalet har f\u00f6r\u00e4ndrats? Meddela om \u00e4ndringarna till Finlands D\u00f6vas F\u00f6rbund.<\/p>\n                                                                <\/div>\n                            <\/div>\n                                                                                                                                                        <div class=\"py-3 px-4 mt-auto\">\n                                \n                                                                    \n                                        \n                                                                                        <a class=\"btn btn-dark inline-block mb-3\"\n                                               href=\"https:\/\/kuurojenliitto.fi\/yhdistyshuone\/sv\/andring-av-foreningens-kontaktuppgifter\/\"\n                                               target=\"_self\">\u00c4ndring av f\u00f6reningens kontaktuppgifter<\/a>\n                                                                                                                        \n                                                                                                <\/div>\n                                                    <\/div>\n                    <\/div>\n\n                \n            <\/div>\n        \n    \n<\/section>\n\n\n\n\n<section id=\"column-block_8c41f8b0282c5edbbecac130cc4ce408\" class=\"section-default pt-0 pb-8 px-4 sm:px-4 md:px-8 lg:px-12 xl:px-24 bg-gray-100 big-card\">\n\n  \n  <div class=\"flex-row -mx-4\">\n\n    <article class=\"p-4 relative w-full\">\n      <div class=\"bg-white shadow-xl hover:shadow-2xl flex flex-col md:flex-row\">\n        <div class=\"big-card-image md:w-1\/2 flex\">\n              <img decoding=\"async\" src=\"https:\/\/kuurojenliitto.fi\/yhdistyshuone\/wp-content\/uploads\/sites\/11\/2023\/04\/facebook-like-g7a6d1b47c_1920-1280x720.jpg\" class=\"object-cover\">\n        <\/div>\n        <div class=\"md:w-1\/2 px-8 py-4\">\n                      <h3 class=\"mt-4 text-2xl leading-tight heading-lg\">F\u00f6reningsrummet p\u00e5 Facebook (p\u00e5 finska)<\/h3>\n                    <hr class=\"border-b-4 border-color w-24 my-5 mr-auto\"\/>\n                    \n                          <nav class=\"flex flex-col mt-4\">\n              \n                \n                                    <a class=\"flex flex-row items-center mb-2 leading-none heading-sm mt-6\" href=\"https:\/\/www.facebook.com\/KLyhdistyshuone\" target=\"_self\"><span class=\"w-8 h-8 bg-dark text-white p-2 mr-2 text-center font-medium rounded-full uppercase\"><i class=\"far fa-angle-right\"><\/i><\/span>Till Facebook<\/a>\n                                                \n                            <\/nav>\n                              <\/div>\n      <\/div>\n    <\/article>\n  <\/div>\n\n  \n<\/section>\n","protected":false},"excerpt":{"rendered":"<p>Av oss kan f\u00f6reningarna f\u00e5 r\u00e5d och st\u00f6d <a href=\"https:\/\/kuurojenliitto.fi\/yhdistyshuone\/sv\/person\/iina-uhlenius\/\">Iina Uhlenius<\/a> Organisationssamordnare Henkil\u00f6 ei ota vastaan puheluja Henkil\u00f6 ottaa vastaan tekstiviestej\u00e4 Henkil\u00f6 ottaa vastaan WhatsApp-viestej\u00e4, videoviestej\u00e4 ja videopuheluja Puhelinnumero: <a href=\"tel:+358 44 752 5256\"> +358 44 752 5256<\/a> <a href=\"mailto:iina.uhlenius@kuurojenliitto.fi\">iina.uhlenius@kuurojenliitto.fi<\/a> Henkil\u00f6n vastuualue <a href=\"https:\/\/kuurojenliitto.fi\/yhdistyshuone\/sv\/ansvarsomr%C3%A5de\/foreningsprogrammet\/\"> F\u00f6reningsprogrammet <\/a> Mer&#8230;<\/p>\n","protected":false},"author":7,"featured_media":0,"parent":0,"menu_order":0,"comment_status":"closed","ping_status":"closed","template":"","meta":{"footnotes":""},"class_list":["post-1101","page","type-page","status-publish","hentry","px-4 sm:px-4 md:px-8 lg:px-12 xl:px-24"],"acf":[],"yoast_head":"<!-- This site is optimized with the Yoast SEO plugin v27.3 - https:\/\/yoast.com\/product\/yoast-seo-wordpress\/ -->\n<title>Kontaktuppgifter - Yhdistyshuone<\/title>\n<meta name=\"robots\" content=\"index, follow, max-snippet:-1, max-image-preview:large, max-video-preview:-1\" \/>\n<link rel=\"canonical\" href=\"https:\/\/kuurojenliitto.fi\/yhdistyshuone\/sv\/kontaktuppgifter\/\" \/>\n<meta property=\"og:locale\" content=\"fi_FI\" \/>\n<meta property=\"og:type\" content=\"article\" \/>\n<meta property=\"og:title\" content=\"Kontaktuppgifter - Yhdistyshuone\" \/>\n<meta property=\"og:description\" content=\"Av oss kan f\u00f6reningarna f\u00e5 r\u00e5d och st\u00f6d Iina Uhlenius Organisationssamordnare Henkil\u00f6 ei ota vastaan puheluja Henkil\u00f6 ottaa vastaan tekstiviestej\u00e4 Henkil\u00f6 ottaa vastaan WhatsApp-viestej\u00e4, videoviestej\u00e4 ja videopuheluja Puhelinnumero: +358 44 752 5256 iina.uhlenius@kuurojenliitto.fi Henkil\u00f6n vastuualue F\u00f6reningsprogrammet Mer...\" \/>\n<meta property=\"og:url\" content=\"https:\/\/kuurojenliitto.fi\/yhdistyshuone\/sv\/kontaktuppgifter\/\" \/>\n<meta property=\"og:site_name\" content=\"Yhdistyshuone\" \/>\n<meta property=\"article:modified_time\" content=\"2024-10-15T08:19:39+00:00\" \/>\n<meta name=\"twitter:card\" content=\"summary_large_image\" \/>\n<script type=\"application\/ld+json\" class=\"yoast-schema-graph\">{\"@context\":\"https:\\\/\\\/schema.org\",\"@graph\":[{\"@type\":\"WebPage\",\"@id\":\"https:\\\/\\\/kuurojenliitto.fi\\\/yhdistyshuone\\\/sv\\\/kontaktuppgifter\\\/\",\"url\":\"https:\\\/\\\/kuurojenliitto.fi\\\/yhdistyshuone\\\/sv\\\/kontaktuppgifter\\\/\",\"name\":\"Kontaktuppgifter - Yhdistyshuone\",\"isPartOf\":{\"@id\":\"https:\\\/\\\/kuurojenliitto.fi\\\/yhdistyshuone\\\/#website\"},\"datePublished\":\"2020-02-27T07:51:07+00:00\",\"dateModified\":\"2024-10-15T08:19:39+00:00\",\"breadcrumb\":{\"@id\":\"https:\\\/\\\/kuurojenliitto.fi\\\/yhdistyshuone\\\/sv\\\/kontaktuppgifter\\\/#breadcrumb\"},\"inLanguage\":\"fi\",\"potentialAction\":[{\"@type\":\"ReadAction\",\"target\":[\"https:\\\/\\\/kuurojenliitto.fi\\\/yhdistyshuone\\\/sv\\\/kontaktuppgifter\\\/\"]}]},{\"@type\":\"BreadcrumbList\",\"@id\":\"https:\\\/\\\/kuurojenliitto.fi\\\/yhdistyshuone\\\/sv\\\/kontaktuppgifter\\\/#breadcrumb\",\"itemListElement\":[{\"@type\":\"ListItem\",\"position\":1,\"name\":\"Ing\u00e5ngssida\",\"item\":\"https:\\\/\\\/kuurojenliitto.fi\\\/yhdistyshuone\\\/\"},{\"@type\":\"ListItem\",\"position\":2,\"name\":\"Kontaktuppgifter\"}]},{\"@type\":\"WebSite\",\"@id\":\"https:\\\/\\\/kuurojenliitto.fi\\\/yhdistyshuone\\\/#website\",\"url\":\"https:\\\/\\\/kuurojenliitto.fi\\\/yhdistyshuone\\\/\",\"name\":\"Yhdistyshuone\",\"description\":\"Uusi Kuurojen Liitto-sivustot -sivusto\",\"potentialAction\":[{\"@type\":\"SearchAction\",\"target\":{\"@type\":\"EntryPoint\",\"urlTemplate\":\"https:\\\/\\\/kuurojenliitto.fi\\\/yhdistyshuone\\\/?s={search_term_string}\"},\"query-input\":{\"@type\":\"PropertyValueSpecification\",\"valueRequired\":true,\"valueName\":\"search_term_string\"}}],\"inLanguage\":\"fi\"}]}<\/script>\n<!-- \/ Yoast SEO plugin. -->","yoast_head_json":{"title":"Kontaktuppgifter - Yhdistyshuone","robots":{"index":"index","follow":"follow","max-snippet":"max-snippet:-1","max-image-preview":"max-image-preview:large","max-video-preview":"max-video-preview:-1"},"canonical":"https:\/\/kuurojenliitto.fi\/yhdistyshuone\/sv\/kontaktuppgifter\/","og_locale":"fi_FI","og_type":"article","og_title":"Kontaktuppgifter - Yhdistyshuone","og_description":"Av oss kan f\u00f6reningarna f\u00e5 r\u00e5d och st\u00f6d Iina Uhlenius Organisationssamordnare Henkil\u00f6 ei ota vastaan puheluja Henkil\u00f6 ottaa vastaan tekstiviestej\u00e4 Henkil\u00f6 ottaa vastaan WhatsApp-viestej\u00e4, videoviestej\u00e4 ja videopuheluja Puhelinnumero: +358 44 752 5256 iina.uhlenius@kuurojenliitto.fi Henkil\u00f6n vastuualue F\u00f6reningsprogrammet Mer...","og_url":"https:\/\/kuurojenliitto.fi\/yhdistyshuone\/sv\/kontaktuppgifter\/","og_site_name":"Yhdistyshuone","article_modified_time":"2024-10-15T08:19:39+00:00","twitter_card":"summary_large_image","schema":{"@context":"https:\/\/schema.org","@graph":[{"@type":"WebPage","@id":"https:\/\/kuurojenliitto.fi\/yhdistyshuone\/sv\/kontaktuppgifter\/","url":"https:\/\/kuurojenliitto.fi\/yhdistyshuone\/sv\/kontaktuppgifter\/","name":"Kontaktuppgifter - Yhdistyshuone","isPartOf":{"@id":"https:\/\/kuurojenliitto.fi\/yhdistyshuone\/#website"},"datePublished":"2020-02-27T07:51:07+00:00","dateModified":"2024-10-15T08:19:39+00:00","breadcrumb":{"@id":"https:\/\/kuurojenliitto.fi\/yhdistyshuone\/sv\/kontaktuppgifter\/#breadcrumb"},"inLanguage":"fi","potentialAction":[{"@type":"ReadAction","target":["https:\/\/kuurojenliitto.fi\/yhdistyshuone\/sv\/kontaktuppgifter\/"]}]},{"@type":"BreadcrumbList","@id":"https:\/\/kuurojenliitto.fi\/yhdistyshuone\/sv\/kontaktuppgifter\/#breadcrumb","itemListElement":[{"@type":"ListItem","position":1,"name":"Ing\u00e5ngssida","item":"https:\/\/kuurojenliitto.fi\/yhdistyshuone\/"},{"@type":"ListItem","position":2,"name":"Kontaktuppgifter"}]},{"@type":"WebSite","@id":"https:\/\/kuurojenliitto.fi\/yhdistyshuone\/#website","url":"https:\/\/kuurojenliitto.fi\/yhdistyshuone\/","name":"Yhdistyshuone","description":"Uusi Kuurojen Liitto-sivustot -sivusto","potentialAction":[{"@type":"SearchAction","target":{"@type":"EntryPoint","urlTemplate":"https:\/\/kuurojenliitto.fi\/yhdistyshuone\/?s={search_term_string}"},"query-input":{"@type":"PropertyValueSpecification","valueRequired":true,"valueName":"search_term_string"}}],"inLanguage":"fi"}]}},"lang":"sv","translations":{"sv":1101,"fi":1121},"pll_sync_post":[],"_links":{"self":[{"href":"https:\/\/kuurojenliitto.fi\/yhdistyshuone\/wp-json\/wp\/v2\/pages\/1101","targetHints":{"allow":["GET"]}}],"collection":[{"href":"https:\/\/kuurojenliitto.fi\/yhdistyshuone\/wp-json\/wp\/v2\/pages"}],"about":[{"href":"https:\/\/kuurojenliitto.fi\/yhdistyshuone\/wp-json\/wp\/v2\/types\/page"}],"author":[{"embeddable":true,"href":"https:\/\/kuurojenliitto.fi\/yhdistyshuone\/wp-json\/wp\/v2\/users\/7"}],"replies":[{"embeddable":true,"href":"https:\/\/kuurojenliitto.fi\/yhdistyshuone\/wp-json\/wp\/v2\/comments?post=1101"}],"version-history":[{"count":21,"href":"https:\/\/kuurojenliitto.fi\/yhdistyshuone\/wp-json\/wp\/v2\/pages\/1101\/revisions"}],"predecessor-version":[{"id":7274,"href":"https:\/\/kuurojenliitto.fi\/yhdistyshuone\/wp-json\/wp\/v2\/pages\/1101\/revisions\/7274"}],"wp:attachment":[{"href":"https:\/\/kuurojenliitto.fi\/yhdistyshuone\/wp-json\/wp\/v2\/media?parent=1101"}],"curies":[{"name":"wp","href":"https:\/\/api.w.org\/{rel}","templated":true}]}}