{"id":1062,"date":"2020-02-25T12:40:57","date_gmt":"2020-02-25T10:40:57","guid":{"rendered":"https:\/\/kuurojenliitto.fi\/yhdistyshuone\/?page_id=1062"},"modified":"2023-04-28T15:36:48","modified_gmt":"2023-04-28T12:36:48","slug":"medlemsforeningar","status":"publish","type":"page","link":"https:\/\/kuurojenliitto.fi\/yhdistyshuone\/sv\/medlemsforeningar\/","title":{"rendered":"Medlemsf\u00f6reningar"},"content":{"rendered":"\n\n<section id=\"column-block_3f4c0070308a9d5ecd52f34bf96dc1cb\" class=\"section-default ingress px-4 sm:px-4 md:px-8 lg:px-12 xl:px-24\">\n    <div class=\"flex pb-4\">\n                      <div class=\"w-full text-lg\">\n                  \n<table id=\"tablepress-10\" class=\"tablepress tablepress-id-10\">\n<thead>\n<tr class=\"row-1\">\n\t<th class=\"column-1\">FINLANDS D\u00d6VAS F\u00d6RBUND RF:S<br \/>\nMEDLEMSF\u00d6RENINGAR 2026<\/th><td class=\"column-2\"><\/td><th class=\"column-3\">GRUNDAD<\/th><th class=\"column-4\">MEDLEMSANTAL<\/th>\n<\/tr>\n<\/thead>\n<tbody class=\"row-striping row-hover\">\n<tr class=\"row-2\">\n\t<td class=\"column-1\">CODA-YHDISTYS RY<br \/>\n<a href=\"http:\/\/www.coda.fi\/\" rel=\"noopener noreferrer\" target=\"_blank\">Webbsida<\/a><\/td><td class=\"column-2\">1<\/td><td class=\"column-3\">1996<\/td><td class=\"column-4\">146<\/td>\n<\/tr>\n<tr class=\"row-3\">\n\t<td class=\"column-1\">BORG\u00c5 NEJDENS D\u00d6VA - PORVOON SEUDUN KUUROT RY<br \/>\n<\/td><td class=\"column-2\">1<\/td><td class=\"column-3\">1982<\/td><td class=\"column-4\">39<\/td>\n<\/tr>\n<tr class=\"row-4\">\n\t<td class=\"column-1\">ESPOON VIITTOMAKIELISET RY<br \/>\n<a href=\"https:\/\/www.facebook.com\/espoon.ry\" rel=\"noopener noreferrer\" target=\"_blank\">Facebook<\/a><\/td><td class=\"column-2\">1<\/td><td class=\"column-3\">1974<\/td><td class=\"column-4\">93<\/td>\n<\/tr>\n<tr class=\"row-5\">\n\t<td class=\"column-1\">ETEL\u00c4-KARJALAN KUUROT RY<br \/>\n<a href=\"https:\/\/www.facebook.com\/ekkuurot\/\" rel=\"noopener noreferrer\" target=\"_blank\">Facebook<\/a><\/td><td class=\"column-2\">1<\/td><td class=\"column-3\">1908<\/td><td class=\"column-4\">54<\/td>\n<\/tr>\n<tr class=\"row-6\">\n\t<td class=\"column-1\">ETEL\u00c4-POHJANMAAN VIITTOVAT RY<br \/>\n<a href=\"https:\/\/www.facebook.com\/seinajoenseudun.kuurotry\" rel=\"noopener noreferrer\" target=\"_blank\">Facebook<\/a><\/td><td class=\"column-2\">1<\/td><td class=\"column-3\">1929<\/td><td class=\"column-4\">64<\/td>\n<\/tr>\n<tr class=\"row-7\">\n\t<td class=\"column-1\">FINLANDSSVENSKA TECKENSPR\u00c5KIGA RF<br \/>\n<a href=\"http:\/\/www.dova.fi\" rel=\"noopener noreferrer\" target=\"_blank\">Webbsida<\/a><br \/>\n<a href=\"https:\/\/www.facebook.com\/fstdova\/\" rel=\"noopener noreferrer\" target=\"_blank\">Facebook<\/a><\/td><td class=\"column-2\">1<\/td><td class=\"column-3\">2002<\/td><td class=\"column-4\">152<\/td>\n<\/tr>\n<tr class=\"row-8\">\n\t<td class=\"column-1\">HELSINGIN KUUROJEN YHDISTYS  - HELSINGFORS D\u00d6VAS F\u00d6RENING RY<br \/>\n<a href=\"https:\/\/www.facebook.com\/helsinginkuurojenyhdistys\/\" rel=\"noopener noreferrer\" target=\"_blank\">Facebook<\/a><\/td><td class=\"column-2\">1<\/td><td class=\"column-3\">1895<\/td><td class=\"column-4\">286<\/td>\n<\/tr>\n<tr class=\"row-9\">\n\t<td class=\"column-1\">IT\u00c4-SAVON KUUROT RY<\/td><td class=\"column-2\">1<\/td><td class=\"column-3\">1945<\/td><td class=\"column-4\">12<\/td>\n<\/tr>\n<tr class=\"row-10\">\n\t<td class=\"column-1\">PIETARSAAREN SEUDUN KUUROT RY - JAKOBSTADS NEJDENS D\u00d6VA RF<\/td><td class=\"column-2\">1<\/td><td class=\"column-3\">1923<\/td><td class=\"column-4\">34<\/td>\n<\/tr>\n<tr class=\"row-11\">\n\t<td class=\"column-1\">JYV\u00c4SKYL\u00c4N KUUROJEN YHDISTYS RY<br \/>\n<a href=\"https:\/\/www.facebook.com\/jkyu1907\/?ref=br_rs\" rel=\"noopener noreferrer\" target=\"_blank\">Facebook<\/a><\/td><td class=\"column-2\">1<\/td><td class=\"column-3\">1907<\/td><td class=\"column-4\">104<\/td>\n<\/tr>\n<tr class=\"row-12\">\n\t<td class=\"column-1\">J\u00c4MS\u00c4NJOKILAAKSON KUUROT RY<br \/>\n<a href=\"http:\/\/J\u00e4ms\u00e4njokilaakson Kuurot ry-yhdistyshuone\" rel=\"noopener noreferrer\" target=\"_blank\">Facebook<\/a><\/td><td class=\"column-2\">1<\/td><td class=\"column-3\">1981<\/td><td class=\"column-4\">32<\/td>\n<\/tr>\n<tr class=\"row-13\">\n\t<td class=\"column-1\">KANTA-H\u00c4MEEN VIITTOMAKIELISET RY<br \/>\n<a href=\"https:\/\/www.facebook.com\/hameenlinnan.kuurot\" rel=\"noopener noreferrer\" target=\"_blank\">Facebook<\/a><\/td><td class=\"column-2\">1<\/td><td class=\"column-3\">1924<\/td><td class=\"column-4\">34<\/td>\n<\/tr>\n<tr class=\"row-14\">\n\t<td class=\"column-1\">KESKI-UUDENMAAN KUUROT RY<br \/>\n<a href=\"https:\/\/www.facebook.com\/groups\/220809454724239\/about\/\" rel=\"noopener noreferrer\" target=\"_blank\">Facebook<\/a><\/td><td class=\"column-2\">1<\/td><td class=\"column-3\">1941<\/td><td class=\"column-4\">35<\/td>\n<\/tr>\n<tr class=\"row-15\">\n\t<td class=\"column-1\">KOKKOLANSEUDUN VIITTOMAKIELISET RY<\/td><td class=\"column-2\">1<\/td><td class=\"column-3\">1929<\/td><td class=\"column-4\">14<\/td>\n<\/tr>\n<tr class=\"row-16\">\n\t<td class=\"column-1\">KOTKAN KUUROJEN YHDISTYS RY<br \/>\n<a href=\"https:\/\/www.facebook.com\/kotky.sihteeri\" rel=\"noopener noreferrer\" target=\"_blank\">Facebook<\/a><\/td><td class=\"column-2\">1<\/td><td class=\"column-3\">1907<\/td><td class=\"column-4\">30<\/td>\n<\/tr>\n<tr class=\"row-17\">\n\t<td class=\"column-1\">KOUVOLAN KUUROT RY<br \/>\n<a href=\"https:\/\/www.facebook.com\/groups\/316798701718\/about\/\" rel=\"noopener noreferrer\" target=\"_blank\">Facebook<\/a><\/td><td class=\"column-2\">1<\/td><td class=\"column-3\">1949<\/td><td class=\"column-4\">26<\/td>\n<\/tr>\n<tr class=\"row-18\">\n\t<td class=\"column-1\">KUOPION KUUROJENYHDISTYS RY<br \/>\n<a href=\"https:\/\/www.facebook.com\/Kuopion-Kuurojenyhdistys-ry-263861483784667\/\" rel=\"noopener noreferrer\" target=\"_blank\">Facebook<\/a><\/td><td class=\"column-2\">1<\/td><td class=\"column-3\">1909<\/td><td class=\"column-4\">41<\/td>\n<\/tr>\n<tr class=\"row-19\">\n\t<td class=\"column-1\">KUUROJEN TAITEILIJAKILTA RY<br \/>\n<a href=\"https:\/\/taiteilijakilta.fi\/\" rel=\"noopener\" target=\"_blank\">Verkkosivu<\/a><\/td><td class=\"column-2\">1<\/td><td class=\"column-3\">2024<\/td><td class=\"column-4\">32<\/td>\n<\/tr>\n<tr class=\"row-20\">\n\t<td class=\"column-1\">LAHDEN KUUROJEN YHDISTYS RY<br \/>\n<a href=\"https:\/\/www.facebook.com\/lahdenkuurot\/\" rel=\"noopener noreferrer\" target=\"_blank\">Facebook<\/a><\/td><td class=\"column-2\">1<\/td><td class=\"column-3\">1930<\/td><td class=\"column-4\">64<\/td>\n<\/tr>\n<tr class=\"row-21\">\n\t<td class=\"column-1\">MIKKELIN KUUROJENYHDISTYS RY<br \/>\n<a href=\"https:\/\/www.facebook.com\/Mikkelin-Kuurojen-Yhdistys-ry-813396008700240\/?ref=br_rs\" rel=\"noopener noreferrer\" target=\"_blank\">Facebook<\/a><\/td><td class=\"column-2\">1<\/td><td class=\"column-3\">1937<\/td><td class=\"column-4\">34<\/td>\n<\/tr>\n<tr class=\"row-22\">\n\t<td class=\"column-1\">OULUN VIITTOMAKIELISET RY<br \/>\n<a href=\"https:\/\/www.facebook.com\/oulunkuurojenyhdistys\/\" rel=\"noopener noreferrer\" target=\"_blank\">Facebook<\/a><\/td><td class=\"column-2\">1<\/td><td class=\"column-3\">1932<\/td><td class=\"column-4\">81<\/td>\n<\/tr>\n<tr class=\"row-23\">\n\t<td class=\"column-1\">POHJOIS-KARJALAN KUUROT RY<br \/>\n<a href=\"https:\/\/www.facebook.com\/groups\/220348925999\/about\/\" rel=\"noopener noreferrer\" target=\"_blank\">Facebook<\/a><\/td><td class=\"column-2\">1<\/td><td class=\"column-3\">1942<\/td><td class=\"column-4\">34<\/td>\n<\/tr>\n<tr class=\"row-24\">\n\t<td class=\"column-1\">PORIN KUUROJENYHDISTYS RY<br \/>\n<a href=\"https:\/\/www.facebook.com\/PorinKY\/\" rel=\"noopener noreferrer\" target=\"_blank\">Facebook<\/a><\/td><td class=\"column-2\">1<\/td><td class=\"column-3\">1924<\/td><td class=\"column-4\">47<\/td>\n<\/tr>\n<tr class=\"row-25\">\n\t<td class=\"column-1\">RAISION SEUDUN VIITTOMAKIELISET RY<br \/>\n<a href=\"http:\/\/www.raisvi.com\/\" rel=\"noopener noreferrer\" target=\"_blank\">Webbsida<\/a><br \/>\n<a href=\"https:\/\/www.facebook.com\/raisionseudunviittomakieliset\/\" rel=\"noopener noreferrer\" target=\"_blank\">Facebook<\/a><br \/>\n<\/td><td class=\"column-2\">1<\/td><td class=\"column-3\">2005<\/td><td class=\"column-4\">50<\/td>\n<\/tr>\n<tr class=\"row-26\">\n\t<td class=\"column-1\">RAUMAN SEUDUN KUUROT RY<\/td><td class=\"column-2\">1<\/td><td class=\"column-3\">1941<\/td><td class=\"column-4\">25<\/td>\n<\/tr>\n<tr class=\"row-27\">\n\t<td class=\"column-1\">ROVANIEMEN VIITTOMAKIELISET RY<\/td><td class=\"column-2\">1<\/td><td class=\"column-3\">1949<\/td><td class=\"column-4\">20<\/td>\n<\/tr>\n<tr class=\"row-28\">\n\t<td class=\"column-1\">SUOMEN KUUROJEN URHEILULIITTO RY<br \/>\n<a href=\"https:\/\/www.skul.org\/\" rel=\"noopener noreferrer\" target=\"_blank\">Webbsida<\/a><br \/>\n\u200b<a href=\"https:\/\/www.facebook.com\/suomenkuurojenurheiluliitto\/\" rel=\"noopener noreferrer\" target=\"_blank\">Facebook<\/a><\/td><td class=\"column-2\">1<\/td><td class=\"column-3\">1920<\/td><td class=\"column-4\">1014<\/td>\n<\/tr>\n<tr class=\"row-29\">\n\t<td class=\"column-1\">TAMMERSIGN RY<br \/>\n<a href=\"https:\/\/www.facebook.com\/TammersignRy\" rel=\"noopener noreferrer\" target=\"_blank\">Facebook<\/a><br \/>\n<a href=\"https:\/\/tammersign.yhdistysavain.fi\/\" rel=\"noopener\" target=\"_blank\">Web<\/a><br \/>\n<a href=\"https:\/\/www.instagram.com\/tammersign\" rel=\"noopener\" target=\"_blank\">Instagram<\/a><\/td><td class=\"column-2\">1<\/td><td class=\"column-3\">2009<\/td><td class=\"column-4\">77<\/td>\n<\/tr>\n<tr class=\"row-30\">\n\t<td class=\"column-1\">TAMPEREEN VIITTOMAKIELISET RY<br \/>\n<a href=\"https:\/\/www.facebook.com\/tampereenviittomakieliset\/\" rel=\"noopener noreferrer\" target=\"_blank\">Facebook<\/a><br \/>\n<a href=\"https:\/\/tampereenviittomakieliset.yhdistysavain.fi\/\">Verkkosivut<\/a><\/td><td class=\"column-2\">1<\/td><td class=\"column-3\">1898<\/td><td class=\"column-4\">92<\/td>\n<\/tr>\n<tr class=\"row-31\">\n\t<td class=\"column-1\">TURUN KUUROJEN YHDISTYS RY - \u00c5BO D\u00d6VAS F\u00d6RENING RF<br \/>\n<a href=\"https:\/\/www.turkudeaf.fi\/\" rel=\"noopener noreferrer\" target=\"_blank\">Webbsida<\/a><br \/>\n<a href=\"https:\/\/www.facebook.com\/turun.kuurojenyhdistys\" rel=\"noopener noreferrer\" target=\"_blank\">Facebook<\/a><\/td><td class=\"column-2\">1<\/td><td class=\"column-3\">1886<\/td><td class=\"column-4\">260<\/td>\n<\/tr>\n<tr class=\"row-32\">\n\t<td class=\"column-1\">UUDENKAUPUNGIN SEUDUN KUUROT RY<\/td><td class=\"column-2\">1<\/td><td class=\"column-3\">1949<\/td><td class=\"column-4\">28<\/td>\n<\/tr>\n<tr class=\"row-33\">\n\t<td class=\"column-1\">VAASAN KUUROJEN YHDISTYS RY - VASA D\u00d6VAS F\u00d6RENING RF<br \/>\n<a href=\"https:\/\/www.facebook.com\/Vaasan-Kuurojen-Yhdistys-ry-Vasa-D%C3%B6vas-F%C3%B6rening-rf-414402342019521\/\" rel=\"noopener noreferrer\" target=\"_blank\">Facebook<\/a><\/td><td class=\"column-2\">1<\/td><td class=\"column-3\">1897<\/td><td class=\"column-4\">55<\/td>\n<\/tr>\n<tr class=\"row-34\">\n\t<td class=\"column-1\">VANTAAN KUUROT - VANDA D\u00d6VA RY<br \/>\n<a href=\"https:\/\/www.facebook.com\/groups\/vantaankuurot\/\" rel=\"noopener noreferrer\" target=\"_blank\">Facebook<\/a><\/td><td class=\"column-2\">1<\/td><td class=\"column-3\">1979<\/td><td class=\"column-4\">108<\/td>\n<\/tr>\n<tr class=\"row-35\">\n\t<td class=\"column-1\">VIITO! RY<br \/>\n<a href=\"https:\/\/viito.wordpress.com\/\" rel=\"noopener noreferrer\" target=\"_blank\">Webbsida<\/a><br \/>\n<a href=\"https:\/\/www.facebook.com\/viitoviitory\/\" rel=\"noopener noreferrer\" target=\"_blank\">Facebook<\/a><\/td><td class=\"column-2\">1<\/td><td class=\"column-3\">2005<\/td><td class=\"column-4\">58<\/td>\n<\/tr>\n<tr class=\"row-36\">\n\t<td class=\"column-1\">VIITTOVAT PERHEET RY<br \/>\n<a href=\"https:\/\/www.facebook.com\/groups\/714124198630314\/\" rel=\"noopener noreferrer\" target=\"_blank\">Facebook<\/a><\/td><td class=\"column-2\">1<\/td><td class=\"column-3\">2004<\/td><td class=\"column-4\">51<\/td>\n<\/tr>\n<tr class=\"row-37\">\n\t<td class=\"column-1\">WOIKKIKSEN VIITTOMAKIELISET RY<br \/>\n<a href=\"https:\/\/www.facebook.com\/groups\/68439541755\/\" rel=\"noopener noreferrer\" target=\"_blank\">Facebook<\/a><\/td><td class=\"column-2\">1<\/td><td class=\"column-3\">2004<\/td><td class=\"column-4\">18<\/td>\n<\/tr>\n<\/tbody>\n<tfoot>\n<tr class=\"row-38\">\n\t<th class=\"column-1\">F\u00d6RENINGAR TOTALT<\/th><th class=\"column-2\">36<\/th><th class=\"column-3\">MEDLEMMAR<\/th><td class=\"column-4\"><\/td>\n<\/tr>\n<\/tfoot>\n<\/table>\n<!-- #tablepress-10 from cache -->\n        <\/div>\n            \n    <\/div>\n\n<\/section>\n","protected":false},"excerpt":{"rendered":"<p>FINLANDS D\u00d6VAS F\u00d6RBUND RF:S MEDLEMSF\u00d6RENINGAR 2026GRUNDADMEDLEMSANTAL CODA-YHDISTYS RY <a href=\"http:\/\/www.coda.fi\/\" rel=\"noopener noreferrer\" target=\"_blank\">Webbsida<\/a> 11996146 BORG\u00c5 NEJDENS D\u00d6VA &#8211; PORVOON SEUDUN KUUROT RY 1198239 ESPOON VIITTOMAKIELISET RY <a href=\"https:\/\/www.facebook.com\/espoon.ry\" rel=\"noopener noreferrer\" target=\"_blank\">Facebook<\/a> 1197493 ETEL\u00c4-KARJALAN KUUROT RY <a href=\"https:\/\/www.facebook.com\/ekkuurot\/\" rel=\"noopener noreferrer\" target=\"_blank\">Facebook<\/a> 1190854 ETEL\u00c4-POHJANMAAN VIITTOVAT RY <a href=\"https:\/\/www.facebook.com\/seinajoenseudun.kuurotry\" rel=\"noopener noreferrer\" target=\"_blank\">Facebook<\/a> 1192964 FINLANDSSVENSKA TECKENSPR\u00c5KIGA RF <a href=\"http:\/\/www.dova.fi\" rel=\"noopener noreferrer\" target=\"_blank\">Webbsida<\/a> <a href=\"https:\/\/www.facebook.com\/fstdova\/\" rel=\"noopener noreferrer\" target=\"_blank\">Facebook<\/a> 12002152 HELSINGIN&#8230;<\/p>\n","protected":false},"author":6,"featured_media":0,"parent":0,"menu_order":0,"comment_status":"closed","ping_status":"closed","template":"","meta":{"footnotes":""},"class_list":["post-1062","page","type-page","status-publish","hentry","px-4 sm:px-4 md:px-8 lg:px-12 xl:px-24"],"acf":[],"yoast_head":"<!-- This site is optimized with the Yoast SEO plugin v27.3 - https:\/\/yoast.com\/product\/yoast-seo-wordpress\/ -->\n<title>Medlemsf\u00f6reningar - Yhdistyshuone<\/title>\n<meta name=\"robots\" content=\"index, follow, max-snippet:-1, max-image-preview:large, max-video-preview:-1\" \/>\n<link rel=\"canonical\" href=\"https:\/\/kuurojenliitto.fi\/yhdistyshuone\/sv\/medlemsforeningar\/\" \/>\n<meta property=\"og:locale\" content=\"fi_FI\" \/>\n<meta property=\"og:type\" content=\"article\" \/>\n<meta property=\"og:title\" content=\"Medlemsf\u00f6reningar - Yhdistyshuone\" \/>\n<meta property=\"og:description\" content=\"FINLANDS D\u00d6VAS F\u00d6RBUND RF:S MEDLEMSF\u00d6RENINGAR 2026GRUNDADMEDLEMSANTAL CODA-YHDISTYS RY Webbsida 11996146 BORG\u00c5 NEJDENS D\u00d6VA - PORVOON SEUDUN KUUROT RY 1198239 ESPOON VIITTOMAKIELISET RY Facebook 1197493 ETEL\u00c4-KARJALAN KUUROT RY Facebook 1190854 ETEL\u00c4-POHJANMAAN VIITTOVAT RY Facebook 1192964 FINLANDSSVENSKA TECKENSPR\u00c5KIGA RF Webbsida Facebook 12002152 HELSINGIN...\" \/>\n<meta property=\"og:url\" content=\"https:\/\/kuurojenliitto.fi\/yhdistyshuone\/sv\/medlemsforeningar\/\" \/>\n<meta property=\"og:site_name\" content=\"Yhdistyshuone\" \/>\n<meta property=\"article:modified_time\" content=\"2023-04-28T12:36:48+00:00\" \/>\n<meta name=\"twitter:card\" content=\"summary_large_image\" \/>\n<script type=\"application\/ld+json\" class=\"yoast-schema-graph\">{\"@context\":\"https:\\\/\\\/schema.org\",\"@graph\":[{\"@type\":\"WebPage\",\"@id\":\"https:\\\/\\\/kuurojenliitto.fi\\\/yhdistyshuone\\\/sv\\\/medlemsforeningar\\\/\",\"url\":\"https:\\\/\\\/kuurojenliitto.fi\\\/yhdistyshuone\\\/sv\\\/medlemsforeningar\\\/\",\"name\":\"Medlemsf\u00f6reningar - Yhdistyshuone\",\"isPartOf\":{\"@id\":\"https:\\\/\\\/kuurojenliitto.fi\\\/yhdistyshuone\\\/#website\"},\"datePublished\":\"2020-02-25T10:40:57+00:00\",\"dateModified\":\"2023-04-28T12:36:48+00:00\",\"breadcrumb\":{\"@id\":\"https:\\\/\\\/kuurojenliitto.fi\\\/yhdistyshuone\\\/sv\\\/medlemsforeningar\\\/#breadcrumb\"},\"inLanguage\":\"fi\",\"potentialAction\":[{\"@type\":\"ReadAction\",\"target\":[\"https:\\\/\\\/kuurojenliitto.fi\\\/yhdistyshuone\\\/sv\\\/medlemsforeningar\\\/\"]}]},{\"@type\":\"BreadcrumbList\",\"@id\":\"https:\\\/\\\/kuurojenliitto.fi\\\/yhdistyshuone\\\/sv\\\/medlemsforeningar\\\/#breadcrumb\",\"itemListElement\":[{\"@type\":\"ListItem\",\"position\":1,\"name\":\"Ing\u00e5ngssida\",\"item\":\"https:\\\/\\\/kuurojenliitto.fi\\\/yhdistyshuone\\\/\"},{\"@type\":\"ListItem\",\"position\":2,\"name\":\"Medlemsf\u00f6reningar\"}]},{\"@type\":\"WebSite\",\"@id\":\"https:\\\/\\\/kuurojenliitto.fi\\\/yhdistyshuone\\\/#website\",\"url\":\"https:\\\/\\\/kuurojenliitto.fi\\\/yhdistyshuone\\\/\",\"name\":\"Yhdistyshuone\",\"description\":\"Uusi Kuurojen Liitto-sivustot -sivusto\",\"potentialAction\":[{\"@type\":\"SearchAction\",\"target\":{\"@type\":\"EntryPoint\",\"urlTemplate\":\"https:\\\/\\\/kuurojenliitto.fi\\\/yhdistyshuone\\\/?s={search_term_string}\"},\"query-input\":{\"@type\":\"PropertyValueSpecification\",\"valueRequired\":true,\"valueName\":\"search_term_string\"}}],\"inLanguage\":\"fi\"}]}<\/script>\n<!-- \/ Yoast SEO plugin. -->","yoast_head_json":{"title":"Medlemsf\u00f6reningar - Yhdistyshuone","robots":{"index":"index","follow":"follow","max-snippet":"max-snippet:-1","max-image-preview":"max-image-preview:large","max-video-preview":"max-video-preview:-1"},"canonical":"https:\/\/kuurojenliitto.fi\/yhdistyshuone\/sv\/medlemsforeningar\/","og_locale":"fi_FI","og_type":"article","og_title":"Medlemsf\u00f6reningar - Yhdistyshuone","og_description":"FINLANDS D\u00d6VAS F\u00d6RBUND RF:S MEDLEMSF\u00d6RENINGAR 2026GRUNDADMEDLEMSANTAL CODA-YHDISTYS RY Webbsida 11996146 BORG\u00c5 NEJDENS D\u00d6VA - PORVOON SEUDUN KUUROT RY 1198239 ESPOON VIITTOMAKIELISET RY Facebook 1197493 ETEL\u00c4-KARJALAN KUUROT RY Facebook 1190854 ETEL\u00c4-POHJANMAAN VIITTOVAT RY Facebook 1192964 FINLANDSSVENSKA TECKENSPR\u00c5KIGA RF Webbsida Facebook 12002152 HELSINGIN...","og_url":"https:\/\/kuurojenliitto.fi\/yhdistyshuone\/sv\/medlemsforeningar\/","og_site_name":"Yhdistyshuone","article_modified_time":"2023-04-28T12:36:48+00:00","twitter_card":"summary_large_image","schema":{"@context":"https:\/\/schema.org","@graph":[{"@type":"WebPage","@id":"https:\/\/kuurojenliitto.fi\/yhdistyshuone\/sv\/medlemsforeningar\/","url":"https:\/\/kuurojenliitto.fi\/yhdistyshuone\/sv\/medlemsforeningar\/","name":"Medlemsf\u00f6reningar - Yhdistyshuone","isPartOf":{"@id":"https:\/\/kuurojenliitto.fi\/yhdistyshuone\/#website"},"datePublished":"2020-02-25T10:40:57+00:00","dateModified":"2023-04-28T12:36:48+00:00","breadcrumb":{"@id":"https:\/\/kuurojenliitto.fi\/yhdistyshuone\/sv\/medlemsforeningar\/#breadcrumb"},"inLanguage":"fi","potentialAction":[{"@type":"ReadAction","target":["https:\/\/kuurojenliitto.fi\/yhdistyshuone\/sv\/medlemsforeningar\/"]}]},{"@type":"BreadcrumbList","@id":"https:\/\/kuurojenliitto.fi\/yhdistyshuone\/sv\/medlemsforeningar\/#breadcrumb","itemListElement":[{"@type":"ListItem","position":1,"name":"Ing\u00e5ngssida","item":"https:\/\/kuurojenliitto.fi\/yhdistyshuone\/"},{"@type":"ListItem","position":2,"name":"Medlemsf\u00f6reningar"}]},{"@type":"WebSite","@id":"https:\/\/kuurojenliitto.fi\/yhdistyshuone\/#website","url":"https:\/\/kuurojenliitto.fi\/yhdistyshuone\/","name":"Yhdistyshuone","description":"Uusi Kuurojen Liitto-sivustot -sivusto","potentialAction":[{"@type":"SearchAction","target":{"@type":"EntryPoint","urlTemplate":"https:\/\/kuurojenliitto.fi\/yhdistyshuone\/?s={search_term_string}"},"query-input":{"@type":"PropertyValueSpecification","valueRequired":true,"valueName":"search_term_string"}}],"inLanguage":"fi"}]}},"lang":"sv","translations":{"sv":1062,"fi":27},"pll_sync_post":[],"_links":{"self":[{"href":"https:\/\/kuurojenliitto.fi\/yhdistyshuone\/wp-json\/wp\/v2\/pages\/1062","targetHints":{"allow":["GET"]}}],"collection":[{"href":"https:\/\/kuurojenliitto.fi\/yhdistyshuone\/wp-json\/wp\/v2\/pages"}],"about":[{"href":"https:\/\/kuurojenliitto.fi\/yhdistyshuone\/wp-json\/wp\/v2\/types\/page"}],"author":[{"embeddable":true,"href":"https:\/\/kuurojenliitto.fi\/yhdistyshuone\/wp-json\/wp\/v2\/users\/6"}],"replies":[{"embeddable":true,"href":"https:\/\/kuurojenliitto.fi\/yhdistyshuone\/wp-json\/wp\/v2\/comments?post=1062"}],"version-history":[{"count":6,"href":"https:\/\/kuurojenliitto.fi\/yhdistyshuone\/wp-json\/wp\/v2\/pages\/1062\/revisions"}],"predecessor-version":[{"id":5521,"href":"https:\/\/kuurojenliitto.fi\/yhdistyshuone\/wp-json\/wp\/v2\/pages\/1062\/revisions\/5521"}],"wp:attachment":[{"href":"https:\/\/kuurojenliitto.fi\/yhdistyshuone\/wp-json\/wp\/v2\/media?parent=1062"}],"curies":[{"name":"wp","href":"https:\/\/api.w.org\/{rel}","templated":true}]}}