{"id":5,"date":"2019-11-21T13:13:20","date_gmt":"2019-11-21T11:13:20","guid":{"rendered":"https:\/\/kuurojenliitto.fi\/kulttuuripaivat2020\/?page_id=5"},"modified":"2026-03-31T13:59:46","modified_gmt":"2026-03-31T10:59:46","slug":"kulttuuripaivat","status":"publish","type":"page","link":"https:\/\/kuurojenliitto.fi\/kulttuuripaivat\/","title":{"rendered":"Kulttuurip\u00e4iv\u00e4t 2026"},"content":{"rendered":"\n<section id=\"column-block_3727adec2b155cc0e2bbff6c3c89ea8c\" class=\"px-4 sm:px-4 md:px-8 lg:px-12 xl:px-24 section-default \">\n\n            <div class=\"relative py-4 gridder\">\n                        <div id=\"stickier\" class=\"b z-10 flex flex-row flex-wrap  mb-6 top-0 relative\">\n\n          <div class=\"x-tabs w-full\" x-data=\"{ activeTab: 0 }\">\n                    <div :class=\"{ 'hidden': activeTab !== 0 }\" tabindex=\"0\" role=\"tabpanel\" id=\"tab-0\" aria-labelledby=\"label-0\" class=\"bg-white\">\n                            \n    <figure class=\"relative\">\n      <img decoding=\"async\" src=\"https:\/\/kuurojenliitto.fi\/kulttuuripaivat\/wp-content\/uploads\/sites\/9\/2026\/03\/KP2026-1280x720.jpg\" alt=\"\"\"\">\n    <\/figure>\n                                        <\/div>\n                                <\/div>\n\n                              <\/div>\n        \n          <div class=\"content entry-content bg-white p-8 lg:pr-20 a lg:mr-12 mb-3 shadow-xl hover:shadow-2xl\">\n            <h2>Ohoi!<\/h2>\n<p>Seuraavat Kuurojen valtakunnalliset kulttuurip\u00e4iv\u00e4t ovat tulossa \u2013 ja luvassa on unohtumaton el\u00e4mys koko yhteis\u00f6lle! Suomen tunnetuin ja suurin viittomakielinen kulttuuritapahtuma toteutetaan t\u00e4ll\u00e4 kertaa poikkeuksellisessa ymp\u00e4rist\u00f6ss\u00e4, risteilylaivalla joka seilaa<strong> 22.\u201324. toukokuuta<\/strong> reitill\u00e4 <strong>Helsinki-Tukholma-Helsinki<\/strong>.<\/p>\n<p>Kulttuurip\u00e4iv\u00e4t j\u00e4rjestet\u00e4\u00e4n nyt jo 33. kerran, ja tapahtuma tuotetaan yhteisty\u00f6ss\u00e4 Jyv\u00e4skyl\u00e4n Kuurojen Yhdistyksen kanssa.<\/p>\n<p>Kulttuurip\u00e4iv\u00e4t on avoin ja ik\u00e4rajaton: kaikenik\u00e4iset kuurot, huonokuuloiset ja kuulevat ovat l\u00e4mpim\u00e4sti tervetulleita kokemaan ja nauttimaan viittomakielisen kulttuurin rikkaudesta. Kulttuurip\u00e4iv\u00e4t toimii kilpailuohjelmien lis\u00e4ksi t\u00e4rke\u00e4n\u00e4 kohtaamispaikkana j\u00e4rjest\u00f6ille ja eri alan toimijoille \u2013 foorumina, jossa verkostoidutaan ja keskustellaan ajankohtaisista teemoista.<\/p>\n<p>Risteily tarjoaa esteett\u00f6m\u00e4t puitteet, varmista paikkasi ajoissa ja varaa matkapaketti pian.<\/p>\n<p>L\u00e4hde viett\u00e4m\u00e4\u00e4n unohtumaton viikonloppu It\u00e4merell\u00e4 t\u00e4ynn\u00e4 viittomakielist\u00e4 taidetta, yhteis\u00f6llisyytt\u00e4, herkullista ruokaa, keskusteluja, toimintaa ja merellisi\u00e4 el\u00e4myksi\u00e4!<\/p>\n                      <\/div>\n\n                      <aside class=\"c\">\n              \n                            <div class=\"border-l-4 border-color pl-4 mb-8\">\n\n                                  <h3 class=\"heading-lg text-2xl mb-2\">Osta laivalippusi t\u00e4\u00e4lt\u00e4:<\/h3>\n                \n                \n                                  <nav class=\"flex flex-col mt-4\">\n                    \n                      \n                                              <a class=\"border-t border-gray-200 text-gray-100 py-2\"\n                           href=\"http:\/\/www.pohjolanmatka.fi\/kulttuuripaivat-2026\"\n                           target=\"_self\"><i\n                            class=\"fal fa-angle-right fa-fw\"><\/i> Pohjolan Matkan myyntisivu                        <\/a>\n                      \n                    \n                      \n                                              <a class=\"border-t border-gray-200 text-gray-100 py-2\"\n                           href=\"https:\/\/pohjolanmatka.fi\/varaa\/#!\/kuurojen-valtakunnalliset-kulttuuripaivat-merella-3-pv\/departure\/ORTUKL\/2026-05-22\/2026-05-24\/2\/0\/0\/0\"\n                           target=\"_self\"><i\n                            class=\"fal fa-angle-right fa-fw\"><\/i> Varaa matka (pohjolanmatka.fi)                        <\/a>\n                      \n                                      <\/nav>\n                \n                              <\/div>\n              \n              \n            <\/aside>\n          \n\n      <\/div>\n    \n  \n<\/section>\n\n\n\n\n<section id=\"column-block_8301371b56fa69515325926b642e4dea\" class=\"section-default pt-0 pb-8 px-4 sm:px-4 md:px-8 lg:px-12 xl:px-24 bg-gray-100 big-card\">\n\n  \n  <div class=\"flex-row -mx-4\">\n\n    <article class=\"p-4 relative w-full\">\n      <div class=\"bg-white shadow-xl hover:shadow-2xl flex flex-col md:flex-row\">\n        <div class=\"big-card-image md:w-1\/2 flex\">\n              <img decoding=\"async\" src=\"https:\/\/kuurojenliitto.fi\/kulttuuripaivat\/wp-content\/uploads\/sites\/9\/2026\/03\/KP2026-kilpailut-1280x720.jpg\" class=\"object-cover\">\n        <\/div>\n        <div class=\"md:w-1\/2 px-8 py-4\">\n                      <h3 class=\"mt-4 text-2xl leading-tight heading-lg\">Kilpailut<\/h3>\n                    <hr class=\"border-b-4 border-color w-24 my-5 mr-auto\"\/>\n                      <p>Tahdotko esiinty\u00e4 lavalla? Oletko taitava k\u00e4sist\u00e4si? Vai ovatko tietokilpailut vahvuutesi? Ilmoittaudu kilpailemaan kulttuurip\u00e4ivill\u00e4! Ilmoittautuminen p\u00e4\u00e4ttyy 30.4.<\/p>\n                    \n                          <nav class=\"flex flex-col mt-4\">\n              \n                \n                                    <a class=\"flex flex-row items-center mb-2 leading-none heading-sm mt-6\" href=\"https:\/\/kuurojenliitto.fi\/kulttuuripaivat\/kilpailut\/\" target=\"_self\"><span class=\"w-8 h-8 bg-dark text-white p-2 mr-2 text-center font-medium rounded-full uppercase\"><i class=\"far fa-angle-right\"><\/i><\/span>Lis\u00e4tiedot ja ilmoittautuminen kilpailuihin<\/a>\n                                                \n                            <\/nav>\n                              <\/div>\n      <\/div>\n    <\/article>\n  <\/div>\n\n  \n<\/section>\n\n\n\n\n<section id=\"column-block_3fe61c359c4057030f3d655c69bb45a9\" class=\"section-default pt-8 pb-4  px-4 sm:px-4 lg:px-12 xl:px-24 bg-custom-700 text-white title\">\n\n  \n    <h1 class=\"leading-tight text-white  text-2xl sm:text-3xl lg:text-4xl\">Usein kysytyt kysymykset<\/h1>\n\n  \n\n<\/section>\n\n\n\n\n<section id=\"column-block_43a1d15da141946d59a4bd86a9ad2331\" class=\"section-default pt-0 pb-8 px-4 sm:px-4 md:px-8 lg:px-12 xl:px-24 bg-custom-700 big-card\">\n\n  \n  <div class=\"flex-row -mx-4\">\n\n    <article class=\"p-4 relative w-full\">\n      <div class=\"bg-white shadow-xl hover:shadow-2xl flex flex-col md:flex-row\">\n        <div class=\"big-card-image md:w-1\/2 flex\">\n                                                                              <article class=\"w-full p-4 relative youtube-iframe\">\n                        <div class=\"bg-white\">\n                            <figure class=\"relative w-full responsive-iframe\">\n                              <iframe loading=\"lazy\" title=\"Kulttuurip\u00e4iv\u00e4t 2026 - Usein Kysytyt Kysymykset - osa 1\" width=\"219\" height=\"389\" src=\"https:\/\/www.youtube.com\/embed\/5X-MLUhUL6U?feature=oembed\" frameborder=\"0\" allow=\"accelerometer; autoplay; clipboard-write; encrypted-media; gyroscope; picture-in-picture; web-share\" referrerpolicy=\"strict-origin-when-cross-origin\" allowfullscreen><\/iframe>                            <\/figure>\n                                                        <div class=\"flex flex-row flex-wrap px-4\">\n                                                              <div class=\"w-1\/2 md:w-1\/4\">\n                                  <i class=\"far fa-clock mr-1 text-gray-500\" aria-hidden=\"true\"><\/i>\n                                  <span class=\"sr-only\">Kesto: <\/span>01:38                                <\/div>\n                                                                                                                      <\/div>\n                            \n                                \n                        <\/div>\n                    <\/article>\n                                            <\/div>\n        <div class=\"md:w-1\/2 px-8 py-4\">\n                      <h3 class=\"mt-4 text-2xl leading-tight heading-lg\">UKK  |  Osa 1<\/h3>\n                    <hr class=\"border-b-4 border-color w-24 my-5 mr-auto\"\/>\n                      <p><strong>Matkavaraussivulla lukee &#8221;polttoainemaksu&#8221;, mik\u00e4 se on?<\/strong><br \/>\nRisteilylaivan polttoainemaksu on lis\u00e4maksu, jolla katetaan polttoaineen hinnan vaihteluista aiheutuvia kustannuksia. T\u00e4m\u00e4 on ollut normaali k\u00e4yt\u00e4nt\u00f6 risteilylaivoissa muutaman vuoden ajan.<\/p>\n<p><strong>Perheess\u00e4mme on enemm\u00e4n kuin 4 henke\u00e4, miten majoitumme?<\/strong><br \/>\nSilja Symphonysta l\u00f6ytyy isompia hyttej\u00e4, esimerkiksi iso 5-6 hengen perhehytti. Hyttikyselyt s\u00e4hk\u00f6postilla Pohjolan Matka -matkatoimistolta: myynti@pohjolanmatka.fi<\/p>\n<p><strong>Mik\u00e4 on halvin hinta hytille?<\/strong><br \/>\nHalvin mahdollinen hytti on C-luokan hytti jos mukana 4 matkustajaa samassa hytiss\u00e4, hinta on 66,75\u20ac\/hl\u00f6.<\/p>\n                            <\/div>\n      <\/div>\n    <\/article>\n  <\/div>\n\n  \n<\/section>\n\n\n\n\n<section id=\"column-block_ea05b17bf0aa3134379ad60db83c748a\" class=\"section-default pt-8 pb-4  px-4 sm:px-4 lg:px-12 xl:px-24 bg-white text-gray-900 title\">\n\n  \n    <div class=\"md:flex md:flex-row items-center\">\n\n      <div class=\"w-full md:w-2\/3\">\n        <h1 class=\"leading-tight heading-lg text-2xl sm:text-3xl lg:text-4xl\">Kulttuurip\u00e4iv\u00e4uutisia<\/h1>\n      <\/div>\n\n      <div class=\"w-full md:w-1\/3 md:text-right\">\n              <\/div>\n\n    <\/div>\n\n  \n\n<\/section>\n\n\n<section id=\"column-block_8a1c2f1134e7a4335cedcaf737ce5b5a\" class=\"section- pt-0 pb-0  px-4 sm:px-4 lg:px-12 xl:px-24 bg-white text-gray-900 title\">\n<div class=\"flex flex-wrap flex-row -mx-4\">\n    <div class=\"w-full md:w-1\/4 p-4 relative theme-blue\">\n  <div class=\"bg-white shadow-xl hover:shadow-2xl h-full  card-blue\">\n      <figure class=\"relative imageratio\">\n                    \t                <img decoding=\"async\" alt=\"\" src=\"https:\/\/kuurojenliitto.fi\/kulttuuripaivat\/wp-content\/uploads\/2024\/05\/web-0843-1280x720.jpg\" class=\"object-cover\">\n                              <span class=\"bg-dark py-1 px-2 ml-2 absolute bottom-0 text-sm text-white\">\n            Uutiset | 11.05.2024          <\/span>\n              <\/figure>\n      <div class=\"w-full py-3 px-4 \">\n          <header class=\"entry-header\">\n              <h2 class=\"entry-title leading-tight heading-lg text-lg\"><a href=\"https:\/\/kuurojenliitto.fi\/?p=47615\" rel=\"bookmark\">Kulttuurip\u00e4iv\u00e4t 2024 kilpailusarjojen tulokset<\/a><\/h2>\n          <\/header>\n          <div class=\"entry-content mt-3 hidden\">\n              <p class=\"text-base text-gray-900\">Kulttuurip\u00e4iv\u00e4t kokosi noin tuhat kulttuurin yst\u00e4v\u00e4\u00e4, vapaaehtoista ja ty\u00f6ntekij\u00e4\u00e4 Tanssin taloon Helsinkiin.<\/p>\n          <\/div><!-- .entry-content -->\n      <\/div>\n  <\/div>\n<\/div>\n<div class=\"w-full md:w-1\/4 p-4 relative theme-blue\">\n  <div class=\"bg-white shadow-xl hover:shadow-2xl h-full  card-blue\">\n      <figure class=\"relative imageratio\">\n                        <img decoding=\"async\" alt=\"\" src=\"https:\/\/img.youtube.com\/vi\/Qzx007QuwJI\/mqdefault.jpg\" class=\"object-cover\">\n                              <span class=\"bg-dark py-1 px-2 ml-2 absolute bottom-0 text-sm text-white\">\n            Uutiset | 17.05.2024          <\/span>\n              <\/figure>\n      <div class=\"w-full py-3 px-4 \">\n          <header class=\"entry-header\">\n              <h2 class=\"entry-title leading-tight heading-lg text-lg\"><a href=\"https:\/\/kuurojenliitto.fi\/?p=47779\" rel=\"bookmark\">Kulttuurip\u00e4ivill\u00e4 2024 viittomakielinen kulttuuri kukoisti<\/a><\/h2>\n          <\/header>\n          <div class=\"entry-content mt-3 hidden\">\n              <p class=\"text-base text-gray-900\">Valtakunnallisia kuurojen kulttuurip\u00e4ivi\u00e4 vietettiin 10.-12.5.2024 Helsingiss\u00e4. Viittomakielist\u00e4 kulttuuria oli el\u00e4m\u00e4ss\u00e4 ja hengitt\u00e4m\u00e4ss\u00e4 tuhatp\u00e4inen yleis\u00f6.<\/p>\n          <\/div><!-- .entry-content -->\n      <\/div>\n  <\/div>\n<\/div>\n<div class=\"w-full md:w-1\/4 p-4 relative theme-blue\">\n  <div class=\"bg-white shadow-xl hover:shadow-2xl h-full  card-blue\">\n      <figure class=\"relative imageratio\">\n                        <img decoding=\"async\" alt=\"\" src=\"https:\/\/img.youtube.com\/vi\/FNvL6_FQIbs\/mqdefault.jpg\" class=\"object-cover\">\n                              <span class=\"bg-dark py-1 px-2 ml-2 absolute bottom-0 text-sm text-white\">\n            Uutiset | 19.12.2025          <\/span>\n              <\/figure>\n      <div class=\"w-full py-3 px-4 \">\n          <header class=\"entry-header\">\n              <h2 class=\"entry-title leading-tight heading-lg text-lg\"><a href=\"https:\/\/kuurojenliitto.fi\/?p=58210\" rel=\"bookmark\">33. Kuurojen valtakunnalliset kulttuurip\u00e4iv\u00e4t merell\u00e4 22.-24.5.2026<\/a><\/h2>\n          <\/header>\n          <div class=\"entry-content mt-3 hidden\">\n              <p class=\"text-base text-gray-900\"> <\/p>\n          <\/div><!-- .entry-content -->\n      <\/div>\n  <\/div>\n<\/div>\n<\/div>\n<div class=\"flex flex-wrap flex-row -mx-4\">\n    <\/div>\n<\/section>\n\n\n\n<p><\/p>\n","protected":false},"excerpt":{"rendered":"<p>Ohoi! Seuraavat Kuurojen valtakunnalliset kulttuurip\u00e4iv\u00e4t ovat tulossa \u2013 ja luvassa on unohtumaton el\u00e4mys koko yhteis\u00f6lle! Suomen tunnetuin ja suurin viittomakielinen kulttuuritapahtuma toteutetaan t\u00e4ll\u00e4 kertaa poikkeuksellisessa ymp\u00e4rist\u00f6ss\u00e4, risteilylaivalla joka seilaa 22.\u201324. toukokuuta reitill\u00e4 Helsinki-Tukholma-Helsinki. Kulttuurip\u00e4iv\u00e4t j\u00e4rjestet\u00e4\u00e4n&#8230;<\/p>\n","protected":false},"author":2,"featured_media":1263,"parent":0,"menu_order":0,"comment_status":"closed","ping_status":"closed","template":"","meta":{"footnotes":""},"class_list":["post-5","page","type-page","status-publish","has-post-thumbnail","hentry","px-4 sm:px-4 md:px-8 lg:px-12 xl:px-24"],"acf":[],"yoast_head":"<!-- This site is optimized with the Yoast SEO plugin v27.3 - https:\/\/yoast.com\/product\/yoast-seo-wordpress\/ -->\n<title>Kulttuurip\u00e4iv\u00e4t 2026 - Kulttuurip\u00e4iv\u00e4t<\/title>\n<meta name=\"robots\" content=\"index, follow, max-snippet:-1, max-image-preview:large, max-video-preview:-1\" \/>\n<link rel=\"canonical\" href=\"https:\/\/kuurojenliitto.fi\/kulttuuripaivat\/\" \/>\n<meta property=\"og:locale\" content=\"fi_FI\" \/>\n<meta property=\"og:type\" content=\"article\" \/>\n<meta property=\"og:title\" content=\"Kulttuurip\u00e4iv\u00e4t 2026 - Kulttuurip\u00e4iv\u00e4t\" \/>\n<meta property=\"og:description\" content=\"Ohoi! Seuraavat Kuurojen valtakunnalliset kulttuurip\u00e4iv\u00e4t ovat tulossa \u2013 ja luvassa on unohtumaton el\u00e4mys koko yhteis\u00f6lle! Suomen tunnetuin ja suurin viittomakielinen kulttuuritapahtuma toteutetaan t\u00e4ll\u00e4 kertaa poikkeuksellisessa ymp\u00e4rist\u00f6ss\u00e4, risteilylaivalla joka seilaa 22.\u201324. toukokuuta reitill\u00e4 Helsinki-Tukholma-Helsinki. Kulttuurip\u00e4iv\u00e4t j\u00e4rjestet\u00e4\u00e4n...\" \/>\n<meta property=\"og:url\" content=\"https:\/\/kuurojenliitto.fi\/kulttuuripaivat\/\" \/>\n<meta property=\"og:site_name\" content=\"Kulttuurip\u00e4iv\u00e4t\" \/>\n<meta property=\"article:modified_time\" content=\"2026-03-31T10:59:46+00:00\" \/>\n<meta property=\"og:image\" content=\"https:\/\/kuurojenliitto.fi\/kulttuuripaivat\/wp-content\/uploads\/sites\/9\/2026\/03\/KP2026.jpg\" \/>\n\t<meta property=\"og:image:width\" content=\"1920\" \/>\n\t<meta property=\"og:image:height\" content=\"1080\" \/>\n\t<meta property=\"og:image:type\" content=\"image\/jpeg\" \/>\n<meta name=\"twitter:card\" content=\"summary_large_image\" \/>\n<meta name=\"twitter:label1\" content=\"Arvioitu lukuaika\" \/>\n\t<meta name=\"twitter:data1\" content=\"1 minuutti\" \/>\n<script type=\"application\/ld+json\" class=\"yoast-schema-graph\">{\"@context\":\"https:\\\/\\\/schema.org\",\"@graph\":[{\"@type\":\"WebPage\",\"@id\":\"https:\\\/\\\/kuurojenliitto.fi\\\/kulttuuripaivat\\\/\",\"url\":\"https:\\\/\\\/kuurojenliitto.fi\\\/kulttuuripaivat\\\/\",\"name\":\"Kulttuurip\u00e4iv\u00e4t 2026 - Kulttuurip\u00e4iv\u00e4t\",\"isPartOf\":{\"@id\":\"https:\\\/\\\/kuurojenliitto.fi\\\/kulttuuripaivat\\\/#website\"},\"primaryImageOfPage\":{\"@id\":\"https:\\\/\\\/kuurojenliitto.fi\\\/kulttuuripaivat\\\/#primaryimage\"},\"image\":{\"@id\":\"https:\\\/\\\/kuurojenliitto.fi\\\/kulttuuripaivat\\\/#primaryimage\"},\"thumbnailUrl\":\"https:\\\/\\\/kuurojenliitto.fi\\\/kulttuuripaivat\\\/wp-content\\\/uploads\\\/sites\\\/9\\\/2026\\\/03\\\/KP2026.jpg\",\"datePublished\":\"2019-11-21T11:13:20+00:00\",\"dateModified\":\"2026-03-31T10:59:46+00:00\",\"breadcrumb\":{\"@id\":\"https:\\\/\\\/kuurojenliitto.fi\\\/kulttuuripaivat\\\/#breadcrumb\"},\"inLanguage\":\"fi\",\"potentialAction\":[{\"@type\":\"ReadAction\",\"target\":[\"https:\\\/\\\/kuurojenliitto.fi\\\/kulttuuripaivat\\\/\"]}]},{\"@type\":\"ImageObject\",\"inLanguage\":\"fi\",\"@id\":\"https:\\\/\\\/kuurojenliitto.fi\\\/kulttuuripaivat\\\/#primaryimage\",\"url\":\"https:\\\/\\\/kuurojenliitto.fi\\\/kulttuuripaivat\\\/wp-content\\\/uploads\\\/sites\\\/9\\\/2026\\\/03\\\/KP2026.jpg\",\"contentUrl\":\"https:\\\/\\\/kuurojenliitto.fi\\\/kulttuuripaivat\\\/wp-content\\\/uploads\\\/sites\\\/9\\\/2026\\\/03\\\/KP2026.jpg\",\"width\":1920,\"height\":1080,\"caption\":\"\\\"\\\"\"},{\"@type\":\"BreadcrumbList\",\"@id\":\"https:\\\/\\\/kuurojenliitto.fi\\\/kulttuuripaivat\\\/#breadcrumb\",\"itemListElement\":[{\"@type\":\"ListItem\",\"position\":1,\"name\":\"Home\",\"item\":\"https:\\\/\\\/kuurojenliitto.fi\\\/kulttuuripaivat\\\/\"},{\"@type\":\"ListItem\",\"position\":2,\"name\":\"Kulttuurip\u00e4iv\u00e4t 2026\"}]},{\"@type\":\"WebSite\",\"@id\":\"https:\\\/\\\/kuurojenliitto.fi\\\/kulttuuripaivat\\\/#website\",\"url\":\"https:\\\/\\\/kuurojenliitto.fi\\\/kulttuuripaivat\\\/\",\"name\":\"Kulttuurip\u00e4iv\u00e4t\",\"description\":\"Uusi Kuurojen Liitto-sivustot -sivusto\",\"potentialAction\":[{\"@type\":\"SearchAction\",\"target\":{\"@type\":\"EntryPoint\",\"urlTemplate\":\"https:\\\/\\\/kuurojenliitto.fi\\\/kulttuuripaivat\\\/?s={search_term_string}\"},\"query-input\":{\"@type\":\"PropertyValueSpecification\",\"valueRequired\":true,\"valueName\":\"search_term_string\"}}],\"inLanguage\":\"fi\"}]}<\/script>\n<!-- \/ Yoast SEO plugin. -->","yoast_head_json":{"title":"Kulttuurip\u00e4iv\u00e4t 2026 - Kulttuurip\u00e4iv\u00e4t","robots":{"index":"index","follow":"follow","max-snippet":"max-snippet:-1","max-image-preview":"max-image-preview:large","max-video-preview":"max-video-preview:-1"},"canonical":"https:\/\/kuurojenliitto.fi\/kulttuuripaivat\/","og_locale":"fi_FI","og_type":"article","og_title":"Kulttuurip\u00e4iv\u00e4t 2026 - Kulttuurip\u00e4iv\u00e4t","og_description":"Ohoi! Seuraavat Kuurojen valtakunnalliset kulttuurip\u00e4iv\u00e4t ovat tulossa \u2013 ja luvassa on unohtumaton el\u00e4mys koko yhteis\u00f6lle! Suomen tunnetuin ja suurin viittomakielinen kulttuuritapahtuma toteutetaan t\u00e4ll\u00e4 kertaa poikkeuksellisessa ymp\u00e4rist\u00f6ss\u00e4, risteilylaivalla joka seilaa 22.\u201324. toukokuuta reitill\u00e4 Helsinki-Tukholma-Helsinki. Kulttuurip\u00e4iv\u00e4t j\u00e4rjestet\u00e4\u00e4n...","og_url":"https:\/\/kuurojenliitto.fi\/kulttuuripaivat\/","og_site_name":"Kulttuurip\u00e4iv\u00e4t","article_modified_time":"2026-03-31T10:59:46+00:00","og_image":[{"width":1920,"height":1080,"url":"https:\/\/kuurojenliitto.fi\/kulttuuripaivat\/wp-content\/uploads\/sites\/9\/2026\/03\/KP2026.jpg","type":"image\/jpeg"}],"twitter_card":"summary_large_image","twitter_misc":{"Arvioitu lukuaika":"1 minuutti"},"schema":{"@context":"https:\/\/schema.org","@graph":[{"@type":"WebPage","@id":"https:\/\/kuurojenliitto.fi\/kulttuuripaivat\/","url":"https:\/\/kuurojenliitto.fi\/kulttuuripaivat\/","name":"Kulttuurip\u00e4iv\u00e4t 2026 - Kulttuurip\u00e4iv\u00e4t","isPartOf":{"@id":"https:\/\/kuurojenliitto.fi\/kulttuuripaivat\/#website"},"primaryImageOfPage":{"@id":"https:\/\/kuurojenliitto.fi\/kulttuuripaivat\/#primaryimage"},"image":{"@id":"https:\/\/kuurojenliitto.fi\/kulttuuripaivat\/#primaryimage"},"thumbnailUrl":"https:\/\/kuurojenliitto.fi\/kulttuuripaivat\/wp-content\/uploads\/sites\/9\/2026\/03\/KP2026.jpg","datePublished":"2019-11-21T11:13:20+00:00","dateModified":"2026-03-31T10:59:46+00:00","breadcrumb":{"@id":"https:\/\/kuurojenliitto.fi\/kulttuuripaivat\/#breadcrumb"},"inLanguage":"fi","potentialAction":[{"@type":"ReadAction","target":["https:\/\/kuurojenliitto.fi\/kulttuuripaivat\/"]}]},{"@type":"ImageObject","inLanguage":"fi","@id":"https:\/\/kuurojenliitto.fi\/kulttuuripaivat\/#primaryimage","url":"https:\/\/kuurojenliitto.fi\/kulttuuripaivat\/wp-content\/uploads\/sites\/9\/2026\/03\/KP2026.jpg","contentUrl":"https:\/\/kuurojenliitto.fi\/kulttuuripaivat\/wp-content\/uploads\/sites\/9\/2026\/03\/KP2026.jpg","width":1920,"height":1080,"caption":"\"\""},{"@type":"BreadcrumbList","@id":"https:\/\/kuurojenliitto.fi\/kulttuuripaivat\/#breadcrumb","itemListElement":[{"@type":"ListItem","position":1,"name":"Home","item":"https:\/\/kuurojenliitto.fi\/kulttuuripaivat\/"},{"@type":"ListItem","position":2,"name":"Kulttuurip\u00e4iv\u00e4t 2026"}]},{"@type":"WebSite","@id":"https:\/\/kuurojenliitto.fi\/kulttuuripaivat\/#website","url":"https:\/\/kuurojenliitto.fi\/kulttuuripaivat\/","name":"Kulttuurip\u00e4iv\u00e4t","description":"Uusi Kuurojen Liitto-sivustot -sivusto","potentialAction":[{"@type":"SearchAction","target":{"@type":"EntryPoint","urlTemplate":"https:\/\/kuurojenliitto.fi\/kulttuuripaivat\/?s={search_term_string}"},"query-input":{"@type":"PropertyValueSpecification","valueRequired":true,"valueName":"search_term_string"}}],"inLanguage":"fi"}]}},"lang":"fi","translations":{"fi":5,"sv":910},"pll_sync_post":[],"_links":{"self":[{"href":"https:\/\/kuurojenliitto.fi\/kulttuuripaivat\/wp-json\/wp\/v2\/pages\/5","targetHints":{"allow":["GET"]}}],"collection":[{"href":"https:\/\/kuurojenliitto.fi\/kulttuuripaivat\/wp-json\/wp\/v2\/pages"}],"about":[{"href":"https:\/\/kuurojenliitto.fi\/kulttuuripaivat\/wp-json\/wp\/v2\/types\/page"}],"author":[{"embeddable":true,"href":"https:\/\/kuurojenliitto.fi\/kulttuuripaivat\/wp-json\/wp\/v2\/users\/2"}],"replies":[{"embeddable":true,"href":"https:\/\/kuurojenliitto.fi\/kulttuuripaivat\/wp-json\/wp\/v2\/comments?post=5"}],"version-history":[{"count":202,"href":"https:\/\/kuurojenliitto.fi\/kulttuuripaivat\/wp-json\/wp\/v2\/pages\/5\/revisions"}],"predecessor-version":[{"id":1491,"href":"https:\/\/kuurojenliitto.fi\/kulttuuripaivat\/wp-json\/wp\/v2\/pages\/5\/revisions\/1491"}],"wp:featuredmedia":[{"embeddable":true,"href":"https:\/\/kuurojenliitto.fi\/kulttuuripaivat\/wp-json\/wp\/v2\/media\/1263"}],"wp:attachment":[{"href":"https:\/\/kuurojenliitto.fi\/kulttuuripaivat\/wp-json\/wp\/v2\/media?parent=5"}],"curies":[{"name":"wp","href":"https:\/\/api.w.org\/{rel}","templated":true}]}}