{"id":1442,"date":"2026-03-17T11:21:07","date_gmt":"2026-03-17T09:21:07","guid":{"rendered":"https:\/\/kuurojenliitto.fi\/kulttuuripaivat\/?page_id=1442"},"modified":"2026-03-18T11:20:26","modified_gmt":"2026-03-18T09:20:26","slug":"expo","status":"publish","type":"page","link":"https:\/\/kuurojenliitto.fi\/kulttuuripaivat\/sv\/expo\/","title":{"rendered":"EXPO &#8211; utst\u00e4llare"},"content":{"rendered":"\n\n<section id=\"column-block_a08b06fe0ba6f3791680dcef6ba4cafa\" class=\"section-default ingress px-4 sm:px-4 md:px-8 lg:px-12 xl:px-24\">\n    <div class=\"flex pb-4\">\n                      <div class=\"w-full text-lg\">\n                  <p> \u00c4r du intresserad av att presentera ditt f\u00f6retag eller din organisations tj\u00e4nster? P\u00e5 kulturdagarna n\u00e5r du en bred publik! <\/p>\n        <\/div>\n            \n    <\/div>\n\n<\/section>\n\n\n\n<section id=\"column-block_04f067511673fc1ff495b86c2313417f\" class=\"px-4 sm:px-4 md:px-8 lg:px-12 xl:px-24 section-default \">\n\n            <div class=\"relative py-4 gridder\">\n                        <div id=\"stickier\" class=\"b z-10 flex flex-row flex-wrap  mb-6 top-0 relative\">\n\n          <div class=\"x-tabs w-full\" x-data=\"{ activeTab: 0 }\">\n                    <div :class=\"{ 'hidden': activeTab !== 0 }\" tabindex=\"0\" role=\"tabpanel\" id=\"tab-0\" aria-labelledby=\"label-0\" class=\"bg-white\">\n                            \n    <figure class=\"relative\">\n      <img decoding=\"async\" src=\"https:\/\/kuurojenliitto.fi\/kulttuuripaivat\/wp-content\/uploads\/sites\/9\/2026\/03\/artikkelikuva-kp2026-EXPO-1280x720.png\" alt=\"\">\n    <\/figure>\n                                        <\/div>\n                                <\/div>\n\n                              <\/div>\n        \n          <div class=\"content entry-content bg-white p-8 lg:pr-20 a lg:mr-12 mb-3 shadow-xl hover:shadow-2xl\">\n            <p>Bli utst\u00e4llare p\u00e5 kulturdagarna! Ombord p\u00e5 fartyget finns ett EXPO-omr\u00e5de p\u00e5 d\u00e4ck 6, d\u00e4r vi erbjuder presentationsbord till teckenspr\u00e5kiga f\u00f6retagare och organisationer till ett f\u00f6rm\u00e5nligt pris. Utst\u00e4llare g\u00f6r ocks\u00e5 sin resebokning och k\u00f6per sitt intr\u00e4de via Pohjolan Matka.<\/p>\n<p>Hyra av bordplats fre\u2013l\u00f6r: <strong>30 \u20ac<\/strong><\/p>\n<p>Sista anm\u00e4lningsdag: <strong>30.4.2026<\/strong><\/p>\n<p>Anm\u00e4lan som utst\u00e4llare g\u00f6rs genom att fylla i bokningsformul\u00e4ret.<\/p>\n<p>L\u00e4nk till bokningsformul\u00e4ret:<br \/>\n<a href=\"https:\/\/link.webropol.com\/ep\/kulttuuripaivat2026-expo\">https:\/\/link.webropol.com\/ep\/kulttuuripaivat2026-expo<\/a><\/p>\n                      <\/div>\n\n                      <aside class=\"c\">\n                              <div class=\"flex flex-col mt-4 mb-4\">\n                                                          <div class=\"flex flex-row bg-white shadow-xl hover:shadow-2xl h-full mb-4\">\n                                            <figure class=\"relative w-1\/4 bg-cover flex-1 bg-center\" style=\"background-image: url('https:\/\/kuurojenliitto.fi\/kulttuuripaivat\/wp-content\/uploads\/sites\/9\/2026\/03\/web-KP2024-154-1280x720.jpg');\">\n                                              <\/figure>\n\n                      <div class=\"w-3\/4 p-4\">\n                      \n                        <h2 class=\"pb-3 leading-tight heading-sm text-lg\">Anm\u00e4lan som utst\u00e4llare st\u00e4nger 30.4.<\/h2>\n                        <div><\/div>\n                                                  <a class=\"flex flex-row items-center mb-2 leading-none heading-sm mt-6\" href=\"https:\/\/link.webropol.com\/ep\/kulttuuripaivat2026-expo\" target=\"_blank\"><span class=\"w-6 h-6 bg-dark text-white px-2 py-1 mr-2 text-center font-medium rounded-full uppercase tracking-widest\">><\/span>Till anm\u00e4lningsblanketten<\/a>\n                                                                                              <\/div>\n                    <\/div>\n                                  <\/div>\n              \n              \n              \n                                  <h3 class=\"heading-lg text-2xl mb-4\">F\u00f6rfr\u00e5gningar<\/h3>\n                \n                                    <div class=\"flex flex-row-reverse flex-wrap bg-white shadow-xl hover:shadow-2xl p-4 mb-3\">\n\n    <div class=\"w-1\/4 text-right\">\n    <figure class=\"entry-image overflow-hidden\">\n      <img loading=\"lazy\" decoding=\"async\" width=\"720\" height=\"720\" src=\"https:\/\/kuurojenliitto.fi\/kulttuuripaivat\/wp-content\/uploads\/sites\/9\/2020\/03\/2019_06-Teemu-Lipasti-Sj\u00f6roos-1080-e1583480107165-720x720.jpg\" class=\"w-full object-fit\" alt=\"\" \/>    <\/figure><!-- .entry-header -->\n  <\/div>\n  <div class=\"entry-content w-3\/4 pr-4\">\n    <h3 class=\"mb-0 text-lg\">\n      <a href=\"https:\/\/kuurojenliitto.fi\/kulttuuripaivat\/sv\/henkilo\/teemu-lipasti-sjoroos\/\">Teemu Lipasti-Sj\u00f6roos<\/a>\n    <\/h3>\n    <div class=\"mb-4 mt-0\">\n              <span class=\"text-gray-900 text-sm\">\n                          Kulturproducent                      <\/span>\n                <\/div>\n    <div class=\"flex flex-col text-gray-600 mt-1 text-sm items-start\">\n              <div class=\"flex flex-row-reverse\">\n          <div class=\"ml-2 text-xs\">\n                                                  <span class=\"sr-only\">Henkil\u00f6 ei ota vastaan puheluja<\/span>\n              <i class=\"sr-hide fas fa-fw fa-phone-slash mr-1\"><\/i>\n                                      <span class=\"sr-only\">Henkil\u00f6 ottaa vastaan tekstiviestej\u00e4<\/span>\n              <i class=\"sr-hide fas fa-fw fa-sms mr-1\"><\/i>\n                                      <span class=\"sr-only\">Henkil\u00f6 ottaa vastaan WhatsApp-viestej\u00e4, videoviestej\u00e4 ja videopuheluja<\/span>\n              <i class=\"sr-hide fab fa-fw fa-whatsapp mr-1\"><\/i>\n                                  <\/div>\n          <div><span class=\"sr-only\">Puhelinnumero: <\/span><a href=\"tel:+358 50 322 4067\"> +358 50 322 4067<\/a><\/div>\n        <\/div>\n\n                    <div><span class=\"sr-only\"><\/span><a\n            href=\"mailto:teemu.lipasti-sjoroos@kuurojenliitto.fi\">teemu.lipasti-sjoroos@kuurojenliitto.fi<\/a><\/div>\n                <\/div>\n\n      <\/div><!-- .entry-content -->\n    \n<\/div>\n                              \n            <\/aside>\n          \n\n      <\/div>\n    \n  \n<\/section>\n\n\n\n<p><\/p>\n","protected":false},"excerpt":{"rendered":"<p>\u00c4r du intresserad av att presentera ditt f\u00f6retag eller din organisations tj\u00e4nster? P\u00e5 kulturdagarna n\u00e5r du en bred publik! Bli utst\u00e4llare p\u00e5 kulturdagarna! Ombord p\u00e5 fartyget finns ett EXPO-omr\u00e5de p\u00e5 d\u00e4ck 6, d\u00e4r vi erbjuder&#8230;<\/p>\n","protected":false},"author":7,"featured_media":0,"parent":0,"menu_order":0,"comment_status":"closed","ping_status":"closed","template":"","meta":{"footnotes":""},"class_list":["post-1442","page","type-page","status-publish","hentry","px-4 sm:px-4 md:px-8 lg:px-12 xl:px-24"],"acf":[],"yoast_head":"<!-- This site is optimized with the Yoast SEO plugin v27.3 - https:\/\/yoast.com\/product\/yoast-seo-wordpress\/ -->\n<title>EXPO - utst\u00e4llare - Kulttuurip\u00e4iv\u00e4t<\/title>\n<meta name=\"robots\" content=\"index, follow, max-snippet:-1, max-image-preview:large, max-video-preview:-1\" \/>\n<link rel=\"canonical\" href=\"https:\/\/kuurojenliitto.fi\/kulttuuripaivat\/sv\/expo\/\" \/>\n<meta property=\"og:locale\" content=\"fi_FI\" \/>\n<meta property=\"og:type\" content=\"article\" \/>\n<meta property=\"og:title\" content=\"EXPO - utst\u00e4llare - Kulttuurip\u00e4iv\u00e4t\" \/>\n<meta property=\"og:description\" content=\"\u00c4r du intresserad av att presentera ditt f\u00f6retag eller din organisations tj\u00e4nster? P\u00e5 kulturdagarna n\u00e5r du en bred publik! Bli utst\u00e4llare p\u00e5 kulturdagarna! Ombord p\u00e5 fartyget finns ett EXPO-omr\u00e5de p\u00e5 d\u00e4ck 6, d\u00e4r vi erbjuder...\" \/>\n<meta property=\"og:url\" content=\"https:\/\/kuurojenliitto.fi\/kulttuuripaivat\/sv\/expo\/\" \/>\n<meta property=\"og:site_name\" content=\"Kulttuurip\u00e4iv\u00e4t\" \/>\n<meta property=\"article:modified_time\" content=\"2026-03-18T09:20:26+00:00\" \/>\n<meta name=\"twitter:card\" content=\"summary_large_image\" \/>\n<script type=\"application\/ld+json\" class=\"yoast-schema-graph\">{\"@context\":\"https:\\\/\\\/schema.org\",\"@graph\":[{\"@type\":\"WebPage\",\"@id\":\"https:\\\/\\\/kuurojenliitto.fi\\\/kulttuuripaivat\\\/sv\\\/expo\\\/\",\"url\":\"https:\\\/\\\/kuurojenliitto.fi\\\/kulttuuripaivat\\\/sv\\\/expo\\\/\",\"name\":\"EXPO - utst\u00e4llare - Kulttuurip\u00e4iv\u00e4t\",\"isPartOf\":{\"@id\":\"https:\\\/\\\/kuurojenliitto.fi\\\/kulttuuripaivat\\\/#website\"},\"datePublished\":\"2026-03-17T09:21:07+00:00\",\"dateModified\":\"2026-03-18T09:20:26+00:00\",\"breadcrumb\":{\"@id\":\"https:\\\/\\\/kuurojenliitto.fi\\\/kulttuuripaivat\\\/sv\\\/expo\\\/#breadcrumb\"},\"inLanguage\":\"fi\",\"potentialAction\":[{\"@type\":\"ReadAction\",\"target\":[\"https:\\\/\\\/kuurojenliitto.fi\\\/kulttuuripaivat\\\/sv\\\/expo\\\/\"]}]},{\"@type\":\"BreadcrumbList\",\"@id\":\"https:\\\/\\\/kuurojenliitto.fi\\\/kulttuuripaivat\\\/sv\\\/expo\\\/#breadcrumb\",\"itemListElement\":[{\"@type\":\"ListItem\",\"position\":1,\"name\":\"Home\",\"item\":\"https:\\\/\\\/kuurojenliitto.fi\\\/kulttuuripaivat\\\/\"},{\"@type\":\"ListItem\",\"position\":2,\"name\":\"EXPO &#8211; utst\u00e4llare\"}]},{\"@type\":\"WebSite\",\"@id\":\"https:\\\/\\\/kuurojenliitto.fi\\\/kulttuuripaivat\\\/#website\",\"url\":\"https:\\\/\\\/kuurojenliitto.fi\\\/kulttuuripaivat\\\/\",\"name\":\"Kulttuurip\u00e4iv\u00e4t\",\"description\":\"Uusi Kuurojen Liitto-sivustot -sivusto\",\"potentialAction\":[{\"@type\":\"SearchAction\",\"target\":{\"@type\":\"EntryPoint\",\"urlTemplate\":\"https:\\\/\\\/kuurojenliitto.fi\\\/kulttuuripaivat\\\/?s={search_term_string}\"},\"query-input\":{\"@type\":\"PropertyValueSpecification\",\"valueRequired\":true,\"valueName\":\"search_term_string\"}}],\"inLanguage\":\"fi\"}]}<\/script>\n<!-- \/ Yoast SEO plugin. -->","yoast_head_json":{"title":"EXPO - utst\u00e4llare - Kulttuurip\u00e4iv\u00e4t","robots":{"index":"index","follow":"follow","max-snippet":"max-snippet:-1","max-image-preview":"max-image-preview:large","max-video-preview":"max-video-preview:-1"},"canonical":"https:\/\/kuurojenliitto.fi\/kulttuuripaivat\/sv\/expo\/","og_locale":"fi_FI","og_type":"article","og_title":"EXPO - utst\u00e4llare - Kulttuurip\u00e4iv\u00e4t","og_description":"\u00c4r du intresserad av att presentera ditt f\u00f6retag eller din organisations tj\u00e4nster? P\u00e5 kulturdagarna n\u00e5r du en bred publik! Bli utst\u00e4llare p\u00e5 kulturdagarna! Ombord p\u00e5 fartyget finns ett EXPO-omr\u00e5de p\u00e5 d\u00e4ck 6, d\u00e4r vi erbjuder...","og_url":"https:\/\/kuurojenliitto.fi\/kulttuuripaivat\/sv\/expo\/","og_site_name":"Kulttuurip\u00e4iv\u00e4t","article_modified_time":"2026-03-18T09:20:26+00:00","twitter_card":"summary_large_image","schema":{"@context":"https:\/\/schema.org","@graph":[{"@type":"WebPage","@id":"https:\/\/kuurojenliitto.fi\/kulttuuripaivat\/sv\/expo\/","url":"https:\/\/kuurojenliitto.fi\/kulttuuripaivat\/sv\/expo\/","name":"EXPO - utst\u00e4llare - Kulttuurip\u00e4iv\u00e4t","isPartOf":{"@id":"https:\/\/kuurojenliitto.fi\/kulttuuripaivat\/#website"},"datePublished":"2026-03-17T09:21:07+00:00","dateModified":"2026-03-18T09:20:26+00:00","breadcrumb":{"@id":"https:\/\/kuurojenliitto.fi\/kulttuuripaivat\/sv\/expo\/#breadcrumb"},"inLanguage":"fi","potentialAction":[{"@type":"ReadAction","target":["https:\/\/kuurojenliitto.fi\/kulttuuripaivat\/sv\/expo\/"]}]},{"@type":"BreadcrumbList","@id":"https:\/\/kuurojenliitto.fi\/kulttuuripaivat\/sv\/expo\/#breadcrumb","itemListElement":[{"@type":"ListItem","position":1,"name":"Home","item":"https:\/\/kuurojenliitto.fi\/kulttuuripaivat\/"},{"@type":"ListItem","position":2,"name":"EXPO &#8211; utst\u00e4llare"}]},{"@type":"WebSite","@id":"https:\/\/kuurojenliitto.fi\/kulttuuripaivat\/#website","url":"https:\/\/kuurojenliitto.fi\/kulttuuripaivat\/","name":"Kulttuurip\u00e4iv\u00e4t","description":"Uusi Kuurojen Liitto-sivustot -sivusto","potentialAction":[{"@type":"SearchAction","target":{"@type":"EntryPoint","urlTemplate":"https:\/\/kuurojenliitto.fi\/kulttuuripaivat\/?s={search_term_string}"},"query-input":{"@type":"PropertyValueSpecification","valueRequired":true,"valueName":"search_term_string"}}],"inLanguage":"fi"}]}},"lang":"sv","translations":{"sv":1442,"fi":1346},"pll_sync_post":[],"_links":{"self":[{"href":"https:\/\/kuurojenliitto.fi\/kulttuuripaivat\/wp-json\/wp\/v2\/pages\/1442","targetHints":{"allow":["GET"]}}],"collection":[{"href":"https:\/\/kuurojenliitto.fi\/kulttuuripaivat\/wp-json\/wp\/v2\/pages"}],"about":[{"href":"https:\/\/kuurojenliitto.fi\/kulttuuripaivat\/wp-json\/wp\/v2\/types\/page"}],"author":[{"embeddable":true,"href":"https:\/\/kuurojenliitto.fi\/kulttuuripaivat\/wp-json\/wp\/v2\/users\/7"}],"replies":[{"embeddable":true,"href":"https:\/\/kuurojenliitto.fi\/kulttuuripaivat\/wp-json\/wp\/v2\/comments?post=1442"}],"version-history":[{"count":4,"href":"https:\/\/kuurojenliitto.fi\/kulttuuripaivat\/wp-json\/wp\/v2\/pages\/1442\/revisions"}],"predecessor-version":[{"id":1465,"href":"https:\/\/kuurojenliitto.fi\/kulttuuripaivat\/wp-json\/wp\/v2\/pages\/1442\/revisions\/1465"}],"wp:attachment":[{"href":"https:\/\/kuurojenliitto.fi\/kulttuuripaivat\/wp-json\/wp\/v2\/media?parent=1442"}],"curies":[{"name":"wp","href":"https:\/\/api.w.org\/{rel}","templated":true}]}}