{"id":1409,"date":"2026-03-16T16:10:21","date_gmt":"2026-03-16T14:10:21","guid":{"rendered":"https:\/\/kuurojenliitto.fi\/kulttuuripaivat\/?page_id=1409"},"modified":"2026-03-24T17:20:52","modified_gmt":"2026-03-24T15:20:52","slug":"program","status":"publish","type":"page","link":"https:\/\/kuurojenliitto.fi\/kulttuuripaivat\/sv\/program\/","title":{"rendered":"Program"},"content":{"rendered":"\n\n<section id=\"column-block_d5a7f9a1f457c3ba86a9fc523ad3915f\" class=\"section-default ingress px-4 sm:px-4 md:px-8 lg:px-12 xl:px-24\">\n    <div class=\"flex pb-4\">\n                      <div class=\"w-full text-lg\">\n                  <p>Obs! Tiderna \u00e4r lokal tid: p\u00e5 fredag och s\u00f6ndag finsk tid, p\u00e5 l\u00f6rdag svensk tid.<\/p>\n<p>Rederiet meddelade om en mindre tidtabells\u00e4ndring f\u00f6r kryssningen Helsingfors\u2013Stockholm\u2013Helsingfors fr\u00e5n och med den 1 april:<br \/>\nDen nya avg\u00e5ngstiden fr\u00e5n Helsingfors \u00e4r kl. 16.45 i st\u00e4llet f\u00f6r tidigare kl. 17.00, och avg\u00e5ngen fr\u00e5n Stockholm \u00e4r kl. 16.30 i st\u00e4llet f\u00f6r tidigare kl. 16.45.<\/p>\n<p>Finlands D\u00f6vas F\u00f6rbund f\u00f6rbeh\u00e5ller sig r\u00e4tten till \u00e4ndringar i programmet.<\/p>\n        <\/div>\n            \n    <\/div>\n\n<\/section>\n\n\n\n<section id=\"column-block_a3d1af3e5f16dac25e8953ef8a8bb7db\"\n         class=\"section-default pt-8 pb-8 px-4 sm:px-4 md:px-8 lg:px-12 xl:px-24 bg-custom-700 cards\">\n    \n                    <div class=\"flex flex-wrap md:flex-row -mx-4\">\n                \n                    <div class=\"w-full md:w-1\/3 p-4 relative\">\n                        <div class=\"bg-white shadow-xl hover:shadow-2xl h-full flex flex-col\">\n                                                                                    <div class=\"py-3 px-4\">\n                                \n                                                                    <h3 class=\"py-3 leading-tight  text-xl \">Fredag 22.5<\/h3>\n                                                                            <hr class=\"border-b-4 border-color w-24 mb-5 mr-auto\"\/>                                                                <div class=\"content\">\n                                                                    <p>Avresa fr\u00e5n Helsingfors<\/p>\n\n<table id=\"tablepress-14\" class=\"tablepress tablepress-id-14\">\n<tbody class=\"row-striping row-hover\">\n<tr class=\"row-1\">\n\t<td class=\"column-1\">15:30<\/td><td class=\"column-2\"><strong>Ombordstigning (boarding)<\/strong><br \/>\nEXPO och konstutst\u00e4llningen \u00e4r \u00f6ppna redan under ombordstigningen<br \/>\n<em>Silja Conference (6)<\/em><\/td>\n<\/tr>\n<tr class=\"row-2\">\n\t<td class=\"column-1\">16:30<\/td><td class=\"column-2\"><strong>Kulturdagarnas \u00f6ppning och framtr\u00e4danden<\/strong><br \/>\n<em>Starlight (7\/8)<\/em><\/td>\n<\/tr>\n<tr class=\"row-3\">\n\t<td class=\"column-1\">16:45<\/td><td class=\"column-2\"><strong>Silja Symphony avg\u00e5r fr\u00e5n Olympiaterminalen i Helsingfors mot Stockholm<\/strong><\/td>\n<\/tr>\n<tr class=\"row-4\">\n\t<td class=\"column-1\">19:30<\/td><td class=\"column-2\"><strong>Programmet avslutas<\/strong><\/td>\n<\/tr>\n<\/tbody>\n<\/table>\n\n                                                                <\/div>\n                            <\/div>\n                                                                                <\/div>\n                    <\/div>\n\n                \n                    <div class=\"w-full md:w-1\/3 p-4 relative\">\n                        <div class=\"bg-white shadow-xl hover:shadow-2xl h-full flex flex-col\">\n                                                                                    <div class=\"py-3 px-4\">\n                                \n                                                                    <h3 class=\"py-3 leading-tight  text-xl \">L\u00f6rdag 23.5<\/h3>\n                                                                            <hr class=\"border-b-4 border-color w-24 mb-5 mr-auto\"\/>                                                                <div class=\"content\">\n                                                                    <p>Dag i Stockholm<\/p>\n\n<table id=\"tablepress-15\" class=\"tablepress tablepress-id-15\">\n<tbody class=\"row-striping row-hover\">\n<tr class=\"row-1\">\n\t<td class=\"column-1\">09:00<\/td><td class=\"column-2\"><strong>EXPO och konstutst\u00e4llningen \u00f6ppnar<\/strong><br \/>\n<em>Silja Conference (6)<\/em><\/td>\n<\/tr>\n<tr class=\"row-2\">\n\t<td class=\"column-1\">10:00<\/td><td class=\"column-2\"><strong>Silja Symphony anl\u00e4nder till Stockholm<\/strong><br \/>\nSidoprogram och f\u00f6rel\u00e4sningar<br \/>\nSticktr\u00e4ff<br \/>\nPresentationer av utst\u00e4llare<br \/>\nBarnens konstverkstad<br \/>\n<em>Silja Conference (6)<\/em><\/td>\n<\/tr>\n<tr class=\"row-3\">\n\t<td class=\"column-1\">15:30<\/td><td class=\"column-2\"><strong>Fr\u00e5gesport<\/strong><br \/>\n<em>Starlight (7\/8)<\/em><\/td>\n<\/tr>\n<tr class=\"row-4\">\n\t<td class=\"column-1\">16:30<\/td><td class=\"column-2\"><strong>Silja Symphony avg\u00e5r f\u00f6r \u00e5terresan<\/strong><\/td>\n<\/tr>\n<tr class=\"row-5\">\n\t<td class=\"column-1\">16:30<\/td><td class=\"column-2\"><strong>Framtr\u00e4danden<\/strong><br \/>\n<em>Starlight (7\/8)<\/em><\/td>\n<\/tr>\n<tr class=\"row-6\">\n\t<td class=\"column-1\">19:00<\/td><td class=\"column-2\"><strong>Tillk\u00e4nnagivande av de b\u00e4sta framtr\u00e4dandena och avslutning<\/strong><br \/>\n<em>Starlight (7\/8)<\/em><\/td>\n<\/tr>\n<\/tbody>\n<\/table>\n\n                                                                <\/div>\n                            <\/div>\n                                                                                <\/div>\n                    <\/div>\n\n                \n                    <div class=\"w-full md:w-1\/3 p-4 relative\">\n                        <div class=\"bg-white shadow-xl hover:shadow-2xl h-full flex flex-col\">\n                                                                                    <div class=\"py-3 px-4\">\n                                \n                                                                    <h3 class=\"py-3 leading-tight  text-xl \">S\u00f6ndag 24.5<\/h3>\n                                                                            <hr class=\"border-b-4 border-color w-24 mb-5 mr-auto\"\/>                                                                <div class=\"content\">\n                                                                    <p>\u00c5terkomst till Helsingfors<\/p>\n\n<table id=\"tablepress-16\" class=\"tablepress tablepress-id-16\">\n<tbody class=\"row-striping row-hover\">\n<tr class=\"row-1\">\n\t<td class=\"column-1\">09:00<\/td><td class=\"column-2\"><strong>Program med teckenspr\u00e5kiga f\u00f6rsamlingen<\/strong><\/td>\n<\/tr>\n<tr class=\"row-2\">\n\t<td class=\"column-1\">10:30<\/td><td class=\"column-2\"><strong>Silja Symphony anl\u00e4nder till Helsingfors<\/strong><\/td>\n<\/tr>\n<\/tbody>\n<\/table>\n\n                                                                <\/div>\n                            <\/div>\n                                                                                <\/div>\n                    <\/div>\n\n                \n            <\/div>\n        \n    \n<\/section>\n\n\n\n\n<section id=\"column-block_24d44917812b57a4c041daab80becd6d\" class=\"section-default pt-8 pb-8  px-4 sm:px-4 lg:px-12 xl:px-24 bg-white text-gray-900 title\">\n\n  \n    <div class=\"md:flex md:flex-row items-center\">\n\n      <div class=\"w-full md:w-2\/3\">\n        <h1 class=\"leading-tight heading-lg text-2xl sm:text-3xl lg:text-4xl\">Bekanta dig med Silja Symphony<\/h1>\n      <\/div>\n\n      <div class=\"w-full md:w-1\/3 md:text-right\">\n                  <a class=\"btn mt-4 md:mt-0 btn-dark  inline-block\" href=\"https:\/\/virtualtour.tallink.com\/silja-symphony\/index.html?language=lang3\" target=\"_blank\">G\u00f6r en virtuell rundtur p\u00e5 fartyget<\/a>\n              <\/div>\n\n    <\/div>\n\n  \n\n<\/section>\n\n\n\n<p><\/p>\n","protected":false},"excerpt":{"rendered":"<p>Obs! Tiderna \u00e4r lokal tid: p\u00e5 fredag och s\u00f6ndag finsk tid, p\u00e5 l\u00f6rdag svensk tid. Rederiet meddelade om en mindre tidtabells\u00e4ndring f\u00f6r kryssningen Helsingfors\u2013Stockholm\u2013Helsingfors fr\u00e5n och med den 1 april: Den nya avg\u00e5ngstiden fr\u00e5n Helsingfors&#8230;<\/p>\n","protected":false},"author":7,"featured_media":0,"parent":0,"menu_order":0,"comment_status":"closed","ping_status":"closed","template":"","meta":{"footnotes":""},"class_list":["post-1409","page","type-page","status-publish","hentry","px-4 sm:px-4 md:px-8 lg:px-12 xl:px-24"],"acf":[],"yoast_head":"<!-- This site is optimized with the Yoast SEO plugin v27.3 - https:\/\/yoast.com\/product\/yoast-seo-wordpress\/ -->\n<title>Program - Kulttuurip\u00e4iv\u00e4t<\/title>\n<meta name=\"robots\" content=\"index, follow, max-snippet:-1, max-image-preview:large, max-video-preview:-1\" \/>\n<link rel=\"canonical\" href=\"https:\/\/kuurojenliitto.fi\/kulttuuripaivat\/sv\/program\/\" \/>\n<meta property=\"og:locale\" content=\"fi_FI\" \/>\n<meta property=\"og:type\" content=\"article\" \/>\n<meta property=\"og:title\" content=\"Program - Kulttuurip\u00e4iv\u00e4t\" \/>\n<meta property=\"og:description\" content=\"Obs! Tiderna \u00e4r lokal tid: p\u00e5 fredag och s\u00f6ndag finsk tid, p\u00e5 l\u00f6rdag svensk tid. Rederiet meddelade om en mindre tidtabells\u00e4ndring f\u00f6r kryssningen Helsingfors\u2013Stockholm\u2013Helsingfors fr\u00e5n och med den 1 april: Den nya avg\u00e5ngstiden fr\u00e5n Helsingfors...\" \/>\n<meta property=\"og:url\" content=\"https:\/\/kuurojenliitto.fi\/kulttuuripaivat\/sv\/program\/\" \/>\n<meta property=\"og:site_name\" content=\"Kulttuurip\u00e4iv\u00e4t\" \/>\n<meta property=\"article:modified_time\" content=\"2026-03-24T15:20:52+00:00\" \/>\n<meta name=\"twitter:card\" content=\"summary_large_image\" \/>\n<script type=\"application\/ld+json\" class=\"yoast-schema-graph\">{\"@context\":\"https:\\\/\\\/schema.org\",\"@graph\":[{\"@type\":\"WebPage\",\"@id\":\"https:\\\/\\\/kuurojenliitto.fi\\\/kulttuuripaivat\\\/sv\\\/program\\\/\",\"url\":\"https:\\\/\\\/kuurojenliitto.fi\\\/kulttuuripaivat\\\/sv\\\/program\\\/\",\"name\":\"Program - Kulttuurip\u00e4iv\u00e4t\",\"isPartOf\":{\"@id\":\"https:\\\/\\\/kuurojenliitto.fi\\\/kulttuuripaivat\\\/#website\"},\"datePublished\":\"2026-03-16T14:10:21+00:00\",\"dateModified\":\"2026-03-24T15:20:52+00:00\",\"breadcrumb\":{\"@id\":\"https:\\\/\\\/kuurojenliitto.fi\\\/kulttuuripaivat\\\/sv\\\/program\\\/#breadcrumb\"},\"inLanguage\":\"fi\",\"potentialAction\":[{\"@type\":\"ReadAction\",\"target\":[\"https:\\\/\\\/kuurojenliitto.fi\\\/kulttuuripaivat\\\/sv\\\/program\\\/\"]}]},{\"@type\":\"BreadcrumbList\",\"@id\":\"https:\\\/\\\/kuurojenliitto.fi\\\/kulttuuripaivat\\\/sv\\\/program\\\/#breadcrumb\",\"itemListElement\":[{\"@type\":\"ListItem\",\"position\":1,\"name\":\"Home\",\"item\":\"https:\\\/\\\/kuurojenliitto.fi\\\/kulttuuripaivat\\\/\"},{\"@type\":\"ListItem\",\"position\":2,\"name\":\"Program\"}]},{\"@type\":\"WebSite\",\"@id\":\"https:\\\/\\\/kuurojenliitto.fi\\\/kulttuuripaivat\\\/#website\",\"url\":\"https:\\\/\\\/kuurojenliitto.fi\\\/kulttuuripaivat\\\/\",\"name\":\"Kulttuurip\u00e4iv\u00e4t\",\"description\":\"Uusi Kuurojen Liitto-sivustot -sivusto\",\"potentialAction\":[{\"@type\":\"SearchAction\",\"target\":{\"@type\":\"EntryPoint\",\"urlTemplate\":\"https:\\\/\\\/kuurojenliitto.fi\\\/kulttuuripaivat\\\/?s={search_term_string}\"},\"query-input\":{\"@type\":\"PropertyValueSpecification\",\"valueRequired\":true,\"valueName\":\"search_term_string\"}}],\"inLanguage\":\"fi\"}]}<\/script>\n<!-- \/ Yoast SEO plugin. -->","yoast_head_json":{"title":"Program - Kulttuurip\u00e4iv\u00e4t","robots":{"index":"index","follow":"follow","max-snippet":"max-snippet:-1","max-image-preview":"max-image-preview:large","max-video-preview":"max-video-preview:-1"},"canonical":"https:\/\/kuurojenliitto.fi\/kulttuuripaivat\/sv\/program\/","og_locale":"fi_FI","og_type":"article","og_title":"Program - Kulttuurip\u00e4iv\u00e4t","og_description":"Obs! Tiderna \u00e4r lokal tid: p\u00e5 fredag och s\u00f6ndag finsk tid, p\u00e5 l\u00f6rdag svensk tid. Rederiet meddelade om en mindre tidtabells\u00e4ndring f\u00f6r kryssningen Helsingfors\u2013Stockholm\u2013Helsingfors fr\u00e5n och med den 1 april: Den nya avg\u00e5ngstiden fr\u00e5n Helsingfors...","og_url":"https:\/\/kuurojenliitto.fi\/kulttuuripaivat\/sv\/program\/","og_site_name":"Kulttuurip\u00e4iv\u00e4t","article_modified_time":"2026-03-24T15:20:52+00:00","twitter_card":"summary_large_image","schema":{"@context":"https:\/\/schema.org","@graph":[{"@type":"WebPage","@id":"https:\/\/kuurojenliitto.fi\/kulttuuripaivat\/sv\/program\/","url":"https:\/\/kuurojenliitto.fi\/kulttuuripaivat\/sv\/program\/","name":"Program - Kulttuurip\u00e4iv\u00e4t","isPartOf":{"@id":"https:\/\/kuurojenliitto.fi\/kulttuuripaivat\/#website"},"datePublished":"2026-03-16T14:10:21+00:00","dateModified":"2026-03-24T15:20:52+00:00","breadcrumb":{"@id":"https:\/\/kuurojenliitto.fi\/kulttuuripaivat\/sv\/program\/#breadcrumb"},"inLanguage":"fi","potentialAction":[{"@type":"ReadAction","target":["https:\/\/kuurojenliitto.fi\/kulttuuripaivat\/sv\/program\/"]}]},{"@type":"BreadcrumbList","@id":"https:\/\/kuurojenliitto.fi\/kulttuuripaivat\/sv\/program\/#breadcrumb","itemListElement":[{"@type":"ListItem","position":1,"name":"Home","item":"https:\/\/kuurojenliitto.fi\/kulttuuripaivat\/"},{"@type":"ListItem","position":2,"name":"Program"}]},{"@type":"WebSite","@id":"https:\/\/kuurojenliitto.fi\/kulttuuripaivat\/#website","url":"https:\/\/kuurojenliitto.fi\/kulttuuripaivat\/","name":"Kulttuurip\u00e4iv\u00e4t","description":"Uusi Kuurojen Liitto-sivustot -sivusto","potentialAction":[{"@type":"SearchAction","target":{"@type":"EntryPoint","urlTemplate":"https:\/\/kuurojenliitto.fi\/kulttuuripaivat\/?s={search_term_string}"},"query-input":{"@type":"PropertyValueSpecification","valueRequired":true,"valueName":"search_term_string"}}],"inLanguage":"fi"}]}},"lang":"sv","translations":{"sv":1409,"fi":1268},"pll_sync_post":[],"_links":{"self":[{"href":"https:\/\/kuurojenliitto.fi\/kulttuuripaivat\/wp-json\/wp\/v2\/pages\/1409","targetHints":{"allow":["GET"]}}],"collection":[{"href":"https:\/\/kuurojenliitto.fi\/kulttuuripaivat\/wp-json\/wp\/v2\/pages"}],"about":[{"href":"https:\/\/kuurojenliitto.fi\/kulttuuripaivat\/wp-json\/wp\/v2\/types\/page"}],"author":[{"embeddable":true,"href":"https:\/\/kuurojenliitto.fi\/kulttuuripaivat\/wp-json\/wp\/v2\/users\/7"}],"replies":[{"embeddable":true,"href":"https:\/\/kuurojenliitto.fi\/kulttuuripaivat\/wp-json\/wp\/v2\/comments?post=1409"}],"version-history":[{"count":15,"href":"https:\/\/kuurojenliitto.fi\/kulttuuripaivat\/wp-json\/wp\/v2\/pages\/1409\/revisions"}],"predecessor-version":[{"id":1482,"href":"https:\/\/kuurojenliitto.fi\/kulttuuripaivat\/wp-json\/wp\/v2\/pages\/1409\/revisions\/1482"}],"wp:attachment":[{"href":"https:\/\/kuurojenliitto.fi\/kulttuuripaivat\/wp-json\/wp\/v2\/media?parent=1409"}],"curies":[{"name":"wp","href":"https:\/\/api.w.org\/{rel}","templated":true}]}}