{"id":1346,"date":"2026-03-13T09:27:08","date_gmt":"2026-03-13T07:27:08","guid":{"rendered":"https:\/\/kuurojenliitto.fi\/kulttuuripaivat\/?page_id=1346"},"modified":"2026-03-13T13:45:27","modified_gmt":"2026-03-13T11:45:27","slug":"expo","status":"publish","type":"page","link":"https:\/\/kuurojenliitto.fi\/kulttuuripaivat\/expo\/","title":{"rendered":"EXPO &#8211; n\u00e4ytteilleasettajat"},"content":{"rendered":"\n\n<section id=\"column-block_6e4bbe3738d168de807f45dad26d4cf4\" class=\"section-default ingress px-4 sm:px-4 md:px-8 lg:px-12 xl:px-24\">\n    <div class=\"flex pb-4\">\n                      <div class=\"w-full text-lg\">\n                  <p>Oletko kiinnostunut esittelem\u00e4\u00e4n yrityksesi toimintaa tai j\u00e4rjest\u00f6si palveluja? Kulttuurip\u00e4ivill\u00e4 tavoitat laajan yleis\u00f6n!<\/p>\n        <\/div>\n            \n    <\/div>\n\n<\/section>\n\n\n\n<section id=\"column-block_2a777c31c74a58a3c2049d3d287b1517\" class=\"px-4 sm:px-4 md:px-8 lg:px-12 xl:px-24 section-default \">\n\n            <div class=\"relative py-4 gridder\">\n                        <div id=\"stickier\" class=\"b z-10 flex flex-row flex-wrap  mb-6 top-0 relative\">\n\n          <div class=\"x-tabs w-full\" x-data=\"{ activeTab: 0 }\">\n                    <div :class=\"{ 'hidden': activeTab !== 0 }\" tabindex=\"0\" role=\"tabpanel\" id=\"tab-0\" aria-labelledby=\"label-0\" class=\"bg-white\">\n                            \n    <figure class=\"relative\">\n      <img decoding=\"async\" src=\"https:\/\/kuurojenliitto.fi\/kulttuuripaivat\/wp-content\/uploads\/sites\/9\/2026\/03\/artikkelikuva-kp2026-EXPO-1280x720.png\" alt=\"\">\n    <\/figure>\n                                        <\/div>\n                                <\/div>\n\n                              <\/div>\n        \n          <div class=\"content entry-content bg-white p-8 lg:pr-20 a lg:mr-12 mb-3 shadow-xl hover:shadow-2xl\">\n            <p>L\u00e4hde n\u00e4ytteilleasettajaksi kulttuurip\u00e4iville! Laivalla on EXPO-messuosasto 6. kerroksessa, jossa tarjoamme esittelyp\u00f6yti\u00e4 viittomakielialan yritt\u00e4jille ja j\u00e4rjest\u00f6ille edulliseen hintaan. My\u00f6s n\u00e4ytteilleasettajat tekev\u00e4t matkavarauksen ja hankkivat p\u00e4\u00e4sylipun Pohjolan Matkojen kautta.<\/p>\n<p>P\u00f6yt\u00e4paikan vuokraus pe-la <strong>30 \u20ac<\/strong>.<\/p>\n<p>Viimeinen ilmoittautumisp\u00e4iv\u00e4:<strong> 30.4.2026<\/strong><\/p>\n<p>Ilmoittautuminen n\u00e4ytteilleasettajaksi tehd\u00e4\u00e4n t\u00e4ytt\u00e4m\u00e4ll\u00e4 varauslomake.<\/p>\n<p>Linkki varauslomakkeeseen:<br \/>\n<a href=\"https:\/\/link.webropol.com\/ep\/kulttuuripaivat2026-expo\">https:\/\/link.webropol.com\/ep\/kulttuuripaivat2026-expo<\/a><\/p>\n                      <\/div>\n\n                      <aside class=\"c\">\n                              <div class=\"flex flex-col mt-4 mb-4\">\n                                                          <div class=\"flex flex-row bg-white shadow-xl hover:shadow-2xl h-full mb-4\">\n                                            <figure class=\"relative w-1\/4 bg-cover flex-1 bg-center\" style=\"background-image: url('https:\/\/kuurojenliitto.fi\/kulttuuripaivat\/wp-content\/uploads\/sites\/9\/2026\/03\/web-KP2024-154-1280x720.jpg');\">\n                                              <\/figure>\n\n                      <div class=\"w-3\/4 p-4\">\n                      \n                        <h2 class=\"pb-3 leading-tight heading-sm text-lg\">Ilmoittautuminen n\u00e4ytteilleasettajaksi p\u00e4\u00e4ttyy 30.4.<\/h2>\n                        <div><\/div>\n                                                  <a class=\"flex flex-row items-center mb-2 leading-none heading-sm mt-6\" href=\"https:\/\/link.webropol.com\/ep\/kulttuuripaivat2026-expo\" target=\"_blank\"><span class=\"w-6 h-6 bg-dark text-white px-2 py-1 mr-2 text-center font-medium rounded-full uppercase tracking-widest\">><\/span>Ilmoittautumislomakkeeseen<\/a>\n                                                                                              <\/div>\n                    <\/div>\n                                  <\/div>\n              \n              \n              \n                                  <h3 class=\"heading-lg text-2xl mb-4\">Tiedustelut<\/h3>\n                \n                                    <div class=\"flex flex-row-reverse flex-wrap bg-white shadow-xl hover:shadow-2xl p-4 mb-3\">\n\n    <div class=\"w-1\/4 text-right\">\n    <figure class=\"entry-image overflow-hidden\">\n      <img loading=\"lazy\" decoding=\"async\" width=\"720\" height=\"720\" src=\"https:\/\/kuurojenliitto.fi\/kulttuuripaivat\/wp-content\/uploads\/sites\/9\/2020\/03\/2019_06-Teemu-Lipasti-Sj\u00f6roos-1080-e1583480107165-720x720.jpg\" class=\"w-full object-fit\" alt=\"\" \/>    <\/figure><!-- .entry-header -->\n  <\/div>\n  <div class=\"entry-content w-3\/4 pr-4\">\n    <h3 class=\"mb-0 text-lg\">\n      <a href=\"https:\/\/kuurojenliitto.fi\/kulttuuripaivat\/henkilo\/teemu-lipasti-sjoroos\/\">Teemu Lipasti-Sj\u00f6roos<\/a>\n    <\/h3>\n    <div class=\"mb-4 mt-0\">\n              <span class=\"text-gray-900 text-sm\">\n                          Kulttuurituottaja                      <\/span>\n                <\/div>\n    <div class=\"flex flex-col text-gray-600 mt-1 text-sm items-start\">\n              <div class=\"flex flex-row-reverse\">\n          <div class=\"ml-2 text-xs\">\n                                                  <span class=\"sr-only\">Henkil\u00f6 ei ota vastaan puheluja<\/span>\n              <i class=\"sr-hide fas fa-fw fa-phone-slash mr-1\"><\/i>\n                                      <span class=\"sr-only\">Henkil\u00f6 ottaa vastaan tekstiviestej\u00e4<\/span>\n              <i class=\"sr-hide fas fa-fw fa-sms mr-1\"><\/i>\n                                      <span class=\"sr-only\">Henkil\u00f6 ottaa vastaan WhatsApp-viestej\u00e4, videoviestej\u00e4 ja videopuheluja<\/span>\n              <i class=\"sr-hide fab fa-fw fa-whatsapp mr-1\"><\/i>\n                                  <\/div>\n          <div><span class=\"sr-only\">Puhelinnumero: <\/span><a href=\"tel:+358 50 322 4067\"> +358 50 322 4067<\/a><\/div>\n        <\/div>\n\n                    <div><span class=\"sr-only\"><\/span><a\n            href=\"mailto:teemu.lipasti-sjoroos@kuurojenliitto.fi\">teemu.lipasti-sjoroos@kuurojenliitto.fi<\/a><\/div>\n                <\/div>\n\n      <\/div><!-- .entry-content -->\n    \n<\/div>\n                              \n            <\/aside>\n          \n\n      <\/div>\n    \n  \n<\/section>\n\n\n\n<p><\/p>\n","protected":false},"excerpt":{"rendered":"<p>Oletko kiinnostunut esittelem\u00e4\u00e4n yrityksesi toimintaa tai j\u00e4rjest\u00f6si palveluja? Kulttuurip\u00e4ivill\u00e4 tavoitat laajan yleis\u00f6n! L\u00e4hde n\u00e4ytteilleasettajaksi kulttuurip\u00e4iville! Laivalla on EXPO-messuosasto 6. kerroksessa, jossa tarjoamme esittelyp\u00f6yti\u00e4 viittomakielialan yritt\u00e4jille ja j\u00e4rjest\u00f6ille edulliseen hintaan. My\u00f6s n\u00e4ytteilleasettajat tekev\u00e4t matkavarauksen ja hankkivat&#8230;<\/p>\n","protected":false},"author":7,"featured_media":0,"parent":0,"menu_order":0,"comment_status":"closed","ping_status":"closed","template":"","meta":{"footnotes":""},"class_list":["post-1346","page","type-page","status-publish","hentry","px-4 sm:px-4 md:px-8 lg:px-12 xl:px-24"],"acf":[],"yoast_head":"<!-- This site is optimized with the Yoast SEO plugin v27.3 - https:\/\/yoast.com\/product\/yoast-seo-wordpress\/ -->\n<title>EXPO - n\u00e4ytteilleasettajat - Kulttuurip\u00e4iv\u00e4t<\/title>\n<meta name=\"robots\" content=\"index, follow, max-snippet:-1, max-image-preview:large, max-video-preview:-1\" \/>\n<link rel=\"canonical\" href=\"https:\/\/kuurojenliitto.fi\/kulttuuripaivat\/expo\/\" \/>\n<meta property=\"og:locale\" content=\"fi_FI\" \/>\n<meta property=\"og:type\" content=\"article\" \/>\n<meta property=\"og:title\" content=\"EXPO - n\u00e4ytteilleasettajat - Kulttuurip\u00e4iv\u00e4t\" \/>\n<meta property=\"og:description\" content=\"Oletko kiinnostunut esittelem\u00e4\u00e4n yrityksesi toimintaa tai j\u00e4rjest\u00f6si palveluja? Kulttuurip\u00e4ivill\u00e4 tavoitat laajan yleis\u00f6n! L\u00e4hde n\u00e4ytteilleasettajaksi kulttuurip\u00e4iville! Laivalla on EXPO-messuosasto 6. kerroksessa, jossa tarjoamme esittelyp\u00f6yti\u00e4 viittomakielialan yritt\u00e4jille ja j\u00e4rjest\u00f6ille edulliseen hintaan. My\u00f6s n\u00e4ytteilleasettajat tekev\u00e4t matkavarauksen ja hankkivat...\" \/>\n<meta property=\"og:url\" content=\"https:\/\/kuurojenliitto.fi\/kulttuuripaivat\/expo\/\" \/>\n<meta property=\"og:site_name\" content=\"Kulttuurip\u00e4iv\u00e4t\" \/>\n<meta property=\"article:modified_time\" content=\"2026-03-13T11:45:27+00:00\" \/>\n<meta name=\"twitter:card\" content=\"summary_large_image\" \/>\n<script type=\"application\/ld+json\" class=\"yoast-schema-graph\">{\"@context\":\"https:\\\/\\\/schema.org\",\"@graph\":[{\"@type\":\"WebPage\",\"@id\":\"https:\\\/\\\/kuurojenliitto.fi\\\/kulttuuripaivat\\\/expo\\\/\",\"url\":\"https:\\\/\\\/kuurojenliitto.fi\\\/kulttuuripaivat\\\/expo\\\/\",\"name\":\"EXPO - n\u00e4ytteilleasettajat - Kulttuurip\u00e4iv\u00e4t\",\"isPartOf\":{\"@id\":\"https:\\\/\\\/kuurojenliitto.fi\\\/kulttuuripaivat\\\/#website\"},\"datePublished\":\"2026-03-13T07:27:08+00:00\",\"dateModified\":\"2026-03-13T11:45:27+00:00\",\"breadcrumb\":{\"@id\":\"https:\\\/\\\/kuurojenliitto.fi\\\/kulttuuripaivat\\\/expo\\\/#breadcrumb\"},\"inLanguage\":\"fi\",\"potentialAction\":[{\"@type\":\"ReadAction\",\"target\":[\"https:\\\/\\\/kuurojenliitto.fi\\\/kulttuuripaivat\\\/expo\\\/\"]}]},{\"@type\":\"BreadcrumbList\",\"@id\":\"https:\\\/\\\/kuurojenliitto.fi\\\/kulttuuripaivat\\\/expo\\\/#breadcrumb\",\"itemListElement\":[{\"@type\":\"ListItem\",\"position\":1,\"name\":\"Home\",\"item\":\"https:\\\/\\\/kuurojenliitto.fi\\\/kulttuuripaivat\\\/\"},{\"@type\":\"ListItem\",\"position\":2,\"name\":\"EXPO &#8211; n\u00e4ytteilleasettajat\"}]},{\"@type\":\"WebSite\",\"@id\":\"https:\\\/\\\/kuurojenliitto.fi\\\/kulttuuripaivat\\\/#website\",\"url\":\"https:\\\/\\\/kuurojenliitto.fi\\\/kulttuuripaivat\\\/\",\"name\":\"Kulttuurip\u00e4iv\u00e4t\",\"description\":\"Uusi Kuurojen Liitto-sivustot -sivusto\",\"potentialAction\":[{\"@type\":\"SearchAction\",\"target\":{\"@type\":\"EntryPoint\",\"urlTemplate\":\"https:\\\/\\\/kuurojenliitto.fi\\\/kulttuuripaivat\\\/?s={search_term_string}\"},\"query-input\":{\"@type\":\"PropertyValueSpecification\",\"valueRequired\":true,\"valueName\":\"search_term_string\"}}],\"inLanguage\":\"fi\"}]}<\/script>\n<!-- \/ Yoast SEO plugin. -->","yoast_head_json":{"title":"EXPO - n\u00e4ytteilleasettajat - Kulttuurip\u00e4iv\u00e4t","robots":{"index":"index","follow":"follow","max-snippet":"max-snippet:-1","max-image-preview":"max-image-preview:large","max-video-preview":"max-video-preview:-1"},"canonical":"https:\/\/kuurojenliitto.fi\/kulttuuripaivat\/expo\/","og_locale":"fi_FI","og_type":"article","og_title":"EXPO - n\u00e4ytteilleasettajat - Kulttuurip\u00e4iv\u00e4t","og_description":"Oletko kiinnostunut esittelem\u00e4\u00e4n yrityksesi toimintaa tai j\u00e4rjest\u00f6si palveluja? Kulttuurip\u00e4ivill\u00e4 tavoitat laajan yleis\u00f6n! L\u00e4hde n\u00e4ytteilleasettajaksi kulttuurip\u00e4iville! Laivalla on EXPO-messuosasto 6. kerroksessa, jossa tarjoamme esittelyp\u00f6yti\u00e4 viittomakielialan yritt\u00e4jille ja j\u00e4rjest\u00f6ille edulliseen hintaan. My\u00f6s n\u00e4ytteilleasettajat tekev\u00e4t matkavarauksen ja hankkivat...","og_url":"https:\/\/kuurojenliitto.fi\/kulttuuripaivat\/expo\/","og_site_name":"Kulttuurip\u00e4iv\u00e4t","article_modified_time":"2026-03-13T11:45:27+00:00","twitter_card":"summary_large_image","schema":{"@context":"https:\/\/schema.org","@graph":[{"@type":"WebPage","@id":"https:\/\/kuurojenliitto.fi\/kulttuuripaivat\/expo\/","url":"https:\/\/kuurojenliitto.fi\/kulttuuripaivat\/expo\/","name":"EXPO - n\u00e4ytteilleasettajat - Kulttuurip\u00e4iv\u00e4t","isPartOf":{"@id":"https:\/\/kuurojenliitto.fi\/kulttuuripaivat\/#website"},"datePublished":"2026-03-13T07:27:08+00:00","dateModified":"2026-03-13T11:45:27+00:00","breadcrumb":{"@id":"https:\/\/kuurojenliitto.fi\/kulttuuripaivat\/expo\/#breadcrumb"},"inLanguage":"fi","potentialAction":[{"@type":"ReadAction","target":["https:\/\/kuurojenliitto.fi\/kulttuuripaivat\/expo\/"]}]},{"@type":"BreadcrumbList","@id":"https:\/\/kuurojenliitto.fi\/kulttuuripaivat\/expo\/#breadcrumb","itemListElement":[{"@type":"ListItem","position":1,"name":"Home","item":"https:\/\/kuurojenliitto.fi\/kulttuuripaivat\/"},{"@type":"ListItem","position":2,"name":"EXPO &#8211; n\u00e4ytteilleasettajat"}]},{"@type":"WebSite","@id":"https:\/\/kuurojenliitto.fi\/kulttuuripaivat\/#website","url":"https:\/\/kuurojenliitto.fi\/kulttuuripaivat\/","name":"Kulttuurip\u00e4iv\u00e4t","description":"Uusi Kuurojen Liitto-sivustot -sivusto","potentialAction":[{"@type":"SearchAction","target":{"@type":"EntryPoint","urlTemplate":"https:\/\/kuurojenliitto.fi\/kulttuuripaivat\/?s={search_term_string}"},"query-input":{"@type":"PropertyValueSpecification","valueRequired":true,"valueName":"search_term_string"}}],"inLanguage":"fi"}]}},"lang":"fi","translations":{"fi":1346,"sv":1442},"pll_sync_post":[],"_links":{"self":[{"href":"https:\/\/kuurojenliitto.fi\/kulttuuripaivat\/wp-json\/wp\/v2\/pages\/1346","targetHints":{"allow":["GET"]}}],"collection":[{"href":"https:\/\/kuurojenliitto.fi\/kulttuuripaivat\/wp-json\/wp\/v2\/pages"}],"about":[{"href":"https:\/\/kuurojenliitto.fi\/kulttuuripaivat\/wp-json\/wp\/v2\/types\/page"}],"author":[{"embeddable":true,"href":"https:\/\/kuurojenliitto.fi\/kulttuuripaivat\/wp-json\/wp\/v2\/users\/7"}],"replies":[{"embeddable":true,"href":"https:\/\/kuurojenliitto.fi\/kulttuuripaivat\/wp-json\/wp\/v2\/comments?post=1346"}],"version-history":[{"count":10,"href":"https:\/\/kuurojenliitto.fi\/kulttuuripaivat\/wp-json\/wp\/v2\/pages\/1346\/revisions"}],"predecessor-version":[{"id":1405,"href":"https:\/\/kuurojenliitto.fi\/kulttuuripaivat\/wp-json\/wp\/v2\/pages\/1346\/revisions\/1405"}],"wp:attachment":[{"href":"https:\/\/kuurojenliitto.fi\/kulttuuripaivat\/wp-json\/wp\/v2\/media?parent=1346"}],"curies":[{"name":"wp","href":"https:\/\/api.w.org\/{rel}","templated":true}]}}