{"id":1285,"date":"2026-03-13T07:46:46","date_gmt":"2026-03-13T05:46:46","guid":{"rendered":"https:\/\/kuurojenliitto.fi\/kulttuuripaivat\/?page_id=1285"},"modified":"2026-05-04T14:42:51","modified_gmt":"2026-05-04T11:42:51","slug":"kilpailut","status":"publish","type":"page","link":"https:\/\/kuurojenliitto.fi\/kulttuuripaivat\/kilpailut\/","title":{"rendered":"Kilpailut"},"content":{"rendered":"\n\n<section id=\"column-block_efce526007dfceb2e462f407727ae4b8\" class=\"section-default ingress px-4 sm:px-4 md:px-8 lg:px-12 xl:px-24\">\n    <div class=\"flex pb-4\">\n                      <div class=\"w-full text-lg\">\n                  <p>Tahdotko esiinty\u00e4 lavalla? Oletko taitava k\u00e4sist\u00e4si? Vai ovatko tietokilpailut vahvuutesi? Ilmoittaudu kilpailemaan kulttuurip\u00e4ivill\u00e4!<\/p>\n        <\/div>\n            \n    <\/div>\n\n<\/section>\n\n\n\n<section id=\"column-block_40bd2b09d9d74aaf0de48294af3886b5\" class=\"px-4 sm:px-4 md:px-8 lg:px-12 xl:px-24 section-default \">\n\n            <div class=\"relative py-4 gridder\">\n                        <div id=\"stickier\" class=\"b z-10 flex flex-row flex-wrap  mb-6 top-0 relative\">\n\n          <div class=\"x-tabs w-full\" x-data=\"{ activeTab: 0 }\">\n                    <div :class=\"{ 'hidden': activeTab !== 0 }\" tabindex=\"0\" role=\"tabpanel\" id=\"tab-0\" aria-labelledby=\"label-0\" class=\"bg-white\">\n                            \n    <figure class=\"relative\">\n      <img decoding=\"async\" src=\"https:\/\/kuurojenliitto.fi\/kulttuuripaivat\/wp-content\/uploads\/sites\/9\/2026\/03\/KP2026-kilpailut-1280x720.jpg\" alt=\"Kilpailut \/ t\u00e4vlingar\">\n    <\/figure>\n                                        <\/div>\n                                <\/div>\n\n                              <\/div>\n        \n          <div class=\"content entry-content bg-white p-8 lg:pr-20 a lg:mr-12 mb-3 shadow-xl hover:shadow-2xl\">\n            <p><em><strong><span style=\"color: red\">Huom! Ilmoittautuminen kilpailuihin p\u00e4\u00e4ttyi 30.4.<\/span><\/strong><\/em><\/p>\n<p>Kulttuurip\u00e4ivien taidesarjoihin voivat osallistua kaikki viittomakieliset \u2013 kuurot, huonokuuloiset ja kuulevat, joiden ensi- tai \u00e4idinkieli on viittomakieli. Ohjelmaa on luvassa runsaasti, kuten lavaesityksi\u00e4 ja taideteoksia.<\/p>\n<p>Huom! <strong>Esiintyjien ja taiteilijoiden kilpailumaksu kuuluu matkapakettiin, eik\u00e4 siit\u00e4 perit\u00e4 erillist\u00e4 maksua<\/strong>. Ilmoittautumisohjeet alhaalla.<\/p>\n<p>Toivomme, ett\u00e4 yhdistykset ja koulut kertovat kulttuurip\u00e4ivist\u00e4 j\u00e4senilleen ja oppilailleen, jotta saamme monipuolisia ja el\u00e4myksellisi\u00e4 kulttuuriesityksi\u00e4 tapahtumaamme.<\/p>\n<h2>Kilpailusarjat<\/h2>\n<p>Kuurojen yhdistykset, koulut, kuurot, huonokuuloiset ja kuulevat ensi- ja \u00e4idinkielelt\u00e4\u00e4n viittomakieliset voivat osallistua kulttuurip\u00e4iville kilpailijoina eri taidelajeissa ja tietokilpailuissa:<\/p>\n<p><strong>Lavaesitykset <\/strong>(soolo- ja ryhm\u00e4esitys)<strong><br \/>\nTaidelajit<\/strong> (kuvataide, k\u00e4sity\u00f6, valokuvaus)<strong><br \/>\nTietokilpailut<\/strong> (soolo- ja joukkuekilpailu)<strong><br \/>\n<\/strong><\/p>\n<p>Jokaisessa kilpailulajissa on omat ik\u00e4sarjat (aikuiset ja lapset), paitsi tietokilpailuissa, jossa on vain aikuisten sarja.<\/p>\n<h2>Ilmoittautuminen<\/h2>\n<p>Ilmoittaudu kilpailuihin t\u00e4ytt\u00e4m\u00e4ll\u00e4 <strong><a href=\"https:\/\/link.webropol.com\/ep\/kulttuuripaivat2026-kilpailut\">ilmoittautumislomake<\/a><\/strong>.<\/p>\n<p>Muista valita <strong>yhdistys<\/strong> jota edustat, tai osallistu lavaesityksiin tai taidesarjoihin <strong>sitoutumattomana<\/strong>. Huom! Tietokilpailuihin voi osallistua vain yhdistyksen edustajana.<\/p>\n<p>Kulttuurip\u00e4ivien rannekkeella voit osallistua useisiin kilpailuihin ilman lis\u00e4maksua. Jokaisessa kilpailussa on luvassa kivat stipendipalkinnot!<\/p>\n<p>Viimeinen ilmoittautumisp\u00e4iv\u00e4: <span style=\"color: #ff0000\"><strong>30.4.2026.<\/strong><\/span><\/p>\n<h2>Kuurojen Liiton kuvaus- ja julkaisuluvat<\/h2>\n<p>Osallistumalla kilpailuun osallistuja antaa Kuurojen Liitolle luvan k\u00e4ytt\u00e4\u00e4 kuvia ja videoita tapahtumasta julkaisuissaan.<\/p>\n                      <\/div>\n\n                      <aside class=\"c\">\n              \n              \n              \n                                  <h3 class=\"heading-lg text-2xl mb-4\">Tiedustelut<\/h3>\n                \n                                    <div class=\"flex flex-row-reverse flex-wrap bg-white shadow-xl hover:shadow-2xl p-4 mb-3\">\n\n    <div class=\"w-1\/4 text-right\">\n    <figure class=\"entry-image overflow-hidden\">\n      <img loading=\"lazy\" decoding=\"async\" width=\"720\" height=\"720\" src=\"https:\/\/kuurojenliitto.fi\/kulttuuripaivat\/wp-content\/uploads\/sites\/9\/2020\/03\/2019_06-Teemu-Lipasti-Sj\u00f6roos-1080-e1583480107165-720x720.jpg\" class=\"w-full object-fit\" alt=\"\" \/>    <\/figure><!-- .entry-header -->\n  <\/div>\n  <div class=\"entry-content w-3\/4 pr-4\">\n    <h3 class=\"mb-0 text-lg\">\n      <a href=\"https:\/\/kuurojenliitto.fi\/kulttuuripaivat\/henkilo\/teemu-lipasti-sjoroos\/\">Teemu Lipasti-Sj\u00f6roos<\/a>\n    <\/h3>\n    <div class=\"mb-4 mt-0\">\n              <span class=\"text-gray-900 text-sm\">\n                          Kulttuurituottaja                      <\/span>\n                <\/div>\n    <div class=\"flex flex-col text-gray-600 mt-1 text-sm items-start\">\n              <div class=\"flex flex-row-reverse\">\n          <div class=\"ml-2 text-xs\">\n                                                  <span class=\"sr-only\">Henkil\u00f6 ei ota vastaan puheluja<\/span>\n              <i class=\"sr-hide fas fa-fw fa-phone-slash mr-1\"><\/i>\n                                      <span class=\"sr-only\">Henkil\u00f6 ottaa vastaan tekstiviestej\u00e4<\/span>\n              <i class=\"sr-hide fas fa-fw fa-sms mr-1\"><\/i>\n                                      <span class=\"sr-only\">Henkil\u00f6 ottaa vastaan WhatsApp-viestej\u00e4, videoviestej\u00e4 ja videopuheluja<\/span>\n              <i class=\"sr-hide fab fa-fw fa-whatsapp mr-1\"><\/i>\n                                  <\/div>\n          <div><span class=\"sr-only\">Puhelinnumero: <\/span><a href=\"tel:+358 50 322 4067\"> +358 50 322 4067<\/a><\/div>\n        <\/div>\n\n                    <div><span class=\"sr-only\"><\/span><a\n            href=\"mailto:teemu.lipasti-sjoroos@kuurojenliitto.fi\">teemu.lipasti-sjoroos@kuurojenliitto.fi<\/a><\/div>\n                <\/div>\n\n      <\/div><!-- .entry-content -->\n    \n<\/div>\n                              \n            <\/aside>\n          \n\n      <\/div>\n    \n  \n<\/section>\n\n\n\n<section id=\"column-block_119a240a9b06e8ec9ead624bba66cca7\"\n         class=\"section-default pt-0 pb-0 px-4 sm:px-4 md:px-8 lg:px-12 xl:px-24 bg-gray-100 cards\">\n    \n                    <div class=\"flex flex-wrap md:flex-row -mx-4\">\n                \n                    <div class=\"w-full md:w-1\/3 p-4 relative\">\n                        <div class=\"bg-white shadow-xl hover:shadow-2xl h-full flex flex-col\">\n                            \n                                <figure class=\"relative imageratio \">\n                                    <img decoding=\"async\" src=\"https:\/\/kuurojenliitto.fi\/kulttuuripaivat\/wp-content\/uploads\/sites\/9\/2026\/03\/web-KP2024-75-1280x720.jpg\" alt=\"\"\"\">\n                                <\/figure>\n                              \n                                                                                    <div class=\"py-3 px-4\">\n                                \n                                                                    <h3 class=\"py-3 leading-tight  text-xl \">Lavaesitykset<\/h3>\n                                                                            <hr class=\"border-b-4 border-color w-24 mb-5 mr-auto\"\/>                                                                <div class=\"content\">\n                                                                    <p>Lavaesityksiss\u00e4 kilpaillaan <strong>aikuisten<\/strong> ja <strong>lasten sarjoissa<\/strong>. Molemmat sarjat on jaettu <strong>soolo- ja ryhm\u00e4esityksiin<\/strong>.<\/p>\n<p>Risteilylaivan tiukan aikataulun vuoksi yksi osallistuja voi esiinty\u00e4<strong> enint\u00e4\u00e4n kahdessa esityksess\u00e4:<\/strong> yhdess\u00e4 sooloesityksess\u00e4 ja yhdess\u00e4 ryhm\u00e4esityksess\u00e4.<\/p>\n<p>Huom! Jos lapsi osallistuu ryhm\u00e4esitykseen yhdess\u00e4 aikuisen tai aikuisten kanssa, ilmoita h\u00e4net aikuisten sarjaan.<\/p>\n<p>Esityksen enimm\u00e4iskesto on <strong>10 minuuttia<\/strong>.<\/p>\n<p>Toivomme jokaiselta esiintyj\u00e4lt\u00e4 oman kuvan tai lyhyen videon, joka projisoidaan taustalle esityksen ajaksi. Tarkemmat ohjeet l\u00f6ytyv\u00e4t ilmoittautumislomakkeesta.<\/p>\n                                                                <\/div>\n                            <\/div>\n                                                                                <\/div>\n                    <\/div>\n\n                \n                    <div class=\"w-full md:w-1\/3 p-4 relative\">\n                        <div class=\"bg-white shadow-xl hover:shadow-2xl h-full flex flex-col\">\n                            \n                                <figure class=\"relative imageratio \">\n                                    <img decoding=\"async\" src=\"https:\/\/kuurojenliitto.fi\/kulttuuripaivat\/wp-content\/uploads\/sites\/9\/2026\/03\/web-KP2024-151-1280x720.jpg\" alt=\"\"\"\">\n                                <\/figure>\n                              \n                                                                                    <div class=\"py-3 px-4\">\n                                \n                                                                    <h3 class=\"py-3 leading-tight  text-xl \">Taidelajit<\/h3>\n                                                                            <hr class=\"border-b-4 border-color w-24 mb-5 mr-auto\"\/>                                                                <div class=\"content\">\n                                                                    <p>Taidekilpailujen lajit ovat <strong>kuvataide, k\u00e4sity\u00f6<\/strong> ja <strong>valokuvaus.<\/strong><\/p>\n<p>Sarjoja on kaksi: <strong>aikuisten<\/strong> ja <strong>lasten sarjat.<\/strong> Lasten sarja jaetaan kolmeen ik\u00e4sarjaan; <strong>alle 6 v., 6-11 v. <\/strong>ja<strong> 12-17 v<\/strong>.<\/p>\n<p>Teosten m\u00e4\u00e4r\u00e4 <strong>max 3 kpl<\/strong> kaikista lajeista yhteens\u00e4.<\/p>\n<p>Tuo taideteoksesi mukaan laivalle. Taidegalleria sijaitsee kulttuurip\u00e4ivien EXPO-alueella (6. krs) ja on avoinna perjantaista lauantaihin. Muistathan noutaa teoksesi galleriasta lauantai-iltana ennen palkintojenjaon alkua.<\/p>\n                                                                <\/div>\n                            <\/div>\n                                                                                <\/div>\n                    <\/div>\n\n                \n                    <div class=\"w-full md:w-1\/3 p-4 relative\">\n                        <div class=\"bg-white shadow-xl hover:shadow-2xl h-full flex flex-col\">\n                            \n                                <figure class=\"relative imageratio \">\n                                    <img decoding=\"async\" src=\"https:\/\/kuurojenliitto.fi\/kulttuuripaivat\/wp-content\/uploads\/sites\/9\/2026\/03\/web-KP2024-138-e1773383253442-1280x720.jpg\" alt=\"\"\"\">\n                                <\/figure>\n                              \n                                                                                    <div class=\"py-3 px-4\">\n                                \n                                                                    <h3 class=\"py-3 leading-tight  text-xl \">Tietokilpailut<\/h3>\n                                                                            <hr class=\"border-b-4 border-color w-24 mb-5 mr-auto\"\/>                                                                <div class=\"content\">\n                                                                    <p>Tietokilpailut toteutetaan <strong>soolo- ja joukkuekilpailuna<\/strong>. Osallistuminen yhdistyksen kautta soolona ja kolmen hengen joukkueena.<\/p>\n<p>Jokaisesta yhdistyksest\u00e4 voi osallistua<strong> enint\u00e4\u00e4n kolme soolokilpailijaa<\/strong> sek\u00e4 <strong>yksi joukkue<\/strong>. Kilpailu suoritetaan omalla k\u00e4nnyk\u00e4ll\u00e4.<\/p>\n                                                                <\/div>\n                            <\/div>\n                                                                                <\/div>\n                    <\/div>\n\n                \n            <\/div>\n        \n    \n<\/section>\n\n\n\n<p><\/p>\n\n\n\n\n<section id=\"column-block_19501bf0494887e549c5c40e7d35e182\" class=\"section-default pt-0 pb-0 px-4 sm:px-4 md:px-8 lg:px-12 xl:px-24 bg-gray-100 big-card\">\n\n  \n  <div class=\"flex-row -mx-4\">\n\n    <article class=\"p-4 relative w-full\">\n      <div class=\"bg-white shadow-xl hover:shadow-2xl flex flex-col md:flex-row-reverse\">\n        <div class=\"big-card-image md:w-1\/2 flex\">\n              <img decoding=\"async\" src=\"https:\/\/kuurojenliitto.fi\/kulttuuripaivat\/wp-content\/uploads\/sites\/9\/2026\/03\/artikkelikuva-kp2026-SA\u0308A\u0308NNO\u0308T-1280x720.png\" class=\"object-cover\">\n        <\/div>\n        <div class=\"md:w-1\/2 px-8 py-4\">\n                      <h3 class=\"mt-4 text-2xl leading-tight heading-lg\">Kilpailus\u00e4\u00e4nn\u00f6t<\/h3>\n                    <hr class=\"border-b-4 border-color w-24 my-5 mr-auto\"\/>\n                      <p>L\u00f6yd\u00e4t oheisesta tiedostosta kilpailuesitysten s\u00e4\u00e4nn\u00f6t sek\u00e4 taide- ja k\u00e4dentaitot\u00f6iden kilpailujen s\u00e4\u00e4nn\u00f6t.<\/p>\n                    \n                          <nav class=\"flex flex-col mt-4\">\n              \n                                \n                                    <a class=\"flex flex-row items-center leading-none heading-sm my-3\" href=\"https:\/\/kuurojenliitto.fi\/kulttuuripaivat\/wp-content\/uploads\/sites\/9\/2026\/04\/Kulttuuripaivien-2026-kilpailusaannot.pdf\"><span class=\"w-8 h-8 bg-dark text-white p-2 mr-2 text-center font-medium rounded-full uppercase\"><i class=\"far fa-file\"><\/i><\/span>Kulttuurip\u00e4ivien 2026 kilpailus\u00e4\u00e4nn\u00f6t<\/a>\n                                \n                            <\/nav>\n                              <\/div>\n      <\/div>\n    <\/article>\n  <\/div>\n\n  \n<\/section>\n","protected":false},"excerpt":{"rendered":"<p>Tahdotko esiinty\u00e4 lavalla? Oletko taitava k\u00e4sist\u00e4si? Vai ovatko tietokilpailut vahvuutesi? Ilmoittaudu kilpailemaan kulttuurip\u00e4ivill\u00e4! Huom! Ilmoittautuminen kilpailuihin p\u00e4\u00e4ttyi 30.4. Kulttuurip\u00e4ivien taidesarjoihin voivat osallistua kaikki viittomakieliset \u2013 kuurot, huonokuuloiset ja kuulevat, joiden ensi- tai \u00e4idinkieli on viittomakieli&#8230;.<\/p>\n","protected":false},"author":7,"featured_media":0,"parent":0,"menu_order":0,"comment_status":"closed","ping_status":"closed","template":"","meta":{"footnotes":""},"class_list":["post-1285","page","type-page","status-publish","hentry","px-4 sm:px-4 md:px-8 lg:px-12 xl:px-24"],"acf":[],"yoast_head":"<!-- This site is optimized with the Yoast SEO plugin v27.3 - https:\/\/yoast.com\/product\/yoast-seo-wordpress\/ -->\n<title>Kilpailut - Kulttuurip\u00e4iv\u00e4t<\/title>\n<meta name=\"robots\" content=\"index, follow, max-snippet:-1, max-image-preview:large, max-video-preview:-1\" \/>\n<link rel=\"canonical\" href=\"https:\/\/kuurojenliitto.fi\/kulttuuripaivat\/kilpailut\/\" \/>\n<meta property=\"og:locale\" content=\"fi_FI\" \/>\n<meta property=\"og:type\" content=\"article\" \/>\n<meta property=\"og:title\" content=\"Kilpailut - Kulttuurip\u00e4iv\u00e4t\" \/>\n<meta property=\"og:description\" content=\"Tahdotko esiinty\u00e4 lavalla? Oletko taitava k\u00e4sist\u00e4si? Vai ovatko tietokilpailut vahvuutesi? Ilmoittaudu kilpailemaan kulttuurip\u00e4ivill\u00e4! Huom! Ilmoittautuminen kilpailuihin p\u00e4\u00e4ttyi 30.4. Kulttuurip\u00e4ivien taidesarjoihin voivat osallistua kaikki viittomakieliset \u2013 kuurot, huonokuuloiset ja kuulevat, joiden ensi- tai \u00e4idinkieli on viittomakieli....\" \/>\n<meta property=\"og:url\" content=\"https:\/\/kuurojenliitto.fi\/kulttuuripaivat\/kilpailut\/\" \/>\n<meta property=\"og:site_name\" content=\"Kulttuurip\u00e4iv\u00e4t\" \/>\n<meta property=\"article:modified_time\" content=\"2026-05-04T11:42:51+00:00\" \/>\n<meta name=\"twitter:card\" content=\"summary_large_image\" \/>\n<script type=\"application\/ld+json\" class=\"yoast-schema-graph\">{\"@context\":\"https:\\\/\\\/schema.org\",\"@graph\":[{\"@type\":\"WebPage\",\"@id\":\"https:\\\/\\\/kuurojenliitto.fi\\\/kulttuuripaivat\\\/kilpailut\\\/\",\"url\":\"https:\\\/\\\/kuurojenliitto.fi\\\/kulttuuripaivat\\\/kilpailut\\\/\",\"name\":\"Kilpailut - Kulttuurip\u00e4iv\u00e4t\",\"isPartOf\":{\"@id\":\"https:\\\/\\\/kuurojenliitto.fi\\\/kulttuuripaivat\\\/#website\"},\"datePublished\":\"2026-03-13T05:46:46+00:00\",\"dateModified\":\"2026-05-04T11:42:51+00:00\",\"breadcrumb\":{\"@id\":\"https:\\\/\\\/kuurojenliitto.fi\\\/kulttuuripaivat\\\/kilpailut\\\/#breadcrumb\"},\"inLanguage\":\"fi\",\"potentialAction\":[{\"@type\":\"ReadAction\",\"target\":[\"https:\\\/\\\/kuurojenliitto.fi\\\/kulttuuripaivat\\\/kilpailut\\\/\"]}]},{\"@type\":\"BreadcrumbList\",\"@id\":\"https:\\\/\\\/kuurojenliitto.fi\\\/kulttuuripaivat\\\/kilpailut\\\/#breadcrumb\",\"itemListElement\":[{\"@type\":\"ListItem\",\"position\":1,\"name\":\"Home\",\"item\":\"https:\\\/\\\/kuurojenliitto.fi\\\/kulttuuripaivat\\\/\"},{\"@type\":\"ListItem\",\"position\":2,\"name\":\"Kilpailut\"}]},{\"@type\":\"WebSite\",\"@id\":\"https:\\\/\\\/kuurojenliitto.fi\\\/kulttuuripaivat\\\/#website\",\"url\":\"https:\\\/\\\/kuurojenliitto.fi\\\/kulttuuripaivat\\\/\",\"name\":\"Kulttuurip\u00e4iv\u00e4t\",\"description\":\"Uusi Kuurojen Liitto-sivustot -sivusto\",\"potentialAction\":[{\"@type\":\"SearchAction\",\"target\":{\"@type\":\"EntryPoint\",\"urlTemplate\":\"https:\\\/\\\/kuurojenliitto.fi\\\/kulttuuripaivat\\\/?s={search_term_string}\"},\"query-input\":{\"@type\":\"PropertyValueSpecification\",\"valueRequired\":true,\"valueName\":\"search_term_string\"}}],\"inLanguage\":\"fi\"}]}<\/script>\n<!-- \/ Yoast SEO plugin. -->","yoast_head_json":{"title":"Kilpailut - Kulttuurip\u00e4iv\u00e4t","robots":{"index":"index","follow":"follow","max-snippet":"max-snippet:-1","max-image-preview":"max-image-preview:large","max-video-preview":"max-video-preview:-1"},"canonical":"https:\/\/kuurojenliitto.fi\/kulttuuripaivat\/kilpailut\/","og_locale":"fi_FI","og_type":"article","og_title":"Kilpailut - Kulttuurip\u00e4iv\u00e4t","og_description":"Tahdotko esiinty\u00e4 lavalla? Oletko taitava k\u00e4sist\u00e4si? Vai ovatko tietokilpailut vahvuutesi? Ilmoittaudu kilpailemaan kulttuurip\u00e4ivill\u00e4! Huom! Ilmoittautuminen kilpailuihin p\u00e4\u00e4ttyi 30.4. Kulttuurip\u00e4ivien taidesarjoihin voivat osallistua kaikki viittomakieliset \u2013 kuurot, huonokuuloiset ja kuulevat, joiden ensi- tai \u00e4idinkieli on viittomakieli....","og_url":"https:\/\/kuurojenliitto.fi\/kulttuuripaivat\/kilpailut\/","og_site_name":"Kulttuurip\u00e4iv\u00e4t","article_modified_time":"2026-05-04T11:42:51+00:00","twitter_card":"summary_large_image","schema":{"@context":"https:\/\/schema.org","@graph":[{"@type":"WebPage","@id":"https:\/\/kuurojenliitto.fi\/kulttuuripaivat\/kilpailut\/","url":"https:\/\/kuurojenliitto.fi\/kulttuuripaivat\/kilpailut\/","name":"Kilpailut - Kulttuurip\u00e4iv\u00e4t","isPartOf":{"@id":"https:\/\/kuurojenliitto.fi\/kulttuuripaivat\/#website"},"datePublished":"2026-03-13T05:46:46+00:00","dateModified":"2026-05-04T11:42:51+00:00","breadcrumb":{"@id":"https:\/\/kuurojenliitto.fi\/kulttuuripaivat\/kilpailut\/#breadcrumb"},"inLanguage":"fi","potentialAction":[{"@type":"ReadAction","target":["https:\/\/kuurojenliitto.fi\/kulttuuripaivat\/kilpailut\/"]}]},{"@type":"BreadcrumbList","@id":"https:\/\/kuurojenliitto.fi\/kulttuuripaivat\/kilpailut\/#breadcrumb","itemListElement":[{"@type":"ListItem","position":1,"name":"Home","item":"https:\/\/kuurojenliitto.fi\/kulttuuripaivat\/"},{"@type":"ListItem","position":2,"name":"Kilpailut"}]},{"@type":"WebSite","@id":"https:\/\/kuurojenliitto.fi\/kulttuuripaivat\/#website","url":"https:\/\/kuurojenliitto.fi\/kulttuuripaivat\/","name":"Kulttuurip\u00e4iv\u00e4t","description":"Uusi Kuurojen Liitto-sivustot -sivusto","potentialAction":[{"@type":"SearchAction","target":{"@type":"EntryPoint","urlTemplate":"https:\/\/kuurojenliitto.fi\/kulttuuripaivat\/?s={search_term_string}"},"query-input":{"@type":"PropertyValueSpecification","valueRequired":true,"valueName":"search_term_string"}}],"inLanguage":"fi"}]}},"lang":"fi","translations":{"fi":1285,"sv":1448},"pll_sync_post":[],"_links":{"self":[{"href":"https:\/\/kuurojenliitto.fi\/kulttuuripaivat\/wp-json\/wp\/v2\/pages\/1285","targetHints":{"allow":["GET"]}}],"collection":[{"href":"https:\/\/kuurojenliitto.fi\/kulttuuripaivat\/wp-json\/wp\/v2\/pages"}],"about":[{"href":"https:\/\/kuurojenliitto.fi\/kulttuuripaivat\/wp-json\/wp\/v2\/types\/page"}],"author":[{"embeddable":true,"href":"https:\/\/kuurojenliitto.fi\/kulttuuripaivat\/wp-json\/wp\/v2\/users\/7"}],"replies":[{"embeddable":true,"href":"https:\/\/kuurojenliitto.fi\/kulttuuripaivat\/wp-json\/wp\/v2\/comments?post=1285"}],"version-history":[{"count":56,"href":"https:\/\/kuurojenliitto.fi\/kulttuuripaivat\/wp-json\/wp\/v2\/pages\/1285\/revisions"}],"predecessor-version":[{"id":1548,"href":"https:\/\/kuurojenliitto.fi\/kulttuuripaivat\/wp-json\/wp\/v2\/pages\/1285\/revisions\/1548"}],"wp:attachment":[{"href":"https:\/\/kuurojenliitto.fi\/kulttuuripaivat\/wp-json\/wp\/v2\/media?parent=1285"}],"curies":[{"name":"wp","href":"https:\/\/api.w.org\/{rel}","templated":true}]}}