{"id":1268,"date":"2026-03-12T18:01:25","date_gmt":"2026-03-12T16:01:25","guid":{"rendered":"https:\/\/kuurojenliitto.fi\/kulttuuripaivat\/?page_id=1268"},"modified":"2026-03-24T16:46:58","modified_gmt":"2026-03-24T14:46:58","slug":"ohjelma","status":"publish","type":"page","link":"https:\/\/kuurojenliitto.fi\/kulttuuripaivat\/ohjelma\/","title":{"rendered":"Ohjelma"},"content":{"rendered":"\n\n<section id=\"column-block_d392b4af89e0acef3c49d189773f8e18\" class=\"section-default ingress px-4 sm:px-4 md:px-8 lg:px-12 xl:px-24\">\n    <div class=\"flex pb-4\">\n                      <div class=\"w-full text-lg\">\n                  <p>Huom! Kellonajat ovat paikallista aikaa: perjantaina ja sunnuntaina Suomen aikaa, lauantaina Ruotsin aikaa.<\/p>\n<p>Laivayhti\u00f6 ilmoitti pienest\u00e4 aikataulumuutoksesta Helsinki-Tukholma-Helsinki risteilylle 1.4. alkaen:<br \/>\nUusi l\u00e4ht\u00f6aika Helsingist\u00e4 on kello 16:45 aiemman kello 17:00 sijaan ja l\u00e4ht\u00f6 Tukholmasta kello 16:30 aiemman 16:45 sijaan.<\/p>\n<p>Kuurojen Liitto pid\u00e4tt\u00e4\u00e4 oikeuden aikataulun muutoksiin.<\/p>\n        <\/div>\n            \n    <\/div>\n\n<\/section>\n\n\n\n<section id=\"column-block_7e5b92d425dc2bbc6080eced9ef92fc9\"\n         class=\"section-default pt-8 pb-0 px-4 sm:px-4 md:px-8 lg:px-12 xl:px-24 bg-custom-700 cards\">\n    \n                    <div class=\"flex flex-wrap md:flex-row -mx-4\">\n                \n                    <div class=\"w-full md:w-1\/3 p-4 relative\">\n                        <div class=\"bg-white shadow-xl hover:shadow-2xl h-full flex flex-col\">\n                                                                                    <div class=\"py-3 px-4\">\n                                \n                                                                    <h3 class=\"py-3 leading-tight  text-xl \">Perjantai 22.5. <\/h3>\n                                                                            <hr class=\"border-b-4 border-color w-24 mb-5 mr-auto\"\/>                                                                <div class=\"content\">\n                                                                    <p>L\u00e4ht\u00f6 Helsingist\u00e4<\/p>\n\n<table id=\"tablepress-11\" class=\"tablepress tablepress-id-11\">\n<tbody class=\"row-striping row-hover\">\n<tr class=\"row-1\">\n\t<td class=\"column-1\">15:30<\/td><td class=\"column-2\"><strong>Laivalle nousu (Boarding)<\/strong><br \/>\nEXPO ja taiden\u00e4yttely auki jo sis\u00e4\u00e4ntulon aikana<br \/>\n<em>Silja Conference (6)<\/em><\/td>\n<\/tr>\n<tr class=\"row-2\">\n\t<td class=\"column-1\">16:30<\/td><td class=\"column-2\"><strong>Kulttuurip\u00e4ivien avaus ja esitykset<\/strong><br \/>\n<em>Starlight (7\/8)<\/em><\/td>\n<\/tr>\n<tr class=\"row-3\">\n\t<td class=\"column-1\">16:45<\/td><td class=\"column-2\"><strong>Silja Symphony l\u00e4htee Helsingin Olympiaterminaalista kohti Tukholmaa <\/strong><\/td>\n<\/tr>\n<tr class=\"row-4\">\n\t<td class=\"column-1\">19:30<\/td><td class=\"column-2\"><strong>Ohjelma p\u00e4\u00e4ttyy<\/strong><br \/>\n<em><\/td>\n<\/tr>\n<\/tbody>\n<\/table>\n<!-- #tablepress-11 from cache -->\n                                                                <\/div>\n                            <\/div>\n                                                                                <\/div>\n                    <\/div>\n\n                \n                    <div class=\"w-full md:w-1\/3 p-4 relative\">\n                        <div class=\"bg-white shadow-xl hover:shadow-2xl h-full flex flex-col\">\n                                                                                    <div class=\"py-3 px-4\">\n                                \n                                                                    <h3 class=\"py-3 leading-tight  text-xl \">Lauantai 23.5.<\/h3>\n                                                                            <hr class=\"border-b-4 border-color w-24 mb-5 mr-auto\"\/>                                                                <div class=\"content\">\n                                                                    <p>P\u00e4iv\u00e4 Tukholmassa<\/p>\n\n<table id=\"tablepress-12\" class=\"tablepress tablepress-id-12\">\n<tbody class=\"row-striping row-hover\">\n<tr class=\"row-1\">\n\t<td class=\"column-1\">09:00<\/td><td class=\"column-2\"><strong>EXPO ja taiden\u00e4yttely aukeaa<\/strong><br \/>\n<em>Silja Conference (6) <\/em><\/td>\n<\/tr>\n<tr class=\"row-2\">\n\t<td class=\"column-1\">10:00<\/td><td class=\"column-2\"><strong>Silja Symphony saapuu Tukholmaan<\/strong><br \/>\nOheisohjelmia ja luentoja\t\t\t<br \/>\nNeulomistreffit<br \/>\nN\u00e4ytteilleasettajien esittelyt<br \/>\nLasten taidepaja<br \/>\n<em>Silja Conference (6) <\/em><\/td>\n<\/tr>\n<tr class=\"row-3\">\n\t<td class=\"column-1\">15:30<\/td><td class=\"column-2\"><strong>Tietokilpailu<\/strong><br \/>\n<em>Starlight (7\/8)<\/em><\/td>\n<\/tr>\n<tr class=\"row-4\">\n\t<td class=\"column-1\">16:30<\/td><td class=\"column-2\"><strong>Silja Symphony l\u00e4htee paluumatkalle<\/strong><\/td>\n<\/tr>\n<tr class=\"row-5\">\n\t<td class=\"column-1\">16:30<\/td><td class=\"column-2\"><strong>Esitykset<\/strong><br \/>\n<em>Starlight (7\/8)<\/em><\/td>\n<\/tr>\n<tr class=\"row-6\">\n\t<td class=\"column-1\">19:00<\/td><td class=\"column-2\"><strong>Parhaiden esitysten julkistaminen ja p\u00e4\u00e4t\u00f6s<\/strong><br \/>\n<em>Starlight (7\/8)<\/em><\/td>\n<\/tr>\n<\/tbody>\n<\/table>\n<!-- #tablepress-12 from cache -->\n                                                                <\/div>\n                            <\/div>\n                                                                                <\/div>\n                    <\/div>\n\n                \n                    <div class=\"w-full md:w-1\/3 p-4 relative\">\n                        <div class=\"bg-white shadow-xl hover:shadow-2xl h-full flex flex-col\">\n                                                                                    <div class=\"py-3 px-4\">\n                                \n                                                                    <h3 class=\"py-3 leading-tight  text-xl \">Sunnuntai 24.5.<\/h3>\n                                                                            <hr class=\"border-b-4 border-color w-24 mb-5 mr-auto\"\/>                                                                <div class=\"content\">\n                                                                    <p>Paluu Helsinkiin<\/p>\n\n<table id=\"tablepress-13\" class=\"tablepress tablepress-id-13\">\n<tbody class=\"row-striping row-hover\">\n<tr class=\"row-1\">\n\t<td class=\"column-1\">09:00<\/td><td class=\"column-2\"><strong>Viittovan seurakunnan ohjelmaa<\/strong><\/td>\n<\/tr>\n<tr class=\"row-2\">\n\t<td class=\"column-1\">10:30<\/td><td class=\"column-2\"><strong>Silja Symphony saapuu Helsinkiin<\/strong><\/td>\n<\/tr>\n<\/tbody>\n<\/table>\n<!-- #tablepress-13 from cache -->\n                                                                <\/div>\n                            <\/div>\n                                                                                <\/div>\n                    <\/div>\n\n                \n            <\/div>\n        \n    \n<\/section>\n\n\n\n\n<section id=\"column-block_9c9949a47b28eabcb9bf77037916b28c\" class=\"section-default pt-4 pb-8  px-4 sm:px-4 lg:px-12 xl:px-24 bg-white text-gray-900 title\">\n\n  \n    <div class=\"md:flex md:flex-row items-center\">\n\n      <div class=\"w-full md:w-2\/3\">\n        <h1 class=\"leading-tight heading-lg text-2xl sm:text-3xl lg:text-4xl\">Tutustu Silja Symphonyyn<\/h1>\n      <\/div>\n\n      <div class=\"w-full md:w-1\/3 md:text-right\">\n                  <a class=\"btn mt-4 md:mt-0 btn-dark  inline-block\" href=\"https:\/\/virtualtour.tallink.com\/silja-symphony\/index.html?language=lang3\" target=\"_blank\">Tee virtuaalikierros laivalla<\/a>\n              <\/div>\n\n    <\/div>\n\n  \n\n<\/section>\n\n\n\n<p><\/p>\n","protected":false},"excerpt":{"rendered":"<p>Huom! Kellonajat ovat paikallista aikaa: perjantaina ja sunnuntaina Suomen aikaa, lauantaina Ruotsin aikaa. Laivayhti\u00f6 ilmoitti pienest\u00e4 aikataulumuutoksesta Helsinki-Tukholma-Helsinki risteilylle 1.4. alkaen: Uusi l\u00e4ht\u00f6aika Helsingist\u00e4 on kello 16:45 aiemman kello 17:00 sijaan ja l\u00e4ht\u00f6 Tukholmasta kello&#8230;<\/p>\n","protected":false},"author":7,"featured_media":0,"parent":0,"menu_order":0,"comment_status":"closed","ping_status":"closed","template":"","meta":{"footnotes":""},"class_list":["post-1268","page","type-page","status-publish","hentry","px-4 sm:px-4 md:px-8 lg:px-12 xl:px-24"],"acf":[],"yoast_head":"<!-- This site is optimized with the Yoast SEO plugin v27.3 - https:\/\/yoast.com\/product\/yoast-seo-wordpress\/ -->\n<title>Ohjelma - Kulttuurip\u00e4iv\u00e4t<\/title>\n<meta name=\"robots\" content=\"index, follow, max-snippet:-1, max-image-preview:large, max-video-preview:-1\" \/>\n<link rel=\"canonical\" href=\"https:\/\/kuurojenliitto.fi\/kulttuuripaivat\/ohjelma\/\" \/>\n<meta property=\"og:locale\" content=\"fi_FI\" \/>\n<meta property=\"og:type\" content=\"article\" \/>\n<meta property=\"og:title\" content=\"Ohjelma - Kulttuurip\u00e4iv\u00e4t\" \/>\n<meta property=\"og:description\" content=\"Huom! Kellonajat ovat paikallista aikaa: perjantaina ja sunnuntaina Suomen aikaa, lauantaina Ruotsin aikaa. Laivayhti\u00f6 ilmoitti pienest\u00e4 aikataulumuutoksesta Helsinki-Tukholma-Helsinki risteilylle 1.4. alkaen: Uusi l\u00e4ht\u00f6aika Helsingist\u00e4 on kello 16:45 aiemman kello 17:00 sijaan ja l\u00e4ht\u00f6 Tukholmasta kello...\" \/>\n<meta property=\"og:url\" content=\"https:\/\/kuurojenliitto.fi\/kulttuuripaivat\/ohjelma\/\" \/>\n<meta property=\"og:site_name\" content=\"Kulttuurip\u00e4iv\u00e4t\" \/>\n<meta property=\"article:modified_time\" content=\"2026-03-24T14:46:58+00:00\" \/>\n<meta name=\"twitter:card\" content=\"summary_large_image\" \/>\n<script type=\"application\/ld+json\" class=\"yoast-schema-graph\">{\"@context\":\"https:\\\/\\\/schema.org\",\"@graph\":[{\"@type\":\"WebPage\",\"@id\":\"https:\\\/\\\/kuurojenliitto.fi\\\/kulttuuripaivat\\\/ohjelma\\\/\",\"url\":\"https:\\\/\\\/kuurojenliitto.fi\\\/kulttuuripaivat\\\/ohjelma\\\/\",\"name\":\"Ohjelma - Kulttuurip\u00e4iv\u00e4t\",\"isPartOf\":{\"@id\":\"https:\\\/\\\/kuurojenliitto.fi\\\/kulttuuripaivat\\\/#website\"},\"datePublished\":\"2026-03-12T16:01:25+00:00\",\"dateModified\":\"2026-03-24T14:46:58+00:00\",\"breadcrumb\":{\"@id\":\"https:\\\/\\\/kuurojenliitto.fi\\\/kulttuuripaivat\\\/ohjelma\\\/#breadcrumb\"},\"inLanguage\":\"fi\",\"potentialAction\":[{\"@type\":\"ReadAction\",\"target\":[\"https:\\\/\\\/kuurojenliitto.fi\\\/kulttuuripaivat\\\/ohjelma\\\/\"]}]},{\"@type\":\"BreadcrumbList\",\"@id\":\"https:\\\/\\\/kuurojenliitto.fi\\\/kulttuuripaivat\\\/ohjelma\\\/#breadcrumb\",\"itemListElement\":[{\"@type\":\"ListItem\",\"position\":1,\"name\":\"Home\",\"item\":\"https:\\\/\\\/kuurojenliitto.fi\\\/kulttuuripaivat\\\/\"},{\"@type\":\"ListItem\",\"position\":2,\"name\":\"Ohjelma\"}]},{\"@type\":\"WebSite\",\"@id\":\"https:\\\/\\\/kuurojenliitto.fi\\\/kulttuuripaivat\\\/#website\",\"url\":\"https:\\\/\\\/kuurojenliitto.fi\\\/kulttuuripaivat\\\/\",\"name\":\"Kulttuurip\u00e4iv\u00e4t\",\"description\":\"Uusi Kuurojen Liitto-sivustot -sivusto\",\"potentialAction\":[{\"@type\":\"SearchAction\",\"target\":{\"@type\":\"EntryPoint\",\"urlTemplate\":\"https:\\\/\\\/kuurojenliitto.fi\\\/kulttuuripaivat\\\/?s={search_term_string}\"},\"query-input\":{\"@type\":\"PropertyValueSpecification\",\"valueRequired\":true,\"valueName\":\"search_term_string\"}}],\"inLanguage\":\"fi\"}]}<\/script>\n<!-- \/ Yoast SEO plugin. -->","yoast_head_json":{"title":"Ohjelma - Kulttuurip\u00e4iv\u00e4t","robots":{"index":"index","follow":"follow","max-snippet":"max-snippet:-1","max-image-preview":"max-image-preview:large","max-video-preview":"max-video-preview:-1"},"canonical":"https:\/\/kuurojenliitto.fi\/kulttuuripaivat\/ohjelma\/","og_locale":"fi_FI","og_type":"article","og_title":"Ohjelma - Kulttuurip\u00e4iv\u00e4t","og_description":"Huom! Kellonajat ovat paikallista aikaa: perjantaina ja sunnuntaina Suomen aikaa, lauantaina Ruotsin aikaa. Laivayhti\u00f6 ilmoitti pienest\u00e4 aikataulumuutoksesta Helsinki-Tukholma-Helsinki risteilylle 1.4. alkaen: Uusi l\u00e4ht\u00f6aika Helsingist\u00e4 on kello 16:45 aiemman kello 17:00 sijaan ja l\u00e4ht\u00f6 Tukholmasta kello...","og_url":"https:\/\/kuurojenliitto.fi\/kulttuuripaivat\/ohjelma\/","og_site_name":"Kulttuurip\u00e4iv\u00e4t","article_modified_time":"2026-03-24T14:46:58+00:00","twitter_card":"summary_large_image","schema":{"@context":"https:\/\/schema.org","@graph":[{"@type":"WebPage","@id":"https:\/\/kuurojenliitto.fi\/kulttuuripaivat\/ohjelma\/","url":"https:\/\/kuurojenliitto.fi\/kulttuuripaivat\/ohjelma\/","name":"Ohjelma - Kulttuurip\u00e4iv\u00e4t","isPartOf":{"@id":"https:\/\/kuurojenliitto.fi\/kulttuuripaivat\/#website"},"datePublished":"2026-03-12T16:01:25+00:00","dateModified":"2026-03-24T14:46:58+00:00","breadcrumb":{"@id":"https:\/\/kuurojenliitto.fi\/kulttuuripaivat\/ohjelma\/#breadcrumb"},"inLanguage":"fi","potentialAction":[{"@type":"ReadAction","target":["https:\/\/kuurojenliitto.fi\/kulttuuripaivat\/ohjelma\/"]}]},{"@type":"BreadcrumbList","@id":"https:\/\/kuurojenliitto.fi\/kulttuuripaivat\/ohjelma\/#breadcrumb","itemListElement":[{"@type":"ListItem","position":1,"name":"Home","item":"https:\/\/kuurojenliitto.fi\/kulttuuripaivat\/"},{"@type":"ListItem","position":2,"name":"Ohjelma"}]},{"@type":"WebSite","@id":"https:\/\/kuurojenliitto.fi\/kulttuuripaivat\/#website","url":"https:\/\/kuurojenliitto.fi\/kulttuuripaivat\/","name":"Kulttuurip\u00e4iv\u00e4t","description":"Uusi Kuurojen Liitto-sivustot -sivusto","potentialAction":[{"@type":"SearchAction","target":{"@type":"EntryPoint","urlTemplate":"https:\/\/kuurojenliitto.fi\/kulttuuripaivat\/?s={search_term_string}"},"query-input":{"@type":"PropertyValueSpecification","valueRequired":true,"valueName":"search_term_string"}}],"inLanguage":"fi"}]}},"lang":"fi","translations":{"fi":1268,"sv":1409},"pll_sync_post":[],"_links":{"self":[{"href":"https:\/\/kuurojenliitto.fi\/kulttuuripaivat\/wp-json\/wp\/v2\/pages\/1268","targetHints":{"allow":["GET"]}}],"collection":[{"href":"https:\/\/kuurojenliitto.fi\/kulttuuripaivat\/wp-json\/wp\/v2\/pages"}],"about":[{"href":"https:\/\/kuurojenliitto.fi\/kulttuuripaivat\/wp-json\/wp\/v2\/types\/page"}],"author":[{"embeddable":true,"href":"https:\/\/kuurojenliitto.fi\/kulttuuripaivat\/wp-json\/wp\/v2\/users\/7"}],"replies":[{"embeddable":true,"href":"https:\/\/kuurojenliitto.fi\/kulttuuripaivat\/wp-json\/wp\/v2\/comments?post=1268"}],"version-history":[{"count":15,"href":"https:\/\/kuurojenliitto.fi\/kulttuuripaivat\/wp-json\/wp\/v2\/pages\/1268\/revisions"}],"predecessor-version":[{"id":1476,"href":"https:\/\/kuurojenliitto.fi\/kulttuuripaivat\/wp-json\/wp\/v2\/pages\/1268\/revisions\/1476"}],"wp:attachment":[{"href":"https:\/\/kuurojenliitto.fi\/kulttuuripaivat\/wp-json\/wp\/v2\/media?parent=1268"}],"curies":[{"name":"wp","href":"https:\/\/api.w.org\/{rel}","templated":true}]}}